{"id":14,"date":"2018-02-14T22:32:02","date_gmt":"2018-02-14T22:32:02","guid":{"rendered":"http:\/\/alfred-scheerer.de\/shop\/versandarten\/"},"modified":"2023-08-03T17:48:50","modified_gmt":"2023-08-03T15:48:50","slug":"versandarten","status":"publish","type":"page","link":"https:\/\/www.alfred-scheerer.de\/shop\/versandarten\/","title":{"rendered":"Versandkosten \/ Lieferzeiten"},"content":{"rendered":"\n<p><strong>I. Versandkosten<\/strong><\/p>\n\n\n\n<p>Die Versandkosten werden im Warenkorb\/Kassenvorgang nach Eingabe der Adresse automatisch berechnet. Je nach Lieferland, Artikel und Menge variieren diese zwischen kostenlosem Versand und 75,00 EUR Versandkostenpauschale. Ab 2.000,00 EUR Warenwert ist der Versand innerhalb Deutschlands grunds\u00e4tzlich kostenlos.<\/p>\n\n\n\n<p><strong>II. Versandl\u00e4nder:<\/strong><\/p>\n\n\n\n<p>Wir bieten den Versand in folgende EU L\u00e4nder an:<br>Belgien, Bulgarien, Deutschland, D\u00e4nemark, Estland, Finnland, Frankreich, Griechenland, Irland, Italien, Kroatien, Lettland, Litauen, Luxemburg, Niederlande, Polen, Portugal, Rum\u00e4nien, Slowakei, Slowenien, Spanien, Tschechien, Ungarn, \u00d6sterreich<\/p>\n\n\n\n<p><br>Alle anderen L\u00e4nder k\u00f6nnen wir nicht beliefern!<\/p>\n\n\n\n<p><strong>III. Lieferzeiten<\/strong><\/p>\n\n\n\n<p>Die Lieferzeit betr\u00e4gt bei einem lagernden Artikel innerhalb Deutschlands in der Regel 3 &#8211; 5 Werktage. Je nach Artikel ist eine auch eine l\u00e4ngere Lieferzeit m\u00f6glich. Weitere Details dazu entnehmen Sie bitte der Artikelbeschreibung \u00fcber dem  Button &#8220;In den Warenkorb&#8221;.<\/p>\n\n\n\n<p>Die Lieferzeit in andere L\u00e4nder als Deutschland betr\u00e4gt  grunds\u00e4tzlich 7-28 Werktage.<\/p>\n\n\n\n<p>Ma\u00dfgeblich f\u00fcr die Lieferzeiten ist das Datum des Zahlungseingangs und nicht das Bestelldatum! Bitte beachten Sie dies bei Zahlungen per Bank\u00fcberweisung.<\/p>\n\n\n\n<p><strong>IV. Abholung vor Ort<\/strong><\/p>\n\n\n\n<p>W\u00fcnschen Sie eine Abholung vor Ort und der Artikel ist lagernd, brauchen wir 1-2 Werktage um die Ware f\u00fcr die Abholung vorzubereiten. <br>Bitte stimmen Sie den Termin f\u00fcr die Abholung mit uns ab. Schreiben Sie uns dazu einfach ein E-Mail oder rufen Sie uns an.<\/p>\n","protected":false},"excerpt":{"rendered":"<p>I. Versandkosten Die Versandkosten werden im Warenkorb\/Kassenvorgang nach Eingabe der Adresse automatisch berechnet. Je nach Lieferland, Artikel und Menge variieren diese zwischen kostenlosem Versand und 75,00 EUR Versandkostenpauschale. Ab 2.000,00 EUR Warenwert ist der Versand innerhalb Deutschlands grunds\u00e4tzlich kostenlos. II. Versandl\u00e4nder: Wir bieten den Versand in folgende EU L\u00e4nder an:Belgien, Bulgarien, Deutschland, D\u00e4nemark, Estland, Finnland, [&hellip;]<\/p>\n","protected":false},"author":4,"featured_media":0,"parent":0,"menu_order":0,"comment_status":"closed","ping_status":"closed","template":"","meta":{"footnotes":""},"class_list":["post-14","page","type-page","status-publish","hentry"],"yoast_head":"<!-- This site is optimized with the Yoast SEO plugin v27.4 - https:\/\/yoast.com\/product\/yoast-seo-wordpress\/ -->\n<title>Versandkosten \/ Lieferzeiten - Gartentechnik Scheerer<\/title>\n<meta name=\"robots\" content=\"index, follow, max-snippet:-1, max-image-preview:large, max-video-preview:-1\" \/>\n<link rel=\"canonical\" href=\"https:\/\/www.alfred-scheerer.de\/shop\/versandarten\/\" \/>\n<meta property=\"og:locale\" content=\"de_DE\" \/>\n<meta property=\"og:type\" content=\"article\" \/>\n<meta property=\"og:title\" content=\"Versandkosten \/ Lieferzeiten - Gartentechnik Scheerer\" \/>\n<meta property=\"og:description\" content=\"I. Versandkosten Die Versandkosten werden im Warenkorb\/Kassenvorgang nach Eingabe der Adresse automatisch berechnet. Je nach Lieferland, Artikel und Menge variieren diese zwischen kostenlosem Versand und 75,00 EUR Versandkostenpauschale. Ab 2.000,00 EUR Warenwert ist der Versand innerhalb Deutschlands grunds\u00e4tzlich kostenlos. II. Versandl\u00e4nder: Wir bieten den Versand in folgende EU L\u00e4nder an:Belgien, Bulgarien, Deutschland, D\u00e4nemark, Estland, Finnland, [&hellip;]\" \/>\n<meta property=\"og:url\" content=\"https:\/\/www.alfred-scheerer.de\/shop\/versandarten\/\" \/>\n<meta property=\"og:site_name\" content=\"Gartentechnik Scheerer\" \/>\n<meta property=\"article:modified_time\" content=\"2023-08-03T15:48:50+00:00\" \/>\n<meta property=\"og:image\" content=\"https:\/\/www.alfred-scheerer.de\/shop\/wp-content\/uploads\/2023\/03\/Logo-schmal-final-Die-Maehr.-Experten.png\" \/>\n\t<meta property=\"og:image:width\" content=\"629\" \/>\n\t<meta property=\"og:image:height\" content=\"133\" \/>\n\t<meta property=\"og:image:type\" content=\"image\/png\" \/>\n<meta name=\"twitter:card\" content=\"summary_large_image\" \/>\n<meta name=\"twitter:label1\" content=\"Gesch\u00e4tzte Lesezeit\" \/>\n\t<meta name=\"twitter:data1\" content=\"1\u00a0Minute\" \/>\n<script type=\"application\/ld+json\" class=\"yoast-schema-graph\">{\"@context\":\"https:\\\/\\\/schema.org\",\"@graph\":[{\"@type\":\"WebPage\",\"@id\":\"https:\\\/\\\/www.alfred-scheerer.de\\\/shop\\\/versandarten\\\/\",\"url\":\"https:\\\/\\\/www.alfred-scheerer.de\\\/shop\\\/versandarten\\\/\",\"name\":\"Versandkosten \\\/ Lieferzeiten - Gartentechnik Scheerer\",\"isPartOf\":{\"@id\":\"https:\\\/\\\/www.alfred-scheerer.de\\\/shop\\\/#website\"},\"datePublished\":\"2018-02-14T22:32:02+00:00\",\"dateModified\":\"2023-08-03T15:48:50+00:00\",\"breadcrumb\":{\"@id\":\"https:\\\/\\\/www.alfred-scheerer.de\\\/shop\\\/versandarten\\\/#breadcrumb\"},\"inLanguage\":\"de\",\"potentialAction\":[{\"@type\":\"ReadAction\",\"target\":[\"https:\\\/\\\/www.alfred-scheerer.de\\\/shop\\\/versandarten\\\/\"]}]},{\"@type\":\"BreadcrumbList\",\"@id\":\"https:\\\/\\\/www.alfred-scheerer.de\\\/shop\\\/versandarten\\\/#breadcrumb\",\"itemListElement\":[{\"@type\":\"ListItem\",\"position\":1,\"name\":\"Startseite\",\"item\":\"https:\\\/\\\/www.alfred-scheerer.de\\\/shop\\\/\"},{\"@type\":\"ListItem\",\"position\":2,\"name\":\"Versandkosten \\\/ Lieferzeiten\"}]},{\"@type\":\"WebSite\",\"@id\":\"https:\\\/\\\/www.alfred-scheerer.de\\\/shop\\\/#website\",\"url\":\"https:\\\/\\\/www.alfred-scheerer.de\\\/shop\\\/\",\"name\":\"Scheerer GmbH (ehem. Alfred Scheerer e.K.)\",\"description\":\"Der Online Shop aus Wermelskirchen f\u00fcr M\u00e4hroboter, Akku Gartenger\u00e4te, Ersatzteile und Zubeh\u00f6r\",\"publisher\":{\"@id\":\"https:\\\/\\\/www.alfred-scheerer.de\\\/shop\\\/#organization\"},\"potentialAction\":[{\"@type\":\"SearchAction\",\"target\":{\"@type\":\"EntryPoint\",\"urlTemplate\":\"https:\\\/\\\/www.alfred-scheerer.de\\\/shop\\\/?s={search_term_string}\"},\"query-input\":{\"@type\":\"PropertyValueSpecification\",\"valueRequired\":true,\"valueName\":\"search_term_string\"}}],\"inLanguage\":\"de\"},{\"@type\":\"Organization\",\"@id\":\"https:\\\/\\\/www.alfred-scheerer.de\\\/shop\\\/#organization\",\"name\":\"Scheerer GmbH\",\"url\":\"https:\\\/\\\/www.alfred-scheerer.de\\\/shop\\\/\",\"logo\":{\"@type\":\"ImageObject\",\"inLanguage\":\"de\",\"@id\":\"https:\\\/\\\/www.alfred-scheerer.de\\\/shop\\\/#\\\/schema\\\/logo\\\/image\\\/\",\"url\":\"https:\\\/\\\/alfred-scheerer.de\\\/shop\\\/wp-content\\\/uploads\\\/2024\\\/05\\\/baum.jpg\",\"contentUrl\":\"https:\\\/\\\/alfred-scheerer.de\\\/shop\\\/wp-content\\\/uploads\\\/2024\\\/05\\\/baum.jpg\",\"width\":512,\"height\":512,\"caption\":\"Scheerer GmbH\"},\"image\":{\"@id\":\"https:\\\/\\\/www.alfred-scheerer.de\\\/shop\\\/#\\\/schema\\\/logo\\\/image\\\/\"},\"sameAs\":[\"https:\\\/\\\/www.instagram.com\\\/alfredscheerer\\\/\"]}]}<\/script>\n<!-- \/ Yoast SEO plugin. -->","yoast_head_json":{"title":"Versandkosten \/ Lieferzeiten - Gartentechnik Scheerer","robots":{"index":"index","follow":"follow","max-snippet":"max-snippet:-1","max-image-preview":"max-image-preview:large","max-video-preview":"max-video-preview:-1"},"canonical":"https:\/\/www.alfred-scheerer.de\/shop\/versandarten\/","og_locale":"de_DE","og_type":"article","og_title":"Versandkosten \/ Lieferzeiten - Gartentechnik Scheerer","og_description":"I. Versandkosten Die Versandkosten werden im Warenkorb\/Kassenvorgang nach Eingabe der Adresse automatisch berechnet. Je nach Lieferland, Artikel und Menge variieren diese zwischen kostenlosem Versand und 75,00 EUR Versandkostenpauschale. Ab 2.000,00 EUR Warenwert ist der Versand innerhalb Deutschlands grunds\u00e4tzlich kostenlos. II. Versandl\u00e4nder: Wir bieten den Versand in folgende EU L\u00e4nder an:Belgien, Bulgarien, Deutschland, D\u00e4nemark, Estland, Finnland, [&hellip;]","og_url":"https:\/\/www.alfred-scheerer.de\/shop\/versandarten\/","og_site_name":"Gartentechnik Scheerer","article_modified_time":"2023-08-03T15:48:50+00:00","og_image":[{"width":629,"height":133,"url":"https:\/\/www.alfred-scheerer.de\/shop\/wp-content\/uploads\/2023\/03\/Logo-schmal-final-Die-Maehr.-Experten.png","type":"image\/png"}],"twitter_card":"summary_large_image","twitter_misc":{"Gesch\u00e4tzte Lesezeit":"1\u00a0Minute"},"schema":{"@context":"https:\/\/schema.org","@graph":[{"@type":"WebPage","@id":"https:\/\/www.alfred-scheerer.de\/shop\/versandarten\/","url":"https:\/\/www.alfred-scheerer.de\/shop\/versandarten\/","name":"Versandkosten \/ Lieferzeiten - Gartentechnik Scheerer","isPartOf":{"@id":"https:\/\/www.alfred-scheerer.de\/shop\/#website"},"datePublished":"2018-02-14T22:32:02+00:00","dateModified":"2023-08-03T15:48:50+00:00","breadcrumb":{"@id":"https:\/\/www.alfred-scheerer.de\/shop\/versandarten\/#breadcrumb"},"inLanguage":"de","potentialAction":[{"@type":"ReadAction","target":["https:\/\/www.alfred-scheerer.de\/shop\/versandarten\/"]}]},{"@type":"BreadcrumbList","@id":"https:\/\/www.alfred-scheerer.de\/shop\/versandarten\/#breadcrumb","itemListElement":[{"@type":"ListItem","position":1,"name":"Startseite","item":"https:\/\/www.alfred-scheerer.de\/shop\/"},{"@type":"ListItem","position":2,"name":"Versandkosten \/ Lieferzeiten"}]},{"@type":"WebSite","@id":"https:\/\/www.alfred-scheerer.de\/shop\/#website","url":"https:\/\/www.alfred-scheerer.de\/shop\/","name":"Scheerer GmbH (ehem. Alfred Scheerer e.K.)","description":"Der Online Shop aus Wermelskirchen f\u00fcr M\u00e4hroboter, Akku Gartenger\u00e4te, Ersatzteile und Zubeh\u00f6r","publisher":{"@id":"https:\/\/www.alfred-scheerer.de\/shop\/#organization"},"potentialAction":[{"@type":"SearchAction","target":{"@type":"EntryPoint","urlTemplate":"https:\/\/www.alfred-scheerer.de\/shop\/?s={search_term_string}"},"query-input":{"@type":"PropertyValueSpecification","valueRequired":true,"valueName":"search_term_string"}}],"inLanguage":"de"},{"@type":"Organization","@id":"https:\/\/www.alfred-scheerer.de\/shop\/#organization","name":"Scheerer GmbH","url":"https:\/\/www.alfred-scheerer.de\/shop\/","logo":{"@type":"ImageObject","inLanguage":"de","@id":"https:\/\/www.alfred-scheerer.de\/shop\/#\/schema\/logo\/image\/","url":"https:\/\/alfred-scheerer.de\/shop\/wp-content\/uploads\/2024\/05\/baum.jpg","contentUrl":"https:\/\/alfred-scheerer.de\/shop\/wp-content\/uploads\/2024\/05\/baum.jpg","width":512,"height":512,"caption":"Scheerer GmbH"},"image":{"@id":"https:\/\/www.alfred-scheerer.de\/shop\/#\/schema\/logo\/image\/"},"sameAs":["https:\/\/www.instagram.com\/alfredscheerer\/"]}]}},"_links":{"self":[{"href":"https:\/\/www.alfred-scheerer.de\/shop\/wp-json\/wp\/v2\/pages\/14","targetHints":{"allow":["GET"]}}],"collection":[{"href":"https:\/\/www.alfred-scheerer.de\/shop\/wp-json\/wp\/v2\/pages"}],"about":[{"href":"https:\/\/www.alfred-scheerer.de\/shop\/wp-json\/wp\/v2\/types\/page"}],"author":[{"embeddable":true,"href":"https:\/\/www.alfred-scheerer.de\/shop\/wp-json\/wp\/v2\/users\/4"}],"replies":[{"embeddable":true,"href":"https:\/\/www.alfred-scheerer.de\/shop\/wp-json\/wp\/v2\/comments?post=14"}],"version-history":[{"count":22,"href":"https:\/\/www.alfred-scheerer.de\/shop\/wp-json\/wp\/v2\/pages\/14\/revisions"}],"predecessor-version":[{"id":9010,"href":"https:\/\/www.alfred-scheerer.de\/shop\/wp-json\/wp\/v2\/pages\/14\/revisions\/9010"}],"wp:attachment":[{"href":"https:\/\/www.alfred-scheerer.de\/shop\/wp-json\/wp\/v2\/media?parent=14"}],"curies":[{"name":"wp","href":"https:\/\/api.w.org\/{rel}","templated":true}]}}