{"id":502,"date":"2019-04-23T16:05:21","date_gmt":"2019-04-23T14:05:21","guid":{"rendered":"http:\/\/alfred-scheerer.de\/shop\/?page_id=502"},"modified":"2024-06-03T17:21:23","modified_gmt":"2024-06-03T15:21:23","slug":"reparatur-wartung-service-maehroboter-gartengeraete","status":"publish","type":"page","link":"https:\/\/www.alfred-scheerer.de\/shop\/reparatur-wartung-service-maehroboter-gartengeraete\/","title":{"rendered":"Reparatur Hinweis"},"content":{"rendered":"\n<p class=\"has-medium-font-size\"><strong>Wir sind Fachh\u00e4ndler der folgenden Hersteller und k\u00f6nnen alle Service-, Reparatur- und Garantie- Arbeiten an diesen Ger\u00e4ten durchf\u00fchren.<\/strong> <\/p>\n\n\n\n<figure class=\"wp-block-image size-full is-resized\"><img loading=\"lazy\" decoding=\"async\" src=\"https:\/\/alfred-scheerer.de\/shop\/wp-content\/uploads\/2020\/02\/logo-ambrogio-300x120-1.jpg\" alt=\"\" class=\"wp-image-2803\" width=\"338\" height=\"135\"\/><\/figure>\n\n\n\n<figure class=\"wp-block-image size-full is-resized\"><img loading=\"lazy\" decoding=\"async\" src=\"https:\/\/alfred-scheerer.de\/shop\/wp-content\/uploads\/2020\/06\/Logo.jpg\" alt=\"\" class=\"wp-image-3740\" width=\"337\" height=\"188\"\/><\/figure>\n\n\n\n<figure class=\"wp-block-image size-large is-resized\"><img loading=\"lazy\" decoding=\"async\" src=\"https:\/\/alfred-scheerer.de\/shop\/wp-content\/uploads\/2023\/07\/segway-logo-1024x410.png\" alt=\"\" class=\"wp-image-8797\" width=\"336\" height=\"134\" srcset=\"https:\/\/www.alfred-scheerer.de\/shop\/wp-content\/uploads\/2023\/07\/segway-logo-1024x410.png 1024w, https:\/\/www.alfred-scheerer.de\/shop\/wp-content\/uploads\/2023\/07\/segway-logo-300x120.png 300w, https:\/\/www.alfred-scheerer.de\/shop\/wp-content\/uploads\/2023\/07\/segway-logo-768x307.png 768w, https:\/\/www.alfred-scheerer.de\/shop\/wp-content\/uploads\/2023\/07\/segway-logo-1536x615.png 1536w, https:\/\/www.alfred-scheerer.de\/shop\/wp-content\/uploads\/2023\/07\/segway-logo-2048x820.png 2048w, https:\/\/www.alfred-scheerer.de\/shop\/wp-content\/uploads\/2023\/07\/segway-logo-18x7.png 18w, https:\/\/www.alfred-scheerer.de\/shop\/wp-content\/uploads\/2023\/07\/segway-logo-416x166.png 416w\" sizes=\"auto, (max-width: 336px) 100vw, 336px\" \/><\/figure>\n\n\n\n<figure class=\"wp-block-image size-full is-resized\"><img loading=\"lazy\" decoding=\"async\" src=\"https:\/\/alfred-scheerer.de\/shop\/wp-content\/uploads\/2020\/07\/Solo-Logo.png\" alt=\"M\u00e4hroboter Rasenroboter\" class=\"wp-image-3869\" width=\"333\" height=\"333\" srcset=\"https:\/\/www.alfred-scheerer.de\/shop\/wp-content\/uploads\/2020\/07\/Solo-Logo.png 800w, https:\/\/www.alfred-scheerer.de\/shop\/wp-content\/uploads\/2020\/07\/Solo-Logo-300x300.png 300w, https:\/\/www.alfred-scheerer.de\/shop\/wp-content\/uploads\/2020\/07\/Solo-Logo-150x150.png 150w, https:\/\/www.alfred-scheerer.de\/shop\/wp-content\/uploads\/2020\/07\/Solo-Logo-768x768.png 768w, https:\/\/www.alfred-scheerer.de\/shop\/wp-content\/uploads\/2020\/07\/Solo-Logo-324x324.png 324w, https:\/\/www.alfred-scheerer.de\/shop\/wp-content\/uploads\/2020\/07\/Solo-Logo-416x416.png 416w, https:\/\/www.alfred-scheerer.de\/shop\/wp-content\/uploads\/2020\/07\/Solo-Logo-100x100.png 100w, https:\/\/www.alfred-scheerer.de\/shop\/wp-content\/uploads\/2020\/07\/Solo-Logo-400x400.png 400w\" sizes=\"auto, (max-width: 333px) 100vw, 333px\" \/><\/figure>\n\n\n\n<figure class=\"wp-block-image size-full is-resized\"><img loading=\"lazy\" decoding=\"async\" src=\"https:\/\/alfred-scheerer.de\/shop\/wp-content\/uploads\/2023\/07\/techline.jpg\" alt=\"\" class=\"wp-image-8798\" width=\"371\" height=\"143\" srcset=\"https:\/\/www.alfred-scheerer.de\/shop\/wp-content\/uploads\/2023\/07\/techline.jpg 768w, https:\/\/www.alfred-scheerer.de\/shop\/wp-content\/uploads\/2023\/07\/techline-300x116.jpg 300w, https:\/\/www.alfred-scheerer.de\/shop\/wp-content\/uploads\/2023\/07\/techline-18x7.jpg 18w, https:\/\/www.alfred-scheerer.de\/shop\/wp-content\/uploads\/2023\/07\/techline-416x160.jpg 416w\" sizes=\"auto, (max-width: 371px) 100vw, 371px\" \/><\/figure>\n\n\n\n<figure class=\"wp-block-image size-full is-resized\"><img loading=\"lazy\" decoding=\"async\" src=\"https:\/\/alfred-scheerer.de\/shop\/wp-content\/uploads\/2020\/05\/wiper_logo.jpg\" alt=\"\" class=\"wp-image-3663\" width=\"347\" height=\"103\" srcset=\"https:\/\/www.alfred-scheerer.de\/shop\/wp-content\/uploads\/2020\/05\/wiper_logo.jpg 640w, https:\/\/www.alfred-scheerer.de\/shop\/wp-content\/uploads\/2020\/05\/wiper_logo-300x90.jpg 300w, https:\/\/www.alfred-scheerer.de\/shop\/wp-content\/uploads\/2020\/05\/wiper_logo-416x125.jpg 416w\" sizes=\"auto, (max-width: 347px) 100vw, 347px\" \/><\/figure>\n\n\n\n<p><\/p>\n\n\n\n<p><\/p>\n\n\n\n<p><\/p>\n\n\n\n<p>Wenn Du uns dein Ger\u00e4t pers\u00f6nlich vorbeibringen oder uns zusenden m\u00f6chtest, dann bitte den untenstehenden PDF-Serviceauftrag herunterladen, ausf\u00fcllen und uns per E-Mail zuschicken oder zum Roboter als Ausdruck beilegen.<\/p>\n\n\n\n<p>Wenn Du uns den Serviceauftrag per E-Mail zusenden m\u00f6chtest, ohne diesen auszudrucken und einscannen zu m\u00fcssen, ben\u00f6tigst Du zum Ausf\u00fcllen nur einen PDF-Reader. Wir empfehlen diesen hier z.B. <a href=\"https:\/\/get.adobe.com\/de\/reader\/\">https:\/\/get.adobe.com\/de\/reader\/<\/a>.<\/p>\n\n\n\n<p>Den Auftrag kannst Du auch ganz einfach digital unterschreiben. Durch einen Klick auf das \u201eUnterschrift\u201c Feld \u00f6ffnet sich ein Fenster, indem Du deine digitale Signatur ausw\u00e4hlen kannst. Wenn Du noch keine digitale Signatur erstellt hast, dann einfach den Punkt \u201eneue digitale ID erstellen\u201c ausw\u00e4hlen und die Schritte auf dem Bildschirm befolgen. <strong>Achtung!<\/strong> <strong>Nach der digitalen Unterschrift kann der obere Abschnitt mit Deinen pers\u00f6nlichen Daten nicht mehr ver\u00e4ndert werden! <\/strong>Nach Fertigstellung der Signatur \u00f6ffnet sich automatisch das Fenster zum Speichern des Dokuments. <\/p>\n\n\n\n<p>Im Anschluss unten auf dem Dokument den \u201eE-Mail\u201c Button ausw\u00e4hlen und Du kannst den Serviceauftrag direkt per E-Mail an uns versenden.<\/p>\n\n\n\n<p><\/p>\n\n\n\n<div data-wp-interactive=\"core\/file\" class=\"wp-block-file alignleft\"><object data-wp-bind--hidden=\"!state.hasPdfPreview\" hidden class=\"wp-block-file__embed\" data=\"https:\/\/alfred-scheerer.de\/shop\/wp-content\/uploads\/2022\/05\/Serviceauftrag-inkl.-Checkliste-ausfuellbar.pdf\" type=\"application\/pdf\" style=\"width:100%;height:200px\" aria-label=\"Einbettung von Serviceauftrag-inkl.-Checkliste-ausfuellbar.\"><\/object><a id=\"wp-block-file--media-82207b2c-695f-49ca-9e93-38b12f29c9d5\" href=\"https:\/\/alfred-scheerer.de\/shop\/wp-content\/uploads\/2022\/05\/Serviceauftrag-inkl.-Checkliste-ausfuellbar.pdf\">Serviceauftrag-inkl.-Checkliste-ausfuellbar<\/a><a href=\"https:\/\/alfred-scheerer.de\/shop\/wp-content\/uploads\/2022\/05\/Serviceauftrag-inkl.-Checkliste-ausfuellbar.pdf\" class=\"wp-block-file__button wp-element-button\" download aria-describedby=\"wp-block-file--media-82207b2c-695f-49ca-9e93-38b12f29c9d5\">Herunterladen<\/a><\/div>\n","protected":false},"excerpt":{"rendered":"<p>Wir sind Fachh\u00e4ndler der folgenden Hersteller und k\u00f6nnen alle Service-, Reparatur- und Garantie- Arbeiten an diesen Ger\u00e4ten durchf\u00fchren. Wenn Du uns dein Ger\u00e4t pers\u00f6nlich vorbeibringen oder uns zusenden m\u00f6chtest, dann bitte den untenstehenden PDF-Serviceauftrag herunterladen, ausf\u00fcllen und uns per E-Mail zuschicken oder zum Roboter als Ausdruck beilegen. Wenn Du uns den Serviceauftrag per E-Mail zusenden [&hellip;]<\/p>\n","protected":false},"author":4,"featured_media":0,"parent":0,"menu_order":0,"comment_status":"closed","ping_status":"closed","template":"","meta":{"footnotes":""},"class_list":["post-502","page","type-page","status-publish","hentry"],"yoast_head":"<!-- This site is optimized with the Yoast SEO plugin v27.4 - https:\/\/yoast.com\/product\/yoast-seo-wordpress\/ -->\n<title>Reparatur Hinweis - Gartentechnik Scheerer<\/title>\n<meta name=\"description\" content=\"Brauchen Sie professionelle Hilfe bei der Reparatur, Wartung und Service Ihres M\u00e4hroboters oder anderer Gartenger\u00e4te? Unser erfahrenes Team k\u00fcmmert sich um die Instandhaltung und Wartung Ihrer Ger\u00e4te, um einen zuverl\u00e4ssigen und effizienten Betrieb zu gew\u00e4hrleisten. Vertrauen Sie uns, um Ihre Ger\u00e4te in Top-Zustand zu halten. Kontaktieren Sie uns noch heute, um einen Termin zu vereinbaren!\" \/>\n<meta name=\"robots\" content=\"index, follow, max-snippet:-1, max-image-preview:large, max-video-preview:-1\" \/>\n<link rel=\"canonical\" href=\"https:\/\/www.alfred-scheerer.de\/shop\/reparatur-wartung-service-maehroboter-gartengeraete\/\" \/>\n<meta property=\"og:locale\" content=\"de_DE\" \/>\n<meta property=\"og:type\" content=\"article\" \/>\n<meta property=\"og:title\" content=\"Reparatur Hinweis - Gartentechnik Scheerer\" \/>\n<meta property=\"og:description\" content=\"Brauchen Sie professionelle Hilfe bei der Reparatur, Wartung und Service Ihres M\u00e4hroboters oder anderer Gartenger\u00e4te? Unser erfahrenes Team k\u00fcmmert sich um die Instandhaltung und Wartung Ihrer Ger\u00e4te, um einen zuverl\u00e4ssigen und effizienten Betrieb zu gew\u00e4hrleisten. Vertrauen Sie uns, um Ihre Ger\u00e4te in Top-Zustand zu halten. Kontaktieren Sie uns noch heute, um einen Termin zu vereinbaren!\" \/>\n<meta property=\"og:url\" content=\"https:\/\/www.alfred-scheerer.de\/shop\/reparatur-wartung-service-maehroboter-gartengeraete\/\" \/>\n<meta property=\"og:site_name\" content=\"Gartentechnik Scheerer\" \/>\n<meta property=\"article:modified_time\" content=\"2024-06-03T15:21:23+00:00\" \/>\n<meta property=\"og:image\" content=\"https:\/\/alfred-scheerer.de\/shop\/wp-content\/uploads\/2020\/02\/logo-ambrogio-300x120-1.jpg\" \/>\n<meta name=\"twitter:card\" content=\"summary_large_image\" \/>\n<meta name=\"twitter:label1\" content=\"Gesch\u00e4tzte Lesezeit\" \/>\n\t<meta name=\"twitter:data1\" content=\"2\u00a0Minuten\" \/>\n<script type=\"application\/ld+json\" class=\"yoast-schema-graph\">{\"@context\":\"https:\\\/\\\/schema.org\",\"@graph\":[{\"@type\":\"WebPage\",\"@id\":\"https:\\\/\\\/www.alfred-scheerer.de\\\/shop\\\/reparatur-wartung-service-maehroboter-gartengeraete\\\/\",\"url\":\"https:\\\/\\\/www.alfred-scheerer.de\\\/shop\\\/reparatur-wartung-service-maehroboter-gartengeraete\\\/\",\"name\":\"Reparatur Hinweis - Gartentechnik Scheerer\",\"isPartOf\":{\"@id\":\"https:\\\/\\\/www.alfred-scheerer.de\\\/shop\\\/#website\"},\"primaryImageOfPage\":{\"@id\":\"https:\\\/\\\/www.alfred-scheerer.de\\\/shop\\\/reparatur-wartung-service-maehroboter-gartengeraete\\\/#primaryimage\"},\"image\":{\"@id\":\"https:\\\/\\\/www.alfred-scheerer.de\\\/shop\\\/reparatur-wartung-service-maehroboter-gartengeraete\\\/#primaryimage\"},\"thumbnailUrl\":\"https:\\\/\\\/alfred-scheerer.de\\\/shop\\\/wp-content\\\/uploads\\\/2020\\\/02\\\/logo-ambrogio-300x120-1.jpg\",\"datePublished\":\"2019-04-23T14:05:21+00:00\",\"dateModified\":\"2024-06-03T15:21:23+00:00\",\"description\":\"Brauchen Sie professionelle Hilfe bei der Reparatur, Wartung und Service Ihres M\u00e4hroboters oder anderer Gartenger\u00e4te? Unser erfahrenes Team k\u00fcmmert sich um die Instandhaltung und Wartung Ihrer Ger\u00e4te, um einen zuverl\u00e4ssigen und effizienten Betrieb zu gew\u00e4hrleisten. Vertrauen Sie uns, um Ihre Ger\u00e4te in Top-Zustand zu halten. Kontaktieren Sie uns noch heute, um einen Termin zu vereinbaren!\",\"breadcrumb\":{\"@id\":\"https:\\\/\\\/www.alfred-scheerer.de\\\/shop\\\/reparatur-wartung-service-maehroboter-gartengeraete\\\/#breadcrumb\"},\"inLanguage\":\"de\",\"potentialAction\":[{\"@type\":\"ReadAction\",\"target\":[\"https:\\\/\\\/www.alfred-scheerer.de\\\/shop\\\/reparatur-wartung-service-maehroboter-gartengeraete\\\/\"]}]},{\"@type\":\"ImageObject\",\"inLanguage\":\"de\",\"@id\":\"https:\\\/\\\/www.alfred-scheerer.de\\\/shop\\\/reparatur-wartung-service-maehroboter-gartengeraete\\\/#primaryimage\",\"url\":\"https:\\\/\\\/alfred-scheerer.de\\\/shop\\\/wp-content\\\/uploads\\\/2020\\\/02\\\/logo-ambrogio-300x120-1.jpg\",\"contentUrl\":\"https:\\\/\\\/alfred-scheerer.de\\\/shop\\\/wp-content\\\/uploads\\\/2020\\\/02\\\/logo-ambrogio-300x120-1.jpg\"},{\"@type\":\"BreadcrumbList\",\"@id\":\"https:\\\/\\\/www.alfred-scheerer.de\\\/shop\\\/reparatur-wartung-service-maehroboter-gartengeraete\\\/#breadcrumb\",\"itemListElement\":[{\"@type\":\"ListItem\",\"position\":1,\"name\":\"Startseite\",\"item\":\"https:\\\/\\\/www.alfred-scheerer.de\\\/shop\\\/\"},{\"@type\":\"ListItem\",\"position\":2,\"name\":\"Reparatur Hinweis\"}]},{\"@type\":\"WebSite\",\"@id\":\"https:\\\/\\\/www.alfred-scheerer.de\\\/shop\\\/#website\",\"url\":\"https:\\\/\\\/www.alfred-scheerer.de\\\/shop\\\/\",\"name\":\"Scheerer GmbH (ehem. Alfred Scheerer e.K.)\",\"description\":\"Der Online Shop aus Wermelskirchen f\u00fcr M\u00e4hroboter, Akku Gartenger\u00e4te, Ersatzteile und Zubeh\u00f6r\",\"publisher\":{\"@id\":\"https:\\\/\\\/www.alfred-scheerer.de\\\/shop\\\/#organization\"},\"potentialAction\":[{\"@type\":\"SearchAction\",\"target\":{\"@type\":\"EntryPoint\",\"urlTemplate\":\"https:\\\/\\\/www.alfred-scheerer.de\\\/shop\\\/?s={search_term_string}\"},\"query-input\":{\"@type\":\"PropertyValueSpecification\",\"valueRequired\":true,\"valueName\":\"search_term_string\"}}],\"inLanguage\":\"de\"},{\"@type\":\"Organization\",\"@id\":\"https:\\\/\\\/www.alfred-scheerer.de\\\/shop\\\/#organization\",\"name\":\"Scheerer GmbH\",\"url\":\"https:\\\/\\\/www.alfred-scheerer.de\\\/shop\\\/\",\"logo\":{\"@type\":\"ImageObject\",\"inLanguage\":\"de\",\"@id\":\"https:\\\/\\\/www.alfred-scheerer.de\\\/shop\\\/#\\\/schema\\\/logo\\\/image\\\/\",\"url\":\"https:\\\/\\\/alfred-scheerer.de\\\/shop\\\/wp-content\\\/uploads\\\/2024\\\/05\\\/baum.jpg\",\"contentUrl\":\"https:\\\/\\\/alfred-scheerer.de\\\/shop\\\/wp-content\\\/uploads\\\/2024\\\/05\\\/baum.jpg\",\"width\":512,\"height\":512,\"caption\":\"Scheerer GmbH\"},\"image\":{\"@id\":\"https:\\\/\\\/www.alfred-scheerer.de\\\/shop\\\/#\\\/schema\\\/logo\\\/image\\\/\"},\"sameAs\":[\"https:\\\/\\\/www.instagram.com\\\/alfredscheerer\\\/\"]}]}<\/script>\n<!-- \/ Yoast SEO plugin. -->","yoast_head_json":{"title":"Reparatur Hinweis - Gartentechnik Scheerer","description":"Brauchen Sie professionelle Hilfe bei der Reparatur, Wartung und Service Ihres M\u00e4hroboters oder anderer Gartenger\u00e4te? Unser erfahrenes Team k\u00fcmmert sich um die Instandhaltung und Wartung Ihrer Ger\u00e4te, um einen zuverl\u00e4ssigen und effizienten Betrieb zu gew\u00e4hrleisten. Vertrauen Sie uns, um Ihre Ger\u00e4te in Top-Zustand zu halten. Kontaktieren Sie uns noch heute, um einen Termin zu vereinbaren!","robots":{"index":"index","follow":"follow","max-snippet":"max-snippet:-1","max-image-preview":"max-image-preview:large","max-video-preview":"max-video-preview:-1"},"canonical":"https:\/\/www.alfred-scheerer.de\/shop\/reparatur-wartung-service-maehroboter-gartengeraete\/","og_locale":"de_DE","og_type":"article","og_title":"Reparatur Hinweis - Gartentechnik Scheerer","og_description":"Brauchen Sie professionelle Hilfe bei der Reparatur, Wartung und Service Ihres M\u00e4hroboters oder anderer Gartenger\u00e4te? Unser erfahrenes Team k\u00fcmmert sich um die Instandhaltung und Wartung Ihrer Ger\u00e4te, um einen zuverl\u00e4ssigen und effizienten Betrieb zu gew\u00e4hrleisten. Vertrauen Sie uns, um Ihre Ger\u00e4te in Top-Zustand zu halten. Kontaktieren Sie uns noch heute, um einen Termin zu vereinbaren!","og_url":"https:\/\/www.alfred-scheerer.de\/shop\/reparatur-wartung-service-maehroboter-gartengeraete\/","og_site_name":"Gartentechnik Scheerer","article_modified_time":"2024-06-03T15:21:23+00:00","og_image":[{"url":"https:\/\/alfred-scheerer.de\/shop\/wp-content\/uploads\/2020\/02\/logo-ambrogio-300x120-1.jpg","type":"","width":"","height":""}],"twitter_card":"summary_large_image","twitter_misc":{"Gesch\u00e4tzte Lesezeit":"2\u00a0Minuten"},"schema":{"@context":"https:\/\/schema.org","@graph":[{"@type":"WebPage","@id":"https:\/\/www.alfred-scheerer.de\/shop\/reparatur-wartung-service-maehroboter-gartengeraete\/","url":"https:\/\/www.alfred-scheerer.de\/shop\/reparatur-wartung-service-maehroboter-gartengeraete\/","name":"Reparatur Hinweis - Gartentechnik Scheerer","isPartOf":{"@id":"https:\/\/www.alfred-scheerer.de\/shop\/#website"},"primaryImageOfPage":{"@id":"https:\/\/www.alfred-scheerer.de\/shop\/reparatur-wartung-service-maehroboter-gartengeraete\/#primaryimage"},"image":{"@id":"https:\/\/www.alfred-scheerer.de\/shop\/reparatur-wartung-service-maehroboter-gartengeraete\/#primaryimage"},"thumbnailUrl":"https:\/\/alfred-scheerer.de\/shop\/wp-content\/uploads\/2020\/02\/logo-ambrogio-300x120-1.jpg","datePublished":"2019-04-23T14:05:21+00:00","dateModified":"2024-06-03T15:21:23+00:00","description":"Brauchen Sie professionelle Hilfe bei der Reparatur, Wartung und Service Ihres M\u00e4hroboters oder anderer Gartenger\u00e4te? Unser erfahrenes Team k\u00fcmmert sich um die Instandhaltung und Wartung Ihrer Ger\u00e4te, um einen zuverl\u00e4ssigen und effizienten Betrieb zu gew\u00e4hrleisten. Vertrauen Sie uns, um Ihre Ger\u00e4te in Top-Zustand zu halten. Kontaktieren Sie uns noch heute, um einen Termin zu vereinbaren!","breadcrumb":{"@id":"https:\/\/www.alfred-scheerer.de\/shop\/reparatur-wartung-service-maehroboter-gartengeraete\/#breadcrumb"},"inLanguage":"de","potentialAction":[{"@type":"ReadAction","target":["https:\/\/www.alfred-scheerer.de\/shop\/reparatur-wartung-service-maehroboter-gartengeraete\/"]}]},{"@type":"ImageObject","inLanguage":"de","@id":"https:\/\/www.alfred-scheerer.de\/shop\/reparatur-wartung-service-maehroboter-gartengeraete\/#primaryimage","url":"https:\/\/alfred-scheerer.de\/shop\/wp-content\/uploads\/2020\/02\/logo-ambrogio-300x120-1.jpg","contentUrl":"https:\/\/alfred-scheerer.de\/shop\/wp-content\/uploads\/2020\/02\/logo-ambrogio-300x120-1.jpg"},{"@type":"BreadcrumbList","@id":"https:\/\/www.alfred-scheerer.de\/shop\/reparatur-wartung-service-maehroboter-gartengeraete\/#breadcrumb","itemListElement":[{"@type":"ListItem","position":1,"name":"Startseite","item":"https:\/\/www.alfred-scheerer.de\/shop\/"},{"@type":"ListItem","position":2,"name":"Reparatur Hinweis"}]},{"@type":"WebSite","@id":"https:\/\/www.alfred-scheerer.de\/shop\/#website","url":"https:\/\/www.alfred-scheerer.de\/shop\/","name":"Scheerer GmbH (ehem. Alfred Scheerer e.K.)","description":"Der Online Shop aus Wermelskirchen f\u00fcr M\u00e4hroboter, Akku Gartenger\u00e4te, Ersatzteile und Zubeh\u00f6r","publisher":{"@id":"https:\/\/www.alfred-scheerer.de\/shop\/#organization"},"potentialAction":[{"@type":"SearchAction","target":{"@type":"EntryPoint","urlTemplate":"https:\/\/www.alfred-scheerer.de\/shop\/?s={search_term_string}"},"query-input":{"@type":"PropertyValueSpecification","valueRequired":true,"valueName":"search_term_string"}}],"inLanguage":"de"},{"@type":"Organization","@id":"https:\/\/www.alfred-scheerer.de\/shop\/#organization","name":"Scheerer GmbH","url":"https:\/\/www.alfred-scheerer.de\/shop\/","logo":{"@type":"ImageObject","inLanguage":"de","@id":"https:\/\/www.alfred-scheerer.de\/shop\/#\/schema\/logo\/image\/","url":"https:\/\/alfred-scheerer.de\/shop\/wp-content\/uploads\/2024\/05\/baum.jpg","contentUrl":"https:\/\/alfred-scheerer.de\/shop\/wp-content\/uploads\/2024\/05\/baum.jpg","width":512,"height":512,"caption":"Scheerer GmbH"},"image":{"@id":"https:\/\/www.alfred-scheerer.de\/shop\/#\/schema\/logo\/image\/"},"sameAs":["https:\/\/www.instagram.com\/alfredscheerer\/"]}]}},"_links":{"self":[{"href":"https:\/\/www.alfred-scheerer.de\/shop\/wp-json\/wp\/v2\/pages\/502","targetHints":{"allow":["GET"]}}],"collection":[{"href":"https:\/\/www.alfred-scheerer.de\/shop\/wp-json\/wp\/v2\/pages"}],"about":[{"href":"https:\/\/www.alfred-scheerer.de\/shop\/wp-json\/wp\/v2\/types\/page"}],"author":[{"embeddable":true,"href":"https:\/\/www.alfred-scheerer.de\/shop\/wp-json\/wp\/v2\/users\/4"}],"replies":[{"embeddable":true,"href":"https:\/\/www.alfred-scheerer.de\/shop\/wp-json\/wp\/v2\/comments?post=502"}],"version-history":[{"count":33,"href":"https:\/\/www.alfred-scheerer.de\/shop\/wp-json\/wp\/v2\/pages\/502\/revisions"}],"predecessor-version":[{"id":10858,"href":"https:\/\/www.alfred-scheerer.de\/shop\/wp-json\/wp\/v2\/pages\/502\/revisions\/10858"}],"wp:attachment":[{"href":"https:\/\/www.alfred-scheerer.de\/shop\/wp-json\/wp\/v2\/media?parent=502"}],"curies":[{"name":"wp","href":"https:\/\/api.w.org\/{rel}","templated":true}]}}