{"id":517,"date":"2019-04-23T18:22:03","date_gmt":"2019-04-23T16:22:03","guid":{"rendered":"http:\/\/alfred-scheerer.de\/shop\/?page_id=517"},"modified":"2020-11-17T13:52:08","modified_gmt":"2020-11-17T12:52:08","slug":"entsorgungs-und-umweltbestimmungen","status":"publish","type":"page","link":"https:\/\/www.alfred-scheerer.de\/shop\/entsorgungs-und-umweltbestimmungen\/","title":{"rendered":"Entsorgungs- und Umweltbestimmungen"},"content":{"rendered":"\n<h3 class=\"wp-block-heading\"><strong>Hinweis nach Batteriegesetz<\/strong><\/h3>\n\n\n\n<p>Da wir Batterien und Akkus bzw. solche Ger\u00e4te verkaufen, die Batterien und Akkus enthalten, sind wir nach dem Batteriegesetz (BattG) verpflichtet, Sie auf Folgendes hinzuweisen: Batterien und Akkus d\u00fcrfen nicht im Hausm\u00fcll entsorgt werden, sondern Sie sind zur R\u00fcckgabe gebrauchter Batterien und Akkus gesetzlich verpflichtet. Altbatterien k\u00f6nnen Schadstoffe enthalten, die bei nicht sachgem\u00e4\u00dfer Lagerung oder Entsorgung die Umwelt oder Ihre Gesundheit sch\u00e4digen k\u00f6nnen. Batterien enthalten aber auch wichtige Rohstoffe wie z.B. Eisen, Zink, Mangan oder Nickel und werden wieder verwertet.&nbsp;<strong>Sie k\u00f6nnen die Batterien nach Gebrauch entweder an uns zur\u00fccksenden oder in unmittelbarer N\u00e4he (z.B. im Handel oder in kommunalen Sammelstellen) unentgeltlich zur\u00fcckgegeben.<\/strong>&nbsp;Die Abgabe in Verkaufsstellen ist dabei auf f\u00fcr Endnutzer f\u00fcr die Entsorgung \u00fcbliche Mengen sowie solche Altbatterien beschr\u00e4nkt, die der Vertreiber als Neubatterien in seinem Sortiment f\u00fchrt oder gef\u00fchrt hat. Diese durchgekreuzte M\u00fclltonne bedeutet, dass Sie Batterien und Akkus nicht im Hausm\u00fcll entsorgen d\u00fcrfen.<\/p>\n\n\n\n<h3 class=\"wp-block-heading\"><strong>Hinweis auf das Elektro- und Elektronikger\u00e4tegesetz<br><\/strong><\/h3>\n\n\n\n<p>Elektro- und Elektronikger\u00e4ten d\u00fcrfen nicht \u00fcber den Hausm\u00fcll entsorgt werden.<\/p>\n\n\n\n<p>Verbraucher k\u00f6nnen Ihre Elektro-Altger\u00e4te kostenlos bei einer der kommunalen Sammelstellen abgeben.<\/p>\n\n\n\n<div class=\"wp-block-image\"><figure class=\"aligncenter size-large\"><img loading=\"lazy\" decoding=\"async\" width=\"100\" height=\"93\" src=\"http:\/\/alfred-scheerer.de\/shop\/wp-content\/uploads\/2020\/11\/batteriegesetz.jpg\" alt=\"\" class=\"wp-image-4044\" srcset=\"https:\/\/www.alfred-scheerer.de\/shop\/wp-content\/uploads\/2020\/11\/batteriegesetz.jpg 100w, https:\/\/www.alfred-scheerer.de\/shop\/wp-content\/uploads\/2020\/11\/batteriegesetz-13x12.jpg 13w\" sizes=\"auto, (max-width: 100px) 100vw, 100px\" \/><\/figure><\/div>\n\n\n\n<p>Unter diesem Zeichen finden Sie zus\u00e4tzlich nachstehende Symbole mit folgender Bedeutung:\u00a0<br>Pb: Batterie enth\u00e4lt mehr als 0,004 Prozent Blei\u00a0<br>Cd: Batterie enth\u00e4lt mehr als 0,002 Prozent Cadmium\u00a0<br>Hg: Batterie enth\u00e4lt mehr als 0,0005 Prozent Quecksilber<\/p>\n","protected":false},"excerpt":{"rendered":"<p>Hinweis nach Batteriegesetz Da wir Batterien und Akkus bzw. solche Ger\u00e4te verkaufen, die Batterien und Akkus enthalten, sind wir nach dem Batteriegesetz (BattG) verpflichtet, Sie auf Folgendes hinzuweisen: Batterien und Akkus d\u00fcrfen nicht im Hausm\u00fcll entsorgt werden, sondern Sie sind zur R\u00fcckgabe gebrauchter Batterien und Akkus gesetzlich verpflichtet. Altbatterien k\u00f6nnen Schadstoffe enthalten, die bei nicht [&hellip;]<\/p>\n","protected":false},"author":4,"featured_media":0,"parent":0,"menu_order":0,"comment_status":"closed","ping_status":"closed","template":"","meta":{"footnotes":""},"class_list":["post-517","page","type-page","status-publish","hentry"],"yoast_head":"<!-- This site is optimized with the Yoast SEO plugin v27.4 - https:\/\/yoast.com\/product\/yoast-seo-wordpress\/ -->\n<title>Entsorgungs- und Umweltbestimmungen - Gartentechnik Scheerer<\/title>\n<meta name=\"robots\" content=\"index, follow, max-snippet:-1, max-image-preview:large, max-video-preview:-1\" \/>\n<link rel=\"canonical\" href=\"https:\/\/www.alfred-scheerer.de\/shop\/entsorgungs-und-umweltbestimmungen\/\" \/>\n<meta property=\"og:locale\" content=\"de_DE\" \/>\n<meta property=\"og:type\" content=\"article\" \/>\n<meta property=\"og:title\" content=\"Entsorgungs- und Umweltbestimmungen - Gartentechnik Scheerer\" \/>\n<meta property=\"og:description\" content=\"Hinweis nach Batteriegesetz Da wir Batterien und Akkus bzw. solche Ger\u00e4te verkaufen, die Batterien und Akkus enthalten, sind wir nach dem Batteriegesetz (BattG) verpflichtet, Sie auf Folgendes hinzuweisen: Batterien und Akkus d\u00fcrfen nicht im Hausm\u00fcll entsorgt werden, sondern Sie sind zur R\u00fcckgabe gebrauchter Batterien und Akkus gesetzlich verpflichtet. Altbatterien k\u00f6nnen Schadstoffe enthalten, die bei nicht [&hellip;]\" \/>\n<meta property=\"og:url\" content=\"https:\/\/www.alfred-scheerer.de\/shop\/entsorgungs-und-umweltbestimmungen\/\" \/>\n<meta property=\"og:site_name\" content=\"Gartentechnik Scheerer\" \/>\n<meta property=\"article:modified_time\" content=\"2020-11-17T12:52:08+00:00\" \/>\n<meta property=\"og:image\" content=\"http:\/\/alfred-scheerer.de\/shop\/wp-content\/uploads\/2020\/11\/batteriegesetz.jpg\" \/>\n<meta name=\"twitter:card\" content=\"summary_large_image\" \/>\n<meta name=\"twitter:label1\" content=\"Gesch\u00e4tzte Lesezeit\" \/>\n\t<meta name=\"twitter:data1\" content=\"1\u00a0Minute\" \/>\n<script type=\"application\/ld+json\" class=\"yoast-schema-graph\">{\"@context\":\"https:\\\/\\\/schema.org\",\"@graph\":[{\"@type\":\"WebPage\",\"@id\":\"https:\\\/\\\/www.alfred-scheerer.de\\\/shop\\\/entsorgungs-und-umweltbestimmungen\\\/\",\"url\":\"https:\\\/\\\/www.alfred-scheerer.de\\\/shop\\\/entsorgungs-und-umweltbestimmungen\\\/\",\"name\":\"Entsorgungs- und Umweltbestimmungen - Gartentechnik Scheerer\",\"isPartOf\":{\"@id\":\"https:\\\/\\\/www.alfred-scheerer.de\\\/shop\\\/#website\"},\"primaryImageOfPage\":{\"@id\":\"https:\\\/\\\/www.alfred-scheerer.de\\\/shop\\\/entsorgungs-und-umweltbestimmungen\\\/#primaryimage\"},\"image\":{\"@id\":\"https:\\\/\\\/www.alfred-scheerer.de\\\/shop\\\/entsorgungs-und-umweltbestimmungen\\\/#primaryimage\"},\"thumbnailUrl\":\"http:\\\/\\\/alfred-scheerer.de\\\/shop\\\/wp-content\\\/uploads\\\/2020\\\/11\\\/batteriegesetz.jpg\",\"datePublished\":\"2019-04-23T16:22:03+00:00\",\"dateModified\":\"2020-11-17T12:52:08+00:00\",\"breadcrumb\":{\"@id\":\"https:\\\/\\\/www.alfred-scheerer.de\\\/shop\\\/entsorgungs-und-umweltbestimmungen\\\/#breadcrumb\"},\"inLanguage\":\"de\",\"potentialAction\":[{\"@type\":\"ReadAction\",\"target\":[\"https:\\\/\\\/www.alfred-scheerer.de\\\/shop\\\/entsorgungs-und-umweltbestimmungen\\\/\"]}]},{\"@type\":\"ImageObject\",\"inLanguage\":\"de\",\"@id\":\"https:\\\/\\\/www.alfred-scheerer.de\\\/shop\\\/entsorgungs-und-umweltbestimmungen\\\/#primaryimage\",\"url\":\"http:\\\/\\\/alfred-scheerer.de\\\/shop\\\/wp-content\\\/uploads\\\/2020\\\/11\\\/batteriegesetz.jpg\",\"contentUrl\":\"http:\\\/\\\/alfred-scheerer.de\\\/shop\\\/wp-content\\\/uploads\\\/2020\\\/11\\\/batteriegesetz.jpg\"},{\"@type\":\"BreadcrumbList\",\"@id\":\"https:\\\/\\\/www.alfred-scheerer.de\\\/shop\\\/entsorgungs-und-umweltbestimmungen\\\/#breadcrumb\",\"itemListElement\":[{\"@type\":\"ListItem\",\"position\":1,\"name\":\"Startseite\",\"item\":\"https:\\\/\\\/www.alfred-scheerer.de\\\/shop\\\/\"},{\"@type\":\"ListItem\",\"position\":2,\"name\":\"Entsorgungs- und Umweltbestimmungen\"}]},{\"@type\":\"WebSite\",\"@id\":\"https:\\\/\\\/www.alfred-scheerer.de\\\/shop\\\/#website\",\"url\":\"https:\\\/\\\/www.alfred-scheerer.de\\\/shop\\\/\",\"name\":\"Scheerer GmbH (ehem. Alfred Scheerer e.K.)\",\"description\":\"Der Online Shop aus Wermelskirchen f\u00fcr M\u00e4hroboter, Akku Gartenger\u00e4te, Ersatzteile und Zubeh\u00f6r\",\"publisher\":{\"@id\":\"https:\\\/\\\/www.alfred-scheerer.de\\\/shop\\\/#organization\"},\"potentialAction\":[{\"@type\":\"SearchAction\",\"target\":{\"@type\":\"EntryPoint\",\"urlTemplate\":\"https:\\\/\\\/www.alfred-scheerer.de\\\/shop\\\/?s={search_term_string}\"},\"query-input\":{\"@type\":\"PropertyValueSpecification\",\"valueRequired\":true,\"valueName\":\"search_term_string\"}}],\"inLanguage\":\"de\"},{\"@type\":\"Organization\",\"@id\":\"https:\\\/\\\/www.alfred-scheerer.de\\\/shop\\\/#organization\",\"name\":\"Scheerer GmbH\",\"url\":\"https:\\\/\\\/www.alfred-scheerer.de\\\/shop\\\/\",\"logo\":{\"@type\":\"ImageObject\",\"inLanguage\":\"de\",\"@id\":\"https:\\\/\\\/www.alfred-scheerer.de\\\/shop\\\/#\\\/schema\\\/logo\\\/image\\\/\",\"url\":\"https:\\\/\\\/alfred-scheerer.de\\\/shop\\\/wp-content\\\/uploads\\\/2024\\\/05\\\/baum.jpg\",\"contentUrl\":\"https:\\\/\\\/alfred-scheerer.de\\\/shop\\\/wp-content\\\/uploads\\\/2024\\\/05\\\/baum.jpg\",\"width\":512,\"height\":512,\"caption\":\"Scheerer GmbH\"},\"image\":{\"@id\":\"https:\\\/\\\/www.alfred-scheerer.de\\\/shop\\\/#\\\/schema\\\/logo\\\/image\\\/\"},\"sameAs\":[\"https:\\\/\\\/www.instagram.com\\\/alfredscheerer\\\/\"]}]}<\/script>\n<!-- \/ Yoast SEO plugin. -->","yoast_head_json":{"title":"Entsorgungs- und Umweltbestimmungen - Gartentechnik Scheerer","robots":{"index":"index","follow":"follow","max-snippet":"max-snippet:-1","max-image-preview":"max-image-preview:large","max-video-preview":"max-video-preview:-1"},"canonical":"https:\/\/www.alfred-scheerer.de\/shop\/entsorgungs-und-umweltbestimmungen\/","og_locale":"de_DE","og_type":"article","og_title":"Entsorgungs- und Umweltbestimmungen - Gartentechnik Scheerer","og_description":"Hinweis nach Batteriegesetz Da wir Batterien und Akkus bzw. solche Ger\u00e4te verkaufen, die Batterien und Akkus enthalten, sind wir nach dem Batteriegesetz (BattG) verpflichtet, Sie auf Folgendes hinzuweisen: Batterien und Akkus d\u00fcrfen nicht im Hausm\u00fcll entsorgt werden, sondern Sie sind zur R\u00fcckgabe gebrauchter Batterien und Akkus gesetzlich verpflichtet. Altbatterien k\u00f6nnen Schadstoffe enthalten, die bei nicht [&hellip;]","og_url":"https:\/\/www.alfred-scheerer.de\/shop\/entsorgungs-und-umweltbestimmungen\/","og_site_name":"Gartentechnik Scheerer","article_modified_time":"2020-11-17T12:52:08+00:00","og_image":[{"url":"http:\/\/alfred-scheerer.de\/shop\/wp-content\/uploads\/2020\/11\/batteriegesetz.jpg","type":"","width":"","height":""}],"twitter_card":"summary_large_image","twitter_misc":{"Gesch\u00e4tzte Lesezeit":"1\u00a0Minute"},"schema":{"@context":"https:\/\/schema.org","@graph":[{"@type":"WebPage","@id":"https:\/\/www.alfred-scheerer.de\/shop\/entsorgungs-und-umweltbestimmungen\/","url":"https:\/\/www.alfred-scheerer.de\/shop\/entsorgungs-und-umweltbestimmungen\/","name":"Entsorgungs- und Umweltbestimmungen - Gartentechnik Scheerer","isPartOf":{"@id":"https:\/\/www.alfred-scheerer.de\/shop\/#website"},"primaryImageOfPage":{"@id":"https:\/\/www.alfred-scheerer.de\/shop\/entsorgungs-und-umweltbestimmungen\/#primaryimage"},"image":{"@id":"https:\/\/www.alfred-scheerer.de\/shop\/entsorgungs-und-umweltbestimmungen\/#primaryimage"},"thumbnailUrl":"http:\/\/alfred-scheerer.de\/shop\/wp-content\/uploads\/2020\/11\/batteriegesetz.jpg","datePublished":"2019-04-23T16:22:03+00:00","dateModified":"2020-11-17T12:52:08+00:00","breadcrumb":{"@id":"https:\/\/www.alfred-scheerer.de\/shop\/entsorgungs-und-umweltbestimmungen\/#breadcrumb"},"inLanguage":"de","potentialAction":[{"@type":"ReadAction","target":["https:\/\/www.alfred-scheerer.de\/shop\/entsorgungs-und-umweltbestimmungen\/"]}]},{"@type":"ImageObject","inLanguage":"de","@id":"https:\/\/www.alfred-scheerer.de\/shop\/entsorgungs-und-umweltbestimmungen\/#primaryimage","url":"http:\/\/alfred-scheerer.de\/shop\/wp-content\/uploads\/2020\/11\/batteriegesetz.jpg","contentUrl":"http:\/\/alfred-scheerer.de\/shop\/wp-content\/uploads\/2020\/11\/batteriegesetz.jpg"},{"@type":"BreadcrumbList","@id":"https:\/\/www.alfred-scheerer.de\/shop\/entsorgungs-und-umweltbestimmungen\/#breadcrumb","itemListElement":[{"@type":"ListItem","position":1,"name":"Startseite","item":"https:\/\/www.alfred-scheerer.de\/shop\/"},{"@type":"ListItem","position":2,"name":"Entsorgungs- und Umweltbestimmungen"}]},{"@type":"WebSite","@id":"https:\/\/www.alfred-scheerer.de\/shop\/#website","url":"https:\/\/www.alfred-scheerer.de\/shop\/","name":"Scheerer GmbH (ehem. Alfred Scheerer e.K.)","description":"Der Online Shop aus Wermelskirchen f\u00fcr M\u00e4hroboter, Akku Gartenger\u00e4te, Ersatzteile und Zubeh\u00f6r","publisher":{"@id":"https:\/\/www.alfred-scheerer.de\/shop\/#organization"},"potentialAction":[{"@type":"SearchAction","target":{"@type":"EntryPoint","urlTemplate":"https:\/\/www.alfred-scheerer.de\/shop\/?s={search_term_string}"},"query-input":{"@type":"PropertyValueSpecification","valueRequired":true,"valueName":"search_term_string"}}],"inLanguage":"de"},{"@type":"Organization","@id":"https:\/\/www.alfred-scheerer.de\/shop\/#organization","name":"Scheerer GmbH","url":"https:\/\/www.alfred-scheerer.de\/shop\/","logo":{"@type":"ImageObject","inLanguage":"de","@id":"https:\/\/www.alfred-scheerer.de\/shop\/#\/schema\/logo\/image\/","url":"https:\/\/alfred-scheerer.de\/shop\/wp-content\/uploads\/2024\/05\/baum.jpg","contentUrl":"https:\/\/alfred-scheerer.de\/shop\/wp-content\/uploads\/2024\/05\/baum.jpg","width":512,"height":512,"caption":"Scheerer GmbH"},"image":{"@id":"https:\/\/www.alfred-scheerer.de\/shop\/#\/schema\/logo\/image\/"},"sameAs":["https:\/\/www.instagram.com\/alfredscheerer\/"]}]}},"_links":{"self":[{"href":"https:\/\/www.alfred-scheerer.de\/shop\/wp-json\/wp\/v2\/pages\/517","targetHints":{"allow":["GET"]}}],"collection":[{"href":"https:\/\/www.alfred-scheerer.de\/shop\/wp-json\/wp\/v2\/pages"}],"about":[{"href":"https:\/\/www.alfred-scheerer.de\/shop\/wp-json\/wp\/v2\/types\/page"}],"author":[{"embeddable":true,"href":"https:\/\/www.alfred-scheerer.de\/shop\/wp-json\/wp\/v2\/users\/4"}],"replies":[{"embeddable":true,"href":"https:\/\/www.alfred-scheerer.de\/shop\/wp-json\/wp\/v2\/comments?post=517"}],"version-history":[{"count":2,"href":"https:\/\/www.alfred-scheerer.de\/shop\/wp-json\/wp\/v2\/pages\/517\/revisions"}],"predecessor-version":[{"id":4046,"href":"https:\/\/www.alfred-scheerer.de\/shop\/wp-json\/wp\/v2\/pages\/517\/revisions\/4046"}],"wp:attachment":[{"href":"https:\/\/www.alfred-scheerer.de\/shop\/wp-json\/wp\/v2\/media?parent=517"}],"curies":[{"name":"wp","href":"https:\/\/api.w.org\/{rel}","templated":true}]}}