{"id":10016,"date":"2024-04-02T15:56:58","date_gmt":"2024-04-02T13:56:58","guid":{"rendered":"https:\/\/alfred-scheerer.de\/shop\/?post_type=product&#038;p=10016"},"modified":"2026-03-18T13:42:55","modified_gmt":"2026-03-18T12:42:55","slug":"garage-segway-navimow-i-serie","status":"publish","type":"product","link":"https:\/\/www.alfred-scheerer.de\/shop\/product\/garage-segway-navimow-i-serie\/","title":{"rendered":"Garage Segway Navimow i-Serie klappbare Abdeckung AD.12.00.14.0036"},"content":{"rendered":"<p>Das Wetterschutz Dach f\u00fcr den Segway Navimow i105E, i108E, i 206 AWD und i210E AWD M\u00e4hroboter bietet die ideale L\u00f6sung, um Ihren M\u00e4hroboter sicher und gesch\u00fctzt aufzubewahren. Mit den hochwertigen Materialien und praktischen Eigenschaften sorgt sie daf\u00fcr, dass Ihr M\u00e4hroboter optimal vor Witterungseinfl\u00fcssen wie Regen und Sonne gesch\u00fctzt ist und gleichzeitig bequem zug\u00e4nglich bleibt.<\/p>\n<p>Ein besonderes Merkmal dieser Garage ist die gew\u00e4hrleistete Unempfindlichkeit gegen\u00fcber GPS-St\u00f6rungen. Dadurch wird sichergestellt, dass der Segway Navimow M\u00e4hroboter zuverl\u00e4ssig und genau seine M\u00e4harbeiten durchf\u00fchren kann, ohne dass das GPS-Signal beeintr\u00e4chtigt wird.<\/p>\n<p>Die Garage f\u00fcr den Segway Navimow i105E, i108E, i 206 AWD und i210E AWD ist die perfekte Erg\u00e4nzung f\u00fcr Ihren M\u00e4hroboter und bietet einen sicheren und stilvollen Ort f\u00fcr seine Aufbewahrung. Bestellen Sie noch heute und genie\u00dfen Sie die Vorteile dieser hochwertigen Garage, um Ihren Segway Navimow M\u00e4hroboter bestm\u00f6glich zu sch\u00fctzen und seine Leistung zu maximieren.<\/p>\n","protected":false},"excerpt":{"rendered":"<ul>\n<li>originales Segway Zubeh\u00f6r<\/li>\n<li>passend f\u00fcr Navimow i105E u. i108E, i206 AWD u. i210E AWD<\/li>\n<li>spezielles Kunststoff Material, keine GPS-Signal St\u00f6rung<\/li>\n<li>klappbares Dach<\/li>\n<li>Farbe: anthrazit\/orange<\/li>\n<\/ul>\n<p>Lieferumfang:<br \/>\nkomplette Garage inkl. Befestigungsmaterial AD.12.00.14.0036<br \/>\nMontageanleitung<\/p>\n<p>Weiteres Zubeh\u00f6r f\u00fcr deinen Navimow findest Du hier:\u00a0<a href=\"https:\/\/alfred-scheerer.de\/shop\/product-category\/installation-ersatzteile-u-zubehoer\/segway-navimow-ersatzteile-u-zubehoer\/\"><strong>Segway Navimow Zubeh\u00f6r<\/strong><\/a><\/p>\n","protected":false},"featured_media":9745,"template":"","meta":[],"product_brand":[1753],"product_cat":[1513],"product_tag":[1589,1636,402,403,404],"class_list":{"0":"post-10016","1":"product","2":"type-product","3":"status-publish","4":"has-post-thumbnail","6":"product_brand-segway-navimow","7":"product_cat-segway-navimow-ersatzteile-u-zubehoer","8":"product_tag-segway-navimow","9":"product_tag-ad-12-00-14-0036","10":"product_tag-garage","11":"product_tag-dach","12":"product_tag-abdeckung","14":"first","15":"outofstock","16":"taxable","17":"shipping-taxable","18":"purchasable","19":"product-type-simple"},"yoast_head":"<!-- This site is optimized with the Yoast SEO plugin v27.4 - https:\/\/yoast.com\/product\/yoast-seo-wordpress\/ -->\n<title>Segway Navimow i-Serie Garage | Hier erh\u00e4ltlich<\/title>\n<meta name=\"description\" content=\"Sichern Sie Ihren Segway Navimow M\u00e4hroboter mit unserer hochwertigen Garage! Das Wetterschutz Dach gew\u00e4hrleistet optimalen Schutz vor Witterungseinfl\u00fcssen. Keine GPS-St\u00f6rungen. Bestellen Sie jetzt und halten Sie Ihren M\u00e4hroboter dieser Abdeckung in Topform! Passend f\u00fcr Segway Navimow i105e und i108E\" \/>\n<meta name=\"robots\" content=\"index, follow, max-snippet:-1, max-image-preview:large, max-video-preview:-1\" \/>\n<link rel=\"canonical\" href=\"https:\/\/www.alfred-scheerer.de\/shop\/product\/garage-segway-navimow-i-serie\/\" \/>\n<meta property=\"og:locale\" content=\"de_DE\" \/>\n<meta property=\"og:type\" content=\"article\" \/>\n<meta property=\"og:title\" content=\"Segway Navimow i-Serie Garage | Hier erh\u00e4ltlich\" \/>\n<meta property=\"og:description\" content=\"Sichern Sie Ihren Segway Navimow M\u00e4hroboter mit unserer hochwertigen Garage! Das Wetterschutz Dach gew\u00e4hrleistet optimalen Schutz vor Witterungseinfl\u00fcssen. Keine GPS-St\u00f6rungen. Bestellen Sie jetzt und halten Sie Ihren M\u00e4hroboter dieser Abdeckung in Topform! Passend f\u00fcr Segway Navimow i105e und i108E\" \/>\n<meta property=\"og:url\" content=\"https:\/\/www.alfred-scheerer.de\/shop\/product\/garage-segway-navimow-i-serie\/\" \/>\n<meta property=\"og:site_name\" content=\"Gartentechnik Scheerer\" \/>\n<meta property=\"article:modified_time\" content=\"2026-03-18T12:42:55+00:00\" \/>\n<meta property=\"og:image\" content=\"https:\/\/www.alfred-scheerer.de\/shop\/wp-content\/uploads\/2024\/02\/948239_garage_s_for_navimow_i_2.jpg\" \/>\n\t<meta property=\"og:image:width\" content=\"1920\" \/>\n\t<meta property=\"og:image:height\" content=\"1110\" \/>\n\t<meta property=\"og:image:type\" content=\"image\/jpeg\" \/>\n<meta name=\"twitter:card\" content=\"summary_large_image\" \/>\n<meta name=\"twitter:label1\" content=\"Gesch\u00e4tzte Lesezeit\" \/>\n\t<meta name=\"twitter:data1\" content=\"1\u00a0Minute\" \/>\n<script type=\"application\/ld+json\" class=\"yoast-schema-graph\">{\"@context\":\"https:\\\/\\\/schema.org\",\"@graph\":[{\"@type\":\"WebPage\",\"@id\":\"https:\\\/\\\/www.alfred-scheerer.de\\\/shop\\\/product\\\/garage-segway-navimow-i-serie\\\/\",\"url\":\"https:\\\/\\\/www.alfred-scheerer.de\\\/shop\\\/product\\\/garage-segway-navimow-i-serie\\\/\",\"name\":\"Segway Navimow i-Serie Garage | Hier erh\u00e4ltlich\",\"isPartOf\":{\"@id\":\"https:\\\/\\\/www.alfred-scheerer.de\\\/shop\\\/#website\"},\"primaryImageOfPage\":{\"@id\":\"https:\\\/\\\/www.alfred-scheerer.de\\\/shop\\\/product\\\/garage-segway-navimow-i-serie\\\/#primaryimage\"},\"image\":{\"@id\":\"https:\\\/\\\/www.alfred-scheerer.de\\\/shop\\\/product\\\/garage-segway-navimow-i-serie\\\/#primaryimage\"},\"thumbnailUrl\":\"https:\\\/\\\/www.alfred-scheerer.de\\\/shop\\\/wp-content\\\/uploads\\\/2024\\\/02\\\/948239_garage_s_for_navimow_i_2.jpg\",\"datePublished\":\"2024-04-02T13:56:58+00:00\",\"dateModified\":\"2026-03-18T12:42:55+00:00\",\"description\":\"Sichern Sie Ihren Segway Navimow M\u00e4hroboter mit unserer hochwertigen Garage! Das Wetterschutz Dach gew\u00e4hrleistet optimalen Schutz vor Witterungseinfl\u00fcssen. Keine GPS-St\u00f6rungen. Bestellen Sie jetzt und halten Sie Ihren M\u00e4hroboter dieser Abdeckung in Topform! Passend f\u00fcr Segway Navimow i105e und i108E\",\"breadcrumb\":{\"@id\":\"https:\\\/\\\/www.alfred-scheerer.de\\\/shop\\\/product\\\/garage-segway-navimow-i-serie\\\/#breadcrumb\"},\"inLanguage\":\"de\",\"potentialAction\":[{\"@type\":\"ReadAction\",\"target\":[\"https:\\\/\\\/www.alfred-scheerer.de\\\/shop\\\/product\\\/garage-segway-navimow-i-serie\\\/\"]}]},{\"@type\":\"ImageObject\",\"inLanguage\":\"de\",\"@id\":\"https:\\\/\\\/www.alfred-scheerer.de\\\/shop\\\/product\\\/garage-segway-navimow-i-serie\\\/#primaryimage\",\"url\":\"https:\\\/\\\/www.alfred-scheerer.de\\\/shop\\\/wp-content\\\/uploads\\\/2024\\\/02\\\/948239_garage_s_for_navimow_i_2.jpg\",\"contentUrl\":\"https:\\\/\\\/www.alfred-scheerer.de\\\/shop\\\/wp-content\\\/uploads\\\/2024\\\/02\\\/948239_garage_s_for_navimow_i_2.jpg\",\"width\":1920,\"height\":1110,\"caption\":\"Dach Garage Segway H500E H800E H1500E H3000E\"},{\"@type\":\"BreadcrumbList\",\"@id\":\"https:\\\/\\\/www.alfred-scheerer.de\\\/shop\\\/product\\\/garage-segway-navimow-i-serie\\\/#breadcrumb\",\"itemListElement\":[{\"@type\":\"ListItem\",\"position\":1,\"name\":\"Startseite\",\"item\":\"https:\\\/\\\/www.alfred-scheerer.de\\\/shop\\\/\"},{\"@type\":\"ListItem\",\"position\":2,\"name\":\"Gartentechnik Scheerer &#8211; Der Online Shop f\u00fcr M\u00e4hroboter und Zubeh\u00f6r\",\"item\":\"https:\\\/\\\/www.alfred-scheerer.de\\\/shop\\\/\"},{\"@type\":\"ListItem\",\"position\":3,\"name\":\"Garage Segway Navimow i-Serie klappbare Abdeckung AD.12.00.14.0036\"}]},{\"@type\":\"WebSite\",\"@id\":\"https:\\\/\\\/www.alfred-scheerer.de\\\/shop\\\/#website\",\"url\":\"https:\\\/\\\/www.alfred-scheerer.de\\\/shop\\\/\",\"name\":\"Scheerer GmbH (ehem. Alfred Scheerer e.K.)\",\"description\":\"Der Online Shop aus Wermelskirchen f\u00fcr M\u00e4hroboter, Akku Gartenger\u00e4te, Ersatzteile und Zubeh\u00f6r\",\"publisher\":{\"@id\":\"https:\\\/\\\/www.alfred-scheerer.de\\\/shop\\\/#organization\"},\"potentialAction\":[{\"@type\":\"SearchAction\",\"target\":{\"@type\":\"EntryPoint\",\"urlTemplate\":\"https:\\\/\\\/www.alfred-scheerer.de\\\/shop\\\/?s={search_term_string}\"},\"query-input\":{\"@type\":\"PropertyValueSpecification\",\"valueRequired\":true,\"valueName\":\"search_term_string\"}}],\"inLanguage\":\"de\"},{\"@type\":\"Organization\",\"@id\":\"https:\\\/\\\/www.alfred-scheerer.de\\\/shop\\\/#organization\",\"name\":\"Scheerer GmbH\",\"url\":\"https:\\\/\\\/www.alfred-scheerer.de\\\/shop\\\/\",\"logo\":{\"@type\":\"ImageObject\",\"inLanguage\":\"de\",\"@id\":\"https:\\\/\\\/www.alfred-scheerer.de\\\/shop\\\/#\\\/schema\\\/logo\\\/image\\\/\",\"url\":\"https:\\\/\\\/alfred-scheerer.de\\\/shop\\\/wp-content\\\/uploads\\\/2024\\\/05\\\/baum.jpg\",\"contentUrl\":\"https:\\\/\\\/alfred-scheerer.de\\\/shop\\\/wp-content\\\/uploads\\\/2024\\\/05\\\/baum.jpg\",\"width\":512,\"height\":512,\"caption\":\"Scheerer GmbH\"},\"image\":{\"@id\":\"https:\\\/\\\/www.alfred-scheerer.de\\\/shop\\\/#\\\/schema\\\/logo\\\/image\\\/\"},\"sameAs\":[\"https:\\\/\\\/www.instagram.com\\\/alfredscheerer\\\/\"]}]}<\/script>\n<!-- \/ Yoast SEO plugin. -->","yoast_head_json":{"title":"Segway Navimow i-Serie Garage | Hier erh\u00e4ltlich","description":"Sichern Sie Ihren Segway Navimow M\u00e4hroboter mit unserer hochwertigen Garage! Das Wetterschutz Dach gew\u00e4hrleistet optimalen Schutz vor Witterungseinfl\u00fcssen. Keine GPS-St\u00f6rungen. Bestellen Sie jetzt und halten Sie Ihren M\u00e4hroboter dieser Abdeckung in Topform! Passend f\u00fcr Segway Navimow i105e und i108E","robots":{"index":"index","follow":"follow","max-snippet":"max-snippet:-1","max-image-preview":"max-image-preview:large","max-video-preview":"max-video-preview:-1"},"canonical":"https:\/\/www.alfred-scheerer.de\/shop\/product\/garage-segway-navimow-i-serie\/","og_locale":"de_DE","og_type":"article","og_title":"Segway Navimow i-Serie Garage | Hier erh\u00e4ltlich","og_description":"Sichern Sie Ihren Segway Navimow M\u00e4hroboter mit unserer hochwertigen Garage! Das Wetterschutz Dach gew\u00e4hrleistet optimalen Schutz vor Witterungseinfl\u00fcssen. Keine GPS-St\u00f6rungen. Bestellen Sie jetzt und halten Sie Ihren M\u00e4hroboter dieser Abdeckung in Topform! Passend f\u00fcr Segway Navimow i105e und i108E","og_url":"https:\/\/www.alfred-scheerer.de\/shop\/product\/garage-segway-navimow-i-serie\/","og_site_name":"Gartentechnik Scheerer","article_modified_time":"2026-03-18T12:42:55+00:00","og_image":[{"width":1920,"height":1110,"url":"https:\/\/www.alfred-scheerer.de\/shop\/wp-content\/uploads\/2024\/02\/948239_garage_s_for_navimow_i_2.jpg","type":"image\/jpeg"}],"twitter_card":"summary_large_image","twitter_misc":{"Gesch\u00e4tzte Lesezeit":"1\u00a0Minute"},"schema":{"@context":"https:\/\/schema.org","@graph":[{"@type":"WebPage","@id":"https:\/\/www.alfred-scheerer.de\/shop\/product\/garage-segway-navimow-i-serie\/","url":"https:\/\/www.alfred-scheerer.de\/shop\/product\/garage-segway-navimow-i-serie\/","name":"Segway Navimow i-Serie Garage | Hier erh\u00e4ltlich","isPartOf":{"@id":"https:\/\/www.alfred-scheerer.de\/shop\/#website"},"primaryImageOfPage":{"@id":"https:\/\/www.alfred-scheerer.de\/shop\/product\/garage-segway-navimow-i-serie\/#primaryimage"},"image":{"@id":"https:\/\/www.alfred-scheerer.de\/shop\/product\/garage-segway-navimow-i-serie\/#primaryimage"},"thumbnailUrl":"https:\/\/www.alfred-scheerer.de\/shop\/wp-content\/uploads\/2024\/02\/948239_garage_s_for_navimow_i_2.jpg","datePublished":"2024-04-02T13:56:58+00:00","dateModified":"2026-03-18T12:42:55+00:00","description":"Sichern Sie Ihren Segway Navimow M\u00e4hroboter mit unserer hochwertigen Garage! Das Wetterschutz Dach gew\u00e4hrleistet optimalen Schutz vor Witterungseinfl\u00fcssen. Keine GPS-St\u00f6rungen. Bestellen Sie jetzt und halten Sie Ihren M\u00e4hroboter dieser Abdeckung in Topform! Passend f\u00fcr Segway Navimow i105e und i108E","breadcrumb":{"@id":"https:\/\/www.alfred-scheerer.de\/shop\/product\/garage-segway-navimow-i-serie\/#breadcrumb"},"inLanguage":"de","potentialAction":[{"@type":"ReadAction","target":["https:\/\/www.alfred-scheerer.de\/shop\/product\/garage-segway-navimow-i-serie\/"]}]},{"@type":"ImageObject","inLanguage":"de","@id":"https:\/\/www.alfred-scheerer.de\/shop\/product\/garage-segway-navimow-i-serie\/#primaryimage","url":"https:\/\/www.alfred-scheerer.de\/shop\/wp-content\/uploads\/2024\/02\/948239_garage_s_for_navimow_i_2.jpg","contentUrl":"https:\/\/www.alfred-scheerer.de\/shop\/wp-content\/uploads\/2024\/02\/948239_garage_s_for_navimow_i_2.jpg","width":1920,"height":1110,"caption":"Dach Garage Segway H500E H800E H1500E H3000E"},{"@type":"BreadcrumbList","@id":"https:\/\/www.alfred-scheerer.de\/shop\/product\/garage-segway-navimow-i-serie\/#breadcrumb","itemListElement":[{"@type":"ListItem","position":1,"name":"Startseite","item":"https:\/\/www.alfred-scheerer.de\/shop\/"},{"@type":"ListItem","position":2,"name":"Gartentechnik Scheerer &#8211; Der Online Shop f\u00fcr M\u00e4hroboter und Zubeh\u00f6r","item":"https:\/\/www.alfred-scheerer.de\/shop\/"},{"@type":"ListItem","position":3,"name":"Garage Segway Navimow i-Serie klappbare Abdeckung AD.12.00.14.0036"}]},{"@type":"WebSite","@id":"https:\/\/www.alfred-scheerer.de\/shop\/#website","url":"https:\/\/www.alfred-scheerer.de\/shop\/","name":"Scheerer GmbH (ehem. Alfred Scheerer e.K.)","description":"Der Online Shop aus Wermelskirchen f\u00fcr M\u00e4hroboter, Akku Gartenger\u00e4te, Ersatzteile und Zubeh\u00f6r","publisher":{"@id":"https:\/\/www.alfred-scheerer.de\/shop\/#organization"},"potentialAction":[{"@type":"SearchAction","target":{"@type":"EntryPoint","urlTemplate":"https:\/\/www.alfred-scheerer.de\/shop\/?s={search_term_string}"},"query-input":{"@type":"PropertyValueSpecification","valueRequired":true,"valueName":"search_term_string"}}],"inLanguage":"de"},{"@type":"Organization","@id":"https:\/\/www.alfred-scheerer.de\/shop\/#organization","name":"Scheerer GmbH","url":"https:\/\/www.alfred-scheerer.de\/shop\/","logo":{"@type":"ImageObject","inLanguage":"de","@id":"https:\/\/www.alfred-scheerer.de\/shop\/#\/schema\/logo\/image\/","url":"https:\/\/alfred-scheerer.de\/shop\/wp-content\/uploads\/2024\/05\/baum.jpg","contentUrl":"https:\/\/alfred-scheerer.de\/shop\/wp-content\/uploads\/2024\/05\/baum.jpg","width":512,"height":512,"caption":"Scheerer GmbH"},"image":{"@id":"https:\/\/www.alfred-scheerer.de\/shop\/#\/schema\/logo\/image\/"},"sameAs":["https:\/\/www.instagram.com\/alfredscheerer\/"]}]}},"_links":{"self":[{"href":"https:\/\/www.alfred-scheerer.de\/shop\/wp-json\/wp\/v2\/product\/10016","targetHints":{"allow":["GET"]}}],"collection":[{"href":"https:\/\/www.alfred-scheerer.de\/shop\/wp-json\/wp\/v2\/product"}],"about":[{"href":"https:\/\/www.alfred-scheerer.de\/shop\/wp-json\/wp\/v2\/types\/product"}],"wp:featuredmedia":[{"embeddable":true,"href":"https:\/\/www.alfred-scheerer.de\/shop\/wp-json\/wp\/v2\/media\/9745"}],"wp:attachment":[{"href":"https:\/\/www.alfred-scheerer.de\/shop\/wp-json\/wp\/v2\/media?parent=10016"}],"wp:term":[{"taxonomy":"product_brand","embeddable":true,"href":"https:\/\/www.alfred-scheerer.de\/shop\/wp-json\/wp\/v2\/product_brand?post=10016"},{"taxonomy":"product_cat","embeddable":true,"href":"https:\/\/www.alfred-scheerer.de\/shop\/wp-json\/wp\/v2\/product_cat?post=10016"},{"taxonomy":"product_tag","embeddable":true,"href":"https:\/\/www.alfred-scheerer.de\/shop\/wp-json\/wp\/v2\/product_tag?post=10016"}],"curies":[{"name":"wp","href":"https:\/\/api.w.org\/{rel}","templated":true}]}}