{"id":11384,"date":"2024-07-17T15:23:43","date_gmt":"2024-07-17T13:23:43","guid":{"rendered":"https:\/\/alfred-scheerer.de\/shop\/?post_type=product&#038;p=11384"},"modified":"2025-08-03T17:54:35","modified_gmt":"2025-08-03T15:54:35","slug":"kress-fast2base-no-go-ka0215","status":"publish","type":"product","link":"https:\/\/www.alfred-scheerer.de\/shop\/product\/kress-fast2base-no-go-ka0215\/","title":{"rendered":"Kress Fast2base + No Go Digitaler Zaun KA0215"},"content":{"rendered":"<p><strong>Digitaler Zaun mit dem Kress Fast2base + No Go Modul KA0215.<\/strong><\/p>\n<p><strong>Schnelle R\u00fcckkehr zur Ladestation dank Magnetband:<\/strong><\/p>\n<ul>\n<li>Legen Sie das Magnetband einfach \u00fcber das vorhandene Begrenzungskabel.<\/li>\n<li>Bei der R\u00fcckfahrt erkennt der M\u00e4her das Magnetband und w\u00e4hlt automatisch den k\u00fcrzesten Weg zur Ladestation.<\/li>\n<li>So sparen Sie Zeit und Energie<\/li>\n<\/ul>\n<p><strong>No-Go-Zonen mit dem digitalen Zaun:<\/strong><\/p>\n<ul>\n<li>Grenzen Sie tempor\u00e4re Bereiche wie Trampoline, Blumenbeete oder Spielbereiche flexibel mit dem Magnetband ab.<\/li>\n<li>Kein neues Verlegen des Begrenzungskabels notwendig: Die Magnetstreifen sind schnell und einfach ausgelegt und sorgen f\u00fcr eine flexible Gestaltung Ihrer M\u00e4hzonen.<\/li>\n<\/ul>\n<p data-sourcepos=\"15:1-15:17\"><strong>Lieferumfang:<\/strong><\/p>\n<ul data-sourcepos=\"17:1-17:20\">\n<li data-sourcepos=\"17:1-17:20\">1x Fast2base-Modul<\/li>\n<li data-sourcepos=\"18:1-18:19\">5m Magnetstreifen<\/li>\n<li data-sourcepos=\"19:1-19:16\">16x Befestigungsn\u00e4gel<\/li>\n<li data-sourcepos=\"20:1-21:0\">2x Steckverbinder<\/li>\n<\/ul>\n","protected":false},"excerpt":{"rendered":"<p>Kress Fast2base erm\u00f6glicht die einfache Einrichtung von M\u00e4hverbotszonen mithilfe von Magnetstreifen und bietet eine Quick-Return-Funktion.<\/p>\n<p>Passend f\u00fcr die Modelle KR120E, KR121E, KR122E, KR123E, KR133E, KR136E<\/p>\n","protected":false},"featured_media":11385,"template":"","meta":[],"product_brand":[1754],"product_cat":[314],"product_tag":[1651,1652,1653,1654,1658],"class_list":{"0":"post-11384","1":"product","2":"type-product","3":"status-publish","4":"has-post-thumbnail","6":"product_brand-kress","7":"product_cat-kress-ersatzteile-zubehoer","8":"product_tag-magnetstreifen","9":"product_tag-kress-fast2base-ka0215","10":"product_tag-digitaler-zaun","11":"product_tag-magnetband","12":"product_tag-no-go-funktion","14":"first","15":"onbackorder","16":"taxable","17":"shipping-taxable","18":"purchasable","19":"product-type-simple"},"yoast_head":"<!-- This site is optimized with the Yoast SEO plugin v27.4 - https:\/\/yoast.com\/product\/yoast-seo-wordpress\/ -->\n<title>Kress Fast2Base | No Go | Digitaler Zaun | KA0215<\/title>\n<meta name=\"description\" content=\"Kress Fast2base erm\u00f6glicht die einfache Einrichtung von M\u00e4hverbotszonen mithilfe von Magnetstreifen und bietet eine Quick-Return-Funktion.\" \/>\n<meta name=\"robots\" content=\"index, follow, max-snippet:-1, max-image-preview:large, max-video-preview:-1\" \/>\n<link rel=\"canonical\" href=\"https:\/\/www.alfred-scheerer.de\/shop\/product\/kress-fast2base-no-go-ka0215\/\" \/>\n<meta property=\"og:locale\" content=\"de_DE\" \/>\n<meta property=\"og:type\" content=\"article\" \/>\n<meta property=\"og:title\" content=\"Kress Fast2Base | No Go | Digitaler Zaun | KA0215\" \/>\n<meta property=\"og:description\" content=\"Kress Fast2base erm\u00f6glicht die einfache Einrichtung von M\u00e4hverbotszonen mithilfe von Magnetstreifen und bietet eine Quick-Return-Funktion.\" \/>\n<meta property=\"og:url\" content=\"https:\/\/www.alfred-scheerer.de\/shop\/product\/kress-fast2base-no-go-ka0215\/\" \/>\n<meta property=\"og:site_name\" content=\"Gartentechnik Scheerer\" \/>\n<meta property=\"article:modified_time\" content=\"2025-08-03T15:54:35+00:00\" \/>\n<meta property=\"og:image\" content=\"https:\/\/www.alfred-scheerer.de\/shop\/wp-content\/uploads\/2024\/07\/Kress-F2B.jpg\" \/>\n\t<meta property=\"og:image:width\" content=\"800\" \/>\n\t<meta property=\"og:image:height\" content=\"800\" \/>\n\t<meta property=\"og:image:type\" content=\"image\/jpeg\" \/>\n<meta name=\"twitter:card\" content=\"summary_large_image\" \/>\n<meta name=\"twitter:label1\" content=\"Gesch\u00e4tzte Lesezeit\" \/>\n\t<meta name=\"twitter:data1\" content=\"1\u00a0Minute\" \/>\n<script type=\"application\/ld+json\" class=\"yoast-schema-graph\">{\"@context\":\"https:\\\/\\\/schema.org\",\"@graph\":[{\"@type\":\"WebPage\",\"@id\":\"https:\\\/\\\/www.alfred-scheerer.de\\\/shop\\\/product\\\/kress-fast2base-no-go-ka0215\\\/\",\"url\":\"https:\\\/\\\/www.alfred-scheerer.de\\\/shop\\\/product\\\/kress-fast2base-no-go-ka0215\\\/\",\"name\":\"Kress Fast2Base | No Go | Digitaler Zaun | KA0215\",\"isPartOf\":{\"@id\":\"https:\\\/\\\/www.alfred-scheerer.de\\\/shop\\\/#website\"},\"primaryImageOfPage\":{\"@id\":\"https:\\\/\\\/www.alfred-scheerer.de\\\/shop\\\/product\\\/kress-fast2base-no-go-ka0215\\\/#primaryimage\"},\"image\":{\"@id\":\"https:\\\/\\\/www.alfred-scheerer.de\\\/shop\\\/product\\\/kress-fast2base-no-go-ka0215\\\/#primaryimage\"},\"thumbnailUrl\":\"https:\\\/\\\/www.alfred-scheerer.de\\\/shop\\\/wp-content\\\/uploads\\\/2024\\\/07\\\/Kress-F2B.jpg\",\"datePublished\":\"2024-07-17T13:23:43+00:00\",\"dateModified\":\"2025-08-03T15:54:35+00:00\",\"description\":\"Kress Fast2base erm\u00f6glicht die einfache Einrichtung von M\u00e4hverbotszonen mithilfe von Magnetstreifen und bietet eine Quick-Return-Funktion.\",\"breadcrumb\":{\"@id\":\"https:\\\/\\\/www.alfred-scheerer.de\\\/shop\\\/product\\\/kress-fast2base-no-go-ka0215\\\/#breadcrumb\"},\"inLanguage\":\"de\",\"potentialAction\":[{\"@type\":\"ReadAction\",\"target\":[\"https:\\\/\\\/www.alfred-scheerer.de\\\/shop\\\/product\\\/kress-fast2base-no-go-ka0215\\\/\"]}]},{\"@type\":\"ImageObject\",\"inLanguage\":\"de\",\"@id\":\"https:\\\/\\\/www.alfred-scheerer.de\\\/shop\\\/product\\\/kress-fast2base-no-go-ka0215\\\/#primaryimage\",\"url\":\"https:\\\/\\\/www.alfred-scheerer.de\\\/shop\\\/wp-content\\\/uploads\\\/2024\\\/07\\\/Kress-F2B.jpg\",\"contentUrl\":\"https:\\\/\\\/www.alfred-scheerer.de\\\/shop\\\/wp-content\\\/uploads\\\/2024\\\/07\\\/Kress-F2B.jpg\",\"width\":800,\"height\":800,\"caption\":\"Kress Fast2base + No Go\"},{\"@type\":\"BreadcrumbList\",\"@id\":\"https:\\\/\\\/www.alfred-scheerer.de\\\/shop\\\/product\\\/kress-fast2base-no-go-ka0215\\\/#breadcrumb\",\"itemListElement\":[{\"@type\":\"ListItem\",\"position\":1,\"name\":\"Startseite\",\"item\":\"https:\\\/\\\/www.alfred-scheerer.de\\\/shop\\\/\"},{\"@type\":\"ListItem\",\"position\":2,\"name\":\"Gartentechnik Scheerer &#8211; Der Online Shop f\u00fcr M\u00e4hroboter und Zubeh\u00f6r\",\"item\":\"https:\\\/\\\/www.alfred-scheerer.de\\\/shop\\\/\"},{\"@type\":\"ListItem\",\"position\":3,\"name\":\"Kress Fast2base + No Go Digitaler Zaun KA0215\"}]},{\"@type\":\"WebSite\",\"@id\":\"https:\\\/\\\/www.alfred-scheerer.de\\\/shop\\\/#website\",\"url\":\"https:\\\/\\\/www.alfred-scheerer.de\\\/shop\\\/\",\"name\":\"Scheerer GmbH (ehem. Alfred Scheerer e.K.)\",\"description\":\"Der Online Shop aus Wermelskirchen f\u00fcr M\u00e4hroboter, Akku Gartenger\u00e4te, Ersatzteile und Zubeh\u00f6r\",\"publisher\":{\"@id\":\"https:\\\/\\\/www.alfred-scheerer.de\\\/shop\\\/#organization\"},\"potentialAction\":[{\"@type\":\"SearchAction\",\"target\":{\"@type\":\"EntryPoint\",\"urlTemplate\":\"https:\\\/\\\/www.alfred-scheerer.de\\\/shop\\\/?s={search_term_string}\"},\"query-input\":{\"@type\":\"PropertyValueSpecification\",\"valueRequired\":true,\"valueName\":\"search_term_string\"}}],\"inLanguage\":\"de\"},{\"@type\":\"Organization\",\"@id\":\"https:\\\/\\\/www.alfred-scheerer.de\\\/shop\\\/#organization\",\"name\":\"Scheerer GmbH\",\"url\":\"https:\\\/\\\/www.alfred-scheerer.de\\\/shop\\\/\",\"logo\":{\"@type\":\"ImageObject\",\"inLanguage\":\"de\",\"@id\":\"https:\\\/\\\/www.alfred-scheerer.de\\\/shop\\\/#\\\/schema\\\/logo\\\/image\\\/\",\"url\":\"https:\\\/\\\/alfred-scheerer.de\\\/shop\\\/wp-content\\\/uploads\\\/2024\\\/05\\\/baum.jpg\",\"contentUrl\":\"https:\\\/\\\/alfred-scheerer.de\\\/shop\\\/wp-content\\\/uploads\\\/2024\\\/05\\\/baum.jpg\",\"width\":512,\"height\":512,\"caption\":\"Scheerer GmbH\"},\"image\":{\"@id\":\"https:\\\/\\\/www.alfred-scheerer.de\\\/shop\\\/#\\\/schema\\\/logo\\\/image\\\/\"},\"sameAs\":[\"https:\\\/\\\/www.instagram.com\\\/alfredscheerer\\\/\"]}]}<\/script>\n<!-- \/ Yoast SEO plugin. -->","yoast_head_json":{"title":"Kress Fast2Base | No Go | Digitaler Zaun | KA0215","description":"Kress Fast2base erm\u00f6glicht die einfache Einrichtung von M\u00e4hverbotszonen mithilfe von Magnetstreifen und bietet eine Quick-Return-Funktion.","robots":{"index":"index","follow":"follow","max-snippet":"max-snippet:-1","max-image-preview":"max-image-preview:large","max-video-preview":"max-video-preview:-1"},"canonical":"https:\/\/www.alfred-scheerer.de\/shop\/product\/kress-fast2base-no-go-ka0215\/","og_locale":"de_DE","og_type":"article","og_title":"Kress Fast2Base | No Go | Digitaler Zaun | KA0215","og_description":"Kress Fast2base erm\u00f6glicht die einfache Einrichtung von M\u00e4hverbotszonen mithilfe von Magnetstreifen und bietet eine Quick-Return-Funktion.","og_url":"https:\/\/www.alfred-scheerer.de\/shop\/product\/kress-fast2base-no-go-ka0215\/","og_site_name":"Gartentechnik Scheerer","article_modified_time":"2025-08-03T15:54:35+00:00","og_image":[{"width":800,"height":800,"url":"https:\/\/www.alfred-scheerer.de\/shop\/wp-content\/uploads\/2024\/07\/Kress-F2B.jpg","type":"image\/jpeg"}],"twitter_card":"summary_large_image","twitter_misc":{"Gesch\u00e4tzte Lesezeit":"1\u00a0Minute"},"schema":{"@context":"https:\/\/schema.org","@graph":[{"@type":"WebPage","@id":"https:\/\/www.alfred-scheerer.de\/shop\/product\/kress-fast2base-no-go-ka0215\/","url":"https:\/\/www.alfred-scheerer.de\/shop\/product\/kress-fast2base-no-go-ka0215\/","name":"Kress Fast2Base | No Go | Digitaler Zaun | KA0215","isPartOf":{"@id":"https:\/\/www.alfred-scheerer.de\/shop\/#website"},"primaryImageOfPage":{"@id":"https:\/\/www.alfred-scheerer.de\/shop\/product\/kress-fast2base-no-go-ka0215\/#primaryimage"},"image":{"@id":"https:\/\/www.alfred-scheerer.de\/shop\/product\/kress-fast2base-no-go-ka0215\/#primaryimage"},"thumbnailUrl":"https:\/\/www.alfred-scheerer.de\/shop\/wp-content\/uploads\/2024\/07\/Kress-F2B.jpg","datePublished":"2024-07-17T13:23:43+00:00","dateModified":"2025-08-03T15:54:35+00:00","description":"Kress Fast2base erm\u00f6glicht die einfache Einrichtung von M\u00e4hverbotszonen mithilfe von Magnetstreifen und bietet eine Quick-Return-Funktion.","breadcrumb":{"@id":"https:\/\/www.alfred-scheerer.de\/shop\/product\/kress-fast2base-no-go-ka0215\/#breadcrumb"},"inLanguage":"de","potentialAction":[{"@type":"ReadAction","target":["https:\/\/www.alfred-scheerer.de\/shop\/product\/kress-fast2base-no-go-ka0215\/"]}]},{"@type":"ImageObject","inLanguage":"de","@id":"https:\/\/www.alfred-scheerer.de\/shop\/product\/kress-fast2base-no-go-ka0215\/#primaryimage","url":"https:\/\/www.alfred-scheerer.de\/shop\/wp-content\/uploads\/2024\/07\/Kress-F2B.jpg","contentUrl":"https:\/\/www.alfred-scheerer.de\/shop\/wp-content\/uploads\/2024\/07\/Kress-F2B.jpg","width":800,"height":800,"caption":"Kress Fast2base + No Go"},{"@type":"BreadcrumbList","@id":"https:\/\/www.alfred-scheerer.de\/shop\/product\/kress-fast2base-no-go-ka0215\/#breadcrumb","itemListElement":[{"@type":"ListItem","position":1,"name":"Startseite","item":"https:\/\/www.alfred-scheerer.de\/shop\/"},{"@type":"ListItem","position":2,"name":"Gartentechnik Scheerer &#8211; Der Online Shop f\u00fcr M\u00e4hroboter und Zubeh\u00f6r","item":"https:\/\/www.alfred-scheerer.de\/shop\/"},{"@type":"ListItem","position":3,"name":"Kress Fast2base + No Go Digitaler Zaun KA0215"}]},{"@type":"WebSite","@id":"https:\/\/www.alfred-scheerer.de\/shop\/#website","url":"https:\/\/www.alfred-scheerer.de\/shop\/","name":"Scheerer GmbH (ehem. Alfred Scheerer e.K.)","description":"Der Online Shop aus Wermelskirchen f\u00fcr M\u00e4hroboter, Akku Gartenger\u00e4te, Ersatzteile und Zubeh\u00f6r","publisher":{"@id":"https:\/\/www.alfred-scheerer.de\/shop\/#organization"},"potentialAction":[{"@type":"SearchAction","target":{"@type":"EntryPoint","urlTemplate":"https:\/\/www.alfred-scheerer.de\/shop\/?s={search_term_string}"},"query-input":{"@type":"PropertyValueSpecification","valueRequired":true,"valueName":"search_term_string"}}],"inLanguage":"de"},{"@type":"Organization","@id":"https:\/\/www.alfred-scheerer.de\/shop\/#organization","name":"Scheerer GmbH","url":"https:\/\/www.alfred-scheerer.de\/shop\/","logo":{"@type":"ImageObject","inLanguage":"de","@id":"https:\/\/www.alfred-scheerer.de\/shop\/#\/schema\/logo\/image\/","url":"https:\/\/alfred-scheerer.de\/shop\/wp-content\/uploads\/2024\/05\/baum.jpg","contentUrl":"https:\/\/alfred-scheerer.de\/shop\/wp-content\/uploads\/2024\/05\/baum.jpg","width":512,"height":512,"caption":"Scheerer GmbH"},"image":{"@id":"https:\/\/www.alfred-scheerer.de\/shop\/#\/schema\/logo\/image\/"},"sameAs":["https:\/\/www.instagram.com\/alfredscheerer\/"]}]}},"_links":{"self":[{"href":"https:\/\/www.alfred-scheerer.de\/shop\/wp-json\/wp\/v2\/product\/11384","targetHints":{"allow":["GET"]}}],"collection":[{"href":"https:\/\/www.alfred-scheerer.de\/shop\/wp-json\/wp\/v2\/product"}],"about":[{"href":"https:\/\/www.alfred-scheerer.de\/shop\/wp-json\/wp\/v2\/types\/product"}],"wp:featuredmedia":[{"embeddable":true,"href":"https:\/\/www.alfred-scheerer.de\/shop\/wp-json\/wp\/v2\/media\/11385"}],"wp:attachment":[{"href":"https:\/\/www.alfred-scheerer.de\/shop\/wp-json\/wp\/v2\/media?parent=11384"}],"wp:term":[{"taxonomy":"product_brand","embeddable":true,"href":"https:\/\/www.alfred-scheerer.de\/shop\/wp-json\/wp\/v2\/product_brand?post=11384"},{"taxonomy":"product_cat","embeddable":true,"href":"https:\/\/www.alfred-scheerer.de\/shop\/wp-json\/wp\/v2\/product_cat?post=11384"},{"taxonomy":"product_tag","embeddable":true,"href":"https:\/\/www.alfred-scheerer.de\/shop\/wp-json\/wp\/v2\/product_tag?post=11384"}],"curies":[{"name":"wp","href":"https:\/\/api.w.org\/{rel}","templated":true}]}}