{"id":12243,"date":"2025-02-27T17:02:00","date_gmt":"2025-02-27T16:02:00","guid":{"rendered":"https:\/\/alfred-scheerer.de\/shop\/?post_type=product&#038;p=12243"},"modified":"2025-06-26T16:39:22","modified_gmt":"2025-06-26T14:39:22","slug":"segway-navimow-trimmer-fuer-die-x-serie-2","status":"publish","type":"product","link":"https:\/\/www.alfred-scheerer.de\/shop\/product\/segway-navimow-trimmer-fuer-die-x-serie-2\/","title":{"rendered":"Ersatzfadenspule f\u00fcr den Segway Navimow Trimmer X-Serie AD.12.00.14.0054"},"content":{"rendered":"<p>Ersatzfadenspule f\u00fcr den Trimmer der Segway Navimow X-Serie.<br \/>\nInhalt: 5 Spulen<\/p>\n","protected":false},"excerpt":{"rendered":"<p>Ersatzfadenspule f\u00fcr den Trimmer der Segway Navimow X-Serie.<br \/>\nInhalt: 5 Spulen<\/p>\n<p>Weiteres Zubeh\u00f6r findest Du hier: <a href=\"https:\/\/alfred-scheerer.de\/shop\/product-category\/installation-ersatzteile-u-zubehoer\/segway-navimow-ersatzteile-u-zubehoer\/\"><strong>Segway Navimow Zubeh\u00f6r<\/strong><\/a><\/p>\n<p>&nbsp;<\/p>\n","protected":false},"featured_media":12244,"template":"","meta":[],"product_brand":[1753],"product_cat":[1513],"product_tag":[1732,1589,1727,1729,1730,1731],"class_list":{"0":"post-12243","1":"product","2":"type-product","3":"status-publish","4":"has-post-thumbnail","6":"product_brand-segway-navimow","7":"product_cat-segway-navimow-ersatzteile-u-zubehoer","8":"product_tag-ersatzfadenspule","9":"product_tag-segway-navimow","10":"product_tag-trimmer","11":"product_tag-trimmer-fuer-navimow-x3-serie","12":"product_tag-randtrimmer","13":"product_tag-ad-12-00-14-0054","15":"first","16":"instock","17":"taxable","18":"shipping-taxable","19":"purchasable","20":"product-type-simple"},"yoast_head":"<!-- This site is optimized with the Yoast SEO plugin v27.4 - https:\/\/yoast.com\/product\/yoast-seo-wordpress\/ -->\n<title>Segway Navimow Ersatzfadenspule f\u00fcr den Trimmer der X-Serie<\/title>\n<meta name=\"description\" content=\"Ersatzfadenspule f\u00fcr den Trimmer der Segway Navimow X-Serie.\" \/>\n<meta name=\"robots\" content=\"index, follow, max-snippet:-1, max-image-preview:large, max-video-preview:-1\" \/>\n<link rel=\"canonical\" href=\"https:\/\/www.alfred-scheerer.de\/shop\/product\/segway-navimow-trimmer-fuer-die-x-serie-2\/\" \/>\n<meta property=\"og:locale\" content=\"de_DE\" \/>\n<meta property=\"og:type\" content=\"article\" \/>\n<meta property=\"og:title\" content=\"Segway Navimow Ersatzfadenspule f\u00fcr den Trimmer der X-Serie\" \/>\n<meta property=\"og:description\" content=\"Ersatzfadenspule f\u00fcr den Trimmer der Segway Navimow X-Serie.\" \/>\n<meta property=\"og:url\" content=\"https:\/\/www.alfred-scheerer.de\/shop\/product\/segway-navimow-trimmer-fuer-die-x-serie-2\/\" \/>\n<meta property=\"og:site_name\" content=\"Gartentechnik Scheerer\" \/>\n<meta property=\"article:modified_time\" content=\"2025-06-26T14:39:22+00:00\" \/>\n<meta property=\"og:image\" content=\"https:\/\/www.alfred-scheerer.de\/shop\/wp-content\/uploads\/2025\/02\/segway-navimow-fadenspule-x-Serie.jpg\" \/>\n\t<meta property=\"og:image:width\" content=\"1500\" \/>\n\t<meta property=\"og:image:height\" content=\"1500\" \/>\n\t<meta property=\"og:image:type\" content=\"image\/jpeg\" \/>\n<meta name=\"twitter:card\" content=\"summary_large_image\" \/>\n<script type=\"application\/ld+json\" class=\"yoast-schema-graph\">{\"@context\":\"https:\\\/\\\/schema.org\",\"@graph\":[{\"@type\":\"WebPage\",\"@id\":\"https:\\\/\\\/www.alfred-scheerer.de\\\/shop\\\/product\\\/segway-navimow-trimmer-fuer-die-x-serie-2\\\/\",\"url\":\"https:\\\/\\\/www.alfred-scheerer.de\\\/shop\\\/product\\\/segway-navimow-trimmer-fuer-die-x-serie-2\\\/\",\"name\":\"Segway Navimow Ersatzfadenspule f\u00fcr den Trimmer der X-Serie\",\"isPartOf\":{\"@id\":\"https:\\\/\\\/www.alfred-scheerer.de\\\/shop\\\/#website\"},\"primaryImageOfPage\":{\"@id\":\"https:\\\/\\\/www.alfred-scheerer.de\\\/shop\\\/product\\\/segway-navimow-trimmer-fuer-die-x-serie-2\\\/#primaryimage\"},\"image\":{\"@id\":\"https:\\\/\\\/www.alfred-scheerer.de\\\/shop\\\/product\\\/segway-navimow-trimmer-fuer-die-x-serie-2\\\/#primaryimage\"},\"thumbnailUrl\":\"https:\\\/\\\/www.alfred-scheerer.de\\\/shop\\\/wp-content\\\/uploads\\\/2025\\\/02\\\/segway-navimow-fadenspule-x-Serie.jpg\",\"datePublished\":\"2025-02-27T16:02:00+00:00\",\"dateModified\":\"2025-06-26T14:39:22+00:00\",\"description\":\"Ersatzfadenspule f\u00fcr den Trimmer der Segway Navimow X-Serie.\",\"breadcrumb\":{\"@id\":\"https:\\\/\\\/www.alfred-scheerer.de\\\/shop\\\/product\\\/segway-navimow-trimmer-fuer-die-x-serie-2\\\/#breadcrumb\"},\"inLanguage\":\"de\",\"potentialAction\":[{\"@type\":\"ReadAction\",\"target\":[\"https:\\\/\\\/www.alfred-scheerer.de\\\/shop\\\/product\\\/segway-navimow-trimmer-fuer-die-x-serie-2\\\/\"]}]},{\"@type\":\"ImageObject\",\"inLanguage\":\"de\",\"@id\":\"https:\\\/\\\/www.alfred-scheerer.de\\\/shop\\\/product\\\/segway-navimow-trimmer-fuer-die-x-serie-2\\\/#primaryimage\",\"url\":\"https:\\\/\\\/www.alfred-scheerer.de\\\/shop\\\/wp-content\\\/uploads\\\/2025\\\/02\\\/segway-navimow-fadenspule-x-Serie.jpg\",\"contentUrl\":\"https:\\\/\\\/www.alfred-scheerer.de\\\/shop\\\/wp-content\\\/uploads\\\/2025\\\/02\\\/segway-navimow-fadenspule-x-Serie.jpg\",\"width\":1500,\"height\":1500,\"caption\":\"Ersatz Fadenspule f\u00fcr Segway Navimow X-Serie\"},{\"@type\":\"BreadcrumbList\",\"@id\":\"https:\\\/\\\/www.alfred-scheerer.de\\\/shop\\\/product\\\/segway-navimow-trimmer-fuer-die-x-serie-2\\\/#breadcrumb\",\"itemListElement\":[{\"@type\":\"ListItem\",\"position\":1,\"name\":\"Startseite\",\"item\":\"https:\\\/\\\/www.alfred-scheerer.de\\\/shop\\\/\"},{\"@type\":\"ListItem\",\"position\":2,\"name\":\"Gartentechnik Scheerer &#8211; Der Online Shop f\u00fcr M\u00e4hroboter und Zubeh\u00f6r\",\"item\":\"https:\\\/\\\/www.alfred-scheerer.de\\\/shop\\\/\"},{\"@type\":\"ListItem\",\"position\":3,\"name\":\"Ersatzfadenspule f\u00fcr den Segway Navimow Trimmer X-Serie AD.12.00.14.0054\"}]},{\"@type\":\"WebSite\",\"@id\":\"https:\\\/\\\/www.alfred-scheerer.de\\\/shop\\\/#website\",\"url\":\"https:\\\/\\\/www.alfred-scheerer.de\\\/shop\\\/\",\"name\":\"Scheerer GmbH (ehem. Alfred Scheerer e.K.)\",\"description\":\"Der Online Shop aus Wermelskirchen f\u00fcr M\u00e4hroboter, Akku Gartenger\u00e4te, Ersatzteile und Zubeh\u00f6r\",\"publisher\":{\"@id\":\"https:\\\/\\\/www.alfred-scheerer.de\\\/shop\\\/#organization\"},\"potentialAction\":[{\"@type\":\"SearchAction\",\"target\":{\"@type\":\"EntryPoint\",\"urlTemplate\":\"https:\\\/\\\/www.alfred-scheerer.de\\\/shop\\\/?s={search_term_string}\"},\"query-input\":{\"@type\":\"PropertyValueSpecification\",\"valueRequired\":true,\"valueName\":\"search_term_string\"}}],\"inLanguage\":\"de\"},{\"@type\":\"Organization\",\"@id\":\"https:\\\/\\\/www.alfred-scheerer.de\\\/shop\\\/#organization\",\"name\":\"Scheerer GmbH\",\"url\":\"https:\\\/\\\/www.alfred-scheerer.de\\\/shop\\\/\",\"logo\":{\"@type\":\"ImageObject\",\"inLanguage\":\"de\",\"@id\":\"https:\\\/\\\/www.alfred-scheerer.de\\\/shop\\\/#\\\/schema\\\/logo\\\/image\\\/\",\"url\":\"https:\\\/\\\/alfred-scheerer.de\\\/shop\\\/wp-content\\\/uploads\\\/2024\\\/05\\\/baum.jpg\",\"contentUrl\":\"https:\\\/\\\/alfred-scheerer.de\\\/shop\\\/wp-content\\\/uploads\\\/2024\\\/05\\\/baum.jpg\",\"width\":512,\"height\":512,\"caption\":\"Scheerer GmbH\"},\"image\":{\"@id\":\"https:\\\/\\\/www.alfred-scheerer.de\\\/shop\\\/#\\\/schema\\\/logo\\\/image\\\/\"},\"sameAs\":[\"https:\\\/\\\/www.instagram.com\\\/alfredscheerer\\\/\"]}]}<\/script>\n<!-- \/ Yoast SEO plugin. -->","yoast_head_json":{"title":"Segway Navimow Ersatzfadenspule f\u00fcr den Trimmer der X-Serie","description":"Ersatzfadenspule f\u00fcr den Trimmer der Segway Navimow X-Serie.","robots":{"index":"index","follow":"follow","max-snippet":"max-snippet:-1","max-image-preview":"max-image-preview:large","max-video-preview":"max-video-preview:-1"},"canonical":"https:\/\/www.alfred-scheerer.de\/shop\/product\/segway-navimow-trimmer-fuer-die-x-serie-2\/","og_locale":"de_DE","og_type":"article","og_title":"Segway Navimow Ersatzfadenspule f\u00fcr den Trimmer der X-Serie","og_description":"Ersatzfadenspule f\u00fcr den Trimmer der Segway Navimow X-Serie.","og_url":"https:\/\/www.alfred-scheerer.de\/shop\/product\/segway-navimow-trimmer-fuer-die-x-serie-2\/","og_site_name":"Gartentechnik Scheerer","article_modified_time":"2025-06-26T14:39:22+00:00","og_image":[{"width":1500,"height":1500,"url":"https:\/\/www.alfred-scheerer.de\/shop\/wp-content\/uploads\/2025\/02\/segway-navimow-fadenspule-x-Serie.jpg","type":"image\/jpeg"}],"twitter_card":"summary_large_image","schema":{"@context":"https:\/\/schema.org","@graph":[{"@type":"WebPage","@id":"https:\/\/www.alfred-scheerer.de\/shop\/product\/segway-navimow-trimmer-fuer-die-x-serie-2\/","url":"https:\/\/www.alfred-scheerer.de\/shop\/product\/segway-navimow-trimmer-fuer-die-x-serie-2\/","name":"Segway Navimow Ersatzfadenspule f\u00fcr den Trimmer der X-Serie","isPartOf":{"@id":"https:\/\/www.alfred-scheerer.de\/shop\/#website"},"primaryImageOfPage":{"@id":"https:\/\/www.alfred-scheerer.de\/shop\/product\/segway-navimow-trimmer-fuer-die-x-serie-2\/#primaryimage"},"image":{"@id":"https:\/\/www.alfred-scheerer.de\/shop\/product\/segway-navimow-trimmer-fuer-die-x-serie-2\/#primaryimage"},"thumbnailUrl":"https:\/\/www.alfred-scheerer.de\/shop\/wp-content\/uploads\/2025\/02\/segway-navimow-fadenspule-x-Serie.jpg","datePublished":"2025-02-27T16:02:00+00:00","dateModified":"2025-06-26T14:39:22+00:00","description":"Ersatzfadenspule f\u00fcr den Trimmer der Segway Navimow X-Serie.","breadcrumb":{"@id":"https:\/\/www.alfred-scheerer.de\/shop\/product\/segway-navimow-trimmer-fuer-die-x-serie-2\/#breadcrumb"},"inLanguage":"de","potentialAction":[{"@type":"ReadAction","target":["https:\/\/www.alfred-scheerer.de\/shop\/product\/segway-navimow-trimmer-fuer-die-x-serie-2\/"]}]},{"@type":"ImageObject","inLanguage":"de","@id":"https:\/\/www.alfred-scheerer.de\/shop\/product\/segway-navimow-trimmer-fuer-die-x-serie-2\/#primaryimage","url":"https:\/\/www.alfred-scheerer.de\/shop\/wp-content\/uploads\/2025\/02\/segway-navimow-fadenspule-x-Serie.jpg","contentUrl":"https:\/\/www.alfred-scheerer.de\/shop\/wp-content\/uploads\/2025\/02\/segway-navimow-fadenspule-x-Serie.jpg","width":1500,"height":1500,"caption":"Ersatz Fadenspule f\u00fcr Segway Navimow X-Serie"},{"@type":"BreadcrumbList","@id":"https:\/\/www.alfred-scheerer.de\/shop\/product\/segway-navimow-trimmer-fuer-die-x-serie-2\/#breadcrumb","itemListElement":[{"@type":"ListItem","position":1,"name":"Startseite","item":"https:\/\/www.alfred-scheerer.de\/shop\/"},{"@type":"ListItem","position":2,"name":"Gartentechnik Scheerer &#8211; Der Online Shop f\u00fcr M\u00e4hroboter und Zubeh\u00f6r","item":"https:\/\/www.alfred-scheerer.de\/shop\/"},{"@type":"ListItem","position":3,"name":"Ersatzfadenspule f\u00fcr den Segway Navimow Trimmer X-Serie AD.12.00.14.0054"}]},{"@type":"WebSite","@id":"https:\/\/www.alfred-scheerer.de\/shop\/#website","url":"https:\/\/www.alfred-scheerer.de\/shop\/","name":"Scheerer GmbH (ehem. Alfred Scheerer e.K.)","description":"Der Online Shop aus Wermelskirchen f\u00fcr M\u00e4hroboter, Akku Gartenger\u00e4te, Ersatzteile und Zubeh\u00f6r","publisher":{"@id":"https:\/\/www.alfred-scheerer.de\/shop\/#organization"},"potentialAction":[{"@type":"SearchAction","target":{"@type":"EntryPoint","urlTemplate":"https:\/\/www.alfred-scheerer.de\/shop\/?s={search_term_string}"},"query-input":{"@type":"PropertyValueSpecification","valueRequired":true,"valueName":"search_term_string"}}],"inLanguage":"de"},{"@type":"Organization","@id":"https:\/\/www.alfred-scheerer.de\/shop\/#organization","name":"Scheerer GmbH","url":"https:\/\/www.alfred-scheerer.de\/shop\/","logo":{"@type":"ImageObject","inLanguage":"de","@id":"https:\/\/www.alfred-scheerer.de\/shop\/#\/schema\/logo\/image\/","url":"https:\/\/alfred-scheerer.de\/shop\/wp-content\/uploads\/2024\/05\/baum.jpg","contentUrl":"https:\/\/alfred-scheerer.de\/shop\/wp-content\/uploads\/2024\/05\/baum.jpg","width":512,"height":512,"caption":"Scheerer GmbH"},"image":{"@id":"https:\/\/www.alfred-scheerer.de\/shop\/#\/schema\/logo\/image\/"},"sameAs":["https:\/\/www.instagram.com\/alfredscheerer\/"]}]}},"_links":{"self":[{"href":"https:\/\/www.alfred-scheerer.de\/shop\/wp-json\/wp\/v2\/product\/12243","targetHints":{"allow":["GET"]}}],"collection":[{"href":"https:\/\/www.alfred-scheerer.de\/shop\/wp-json\/wp\/v2\/product"}],"about":[{"href":"https:\/\/www.alfred-scheerer.de\/shop\/wp-json\/wp\/v2\/types\/product"}],"wp:featuredmedia":[{"embeddable":true,"href":"https:\/\/www.alfred-scheerer.de\/shop\/wp-json\/wp\/v2\/media\/12244"}],"wp:attachment":[{"href":"https:\/\/www.alfred-scheerer.de\/shop\/wp-json\/wp\/v2\/media?parent=12243"}],"wp:term":[{"taxonomy":"product_brand","embeddable":true,"href":"https:\/\/www.alfred-scheerer.de\/shop\/wp-json\/wp\/v2\/product_brand?post=12243"},{"taxonomy":"product_cat","embeddable":true,"href":"https:\/\/www.alfred-scheerer.de\/shop\/wp-json\/wp\/v2\/product_cat?post=12243"},{"taxonomy":"product_tag","embeddable":true,"href":"https:\/\/www.alfred-scheerer.de\/shop\/wp-json\/wp\/v2\/product_tag?post=12243"}],"curies":[{"name":"wp","href":"https:\/\/api.w.org\/{rel}","templated":true}]}}