{"id":12247,"date":"2025-02-28T14:10:45","date_gmt":"2025-02-28T13:10:45","guid":{"rendered":"https:\/\/alfred-scheerer.de\/shop\/?post_type=product&#038;p=12247"},"modified":"2025-08-05T13:15:12","modified_gmt":"2025-08-05T11:15:12","slug":"all-terrain-raeder-fuer-navimow-i-serie","status":"publish","type":"product","link":"https:\/\/www.alfred-scheerer.de\/shop\/product\/all-terrain-raeder-fuer-navimow-i-serie\/","title":{"rendered":"All Terrain R\u00e4der f\u00fcr Segway Navimow i-Serie AD.12.00.07.0011"},"content":{"rendered":"<p>Maximieren Sie die Leistung Ihres Segway Navimow M\u00e4hroboters mit den All Terrain R\u00e4dern f\u00fcr die i-Serie. Diese gel\u00e4ndeg\u00e4ngigen <span class=\"word\" data-word=\"Off-Road\">Off-Road<\/span><span class=\"whitespace\">\u00a0<\/span><span class=\"word\" data-word=\"Wheels\">Wheels<\/span> verbessern die Steigf\u00e4higkeit von 30% auf 35%, sodass Ihr M\u00e4hroboter auch auf anspruchsvollerem Terrain m\u00fchelos navigiert. Perfekt f\u00fcr unebenes Gel\u00e4nde und Steigungen \u2013 f\u00fcr eine noch effizientere und gleichm\u00e4\u00dfigere Rasenpflege. Einfache Montage f\u00fcr maximalen Komfort!<\/p>\n","protected":false},"excerpt":{"rendered":"<p>Diese gel\u00e4ndeg\u00e4ngigen Offroad-R\u00e4der f\u00fcr die i-Serie, verbessern die Steigf\u00e4higkeit von 30% auf 35%, sodass Ihr M\u00e4hroboter auch auf anspruchsvollerem Terrain m\u00fchelos navigiert. Einfache Montage f\u00fcr maximalen Komfort!<\/p>\n<p>Weiteres Zubeh\u00f6r findest Du hier: <a href=\"https:\/\/alfred-scheerer.de\/shop\/product-category\/installation-ersatzteile-u-zubehoer\/segway-navimow-ersatzteile-u-zubehoer\/\"><strong>Segway Navimow Zubeh\u00f6r<\/strong><\/a><\/p>\n<p>&nbsp;<\/p>\n","protected":false},"featured_media":12248,"template":"","meta":[],"product_brand":[1753],"product_cat":[1513],"product_tag":[1760,1761,1762],"class_list":{"0":"post-12247","1":"product","2":"type-product","3":"status-publish","4":"has-post-thumbnail","6":"product_brand-segway-navimow","7":"product_cat-segway-navimow-ersatzteile-u-zubehoer","8":"product_tag-ad-12-00-07-0011","9":"product_tag-all-terrain-raeder","10":"product_tag-all-terrain-raeder-fuer-segway-navimow-i-serie","12":"first","13":"instock","14":"taxable","15":"shipping-taxable","16":"purchasable","17":"product-type-simple"},"yoast_head":"<!-- This site is optimized with the Yoast SEO plugin v27.4 - https:\/\/yoast.com\/product\/yoast-seo-wordpress\/ -->\n<title>All Terrain R\u00e4der f\u00fcr Segway Navimow i-Serie | AD.12.00.07.0011<\/title>\n<meta name=\"description\" content=\"Die All Terrain R\u00e4der f\u00fcr die i-Serie verbessern die Steigf\u00e4higkeit von 30% auf 35% \u2013 f\u00fcr eine perfekte Rasenpflege auf jedem Untergrund. AD.12.00.07.0011\" \/>\n<meta name=\"robots\" content=\"index, follow, max-snippet:-1, max-image-preview:large, max-video-preview:-1\" \/>\n<link rel=\"canonical\" href=\"https:\/\/www.alfred-scheerer.de\/shop\/product\/all-terrain-raeder-fuer-navimow-i-serie\/\" \/>\n<meta property=\"og:locale\" content=\"de_DE\" \/>\n<meta property=\"og:type\" content=\"article\" \/>\n<meta property=\"og:title\" content=\"All Terrain R\u00e4der f\u00fcr Segway Navimow i-Serie | AD.12.00.07.0011\" \/>\n<meta property=\"og:description\" content=\"Die All Terrain R\u00e4der f\u00fcr die i-Serie verbessern die Steigf\u00e4higkeit von 30% auf 35% \u2013 f\u00fcr eine perfekte Rasenpflege auf jedem Untergrund. AD.12.00.07.0011\" \/>\n<meta property=\"og:url\" content=\"https:\/\/www.alfred-scheerer.de\/shop\/product\/all-terrain-raeder-fuer-navimow-i-serie\/\" \/>\n<meta property=\"og:site_name\" content=\"Gartentechnik Scheerer\" \/>\n<meta property=\"article:modified_time\" content=\"2025-08-05T11:15:12+00:00\" \/>\n<meta property=\"og:image\" content=\"https:\/\/www.alfred-scheerer.de\/shop\/wp-content\/uploads\/2025\/02\/All-terrain_Raeder_i-Serie.png\" \/>\n\t<meta property=\"og:image:width\" content=\"600\" \/>\n\t<meta property=\"og:image:height\" content=\"406\" \/>\n\t<meta property=\"og:image:type\" content=\"image\/png\" \/>\n<meta name=\"twitter:card\" content=\"summary_large_image\" \/>\n<script type=\"application\/ld+json\" class=\"yoast-schema-graph\">{\"@context\":\"https:\\\/\\\/schema.org\",\"@graph\":[{\"@type\":\"WebPage\",\"@id\":\"https:\\\/\\\/www.alfred-scheerer.de\\\/shop\\\/product\\\/all-terrain-raeder-fuer-navimow-i-serie\\\/\",\"url\":\"https:\\\/\\\/www.alfred-scheerer.de\\\/shop\\\/product\\\/all-terrain-raeder-fuer-navimow-i-serie\\\/\",\"name\":\"All Terrain R\u00e4der f\u00fcr Segway Navimow i-Serie | AD.12.00.07.0011\",\"isPartOf\":{\"@id\":\"https:\\\/\\\/www.alfred-scheerer.de\\\/shop\\\/#website\"},\"primaryImageOfPage\":{\"@id\":\"https:\\\/\\\/www.alfred-scheerer.de\\\/shop\\\/product\\\/all-terrain-raeder-fuer-navimow-i-serie\\\/#primaryimage\"},\"image\":{\"@id\":\"https:\\\/\\\/www.alfred-scheerer.de\\\/shop\\\/product\\\/all-terrain-raeder-fuer-navimow-i-serie\\\/#primaryimage\"},\"thumbnailUrl\":\"https:\\\/\\\/www.alfred-scheerer.de\\\/shop\\\/wp-content\\\/uploads\\\/2025\\\/02\\\/All-terrain_Raeder_i-Serie.png\",\"datePublished\":\"2025-02-28T13:10:45+00:00\",\"dateModified\":\"2025-08-05T11:15:12+00:00\",\"description\":\"Die All Terrain R\u00e4der f\u00fcr die i-Serie verbessern die Steigf\u00e4higkeit von 30% auf 35% \u2013 f\u00fcr eine perfekte Rasenpflege auf jedem Untergrund. AD.12.00.07.0011\",\"breadcrumb\":{\"@id\":\"https:\\\/\\\/www.alfred-scheerer.de\\\/shop\\\/product\\\/all-terrain-raeder-fuer-navimow-i-serie\\\/#breadcrumb\"},\"inLanguage\":\"de\",\"potentialAction\":[{\"@type\":\"ReadAction\",\"target\":[\"https:\\\/\\\/www.alfred-scheerer.de\\\/shop\\\/product\\\/all-terrain-raeder-fuer-navimow-i-serie\\\/\"]}]},{\"@type\":\"ImageObject\",\"inLanguage\":\"de\",\"@id\":\"https:\\\/\\\/www.alfred-scheerer.de\\\/shop\\\/product\\\/all-terrain-raeder-fuer-navimow-i-serie\\\/#primaryimage\",\"url\":\"https:\\\/\\\/www.alfred-scheerer.de\\\/shop\\\/wp-content\\\/uploads\\\/2025\\\/02\\\/All-terrain_Raeder_i-Serie.png\",\"contentUrl\":\"https:\\\/\\\/www.alfred-scheerer.de\\\/shop\\\/wp-content\\\/uploads\\\/2025\\\/02\\\/All-terrain_Raeder_i-Serie.png\",\"width\":600,\"height\":406,\"caption\":\"All Terain R\u00e4der f\u00fcr Navimow i-Serie\"},{\"@type\":\"BreadcrumbList\",\"@id\":\"https:\\\/\\\/www.alfred-scheerer.de\\\/shop\\\/product\\\/all-terrain-raeder-fuer-navimow-i-serie\\\/#breadcrumb\",\"itemListElement\":[{\"@type\":\"ListItem\",\"position\":1,\"name\":\"Startseite\",\"item\":\"https:\\\/\\\/www.alfred-scheerer.de\\\/shop\\\/\"},{\"@type\":\"ListItem\",\"position\":2,\"name\":\"Gartentechnik Scheerer &#8211; Der Online Shop f\u00fcr M\u00e4hroboter und Zubeh\u00f6r\",\"item\":\"https:\\\/\\\/www.alfred-scheerer.de\\\/shop\\\/\"},{\"@type\":\"ListItem\",\"position\":3,\"name\":\"All Terrain R\u00e4der f\u00fcr Segway Navimow i-Serie AD.12.00.07.0011\"}]},{\"@type\":\"WebSite\",\"@id\":\"https:\\\/\\\/www.alfred-scheerer.de\\\/shop\\\/#website\",\"url\":\"https:\\\/\\\/www.alfred-scheerer.de\\\/shop\\\/\",\"name\":\"Scheerer GmbH (ehem. Alfred Scheerer e.K.)\",\"description\":\"Der Online Shop aus Wermelskirchen f\u00fcr M\u00e4hroboter, Akku Gartenger\u00e4te, Ersatzteile und Zubeh\u00f6r\",\"publisher\":{\"@id\":\"https:\\\/\\\/www.alfred-scheerer.de\\\/shop\\\/#organization\"},\"potentialAction\":[{\"@type\":\"SearchAction\",\"target\":{\"@type\":\"EntryPoint\",\"urlTemplate\":\"https:\\\/\\\/www.alfred-scheerer.de\\\/shop\\\/?s={search_term_string}\"},\"query-input\":{\"@type\":\"PropertyValueSpecification\",\"valueRequired\":true,\"valueName\":\"search_term_string\"}}],\"inLanguage\":\"de\"},{\"@type\":\"Organization\",\"@id\":\"https:\\\/\\\/www.alfred-scheerer.de\\\/shop\\\/#organization\",\"name\":\"Scheerer GmbH\",\"url\":\"https:\\\/\\\/www.alfred-scheerer.de\\\/shop\\\/\",\"logo\":{\"@type\":\"ImageObject\",\"inLanguage\":\"de\",\"@id\":\"https:\\\/\\\/www.alfred-scheerer.de\\\/shop\\\/#\\\/schema\\\/logo\\\/image\\\/\",\"url\":\"https:\\\/\\\/alfred-scheerer.de\\\/shop\\\/wp-content\\\/uploads\\\/2024\\\/05\\\/baum.jpg\",\"contentUrl\":\"https:\\\/\\\/alfred-scheerer.de\\\/shop\\\/wp-content\\\/uploads\\\/2024\\\/05\\\/baum.jpg\",\"width\":512,\"height\":512,\"caption\":\"Scheerer GmbH\"},\"image\":{\"@id\":\"https:\\\/\\\/www.alfred-scheerer.de\\\/shop\\\/#\\\/schema\\\/logo\\\/image\\\/\"},\"sameAs\":[\"https:\\\/\\\/www.instagram.com\\\/alfredscheerer\\\/\"]}]}<\/script>\n<!-- \/ Yoast SEO plugin. -->","yoast_head_json":{"title":"All Terrain R\u00e4der f\u00fcr Segway Navimow i-Serie | AD.12.00.07.0011","description":"Die All Terrain R\u00e4der f\u00fcr die i-Serie verbessern die Steigf\u00e4higkeit von 30% auf 35% \u2013 f\u00fcr eine perfekte Rasenpflege auf jedem Untergrund. AD.12.00.07.0011","robots":{"index":"index","follow":"follow","max-snippet":"max-snippet:-1","max-image-preview":"max-image-preview:large","max-video-preview":"max-video-preview:-1"},"canonical":"https:\/\/www.alfred-scheerer.de\/shop\/product\/all-terrain-raeder-fuer-navimow-i-serie\/","og_locale":"de_DE","og_type":"article","og_title":"All Terrain R\u00e4der f\u00fcr Segway Navimow i-Serie | AD.12.00.07.0011","og_description":"Die All Terrain R\u00e4der f\u00fcr die i-Serie verbessern die Steigf\u00e4higkeit von 30% auf 35% \u2013 f\u00fcr eine perfekte Rasenpflege auf jedem Untergrund. AD.12.00.07.0011","og_url":"https:\/\/www.alfred-scheerer.de\/shop\/product\/all-terrain-raeder-fuer-navimow-i-serie\/","og_site_name":"Gartentechnik Scheerer","article_modified_time":"2025-08-05T11:15:12+00:00","og_image":[{"width":600,"height":406,"url":"https:\/\/www.alfred-scheerer.de\/shop\/wp-content\/uploads\/2025\/02\/All-terrain_Raeder_i-Serie.png","type":"image\/png"}],"twitter_card":"summary_large_image","schema":{"@context":"https:\/\/schema.org","@graph":[{"@type":"WebPage","@id":"https:\/\/www.alfred-scheerer.de\/shop\/product\/all-terrain-raeder-fuer-navimow-i-serie\/","url":"https:\/\/www.alfred-scheerer.de\/shop\/product\/all-terrain-raeder-fuer-navimow-i-serie\/","name":"All Terrain R\u00e4der f\u00fcr Segway Navimow i-Serie | AD.12.00.07.0011","isPartOf":{"@id":"https:\/\/www.alfred-scheerer.de\/shop\/#website"},"primaryImageOfPage":{"@id":"https:\/\/www.alfred-scheerer.de\/shop\/product\/all-terrain-raeder-fuer-navimow-i-serie\/#primaryimage"},"image":{"@id":"https:\/\/www.alfred-scheerer.de\/shop\/product\/all-terrain-raeder-fuer-navimow-i-serie\/#primaryimage"},"thumbnailUrl":"https:\/\/www.alfred-scheerer.de\/shop\/wp-content\/uploads\/2025\/02\/All-terrain_Raeder_i-Serie.png","datePublished":"2025-02-28T13:10:45+00:00","dateModified":"2025-08-05T11:15:12+00:00","description":"Die All Terrain R\u00e4der f\u00fcr die i-Serie verbessern die Steigf\u00e4higkeit von 30% auf 35% \u2013 f\u00fcr eine perfekte Rasenpflege auf jedem Untergrund. AD.12.00.07.0011","breadcrumb":{"@id":"https:\/\/www.alfred-scheerer.de\/shop\/product\/all-terrain-raeder-fuer-navimow-i-serie\/#breadcrumb"},"inLanguage":"de","potentialAction":[{"@type":"ReadAction","target":["https:\/\/www.alfred-scheerer.de\/shop\/product\/all-terrain-raeder-fuer-navimow-i-serie\/"]}]},{"@type":"ImageObject","inLanguage":"de","@id":"https:\/\/www.alfred-scheerer.de\/shop\/product\/all-terrain-raeder-fuer-navimow-i-serie\/#primaryimage","url":"https:\/\/www.alfred-scheerer.de\/shop\/wp-content\/uploads\/2025\/02\/All-terrain_Raeder_i-Serie.png","contentUrl":"https:\/\/www.alfred-scheerer.de\/shop\/wp-content\/uploads\/2025\/02\/All-terrain_Raeder_i-Serie.png","width":600,"height":406,"caption":"All Terain R\u00e4der f\u00fcr Navimow i-Serie"},{"@type":"BreadcrumbList","@id":"https:\/\/www.alfred-scheerer.de\/shop\/product\/all-terrain-raeder-fuer-navimow-i-serie\/#breadcrumb","itemListElement":[{"@type":"ListItem","position":1,"name":"Startseite","item":"https:\/\/www.alfred-scheerer.de\/shop\/"},{"@type":"ListItem","position":2,"name":"Gartentechnik Scheerer &#8211; Der Online Shop f\u00fcr M\u00e4hroboter und Zubeh\u00f6r","item":"https:\/\/www.alfred-scheerer.de\/shop\/"},{"@type":"ListItem","position":3,"name":"All Terrain R\u00e4der f\u00fcr Segway Navimow i-Serie AD.12.00.07.0011"}]},{"@type":"WebSite","@id":"https:\/\/www.alfred-scheerer.de\/shop\/#website","url":"https:\/\/www.alfred-scheerer.de\/shop\/","name":"Scheerer GmbH (ehem. Alfred Scheerer e.K.)","description":"Der Online Shop aus Wermelskirchen f\u00fcr M\u00e4hroboter, Akku Gartenger\u00e4te, Ersatzteile und Zubeh\u00f6r","publisher":{"@id":"https:\/\/www.alfred-scheerer.de\/shop\/#organization"},"potentialAction":[{"@type":"SearchAction","target":{"@type":"EntryPoint","urlTemplate":"https:\/\/www.alfred-scheerer.de\/shop\/?s={search_term_string}"},"query-input":{"@type":"PropertyValueSpecification","valueRequired":true,"valueName":"search_term_string"}}],"inLanguage":"de"},{"@type":"Organization","@id":"https:\/\/www.alfred-scheerer.de\/shop\/#organization","name":"Scheerer GmbH","url":"https:\/\/www.alfred-scheerer.de\/shop\/","logo":{"@type":"ImageObject","inLanguage":"de","@id":"https:\/\/www.alfred-scheerer.de\/shop\/#\/schema\/logo\/image\/","url":"https:\/\/alfred-scheerer.de\/shop\/wp-content\/uploads\/2024\/05\/baum.jpg","contentUrl":"https:\/\/alfred-scheerer.de\/shop\/wp-content\/uploads\/2024\/05\/baum.jpg","width":512,"height":512,"caption":"Scheerer GmbH"},"image":{"@id":"https:\/\/www.alfred-scheerer.de\/shop\/#\/schema\/logo\/image\/"},"sameAs":["https:\/\/www.instagram.com\/alfredscheerer\/"]}]}},"_links":{"self":[{"href":"https:\/\/www.alfred-scheerer.de\/shop\/wp-json\/wp\/v2\/product\/12247","targetHints":{"allow":["GET"]}}],"collection":[{"href":"https:\/\/www.alfred-scheerer.de\/shop\/wp-json\/wp\/v2\/product"}],"about":[{"href":"https:\/\/www.alfred-scheerer.de\/shop\/wp-json\/wp\/v2\/types\/product"}],"wp:featuredmedia":[{"embeddable":true,"href":"https:\/\/www.alfred-scheerer.de\/shop\/wp-json\/wp\/v2\/media\/12248"}],"wp:attachment":[{"href":"https:\/\/www.alfred-scheerer.de\/shop\/wp-json\/wp\/v2\/media?parent=12247"}],"wp:term":[{"taxonomy":"product_brand","embeddable":true,"href":"https:\/\/www.alfred-scheerer.de\/shop\/wp-json\/wp\/v2\/product_brand?post=12247"},{"taxonomy":"product_cat","embeddable":true,"href":"https:\/\/www.alfred-scheerer.de\/shop\/wp-json\/wp\/v2\/product_cat?post=12247"},{"taxonomy":"product_tag","embeddable":true,"href":"https:\/\/www.alfred-scheerer.de\/shop\/wp-json\/wp\/v2\/product_tag?post=12247"}],"curies":[{"name":"wp","href":"https:\/\/api.w.org\/{rel}","templated":true}]}}