{"id":12264,"date":"2025-03-01T13:48:45","date_gmt":"2025-03-01T12:48:45","guid":{"rendered":"https:\/\/alfred-scheerer.de\/shop\/?post_type=product&#038;p=12264"},"modified":"2026-03-31T10:07:07","modified_gmt":"2026-03-31T08:07:07","slug":"antennen-befestigungskit-180-fuer-segway-navimow","status":"publish","type":"product","link":"https:\/\/www.alfred-scheerer.de\/shop\/product\/antennen-befestigungskit-180-fuer-segway-navimow\/","title":{"rendered":"Antennenbefestigungs-Kit 180\u00b0 f\u00fcr Segway Navimow AD.12.00.14.0049"},"content":{"rendered":"<p><strong>Optimale GNSS-Signalverbindung<\/strong> \u2013 Das Antennenbefestigungs-Kit 180\u00b0 sorgt f\u00fcr eine sichere und pr\u00e4zise Montage Ihrer GNSS-Antenne und maximiert die Signalst\u00e4rke f\u00fcr Ihren Segway Navimow.<\/p>\n<p><strong>Flexible 180\u00b0-Ausrichtung<\/strong> \u2013 Mit dem verstellbaren RTK-Antennenhalter positionieren Sie die Antenne exakt, um eine st\u00f6rungsfreie und pr\u00e4zise Navigation zu gew\u00e4hrleisten.<\/p>\n<p><strong>Robust &amp; wetterfest<\/strong> \u2013 Hochwertige, korrosionsbest\u00e4ndige Materialien garantieren eine langlebige und sichere Befestigung \u2013 selbst bei extremen Witterungsbedingungen.<\/p>\n<p><strong>Einfache Montage<\/strong> \u2013 Ideal f\u00fcr Hausfassaden, Giebel oder Stallgeb\u00e4ude. Die Installation gelingt m\u00fchelos und ohne Spezialwerkzeug.<\/p>\n<p>Lieferumfang:<br \/>\nAntennenbefestigungs-Kit 180\u00b0<br \/>\nohne Kabel<\/p>\n","protected":false},"excerpt":{"rendered":"<p><strong>Optimale GNSS-Signalverbindung<\/strong> \u2013 Das Antennenbefestigungs-Kit 180\u00b0 sorgt f\u00fcr eine sichere und pr\u00e4zise Montage Ihrer GNSS-Antenne und maximiert die Signalst\u00e4rke f\u00fcr Ihren Segway Navimow.<\/p>\n<p><strong>Flexible 180\u00b0-Ausrichtung<\/strong> \u2013 Mit dem verstellbaren RTK-Antennenhalter positionieren Sie die Antenne exakt, um eine st\u00f6rungsfreie und pr\u00e4zise Navigation zu gew\u00e4hrleisten.<\/p>\n<p><strong>Robust &amp; wetterfest<\/strong> \u2013 Hochwertige, korrosionsbest\u00e4ndige Materialien garantieren eine langlebige und sichere Befestigung \u2013 selbst bei extremen Witterungsbedingungen.<\/p>\n<p><strong>Einfache Montage<\/strong> \u2013 Ideal f\u00fcr Hausfassaden, Giebel oder Stallgeb\u00e4ude. Die Installation gelingt m\u00fchelos und ohne Spezialwerkzeug.<\/p>\n<p>Lieferumfang:<br \/>\nAntennenbefestigungs-Kit 180\u00b0<br \/>\nohne Kabel<\/p>\n<p>Weiteres Zubeh\u00f6r findest Du hier: <a href=\"https:\/\/alfred-scheerer.de\/shop\/product-category\/installation-ersatzteile-u-zubehoer\/segway-navimow-ersatzteile-u-zubehoer\/\"><strong>Segway Navimow Zubeh\u00f6r<\/strong><\/a><\/p>\n<p>&nbsp;<\/p>\n","protected":false},"featured_media":12269,"template":"","meta":[],"product_brand":[1753],"product_cat":[1333,1513],"product_tag":[1766,1733,1734,1735],"class_list":{"0":"post-12264","1":"product","2":"type-product","3":"status-publish","4":"has-post-thumbnail","6":"product_brand-segway-navimow","7":"product_cat-maehroboter-rasenroboter-angebote","8":"product_cat-segway-navimow-ersatzteile-u-zubehoer","9":"product_tag-x3a01e","10":"product_tag-ad-12-00-14-0049","11":"product_tag-antennen-befestigungskit","12":"product_tag-befestigungskit","14":"first","15":"instock","16":"sale","17":"taxable","18":"shipping-taxable","19":"purchasable","20":"product-type-simple"},"yoast_head":"<!-- This site is optimized with the Yoast SEO plugin v27.4 - https:\/\/yoast.com\/product\/yoast-seo-wordpress\/ -->\n<title>Antennenbefestigungs-Kit 180\u00b0 f\u00fcr Segway Navimow<\/title>\n<meta name=\"description\" content=\"Das Antennenbefestigungs-Kit 180\u00b0 f\u00fcr Ihren Segway Navimow, erm\u00f6glicht eine sichere und flexible Montage der GNSS-Antenne.\" \/>\n<meta name=\"robots\" content=\"index, follow, max-snippet:-1, max-image-preview:large, max-video-preview:-1\" \/>\n<link rel=\"canonical\" href=\"https:\/\/www.alfred-scheerer.de\/shop\/product\/antennen-befestigungskit-180-fuer-segway-navimow\/\" \/>\n<meta property=\"og:locale\" content=\"de_DE\" \/>\n<meta property=\"og:type\" content=\"article\" \/>\n<meta property=\"og:title\" content=\"Antennenbefestigungs-Kit 180\u00b0 f\u00fcr Segway Navimow\" \/>\n<meta property=\"og:description\" content=\"Das Antennenbefestigungs-Kit 180\u00b0 f\u00fcr Ihren Segway Navimow, erm\u00f6glicht eine sichere und flexible Montage der GNSS-Antenne.\" \/>\n<meta property=\"og:url\" content=\"https:\/\/www.alfred-scheerer.de\/shop\/product\/antennen-befestigungskit-180-fuer-segway-navimow\/\" \/>\n<meta property=\"og:site_name\" content=\"Gartentechnik Scheerer\" \/>\n<meta property=\"article:modified_time\" content=\"2026-03-31T08:07:07+00:00\" \/>\n<meta property=\"og:image\" content=\"https:\/\/www.alfred-scheerer.de\/shop\/wp-content\/uploads\/2023\/02\/Antennen-Befestigungs-Kit.jpg\" \/>\n\t<meta property=\"og:image:width\" content=\"800\" \/>\n\t<meta property=\"og:image:height\" content=\"800\" \/>\n\t<meta property=\"og:image:type\" content=\"image\/jpeg\" \/>\n<meta name=\"twitter:card\" content=\"summary_large_image\" \/>\n<script type=\"application\/ld+json\" class=\"yoast-schema-graph\">{\"@context\":\"https:\\\/\\\/schema.org\",\"@graph\":[{\"@type\":\"WebPage\",\"@id\":\"https:\\\/\\\/www.alfred-scheerer.de\\\/shop\\\/product\\\/antennen-befestigungskit-180-fuer-segway-navimow\\\/\",\"url\":\"https:\\\/\\\/www.alfred-scheerer.de\\\/shop\\\/product\\\/antennen-befestigungskit-180-fuer-segway-navimow\\\/\",\"name\":\"Antennenbefestigungs-Kit 180\u00b0 f\u00fcr Segway Navimow\",\"isPartOf\":{\"@id\":\"https:\\\/\\\/www.alfred-scheerer.de\\\/shop\\\/#website\"},\"primaryImageOfPage\":{\"@id\":\"https:\\\/\\\/www.alfred-scheerer.de\\\/shop\\\/product\\\/antennen-befestigungskit-180-fuer-segway-navimow\\\/#primaryimage\"},\"image\":{\"@id\":\"https:\\\/\\\/www.alfred-scheerer.de\\\/shop\\\/product\\\/antennen-befestigungskit-180-fuer-segway-navimow\\\/#primaryimage\"},\"thumbnailUrl\":\"https:\\\/\\\/www.alfred-scheerer.de\\\/shop\\\/wp-content\\\/uploads\\\/2023\\\/02\\\/Antennen-Befestigungs-Kit.jpg\",\"datePublished\":\"2025-03-01T12:48:45+00:00\",\"dateModified\":\"2026-03-31T08:07:07+00:00\",\"description\":\"Das Antennenbefestigungs-Kit 180\u00b0 f\u00fcr Ihren Segway Navimow, erm\u00f6glicht eine sichere und flexible Montage der GNSS-Antenne.\",\"breadcrumb\":{\"@id\":\"https:\\\/\\\/www.alfred-scheerer.de\\\/shop\\\/product\\\/antennen-befestigungskit-180-fuer-segway-navimow\\\/#breadcrumb\"},\"inLanguage\":\"de\",\"potentialAction\":[{\"@type\":\"ReadAction\",\"target\":[\"https:\\\/\\\/www.alfred-scheerer.de\\\/shop\\\/product\\\/antennen-befestigungskit-180-fuer-segway-navimow\\\/\"]}]},{\"@type\":\"ImageObject\",\"inLanguage\":\"de\",\"@id\":\"https:\\\/\\\/www.alfred-scheerer.de\\\/shop\\\/product\\\/antennen-befestigungskit-180-fuer-segway-navimow\\\/#primaryimage\",\"url\":\"https:\\\/\\\/www.alfred-scheerer.de\\\/shop\\\/wp-content\\\/uploads\\\/2023\\\/02\\\/Antennen-Befestigungs-Kit.jpg\",\"contentUrl\":\"https:\\\/\\\/www.alfred-scheerer.de\\\/shop\\\/wp-content\\\/uploads\\\/2023\\\/02\\\/Antennen-Befestigungs-Kit.jpg\",\"width\":800,\"height\":800,\"caption\":\"Segway Navimow Antennen-Befestigungskit 180\u00b0\"},{\"@type\":\"BreadcrumbList\",\"@id\":\"https:\\\/\\\/www.alfred-scheerer.de\\\/shop\\\/product\\\/antennen-befestigungskit-180-fuer-segway-navimow\\\/#breadcrumb\",\"itemListElement\":[{\"@type\":\"ListItem\",\"position\":1,\"name\":\"Startseite\",\"item\":\"https:\\\/\\\/www.alfred-scheerer.de\\\/shop\\\/\"},{\"@type\":\"ListItem\",\"position\":2,\"name\":\"Gartentechnik Scheerer &#8211; Der Online Shop f\u00fcr M\u00e4hroboter und Zubeh\u00f6r\",\"item\":\"https:\\\/\\\/www.alfred-scheerer.de\\\/shop\\\/\"},{\"@type\":\"ListItem\",\"position\":3,\"name\":\"Antennenbefestigungs-Kit 180\u00b0 f\u00fcr Segway Navimow AD.12.00.14.0049\"}]},{\"@type\":\"WebSite\",\"@id\":\"https:\\\/\\\/www.alfred-scheerer.de\\\/shop\\\/#website\",\"url\":\"https:\\\/\\\/www.alfred-scheerer.de\\\/shop\\\/\",\"name\":\"Scheerer GmbH (ehem. Alfred Scheerer e.K.)\",\"description\":\"Der Online Shop aus Wermelskirchen f\u00fcr M\u00e4hroboter, Akku Gartenger\u00e4te, Ersatzteile und Zubeh\u00f6r\",\"publisher\":{\"@id\":\"https:\\\/\\\/www.alfred-scheerer.de\\\/shop\\\/#organization\"},\"potentialAction\":[{\"@type\":\"SearchAction\",\"target\":{\"@type\":\"EntryPoint\",\"urlTemplate\":\"https:\\\/\\\/www.alfred-scheerer.de\\\/shop\\\/?s={search_term_string}\"},\"query-input\":{\"@type\":\"PropertyValueSpecification\",\"valueRequired\":true,\"valueName\":\"search_term_string\"}}],\"inLanguage\":\"de\"},{\"@type\":\"Organization\",\"@id\":\"https:\\\/\\\/www.alfred-scheerer.de\\\/shop\\\/#organization\",\"name\":\"Scheerer GmbH\",\"url\":\"https:\\\/\\\/www.alfred-scheerer.de\\\/shop\\\/\",\"logo\":{\"@type\":\"ImageObject\",\"inLanguage\":\"de\",\"@id\":\"https:\\\/\\\/www.alfred-scheerer.de\\\/shop\\\/#\\\/schema\\\/logo\\\/image\\\/\",\"url\":\"https:\\\/\\\/alfred-scheerer.de\\\/shop\\\/wp-content\\\/uploads\\\/2024\\\/05\\\/baum.jpg\",\"contentUrl\":\"https:\\\/\\\/alfred-scheerer.de\\\/shop\\\/wp-content\\\/uploads\\\/2024\\\/05\\\/baum.jpg\",\"width\":512,\"height\":512,\"caption\":\"Scheerer GmbH\"},\"image\":{\"@id\":\"https:\\\/\\\/www.alfred-scheerer.de\\\/shop\\\/#\\\/schema\\\/logo\\\/image\\\/\"},\"sameAs\":[\"https:\\\/\\\/www.instagram.com\\\/alfredscheerer\\\/\"]}]}<\/script>\n<!-- \/ Yoast SEO plugin. -->","yoast_head_json":{"title":"Antennenbefestigungs-Kit 180\u00b0 f\u00fcr Segway Navimow","description":"Das Antennenbefestigungs-Kit 180\u00b0 f\u00fcr Ihren Segway Navimow, erm\u00f6glicht eine sichere und flexible Montage der GNSS-Antenne.","robots":{"index":"index","follow":"follow","max-snippet":"max-snippet:-1","max-image-preview":"max-image-preview:large","max-video-preview":"max-video-preview:-1"},"canonical":"https:\/\/www.alfred-scheerer.de\/shop\/product\/antennen-befestigungskit-180-fuer-segway-navimow\/","og_locale":"de_DE","og_type":"article","og_title":"Antennenbefestigungs-Kit 180\u00b0 f\u00fcr Segway Navimow","og_description":"Das Antennenbefestigungs-Kit 180\u00b0 f\u00fcr Ihren Segway Navimow, erm\u00f6glicht eine sichere und flexible Montage der GNSS-Antenne.","og_url":"https:\/\/www.alfred-scheerer.de\/shop\/product\/antennen-befestigungskit-180-fuer-segway-navimow\/","og_site_name":"Gartentechnik Scheerer","article_modified_time":"2026-03-31T08:07:07+00:00","og_image":[{"width":800,"height":800,"url":"https:\/\/www.alfred-scheerer.de\/shop\/wp-content\/uploads\/2023\/02\/Antennen-Befestigungs-Kit.jpg","type":"image\/jpeg"}],"twitter_card":"summary_large_image","schema":{"@context":"https:\/\/schema.org","@graph":[{"@type":"WebPage","@id":"https:\/\/www.alfred-scheerer.de\/shop\/product\/antennen-befestigungskit-180-fuer-segway-navimow\/","url":"https:\/\/www.alfred-scheerer.de\/shop\/product\/antennen-befestigungskit-180-fuer-segway-navimow\/","name":"Antennenbefestigungs-Kit 180\u00b0 f\u00fcr Segway Navimow","isPartOf":{"@id":"https:\/\/www.alfred-scheerer.de\/shop\/#website"},"primaryImageOfPage":{"@id":"https:\/\/www.alfred-scheerer.de\/shop\/product\/antennen-befestigungskit-180-fuer-segway-navimow\/#primaryimage"},"image":{"@id":"https:\/\/www.alfred-scheerer.de\/shop\/product\/antennen-befestigungskit-180-fuer-segway-navimow\/#primaryimage"},"thumbnailUrl":"https:\/\/www.alfred-scheerer.de\/shop\/wp-content\/uploads\/2023\/02\/Antennen-Befestigungs-Kit.jpg","datePublished":"2025-03-01T12:48:45+00:00","dateModified":"2026-03-31T08:07:07+00:00","description":"Das Antennenbefestigungs-Kit 180\u00b0 f\u00fcr Ihren Segway Navimow, erm\u00f6glicht eine sichere und flexible Montage der GNSS-Antenne.","breadcrumb":{"@id":"https:\/\/www.alfred-scheerer.de\/shop\/product\/antennen-befestigungskit-180-fuer-segway-navimow\/#breadcrumb"},"inLanguage":"de","potentialAction":[{"@type":"ReadAction","target":["https:\/\/www.alfred-scheerer.de\/shop\/product\/antennen-befestigungskit-180-fuer-segway-navimow\/"]}]},{"@type":"ImageObject","inLanguage":"de","@id":"https:\/\/www.alfred-scheerer.de\/shop\/product\/antennen-befestigungskit-180-fuer-segway-navimow\/#primaryimage","url":"https:\/\/www.alfred-scheerer.de\/shop\/wp-content\/uploads\/2023\/02\/Antennen-Befestigungs-Kit.jpg","contentUrl":"https:\/\/www.alfred-scheerer.de\/shop\/wp-content\/uploads\/2023\/02\/Antennen-Befestigungs-Kit.jpg","width":800,"height":800,"caption":"Segway Navimow Antennen-Befestigungskit 180\u00b0"},{"@type":"BreadcrumbList","@id":"https:\/\/www.alfred-scheerer.de\/shop\/product\/antennen-befestigungskit-180-fuer-segway-navimow\/#breadcrumb","itemListElement":[{"@type":"ListItem","position":1,"name":"Startseite","item":"https:\/\/www.alfred-scheerer.de\/shop\/"},{"@type":"ListItem","position":2,"name":"Gartentechnik Scheerer &#8211; Der Online Shop f\u00fcr M\u00e4hroboter und Zubeh\u00f6r","item":"https:\/\/www.alfred-scheerer.de\/shop\/"},{"@type":"ListItem","position":3,"name":"Antennenbefestigungs-Kit 180\u00b0 f\u00fcr Segway Navimow AD.12.00.14.0049"}]},{"@type":"WebSite","@id":"https:\/\/www.alfred-scheerer.de\/shop\/#website","url":"https:\/\/www.alfred-scheerer.de\/shop\/","name":"Scheerer GmbH (ehem. Alfred Scheerer e.K.)","description":"Der Online Shop aus Wermelskirchen f\u00fcr M\u00e4hroboter, Akku Gartenger\u00e4te, Ersatzteile und Zubeh\u00f6r","publisher":{"@id":"https:\/\/www.alfred-scheerer.de\/shop\/#organization"},"potentialAction":[{"@type":"SearchAction","target":{"@type":"EntryPoint","urlTemplate":"https:\/\/www.alfred-scheerer.de\/shop\/?s={search_term_string}"},"query-input":{"@type":"PropertyValueSpecification","valueRequired":true,"valueName":"search_term_string"}}],"inLanguage":"de"},{"@type":"Organization","@id":"https:\/\/www.alfred-scheerer.de\/shop\/#organization","name":"Scheerer GmbH","url":"https:\/\/www.alfred-scheerer.de\/shop\/","logo":{"@type":"ImageObject","inLanguage":"de","@id":"https:\/\/www.alfred-scheerer.de\/shop\/#\/schema\/logo\/image\/","url":"https:\/\/alfred-scheerer.de\/shop\/wp-content\/uploads\/2024\/05\/baum.jpg","contentUrl":"https:\/\/alfred-scheerer.de\/shop\/wp-content\/uploads\/2024\/05\/baum.jpg","width":512,"height":512,"caption":"Scheerer GmbH"},"image":{"@id":"https:\/\/www.alfred-scheerer.de\/shop\/#\/schema\/logo\/image\/"},"sameAs":["https:\/\/www.instagram.com\/alfredscheerer\/"]}]}},"_links":{"self":[{"href":"https:\/\/www.alfred-scheerer.de\/shop\/wp-json\/wp\/v2\/product\/12264","targetHints":{"allow":["GET"]}}],"collection":[{"href":"https:\/\/www.alfred-scheerer.de\/shop\/wp-json\/wp\/v2\/product"}],"about":[{"href":"https:\/\/www.alfred-scheerer.de\/shop\/wp-json\/wp\/v2\/types\/product"}],"wp:featuredmedia":[{"embeddable":true,"href":"https:\/\/www.alfred-scheerer.de\/shop\/wp-json\/wp\/v2\/media\/12269"}],"wp:attachment":[{"href":"https:\/\/www.alfred-scheerer.de\/shop\/wp-json\/wp\/v2\/media?parent=12264"}],"wp:term":[{"taxonomy":"product_brand","embeddable":true,"href":"https:\/\/www.alfred-scheerer.de\/shop\/wp-json\/wp\/v2\/product_brand?post=12264"},{"taxonomy":"product_cat","embeddable":true,"href":"https:\/\/www.alfred-scheerer.de\/shop\/wp-json\/wp\/v2\/product_cat?post=12264"},{"taxonomy":"product_tag","embeddable":true,"href":"https:\/\/www.alfred-scheerer.de\/shop\/wp-json\/wp\/v2\/product_tag?post=12264"}],"curies":[{"name":"wp","href":"https:\/\/api.w.org\/{rel}","templated":true}]}}