{"id":12265,"date":"2025-03-01T14:42:57","date_gmt":"2025-03-01T13:42:57","guid":{"rendered":"https:\/\/alfred-scheerer.de\/shop\/?post_type=product&#038;p=12265"},"modified":"2025-12-18T10:55:10","modified_gmt":"2025-12-18T09:55:10","slug":"netzadapter-segway-navimow-antenne-x-serie","status":"publish","type":"product","link":"https:\/\/www.alfred-scheerer.de\/shop\/product\/netzadapter-segway-navimow-antenne-x-serie\/","title":{"rendered":"Netzadapter Segway Navimow Antenne X-Serie AD.12.00.13.0011"},"content":{"rendered":"<p><strong>Segway Netzadapter f\u00fcr Navimow X-Serie \u2013 Flexible Antennenplatzierung f\u00fcr optimalen Empfang<\/strong><\/p>\n<p>Mit dem <strong>Segway Netzadapter f\u00fcr die Navimow X-Serie<\/strong> k\u00f6nnen Sie die Antenne Ihres Rasenroboters unabh\u00e4ngig von der Ladestation positionieren. Dies sorgt f\u00fcr eine optimale Signalverbindung und eine pr\u00e4zisere Navigation.<\/p>\n<p><strong>Flexible Antennenplatzierung<\/strong> \u2013 Erm\u00f6glicht die Montage der GNSS-Antenne unabh\u00e4ngig von der Ladestation, z. B. auf dem Garagendach oder am Gartenhaus.<\/p>\n<p><strong>Optimale Signalverbindung<\/strong> \u2013 Platzieren Sie die Antenne dort, wo der beste Empfang m\u00f6glich ist, und verbessern Sie die Navigation Ihres Navimow M\u00e4hroboters.<\/p>\n<p><strong>Robust &amp; wetterfest<\/strong> \u2013 Hochwertige Materialien garantieren eine langlebige Nutzung, auch bei wechselnden Witterungsbedingungen.<\/p>\n<p><strong>Einfache Installation<\/strong> \u2013 Das Set enth\u00e4lt ein Netzteil mit 2 m Kabel.<\/p>\n<p><strong>Praktische Nutzung<\/strong> \u2013 Das Original-Netzteil bleibt in der Ladestation, w\u00e4hrend dieses Zusatz-Netzteil die Antenne separat mit Strom versorgt.<\/p>\n<p><strong>Perfekt f\u00fcr alle Navimow-M\u00e4hroboter der X-Serie<\/strong> \u2013 mehr Flexibilit\u00e4t, bessere Empfangsqualit\u00e4t und eine zuverl\u00e4ssige Performance f\u00fcr Ihren M\u00e4hroboter.<\/p>\n<p>Lieferumfang:<br \/>\nNetzteil mit 2 m Kabel<\/p>\n","protected":false},"excerpt":{"rendered":"<p>Mit dem <strong>Netzadapter <\/strong>k\u00f6nnen Sie die <strong>\u00a0im Lieferumfang enthaltene Navimow X-Serie Antenne<\/strong> Ihres M\u00e4hroboters unabh\u00e4ngig von der Ladestation positionieren.<\/p>\n<p>Lieferumfang:<br \/>\nNetzteil mit 2 m Kabel<\/p>\n<p>Weiteres Zubeh\u00f6r findest Du hier: <a href=\"https:\/\/alfred-scheerer.de\/shop\/product-category\/installation-ersatzteile-u-zubehoer\/segway-navimow-ersatzteile-u-zubehoer\/\"><strong>Segway Navimow Zubeh\u00f6r<\/strong><\/a><\/p>\n<p>&nbsp;<\/p>\n","protected":false},"featured_media":12698,"template":"","meta":[],"product_brand":[1753],"product_cat":[1513],"product_tag":[1736,1767,1768,1516],"class_list":{"0":"post-12265","1":"product","2":"type-product","3":"status-publish","4":"has-post-thumbnail","6":"product_brand-segway-navimow","7":"product_cat-segway-navimow-ersatzteile-u-zubehoer","8":"product_tag-netzadapter","9":"product_tag-x3a13e","10":"product_tag-ad-12-00-13-0011","11":"product_tag-netzteil","13":"first","14":"instock","15":"taxable","16":"shipping-taxable","17":"purchasable","18":"product-type-simple"},"yoast_head":"<!-- This site is optimized with the Yoast SEO plugin v27.4 - https:\/\/yoast.com\/product\/yoast-seo-wordpress\/ -->\n<title>Netzadapter Segway Navimow Antenne X-Serie AD.12.00.13.0011<\/title>\n<meta name=\"description\" content=\"Maximale Flexibilit\u00e4t f\u00fcr Ihre GNSS-Antenne! Mit dem Segway Netzadapter f\u00fcr Navimow X-Serie platzieren Sie die Antenne unabh\u00e4ngig von der Ladestation.\" \/>\n<meta name=\"robots\" content=\"index, follow, max-snippet:-1, max-image-preview:large, max-video-preview:-1\" \/>\n<link rel=\"canonical\" href=\"https:\/\/www.alfred-scheerer.de\/shop\/product\/netzadapter-segway-navimow-antenne-x-serie\/\" \/>\n<meta property=\"og:locale\" content=\"de_DE\" \/>\n<meta property=\"og:type\" content=\"article\" \/>\n<meta property=\"og:title\" content=\"Netzadapter Segway Navimow Antenne X-Serie AD.12.00.13.0011\" \/>\n<meta property=\"og:description\" content=\"Maximale Flexibilit\u00e4t f\u00fcr Ihre GNSS-Antenne! Mit dem Segway Netzadapter f\u00fcr Navimow X-Serie platzieren Sie die Antenne unabh\u00e4ngig von der Ladestation.\" \/>\n<meta property=\"og:url\" content=\"https:\/\/www.alfred-scheerer.de\/shop\/product\/netzadapter-segway-navimow-antenne-x-serie\/\" \/>\n<meta property=\"og:site_name\" content=\"Gartentechnik Scheerer\" \/>\n<meta property=\"article:modified_time\" content=\"2025-12-18T09:55:10+00:00\" \/>\n<meta property=\"og:image\" content=\"https:\/\/www.alfred-scheerer.de\/shop\/wp-content\/uploads\/2025\/03\/Navimow_X_Netzadapter.jpg\" \/>\n\t<meta property=\"og:image:width\" content=\"800\" \/>\n\t<meta property=\"og:image:height\" content=\"800\" \/>\n\t<meta property=\"og:image:type\" content=\"image\/jpeg\" \/>\n<meta name=\"twitter:card\" content=\"summary_large_image\" \/>\n<meta name=\"twitter:label1\" content=\"Gesch\u00e4tzte Lesezeit\" \/>\n\t<meta name=\"twitter:data1\" content=\"1\u00a0Minute\" \/>\n<script type=\"application\/ld+json\" class=\"yoast-schema-graph\">{\"@context\":\"https:\\\/\\\/schema.org\",\"@graph\":[{\"@type\":\"WebPage\",\"@id\":\"https:\\\/\\\/www.alfred-scheerer.de\\\/shop\\\/product\\\/netzadapter-segway-navimow-antenne-x-serie\\\/\",\"url\":\"https:\\\/\\\/www.alfred-scheerer.de\\\/shop\\\/product\\\/netzadapter-segway-navimow-antenne-x-serie\\\/\",\"name\":\"Netzadapter Segway Navimow Antenne X-Serie AD.12.00.13.0011\",\"isPartOf\":{\"@id\":\"https:\\\/\\\/www.alfred-scheerer.de\\\/shop\\\/#website\"},\"primaryImageOfPage\":{\"@id\":\"https:\\\/\\\/www.alfred-scheerer.de\\\/shop\\\/product\\\/netzadapter-segway-navimow-antenne-x-serie\\\/#primaryimage\"},\"image\":{\"@id\":\"https:\\\/\\\/www.alfred-scheerer.de\\\/shop\\\/product\\\/netzadapter-segway-navimow-antenne-x-serie\\\/#primaryimage\"},\"thumbnailUrl\":\"https:\\\/\\\/www.alfred-scheerer.de\\\/shop\\\/wp-content\\\/uploads\\\/2025\\\/03\\\/Navimow_X_Netzadapter.jpg\",\"datePublished\":\"2025-03-01T13:42:57+00:00\",\"dateModified\":\"2025-12-18T09:55:10+00:00\",\"description\":\"Maximale Flexibilit\u00e4t f\u00fcr Ihre GNSS-Antenne! Mit dem Segway Netzadapter f\u00fcr Navimow X-Serie platzieren Sie die Antenne unabh\u00e4ngig von der Ladestation.\",\"breadcrumb\":{\"@id\":\"https:\\\/\\\/www.alfred-scheerer.de\\\/shop\\\/product\\\/netzadapter-segway-navimow-antenne-x-serie\\\/#breadcrumb\"},\"inLanguage\":\"de\",\"potentialAction\":[{\"@type\":\"ReadAction\",\"target\":[\"https:\\\/\\\/www.alfred-scheerer.de\\\/shop\\\/product\\\/netzadapter-segway-navimow-antenne-x-serie\\\/\"]}]},{\"@type\":\"ImageObject\",\"inLanguage\":\"de\",\"@id\":\"https:\\\/\\\/www.alfred-scheerer.de\\\/shop\\\/product\\\/netzadapter-segway-navimow-antenne-x-serie\\\/#primaryimage\",\"url\":\"https:\\\/\\\/www.alfred-scheerer.de\\\/shop\\\/wp-content\\\/uploads\\\/2025\\\/03\\\/Navimow_X_Netzadapter.jpg\",\"contentUrl\":\"https:\\\/\\\/www.alfred-scheerer.de\\\/shop\\\/wp-content\\\/uploads\\\/2025\\\/03\\\/Navimow_X_Netzadapter.jpg\",\"width\":800,\"height\":800,\"caption\":\"Netzadapter Segway Navimow X-Serie X3A13E\"},{\"@type\":\"BreadcrumbList\",\"@id\":\"https:\\\/\\\/www.alfred-scheerer.de\\\/shop\\\/product\\\/netzadapter-segway-navimow-antenne-x-serie\\\/#breadcrumb\",\"itemListElement\":[{\"@type\":\"ListItem\",\"position\":1,\"name\":\"Startseite\",\"item\":\"https:\\\/\\\/www.alfred-scheerer.de\\\/shop\\\/\"},{\"@type\":\"ListItem\",\"position\":2,\"name\":\"Gartentechnik Scheerer &#8211; Der Online Shop f\u00fcr M\u00e4hroboter und Zubeh\u00f6r\",\"item\":\"https:\\\/\\\/www.alfred-scheerer.de\\\/shop\\\/\"},{\"@type\":\"ListItem\",\"position\":3,\"name\":\"Netzadapter Segway Navimow Antenne X-Serie AD.12.00.13.0011\"}]},{\"@type\":\"WebSite\",\"@id\":\"https:\\\/\\\/www.alfred-scheerer.de\\\/shop\\\/#website\",\"url\":\"https:\\\/\\\/www.alfred-scheerer.de\\\/shop\\\/\",\"name\":\"Scheerer GmbH (ehem. Alfred Scheerer e.K.)\",\"description\":\"Der Online Shop aus Wermelskirchen f\u00fcr M\u00e4hroboter, Akku Gartenger\u00e4te, Ersatzteile und Zubeh\u00f6r\",\"publisher\":{\"@id\":\"https:\\\/\\\/www.alfred-scheerer.de\\\/shop\\\/#organization\"},\"potentialAction\":[{\"@type\":\"SearchAction\",\"target\":{\"@type\":\"EntryPoint\",\"urlTemplate\":\"https:\\\/\\\/www.alfred-scheerer.de\\\/shop\\\/?s={search_term_string}\"},\"query-input\":{\"@type\":\"PropertyValueSpecification\",\"valueRequired\":true,\"valueName\":\"search_term_string\"}}],\"inLanguage\":\"de\"},{\"@type\":\"Organization\",\"@id\":\"https:\\\/\\\/www.alfred-scheerer.de\\\/shop\\\/#organization\",\"name\":\"Scheerer GmbH\",\"url\":\"https:\\\/\\\/www.alfred-scheerer.de\\\/shop\\\/\",\"logo\":{\"@type\":\"ImageObject\",\"inLanguage\":\"de\",\"@id\":\"https:\\\/\\\/www.alfred-scheerer.de\\\/shop\\\/#\\\/schema\\\/logo\\\/image\\\/\",\"url\":\"https:\\\/\\\/alfred-scheerer.de\\\/shop\\\/wp-content\\\/uploads\\\/2024\\\/05\\\/baum.jpg\",\"contentUrl\":\"https:\\\/\\\/alfred-scheerer.de\\\/shop\\\/wp-content\\\/uploads\\\/2024\\\/05\\\/baum.jpg\",\"width\":512,\"height\":512,\"caption\":\"Scheerer GmbH\"},\"image\":{\"@id\":\"https:\\\/\\\/www.alfred-scheerer.de\\\/shop\\\/#\\\/schema\\\/logo\\\/image\\\/\"},\"sameAs\":[\"https:\\\/\\\/www.instagram.com\\\/alfredscheerer\\\/\"]}]}<\/script>\n<!-- \/ Yoast SEO plugin. -->","yoast_head_json":{"title":"Netzadapter Segway Navimow Antenne X-Serie AD.12.00.13.0011","description":"Maximale Flexibilit\u00e4t f\u00fcr Ihre GNSS-Antenne! Mit dem Segway Netzadapter f\u00fcr Navimow X-Serie platzieren Sie die Antenne unabh\u00e4ngig von der Ladestation.","robots":{"index":"index","follow":"follow","max-snippet":"max-snippet:-1","max-image-preview":"max-image-preview:large","max-video-preview":"max-video-preview:-1"},"canonical":"https:\/\/www.alfred-scheerer.de\/shop\/product\/netzadapter-segway-navimow-antenne-x-serie\/","og_locale":"de_DE","og_type":"article","og_title":"Netzadapter Segway Navimow Antenne X-Serie AD.12.00.13.0011","og_description":"Maximale Flexibilit\u00e4t f\u00fcr Ihre GNSS-Antenne! Mit dem Segway Netzadapter f\u00fcr Navimow X-Serie platzieren Sie die Antenne unabh\u00e4ngig von der Ladestation.","og_url":"https:\/\/www.alfred-scheerer.de\/shop\/product\/netzadapter-segway-navimow-antenne-x-serie\/","og_site_name":"Gartentechnik Scheerer","article_modified_time":"2025-12-18T09:55:10+00:00","og_image":[{"width":800,"height":800,"url":"https:\/\/www.alfred-scheerer.de\/shop\/wp-content\/uploads\/2025\/03\/Navimow_X_Netzadapter.jpg","type":"image\/jpeg"}],"twitter_card":"summary_large_image","twitter_misc":{"Gesch\u00e4tzte Lesezeit":"1\u00a0Minute"},"schema":{"@context":"https:\/\/schema.org","@graph":[{"@type":"WebPage","@id":"https:\/\/www.alfred-scheerer.de\/shop\/product\/netzadapter-segway-navimow-antenne-x-serie\/","url":"https:\/\/www.alfred-scheerer.de\/shop\/product\/netzadapter-segway-navimow-antenne-x-serie\/","name":"Netzadapter Segway Navimow Antenne X-Serie AD.12.00.13.0011","isPartOf":{"@id":"https:\/\/www.alfred-scheerer.de\/shop\/#website"},"primaryImageOfPage":{"@id":"https:\/\/www.alfred-scheerer.de\/shop\/product\/netzadapter-segway-navimow-antenne-x-serie\/#primaryimage"},"image":{"@id":"https:\/\/www.alfred-scheerer.de\/shop\/product\/netzadapter-segway-navimow-antenne-x-serie\/#primaryimage"},"thumbnailUrl":"https:\/\/www.alfred-scheerer.de\/shop\/wp-content\/uploads\/2025\/03\/Navimow_X_Netzadapter.jpg","datePublished":"2025-03-01T13:42:57+00:00","dateModified":"2025-12-18T09:55:10+00:00","description":"Maximale Flexibilit\u00e4t f\u00fcr Ihre GNSS-Antenne! Mit dem Segway Netzadapter f\u00fcr Navimow X-Serie platzieren Sie die Antenne unabh\u00e4ngig von der Ladestation.","breadcrumb":{"@id":"https:\/\/www.alfred-scheerer.de\/shop\/product\/netzadapter-segway-navimow-antenne-x-serie\/#breadcrumb"},"inLanguage":"de","potentialAction":[{"@type":"ReadAction","target":["https:\/\/www.alfred-scheerer.de\/shop\/product\/netzadapter-segway-navimow-antenne-x-serie\/"]}]},{"@type":"ImageObject","inLanguage":"de","@id":"https:\/\/www.alfred-scheerer.de\/shop\/product\/netzadapter-segway-navimow-antenne-x-serie\/#primaryimage","url":"https:\/\/www.alfred-scheerer.de\/shop\/wp-content\/uploads\/2025\/03\/Navimow_X_Netzadapter.jpg","contentUrl":"https:\/\/www.alfred-scheerer.de\/shop\/wp-content\/uploads\/2025\/03\/Navimow_X_Netzadapter.jpg","width":800,"height":800,"caption":"Netzadapter Segway Navimow X-Serie X3A13E"},{"@type":"BreadcrumbList","@id":"https:\/\/www.alfred-scheerer.de\/shop\/product\/netzadapter-segway-navimow-antenne-x-serie\/#breadcrumb","itemListElement":[{"@type":"ListItem","position":1,"name":"Startseite","item":"https:\/\/www.alfred-scheerer.de\/shop\/"},{"@type":"ListItem","position":2,"name":"Gartentechnik Scheerer &#8211; Der Online Shop f\u00fcr M\u00e4hroboter und Zubeh\u00f6r","item":"https:\/\/www.alfred-scheerer.de\/shop\/"},{"@type":"ListItem","position":3,"name":"Netzadapter Segway Navimow Antenne X-Serie AD.12.00.13.0011"}]},{"@type":"WebSite","@id":"https:\/\/www.alfred-scheerer.de\/shop\/#website","url":"https:\/\/www.alfred-scheerer.de\/shop\/","name":"Scheerer GmbH (ehem. Alfred Scheerer e.K.)","description":"Der Online Shop aus Wermelskirchen f\u00fcr M\u00e4hroboter, Akku Gartenger\u00e4te, Ersatzteile und Zubeh\u00f6r","publisher":{"@id":"https:\/\/www.alfred-scheerer.de\/shop\/#organization"},"potentialAction":[{"@type":"SearchAction","target":{"@type":"EntryPoint","urlTemplate":"https:\/\/www.alfred-scheerer.de\/shop\/?s={search_term_string}"},"query-input":{"@type":"PropertyValueSpecification","valueRequired":true,"valueName":"search_term_string"}}],"inLanguage":"de"},{"@type":"Organization","@id":"https:\/\/www.alfred-scheerer.de\/shop\/#organization","name":"Scheerer GmbH","url":"https:\/\/www.alfred-scheerer.de\/shop\/","logo":{"@type":"ImageObject","inLanguage":"de","@id":"https:\/\/www.alfred-scheerer.de\/shop\/#\/schema\/logo\/image\/","url":"https:\/\/alfred-scheerer.de\/shop\/wp-content\/uploads\/2024\/05\/baum.jpg","contentUrl":"https:\/\/alfred-scheerer.de\/shop\/wp-content\/uploads\/2024\/05\/baum.jpg","width":512,"height":512,"caption":"Scheerer GmbH"},"image":{"@id":"https:\/\/www.alfred-scheerer.de\/shop\/#\/schema\/logo\/image\/"},"sameAs":["https:\/\/www.instagram.com\/alfredscheerer\/"]}]}},"_links":{"self":[{"href":"https:\/\/www.alfred-scheerer.de\/shop\/wp-json\/wp\/v2\/product\/12265","targetHints":{"allow":["GET"]}}],"collection":[{"href":"https:\/\/www.alfred-scheerer.de\/shop\/wp-json\/wp\/v2\/product"}],"about":[{"href":"https:\/\/www.alfred-scheerer.de\/shop\/wp-json\/wp\/v2\/types\/product"}],"wp:featuredmedia":[{"embeddable":true,"href":"https:\/\/www.alfred-scheerer.de\/shop\/wp-json\/wp\/v2\/media\/12698"}],"wp:attachment":[{"href":"https:\/\/www.alfred-scheerer.de\/shop\/wp-json\/wp\/v2\/media?parent=12265"}],"wp:term":[{"taxonomy":"product_brand","embeddable":true,"href":"https:\/\/www.alfred-scheerer.de\/shop\/wp-json\/wp\/v2\/product_brand?post=12265"},{"taxonomy":"product_cat","embeddable":true,"href":"https:\/\/www.alfred-scheerer.de\/shop\/wp-json\/wp\/v2\/product_cat?post=12265"},{"taxonomy":"product_tag","embeddable":true,"href":"https:\/\/www.alfred-scheerer.de\/shop\/wp-json\/wp\/v2\/product_tag?post=12265"}],"curies":[{"name":"wp","href":"https:\/\/api.w.org\/{rel}","templated":true}]}}