{"id":12292,"date":"2025-03-03T19:28:15","date_gmt":"2025-03-03T18:28:15","guid":{"rendered":"https:\/\/alfred-scheerer.de\/shop\/?post_type=product&#038;p=12292"},"modified":"2026-04-02T14:24:00","modified_gmt":"2026-04-02T12:24:00","slug":"ersatzmesser-long-life-12-stueck-segway-navimow","status":"publish","type":"product","link":"https:\/\/www.alfred-scheerer.de\/shop\/product\/ersatzmesser-long-life-12-stueck-segway-navimow\/","title":{"rendered":"Ersatzmesser Long-Life 12 St\u00fcck Segway Navimow AD.12.00.14.0058"},"content":{"rendered":"<p>Die Ersatzmesser Long-Life sind das ideale Zubeh\u00f6r f\u00fcr Ihren Segway Navimow M\u00e4hroboter. Gefertigt aus hochwertigem, langlebigem Material, garantieren diese Klingen eine pr\u00e4zise und zuverl\u00e4ssige Rasenpflege. Mit diesem Ersatzmesser-Set bleibt Ihr M\u00e4hroboter stets in Bestform und sorgt f\u00fcr einen gleichm\u00e4\u00dfig gepflegten Rasen \u2013 \u00fcber die gesamte Saison hinweg.<\/p>\n<p>Lieferumfang:<br \/>\n12 St\u00fcck Klingen inkl. Schrauben<\/p>\n<p>Weiteres Zubeh\u00f6r findest Du hier: <a href=\"https:\/\/alfred-scheerer.de\/shop\/product-category\/installation-ersatzteile-u-zubehoer\/segway-navimow-ersatzteile-u-zubehoer\/\"><strong>Segway Navimow Zubeh\u00f6r<\/strong><\/a><\/p>\n","protected":false},"excerpt":{"rendered":"<p>Die Ersatzmesser Long-Life sind das ideale Zubeh\u00f6r f\u00fcr Ihren Segway Navimow M\u00e4hroboter. Gefertigt aus hochwertigem, langlebigem Material, garantieren diese Klingen eine pr\u00e4zise und zuverl\u00e4ssige Rasenpflege. Mit diesem Ersatzmesser-Set bleibt Ihr M\u00e4hroboter stets in Bestform und sorgt f\u00fcr einen gleichm\u00e4\u00dfig gepflegten Rasen \u2013 \u00fcber die gesamte Saison hinweg.<\/p>\n<p>Lieferumfang:<br \/>\n12 St\u00fcck Klingen inkl. Schrauben<\/p>\n<p>Referenznummer: X3A06E<\/p>\n<p>Weiteres Zubeh\u00f6r findest Du hier: <a href=\"https:\/\/alfred-scheerer.de\/shop\/product-category\/installation-ersatzteile-u-zubehoer\/segway-navimow-ersatzteile-u-zubehoer\/\"><strong>Segway Navimow Zubeh\u00f6r<\/strong><\/a><\/p>\n","protected":false},"featured_media":12372,"template":"","meta":[],"product_brand":[1753],"product_cat":[1513],"product_tag":[1737,1738,1739,1748],"class_list":{"0":"post-12292","1":"product","2":"type-product","3":"status-publish","4":"has-post-thumbnail","6":"product_brand-segway-navimow","7":"product_cat-segway-navimow-ersatzteile-u-zubehoer","8":"product_tag-ad-12-00-14-0058","9":"product_tag-ersatzmesser-segway-navimow","10":"product_tag-ersatzmesser-long-life","11":"product_tag-x3a06e","13":"first","14":"instock","15":"taxable","16":"shipping-taxable","17":"purchasable","18":"product-type-simple"},"yoast_head":"<!-- This site is optimized with the Yoast SEO plugin v27.4 - https:\/\/yoast.com\/product\/yoast-seo-wordpress\/ -->\n<title>Ersatzmesser 12 St\u00fcck Segway Navimow | Long-Life | Online kaufen |<\/title>\n<meta name=\"description\" content=\"Hochwertige Long-Life Ersatzmesser f\u00fcr Segway Navimow M\u00e4hroboter. Langlebig, scharf und effizient f\u00fcr eine perfekte Rasenpflege. Jetzt bestellen!\" \/>\n<meta name=\"robots\" content=\"index, follow, max-snippet:-1, max-image-preview:large, max-video-preview:-1\" \/>\n<link rel=\"canonical\" href=\"https:\/\/www.alfred-scheerer.de\/shop\/product\/ersatzmesser-long-life-12-stueck-segway-navimow\/\" \/>\n<meta property=\"og:locale\" content=\"de_DE\" \/>\n<meta property=\"og:type\" content=\"article\" \/>\n<meta property=\"og:title\" content=\"Ersatzmesser 12 St\u00fcck Segway Navimow | Long-Life | Online kaufen |\" \/>\n<meta property=\"og:description\" content=\"Hochwertige Long-Life Ersatzmesser f\u00fcr Segway Navimow M\u00e4hroboter. Langlebig, scharf und effizient f\u00fcr eine perfekte Rasenpflege. Jetzt bestellen!\" \/>\n<meta property=\"og:url\" content=\"https:\/\/www.alfred-scheerer.de\/shop\/product\/ersatzmesser-long-life-12-stueck-segway-navimow\/\" \/>\n<meta property=\"og:site_name\" content=\"Gartentechnik Scheerer\" \/>\n<meta property=\"article:modified_time\" content=\"2026-04-02T12:24:00+00:00\" \/>\n<meta property=\"og:image\" content=\"https:\/\/www.alfred-scheerer.de\/shop\/wp-content\/uploads\/2025\/03\/Segway-Longlife-Klingen-X3A06E.jpg\" \/>\n\t<meta property=\"og:image:width\" content=\"800\" \/>\n\t<meta property=\"og:image:height\" content=\"800\" \/>\n\t<meta property=\"og:image:type\" content=\"image\/jpeg\" \/>\n<meta name=\"twitter:card\" content=\"summary_large_image\" \/>\n<script type=\"application\/ld+json\" class=\"yoast-schema-graph\">{\"@context\":\"https:\\\/\\\/schema.org\",\"@graph\":[{\"@type\":\"WebPage\",\"@id\":\"https:\\\/\\\/www.alfred-scheerer.de\\\/shop\\\/product\\\/ersatzmesser-long-life-12-stueck-segway-navimow\\\/\",\"url\":\"https:\\\/\\\/www.alfred-scheerer.de\\\/shop\\\/product\\\/ersatzmesser-long-life-12-stueck-segway-navimow\\\/\",\"name\":\"Ersatzmesser 12 St\u00fcck Segway Navimow | Long-Life | Online kaufen |\",\"isPartOf\":{\"@id\":\"https:\\\/\\\/www.alfred-scheerer.de\\\/shop\\\/#website\"},\"primaryImageOfPage\":{\"@id\":\"https:\\\/\\\/www.alfred-scheerer.de\\\/shop\\\/product\\\/ersatzmesser-long-life-12-stueck-segway-navimow\\\/#primaryimage\"},\"image\":{\"@id\":\"https:\\\/\\\/www.alfred-scheerer.de\\\/shop\\\/product\\\/ersatzmesser-long-life-12-stueck-segway-navimow\\\/#primaryimage\"},\"thumbnailUrl\":\"https:\\\/\\\/www.alfred-scheerer.de\\\/shop\\\/wp-content\\\/uploads\\\/2025\\\/03\\\/Segway-Longlife-Klingen-X3A06E.jpg\",\"datePublished\":\"2025-03-03T18:28:15+00:00\",\"dateModified\":\"2026-04-02T12:24:00+00:00\",\"description\":\"Hochwertige Long-Life Ersatzmesser f\u00fcr Segway Navimow M\u00e4hroboter. Langlebig, scharf und effizient f\u00fcr eine perfekte Rasenpflege. Jetzt bestellen!\",\"breadcrumb\":{\"@id\":\"https:\\\/\\\/www.alfred-scheerer.de\\\/shop\\\/product\\\/ersatzmesser-long-life-12-stueck-segway-navimow\\\/#breadcrumb\"},\"inLanguage\":\"de\",\"potentialAction\":[{\"@type\":\"ReadAction\",\"target\":[\"https:\\\/\\\/www.alfred-scheerer.de\\\/shop\\\/product\\\/ersatzmesser-long-life-12-stueck-segway-navimow\\\/\"]}]},{\"@type\":\"ImageObject\",\"inLanguage\":\"de\",\"@id\":\"https:\\\/\\\/www.alfred-scheerer.de\\\/shop\\\/product\\\/ersatzmesser-long-life-12-stueck-segway-navimow\\\/#primaryimage\",\"url\":\"https:\\\/\\\/www.alfred-scheerer.de\\\/shop\\\/wp-content\\\/uploads\\\/2025\\\/03\\\/Segway-Longlife-Klingen-X3A06E.jpg\",\"contentUrl\":\"https:\\\/\\\/www.alfred-scheerer.de\\\/shop\\\/wp-content\\\/uploads\\\/2025\\\/03\\\/Segway-Longlife-Klingen-X3A06E.jpg\",\"width\":800,\"height\":800,\"caption\":\"Segway Navimow Longlife Klingen X3A06E\"},{\"@type\":\"BreadcrumbList\",\"@id\":\"https:\\\/\\\/www.alfred-scheerer.de\\\/shop\\\/product\\\/ersatzmesser-long-life-12-stueck-segway-navimow\\\/#breadcrumb\",\"itemListElement\":[{\"@type\":\"ListItem\",\"position\":1,\"name\":\"Startseite\",\"item\":\"https:\\\/\\\/www.alfred-scheerer.de\\\/shop\\\/\"},{\"@type\":\"ListItem\",\"position\":2,\"name\":\"Gartentechnik Scheerer &#8211; Der Online Shop f\u00fcr M\u00e4hroboter und Zubeh\u00f6r\",\"item\":\"https:\\\/\\\/www.alfred-scheerer.de\\\/shop\\\/\"},{\"@type\":\"ListItem\",\"position\":3,\"name\":\"Ersatzmesser Long-Life 12 St\u00fcck Segway Navimow AD.12.00.14.0058\"}]},{\"@type\":\"WebSite\",\"@id\":\"https:\\\/\\\/www.alfred-scheerer.de\\\/shop\\\/#website\",\"url\":\"https:\\\/\\\/www.alfred-scheerer.de\\\/shop\\\/\",\"name\":\"Scheerer GmbH (ehem. Alfred Scheerer e.K.)\",\"description\":\"Der Online Shop aus Wermelskirchen f\u00fcr M\u00e4hroboter, Akku Gartenger\u00e4te, Ersatzteile und Zubeh\u00f6r\",\"publisher\":{\"@id\":\"https:\\\/\\\/www.alfred-scheerer.de\\\/shop\\\/#organization\"},\"potentialAction\":[{\"@type\":\"SearchAction\",\"target\":{\"@type\":\"EntryPoint\",\"urlTemplate\":\"https:\\\/\\\/www.alfred-scheerer.de\\\/shop\\\/?s={search_term_string}\"},\"query-input\":{\"@type\":\"PropertyValueSpecification\",\"valueRequired\":true,\"valueName\":\"search_term_string\"}}],\"inLanguage\":\"de\"},{\"@type\":\"Organization\",\"@id\":\"https:\\\/\\\/www.alfred-scheerer.de\\\/shop\\\/#organization\",\"name\":\"Scheerer GmbH\",\"url\":\"https:\\\/\\\/www.alfred-scheerer.de\\\/shop\\\/\",\"logo\":{\"@type\":\"ImageObject\",\"inLanguage\":\"de\",\"@id\":\"https:\\\/\\\/www.alfred-scheerer.de\\\/shop\\\/#\\\/schema\\\/logo\\\/image\\\/\",\"url\":\"https:\\\/\\\/alfred-scheerer.de\\\/shop\\\/wp-content\\\/uploads\\\/2024\\\/05\\\/baum.jpg\",\"contentUrl\":\"https:\\\/\\\/alfred-scheerer.de\\\/shop\\\/wp-content\\\/uploads\\\/2024\\\/05\\\/baum.jpg\",\"width\":512,\"height\":512,\"caption\":\"Scheerer GmbH\"},\"image\":{\"@id\":\"https:\\\/\\\/www.alfred-scheerer.de\\\/shop\\\/#\\\/schema\\\/logo\\\/image\\\/\"},\"sameAs\":[\"https:\\\/\\\/www.instagram.com\\\/alfredscheerer\\\/\"]}]}<\/script>\n<!-- \/ Yoast SEO plugin. -->","yoast_head_json":{"title":"Ersatzmesser 12 St\u00fcck Segway Navimow | Long-Life | Online kaufen |","description":"Hochwertige Long-Life Ersatzmesser f\u00fcr Segway Navimow M\u00e4hroboter. Langlebig, scharf und effizient f\u00fcr eine perfekte Rasenpflege. Jetzt bestellen!","robots":{"index":"index","follow":"follow","max-snippet":"max-snippet:-1","max-image-preview":"max-image-preview:large","max-video-preview":"max-video-preview:-1"},"canonical":"https:\/\/www.alfred-scheerer.de\/shop\/product\/ersatzmesser-long-life-12-stueck-segway-navimow\/","og_locale":"de_DE","og_type":"article","og_title":"Ersatzmesser 12 St\u00fcck Segway Navimow | Long-Life | Online kaufen |","og_description":"Hochwertige Long-Life Ersatzmesser f\u00fcr Segway Navimow M\u00e4hroboter. Langlebig, scharf und effizient f\u00fcr eine perfekte Rasenpflege. Jetzt bestellen!","og_url":"https:\/\/www.alfred-scheerer.de\/shop\/product\/ersatzmesser-long-life-12-stueck-segway-navimow\/","og_site_name":"Gartentechnik Scheerer","article_modified_time":"2026-04-02T12:24:00+00:00","og_image":[{"width":800,"height":800,"url":"https:\/\/www.alfred-scheerer.de\/shop\/wp-content\/uploads\/2025\/03\/Segway-Longlife-Klingen-X3A06E.jpg","type":"image\/jpeg"}],"twitter_card":"summary_large_image","schema":{"@context":"https:\/\/schema.org","@graph":[{"@type":"WebPage","@id":"https:\/\/www.alfred-scheerer.de\/shop\/product\/ersatzmesser-long-life-12-stueck-segway-navimow\/","url":"https:\/\/www.alfred-scheerer.de\/shop\/product\/ersatzmesser-long-life-12-stueck-segway-navimow\/","name":"Ersatzmesser 12 St\u00fcck Segway Navimow | Long-Life | Online kaufen |","isPartOf":{"@id":"https:\/\/www.alfred-scheerer.de\/shop\/#website"},"primaryImageOfPage":{"@id":"https:\/\/www.alfred-scheerer.de\/shop\/product\/ersatzmesser-long-life-12-stueck-segway-navimow\/#primaryimage"},"image":{"@id":"https:\/\/www.alfred-scheerer.de\/shop\/product\/ersatzmesser-long-life-12-stueck-segway-navimow\/#primaryimage"},"thumbnailUrl":"https:\/\/www.alfred-scheerer.de\/shop\/wp-content\/uploads\/2025\/03\/Segway-Longlife-Klingen-X3A06E.jpg","datePublished":"2025-03-03T18:28:15+00:00","dateModified":"2026-04-02T12:24:00+00:00","description":"Hochwertige Long-Life Ersatzmesser f\u00fcr Segway Navimow M\u00e4hroboter. Langlebig, scharf und effizient f\u00fcr eine perfekte Rasenpflege. Jetzt bestellen!","breadcrumb":{"@id":"https:\/\/www.alfred-scheerer.de\/shop\/product\/ersatzmesser-long-life-12-stueck-segway-navimow\/#breadcrumb"},"inLanguage":"de","potentialAction":[{"@type":"ReadAction","target":["https:\/\/www.alfred-scheerer.de\/shop\/product\/ersatzmesser-long-life-12-stueck-segway-navimow\/"]}]},{"@type":"ImageObject","inLanguage":"de","@id":"https:\/\/www.alfred-scheerer.de\/shop\/product\/ersatzmesser-long-life-12-stueck-segway-navimow\/#primaryimage","url":"https:\/\/www.alfred-scheerer.de\/shop\/wp-content\/uploads\/2025\/03\/Segway-Longlife-Klingen-X3A06E.jpg","contentUrl":"https:\/\/www.alfred-scheerer.de\/shop\/wp-content\/uploads\/2025\/03\/Segway-Longlife-Klingen-X3A06E.jpg","width":800,"height":800,"caption":"Segway Navimow Longlife Klingen X3A06E"},{"@type":"BreadcrumbList","@id":"https:\/\/www.alfred-scheerer.de\/shop\/product\/ersatzmesser-long-life-12-stueck-segway-navimow\/#breadcrumb","itemListElement":[{"@type":"ListItem","position":1,"name":"Startseite","item":"https:\/\/www.alfred-scheerer.de\/shop\/"},{"@type":"ListItem","position":2,"name":"Gartentechnik Scheerer &#8211; Der Online Shop f\u00fcr M\u00e4hroboter und Zubeh\u00f6r","item":"https:\/\/www.alfred-scheerer.de\/shop\/"},{"@type":"ListItem","position":3,"name":"Ersatzmesser Long-Life 12 St\u00fcck Segway Navimow AD.12.00.14.0058"}]},{"@type":"WebSite","@id":"https:\/\/www.alfred-scheerer.de\/shop\/#website","url":"https:\/\/www.alfred-scheerer.de\/shop\/","name":"Scheerer GmbH (ehem. Alfred Scheerer e.K.)","description":"Der Online Shop aus Wermelskirchen f\u00fcr M\u00e4hroboter, Akku Gartenger\u00e4te, Ersatzteile und Zubeh\u00f6r","publisher":{"@id":"https:\/\/www.alfred-scheerer.de\/shop\/#organization"},"potentialAction":[{"@type":"SearchAction","target":{"@type":"EntryPoint","urlTemplate":"https:\/\/www.alfred-scheerer.de\/shop\/?s={search_term_string}"},"query-input":{"@type":"PropertyValueSpecification","valueRequired":true,"valueName":"search_term_string"}}],"inLanguage":"de"},{"@type":"Organization","@id":"https:\/\/www.alfred-scheerer.de\/shop\/#organization","name":"Scheerer GmbH","url":"https:\/\/www.alfred-scheerer.de\/shop\/","logo":{"@type":"ImageObject","inLanguage":"de","@id":"https:\/\/www.alfred-scheerer.de\/shop\/#\/schema\/logo\/image\/","url":"https:\/\/alfred-scheerer.de\/shop\/wp-content\/uploads\/2024\/05\/baum.jpg","contentUrl":"https:\/\/alfred-scheerer.de\/shop\/wp-content\/uploads\/2024\/05\/baum.jpg","width":512,"height":512,"caption":"Scheerer GmbH"},"image":{"@id":"https:\/\/www.alfred-scheerer.de\/shop\/#\/schema\/logo\/image\/"},"sameAs":["https:\/\/www.instagram.com\/alfredscheerer\/"]}]}},"_links":{"self":[{"href":"https:\/\/www.alfred-scheerer.de\/shop\/wp-json\/wp\/v2\/product\/12292","targetHints":{"allow":["GET"]}}],"collection":[{"href":"https:\/\/www.alfred-scheerer.de\/shop\/wp-json\/wp\/v2\/product"}],"about":[{"href":"https:\/\/www.alfred-scheerer.de\/shop\/wp-json\/wp\/v2\/types\/product"}],"wp:featuredmedia":[{"embeddable":true,"href":"https:\/\/www.alfred-scheerer.de\/shop\/wp-json\/wp\/v2\/media\/12372"}],"wp:attachment":[{"href":"https:\/\/www.alfred-scheerer.de\/shop\/wp-json\/wp\/v2\/media?parent=12292"}],"wp:term":[{"taxonomy":"product_brand","embeddable":true,"href":"https:\/\/www.alfred-scheerer.de\/shop\/wp-json\/wp\/v2\/product_brand?post=12292"},{"taxonomy":"product_cat","embeddable":true,"href":"https:\/\/www.alfred-scheerer.de\/shop\/wp-json\/wp\/v2\/product_cat?post=12292"},{"taxonomy":"product_tag","embeddable":true,"href":"https:\/\/www.alfred-scheerer.de\/shop\/wp-json\/wp\/v2\/product_tag?post=12292"}],"curies":[{"name":"wp","href":"https:\/\/api.w.org\/{rel}","templated":true}]}}