{"id":12305,"date":"2025-03-05T13:22:18","date_gmt":"2025-03-05T12:22:18","guid":{"rendered":"https:\/\/alfred-scheerer.de\/shop\/?post_type=product&#038;p=12305"},"modified":"2025-05-23T13:32:18","modified_gmt":"2025-05-23T11:32:18","slug":"erweiterungsantenne-fuer-segway-navimow-x-serie","status":"publish","type":"product","link":"https:\/\/www.alfred-scheerer.de\/shop\/product\/erweiterungsantenne-fuer-segway-navimow-x-serie\/","title":{"rendered":"Erweiterungsantenne f\u00fcr Segway Navimow X-Serie AD.12.00.14.0047"},"content":{"rendered":"<p data-pm-slice=\"1 1 []\"><strong>Maximale Signalabdeckung<\/strong> f\u00fcr pr\u00e4zises M\u00e4hen \u2013 die <strong>Erweiterungsantenne f\u00fcr die Segway Navimow X-Serie<\/strong> verbessert den Empfang und optimiert die Navigation Ihres M\u00e4hroboters, selbst in schwer zug\u00e4nglichen Bereichen. Ideal f\u00fcr gro\u00dfe und komplexe G\u00e4rten mit Hindernissen wie B\u00e4umen oder Hanglagen, sorgt sie f\u00fcr eine gleichm\u00e4\u00dfige und zuverl\u00e4ssige M\u00e4hleistung ohne Unterbrechungen.<\/p>\n<p>Dank der wetterfesten und langlebigen Konstruktion trotzt die Antenne allen Witterungsbedingungen und gew\u00e4hrleistet eine konstante Signalqualit\u00e4t. <strong>Die Installation ist durch das mitgelieferte Netzteil<\/strong> besonders einfach und schnell durchzuf\u00fchren, sodass Ihr Navimow M\u00e4hroboter in k\u00fcrzester Zeit von einer erweiterten Reichweite profitiert.<\/p>\n<p>Lieferumfang:<br \/>\nErweiterungsantenne<br \/>\nNetzteil<\/p>\n","protected":false},"excerpt":{"rendered":"<p data-pm-slice=\"1 1 []\">Optimieren Sie die Navigation Ihres <strong>Segway Navimow X-Serie<\/strong> M\u00e4hroboters mit der <strong>zus\u00e4tzlichen Erweiterungsantenne (inkl. Netzadapter).<\/strong> Sie verbessert den Empfang, erweitert die Signalreichweite und sorgt f\u00fcr ein pr\u00e4zises und unterbrechungsfreies M\u00e4hergebnis \u2013 ideal f\u00fcr gro\u00dfe und anspruchsvolle G\u00e4rten.<\/p>\n<p>Lieferumfang:<br \/>\nErweiterungsantenne<br \/>\nNetzteil<\/p>\n<p>Weiteres Zubeh\u00f6r findest Du hier: <a href=\"https:\/\/alfred-scheerer.de\/shop\/product-category\/installation-ersatzteile-u-zubehoer\/segway-navimow-ersatzteile-u-zubehoer\/\"><strong>Segway Navimow Zubeh\u00f6r<\/strong><\/a><\/p>\n<p>&nbsp;<\/p>\n","protected":false},"featured_media":12276,"template":"","meta":[],"product_brand":[1753],"product_cat":[1513],"product_tag":[1741,1742,1743,1769],"class_list":{"0":"post-12305","1":"product","2":"type-product","3":"status-publish","4":"has-post-thumbnail","6":"product_brand-segway-navimow","7":"product_cat-segway-navimow-ersatzteile-u-zubehoer","8":"product_tag-ad-12-00-14-0047","9":"product_tag-erweiterungsantenne-fuer-segway-navimow-x-serie","10":"product_tag-erweiterungsantenne","11":"product_tag-x3a11e","13":"first","14":"instock","15":"taxable","16":"shipping-taxable","17":"purchasable","18":"product-type-simple"},"yoast_head":"<!-- This site is optimized with the Yoast SEO plugin v27.4 - https:\/\/yoast.com\/product\/yoast-seo-wordpress\/ -->\n<title>Erweiterungsantenne f\u00fcr Segway Navimow X-Serie | hier kaufen<\/title>\n<meta name=\"description\" content=\"Verbessern Sie die Signalabdeckung Ihres Segway Navimow X-Serie M\u00e4hroboters mit der Erweiterungsantenne. Perfekt f\u00fcr gro\u00dfe G\u00e4rten \u2013 sorgt f\u00fcr pr\u00e4zises und l\u00fcckenloses M\u00e4hen.\" \/>\n<meta name=\"robots\" content=\"index, follow, max-snippet:-1, max-image-preview:large, max-video-preview:-1\" \/>\n<link rel=\"canonical\" href=\"https:\/\/www.alfred-scheerer.de\/shop\/product\/erweiterungsantenne-fuer-segway-navimow-x-serie\/\" \/>\n<meta property=\"og:locale\" content=\"de_DE\" \/>\n<meta property=\"og:type\" content=\"article\" \/>\n<meta property=\"og:title\" content=\"Erweiterungsantenne f\u00fcr Segway Navimow X-Serie | hier kaufen\" \/>\n<meta property=\"og:description\" content=\"Verbessern Sie die Signalabdeckung Ihres Segway Navimow X-Serie M\u00e4hroboters mit der Erweiterungsantenne. Perfekt f\u00fcr gro\u00dfe G\u00e4rten \u2013 sorgt f\u00fcr pr\u00e4zises und l\u00fcckenloses M\u00e4hen.\" \/>\n<meta property=\"og:url\" content=\"https:\/\/www.alfred-scheerer.de\/shop\/product\/erweiterungsantenne-fuer-segway-navimow-x-serie\/\" \/>\n<meta property=\"og:site_name\" content=\"Gartentechnik Scheerer\" \/>\n<meta property=\"article:modified_time\" content=\"2025-05-23T11:32:18+00:00\" \/>\n<meta property=\"og:image\" content=\"https:\/\/www.alfred-scheerer.de\/shop\/wp-content\/uploads\/2023\/02\/Navimow_X_Erweiterungsantenne.jpg\" \/>\n\t<meta property=\"og:image:width\" content=\"800\" \/>\n\t<meta property=\"og:image:height\" content=\"800\" \/>\n\t<meta property=\"og:image:type\" content=\"image\/jpeg\" \/>\n<meta name=\"twitter:card\" content=\"summary_large_image\" \/>\n<meta name=\"twitter:label1\" content=\"Gesch\u00e4tzte Lesezeit\" \/>\n\t<meta name=\"twitter:data1\" content=\"1\u00a0Minute\" \/>\n<script type=\"application\/ld+json\" class=\"yoast-schema-graph\">{\"@context\":\"https:\\\/\\\/schema.org\",\"@graph\":[{\"@type\":\"WebPage\",\"@id\":\"https:\\\/\\\/www.alfred-scheerer.de\\\/shop\\\/product\\\/erweiterungsantenne-fuer-segway-navimow-x-serie\\\/\",\"url\":\"https:\\\/\\\/www.alfred-scheerer.de\\\/shop\\\/product\\\/erweiterungsantenne-fuer-segway-navimow-x-serie\\\/\",\"name\":\"Erweiterungsantenne f\u00fcr Segway Navimow X-Serie | hier kaufen\",\"isPartOf\":{\"@id\":\"https:\\\/\\\/www.alfred-scheerer.de\\\/shop\\\/#website\"},\"primaryImageOfPage\":{\"@id\":\"https:\\\/\\\/www.alfred-scheerer.de\\\/shop\\\/product\\\/erweiterungsantenne-fuer-segway-navimow-x-serie\\\/#primaryimage\"},\"image\":{\"@id\":\"https:\\\/\\\/www.alfred-scheerer.de\\\/shop\\\/product\\\/erweiterungsantenne-fuer-segway-navimow-x-serie\\\/#primaryimage\"},\"thumbnailUrl\":\"https:\\\/\\\/www.alfred-scheerer.de\\\/shop\\\/wp-content\\\/uploads\\\/2023\\\/02\\\/Navimow_X_Erweiterungsantenne.jpg\",\"datePublished\":\"2025-03-05T12:22:18+00:00\",\"dateModified\":\"2025-05-23T11:32:18+00:00\",\"description\":\"Verbessern Sie die Signalabdeckung Ihres Segway Navimow X-Serie M\u00e4hroboters mit der Erweiterungsantenne. Perfekt f\u00fcr gro\u00dfe G\u00e4rten \u2013 sorgt f\u00fcr pr\u00e4zises und l\u00fcckenloses M\u00e4hen.\",\"breadcrumb\":{\"@id\":\"https:\\\/\\\/www.alfred-scheerer.de\\\/shop\\\/product\\\/erweiterungsantenne-fuer-segway-navimow-x-serie\\\/#breadcrumb\"},\"inLanguage\":\"de\",\"potentialAction\":[{\"@type\":\"ReadAction\",\"target\":[\"https:\\\/\\\/www.alfred-scheerer.de\\\/shop\\\/product\\\/erweiterungsantenne-fuer-segway-navimow-x-serie\\\/\"]}]},{\"@type\":\"ImageObject\",\"inLanguage\":\"de\",\"@id\":\"https:\\\/\\\/www.alfred-scheerer.de\\\/shop\\\/product\\\/erweiterungsantenne-fuer-segway-navimow-x-serie\\\/#primaryimage\",\"url\":\"https:\\\/\\\/www.alfred-scheerer.de\\\/shop\\\/wp-content\\\/uploads\\\/2023\\\/02\\\/Navimow_X_Erweiterungsantenne.jpg\",\"contentUrl\":\"https:\\\/\\\/www.alfred-scheerer.de\\\/shop\\\/wp-content\\\/uploads\\\/2023\\\/02\\\/Navimow_X_Erweiterungsantenne.jpg\",\"width\":800,\"height\":800,\"caption\":\"Segway Navimow X-Serie Erweiterungsantenne\"},{\"@type\":\"BreadcrumbList\",\"@id\":\"https:\\\/\\\/www.alfred-scheerer.de\\\/shop\\\/product\\\/erweiterungsantenne-fuer-segway-navimow-x-serie\\\/#breadcrumb\",\"itemListElement\":[{\"@type\":\"ListItem\",\"position\":1,\"name\":\"Startseite\",\"item\":\"https:\\\/\\\/www.alfred-scheerer.de\\\/shop\\\/\"},{\"@type\":\"ListItem\",\"position\":2,\"name\":\"Gartentechnik Scheerer &#8211; Der Online Shop f\u00fcr M\u00e4hroboter und Zubeh\u00f6r\",\"item\":\"https:\\\/\\\/www.alfred-scheerer.de\\\/shop\\\/\"},{\"@type\":\"ListItem\",\"position\":3,\"name\":\"Erweiterungsantenne f\u00fcr Segway Navimow X-Serie AD.12.00.14.0047\"}]},{\"@type\":\"WebSite\",\"@id\":\"https:\\\/\\\/www.alfred-scheerer.de\\\/shop\\\/#website\",\"url\":\"https:\\\/\\\/www.alfred-scheerer.de\\\/shop\\\/\",\"name\":\"Scheerer GmbH (ehem. Alfred Scheerer e.K.)\",\"description\":\"Der Online Shop aus Wermelskirchen f\u00fcr M\u00e4hroboter, Akku Gartenger\u00e4te, Ersatzteile und Zubeh\u00f6r\",\"publisher\":{\"@id\":\"https:\\\/\\\/www.alfred-scheerer.de\\\/shop\\\/#organization\"},\"potentialAction\":[{\"@type\":\"SearchAction\",\"target\":{\"@type\":\"EntryPoint\",\"urlTemplate\":\"https:\\\/\\\/www.alfred-scheerer.de\\\/shop\\\/?s={search_term_string}\"},\"query-input\":{\"@type\":\"PropertyValueSpecification\",\"valueRequired\":true,\"valueName\":\"search_term_string\"}}],\"inLanguage\":\"de\"},{\"@type\":\"Organization\",\"@id\":\"https:\\\/\\\/www.alfred-scheerer.de\\\/shop\\\/#organization\",\"name\":\"Scheerer GmbH\",\"url\":\"https:\\\/\\\/www.alfred-scheerer.de\\\/shop\\\/\",\"logo\":{\"@type\":\"ImageObject\",\"inLanguage\":\"de\",\"@id\":\"https:\\\/\\\/www.alfred-scheerer.de\\\/shop\\\/#\\\/schema\\\/logo\\\/image\\\/\",\"url\":\"https:\\\/\\\/alfred-scheerer.de\\\/shop\\\/wp-content\\\/uploads\\\/2024\\\/05\\\/baum.jpg\",\"contentUrl\":\"https:\\\/\\\/alfred-scheerer.de\\\/shop\\\/wp-content\\\/uploads\\\/2024\\\/05\\\/baum.jpg\",\"width\":512,\"height\":512,\"caption\":\"Scheerer GmbH\"},\"image\":{\"@id\":\"https:\\\/\\\/www.alfred-scheerer.de\\\/shop\\\/#\\\/schema\\\/logo\\\/image\\\/\"},\"sameAs\":[\"https:\\\/\\\/www.instagram.com\\\/alfredscheerer\\\/\"]}]}<\/script>\n<!-- \/ Yoast SEO plugin. -->","yoast_head_json":{"title":"Erweiterungsantenne f\u00fcr Segway Navimow X-Serie | hier kaufen","description":"Verbessern Sie die Signalabdeckung Ihres Segway Navimow X-Serie M\u00e4hroboters mit der Erweiterungsantenne. Perfekt f\u00fcr gro\u00dfe G\u00e4rten \u2013 sorgt f\u00fcr pr\u00e4zises und l\u00fcckenloses M\u00e4hen.","robots":{"index":"index","follow":"follow","max-snippet":"max-snippet:-1","max-image-preview":"max-image-preview:large","max-video-preview":"max-video-preview:-1"},"canonical":"https:\/\/www.alfred-scheerer.de\/shop\/product\/erweiterungsantenne-fuer-segway-navimow-x-serie\/","og_locale":"de_DE","og_type":"article","og_title":"Erweiterungsantenne f\u00fcr Segway Navimow X-Serie | hier kaufen","og_description":"Verbessern Sie die Signalabdeckung Ihres Segway Navimow X-Serie M\u00e4hroboters mit der Erweiterungsantenne. Perfekt f\u00fcr gro\u00dfe G\u00e4rten \u2013 sorgt f\u00fcr pr\u00e4zises und l\u00fcckenloses M\u00e4hen.","og_url":"https:\/\/www.alfred-scheerer.de\/shop\/product\/erweiterungsantenne-fuer-segway-navimow-x-serie\/","og_site_name":"Gartentechnik Scheerer","article_modified_time":"2025-05-23T11:32:18+00:00","og_image":[{"width":800,"height":800,"url":"https:\/\/www.alfred-scheerer.de\/shop\/wp-content\/uploads\/2023\/02\/Navimow_X_Erweiterungsantenne.jpg","type":"image\/jpeg"}],"twitter_card":"summary_large_image","twitter_misc":{"Gesch\u00e4tzte Lesezeit":"1\u00a0Minute"},"schema":{"@context":"https:\/\/schema.org","@graph":[{"@type":"WebPage","@id":"https:\/\/www.alfred-scheerer.de\/shop\/product\/erweiterungsantenne-fuer-segway-navimow-x-serie\/","url":"https:\/\/www.alfred-scheerer.de\/shop\/product\/erweiterungsantenne-fuer-segway-navimow-x-serie\/","name":"Erweiterungsantenne f\u00fcr Segway Navimow X-Serie | hier kaufen","isPartOf":{"@id":"https:\/\/www.alfred-scheerer.de\/shop\/#website"},"primaryImageOfPage":{"@id":"https:\/\/www.alfred-scheerer.de\/shop\/product\/erweiterungsantenne-fuer-segway-navimow-x-serie\/#primaryimage"},"image":{"@id":"https:\/\/www.alfred-scheerer.de\/shop\/product\/erweiterungsantenne-fuer-segway-navimow-x-serie\/#primaryimage"},"thumbnailUrl":"https:\/\/www.alfred-scheerer.de\/shop\/wp-content\/uploads\/2023\/02\/Navimow_X_Erweiterungsantenne.jpg","datePublished":"2025-03-05T12:22:18+00:00","dateModified":"2025-05-23T11:32:18+00:00","description":"Verbessern Sie die Signalabdeckung Ihres Segway Navimow X-Serie M\u00e4hroboters mit der Erweiterungsantenne. Perfekt f\u00fcr gro\u00dfe G\u00e4rten \u2013 sorgt f\u00fcr pr\u00e4zises und l\u00fcckenloses M\u00e4hen.","breadcrumb":{"@id":"https:\/\/www.alfred-scheerer.de\/shop\/product\/erweiterungsantenne-fuer-segway-navimow-x-serie\/#breadcrumb"},"inLanguage":"de","potentialAction":[{"@type":"ReadAction","target":["https:\/\/www.alfred-scheerer.de\/shop\/product\/erweiterungsantenne-fuer-segway-navimow-x-serie\/"]}]},{"@type":"ImageObject","inLanguage":"de","@id":"https:\/\/www.alfred-scheerer.de\/shop\/product\/erweiterungsantenne-fuer-segway-navimow-x-serie\/#primaryimage","url":"https:\/\/www.alfred-scheerer.de\/shop\/wp-content\/uploads\/2023\/02\/Navimow_X_Erweiterungsantenne.jpg","contentUrl":"https:\/\/www.alfred-scheerer.de\/shop\/wp-content\/uploads\/2023\/02\/Navimow_X_Erweiterungsantenne.jpg","width":800,"height":800,"caption":"Segway Navimow X-Serie Erweiterungsantenne"},{"@type":"BreadcrumbList","@id":"https:\/\/www.alfred-scheerer.de\/shop\/product\/erweiterungsantenne-fuer-segway-navimow-x-serie\/#breadcrumb","itemListElement":[{"@type":"ListItem","position":1,"name":"Startseite","item":"https:\/\/www.alfred-scheerer.de\/shop\/"},{"@type":"ListItem","position":2,"name":"Gartentechnik Scheerer &#8211; Der Online Shop f\u00fcr M\u00e4hroboter und Zubeh\u00f6r","item":"https:\/\/www.alfred-scheerer.de\/shop\/"},{"@type":"ListItem","position":3,"name":"Erweiterungsantenne f\u00fcr Segway Navimow X-Serie AD.12.00.14.0047"}]},{"@type":"WebSite","@id":"https:\/\/www.alfred-scheerer.de\/shop\/#website","url":"https:\/\/www.alfred-scheerer.de\/shop\/","name":"Scheerer GmbH (ehem. Alfred Scheerer e.K.)","description":"Der Online Shop aus Wermelskirchen f\u00fcr M\u00e4hroboter, Akku Gartenger\u00e4te, Ersatzteile und Zubeh\u00f6r","publisher":{"@id":"https:\/\/www.alfred-scheerer.de\/shop\/#organization"},"potentialAction":[{"@type":"SearchAction","target":{"@type":"EntryPoint","urlTemplate":"https:\/\/www.alfred-scheerer.de\/shop\/?s={search_term_string}"},"query-input":{"@type":"PropertyValueSpecification","valueRequired":true,"valueName":"search_term_string"}}],"inLanguage":"de"},{"@type":"Organization","@id":"https:\/\/www.alfred-scheerer.de\/shop\/#organization","name":"Scheerer GmbH","url":"https:\/\/www.alfred-scheerer.de\/shop\/","logo":{"@type":"ImageObject","inLanguage":"de","@id":"https:\/\/www.alfred-scheerer.de\/shop\/#\/schema\/logo\/image\/","url":"https:\/\/alfred-scheerer.de\/shop\/wp-content\/uploads\/2024\/05\/baum.jpg","contentUrl":"https:\/\/alfred-scheerer.de\/shop\/wp-content\/uploads\/2024\/05\/baum.jpg","width":512,"height":512,"caption":"Scheerer GmbH"},"image":{"@id":"https:\/\/www.alfred-scheerer.de\/shop\/#\/schema\/logo\/image\/"},"sameAs":["https:\/\/www.instagram.com\/alfredscheerer\/"]}]}},"_links":{"self":[{"href":"https:\/\/www.alfred-scheerer.de\/shop\/wp-json\/wp\/v2\/product\/12305","targetHints":{"allow":["GET"]}}],"collection":[{"href":"https:\/\/www.alfred-scheerer.de\/shop\/wp-json\/wp\/v2\/product"}],"about":[{"href":"https:\/\/www.alfred-scheerer.de\/shop\/wp-json\/wp\/v2\/types\/product"}],"wp:featuredmedia":[{"embeddable":true,"href":"https:\/\/www.alfred-scheerer.de\/shop\/wp-json\/wp\/v2\/media\/12276"}],"wp:attachment":[{"href":"https:\/\/www.alfred-scheerer.de\/shop\/wp-json\/wp\/v2\/media?parent=12305"}],"wp:term":[{"taxonomy":"product_brand","embeddable":true,"href":"https:\/\/www.alfred-scheerer.de\/shop\/wp-json\/wp\/v2\/product_brand?post=12305"},{"taxonomy":"product_cat","embeddable":true,"href":"https:\/\/www.alfred-scheerer.de\/shop\/wp-json\/wp\/v2\/product_cat?post=12305"},{"taxonomy":"product_tag","embeddable":true,"href":"https:\/\/www.alfred-scheerer.de\/shop\/wp-json\/wp\/v2\/product_tag?post=12305"}],"curies":[{"name":"wp","href":"https:\/\/api.w.org\/{rel}","templated":true}]}}