{"id":12308,"date":"2025-03-05T14:04:29","date_gmt":"2025-03-05T13:04:29","guid":{"rendered":"https:\/\/alfred-scheerer.de\/shop\/?post_type=product&#038;p=12308"},"modified":"2025-06-12T15:28:12","modified_gmt":"2025-06-12T13:28:12","slug":"ersatzfadenkopf-fuer-den-segway-navimow-trimmer-x-serie","status":"publish","type":"product","link":"https:\/\/www.alfred-scheerer.de\/shop\/product\/ersatzfadenkopf-fuer-den-segway-navimow-trimmer-x-serie\/","title":{"rendered":"Ersatzfadenkopf f\u00fcr den Segway Navimow Trimmer X-Serie AD.12.00.14.0051"},"content":{"rendered":"<p data-pm-slice=\"1 1 []\">Der Ersatzfadenkopf f\u00fcr den <strong>Trimmer der Segway Navimow X-Serie<\/strong> ist die ideale L\u00f6sung f\u00fcr pr\u00e4zise Schnitte an Rasenkanten und schwer zug\u00e4nglichen Bereichen. Speziell f\u00fcr die Trimmer der Navimow X-Serie entwickelt, gew\u00e4hrleistet dieses hochwertige Ersatzteil eine langlebige Leistung und saubere Schnittergebnisse bei jeder Anwendung.<\/p>\n<p>Dank der robusten Bauweise h\u00e4lt der Fadenkopf auch intensiver Nutzung stand und sorgt f\u00fcr eine gleichbleibend hohe Schneidleistung. Der einfache Austausch erm\u00f6glicht eine schnelle und m\u00fchelose Wartung, sodass Ihr Trimmer stets betriebsbereit bleibt. Perfekt f\u00fcr eine effiziente und pr\u00e4zise Rasenpflege.<\/p>\n","protected":false},"excerpt":{"rendered":"<p data-pm-slice=\"1 1 []\"><strong>Hochwertiger Ersatzfadenkopf f\u00fcr den Segway Navimow X-Serie Trimmer.<\/strong> Langlebig, robust und einfach auszutauschen \u2013 f\u00fcr pr\u00e4zise Schnitte an Rasenkanten und schwer zug\u00e4nglichen Stellen.<\/p>\n<p>Weiteres Zubeh\u00f6r findest Du hier: <a href=\"https:\/\/alfred-scheerer.de\/shop\/product-category\/installation-ersatzteile-u-zubehoer\/segway-navimow-ersatzteile-u-zubehoer\/\"><strong>Segway Navimow Zubeh\u00f6r<\/strong><\/a><\/p>\n<p>&nbsp;<\/p>\n","protected":false},"featured_media":12274,"template":"","meta":[],"product_brand":[1753],"product_cat":[1513],"product_tag":[1730,1732,1744,1589,1727,1729],"class_list":{"0":"post-12308","1":"product","2":"type-product","3":"status-publish","4":"has-post-thumbnail","6":"product_brand-segway-navimow","7":"product_cat-segway-navimow-ersatzteile-u-zubehoer","8":"product_tag-randtrimmer","9":"product_tag-ersatzfadenspule","10":"product_tag-ad-12-00-14-0051","11":"product_tag-segway-navimow","12":"product_tag-trimmer","13":"product_tag-trimmer-fuer-navimow-x3-serie","15":"first","16":"instock","17":"taxable","18":"shipping-taxable","19":"purchasable","20":"product-type-simple"},"yoast_head":"<!-- This site is optimized with the Yoast SEO plugin v27.4 - https:\/\/yoast.com\/product\/yoast-seo-wordpress\/ -->\n<title>Segway Navimow Ersatzfadenkopf f\u00fcr den Trimmer der X-Serie<\/title>\n<meta name=\"description\" content=\"Optimieren Sie Ihren Segway Navimow X-Serie Trimmer mit dem langlebigen Ersatzfadenkopf. Einfacher Austausch f\u00fcr eine kontinuierlich effiziente Rasenpflege!\" \/>\n<meta name=\"robots\" content=\"index, follow, max-snippet:-1, max-image-preview:large, max-video-preview:-1\" \/>\n<link rel=\"canonical\" href=\"https:\/\/www.alfred-scheerer.de\/shop\/product\/ersatzfadenkopf-fuer-den-segway-navimow-trimmer-x-serie\/\" \/>\n<meta property=\"og:locale\" content=\"de_DE\" \/>\n<meta property=\"og:type\" content=\"article\" \/>\n<meta property=\"og:title\" content=\"Segway Navimow Ersatzfadenkopf f\u00fcr den Trimmer der X-Serie\" \/>\n<meta property=\"og:description\" content=\"Optimieren Sie Ihren Segway Navimow X-Serie Trimmer mit dem langlebigen Ersatzfadenkopf. Einfacher Austausch f\u00fcr eine kontinuierlich effiziente Rasenpflege!\" \/>\n<meta property=\"og:url\" content=\"https:\/\/www.alfred-scheerer.de\/shop\/product\/ersatzfadenkopf-fuer-den-segway-navimow-trimmer-x-serie\/\" \/>\n<meta property=\"og:site_name\" content=\"Gartentechnik Scheerer\" \/>\n<meta property=\"article:modified_time\" content=\"2025-06-12T13:28:12+00:00\" \/>\n<meta property=\"og:image\" content=\"https:\/\/www.alfred-scheerer.de\/shop\/wp-content\/uploads\/2023\/02\/Navimow_X_Ersatz-Trimmerkopf.jpg\" \/>\n\t<meta property=\"og:image:width\" content=\"741\" \/>\n\t<meta property=\"og:image:height\" content=\"741\" \/>\n\t<meta property=\"og:image:type\" content=\"image\/jpeg\" \/>\n<meta name=\"twitter:card\" content=\"summary_large_image\" \/>\n<script type=\"application\/ld+json\" class=\"yoast-schema-graph\">{\"@context\":\"https:\\\/\\\/schema.org\",\"@graph\":[{\"@type\":\"WebPage\",\"@id\":\"https:\\\/\\\/www.alfred-scheerer.de\\\/shop\\\/product\\\/ersatzfadenkopf-fuer-den-segway-navimow-trimmer-x-serie\\\/\",\"url\":\"https:\\\/\\\/www.alfred-scheerer.de\\\/shop\\\/product\\\/ersatzfadenkopf-fuer-den-segway-navimow-trimmer-x-serie\\\/\",\"name\":\"Segway Navimow Ersatzfadenkopf f\u00fcr den Trimmer der X-Serie\",\"isPartOf\":{\"@id\":\"https:\\\/\\\/www.alfred-scheerer.de\\\/shop\\\/#website\"},\"primaryImageOfPage\":{\"@id\":\"https:\\\/\\\/www.alfred-scheerer.de\\\/shop\\\/product\\\/ersatzfadenkopf-fuer-den-segway-navimow-trimmer-x-serie\\\/#primaryimage\"},\"image\":{\"@id\":\"https:\\\/\\\/www.alfred-scheerer.de\\\/shop\\\/product\\\/ersatzfadenkopf-fuer-den-segway-navimow-trimmer-x-serie\\\/#primaryimage\"},\"thumbnailUrl\":\"https:\\\/\\\/www.alfred-scheerer.de\\\/shop\\\/wp-content\\\/uploads\\\/2023\\\/02\\\/Navimow_X_Ersatz-Trimmerkopf.jpg\",\"datePublished\":\"2025-03-05T13:04:29+00:00\",\"dateModified\":\"2025-06-12T13:28:12+00:00\",\"description\":\"Optimieren Sie Ihren Segway Navimow X-Serie Trimmer mit dem langlebigen Ersatzfadenkopf. Einfacher Austausch f\u00fcr eine kontinuierlich effiziente Rasenpflege!\",\"breadcrumb\":{\"@id\":\"https:\\\/\\\/www.alfred-scheerer.de\\\/shop\\\/product\\\/ersatzfadenkopf-fuer-den-segway-navimow-trimmer-x-serie\\\/#breadcrumb\"},\"inLanguage\":\"de\",\"potentialAction\":[{\"@type\":\"ReadAction\",\"target\":[\"https:\\\/\\\/www.alfred-scheerer.de\\\/shop\\\/product\\\/ersatzfadenkopf-fuer-den-segway-navimow-trimmer-x-serie\\\/\"]}]},{\"@type\":\"ImageObject\",\"inLanguage\":\"de\",\"@id\":\"https:\\\/\\\/www.alfred-scheerer.de\\\/shop\\\/product\\\/ersatzfadenkopf-fuer-den-segway-navimow-trimmer-x-serie\\\/#primaryimage\",\"url\":\"https:\\\/\\\/www.alfred-scheerer.de\\\/shop\\\/wp-content\\\/uploads\\\/2023\\\/02\\\/Navimow_X_Ersatz-Trimmerkopf.jpg\",\"contentUrl\":\"https:\\\/\\\/www.alfred-scheerer.de\\\/shop\\\/wp-content\\\/uploads\\\/2023\\\/02\\\/Navimow_X_Ersatz-Trimmerkopf.jpg\",\"width\":741,\"height\":741,\"caption\":\"Ersatz-Fadenkopf f\u00fcr Segway Navimow Trimmer\"},{\"@type\":\"BreadcrumbList\",\"@id\":\"https:\\\/\\\/www.alfred-scheerer.de\\\/shop\\\/product\\\/ersatzfadenkopf-fuer-den-segway-navimow-trimmer-x-serie\\\/#breadcrumb\",\"itemListElement\":[{\"@type\":\"ListItem\",\"position\":1,\"name\":\"Startseite\",\"item\":\"https:\\\/\\\/www.alfred-scheerer.de\\\/shop\\\/\"},{\"@type\":\"ListItem\",\"position\":2,\"name\":\"Gartentechnik Scheerer &#8211; Der Online Shop f\u00fcr M\u00e4hroboter und Zubeh\u00f6r\",\"item\":\"https:\\\/\\\/www.alfred-scheerer.de\\\/shop\\\/\"},{\"@type\":\"ListItem\",\"position\":3,\"name\":\"Ersatzfadenkopf f\u00fcr den Segway Navimow Trimmer X-Serie AD.12.00.14.0051\"}]},{\"@type\":\"WebSite\",\"@id\":\"https:\\\/\\\/www.alfred-scheerer.de\\\/shop\\\/#website\",\"url\":\"https:\\\/\\\/www.alfred-scheerer.de\\\/shop\\\/\",\"name\":\"Scheerer GmbH (ehem. Alfred Scheerer e.K.)\",\"description\":\"Der Online Shop aus Wermelskirchen f\u00fcr M\u00e4hroboter, Akku Gartenger\u00e4te, Ersatzteile und Zubeh\u00f6r\",\"publisher\":{\"@id\":\"https:\\\/\\\/www.alfred-scheerer.de\\\/shop\\\/#organization\"},\"potentialAction\":[{\"@type\":\"SearchAction\",\"target\":{\"@type\":\"EntryPoint\",\"urlTemplate\":\"https:\\\/\\\/www.alfred-scheerer.de\\\/shop\\\/?s={search_term_string}\"},\"query-input\":{\"@type\":\"PropertyValueSpecification\",\"valueRequired\":true,\"valueName\":\"search_term_string\"}}],\"inLanguage\":\"de\"},{\"@type\":\"Organization\",\"@id\":\"https:\\\/\\\/www.alfred-scheerer.de\\\/shop\\\/#organization\",\"name\":\"Scheerer GmbH\",\"url\":\"https:\\\/\\\/www.alfred-scheerer.de\\\/shop\\\/\",\"logo\":{\"@type\":\"ImageObject\",\"inLanguage\":\"de\",\"@id\":\"https:\\\/\\\/www.alfred-scheerer.de\\\/shop\\\/#\\\/schema\\\/logo\\\/image\\\/\",\"url\":\"https:\\\/\\\/alfred-scheerer.de\\\/shop\\\/wp-content\\\/uploads\\\/2024\\\/05\\\/baum.jpg\",\"contentUrl\":\"https:\\\/\\\/alfred-scheerer.de\\\/shop\\\/wp-content\\\/uploads\\\/2024\\\/05\\\/baum.jpg\",\"width\":512,\"height\":512,\"caption\":\"Scheerer GmbH\"},\"image\":{\"@id\":\"https:\\\/\\\/www.alfred-scheerer.de\\\/shop\\\/#\\\/schema\\\/logo\\\/image\\\/\"},\"sameAs\":[\"https:\\\/\\\/www.instagram.com\\\/alfredscheerer\\\/\"]}]}<\/script>\n<!-- \/ Yoast SEO plugin. -->","yoast_head_json":{"title":"Segway Navimow Ersatzfadenkopf f\u00fcr den Trimmer der X-Serie","description":"Optimieren Sie Ihren Segway Navimow X-Serie Trimmer mit dem langlebigen Ersatzfadenkopf. Einfacher Austausch f\u00fcr eine kontinuierlich effiziente Rasenpflege!","robots":{"index":"index","follow":"follow","max-snippet":"max-snippet:-1","max-image-preview":"max-image-preview:large","max-video-preview":"max-video-preview:-1"},"canonical":"https:\/\/www.alfred-scheerer.de\/shop\/product\/ersatzfadenkopf-fuer-den-segway-navimow-trimmer-x-serie\/","og_locale":"de_DE","og_type":"article","og_title":"Segway Navimow Ersatzfadenkopf f\u00fcr den Trimmer der X-Serie","og_description":"Optimieren Sie Ihren Segway Navimow X-Serie Trimmer mit dem langlebigen Ersatzfadenkopf. Einfacher Austausch f\u00fcr eine kontinuierlich effiziente Rasenpflege!","og_url":"https:\/\/www.alfred-scheerer.de\/shop\/product\/ersatzfadenkopf-fuer-den-segway-navimow-trimmer-x-serie\/","og_site_name":"Gartentechnik Scheerer","article_modified_time":"2025-06-12T13:28:12+00:00","og_image":[{"width":741,"height":741,"url":"https:\/\/www.alfred-scheerer.de\/shop\/wp-content\/uploads\/2023\/02\/Navimow_X_Ersatz-Trimmerkopf.jpg","type":"image\/jpeg"}],"twitter_card":"summary_large_image","schema":{"@context":"https:\/\/schema.org","@graph":[{"@type":"WebPage","@id":"https:\/\/www.alfred-scheerer.de\/shop\/product\/ersatzfadenkopf-fuer-den-segway-navimow-trimmer-x-serie\/","url":"https:\/\/www.alfred-scheerer.de\/shop\/product\/ersatzfadenkopf-fuer-den-segway-navimow-trimmer-x-serie\/","name":"Segway Navimow Ersatzfadenkopf f\u00fcr den Trimmer der X-Serie","isPartOf":{"@id":"https:\/\/www.alfred-scheerer.de\/shop\/#website"},"primaryImageOfPage":{"@id":"https:\/\/www.alfred-scheerer.de\/shop\/product\/ersatzfadenkopf-fuer-den-segway-navimow-trimmer-x-serie\/#primaryimage"},"image":{"@id":"https:\/\/www.alfred-scheerer.de\/shop\/product\/ersatzfadenkopf-fuer-den-segway-navimow-trimmer-x-serie\/#primaryimage"},"thumbnailUrl":"https:\/\/www.alfred-scheerer.de\/shop\/wp-content\/uploads\/2023\/02\/Navimow_X_Ersatz-Trimmerkopf.jpg","datePublished":"2025-03-05T13:04:29+00:00","dateModified":"2025-06-12T13:28:12+00:00","description":"Optimieren Sie Ihren Segway Navimow X-Serie Trimmer mit dem langlebigen Ersatzfadenkopf. Einfacher Austausch f\u00fcr eine kontinuierlich effiziente Rasenpflege!","breadcrumb":{"@id":"https:\/\/www.alfred-scheerer.de\/shop\/product\/ersatzfadenkopf-fuer-den-segway-navimow-trimmer-x-serie\/#breadcrumb"},"inLanguage":"de","potentialAction":[{"@type":"ReadAction","target":["https:\/\/www.alfred-scheerer.de\/shop\/product\/ersatzfadenkopf-fuer-den-segway-navimow-trimmer-x-serie\/"]}]},{"@type":"ImageObject","inLanguage":"de","@id":"https:\/\/www.alfred-scheerer.de\/shop\/product\/ersatzfadenkopf-fuer-den-segway-navimow-trimmer-x-serie\/#primaryimage","url":"https:\/\/www.alfred-scheerer.de\/shop\/wp-content\/uploads\/2023\/02\/Navimow_X_Ersatz-Trimmerkopf.jpg","contentUrl":"https:\/\/www.alfred-scheerer.de\/shop\/wp-content\/uploads\/2023\/02\/Navimow_X_Ersatz-Trimmerkopf.jpg","width":741,"height":741,"caption":"Ersatz-Fadenkopf f\u00fcr Segway Navimow Trimmer"},{"@type":"BreadcrumbList","@id":"https:\/\/www.alfred-scheerer.de\/shop\/product\/ersatzfadenkopf-fuer-den-segway-navimow-trimmer-x-serie\/#breadcrumb","itemListElement":[{"@type":"ListItem","position":1,"name":"Startseite","item":"https:\/\/www.alfred-scheerer.de\/shop\/"},{"@type":"ListItem","position":2,"name":"Gartentechnik Scheerer &#8211; Der Online Shop f\u00fcr M\u00e4hroboter und Zubeh\u00f6r","item":"https:\/\/www.alfred-scheerer.de\/shop\/"},{"@type":"ListItem","position":3,"name":"Ersatzfadenkopf f\u00fcr den Segway Navimow Trimmer X-Serie AD.12.00.14.0051"}]},{"@type":"WebSite","@id":"https:\/\/www.alfred-scheerer.de\/shop\/#website","url":"https:\/\/www.alfred-scheerer.de\/shop\/","name":"Scheerer GmbH (ehem. Alfred Scheerer e.K.)","description":"Der Online Shop aus Wermelskirchen f\u00fcr M\u00e4hroboter, Akku Gartenger\u00e4te, Ersatzteile und Zubeh\u00f6r","publisher":{"@id":"https:\/\/www.alfred-scheerer.de\/shop\/#organization"},"potentialAction":[{"@type":"SearchAction","target":{"@type":"EntryPoint","urlTemplate":"https:\/\/www.alfred-scheerer.de\/shop\/?s={search_term_string}"},"query-input":{"@type":"PropertyValueSpecification","valueRequired":true,"valueName":"search_term_string"}}],"inLanguage":"de"},{"@type":"Organization","@id":"https:\/\/www.alfred-scheerer.de\/shop\/#organization","name":"Scheerer GmbH","url":"https:\/\/www.alfred-scheerer.de\/shop\/","logo":{"@type":"ImageObject","inLanguage":"de","@id":"https:\/\/www.alfred-scheerer.de\/shop\/#\/schema\/logo\/image\/","url":"https:\/\/alfred-scheerer.de\/shop\/wp-content\/uploads\/2024\/05\/baum.jpg","contentUrl":"https:\/\/alfred-scheerer.de\/shop\/wp-content\/uploads\/2024\/05\/baum.jpg","width":512,"height":512,"caption":"Scheerer GmbH"},"image":{"@id":"https:\/\/www.alfred-scheerer.de\/shop\/#\/schema\/logo\/image\/"},"sameAs":["https:\/\/www.instagram.com\/alfredscheerer\/"]}]}},"_links":{"self":[{"href":"https:\/\/www.alfred-scheerer.de\/shop\/wp-json\/wp\/v2\/product\/12308","targetHints":{"allow":["GET"]}}],"collection":[{"href":"https:\/\/www.alfred-scheerer.de\/shop\/wp-json\/wp\/v2\/product"}],"about":[{"href":"https:\/\/www.alfred-scheerer.de\/shop\/wp-json\/wp\/v2\/types\/product"}],"wp:featuredmedia":[{"embeddable":true,"href":"https:\/\/www.alfred-scheerer.de\/shop\/wp-json\/wp\/v2\/media\/12274"}],"wp:attachment":[{"href":"https:\/\/www.alfred-scheerer.de\/shop\/wp-json\/wp\/v2\/media?parent=12308"}],"wp:term":[{"taxonomy":"product_brand","embeddable":true,"href":"https:\/\/www.alfred-scheerer.de\/shop\/wp-json\/wp\/v2\/product_brand?post=12308"},{"taxonomy":"product_cat","embeddable":true,"href":"https:\/\/www.alfred-scheerer.de\/shop\/wp-json\/wp\/v2\/product_cat?post=12308"},{"taxonomy":"product_tag","embeddable":true,"href":"https:\/\/www.alfred-scheerer.de\/shop\/wp-json\/wp\/v2\/product_tag?post=12308"}],"curies":[{"name":"wp","href":"https:\/\/api.w.org\/{rel}","templated":true}]}}