{"id":1300,"date":"2019-12-11T17:42:14","date_gmt":"2019-12-11T16:42:14","guid":{"rendered":"http:\/\/alfred-scheerer.de\/shop\/?post_type=product&#038;p=1300"},"modified":"2025-05-16T15:25:02","modified_gmt":"2025-05-16T13:25:02","slug":"ambrogio-twenty-deluxe","status":"publish","type":"product","link":"https:\/\/www.alfred-scheerer.de\/shop\/product\/ambrogio-twenty-deluxe\/","title":{"rendered":"Ambrogio Twenty Deluxe 700 m\u00b2 Bluetooth"},"content":{"rendered":"<div class=\"heading-block bottommargin-sm nobottomborder\">\n<h2 class=\"nott ls0 lh12 big-head\">Der kleinste Roboter der n\u00e4chsten Generation<\/h2>\n<\/div>\n<div id=\"model_info\" data-readmore=\"\">\n<p>Dieser Mini-Rasenroboter wurde entwickelt, um den \u00f6kologischen Fu\u00dfabdruck bei der Rasenpflege so klein als m\u00f6glich zu halten. Gleichzeitig ist er mit der neuesten Technologie ausgestattet. Prozessoren und Elektronik der n\u00e4chsten Generation, b\u00fcrstenlose Motoren, leistungsstarken Li-Ion Akkus und das 18 cm M\u00e4hwerk erm\u00f6glichen dem Roboter bis zu 4 M\u00e4hzonen auch in komplexen G\u00e4rten zu m\u00e4hen. Dieser Roboter erreicht durch seine hohe Effizienz ein perfektes und schnelles M\u00e4hergebnis bei einer Gr\u00f6\u00dfe von 42 cm und einem Gewicht von knapp 7 kg.<\/p>\n<\/div>\n","protected":false},"excerpt":{"rendered":"<p><span style=\"font-size: 2em;\">Unglaublich kompakt, absolut effizient<\/span><\/p>\n<div id=\"model_info\" data-readmore=\"\">\n<p>Das brandneue Twenty Deluxe Modell ist klein und handlich, arbeitet besonders leise und wurde mit seinem futuristischen Design f\u00fcr ein perfektes Ambrogio Schnittergebnis in kleinen G\u00e4rten bis 700 m\u00b2 entwickelt. Effiziente Arbeitszyklen bewirken eine schnelle und saubere Pflege des Rasens bis in jeden Winkel. Ausgestattet mit Prozessoren der neuesten Generation, b\u00fcrstenlosen Motoren, Li-Ion Akkus und 18 cm Federstahlmesser bew\u00e4ltigt der Ambrogio Twenty bis zu vier M\u00e4hzonen bei einer M\u00e4hzeit von ca. 2:00 h. \u00dcber Bluetooth und der Ambrogio Remote App auf Ihrem Smartphone oder Tablet wird der Roboter programmiert und bedient.<\/p>\n<p><strong>Der Ambrogio Twenty Elite mit einer L\u00e4nge von nur 42 cm und einem Gewicht von 7 kg ist ideal f\u00fcr alle, die einen kompakten und einfach zu bedienenden Roboter ben\u00f6tigen, ohne auf High-Tech-Technologie verzichten zu wollen.<\/strong><\/p>\n<p>Lieferumfang:<br \/>\nRoboter inkl. Ladestation<br \/>\n20 St\u00fcck Fixierungsn\u00e4gel<\/p>\n<p>F\u00fcr die Selbst-Installation wird ein zus\u00e4tzliches <a href=\"https:\/\/alfred-scheerer.de\/shop\/product-category\/installation-ersatzteile-u-zubehoer\/installation-kits\/\"><b>Installations-Kit<\/b><\/a> ben\u00f6tigt, der Roboter wird ohne Begrenzungskabel und ohne N\u00e4gel ausgeliefert.<\/p>\n<p><a href=\"https:\/\/alfred-scheerer.de\/shop\/product-category\/rasenroboter-maehroboter\/ambrogio\/\"><strong>Ambrogio<\/strong><\/a> und <strong><a href=\"https:\/\/alfred-scheerer.de\/shop\/product-category\/rasenroboter-maehroboter\/wiper\/\">Wiper<\/a><\/strong> M\u00e4hroboter sind technisch gesehen baugleich und unterscheiden sich nur im Design und in der Farbgebung.<\/p>\n<\/div>\n","protected":false},"featured_media":3501,"template":"","meta":[],"product_brand":[1756],"product_cat":[67,104,105],"product_tag":[479,437,1001,448,910,438,1002,449,960,439,1003,450,972,440,1004,451,973,441,1006,452,974,442,1007,453,975,56,443,1008,454,997,444,1009,455,998,82,445,1062,456,435,999,446,457,436,1000,447],"class_list":{"0":"post-1300","1":"product","2":"type-product","3":"status-publish","4":"has-post-thumbnail","6":"product_brand-ambrogio","7":"product_cat-bis-800-m","8":"product_cat-ambrogio-maehroboter-rasenroboter","9":"product_cat-rasenroboter-maehroboter","10":"product_tag-ambrogio-twenty","11":"product_tag-ambrogio-rasenroboter","12":"product_tag-automower-310","13":"product_tag-rasenroboter-wermelskirchen","14":"product_tag-twenty-deluxe","15":"product_tag-maehroboter-wermelskirchen","16":"product_tag-husqvarna-310","17":"product_tag-rasenroboter-burscheid","18":"product_tag-ambrogio-nextline","19":"product_tag-maehroboter-burscheid","20":"product_tag-ambrogio-l20","21":"product_tag-rasenroboter-remscheid","22":"product_tag-husqvarna-415x","23":"product_tag-maehroboter-remscheid","24":"product_tag-automower-305","25":"product_tag-rasenroboter-odenthal","26":"product_tag-husqvarna-315x","27":"product_tag-maehroboter-odenthal","28":"product_tag-rasenroboter-gps","29":"product_tag-rasenroboter-bergisch-gladbach","30":"product_tag-automower-415x","31":"product_tag-maehroboter-bergisch-gladbach","32":"product_tag-maehroboter-bluetooth","33":"product_tag-rasenroboter-koeln","34":"product_tag-automower-315x","35":"product_tag-maehroboter","36":"product_tag-maehroboter-leverkusen","37":"product_tag-rasenroboter-bluetooth","38":"product_tag-rasenroboter-leverkusen","39":"product_tag-husqvarna-405x","40":"product_tag-maehroboter-koeln","41":"product_tag-automower-gps","42":"product_tag-rasenroboter-solingen","43":"product_tag-husqvarna-105","44":"product_tag-rasenroboter","45":"product_tag-maehroboter-leichlingen","46":"product_tag-nextline","47":"product_tag-rasenroboter-leichlingen","48":"product_tag-rasenmaeher","49":"product_tag-automower-105","50":"product_tag-maehroboter-solingen","51":"product_tag-rasenroboter-witzhelden","52":"product_tag-ambrogio-maehroboter","53":"product_tag-automower-405x","54":"product_tag-maehroboter-witzhelden","55":"product_shipping_class-roboter-20kg","57":"first","58":"outofstock","59":"sale","60":"featured","61":"taxable","62":"shipping-taxable","63":"purchasable","64":"product-type-simple"},"yoast_head":"<!-- This site is optimized with the Yoast SEO plugin v27.4 - https:\/\/yoast.com\/product\/yoast-seo-wordpress\/ -->\n<title>Ambrogio Twenty Deluxe M\u00e4hroboter 700 m\u00b2 | Angebot |<\/title>\n<meta name=\"robots\" content=\"index, follow, max-snippet:-1, max-image-preview:large, max-video-preview:-1\" \/>\n<link rel=\"canonical\" href=\"https:\/\/www.alfred-scheerer.de\/shop\/product\/ambrogio-twenty-deluxe\/\" \/>\n<meta property=\"og:locale\" content=\"de_DE\" \/>\n<meta property=\"og:type\" content=\"article\" \/>\n<meta property=\"og:title\" content=\"Ambrogio Twenty Deluxe M\u00e4hroboter 700 m\u00b2 | Angebot |\" \/>\n<meta property=\"og:description\" content=\"Unglaublich kompakt, absolut effizient   Das brandneue Twenty Deluxe Modell ist klein und handlich, arbeitet besonders leise und wurde mit seinem futuristischen Design f\u00fcr ein perfektes Ambrogio Schnittergebnis in kleinen G\u00e4rten bis 700 m\u00b2 entwickelt. Effiziente Arbeitszyklen bewirken eine schnelle und saubere Pflege des Rasens bis in jeden Winkel. Ausgestattet mit Prozessoren der neuesten Generation, b\u00fcrstenlosen Motoren, Li-Ion Akkus und 18 cm Federstahlmesser bew\u00e4ltigt der Ambrogio Twenty bis zu vier M\u00e4hzonen bei einer M\u00e4hzeit von ca. 2:00 h. \u00dcber Bluetooth und der Ambrogio Remote App auf Ihrem Smartphone oder Tablet wird der Roboter programmiert und bedient.  Der Ambrogio Twenty Elite mit einer L\u00e4nge von nur 42 cm und einem Gewicht von 7 kg ist ideal f\u00fcr alle, die einen kompakten und einfach zu bedienenden Roboter ben\u00f6tigen, ohne auf High-Tech-Technologie verzichten zu wollen.  Lieferumfang: Roboter inkl. Ladestation 20 St\u00fcck Fixierungsn\u00e4gel  F\u00fcr die Selbst-Installation wird ein zus\u00e4tzliches Installations-Kit ben\u00f6tigt, der Roboter wird ohne Begrenzungskabel und ohne N\u00e4gel ausgeliefert.  Ambrogio und Wiper M\u00e4hroboter sind technisch gesehen baugleich und unterscheiden sich nur im Design und in der Farbgebung.\" \/>\n<meta property=\"og:url\" content=\"https:\/\/www.alfred-scheerer.de\/shop\/product\/ambrogio-twenty-deluxe\/\" \/>\n<meta property=\"og:site_name\" content=\"Gartentechnik Scheerer\" \/>\n<meta property=\"article:modified_time\" content=\"2025-05-16T13:25:02+00:00\" \/>\n<meta property=\"og:image\" content=\"https:\/\/www.alfred-scheerer.de\/shop\/wp-content\/uploads\/2020\/04\/Ambrogio-TWENTY-ELITE.jpg\" \/>\n\t<meta property=\"og:image:width\" content=\"1500\" \/>\n\t<meta property=\"og:image:height\" content=\"1000\" \/>\n\t<meta property=\"og:image:type\" content=\"image\/jpeg\" \/>\n<meta name=\"twitter:card\" content=\"summary_large_image\" \/>\n<script type=\"application\/ld+json\" class=\"yoast-schema-graph\">{\"@context\":\"https:\\\/\\\/schema.org\",\"@graph\":[{\"@type\":\"WebPage\",\"@id\":\"https:\\\/\\\/www.alfred-scheerer.de\\\/shop\\\/product\\\/ambrogio-twenty-deluxe\\\/\",\"url\":\"https:\\\/\\\/www.alfred-scheerer.de\\\/shop\\\/product\\\/ambrogio-twenty-deluxe\\\/\",\"name\":\"Ambrogio Twenty Deluxe M\u00e4hroboter 700 m\u00b2 | Angebot |\",\"isPartOf\":{\"@id\":\"https:\\\/\\\/www.alfred-scheerer.de\\\/shop\\\/#website\"},\"primaryImageOfPage\":{\"@id\":\"https:\\\/\\\/www.alfred-scheerer.de\\\/shop\\\/product\\\/ambrogio-twenty-deluxe\\\/#primaryimage\"},\"image\":{\"@id\":\"https:\\\/\\\/www.alfred-scheerer.de\\\/shop\\\/product\\\/ambrogio-twenty-deluxe\\\/#primaryimage\"},\"thumbnailUrl\":\"https:\\\/\\\/www.alfred-scheerer.de\\\/shop\\\/wp-content\\\/uploads\\\/2020\\\/04\\\/Ambrogio-TWENTY-ELITE.jpg\",\"datePublished\":\"2019-12-11T16:42:14+00:00\",\"dateModified\":\"2025-05-16T13:25:02+00:00\",\"breadcrumb\":{\"@id\":\"https:\\\/\\\/www.alfred-scheerer.de\\\/shop\\\/product\\\/ambrogio-twenty-deluxe\\\/#breadcrumb\"},\"inLanguage\":\"de\",\"potentialAction\":[{\"@type\":\"ReadAction\",\"target\":[\"https:\\\/\\\/www.alfred-scheerer.de\\\/shop\\\/product\\\/ambrogio-twenty-deluxe\\\/\"]}]},{\"@type\":\"ImageObject\",\"inLanguage\":\"de\",\"@id\":\"https:\\\/\\\/www.alfred-scheerer.de\\\/shop\\\/product\\\/ambrogio-twenty-deluxe\\\/#primaryimage\",\"url\":\"https:\\\/\\\/www.alfred-scheerer.de\\\/shop\\\/wp-content\\\/uploads\\\/2020\\\/04\\\/Ambrogio-TWENTY-ELITE.jpg\",\"contentUrl\":\"https:\\\/\\\/www.alfred-scheerer.de\\\/shop\\\/wp-content\\\/uploads\\\/2020\\\/04\\\/Ambrogio-TWENTY-ELITE.jpg\",\"width\":1500,\"height\":1000,\"caption\":\"Ambrogio Twenty Elite - Das kleine Wunder bis 1.300 m\u00b2\"},{\"@type\":\"BreadcrumbList\",\"@id\":\"https:\\\/\\\/www.alfred-scheerer.de\\\/shop\\\/product\\\/ambrogio-twenty-deluxe\\\/#breadcrumb\",\"itemListElement\":[{\"@type\":\"ListItem\",\"position\":1,\"name\":\"Startseite\",\"item\":\"https:\\\/\\\/www.alfred-scheerer.de\\\/shop\\\/\"},{\"@type\":\"ListItem\",\"position\":2,\"name\":\"Gartentechnik Scheerer &#8211; Der Online Shop f\u00fcr M\u00e4hroboter und Zubeh\u00f6r\",\"item\":\"https:\\\/\\\/www.alfred-scheerer.de\\\/shop\\\/\"},{\"@type\":\"ListItem\",\"position\":3,\"name\":\"Ambrogio Twenty Deluxe 700 m\u00b2 Bluetooth\"}]},{\"@type\":\"WebSite\",\"@id\":\"https:\\\/\\\/www.alfred-scheerer.de\\\/shop\\\/#website\",\"url\":\"https:\\\/\\\/www.alfred-scheerer.de\\\/shop\\\/\",\"name\":\"Scheerer GmbH (ehem. Alfred Scheerer e.K.)\",\"description\":\"Der Online Shop aus Wermelskirchen f\u00fcr M\u00e4hroboter, Akku Gartenger\u00e4te, Ersatzteile und Zubeh\u00f6r\",\"publisher\":{\"@id\":\"https:\\\/\\\/www.alfred-scheerer.de\\\/shop\\\/#organization\"},\"potentialAction\":[{\"@type\":\"SearchAction\",\"target\":{\"@type\":\"EntryPoint\",\"urlTemplate\":\"https:\\\/\\\/www.alfred-scheerer.de\\\/shop\\\/?s={search_term_string}\"},\"query-input\":{\"@type\":\"PropertyValueSpecification\",\"valueRequired\":true,\"valueName\":\"search_term_string\"}}],\"inLanguage\":\"de\"},{\"@type\":\"Organization\",\"@id\":\"https:\\\/\\\/www.alfred-scheerer.de\\\/shop\\\/#organization\",\"name\":\"Scheerer GmbH\",\"url\":\"https:\\\/\\\/www.alfred-scheerer.de\\\/shop\\\/\",\"logo\":{\"@type\":\"ImageObject\",\"inLanguage\":\"de\",\"@id\":\"https:\\\/\\\/www.alfred-scheerer.de\\\/shop\\\/#\\\/schema\\\/logo\\\/image\\\/\",\"url\":\"https:\\\/\\\/alfred-scheerer.de\\\/shop\\\/wp-content\\\/uploads\\\/2024\\\/05\\\/baum.jpg\",\"contentUrl\":\"https:\\\/\\\/alfred-scheerer.de\\\/shop\\\/wp-content\\\/uploads\\\/2024\\\/05\\\/baum.jpg\",\"width\":512,\"height\":512,\"caption\":\"Scheerer GmbH\"},\"image\":{\"@id\":\"https:\\\/\\\/www.alfred-scheerer.de\\\/shop\\\/#\\\/schema\\\/logo\\\/image\\\/\"},\"sameAs\":[\"https:\\\/\\\/www.instagram.com\\\/alfredscheerer\\\/\"]}]}<\/script>\n<!-- \/ Yoast SEO plugin. -->","yoast_head_json":{"title":"Ambrogio Twenty Deluxe M\u00e4hroboter 700 m\u00b2 | Angebot |","robots":{"index":"index","follow":"follow","max-snippet":"max-snippet:-1","max-image-preview":"max-image-preview:large","max-video-preview":"max-video-preview:-1"},"canonical":"https:\/\/www.alfred-scheerer.de\/shop\/product\/ambrogio-twenty-deluxe\/","og_locale":"de_DE","og_type":"article","og_title":"Ambrogio Twenty Deluxe M\u00e4hroboter 700 m\u00b2 | Angebot |","og_description":"Unglaublich kompakt, absolut effizient   Das brandneue Twenty Deluxe Modell ist klein und handlich, arbeitet besonders leise und wurde mit seinem futuristischen Design f\u00fcr ein perfektes Ambrogio Schnittergebnis in kleinen G\u00e4rten bis 700 m\u00b2 entwickelt. Effiziente Arbeitszyklen bewirken eine schnelle und saubere Pflege des Rasens bis in jeden Winkel. Ausgestattet mit Prozessoren der neuesten Generation, b\u00fcrstenlosen Motoren, Li-Ion Akkus und 18 cm Federstahlmesser bew\u00e4ltigt der Ambrogio Twenty bis zu vier M\u00e4hzonen bei einer M\u00e4hzeit von ca. 2:00 h. \u00dcber Bluetooth und der Ambrogio Remote App auf Ihrem Smartphone oder Tablet wird der Roboter programmiert und bedient.  Der Ambrogio Twenty Elite mit einer L\u00e4nge von nur 42 cm und einem Gewicht von 7 kg ist ideal f\u00fcr alle, die einen kompakten und einfach zu bedienenden Roboter ben\u00f6tigen, ohne auf High-Tech-Technologie verzichten zu wollen.  Lieferumfang: Roboter inkl. Ladestation 20 St\u00fcck Fixierungsn\u00e4gel  F\u00fcr die Selbst-Installation wird ein zus\u00e4tzliches Installations-Kit ben\u00f6tigt, der Roboter wird ohne Begrenzungskabel und ohne N\u00e4gel ausgeliefert.  Ambrogio und Wiper M\u00e4hroboter sind technisch gesehen baugleich und unterscheiden sich nur im Design und in der Farbgebung.","og_url":"https:\/\/www.alfred-scheerer.de\/shop\/product\/ambrogio-twenty-deluxe\/","og_site_name":"Gartentechnik Scheerer","article_modified_time":"2025-05-16T13:25:02+00:00","og_image":[{"width":1500,"height":1000,"url":"https:\/\/www.alfred-scheerer.de\/shop\/wp-content\/uploads\/2020\/04\/Ambrogio-TWENTY-ELITE.jpg","type":"image\/jpeg"}],"twitter_card":"summary_large_image","schema":{"@context":"https:\/\/schema.org","@graph":[{"@type":"WebPage","@id":"https:\/\/www.alfred-scheerer.de\/shop\/product\/ambrogio-twenty-deluxe\/","url":"https:\/\/www.alfred-scheerer.de\/shop\/product\/ambrogio-twenty-deluxe\/","name":"Ambrogio Twenty Deluxe M\u00e4hroboter 700 m\u00b2 | Angebot |","isPartOf":{"@id":"https:\/\/www.alfred-scheerer.de\/shop\/#website"},"primaryImageOfPage":{"@id":"https:\/\/www.alfred-scheerer.de\/shop\/product\/ambrogio-twenty-deluxe\/#primaryimage"},"image":{"@id":"https:\/\/www.alfred-scheerer.de\/shop\/product\/ambrogio-twenty-deluxe\/#primaryimage"},"thumbnailUrl":"https:\/\/www.alfred-scheerer.de\/shop\/wp-content\/uploads\/2020\/04\/Ambrogio-TWENTY-ELITE.jpg","datePublished":"2019-12-11T16:42:14+00:00","dateModified":"2025-05-16T13:25:02+00:00","breadcrumb":{"@id":"https:\/\/www.alfred-scheerer.de\/shop\/product\/ambrogio-twenty-deluxe\/#breadcrumb"},"inLanguage":"de","potentialAction":[{"@type":"ReadAction","target":["https:\/\/www.alfred-scheerer.de\/shop\/product\/ambrogio-twenty-deluxe\/"]}]},{"@type":"ImageObject","inLanguage":"de","@id":"https:\/\/www.alfred-scheerer.de\/shop\/product\/ambrogio-twenty-deluxe\/#primaryimage","url":"https:\/\/www.alfred-scheerer.de\/shop\/wp-content\/uploads\/2020\/04\/Ambrogio-TWENTY-ELITE.jpg","contentUrl":"https:\/\/www.alfred-scheerer.de\/shop\/wp-content\/uploads\/2020\/04\/Ambrogio-TWENTY-ELITE.jpg","width":1500,"height":1000,"caption":"Ambrogio Twenty Elite - Das kleine Wunder bis 1.300 m\u00b2"},{"@type":"BreadcrumbList","@id":"https:\/\/www.alfred-scheerer.de\/shop\/product\/ambrogio-twenty-deluxe\/#breadcrumb","itemListElement":[{"@type":"ListItem","position":1,"name":"Startseite","item":"https:\/\/www.alfred-scheerer.de\/shop\/"},{"@type":"ListItem","position":2,"name":"Gartentechnik Scheerer &#8211; Der Online Shop f\u00fcr M\u00e4hroboter und Zubeh\u00f6r","item":"https:\/\/www.alfred-scheerer.de\/shop\/"},{"@type":"ListItem","position":3,"name":"Ambrogio Twenty Deluxe 700 m\u00b2 Bluetooth"}]},{"@type":"WebSite","@id":"https:\/\/www.alfred-scheerer.de\/shop\/#website","url":"https:\/\/www.alfred-scheerer.de\/shop\/","name":"Scheerer GmbH (ehem. Alfred Scheerer e.K.)","description":"Der Online Shop aus Wermelskirchen f\u00fcr M\u00e4hroboter, Akku Gartenger\u00e4te, Ersatzteile und Zubeh\u00f6r","publisher":{"@id":"https:\/\/www.alfred-scheerer.de\/shop\/#organization"},"potentialAction":[{"@type":"SearchAction","target":{"@type":"EntryPoint","urlTemplate":"https:\/\/www.alfred-scheerer.de\/shop\/?s={search_term_string}"},"query-input":{"@type":"PropertyValueSpecification","valueRequired":true,"valueName":"search_term_string"}}],"inLanguage":"de"},{"@type":"Organization","@id":"https:\/\/www.alfred-scheerer.de\/shop\/#organization","name":"Scheerer GmbH","url":"https:\/\/www.alfred-scheerer.de\/shop\/","logo":{"@type":"ImageObject","inLanguage":"de","@id":"https:\/\/www.alfred-scheerer.de\/shop\/#\/schema\/logo\/image\/","url":"https:\/\/alfred-scheerer.de\/shop\/wp-content\/uploads\/2024\/05\/baum.jpg","contentUrl":"https:\/\/alfred-scheerer.de\/shop\/wp-content\/uploads\/2024\/05\/baum.jpg","width":512,"height":512,"caption":"Scheerer GmbH"},"image":{"@id":"https:\/\/www.alfred-scheerer.de\/shop\/#\/schema\/logo\/image\/"},"sameAs":["https:\/\/www.instagram.com\/alfredscheerer\/"]}]}},"_links":{"self":[{"href":"https:\/\/www.alfred-scheerer.de\/shop\/wp-json\/wp\/v2\/product\/1300","targetHints":{"allow":["GET"]}}],"collection":[{"href":"https:\/\/www.alfred-scheerer.de\/shop\/wp-json\/wp\/v2\/product"}],"about":[{"href":"https:\/\/www.alfred-scheerer.de\/shop\/wp-json\/wp\/v2\/types\/product"}],"wp:featuredmedia":[{"embeddable":true,"href":"https:\/\/www.alfred-scheerer.de\/shop\/wp-json\/wp\/v2\/media\/3501"}],"wp:attachment":[{"href":"https:\/\/www.alfred-scheerer.de\/shop\/wp-json\/wp\/v2\/media?parent=1300"}],"wp:term":[{"taxonomy":"product_brand","embeddable":true,"href":"https:\/\/www.alfred-scheerer.de\/shop\/wp-json\/wp\/v2\/product_brand?post=1300"},{"taxonomy":"product_cat","embeddable":true,"href":"https:\/\/www.alfred-scheerer.de\/shop\/wp-json\/wp\/v2\/product_cat?post=1300"},{"taxonomy":"product_tag","embeddable":true,"href":"https:\/\/www.alfred-scheerer.de\/shop\/wp-json\/wp\/v2\/product_tag?post=1300"}],"curies":[{"name":"wp","href":"https:\/\/api.w.org\/{rel}","templated":true}]}}