{"id":13003,"date":"2025-05-22T17:44:46","date_gmt":"2025-05-22T15:44:46","guid":{"rendered":"https:\/\/alfred-scheerer.de\/shop\/?post_type=product&#038;p=13003"},"modified":"2025-09-19T15:18:52","modified_gmt":"2025-09-19T13:18:52","slug":"sunseeker-4g-gps-modul-eu-16600834-01","status":"publish","type":"product","link":"https:\/\/www.alfred-scheerer.de\/shop\/product\/sunseeker-4g-gps-modul-eu-16600834-01\/","title":{"rendered":"Sunseeker 4G + GPS Modul EU 16600834-01"},"content":{"rendered":"<h2>Sunseeker 4G + GPS Modul \u2013 Live-Tracking &amp; Fernsteuerung f\u00fcr Ihren M\u00e4hroboter<\/h2>\n<p>Das <strong data-start=\"907\" data-end=\"948\">Sunseeker 4G GPS Modul <\/strong>\u00a0ist die perfekte Erg\u00e4nzung f\u00fcr Ihre X-Serie. Es vereint moderne GPS-Navigation mit zuverl\u00e4ssiger 4G-Konnektivit\u00e4t \u2013 f\u00fcr maximale Kontrolle, Sicherheit und Effizienz bei der Rasenpflege.<\/p>\n<p data-start=\"1136\" data-end=\"1382\">Mit dem Modul \u00fcberwachen Sie die Position Ihres M\u00e4hroboters in Echtzeit, erhalten Benachrichtigungen bei Standortabweichungen und steuern den M\u00e4hvorgang bequem per Sunseeker App \u2013 auch aus der Ferne. Ideal f\u00fcr gro\u00dfe oder schwer einsehbare G\u00e4rten.<\/p>\n<h3 data-start=\"1384\" data-end=\"1420\">Ihre Vorteile auf einen Blick:<\/h3>\n<ul>\n<li data-start=\"1424\" data-end=\"1545\"><strong data-start=\"1424\" data-end=\"1464\">Live-GPS-Tracking &amp; Diebstahlschutz:<\/strong> Verfolgen Sie den Standort jederzeit und sch\u00fctzen Sie Ihren M\u00e4hroboter effektiv.<\/li>\n<li data-start=\"1659\" data-end=\"1761\"><strong data-start=\"1659\" data-end=\"1685\">Optimierte Navigation:<\/strong> GPS-gest\u00fctzte M\u00e4hmuster f\u00fcr mehr Effizienz und geringeren Energieverbrauch.<\/li>\n<li data-start=\"1764\" data-end=\"1900\"><strong data-start=\"1764\" data-end=\"1789\">Einfache Nachr\u00fcstung:<\/strong> Kompatibel mit Sunseeker X3, X3 Plus, X5 und X7<\/li>\n<li data-start=\"1903\" data-end=\"2002\"><strong data-start=\"1903\" data-end=\"1950\">Inklusive 1 Jahr Datenvolumen (1 GB\/Monat):<\/strong> Optional verl\u00e4ngerbar f\u00fcr weitere 6 Monate \/ 29\u20ac oder 12 Monate \/ 50\u20ac .<\/li>\n<\/ul>\n<p>Wurde das Modul bereits aktiviert, wird bei Widerruf, der Betrag von 50\u20ac von der R\u00fcckerstattung abgezogen.<\/p>\n<p data-start=\"1622\" data-end=\"1678\">Passend f\u00fcr: X3, X3 Plus, X5, \u00a0X7<\/p>\n<p data-start=\"1622\" data-end=\"1678\"><strong>Hinweis: Wurde das Modul bereits aktiviert und Sie m\u00f6chten das Widerrufsrecht in Anspruch nehmen, wird die j\u00e4hrliche Verl\u00e4ngerungsgeb\u00fchr (50\u20ac) vom R\u00fcckerstattungsbetrag abgezogen!<\/strong><\/p>\n","protected":false},"excerpt":{"rendered":"<p>Mit dem Sunseeker 4G + GPS Modul steuern und \u00fcberwachen Sie Ihren M\u00e4hroboter in Echtzeit \u2013 inklusive Live-Tracking und Diebstahlschutz.<\/p>\n<p>Passend f\u00fcr: X3, X3 Plus, X5, \u00a0X7<\/p>\n<p><strong>Hinweis: Wurde das Modul bereits aktiviert und Sie m\u00f6chten das Widerrufsrecht in Anspruch nehmen, wird die j\u00e4hrliche Verl\u00e4ngerungsgeb\u00fchr (50\u20ac) vom R\u00fcckerstattungsbetrag abgezogen!<\/strong><\/p>\n","protected":false},"featured_media":12987,"template":"","meta":[],"product_brand":[1774],"product_cat":[1823,106],"product_tag":[1833,1834,1835],"class_list":{"0":"post-13003","1":"product","2":"type-product","3":"status-publish","4":"has-post-thumbnail","6":"product_brand-sunseeker","7":"product_cat-sunseeker-ersatzteile-zubehoer","8":"product_cat-installation-ersatzteile-u-zubehoer","9":"product_tag-16600834-01","10":"product_tag-sunseeker-4g-gps-modul","11":"product_tag-4g-gps-modul","13":"first","14":"outofstock","15":"taxable","16":"shipping-taxable","17":"purchasable","18":"product-type-simple"},"yoast_head":"<!-- This site is optimized with the Yoast SEO plugin v27.4 - https:\/\/yoast.com\/product\/yoast-seo-wordpress\/ -->\n<title>Sunseeker 4G + GPS Modul EU | inkl. 1 Jahr Datenpaket | 16600834-01<\/title>\n<meta name=\"description\" content=\"Sunseeker 4G GPS Modul f\u00fcr M\u00e4hroboter \u2013 Echtzeit-Tracking, App-Steuerung &amp; Diebstahlschutz. Kompatibel mit X3\u2013X7. Inkl. 1 Jahr Datenpaket.\" \/>\n<meta name=\"robots\" content=\"index, follow, max-snippet:-1, max-image-preview:large, max-video-preview:-1\" \/>\n<link rel=\"canonical\" href=\"https:\/\/www.alfred-scheerer.de\/shop\/product\/sunseeker-4g-gps-modul-eu-16600834-01\/\" \/>\n<meta property=\"og:locale\" content=\"de_DE\" \/>\n<meta property=\"og:type\" content=\"article\" \/>\n<meta property=\"og:title\" content=\"Sunseeker 4G + GPS Modul EU | inkl. 1 Jahr Datenpaket | 16600834-01\" \/>\n<meta property=\"og:description\" content=\"Sunseeker 4G GPS Modul f\u00fcr M\u00e4hroboter \u2013 Echtzeit-Tracking, App-Steuerung &amp; Diebstahlschutz. Kompatibel mit X3\u2013X7. Inkl. 1 Jahr Datenpaket.\" \/>\n<meta property=\"og:url\" content=\"https:\/\/www.alfred-scheerer.de\/shop\/product\/sunseeker-4g-gps-modul-eu-16600834-01\/\" \/>\n<meta property=\"og:site_name\" content=\"Gartentechnik Scheerer\" \/>\n<meta property=\"article:modified_time\" content=\"2025-09-19T13:18:52+00:00\" \/>\n<meta property=\"og:image\" content=\"https:\/\/www.alfred-scheerer.de\/shop\/wp-content\/uploads\/2025\/05\/Sunseeker-Connect-Modul.jpg\" \/>\n\t<meta property=\"og:image:width\" content=\"800\" \/>\n\t<meta property=\"og:image:height\" content=\"800\" \/>\n\t<meta property=\"og:image:type\" content=\"image\/jpeg\" \/>\n<meta name=\"twitter:card\" content=\"summary_large_image\" \/>\n<meta name=\"twitter:label1\" content=\"Gesch\u00e4tzte Lesezeit\" \/>\n\t<meta name=\"twitter:data1\" content=\"1\u00a0Minute\" \/>\n<script type=\"application\/ld+json\" class=\"yoast-schema-graph\">{\"@context\":\"https:\\\/\\\/schema.org\",\"@graph\":[{\"@type\":\"WebPage\",\"@id\":\"https:\\\/\\\/www.alfred-scheerer.de\\\/shop\\\/product\\\/sunseeker-4g-gps-modul-eu-16600834-01\\\/\",\"url\":\"https:\\\/\\\/www.alfred-scheerer.de\\\/shop\\\/product\\\/sunseeker-4g-gps-modul-eu-16600834-01\\\/\",\"name\":\"Sunseeker 4G + GPS Modul EU | inkl. 1 Jahr Datenpaket | 16600834-01\",\"isPartOf\":{\"@id\":\"https:\\\/\\\/www.alfred-scheerer.de\\\/shop\\\/#website\"},\"primaryImageOfPage\":{\"@id\":\"https:\\\/\\\/www.alfred-scheerer.de\\\/shop\\\/product\\\/sunseeker-4g-gps-modul-eu-16600834-01\\\/#primaryimage\"},\"image\":{\"@id\":\"https:\\\/\\\/www.alfred-scheerer.de\\\/shop\\\/product\\\/sunseeker-4g-gps-modul-eu-16600834-01\\\/#primaryimage\"},\"thumbnailUrl\":\"https:\\\/\\\/www.alfred-scheerer.de\\\/shop\\\/wp-content\\\/uploads\\\/2025\\\/05\\\/Sunseeker-Connect-Modul.jpg\",\"datePublished\":\"2025-05-22T15:44:46+00:00\",\"dateModified\":\"2025-09-19T13:18:52+00:00\",\"description\":\"Sunseeker 4G GPS Modul f\u00fcr M\u00e4hroboter \u2013 Echtzeit-Tracking, App-Steuerung & Diebstahlschutz. Kompatibel mit X3\u2013X7. Inkl. 1 Jahr Datenpaket.\",\"breadcrumb\":{\"@id\":\"https:\\\/\\\/www.alfred-scheerer.de\\\/shop\\\/product\\\/sunseeker-4g-gps-modul-eu-16600834-01\\\/#breadcrumb\"},\"inLanguage\":\"de\",\"potentialAction\":[{\"@type\":\"ReadAction\",\"target\":[\"https:\\\/\\\/www.alfred-scheerer.de\\\/shop\\\/product\\\/sunseeker-4g-gps-modul-eu-16600834-01\\\/\"]}]},{\"@type\":\"ImageObject\",\"inLanguage\":\"de\",\"@id\":\"https:\\\/\\\/www.alfred-scheerer.de\\\/shop\\\/product\\\/sunseeker-4g-gps-modul-eu-16600834-01\\\/#primaryimage\",\"url\":\"https:\\\/\\\/www.alfred-scheerer.de\\\/shop\\\/wp-content\\\/uploads\\\/2025\\\/05\\\/Sunseeker-Connect-Modul.jpg\",\"contentUrl\":\"https:\\\/\\\/www.alfred-scheerer.de\\\/shop\\\/wp-content\\\/uploads\\\/2025\\\/05\\\/Sunseeker-Connect-Modul.jpg\",\"width\":800,\"height\":800,\"caption\":\"Sunseeker 4G + GPS Modul 16600834-01\"},{\"@type\":\"BreadcrumbList\",\"@id\":\"https:\\\/\\\/www.alfred-scheerer.de\\\/shop\\\/product\\\/sunseeker-4g-gps-modul-eu-16600834-01\\\/#breadcrumb\",\"itemListElement\":[{\"@type\":\"ListItem\",\"position\":1,\"name\":\"Startseite\",\"item\":\"https:\\\/\\\/www.alfred-scheerer.de\\\/shop\\\/\"},{\"@type\":\"ListItem\",\"position\":2,\"name\":\"Gartentechnik Scheerer &#8211; Der Online Shop f\u00fcr M\u00e4hroboter und Zubeh\u00f6r\",\"item\":\"https:\\\/\\\/www.alfred-scheerer.de\\\/shop\\\/\"},{\"@type\":\"ListItem\",\"position\":3,\"name\":\"Sunseeker 4G + GPS Modul EU 16600834-01\"}]},{\"@type\":\"WebSite\",\"@id\":\"https:\\\/\\\/www.alfred-scheerer.de\\\/shop\\\/#website\",\"url\":\"https:\\\/\\\/www.alfred-scheerer.de\\\/shop\\\/\",\"name\":\"Scheerer GmbH (ehem. Alfred Scheerer e.K.)\",\"description\":\"Der Online Shop aus Wermelskirchen f\u00fcr M\u00e4hroboter, Akku Gartenger\u00e4te, Ersatzteile und Zubeh\u00f6r\",\"publisher\":{\"@id\":\"https:\\\/\\\/www.alfred-scheerer.de\\\/shop\\\/#organization\"},\"potentialAction\":[{\"@type\":\"SearchAction\",\"target\":{\"@type\":\"EntryPoint\",\"urlTemplate\":\"https:\\\/\\\/www.alfred-scheerer.de\\\/shop\\\/?s={search_term_string}\"},\"query-input\":{\"@type\":\"PropertyValueSpecification\",\"valueRequired\":true,\"valueName\":\"search_term_string\"}}],\"inLanguage\":\"de\"},{\"@type\":\"Organization\",\"@id\":\"https:\\\/\\\/www.alfred-scheerer.de\\\/shop\\\/#organization\",\"name\":\"Scheerer GmbH\",\"url\":\"https:\\\/\\\/www.alfred-scheerer.de\\\/shop\\\/\",\"logo\":{\"@type\":\"ImageObject\",\"inLanguage\":\"de\",\"@id\":\"https:\\\/\\\/www.alfred-scheerer.de\\\/shop\\\/#\\\/schema\\\/logo\\\/image\\\/\",\"url\":\"https:\\\/\\\/alfred-scheerer.de\\\/shop\\\/wp-content\\\/uploads\\\/2024\\\/05\\\/baum.jpg\",\"contentUrl\":\"https:\\\/\\\/alfred-scheerer.de\\\/shop\\\/wp-content\\\/uploads\\\/2024\\\/05\\\/baum.jpg\",\"width\":512,\"height\":512,\"caption\":\"Scheerer GmbH\"},\"image\":{\"@id\":\"https:\\\/\\\/www.alfred-scheerer.de\\\/shop\\\/#\\\/schema\\\/logo\\\/image\\\/\"},\"sameAs\":[\"https:\\\/\\\/www.instagram.com\\\/alfredscheerer\\\/\"]}]}<\/script>\n<!-- \/ Yoast SEO plugin. -->","yoast_head_json":{"title":"Sunseeker 4G + GPS Modul EU | inkl. 1 Jahr Datenpaket | 16600834-01","description":"Sunseeker 4G GPS Modul f\u00fcr M\u00e4hroboter \u2013 Echtzeit-Tracking, App-Steuerung & Diebstahlschutz. Kompatibel mit X3\u2013X7. Inkl. 1 Jahr Datenpaket.","robots":{"index":"index","follow":"follow","max-snippet":"max-snippet:-1","max-image-preview":"max-image-preview:large","max-video-preview":"max-video-preview:-1"},"canonical":"https:\/\/www.alfred-scheerer.de\/shop\/product\/sunseeker-4g-gps-modul-eu-16600834-01\/","og_locale":"de_DE","og_type":"article","og_title":"Sunseeker 4G + GPS Modul EU | inkl. 1 Jahr Datenpaket | 16600834-01","og_description":"Sunseeker 4G GPS Modul f\u00fcr M\u00e4hroboter \u2013 Echtzeit-Tracking, App-Steuerung & Diebstahlschutz. Kompatibel mit X3\u2013X7. Inkl. 1 Jahr Datenpaket.","og_url":"https:\/\/www.alfred-scheerer.de\/shop\/product\/sunseeker-4g-gps-modul-eu-16600834-01\/","og_site_name":"Gartentechnik Scheerer","article_modified_time":"2025-09-19T13:18:52+00:00","og_image":[{"width":800,"height":800,"url":"https:\/\/www.alfred-scheerer.de\/shop\/wp-content\/uploads\/2025\/05\/Sunseeker-Connect-Modul.jpg","type":"image\/jpeg"}],"twitter_card":"summary_large_image","twitter_misc":{"Gesch\u00e4tzte Lesezeit":"1\u00a0Minute"},"schema":{"@context":"https:\/\/schema.org","@graph":[{"@type":"WebPage","@id":"https:\/\/www.alfred-scheerer.de\/shop\/product\/sunseeker-4g-gps-modul-eu-16600834-01\/","url":"https:\/\/www.alfred-scheerer.de\/shop\/product\/sunseeker-4g-gps-modul-eu-16600834-01\/","name":"Sunseeker 4G + GPS Modul EU | inkl. 1 Jahr Datenpaket | 16600834-01","isPartOf":{"@id":"https:\/\/www.alfred-scheerer.de\/shop\/#website"},"primaryImageOfPage":{"@id":"https:\/\/www.alfred-scheerer.de\/shop\/product\/sunseeker-4g-gps-modul-eu-16600834-01\/#primaryimage"},"image":{"@id":"https:\/\/www.alfred-scheerer.de\/shop\/product\/sunseeker-4g-gps-modul-eu-16600834-01\/#primaryimage"},"thumbnailUrl":"https:\/\/www.alfred-scheerer.de\/shop\/wp-content\/uploads\/2025\/05\/Sunseeker-Connect-Modul.jpg","datePublished":"2025-05-22T15:44:46+00:00","dateModified":"2025-09-19T13:18:52+00:00","description":"Sunseeker 4G GPS Modul f\u00fcr M\u00e4hroboter \u2013 Echtzeit-Tracking, App-Steuerung & Diebstahlschutz. Kompatibel mit X3\u2013X7. Inkl. 1 Jahr Datenpaket.","breadcrumb":{"@id":"https:\/\/www.alfred-scheerer.de\/shop\/product\/sunseeker-4g-gps-modul-eu-16600834-01\/#breadcrumb"},"inLanguage":"de","potentialAction":[{"@type":"ReadAction","target":["https:\/\/www.alfred-scheerer.de\/shop\/product\/sunseeker-4g-gps-modul-eu-16600834-01\/"]}]},{"@type":"ImageObject","inLanguage":"de","@id":"https:\/\/www.alfred-scheerer.de\/shop\/product\/sunseeker-4g-gps-modul-eu-16600834-01\/#primaryimage","url":"https:\/\/www.alfred-scheerer.de\/shop\/wp-content\/uploads\/2025\/05\/Sunseeker-Connect-Modul.jpg","contentUrl":"https:\/\/www.alfred-scheerer.de\/shop\/wp-content\/uploads\/2025\/05\/Sunseeker-Connect-Modul.jpg","width":800,"height":800,"caption":"Sunseeker 4G + GPS Modul 16600834-01"},{"@type":"BreadcrumbList","@id":"https:\/\/www.alfred-scheerer.de\/shop\/product\/sunseeker-4g-gps-modul-eu-16600834-01\/#breadcrumb","itemListElement":[{"@type":"ListItem","position":1,"name":"Startseite","item":"https:\/\/www.alfred-scheerer.de\/shop\/"},{"@type":"ListItem","position":2,"name":"Gartentechnik Scheerer &#8211; Der Online Shop f\u00fcr M\u00e4hroboter und Zubeh\u00f6r","item":"https:\/\/www.alfred-scheerer.de\/shop\/"},{"@type":"ListItem","position":3,"name":"Sunseeker 4G + GPS Modul EU 16600834-01"}]},{"@type":"WebSite","@id":"https:\/\/www.alfred-scheerer.de\/shop\/#website","url":"https:\/\/www.alfred-scheerer.de\/shop\/","name":"Scheerer GmbH (ehem. Alfred Scheerer e.K.)","description":"Der Online Shop aus Wermelskirchen f\u00fcr M\u00e4hroboter, Akku Gartenger\u00e4te, Ersatzteile und Zubeh\u00f6r","publisher":{"@id":"https:\/\/www.alfred-scheerer.de\/shop\/#organization"},"potentialAction":[{"@type":"SearchAction","target":{"@type":"EntryPoint","urlTemplate":"https:\/\/www.alfred-scheerer.de\/shop\/?s={search_term_string}"},"query-input":{"@type":"PropertyValueSpecification","valueRequired":true,"valueName":"search_term_string"}}],"inLanguage":"de"},{"@type":"Organization","@id":"https:\/\/www.alfred-scheerer.de\/shop\/#organization","name":"Scheerer GmbH","url":"https:\/\/www.alfred-scheerer.de\/shop\/","logo":{"@type":"ImageObject","inLanguage":"de","@id":"https:\/\/www.alfred-scheerer.de\/shop\/#\/schema\/logo\/image\/","url":"https:\/\/alfred-scheerer.de\/shop\/wp-content\/uploads\/2024\/05\/baum.jpg","contentUrl":"https:\/\/alfred-scheerer.de\/shop\/wp-content\/uploads\/2024\/05\/baum.jpg","width":512,"height":512,"caption":"Scheerer GmbH"},"image":{"@id":"https:\/\/www.alfred-scheerer.de\/shop\/#\/schema\/logo\/image\/"},"sameAs":["https:\/\/www.instagram.com\/alfredscheerer\/"]}]}},"_links":{"self":[{"href":"https:\/\/www.alfred-scheerer.de\/shop\/wp-json\/wp\/v2\/product\/13003","targetHints":{"allow":["GET"]}}],"collection":[{"href":"https:\/\/www.alfred-scheerer.de\/shop\/wp-json\/wp\/v2\/product"}],"about":[{"href":"https:\/\/www.alfred-scheerer.de\/shop\/wp-json\/wp\/v2\/types\/product"}],"wp:featuredmedia":[{"embeddable":true,"href":"https:\/\/www.alfred-scheerer.de\/shop\/wp-json\/wp\/v2\/media\/12987"}],"wp:attachment":[{"href":"https:\/\/www.alfred-scheerer.de\/shop\/wp-json\/wp\/v2\/media?parent=13003"}],"wp:term":[{"taxonomy":"product_brand","embeddable":true,"href":"https:\/\/www.alfred-scheerer.de\/shop\/wp-json\/wp\/v2\/product_brand?post=13003"},{"taxonomy":"product_cat","embeddable":true,"href":"https:\/\/www.alfred-scheerer.de\/shop\/wp-json\/wp\/v2\/product_cat?post=13003"},{"taxonomy":"product_tag","embeddable":true,"href":"https:\/\/www.alfred-scheerer.de\/shop\/wp-json\/wp\/v2\/product_tag?post=13003"}],"curies":[{"name":"wp","href":"https:\/\/api.w.org\/{rel}","templated":true}]}}