{"id":14020,"date":"2025-11-26T14:13:31","date_gmt":"2025-11-26T13:13:31","guid":{"rendered":"https:\/\/alfred-scheerer.de\/shop\/?post_type=product&#038;p=14020"},"modified":"2026-04-02T18:15:24","modified_gmt":"2026-04-02T16:15:24","slug":"sunseeker-x4-lidar","status":"publish","type":"product","link":"https:\/\/www.alfred-scheerer.de\/shop\/product\/sunseeker-x4-lidar\/","title":{"rendered":"Sunseeker X4 kabelloser M\u00e4hroboter mit LiDAR 1.200 m\u00b2"},"content":{"rendered":"<h3>Intelligente Rasenpflege ohne Kabel &amp; ohne Aufwand<\/h3>\n<p data-start=\"1438\" data-end=\"1745\">Der <strong data-start=\"1442\" data-end=\"1464\">Sunseeker Elite X4<\/strong> verbindet moderne Sensortechnologie mit kraftvoller Antriebstechnik \u2013 perfekt f\u00fcr alle, die einen pflegeleichten Garten wollen. Mit seiner <strong>LiDAR-Navigation<\/strong> (210.000 Messpunkte pro Sekunde) erkennt der Roboter seine Umgebung in Echtzeit und bewegt sich auch durch komplex angelegte G\u00e4rten absolut zuverl\u00e4ssig. Der <strong>Sunseeker X4<\/strong> ist nicht auf eine freie Sicht zu Satelliten angewiesen.<\/p>\n<p><img loading=\"lazy\" decoding=\"async\" class=\"size-full wp-image-14014\" style=\"font-weight: 600\" src=\"https:\/\/alfred-scheerer.de\/shop\/wp-content\/uploads\/2025\/11\/Sunseeker-X4-Robotics-2026-21.jpg\" alt=\"\" width=\"800\" height=\"450\" srcset=\"https:\/\/www.alfred-scheerer.de\/shop\/wp-content\/uploads\/2025\/11\/Sunseeker-X4-Robotics-2026-21.jpg 800w, https:\/\/www.alfred-scheerer.de\/shop\/wp-content\/uploads\/2025\/11\/Sunseeker-X4-Robotics-2026-21-300x169.jpg 300w, https:\/\/www.alfred-scheerer.de\/shop\/wp-content\/uploads\/2025\/11\/Sunseeker-X4-Robotics-2026-21-768x432.jpg 768w, https:\/\/www.alfred-scheerer.de\/shop\/wp-content\/uploads\/2025\/11\/Sunseeker-X4-Robotics-2026-21-18x10.jpg 18w, https:\/\/www.alfred-scheerer.de\/shop\/wp-content\/uploads\/2025\/11\/Sunseeker-X4-Robotics-2026-21-416x234.jpg 416w\" sizes=\"auto, (max-width: 800px) 100vw, 800px\" \/><\/p>\n<h3>Perfekt f\u00fcr anspruchsvolle Gartenstrukturen<\/h3>\n<p data-start=\"2036\" data-end=\"2244\">Ob enge Passagen, B\u00e4ume, Wege oder Zonenwechsel \u2013 der Elite X4 navigiert souver\u00e4n ohne zus\u00e4tzlich verlegte Kabel. Die <strong>20-cm-Schnittbreite<\/strong> sorgt f\u00fcr ein gleichm\u00e4\u00dfiges Ergebnis, selbst auf verwinkelten Fl\u00e4chen.<br \/>\nDie <strong>Vision AI<\/strong> macht die Positionierung und Hindernisvermeidung des X4 noch pr\u00e4ziser.<\/p>\n<p><img loading=\"lazy\" decoding=\"async\" class=\"size-full wp-image-14015\" src=\"https:\/\/alfred-scheerer.de\/shop\/wp-content\/uploads\/2025\/11\/Sunseeker-X4-Robotics-2026-22.jpg\" alt=\"\" width=\"800\" height=\"450\" srcset=\"https:\/\/www.alfred-scheerer.de\/shop\/wp-content\/uploads\/2025\/11\/Sunseeker-X4-Robotics-2026-22.jpg 800w, https:\/\/www.alfred-scheerer.de\/shop\/wp-content\/uploads\/2025\/11\/Sunseeker-X4-Robotics-2026-22-300x169.jpg 300w, https:\/\/www.alfred-scheerer.de\/shop\/wp-content\/uploads\/2025\/11\/Sunseeker-X4-Robotics-2026-22-768x432.jpg 768w, https:\/\/www.alfred-scheerer.de\/shop\/wp-content\/uploads\/2025\/11\/Sunseeker-X4-Robotics-2026-22-18x10.jpg 18w, https:\/\/www.alfred-scheerer.de\/shop\/wp-content\/uploads\/2025\/11\/Sunseeker-X4-Robotics-2026-22-416x234.jpg 416w\" sizes=\"auto, (max-width: 800px) 100vw, 800px\" \/><\/p>\n<h3>Komfortable Steuerung \u00fcber die App<\/h3>\n<p data-start=\"1792\" data-end=\"1980\">Du definierst ganz einfach unterschiedliche M\u00e4hfl\u00e4chen, legst Zeitpl\u00e4ne fest oder sperrst Bereiche wie Spielzonen oder Beete. Alle Einstellungen werden sicher per 4G-Verbindung \u00fcbertragen.<\/p>\n<p><img loading=\"lazy\" decoding=\"async\" class=\"size-full wp-image-14017\" src=\"https:\/\/alfred-scheerer.de\/shop\/wp-content\/uploads\/2025\/11\/Sunseeker-X4-Robotics-2026-23-1.jpg\" alt=\"\" width=\"800\" height=\"450\" srcset=\"https:\/\/www.alfred-scheerer.de\/shop\/wp-content\/uploads\/2025\/11\/Sunseeker-X4-Robotics-2026-23-1.jpg 800w, https:\/\/www.alfred-scheerer.de\/shop\/wp-content\/uploads\/2025\/11\/Sunseeker-X4-Robotics-2026-23-1-300x169.jpg 300w, https:\/\/www.alfred-scheerer.de\/shop\/wp-content\/uploads\/2025\/11\/Sunseeker-X4-Robotics-2026-23-1-768x432.jpg 768w, https:\/\/www.alfred-scheerer.de\/shop\/wp-content\/uploads\/2025\/11\/Sunseeker-X4-Robotics-2026-23-1-18x10.jpg 18w, https:\/\/www.alfred-scheerer.de\/shop\/wp-content\/uploads\/2025\/11\/Sunseeker-X4-Robotics-2026-23-1-416x234.jpg 416w\" sizes=\"auto, (max-width: 800px) 100vw, 800px\" \/><\/p>\n<h3>Hanglage &amp; schwieriges Gel\u00e4nde<\/h3>\n<p data-start=\"2300\" data-end=\"2486\">Der <strong>Sunseeker X4<\/strong> ist mit einem einzeln gefederte aufgeh\u00e4ngten Hinterradantrieb ausgestattet, der Steigungen bis zu <strong>45 %<\/strong> und unebenes Gel\u00e4nde zuverl\u00e4ssig meistert.<\/p>\n<p><img loading=\"lazy\" decoding=\"async\" class=\"size-full wp-image-14018\" src=\"https:\/\/alfred-scheerer.de\/shop\/wp-content\/uploads\/2025\/11\/Sunseeker-X4-Robotics-2026-24.jpg\" alt=\"\" width=\"800\" height=\"450\" srcset=\"https:\/\/www.alfred-scheerer.de\/shop\/wp-content\/uploads\/2025\/11\/Sunseeker-X4-Robotics-2026-24.jpg 800w, https:\/\/www.alfred-scheerer.de\/shop\/wp-content\/uploads\/2025\/11\/Sunseeker-X4-Robotics-2026-24-300x169.jpg 300w, https:\/\/www.alfred-scheerer.de\/shop\/wp-content\/uploads\/2025\/11\/Sunseeker-X4-Robotics-2026-24-768x432.jpg 768w, https:\/\/www.alfred-scheerer.de\/shop\/wp-content\/uploads\/2025\/11\/Sunseeker-X4-Robotics-2026-24-18x10.jpg 18w, https:\/\/www.alfred-scheerer.de\/shop\/wp-content\/uploads\/2025\/11\/Sunseeker-X4-Robotics-2026-24-416x234.jpg 416w\" sizes=\"auto, (max-width: 800px) 100vw, 800px\" \/><\/p>\n<h3>Immer verbunden, immer aktuell<\/h3>\n<p data-start=\"2529\" data-end=\"2727\">\u00dcber die integrierte<strong> 4G-Anbindung (zwei Jahre inklusive)<\/strong> erh\u00e4ltst du jederzeit Einblick in den Status des Roboters, empf\u00e4ngst Push-Benachrichtigungen und bekommst automatisch neue Softwareversionen.<\/p>\n<p><img loading=\"lazy\" decoding=\"async\" class=\"wp-image-14019 size-full\" src=\"https:\/\/alfred-scheerer.de\/shop\/wp-content\/uploads\/2025\/11\/Sunseeker-X4-Robotics-2026-26.jpg\" alt=\"Sunseeker X4 M\u00e4hroboter LiDAR\" width=\"800\" height=\"450\" srcset=\"https:\/\/www.alfred-scheerer.de\/shop\/wp-content\/uploads\/2025\/11\/Sunseeker-X4-Robotics-2026-26.jpg 800w, https:\/\/www.alfred-scheerer.de\/shop\/wp-content\/uploads\/2025\/11\/Sunseeker-X4-Robotics-2026-26-300x169.jpg 300w, https:\/\/www.alfred-scheerer.de\/shop\/wp-content\/uploads\/2025\/11\/Sunseeker-X4-Robotics-2026-26-768x432.jpg 768w, https:\/\/www.alfred-scheerer.de\/shop\/wp-content\/uploads\/2025\/11\/Sunseeker-X4-Robotics-2026-26-18x10.jpg 18w, https:\/\/www.alfred-scheerer.de\/shop\/wp-content\/uploads\/2025\/11\/Sunseeker-X4-Robotics-2026-26-416x234.jpg 416w\" sizes=\"auto, (max-width: 800px) 100vw, 800px\" \/><\/p>\n<p>Zubeh\u00f6r findest Du hier: <a href=\"https:\/\/alfred-scheerer.de\/shop\/product-category\/installation-ersatzteile-u-zubehoer\/sunseeker-ersatzteile-zubehoer\/\"><strong>Sunseeker Zubeh\u00f6r<\/strong><\/a><\/p>\n","protected":false},"excerpt":{"rendered":"<p>Der <strong data-start=\"1404\" data-end=\"1426\">Sunseeker Elite X4<\/strong> ist ein fortschrittlicher, kabelloser M\u00e4hroboter, der mittelgro\u00dfe und komplex angelegte G\u00e4rten souver\u00e4n meistert. Mit pr\u00e4ziser <strong>LiDAR-Navigation,<\/strong> leistungsstarkem Hinterradantrieb und smarter 4G-Anbindung sorgt er f\u00fcr ein gepflegtes Rasenergebnis \u2013 auch an Hanglagen oder in engen Bereichen.<\/p>\n<p>Lieferumfang:<br \/>\nRoboter inkl. Ladestation<br \/>\nNetzteil<br \/>\nBedienungsanleitung<\/p>\n<p>Zubeh\u00f6r findest Du hier: <a href=\"https:\/\/alfred-scheerer.de\/shop\/product-category\/installation-ersatzteile-u-zubehoer\/sunseeker-ersatzteile-zubehoer\/\"><strong>Sunseeker Zubeh\u00f6r<\/strong><\/a><\/p>\n<p>Kostenloser Versand innerhalb Deutschlands!<\/p>\n","protected":false},"featured_media":14005,"template":"","meta":[],"product_brand":[1779],"product_cat":[68,1770,105,1375],"product_tag":[1877,1878,1879,1880,1882],"class_list":{"0":"post-14020","1":"product","2":"type-product","3":"status-publish","4":"has-post-thumbnail","6":"product_brand-sunseeker-elite","7":"product_cat-800-bis-2-000-m","8":"product_cat-sunseeker","9":"product_cat-rasenroboter-maehroboter","10":"product_cat-maehroboter-rasenroboter-neuheiten-2026","11":"product_tag-sunseeker-elite-x4","12":"product_tag-sunseeker-x4","13":"product_tag-x4","14":"product_tag-lidar","15":"product_tag-lidar-slam","16":"product_shipping_class-kostenlos","18":"first","19":"instock","20":"taxable","21":"shipping-taxable","22":"purchasable","23":"product-type-simple"},"yoast_head":"<!-- This site is optimized with the Yoast SEO plugin v27.3 - https:\/\/yoast.com\/product\/yoast-seo-wordpress\/ -->\n<title>Sunseeker X4 \u2013 kabelloser M\u00e4hroboter mit LiDAR-SLAM 1.200 m\u00b2<\/title>\n<meta name=\"description\" content=\"Sunseeker X4 M\u00e4hroboter \u2013 kabellos und mit LiDAR-Navigation, 4G, Night Vision und 45 % Steigf\u00e4higkeit. Ideal f\u00fcr komplexe G\u00e4rten bis 1.200 m\u00b2.\" \/>\n<meta name=\"robots\" content=\"index, follow, max-snippet:-1, max-image-preview:large, max-video-preview:-1\" \/>\n<link rel=\"canonical\" href=\"https:\/\/www.alfred-scheerer.de\/shop\/product\/sunseeker-x4-lidar\/\" \/>\n<meta property=\"og:locale\" content=\"de_DE\" \/>\n<meta property=\"og:type\" content=\"article\" \/>\n<meta property=\"og:title\" content=\"Sunseeker X4 \u2013 kabelloser M\u00e4hroboter mit LiDAR-SLAM 1.200 m\u00b2\" \/>\n<meta property=\"og:description\" content=\"Sunseeker X4 M\u00e4hroboter \u2013 kabellos und mit LiDAR-Navigation, 4G, Night Vision und 45 % Steigf\u00e4higkeit. Ideal f\u00fcr komplexe G\u00e4rten bis 1.200 m\u00b2.\" \/>\n<meta property=\"og:url\" content=\"https:\/\/www.alfred-scheerer.de\/shop\/product\/sunseeker-x4-lidar\/\" \/>\n<meta property=\"og:site_name\" content=\"Gartentechnik Scheerer\" \/>\n<meta property=\"article:modified_time\" content=\"2026-04-02T16:15:24+00:00\" \/>\n<meta property=\"og:image\" content=\"https:\/\/www.alfred-scheerer.de\/shop\/wp-content\/uploads\/2025\/11\/Sunseeker_X4_frei.jpg\" \/>\n\t<meta property=\"og:image:width\" content=\"800\" \/>\n\t<meta property=\"og:image:height\" content=\"800\" \/>\n\t<meta property=\"og:image:type\" content=\"image\/jpeg\" \/>\n<meta name=\"twitter:card\" content=\"summary_large_image\" \/>\n<meta name=\"twitter:label1\" content=\"Gesch\u00e4tzte Lesezeit\" \/>\n\t<meta name=\"twitter:data1\" content=\"1\u00a0Minute\" \/>\n<script type=\"application\/ld+json\" class=\"yoast-schema-graph\">{\"@context\":\"https:\\\/\\\/schema.org\",\"@graph\":[{\"@type\":\"WebPage\",\"@id\":\"https:\\\/\\\/www.alfred-scheerer.de\\\/shop\\\/product\\\/sunseeker-x4-lidar\\\/\",\"url\":\"https:\\\/\\\/www.alfred-scheerer.de\\\/shop\\\/product\\\/sunseeker-x4-lidar\\\/\",\"name\":\"Sunseeker X4 \u2013 kabelloser M\u00e4hroboter mit LiDAR-SLAM 1.200 m\u00b2\",\"isPartOf\":{\"@id\":\"https:\\\/\\\/www.alfred-scheerer.de\\\/shop\\\/#website\"},\"primaryImageOfPage\":{\"@id\":\"https:\\\/\\\/www.alfred-scheerer.de\\\/shop\\\/product\\\/sunseeker-x4-lidar\\\/#primaryimage\"},\"image\":{\"@id\":\"https:\\\/\\\/www.alfred-scheerer.de\\\/shop\\\/product\\\/sunseeker-x4-lidar\\\/#primaryimage\"},\"thumbnailUrl\":\"https:\\\/\\\/www.alfred-scheerer.de\\\/shop\\\/wp-content\\\/uploads\\\/2025\\\/11\\\/Sunseeker_X4_frei.jpg\",\"datePublished\":\"2025-11-26T13:13:31+00:00\",\"dateModified\":\"2026-04-02T16:15:24+00:00\",\"description\":\"Sunseeker X4 M\u00e4hroboter \u2013 kabellos und mit LiDAR-Navigation, 4G, Night Vision und 45 % Steigf\u00e4higkeit. Ideal f\u00fcr komplexe G\u00e4rten bis 1.200 m\u00b2.\",\"breadcrumb\":{\"@id\":\"https:\\\/\\\/www.alfred-scheerer.de\\\/shop\\\/product\\\/sunseeker-x4-lidar\\\/#breadcrumb\"},\"inLanguage\":\"de\",\"potentialAction\":[{\"@type\":\"ReadAction\",\"target\":[\"https:\\\/\\\/www.alfred-scheerer.de\\\/shop\\\/product\\\/sunseeker-x4-lidar\\\/\"]}]},{\"@type\":\"ImageObject\",\"inLanguage\":\"de\",\"@id\":\"https:\\\/\\\/www.alfred-scheerer.de\\\/shop\\\/product\\\/sunseeker-x4-lidar\\\/#primaryimage\",\"url\":\"https:\\\/\\\/www.alfred-scheerer.de\\\/shop\\\/wp-content\\\/uploads\\\/2025\\\/11\\\/Sunseeker_X4_frei.jpg\",\"contentUrl\":\"https:\\\/\\\/www.alfred-scheerer.de\\\/shop\\\/wp-content\\\/uploads\\\/2025\\\/11\\\/Sunseeker_X4_frei.jpg\",\"width\":800,\"height\":800,\"caption\":\"Sunseeker Elite X4 Roboter Fontal\"},{\"@type\":\"BreadcrumbList\",\"@id\":\"https:\\\/\\\/www.alfred-scheerer.de\\\/shop\\\/product\\\/sunseeker-x4-lidar\\\/#breadcrumb\",\"itemListElement\":[{\"@type\":\"ListItem\",\"position\":1,\"name\":\"Startseite\",\"item\":\"https:\\\/\\\/www.alfred-scheerer.de\\\/shop\\\/\"},{\"@type\":\"ListItem\",\"position\":2,\"name\":\"Gartentechnik Scheerer &#8211; Der Online Shop f\u00fcr M\u00e4hroboter und Zubeh\u00f6r\",\"item\":\"https:\\\/\\\/www.alfred-scheerer.de\\\/shop\\\/\"},{\"@type\":\"ListItem\",\"position\":3,\"name\":\"Sunseeker X4 kabelloser M\u00e4hroboter mit LiDAR 1.200 m\u00b2\"}]},{\"@type\":\"WebSite\",\"@id\":\"https:\\\/\\\/www.alfred-scheerer.de\\\/shop\\\/#website\",\"url\":\"https:\\\/\\\/www.alfred-scheerer.de\\\/shop\\\/\",\"name\":\"Scheerer GmbH (ehem. Alfred Scheerer e.K.)\",\"description\":\"Der Online Shop aus Wermelskirchen f\u00fcr M\u00e4hroboter, Akku Gartenger\u00e4te, Ersatzteile und Zubeh\u00f6r\",\"publisher\":{\"@id\":\"https:\\\/\\\/www.alfred-scheerer.de\\\/shop\\\/#organization\"},\"potentialAction\":[{\"@type\":\"SearchAction\",\"target\":{\"@type\":\"EntryPoint\",\"urlTemplate\":\"https:\\\/\\\/www.alfred-scheerer.de\\\/shop\\\/?s={search_term_string}\"},\"query-input\":{\"@type\":\"PropertyValueSpecification\",\"valueRequired\":true,\"valueName\":\"search_term_string\"}}],\"inLanguage\":\"de\"},{\"@type\":\"Organization\",\"@id\":\"https:\\\/\\\/www.alfred-scheerer.de\\\/shop\\\/#organization\",\"name\":\"Scheerer GmbH\",\"url\":\"https:\\\/\\\/www.alfred-scheerer.de\\\/shop\\\/\",\"logo\":{\"@type\":\"ImageObject\",\"inLanguage\":\"de\",\"@id\":\"https:\\\/\\\/www.alfred-scheerer.de\\\/shop\\\/#\\\/schema\\\/logo\\\/image\\\/\",\"url\":\"https:\\\/\\\/alfred-scheerer.de\\\/shop\\\/wp-content\\\/uploads\\\/2024\\\/05\\\/baum.jpg\",\"contentUrl\":\"https:\\\/\\\/alfred-scheerer.de\\\/shop\\\/wp-content\\\/uploads\\\/2024\\\/05\\\/baum.jpg\",\"width\":512,\"height\":512,\"caption\":\"Scheerer GmbH\"},\"image\":{\"@id\":\"https:\\\/\\\/www.alfred-scheerer.de\\\/shop\\\/#\\\/schema\\\/logo\\\/image\\\/\"},\"sameAs\":[\"https:\\\/\\\/www.instagram.com\\\/alfredscheerer\\\/\"]}]}<\/script>\n<!-- \/ Yoast SEO plugin. -->","yoast_head_json":{"title":"Sunseeker X4 \u2013 kabelloser M\u00e4hroboter mit LiDAR-SLAM 1.200 m\u00b2","description":"Sunseeker X4 M\u00e4hroboter \u2013 kabellos und mit LiDAR-Navigation, 4G, Night Vision und 45 % Steigf\u00e4higkeit. Ideal f\u00fcr komplexe G\u00e4rten bis 1.200 m\u00b2.","robots":{"index":"index","follow":"follow","max-snippet":"max-snippet:-1","max-image-preview":"max-image-preview:large","max-video-preview":"max-video-preview:-1"},"canonical":"https:\/\/www.alfred-scheerer.de\/shop\/product\/sunseeker-x4-lidar\/","og_locale":"de_DE","og_type":"article","og_title":"Sunseeker X4 \u2013 kabelloser M\u00e4hroboter mit LiDAR-SLAM 1.200 m\u00b2","og_description":"Sunseeker X4 M\u00e4hroboter \u2013 kabellos und mit LiDAR-Navigation, 4G, Night Vision und 45 % Steigf\u00e4higkeit. Ideal f\u00fcr komplexe G\u00e4rten bis 1.200 m\u00b2.","og_url":"https:\/\/www.alfred-scheerer.de\/shop\/product\/sunseeker-x4-lidar\/","og_site_name":"Gartentechnik Scheerer","article_modified_time":"2026-04-02T16:15:24+00:00","og_image":[{"width":800,"height":800,"url":"https:\/\/www.alfred-scheerer.de\/shop\/wp-content\/uploads\/2025\/11\/Sunseeker_X4_frei.jpg","type":"image\/jpeg"}],"twitter_card":"summary_large_image","twitter_misc":{"Gesch\u00e4tzte Lesezeit":"1\u00a0Minute"},"schema":{"@context":"https:\/\/schema.org","@graph":[{"@type":"WebPage","@id":"https:\/\/www.alfred-scheerer.de\/shop\/product\/sunseeker-x4-lidar\/","url":"https:\/\/www.alfred-scheerer.de\/shop\/product\/sunseeker-x4-lidar\/","name":"Sunseeker X4 \u2013 kabelloser M\u00e4hroboter mit LiDAR-SLAM 1.200 m\u00b2","isPartOf":{"@id":"https:\/\/www.alfred-scheerer.de\/shop\/#website"},"primaryImageOfPage":{"@id":"https:\/\/www.alfred-scheerer.de\/shop\/product\/sunseeker-x4-lidar\/#primaryimage"},"image":{"@id":"https:\/\/www.alfred-scheerer.de\/shop\/product\/sunseeker-x4-lidar\/#primaryimage"},"thumbnailUrl":"https:\/\/www.alfred-scheerer.de\/shop\/wp-content\/uploads\/2025\/11\/Sunseeker_X4_frei.jpg","datePublished":"2025-11-26T13:13:31+00:00","dateModified":"2026-04-02T16:15:24+00:00","description":"Sunseeker X4 M\u00e4hroboter \u2013 kabellos und mit LiDAR-Navigation, 4G, Night Vision und 45 % Steigf\u00e4higkeit. Ideal f\u00fcr komplexe G\u00e4rten bis 1.200 m\u00b2.","breadcrumb":{"@id":"https:\/\/www.alfred-scheerer.de\/shop\/product\/sunseeker-x4-lidar\/#breadcrumb"},"inLanguage":"de","potentialAction":[{"@type":"ReadAction","target":["https:\/\/www.alfred-scheerer.de\/shop\/product\/sunseeker-x4-lidar\/"]}]},{"@type":"ImageObject","inLanguage":"de","@id":"https:\/\/www.alfred-scheerer.de\/shop\/product\/sunseeker-x4-lidar\/#primaryimage","url":"https:\/\/www.alfred-scheerer.de\/shop\/wp-content\/uploads\/2025\/11\/Sunseeker_X4_frei.jpg","contentUrl":"https:\/\/www.alfred-scheerer.de\/shop\/wp-content\/uploads\/2025\/11\/Sunseeker_X4_frei.jpg","width":800,"height":800,"caption":"Sunseeker Elite X4 Roboter Fontal"},{"@type":"BreadcrumbList","@id":"https:\/\/www.alfred-scheerer.de\/shop\/product\/sunseeker-x4-lidar\/#breadcrumb","itemListElement":[{"@type":"ListItem","position":1,"name":"Startseite","item":"https:\/\/www.alfred-scheerer.de\/shop\/"},{"@type":"ListItem","position":2,"name":"Gartentechnik Scheerer &#8211; Der Online Shop f\u00fcr M\u00e4hroboter und Zubeh\u00f6r","item":"https:\/\/www.alfred-scheerer.de\/shop\/"},{"@type":"ListItem","position":3,"name":"Sunseeker X4 kabelloser M\u00e4hroboter mit LiDAR 1.200 m\u00b2"}]},{"@type":"WebSite","@id":"https:\/\/www.alfred-scheerer.de\/shop\/#website","url":"https:\/\/www.alfred-scheerer.de\/shop\/","name":"Scheerer GmbH (ehem. Alfred Scheerer e.K.)","description":"Der Online Shop aus Wermelskirchen f\u00fcr M\u00e4hroboter, Akku Gartenger\u00e4te, Ersatzteile und Zubeh\u00f6r","publisher":{"@id":"https:\/\/www.alfred-scheerer.de\/shop\/#organization"},"potentialAction":[{"@type":"SearchAction","target":{"@type":"EntryPoint","urlTemplate":"https:\/\/www.alfred-scheerer.de\/shop\/?s={search_term_string}"},"query-input":{"@type":"PropertyValueSpecification","valueRequired":true,"valueName":"search_term_string"}}],"inLanguage":"de"},{"@type":"Organization","@id":"https:\/\/www.alfred-scheerer.de\/shop\/#organization","name":"Scheerer GmbH","url":"https:\/\/www.alfred-scheerer.de\/shop\/","logo":{"@type":"ImageObject","inLanguage":"de","@id":"https:\/\/www.alfred-scheerer.de\/shop\/#\/schema\/logo\/image\/","url":"https:\/\/alfred-scheerer.de\/shop\/wp-content\/uploads\/2024\/05\/baum.jpg","contentUrl":"https:\/\/alfred-scheerer.de\/shop\/wp-content\/uploads\/2024\/05\/baum.jpg","width":512,"height":512,"caption":"Scheerer GmbH"},"image":{"@id":"https:\/\/www.alfred-scheerer.de\/shop\/#\/schema\/logo\/image\/"},"sameAs":["https:\/\/www.instagram.com\/alfredscheerer\/"]}]}},"_links":{"self":[{"href":"https:\/\/www.alfred-scheerer.de\/shop\/wp-json\/wp\/v2\/product\/14020","targetHints":{"allow":["GET"]}}],"collection":[{"href":"https:\/\/www.alfred-scheerer.de\/shop\/wp-json\/wp\/v2\/product"}],"about":[{"href":"https:\/\/www.alfred-scheerer.de\/shop\/wp-json\/wp\/v2\/types\/product"}],"wp:featuredmedia":[{"embeddable":true,"href":"https:\/\/www.alfred-scheerer.de\/shop\/wp-json\/wp\/v2\/media\/14005"}],"wp:attachment":[{"href":"https:\/\/www.alfred-scheerer.de\/shop\/wp-json\/wp\/v2\/media?parent=14020"}],"wp:term":[{"taxonomy":"product_brand","embeddable":true,"href":"https:\/\/www.alfred-scheerer.de\/shop\/wp-json\/wp\/v2\/product_brand?post=14020"},{"taxonomy":"product_cat","embeddable":true,"href":"https:\/\/www.alfred-scheerer.de\/shop\/wp-json\/wp\/v2\/product_cat?post=14020"},{"taxonomy":"product_tag","embeddable":true,"href":"https:\/\/www.alfred-scheerer.de\/shop\/wp-json\/wp\/v2\/product_tag?post=14020"}],"curies":[{"name":"wp","href":"https:\/\/api.w.org\/{rel}","templated":true}]}}