{"id":14091,"date":"2025-12-10T13:09:52","date_gmt":"2025-12-10T12:09:52","guid":{"rendered":"https:\/\/alfred-scheerer.de\/shop\/?post_type=product&#038;p=14091"},"modified":"2026-03-26T14:09:03","modified_gmt":"2026-03-26T13:09:03","slug":"kress-eyepilot-4x4-kr281e-maehroboter","status":"publish","type":"product","link":"https:\/\/www.alfred-scheerer.de\/shop\/product\/kress-eyepilot-4x4-kr281e-maehroboter\/","title":{"rendered":"Kress EyePilot\u00ae4&#215;4 KR281E M\u00e4hroboter 1.500m\u00b2 RTKn 2.0 V-SLAM"},"content":{"rendered":"<p><strong>Kress EyePilot\u00ae 4&#215;4 KR281E \u2013 Pr\u00e4zision, Allrad-Power auf Hanggrundst\u00fccken<\/strong><\/p>\n<p data-start=\"227\" data-end=\"578\">Der <strong>Kress EyePilot\u00ae 4\u00d74 KR281E<\/strong> ist speziell f\u00fcr anspruchsvolle G\u00e4rten konzipiert, in denen herk\u00f6mmliche M\u00e4hroboter an ihre Grenzen sto\u00dfen. Mit seinem leistungsstarken Allradantrieb bew\u00e4ltigt er Steigungen bis zu <strong>83,9\u202f% \/ 40\u00b0<\/strong> m\u00fchelos und sorgt dabei f\u00fcr gleichm\u00e4\u00dfige, saubere Schnittstreifen \u2013 selbst auf unebenem oder komplex strukturiertem Gel\u00e4nde.<\/p>\n<p data-start=\"580\" data-end=\"883\">Herzst\u00fcck des<strong> KR281E<\/strong> ist die RTKn-Technologie, die eine Navigation im Zentimeterbereich erm\u00f6glicht. Unterst\u00fctzt durch die <strong>EyePilot\u00ae-Hinderniserkennung<\/strong> arbeitet der M\u00e4hroboter zuverl\u00e4ssig auch bei eingeschr\u00e4nktem Satellitensignal, um Hindernisse sicher zu umgehen und die optimalen M\u00e4hrouten zu w\u00e4hlen.<\/p>\n<p data-start=\"885\" data-end=\"1184\">Das<strong> TurfSteer-System<\/strong> gew\u00e4hrleistet rasenschonende Wendungen, selbst auf steilen H\u00e4ngen, w\u00e4hrend die <strong>ZeroTrim-Funktion<\/strong> Rasenkanten automatisch bis auf 0\u20132\u202fcm perfekt nachschneidet. Dadurch bleibt der Rasen stets gleichm\u00e4\u00dfig, sauber und makellos \u2013 auch in engen Passagen oder verwinkelten Bereichen.<\/p>\n<p data-start=\"1186\" data-end=\"1463\">Die robuste Konstruktion mit Zentralachsen-Technik sorgt daf\u00fcr, dass alle vier R\u00e4der konstant Bodenkontakt halten, was die Traktion auf unterschiedlichen Untergr\u00fcnden verbessert. Hart, weich, feucht oder uneben \u2013 der <strong>Kress EyePilot\u00ae 4\u00d74 KR281E<\/strong>\u00a0bleibt stabil und liefert ein pr\u00e4zises Schnittbild.<\/p>\n<p data-start=\"1465\" data-end=\"1722\">Ideal f\u00fcr Hanggrundst\u00fccke, gro\u00dfe Fl\u00e4chen oder G\u00e4rten mit anspruchsvollem Terrain, \u00fcberzeugt der Kress EyePilot\u00ae 4\u00d74 KR281E durch maximale Gel\u00e4ndeg\u00e4ngigkeit, h\u00f6chste Zuverl\u00e4ssigkeit und ein professionelles M\u00e4hergebnis, das h\u00f6chsten Anspr\u00fcchen gerecht wird.<\/p>\n","protected":false},"excerpt":{"rendered":"<ul>\n<li>Fl\u00e4chenleistung bis <strong>1.500 m\u00b2<\/strong><\/li>\n<li><strong>4\u00d74-Allradantrieb<\/strong> f\u00fcr <strong>Steigungen bis 83,9\u202f%<\/strong> \u2013 ideal f\u00fcr H\u00e4nge und unebenes Gel\u00e4nde<\/li>\n<li>RTKn-Technologie f\u00fcr pr\u00e4zise, zentimetergenaue Navigation<\/li>\n<li><strong>EyePilot\u00ae-Hinderniserkennung<\/strong> f\u00fcr sicheres Man\u00f6vrieren in Echtzeit<\/li>\n<li><strong>ZeroTrim-Funktion<\/strong> f\u00fcr perfekt geschnittene Rasenkanten (0\u20132 cm)<\/li>\n<li><strong>TurfSteer-System<\/strong> f\u00fcr rasenschonendes Wenden auf steilen Fl\u00e4chen<\/li>\n<li>Kabellose Kartierung und KI-gest\u00fctzte Navigation f\u00fcr flexible Einsatzm\u00f6glichkeiten<\/li>\n<\/ul>\n<p>Lieferumfang:<br \/>\nRoboter inkl. Ladestation<br \/>\nNetzteil<br \/>\nBedienungsanleitung<\/p>\n<p>Kostenloser Versand innerhalb Deutschlands!<\/p>\n<p><strong><span style=\"color: #ff0000;\">Vorbestellung: Auslieferung ca. Anfang April 2026<\/span><\/strong><\/p>\n","protected":false},"featured_media":14329,"template":"","meta":[],"product_brand":[1754],"product_cat":[512,827,1375,68,272],"product_tag":[1891,1914,1556,1915,1916],"class_list":{"0":"post-14091","1":"product","2":"type-product","3":"status-publish","4":"has-post-thumbnail","6":"product_brand-kress","7":"product_cat-maehroboter-rasenroboter-allrad-awd","8":"product_cat-maehroboter-rasenroboter-ohne-begrenzungskabel-perimterkabel-kabel","9":"product_cat-maehroboter-rasenroboter-neuheiten-2026","10":"product_cat-800-bis-2-000-m","11":"product_cat-kress-robotik-maehroboter","12":"product_tag-eyepilot","13":"product_tag-kress-eyepilot-4x4-kr281e","14":"product_tag-allrad","15":"product_tag-kr281e","16":"product_tag-4x4","17":"product_shipping_class-kostenlos","19":"first","20":"instock","21":"taxable","22":"shipping-taxable","23":"purchasable","24":"product-type-simple"},"yoast_head":"<!-- This site is optimized with the Yoast SEO plugin v27.4 - https:\/\/yoast.com\/product\/yoast-seo-wordpress\/ -->\n<title>Kress EyePilot\u00ae 4x4 KR281E M\u00e4hroboter 1.500m\u00b2<\/title>\n<meta name=\"description\" content=\"Kress EyePilot\u00ae 4x4 KR281E: Allrad-M\u00e4hroboter f\u00fcr Steigungen bis 83,9 %. RTKn-Pr\u00e4zision, ZeroTrim und kabellose Kartierung f\u00fcr perfekte Rasenpflege.\" \/>\n<meta name=\"robots\" content=\"index, follow, max-snippet:-1, max-image-preview:large, max-video-preview:-1\" \/>\n<link rel=\"canonical\" href=\"https:\/\/www.alfred-scheerer.de\/shop\/product\/kress-eyepilot-4x4-kr281e-maehroboter\/\" \/>\n<meta property=\"og:locale\" content=\"de_DE\" \/>\n<meta property=\"og:type\" content=\"article\" \/>\n<meta property=\"og:title\" content=\"Kress EyePilot\u00ae 4x4 KR281E M\u00e4hroboter 1.500m\u00b2\" \/>\n<meta property=\"og:description\" content=\"Kress EyePilot\u00ae 4x4 KR281E: Allrad-M\u00e4hroboter f\u00fcr Steigungen bis 83,9 %. RTKn-Pr\u00e4zision, ZeroTrim und kabellose Kartierung f\u00fcr perfekte Rasenpflege.\" \/>\n<meta property=\"og:url\" content=\"https:\/\/www.alfred-scheerer.de\/shop\/product\/kress-eyepilot-4x4-kr281e-maehroboter\/\" \/>\n<meta property=\"og:site_name\" content=\"Gartentechnik Scheerer\" \/>\n<meta property=\"article:modified_time\" content=\"2026-03-26T13:09:03+00:00\" \/>\n<meta property=\"og:image\" content=\"https:\/\/www.alfred-scheerer.de\/shop\/wp-content\/uploads\/2026\/02\/KR281E-KR283E_View1.jpg\" \/>\n\t<meta property=\"og:image:width\" content=\"800\" \/>\n\t<meta property=\"og:image:height\" content=\"800\" \/>\n\t<meta property=\"og:image:type\" content=\"image\/jpeg\" \/>\n<meta name=\"twitter:card\" content=\"summary_large_image\" \/>\n<meta name=\"twitter:label1\" content=\"Gesch\u00e4tzte Lesezeit\" \/>\n\t<meta name=\"twitter:data1\" content=\"1\u00a0Minute\" \/>\n<script type=\"application\/ld+json\" class=\"yoast-schema-graph\">{\"@context\":\"https:\\\/\\\/schema.org\",\"@graph\":[{\"@type\":\"WebPage\",\"@id\":\"https:\\\/\\\/www.alfred-scheerer.de\\\/shop\\\/product\\\/kress-eyepilot-4x4-kr281e-maehroboter\\\/\",\"url\":\"https:\\\/\\\/www.alfred-scheerer.de\\\/shop\\\/product\\\/kress-eyepilot-4x4-kr281e-maehroboter\\\/\",\"name\":\"Kress EyePilot\u00ae 4x4 KR281E M\u00e4hroboter 1.500m\u00b2\",\"isPartOf\":{\"@id\":\"https:\\\/\\\/www.alfred-scheerer.de\\\/shop\\\/#website\"},\"primaryImageOfPage\":{\"@id\":\"https:\\\/\\\/www.alfred-scheerer.de\\\/shop\\\/product\\\/kress-eyepilot-4x4-kr281e-maehroboter\\\/#primaryimage\"},\"image\":{\"@id\":\"https:\\\/\\\/www.alfred-scheerer.de\\\/shop\\\/product\\\/kress-eyepilot-4x4-kr281e-maehroboter\\\/#primaryimage\"},\"thumbnailUrl\":\"https:\\\/\\\/www.alfred-scheerer.de\\\/shop\\\/wp-content\\\/uploads\\\/2026\\\/02\\\/KR281E-KR283E_View1.jpg\",\"datePublished\":\"2025-12-10T12:09:52+00:00\",\"dateModified\":\"2026-03-26T13:09:03+00:00\",\"description\":\"Kress EyePilot\u00ae 4x4 KR281E: Allrad-M\u00e4hroboter f\u00fcr Steigungen bis 83,9 %. RTKn-Pr\u00e4zision, ZeroTrim und kabellose Kartierung f\u00fcr perfekte Rasenpflege.\",\"breadcrumb\":{\"@id\":\"https:\\\/\\\/www.alfred-scheerer.de\\\/shop\\\/product\\\/kress-eyepilot-4x4-kr281e-maehroboter\\\/#breadcrumb\"},\"inLanguage\":\"de\",\"potentialAction\":[{\"@type\":\"ReadAction\",\"target\":[\"https:\\\/\\\/www.alfred-scheerer.de\\\/shop\\\/product\\\/kress-eyepilot-4x4-kr281e-maehroboter\\\/\"]}]},{\"@type\":\"ImageObject\",\"inLanguage\":\"de\",\"@id\":\"https:\\\/\\\/www.alfred-scheerer.de\\\/shop\\\/product\\\/kress-eyepilot-4x4-kr281e-maehroboter\\\/#primaryimage\",\"url\":\"https:\\\/\\\/www.alfred-scheerer.de\\\/shop\\\/wp-content\\\/uploads\\\/2026\\\/02\\\/KR281E-KR283E_View1.jpg\",\"contentUrl\":\"https:\\\/\\\/www.alfred-scheerer.de\\\/shop\\\/wp-content\\\/uploads\\\/2026\\\/02\\\/KR281E-KR283E_View1.jpg\",\"width\":800,\"height\":800,\"caption\":\"Kress EyePilot\u00ae 4x4 KR280E KR281E KR283E\"},{\"@type\":\"BreadcrumbList\",\"@id\":\"https:\\\/\\\/www.alfred-scheerer.de\\\/shop\\\/product\\\/kress-eyepilot-4x4-kr281e-maehroboter\\\/#breadcrumb\",\"itemListElement\":[{\"@type\":\"ListItem\",\"position\":1,\"name\":\"Startseite\",\"item\":\"https:\\\/\\\/www.alfred-scheerer.de\\\/shop\\\/\"},{\"@type\":\"ListItem\",\"position\":2,\"name\":\"Gartentechnik Scheerer &#8211; Der Online Shop f\u00fcr M\u00e4hroboter und Zubeh\u00f6r\",\"item\":\"https:\\\/\\\/www.alfred-scheerer.de\\\/shop\\\/\"},{\"@type\":\"ListItem\",\"position\":3,\"name\":\"Kress EyePilot\u00ae4&#215;4 KR281E M\u00e4hroboter 1.500m\u00b2 RTKn 2.0 V-SLAM\"}]},{\"@type\":\"WebSite\",\"@id\":\"https:\\\/\\\/www.alfred-scheerer.de\\\/shop\\\/#website\",\"url\":\"https:\\\/\\\/www.alfred-scheerer.de\\\/shop\\\/\",\"name\":\"Scheerer GmbH (ehem. Alfred Scheerer e.K.)\",\"description\":\"Der Online Shop aus Wermelskirchen f\u00fcr M\u00e4hroboter, Akku Gartenger\u00e4te, Ersatzteile und Zubeh\u00f6r\",\"publisher\":{\"@id\":\"https:\\\/\\\/www.alfred-scheerer.de\\\/shop\\\/#organization\"},\"potentialAction\":[{\"@type\":\"SearchAction\",\"target\":{\"@type\":\"EntryPoint\",\"urlTemplate\":\"https:\\\/\\\/www.alfred-scheerer.de\\\/shop\\\/?s={search_term_string}\"},\"query-input\":{\"@type\":\"PropertyValueSpecification\",\"valueRequired\":true,\"valueName\":\"search_term_string\"}}],\"inLanguage\":\"de\"},{\"@type\":\"Organization\",\"@id\":\"https:\\\/\\\/www.alfred-scheerer.de\\\/shop\\\/#organization\",\"name\":\"Scheerer GmbH\",\"url\":\"https:\\\/\\\/www.alfred-scheerer.de\\\/shop\\\/\",\"logo\":{\"@type\":\"ImageObject\",\"inLanguage\":\"de\",\"@id\":\"https:\\\/\\\/www.alfred-scheerer.de\\\/shop\\\/#\\\/schema\\\/logo\\\/image\\\/\",\"url\":\"https:\\\/\\\/alfred-scheerer.de\\\/shop\\\/wp-content\\\/uploads\\\/2024\\\/05\\\/baum.jpg\",\"contentUrl\":\"https:\\\/\\\/alfred-scheerer.de\\\/shop\\\/wp-content\\\/uploads\\\/2024\\\/05\\\/baum.jpg\",\"width\":512,\"height\":512,\"caption\":\"Scheerer GmbH\"},\"image\":{\"@id\":\"https:\\\/\\\/www.alfred-scheerer.de\\\/shop\\\/#\\\/schema\\\/logo\\\/image\\\/\"},\"sameAs\":[\"https:\\\/\\\/www.instagram.com\\\/alfredscheerer\\\/\"]}]}<\/script>\n<!-- \/ Yoast SEO plugin. -->","yoast_head_json":{"title":"Kress EyePilot\u00ae 4x4 KR281E M\u00e4hroboter 1.500m\u00b2","description":"Kress EyePilot\u00ae 4x4 KR281E: Allrad-M\u00e4hroboter f\u00fcr Steigungen bis 83,9 %. RTKn-Pr\u00e4zision, ZeroTrim und kabellose Kartierung f\u00fcr perfekte Rasenpflege.","robots":{"index":"index","follow":"follow","max-snippet":"max-snippet:-1","max-image-preview":"max-image-preview:large","max-video-preview":"max-video-preview:-1"},"canonical":"https:\/\/www.alfred-scheerer.de\/shop\/product\/kress-eyepilot-4x4-kr281e-maehroboter\/","og_locale":"de_DE","og_type":"article","og_title":"Kress EyePilot\u00ae 4x4 KR281E M\u00e4hroboter 1.500m\u00b2","og_description":"Kress EyePilot\u00ae 4x4 KR281E: Allrad-M\u00e4hroboter f\u00fcr Steigungen bis 83,9 %. RTKn-Pr\u00e4zision, ZeroTrim und kabellose Kartierung f\u00fcr perfekte Rasenpflege.","og_url":"https:\/\/www.alfred-scheerer.de\/shop\/product\/kress-eyepilot-4x4-kr281e-maehroboter\/","og_site_name":"Gartentechnik Scheerer","article_modified_time":"2026-03-26T13:09:03+00:00","og_image":[{"width":800,"height":800,"url":"https:\/\/www.alfred-scheerer.de\/shop\/wp-content\/uploads\/2026\/02\/KR281E-KR283E_View1.jpg","type":"image\/jpeg"}],"twitter_card":"summary_large_image","twitter_misc":{"Gesch\u00e4tzte Lesezeit":"1\u00a0Minute"},"schema":{"@context":"https:\/\/schema.org","@graph":[{"@type":"WebPage","@id":"https:\/\/www.alfred-scheerer.de\/shop\/product\/kress-eyepilot-4x4-kr281e-maehroboter\/","url":"https:\/\/www.alfred-scheerer.de\/shop\/product\/kress-eyepilot-4x4-kr281e-maehroboter\/","name":"Kress EyePilot\u00ae 4x4 KR281E M\u00e4hroboter 1.500m\u00b2","isPartOf":{"@id":"https:\/\/www.alfred-scheerer.de\/shop\/#website"},"primaryImageOfPage":{"@id":"https:\/\/www.alfred-scheerer.de\/shop\/product\/kress-eyepilot-4x4-kr281e-maehroboter\/#primaryimage"},"image":{"@id":"https:\/\/www.alfred-scheerer.de\/shop\/product\/kress-eyepilot-4x4-kr281e-maehroboter\/#primaryimage"},"thumbnailUrl":"https:\/\/www.alfred-scheerer.de\/shop\/wp-content\/uploads\/2026\/02\/KR281E-KR283E_View1.jpg","datePublished":"2025-12-10T12:09:52+00:00","dateModified":"2026-03-26T13:09:03+00:00","description":"Kress EyePilot\u00ae 4x4 KR281E: Allrad-M\u00e4hroboter f\u00fcr Steigungen bis 83,9 %. RTKn-Pr\u00e4zision, ZeroTrim und kabellose Kartierung f\u00fcr perfekte Rasenpflege.","breadcrumb":{"@id":"https:\/\/www.alfred-scheerer.de\/shop\/product\/kress-eyepilot-4x4-kr281e-maehroboter\/#breadcrumb"},"inLanguage":"de","potentialAction":[{"@type":"ReadAction","target":["https:\/\/www.alfred-scheerer.de\/shop\/product\/kress-eyepilot-4x4-kr281e-maehroboter\/"]}]},{"@type":"ImageObject","inLanguage":"de","@id":"https:\/\/www.alfred-scheerer.de\/shop\/product\/kress-eyepilot-4x4-kr281e-maehroboter\/#primaryimage","url":"https:\/\/www.alfred-scheerer.de\/shop\/wp-content\/uploads\/2026\/02\/KR281E-KR283E_View1.jpg","contentUrl":"https:\/\/www.alfred-scheerer.de\/shop\/wp-content\/uploads\/2026\/02\/KR281E-KR283E_View1.jpg","width":800,"height":800,"caption":"Kress EyePilot\u00ae 4x4 KR280E KR281E KR283E"},{"@type":"BreadcrumbList","@id":"https:\/\/www.alfred-scheerer.de\/shop\/product\/kress-eyepilot-4x4-kr281e-maehroboter\/#breadcrumb","itemListElement":[{"@type":"ListItem","position":1,"name":"Startseite","item":"https:\/\/www.alfred-scheerer.de\/shop\/"},{"@type":"ListItem","position":2,"name":"Gartentechnik Scheerer &#8211; Der Online Shop f\u00fcr M\u00e4hroboter und Zubeh\u00f6r","item":"https:\/\/www.alfred-scheerer.de\/shop\/"},{"@type":"ListItem","position":3,"name":"Kress EyePilot\u00ae4&#215;4 KR281E M\u00e4hroboter 1.500m\u00b2 RTKn 2.0 V-SLAM"}]},{"@type":"WebSite","@id":"https:\/\/www.alfred-scheerer.de\/shop\/#website","url":"https:\/\/www.alfred-scheerer.de\/shop\/","name":"Scheerer GmbH (ehem. Alfred Scheerer e.K.)","description":"Der Online Shop aus Wermelskirchen f\u00fcr M\u00e4hroboter, Akku Gartenger\u00e4te, Ersatzteile und Zubeh\u00f6r","publisher":{"@id":"https:\/\/www.alfred-scheerer.de\/shop\/#organization"},"potentialAction":[{"@type":"SearchAction","target":{"@type":"EntryPoint","urlTemplate":"https:\/\/www.alfred-scheerer.de\/shop\/?s={search_term_string}"},"query-input":{"@type":"PropertyValueSpecification","valueRequired":true,"valueName":"search_term_string"}}],"inLanguage":"de"},{"@type":"Organization","@id":"https:\/\/www.alfred-scheerer.de\/shop\/#organization","name":"Scheerer GmbH","url":"https:\/\/www.alfred-scheerer.de\/shop\/","logo":{"@type":"ImageObject","inLanguage":"de","@id":"https:\/\/www.alfred-scheerer.de\/shop\/#\/schema\/logo\/image\/","url":"https:\/\/alfred-scheerer.de\/shop\/wp-content\/uploads\/2024\/05\/baum.jpg","contentUrl":"https:\/\/alfred-scheerer.de\/shop\/wp-content\/uploads\/2024\/05\/baum.jpg","width":512,"height":512,"caption":"Scheerer GmbH"},"image":{"@id":"https:\/\/www.alfred-scheerer.de\/shop\/#\/schema\/logo\/image\/"},"sameAs":["https:\/\/www.instagram.com\/alfredscheerer\/"]}]}},"_links":{"self":[{"href":"https:\/\/www.alfred-scheerer.de\/shop\/wp-json\/wp\/v2\/product\/14091","targetHints":{"allow":["GET"]}}],"collection":[{"href":"https:\/\/www.alfred-scheerer.de\/shop\/wp-json\/wp\/v2\/product"}],"about":[{"href":"https:\/\/www.alfred-scheerer.de\/shop\/wp-json\/wp\/v2\/types\/product"}],"wp:featuredmedia":[{"embeddable":true,"href":"https:\/\/www.alfred-scheerer.de\/shop\/wp-json\/wp\/v2\/media\/14329"}],"wp:attachment":[{"href":"https:\/\/www.alfred-scheerer.de\/shop\/wp-json\/wp\/v2\/media?parent=14091"}],"wp:term":[{"taxonomy":"product_brand","embeddable":true,"href":"https:\/\/www.alfred-scheerer.de\/shop\/wp-json\/wp\/v2\/product_brand?post=14091"},{"taxonomy":"product_cat","embeddable":true,"href":"https:\/\/www.alfred-scheerer.de\/shop\/wp-json\/wp\/v2\/product_cat?post=14091"},{"taxonomy":"product_tag","embeddable":true,"href":"https:\/\/www.alfred-scheerer.de\/shop\/wp-json\/wp\/v2\/product_tag?post=14091"}],"curies":[{"name":"wp","href":"https:\/\/api.w.org\/{rel}","templated":true}]}}