{"id":14241,"date":"2026-01-27T11:26:19","date_gmt":"2026-01-27T10:26:19","guid":{"rendered":"https:\/\/alfred-scheerer.de\/shop\/?post_type=product&#038;p=14241"},"modified":"2026-04-02T18:17:09","modified_gmt":"2026-04-02T16:17:09","slug":"sunseeker-x5-gen-2","status":"publish","type":"product","link":"https:\/\/www.alfred-scheerer.de\/shop\/product\/sunseeker-x5-gen-2\/","title":{"rendered":"Sunseeker X5 Gen 2 N-RTK M\u00e4hroboter Allrad 2.000 m\u00b2"},"content":{"rendered":"<p data-start=\"1048\" data-end=\"1392\">Der <strong>Sunseeker X5 Gen 2<\/strong> wurde f\u00fcr G\u00e4rten entwickelt, in denen herk\u00f6mmliche M\u00e4hroboter schnell an ihre Grenzen sto\u00dfen. Mit einer leistungsstarken Antriebseinheit, einer beeindruckenden Steigf\u00e4higkeit von bis zu <strong>60 %<\/strong> und einem robusten Chassis bew\u00e4ltigt er Steilh\u00e4nge, B\u00f6schungen und komplexe Grundst\u00fccksstrukturen bis zu<strong> 2.000 m\u00b2<\/strong> souver\u00e4n.<\/p>\n<p data-start=\"1394\" data-end=\"1628\">Die <strong>22 cm Schnittbreite<\/strong> erm\u00f6glicht pr\u00e4zise Ergebnisse auch in verwinkelten Bereichen, w\u00e4hrend die integrierte Randschnitt-Funktion f\u00fcr saubere Kanten mit weniger als <strong>3 cm Abstand<\/strong> entlang von Wegen, Mauern und Beeten sorgt.<\/p>\n<p data-start=\"1630\" data-end=\"1883\">F\u00fcr den Einsatz in den Abendstunden oder bei schwachem Licht ist der <strong>X5 Gen 2<\/strong> mit moderner <strong>Nachtsichtkamera (iToF)<\/strong> ausgestattet. Eine hochentwickelte Kamerasensorik sorgt daf\u00fcr, dass der Roboter seine Umgebung zuverl\u00e4ssig erkennt und sicher navigiert.<\/p>\n<p data-start=\"1885\" data-end=\"2096\">Das integrierte <strong>4G-Modul (zwei Jahre inklusive)<\/strong> erm\u00f6glicht jederzeitigen Zugriff auf Live-Daten, M\u00e4hzonen, Zeitpl\u00e4ne und Einstellungen \u00fcber die App. So bleibt der Roboter stets kontrollierbar \u2013 auch unterwegs.<\/p>\n<p data-start=\"2098\" data-end=\"2332\">Der<strong> Sunseeker Elite X5 Gen 2<\/strong> verbindet robuste Leistungsf\u00e4higkeit mit intelligenter Konnektivit\u00e4t und ist damit die ideale L\u00f6sung f\u00fcr G\u00e4rten, in denen maximale Kontrolle, Gel\u00e4ndeg\u00e4ngigkeit und ein perfektes M\u00e4hergebnis erwartet werden.<\/p>\n","protected":false},"excerpt":{"rendered":"<p>Der Sunseeker<strong> X5 Gen2<\/strong> ist ein kompakter, leistungsstarker M\u00e4hroboter f\u00fcr Rasenfl\u00e4chen bis <strong>2.000 m\u00b2.<\/strong> Mit <strong>Allradantrieb<\/strong>, <strong>EdgeCut-Technologie<\/strong>, einer neuen pr\u00e4zisen <strong>Binocular-Kamera + iTof<\/strong> und doppelt so <strong>schneller Prozessorleistung<\/strong> navigiert sicher durch enge Bereiche.<\/p>\n<ul>\n<li data-start=\"1977\" data-end=\"2003\"><strong>AONavi\u2122 2.0<\/strong>: kabellose Zentimeternavigation <strong>ohne Antennenstation<\/strong><\/li>\n<li>Vollautomatisches Mapping &amp; intelligente Pfadplanung<\/li>\n<li data-start=\"1977\" data-end=\"2003\"><strong>EdgeCut<\/strong> f\u00fcr pr\u00e4zise Kantenbearbeitung<\/li>\n<li data-start=\"2006\" data-end=\"2050\"><strong>Vision AI 2.0<\/strong>: Binokularkamera+ iToF-Radar f\u00fcr 24\/7-Hinderniserkennung<\/li>\n<li data-start=\"2006\" data-end=\"2050\">Verdoppelte Prozessorleistung f\u00fcr fl\u00fcssige Navigation<\/li>\n<li data-start=\"1977\" data-end=\"2003\">Schnittbreite: bis 22 cm<\/li>\n<li data-start=\"2006\" data-end=\"2050\">Schnitth\u00f6henverstellung: 20\u201360 mm<\/li>\n<li data-start=\"2053\" data-end=\"2084\">Maximale Rasenfl\u00e4che: 2.000 m\u00b2<\/li>\n<li data-start=\"2087\" data-end=\"2116\">Maximale Steigung: 30\u00b0 \/ 60 %<\/li>\n<\/ul>\n<p>Lieferumfang:<br \/>\nRoboter inkl. Ladestation<br \/>\nNetzteil<br \/>\nBedienungsanleitung<\/p>\n<p>Zubeh\u00f6r findest Du hier: <a href=\"https:\/\/alfred-scheerer.de\/shop\/product-category\/installation-ersatzteile-u-zubehoer\/sunseeker-ersatzteile-zubehoer\/\"><strong>Sunseeker Zubeh\u00f6r<\/strong><\/a><\/p>\n<p>Kostenloser Versand innerhalb Deutschlands!<\/p>\n","protected":false},"featured_media":14212,"template":"","meta":[],"product_brand":[1774],"product_cat":[1770,68,105,512,1375],"product_tag":[1964,1965,1966],"class_list":{"0":"post-14241","1":"product","2":"type-product","3":"status-publish","4":"has-post-thumbnail","6":"product_brand-sunseeker","7":"product_cat-sunseeker","8":"product_cat-800-bis-2-000-m","9":"product_cat-rasenroboter-maehroboter","10":"product_cat-maehroboter-rasenroboter-allrad-awd","11":"product_cat-maehroboter-rasenroboter-neuheiten-2026","12":"product_tag-sunseeker-x5-gen2","13":"product_tag-sunseeker-elite-x5-gen2","14":"product_tag-x5-gen2","15":"product_shipping_class-kostenlos","17":"first","18":"instock","19":"taxable","20":"shipping-taxable","21":"purchasable","22":"product-type-simple"},"yoast_head":"<!-- This site is optimized with the Yoast SEO plugin v27.3 - https:\/\/yoast.com\/product\/yoast-seo-wordpress\/ -->\n<title>Sunseeker X5 Gen 2 N-RTK M\u00e4hroboter Allrad 2.000 m\u00b2 - NEU<\/title>\n<meta name=\"description\" content=\"Der Sunseeker X5 Gen 2 meistert Steigungen bis 60 %, bietet pr\u00e4zisen Randschnitt, Night Vision und volle Kontrolle per 4G-App.\" \/>\n<meta name=\"robots\" content=\"index, follow, max-snippet:-1, max-image-preview:large, max-video-preview:-1\" \/>\n<link rel=\"canonical\" href=\"https:\/\/www.alfred-scheerer.de\/shop\/product\/sunseeker-x5-gen-2\/\" \/>\n<meta property=\"og:locale\" content=\"de_DE\" \/>\n<meta property=\"og:type\" content=\"article\" \/>\n<meta property=\"og:title\" content=\"Sunseeker X5 Gen 2 N-RTK M\u00e4hroboter Allrad 2.000 m\u00b2 - NEU\" \/>\n<meta property=\"og:description\" content=\"Der Sunseeker X5 Gen 2 meistert Steigungen bis 60 %, bietet pr\u00e4zisen Randschnitt, Night Vision und volle Kontrolle per 4G-App.\" \/>\n<meta property=\"og:url\" content=\"https:\/\/www.alfred-scheerer.de\/shop\/product\/sunseeker-x5-gen-2\/\" \/>\n<meta property=\"og:site_name\" content=\"Gartentechnik Scheerer\" \/>\n<meta property=\"article:modified_time\" content=\"2026-04-02T16:17:09+00:00\" \/>\n<meta property=\"og:image\" content=\"https:\/\/www.alfred-scheerer.de\/shop\/wp-content\/uploads\/2026\/01\/X5_Gen_2-Front-Right-View.jpg\" \/>\n\t<meta property=\"og:image:width\" content=\"800\" \/>\n\t<meta property=\"og:image:height\" content=\"800\" \/>\n\t<meta property=\"og:image:type\" content=\"image\/jpeg\" \/>\n<meta name=\"twitter:card\" content=\"summary_large_image\" \/>\n<meta name=\"twitter:label1\" content=\"Gesch\u00e4tzte Lesezeit\" \/>\n\t<meta name=\"twitter:data1\" content=\"1\u00a0Minute\" \/>\n<script type=\"application\/ld+json\" class=\"yoast-schema-graph\">{\"@context\":\"https:\\\/\\\/schema.org\",\"@graph\":[{\"@type\":\"WebPage\",\"@id\":\"https:\\\/\\\/www.alfred-scheerer.de\\\/shop\\\/product\\\/sunseeker-x5-gen-2\\\/\",\"url\":\"https:\\\/\\\/www.alfred-scheerer.de\\\/shop\\\/product\\\/sunseeker-x5-gen-2\\\/\",\"name\":\"Sunseeker X5 Gen 2 N-RTK M\u00e4hroboter Allrad 2.000 m\u00b2 - NEU\",\"isPartOf\":{\"@id\":\"https:\\\/\\\/www.alfred-scheerer.de\\\/shop\\\/#website\"},\"primaryImageOfPage\":{\"@id\":\"https:\\\/\\\/www.alfred-scheerer.de\\\/shop\\\/product\\\/sunseeker-x5-gen-2\\\/#primaryimage\"},\"image\":{\"@id\":\"https:\\\/\\\/www.alfred-scheerer.de\\\/shop\\\/product\\\/sunseeker-x5-gen-2\\\/#primaryimage\"},\"thumbnailUrl\":\"https:\\\/\\\/www.alfred-scheerer.de\\\/shop\\\/wp-content\\\/uploads\\\/2026\\\/01\\\/X5_Gen_2-Front-Right-View.jpg\",\"datePublished\":\"2026-01-27T10:26:19+00:00\",\"dateModified\":\"2026-04-02T16:17:09+00:00\",\"description\":\"Der Sunseeker X5 Gen 2 meistert Steigungen bis 60 %, bietet pr\u00e4zisen Randschnitt, Night Vision und volle Kontrolle per 4G-App.\",\"breadcrumb\":{\"@id\":\"https:\\\/\\\/www.alfred-scheerer.de\\\/shop\\\/product\\\/sunseeker-x5-gen-2\\\/#breadcrumb\"},\"inLanguage\":\"de\",\"potentialAction\":[{\"@type\":\"ReadAction\",\"target\":[\"https:\\\/\\\/www.alfred-scheerer.de\\\/shop\\\/product\\\/sunseeker-x5-gen-2\\\/\"]}]},{\"@type\":\"ImageObject\",\"inLanguage\":\"de\",\"@id\":\"https:\\\/\\\/www.alfred-scheerer.de\\\/shop\\\/product\\\/sunseeker-x5-gen-2\\\/#primaryimage\",\"url\":\"https:\\\/\\\/www.alfred-scheerer.de\\\/shop\\\/wp-content\\\/uploads\\\/2026\\\/01\\\/X5_Gen_2-Front-Right-View.jpg\",\"contentUrl\":\"https:\\\/\\\/www.alfred-scheerer.de\\\/shop\\\/wp-content\\\/uploads\\\/2026\\\/01\\\/X5_Gen_2-Front-Right-View.jpg\",\"width\":800,\"height\":800,\"caption\":\"M\u00e4hroboter Sunseeker X5 Gen 2\"},{\"@type\":\"BreadcrumbList\",\"@id\":\"https:\\\/\\\/www.alfred-scheerer.de\\\/shop\\\/product\\\/sunseeker-x5-gen-2\\\/#breadcrumb\",\"itemListElement\":[{\"@type\":\"ListItem\",\"position\":1,\"name\":\"Startseite\",\"item\":\"https:\\\/\\\/www.alfred-scheerer.de\\\/shop\\\/\"},{\"@type\":\"ListItem\",\"position\":2,\"name\":\"Gartentechnik Scheerer &#8211; Der Online Shop f\u00fcr M\u00e4hroboter und Zubeh\u00f6r\",\"item\":\"https:\\\/\\\/www.alfred-scheerer.de\\\/shop\\\/\"},{\"@type\":\"ListItem\",\"position\":3,\"name\":\"Sunseeker X5 Gen 2 N-RTK M\u00e4hroboter Allrad 2.000 m\u00b2\"}]},{\"@type\":\"WebSite\",\"@id\":\"https:\\\/\\\/www.alfred-scheerer.de\\\/shop\\\/#website\",\"url\":\"https:\\\/\\\/www.alfred-scheerer.de\\\/shop\\\/\",\"name\":\"Scheerer GmbH (ehem. Alfred Scheerer e.K.)\",\"description\":\"Der Online Shop aus Wermelskirchen f\u00fcr M\u00e4hroboter, Akku Gartenger\u00e4te, Ersatzteile und Zubeh\u00f6r\",\"publisher\":{\"@id\":\"https:\\\/\\\/www.alfred-scheerer.de\\\/shop\\\/#organization\"},\"potentialAction\":[{\"@type\":\"SearchAction\",\"target\":{\"@type\":\"EntryPoint\",\"urlTemplate\":\"https:\\\/\\\/www.alfred-scheerer.de\\\/shop\\\/?s={search_term_string}\"},\"query-input\":{\"@type\":\"PropertyValueSpecification\",\"valueRequired\":true,\"valueName\":\"search_term_string\"}}],\"inLanguage\":\"de\"},{\"@type\":\"Organization\",\"@id\":\"https:\\\/\\\/www.alfred-scheerer.de\\\/shop\\\/#organization\",\"name\":\"Scheerer GmbH\",\"url\":\"https:\\\/\\\/www.alfred-scheerer.de\\\/shop\\\/\",\"logo\":{\"@type\":\"ImageObject\",\"inLanguage\":\"de\",\"@id\":\"https:\\\/\\\/www.alfred-scheerer.de\\\/shop\\\/#\\\/schema\\\/logo\\\/image\\\/\",\"url\":\"https:\\\/\\\/alfred-scheerer.de\\\/shop\\\/wp-content\\\/uploads\\\/2024\\\/05\\\/baum.jpg\",\"contentUrl\":\"https:\\\/\\\/alfred-scheerer.de\\\/shop\\\/wp-content\\\/uploads\\\/2024\\\/05\\\/baum.jpg\",\"width\":512,\"height\":512,\"caption\":\"Scheerer GmbH\"},\"image\":{\"@id\":\"https:\\\/\\\/www.alfred-scheerer.de\\\/shop\\\/#\\\/schema\\\/logo\\\/image\\\/\"},\"sameAs\":[\"https:\\\/\\\/www.instagram.com\\\/alfredscheerer\\\/\"]}]}<\/script>\n<!-- \/ Yoast SEO plugin. -->","yoast_head_json":{"title":"Sunseeker X5 Gen 2 N-RTK M\u00e4hroboter Allrad 2.000 m\u00b2 - NEU","description":"Der Sunseeker X5 Gen 2 meistert Steigungen bis 60 %, bietet pr\u00e4zisen Randschnitt, Night Vision und volle Kontrolle per 4G-App.","robots":{"index":"index","follow":"follow","max-snippet":"max-snippet:-1","max-image-preview":"max-image-preview:large","max-video-preview":"max-video-preview:-1"},"canonical":"https:\/\/www.alfred-scheerer.de\/shop\/product\/sunseeker-x5-gen-2\/","og_locale":"de_DE","og_type":"article","og_title":"Sunseeker X5 Gen 2 N-RTK M\u00e4hroboter Allrad 2.000 m\u00b2 - NEU","og_description":"Der Sunseeker X5 Gen 2 meistert Steigungen bis 60 %, bietet pr\u00e4zisen Randschnitt, Night Vision und volle Kontrolle per 4G-App.","og_url":"https:\/\/www.alfred-scheerer.de\/shop\/product\/sunseeker-x5-gen-2\/","og_site_name":"Gartentechnik Scheerer","article_modified_time":"2026-04-02T16:17:09+00:00","og_image":[{"width":800,"height":800,"url":"https:\/\/www.alfred-scheerer.de\/shop\/wp-content\/uploads\/2026\/01\/X5_Gen_2-Front-Right-View.jpg","type":"image\/jpeg"}],"twitter_card":"summary_large_image","twitter_misc":{"Gesch\u00e4tzte Lesezeit":"1\u00a0Minute"},"schema":{"@context":"https:\/\/schema.org","@graph":[{"@type":"WebPage","@id":"https:\/\/www.alfred-scheerer.de\/shop\/product\/sunseeker-x5-gen-2\/","url":"https:\/\/www.alfred-scheerer.de\/shop\/product\/sunseeker-x5-gen-2\/","name":"Sunseeker X5 Gen 2 N-RTK M\u00e4hroboter Allrad 2.000 m\u00b2 - NEU","isPartOf":{"@id":"https:\/\/www.alfred-scheerer.de\/shop\/#website"},"primaryImageOfPage":{"@id":"https:\/\/www.alfred-scheerer.de\/shop\/product\/sunseeker-x5-gen-2\/#primaryimage"},"image":{"@id":"https:\/\/www.alfred-scheerer.de\/shop\/product\/sunseeker-x5-gen-2\/#primaryimage"},"thumbnailUrl":"https:\/\/www.alfred-scheerer.de\/shop\/wp-content\/uploads\/2026\/01\/X5_Gen_2-Front-Right-View.jpg","datePublished":"2026-01-27T10:26:19+00:00","dateModified":"2026-04-02T16:17:09+00:00","description":"Der Sunseeker X5 Gen 2 meistert Steigungen bis 60 %, bietet pr\u00e4zisen Randschnitt, Night Vision und volle Kontrolle per 4G-App.","breadcrumb":{"@id":"https:\/\/www.alfred-scheerer.de\/shop\/product\/sunseeker-x5-gen-2\/#breadcrumb"},"inLanguage":"de","potentialAction":[{"@type":"ReadAction","target":["https:\/\/www.alfred-scheerer.de\/shop\/product\/sunseeker-x5-gen-2\/"]}]},{"@type":"ImageObject","inLanguage":"de","@id":"https:\/\/www.alfred-scheerer.de\/shop\/product\/sunseeker-x5-gen-2\/#primaryimage","url":"https:\/\/www.alfred-scheerer.de\/shop\/wp-content\/uploads\/2026\/01\/X5_Gen_2-Front-Right-View.jpg","contentUrl":"https:\/\/www.alfred-scheerer.de\/shop\/wp-content\/uploads\/2026\/01\/X5_Gen_2-Front-Right-View.jpg","width":800,"height":800,"caption":"M\u00e4hroboter Sunseeker X5 Gen 2"},{"@type":"BreadcrumbList","@id":"https:\/\/www.alfred-scheerer.de\/shop\/product\/sunseeker-x5-gen-2\/#breadcrumb","itemListElement":[{"@type":"ListItem","position":1,"name":"Startseite","item":"https:\/\/www.alfred-scheerer.de\/shop\/"},{"@type":"ListItem","position":2,"name":"Gartentechnik Scheerer &#8211; Der Online Shop f\u00fcr M\u00e4hroboter und Zubeh\u00f6r","item":"https:\/\/www.alfred-scheerer.de\/shop\/"},{"@type":"ListItem","position":3,"name":"Sunseeker X5 Gen 2 N-RTK M\u00e4hroboter Allrad 2.000 m\u00b2"}]},{"@type":"WebSite","@id":"https:\/\/www.alfred-scheerer.de\/shop\/#website","url":"https:\/\/www.alfred-scheerer.de\/shop\/","name":"Scheerer GmbH (ehem. Alfred Scheerer e.K.)","description":"Der Online Shop aus Wermelskirchen f\u00fcr M\u00e4hroboter, Akku Gartenger\u00e4te, Ersatzteile und Zubeh\u00f6r","publisher":{"@id":"https:\/\/www.alfred-scheerer.de\/shop\/#organization"},"potentialAction":[{"@type":"SearchAction","target":{"@type":"EntryPoint","urlTemplate":"https:\/\/www.alfred-scheerer.de\/shop\/?s={search_term_string}"},"query-input":{"@type":"PropertyValueSpecification","valueRequired":true,"valueName":"search_term_string"}}],"inLanguage":"de"},{"@type":"Organization","@id":"https:\/\/www.alfred-scheerer.de\/shop\/#organization","name":"Scheerer GmbH","url":"https:\/\/www.alfred-scheerer.de\/shop\/","logo":{"@type":"ImageObject","inLanguage":"de","@id":"https:\/\/www.alfred-scheerer.de\/shop\/#\/schema\/logo\/image\/","url":"https:\/\/alfred-scheerer.de\/shop\/wp-content\/uploads\/2024\/05\/baum.jpg","contentUrl":"https:\/\/alfred-scheerer.de\/shop\/wp-content\/uploads\/2024\/05\/baum.jpg","width":512,"height":512,"caption":"Scheerer GmbH"},"image":{"@id":"https:\/\/www.alfred-scheerer.de\/shop\/#\/schema\/logo\/image\/"},"sameAs":["https:\/\/www.instagram.com\/alfredscheerer\/"]}]}},"_links":{"self":[{"href":"https:\/\/www.alfred-scheerer.de\/shop\/wp-json\/wp\/v2\/product\/14241","targetHints":{"allow":["GET"]}}],"collection":[{"href":"https:\/\/www.alfred-scheerer.de\/shop\/wp-json\/wp\/v2\/product"}],"about":[{"href":"https:\/\/www.alfred-scheerer.de\/shop\/wp-json\/wp\/v2\/types\/product"}],"wp:featuredmedia":[{"embeddable":true,"href":"https:\/\/www.alfred-scheerer.de\/shop\/wp-json\/wp\/v2\/media\/14212"}],"wp:attachment":[{"href":"https:\/\/www.alfred-scheerer.de\/shop\/wp-json\/wp\/v2\/media?parent=14241"}],"wp:term":[{"taxonomy":"product_brand","embeddable":true,"href":"https:\/\/www.alfred-scheerer.de\/shop\/wp-json\/wp\/v2\/product_brand?post=14241"},{"taxonomy":"product_cat","embeddable":true,"href":"https:\/\/www.alfred-scheerer.de\/shop\/wp-json\/wp\/v2\/product_cat?post=14241"},{"taxonomy":"product_tag","embeddable":true,"href":"https:\/\/www.alfred-scheerer.de\/shop\/wp-json\/wp\/v2\/product_tag?post=14241"}],"curies":[{"name":"wp","href":"https:\/\/api.w.org\/{rel}","templated":true}]}}