{"id":1434,"date":"2019-12-16T18:47:19","date_gmt":"2019-12-16T17:47:19","guid":{"rendered":"http:\/\/alfred-scheerer.de\/shop\/?post_type=product&#038;p=1434"},"modified":"2025-08-07T11:03:44","modified_gmt":"2025-08-07T09:03:44","slug":"messer-25-cm-gekroepft-ambrogio-l50-l60-wiper-blitz-50_d0018_02-stiga-1126-9101-01","status":"publish","type":"product","link":"https:\/\/www.alfred-scheerer.de\/shop\/product\/messer-25-cm-gekroepft-ambrogio-l50-l60-wiper-blitz-50_d0018_02-stiga-1126-9101-01\/","title":{"rendered":"Messer 25 cm gekr\u00f6pft Ambrogio L50\/L60 Wiper Blitz 50_D0018_02 Stiga 1126-9101-01"},"content":{"rendered":"<p>Original Ambrogio ZCS Messer mit 25 cm Durchmesser \u2013 gekr\u00f6pft und gefertigt aus strapazierf\u00e4higem Federstahl. Inklusive vier neuer Schrauben f\u00fcr einen sicheren und schnellen Austausch. Ideal f\u00fcr den pr\u00e4zisen Rasenschnitt mit deinem Ambrogio, Wiper oder Stiga M\u00e4hroboter. Hochwertige Qualit\u00e4t f\u00fcr eine lange Lebensdauer und maximale M\u00e4hleistung.<\/p>\n<p>passend f\u00fcr:<br \/>\nAmbrogio: L50\/L60<br \/>\nWiper: Blitz<br \/>\nStiga: 140\/145<\/p>\n<p>Referenznummer:<br \/>\nAmbrogio\/Wiper\/ZCS: 50_D0018_02, 50D001802<br \/>\nStiga: 1126-9101-01<\/p>\n","protected":false},"excerpt":{"rendered":"<p>Original Ambrogio ZCS Messer gekr\u00f6pft aus Federstahl inkl. vier neuen Schrauben.<br \/>\nDurchmesser 25 cm<\/p>\n<p>passend f\u00fcr:<br \/>\nAmbrogio: L50\/L60<br \/>\nWiper: Blitz<br \/>\nStiga: 140\/145<\/p>\n<p>Referenznummer:<br \/>\nAmbrogio\/Wiper\/ZCS: 50_D0018_02, 50D001802<br \/>\nStiga: 1126-9101-01<\/p>\n","protected":false},"featured_media":3447,"template":"","meta":[],"product_brand":[1756],"product_cat":[97,106,108,1425,312,94],"product_tag":[844,583,615,1046,584,639,585,640,586,641,606,642,607,643,460,610,644,528,611,841,576,612,53,842,581,613,843,582,614],"class_list":{"0":"post-1434","1":"product","2":"type-product","3":"status-publish","4":"has-post-thumbnail","6":"product_brand-ambrogio","7":"product_cat-l50-l60","8":"product_cat-installation-ersatzteile-u-zubehoer","9":"product_cat-stiga-ersatzteile-zubehoer","10":"product_cat-ambrogio-ersatzmesser","11":"product_cat-wiper-ersatzteile-zubehoer","12":"product_cat-ambrogio-ersatzteile-zubehoer","13":"product_tag-844","14":"product_tag-techline-ersatzmesser","15":"product_tag-messer-25cm","16":"product_tag-4-stern-messer","17":"product_tag-maehroboter-messer","18":"product_tag-l50-messer","19":"product_tag-techline-messer","20":"product_tag-l50-ersatzmesser","21":"product_tag-maehroboter-ersatzmesser","22":"product_tag-l60-ersatzmesser","23":"product_tag-stiga-messer","24":"product_tag-l60-messer","25":"product_tag-autoclip-messer","26":"product_tag-awd-messer","27":"product_tag-ambrogio-ersatzteile","28":"product_tag-stiga-ersatzmesser","29":"product_tag-awd-ersatzmesser","30":"product_tag-ambrogio-messer","31":"product_tag-autoclip-ersatzmesser","32":"product_tag-50_d0018_02","33":"product_tag-ambrogio-ersatzmesser","34":"product_tag-ersatzmesser-25-cm","35":"product_tag-ambrogio","36":"product_tag-50d001802","37":"product_tag-wiper-messer","38":"product_tag-ersatzmesser-25cm","39":"product_tag-1126-9101-01","40":"product_tag-wiper-ersatzmesser","41":"product_tag-messer-25-cm","43":"first","44":"instock","45":"sale","46":"taxable","47":"shipping-taxable","48":"purchasable","49":"product-type-simple"},"yoast_head":"<!-- This site is optimized with the Yoast SEO plugin v27.4 - https:\/\/yoast.com\/product\/yoast-seo-wordpress\/ -->\n<title>Messer 25 cm gekr\u00f6pft Ambrogio L50\/L60 Wiper Blitz 50_D0018_02<\/title>\n<meta name=\"description\" content=\"Original Ambrogio ZCS Messer gekr\u00f6pft, \u00d8 25 cm aus Federstahl inkl. 4 Schrauben \u2013 langlebiger Ersatz f\u00fcr saubere Schnitte mit deinem M\u00e4hroboter.\" \/>\n<meta name=\"robots\" content=\"index, follow, max-snippet:-1, max-image-preview:large, max-video-preview:-1\" \/>\n<link rel=\"canonical\" href=\"https:\/\/www.alfred-scheerer.de\/shop\/product\/messer-25-cm-gekroepft-ambrogio-l50-l60-wiper-blitz-50_d0018_02-stiga-1126-9101-01\/\" \/>\n<meta property=\"og:locale\" content=\"de_DE\" \/>\n<meta property=\"og:type\" content=\"article\" \/>\n<meta property=\"og:title\" content=\"Messer 25 cm gekr\u00f6pft Ambrogio L50\/L60 Wiper Blitz 50_D0018_02\" \/>\n<meta property=\"og:description\" content=\"Original Ambrogio ZCS Messer gekr\u00f6pft, \u00d8 25 cm aus Federstahl inkl. 4 Schrauben \u2013 langlebiger Ersatz f\u00fcr saubere Schnitte mit deinem M\u00e4hroboter.\" \/>\n<meta property=\"og:url\" content=\"https:\/\/www.alfred-scheerer.de\/shop\/product\/messer-25-cm-gekroepft-ambrogio-l50-l60-wiper-blitz-50_d0018_02-stiga-1126-9101-01\/\" \/>\n<meta property=\"og:site_name\" content=\"Gartentechnik Scheerer\" \/>\n<meta property=\"article:modified_time\" content=\"2025-08-07T09:03:44+00:00\" \/>\n<meta property=\"og:image\" content=\"https:\/\/www.alfred-scheerer.de\/shop\/wp-content\/uploads\/2020\/04\/Messer-Ambrogio-L60.jpg\" \/>\n\t<meta property=\"og:image:width\" content=\"1063\" \/>\n\t<meta property=\"og:image:height\" content=\"709\" \/>\n\t<meta property=\"og:image:type\" content=\"image\/jpeg\" \/>\n<meta name=\"twitter:card\" content=\"summary_large_image\" \/>\n<script type=\"application\/ld+json\" class=\"yoast-schema-graph\">{\"@context\":\"https:\\\/\\\/schema.org\",\"@graph\":[{\"@type\":\"WebPage\",\"@id\":\"https:\\\/\\\/www.alfred-scheerer.de\\\/shop\\\/product\\\/messer-25-cm-gekroepft-ambrogio-l50-l60-wiper-blitz-50_d0018_02-stiga-1126-9101-01\\\/\",\"url\":\"https:\\\/\\\/www.alfred-scheerer.de\\\/shop\\\/product\\\/messer-25-cm-gekroepft-ambrogio-l50-l60-wiper-blitz-50_d0018_02-stiga-1126-9101-01\\\/\",\"name\":\"Messer 25 cm gekr\u00f6pft Ambrogio L50\\\/L60 Wiper Blitz 50_D0018_02\",\"isPartOf\":{\"@id\":\"https:\\\/\\\/www.alfred-scheerer.de\\\/shop\\\/#website\"},\"primaryImageOfPage\":{\"@id\":\"https:\\\/\\\/www.alfred-scheerer.de\\\/shop\\\/product\\\/messer-25-cm-gekroepft-ambrogio-l50-l60-wiper-blitz-50_d0018_02-stiga-1126-9101-01\\\/#primaryimage\"},\"image\":{\"@id\":\"https:\\\/\\\/www.alfred-scheerer.de\\\/shop\\\/product\\\/messer-25-cm-gekroepft-ambrogio-l50-l60-wiper-blitz-50_d0018_02-stiga-1126-9101-01\\\/#primaryimage\"},\"thumbnailUrl\":\"https:\\\/\\\/www.alfred-scheerer.de\\\/shop\\\/wp-content\\\/uploads\\\/2020\\\/04\\\/Messer-Ambrogio-L60.jpg\",\"datePublished\":\"2019-12-16T17:47:19+00:00\",\"dateModified\":\"2025-08-07T09:03:44+00:00\",\"description\":\"Original Ambrogio ZCS Messer gekr\u00f6pft, \u00d8 25 cm aus Federstahl inkl. 4 Schrauben \u2013 langlebiger Ersatz f\u00fcr saubere Schnitte mit deinem M\u00e4hroboter.\",\"breadcrumb\":{\"@id\":\"https:\\\/\\\/www.alfred-scheerer.de\\\/shop\\\/product\\\/messer-25-cm-gekroepft-ambrogio-l50-l60-wiper-blitz-50_d0018_02-stiga-1126-9101-01\\\/#breadcrumb\"},\"inLanguage\":\"de\",\"potentialAction\":[{\"@type\":\"ReadAction\",\"target\":[\"https:\\\/\\\/www.alfred-scheerer.de\\\/shop\\\/product\\\/messer-25-cm-gekroepft-ambrogio-l50-l60-wiper-blitz-50_d0018_02-stiga-1126-9101-01\\\/\"]}]},{\"@type\":\"ImageObject\",\"inLanguage\":\"de\",\"@id\":\"https:\\\/\\\/www.alfred-scheerer.de\\\/shop\\\/product\\\/messer-25-cm-gekroepft-ambrogio-l50-l60-wiper-blitz-50_d0018_02-stiga-1126-9101-01\\\/#primaryimage\",\"url\":\"https:\\\/\\\/www.alfred-scheerer.de\\\/shop\\\/wp-content\\\/uploads\\\/2020\\\/04\\\/Messer-Ambrogio-L60.jpg\",\"contentUrl\":\"https:\\\/\\\/www.alfred-scheerer.de\\\/shop\\\/wp-content\\\/uploads\\\/2020\\\/04\\\/Messer-Ambrogio-L60.jpg\",\"width\":1063,\"height\":709,\"caption\":\"Messer Quad Climber\"},{\"@type\":\"BreadcrumbList\",\"@id\":\"https:\\\/\\\/www.alfred-scheerer.de\\\/shop\\\/product\\\/messer-25-cm-gekroepft-ambrogio-l50-l60-wiper-blitz-50_d0018_02-stiga-1126-9101-01\\\/#breadcrumb\",\"itemListElement\":[{\"@type\":\"ListItem\",\"position\":1,\"name\":\"Startseite\",\"item\":\"https:\\\/\\\/www.alfred-scheerer.de\\\/shop\\\/\"},{\"@type\":\"ListItem\",\"position\":2,\"name\":\"Gartentechnik Scheerer &#8211; Der Online Shop f\u00fcr M\u00e4hroboter und Zubeh\u00f6r\",\"item\":\"https:\\\/\\\/www.alfred-scheerer.de\\\/shop\\\/\"},{\"@type\":\"ListItem\",\"position\":3,\"name\":\"Messer 25 cm gekr\u00f6pft Ambrogio L50\\\/L60 Wiper Blitz 50_D0018_02 Stiga 1126-9101-01\"}]},{\"@type\":\"WebSite\",\"@id\":\"https:\\\/\\\/www.alfred-scheerer.de\\\/shop\\\/#website\",\"url\":\"https:\\\/\\\/www.alfred-scheerer.de\\\/shop\\\/\",\"name\":\"Scheerer GmbH (ehem. Alfred Scheerer e.K.)\",\"description\":\"Der Online Shop aus Wermelskirchen f\u00fcr M\u00e4hroboter, Akku Gartenger\u00e4te, Ersatzteile und Zubeh\u00f6r\",\"publisher\":{\"@id\":\"https:\\\/\\\/www.alfred-scheerer.de\\\/shop\\\/#organization\"},\"potentialAction\":[{\"@type\":\"SearchAction\",\"target\":{\"@type\":\"EntryPoint\",\"urlTemplate\":\"https:\\\/\\\/www.alfred-scheerer.de\\\/shop\\\/?s={search_term_string}\"},\"query-input\":{\"@type\":\"PropertyValueSpecification\",\"valueRequired\":true,\"valueName\":\"search_term_string\"}}],\"inLanguage\":\"de\"},{\"@type\":\"Organization\",\"@id\":\"https:\\\/\\\/www.alfred-scheerer.de\\\/shop\\\/#organization\",\"name\":\"Scheerer GmbH\",\"url\":\"https:\\\/\\\/www.alfred-scheerer.de\\\/shop\\\/\",\"logo\":{\"@type\":\"ImageObject\",\"inLanguage\":\"de\",\"@id\":\"https:\\\/\\\/www.alfred-scheerer.de\\\/shop\\\/#\\\/schema\\\/logo\\\/image\\\/\",\"url\":\"https:\\\/\\\/alfred-scheerer.de\\\/shop\\\/wp-content\\\/uploads\\\/2024\\\/05\\\/baum.jpg\",\"contentUrl\":\"https:\\\/\\\/alfred-scheerer.de\\\/shop\\\/wp-content\\\/uploads\\\/2024\\\/05\\\/baum.jpg\",\"width\":512,\"height\":512,\"caption\":\"Scheerer GmbH\"},\"image\":{\"@id\":\"https:\\\/\\\/www.alfred-scheerer.de\\\/shop\\\/#\\\/schema\\\/logo\\\/image\\\/\"},\"sameAs\":[\"https:\\\/\\\/www.instagram.com\\\/alfredscheerer\\\/\"]}]}<\/script>\n<!-- \/ Yoast SEO plugin. -->","yoast_head_json":{"title":"Messer 25 cm gekr\u00f6pft Ambrogio L50\/L60 Wiper Blitz 50_D0018_02","description":"Original Ambrogio ZCS Messer gekr\u00f6pft, \u00d8 25 cm aus Federstahl inkl. 4 Schrauben \u2013 langlebiger Ersatz f\u00fcr saubere Schnitte mit deinem M\u00e4hroboter.","robots":{"index":"index","follow":"follow","max-snippet":"max-snippet:-1","max-image-preview":"max-image-preview:large","max-video-preview":"max-video-preview:-1"},"canonical":"https:\/\/www.alfred-scheerer.de\/shop\/product\/messer-25-cm-gekroepft-ambrogio-l50-l60-wiper-blitz-50_d0018_02-stiga-1126-9101-01\/","og_locale":"de_DE","og_type":"article","og_title":"Messer 25 cm gekr\u00f6pft Ambrogio L50\/L60 Wiper Blitz 50_D0018_02","og_description":"Original Ambrogio ZCS Messer gekr\u00f6pft, \u00d8 25 cm aus Federstahl inkl. 4 Schrauben \u2013 langlebiger Ersatz f\u00fcr saubere Schnitte mit deinem M\u00e4hroboter.","og_url":"https:\/\/www.alfred-scheerer.de\/shop\/product\/messer-25-cm-gekroepft-ambrogio-l50-l60-wiper-blitz-50_d0018_02-stiga-1126-9101-01\/","og_site_name":"Gartentechnik Scheerer","article_modified_time":"2025-08-07T09:03:44+00:00","og_image":[{"width":1063,"height":709,"url":"https:\/\/www.alfred-scheerer.de\/shop\/wp-content\/uploads\/2020\/04\/Messer-Ambrogio-L60.jpg","type":"image\/jpeg"}],"twitter_card":"summary_large_image","schema":{"@context":"https:\/\/schema.org","@graph":[{"@type":"WebPage","@id":"https:\/\/www.alfred-scheerer.de\/shop\/product\/messer-25-cm-gekroepft-ambrogio-l50-l60-wiper-blitz-50_d0018_02-stiga-1126-9101-01\/","url":"https:\/\/www.alfred-scheerer.de\/shop\/product\/messer-25-cm-gekroepft-ambrogio-l50-l60-wiper-blitz-50_d0018_02-stiga-1126-9101-01\/","name":"Messer 25 cm gekr\u00f6pft Ambrogio L50\/L60 Wiper Blitz 50_D0018_02","isPartOf":{"@id":"https:\/\/www.alfred-scheerer.de\/shop\/#website"},"primaryImageOfPage":{"@id":"https:\/\/www.alfred-scheerer.de\/shop\/product\/messer-25-cm-gekroepft-ambrogio-l50-l60-wiper-blitz-50_d0018_02-stiga-1126-9101-01\/#primaryimage"},"image":{"@id":"https:\/\/www.alfred-scheerer.de\/shop\/product\/messer-25-cm-gekroepft-ambrogio-l50-l60-wiper-blitz-50_d0018_02-stiga-1126-9101-01\/#primaryimage"},"thumbnailUrl":"https:\/\/www.alfred-scheerer.de\/shop\/wp-content\/uploads\/2020\/04\/Messer-Ambrogio-L60.jpg","datePublished":"2019-12-16T17:47:19+00:00","dateModified":"2025-08-07T09:03:44+00:00","description":"Original Ambrogio ZCS Messer gekr\u00f6pft, \u00d8 25 cm aus Federstahl inkl. 4 Schrauben \u2013 langlebiger Ersatz f\u00fcr saubere Schnitte mit deinem M\u00e4hroboter.","breadcrumb":{"@id":"https:\/\/www.alfred-scheerer.de\/shop\/product\/messer-25-cm-gekroepft-ambrogio-l50-l60-wiper-blitz-50_d0018_02-stiga-1126-9101-01\/#breadcrumb"},"inLanguage":"de","potentialAction":[{"@type":"ReadAction","target":["https:\/\/www.alfred-scheerer.de\/shop\/product\/messer-25-cm-gekroepft-ambrogio-l50-l60-wiper-blitz-50_d0018_02-stiga-1126-9101-01\/"]}]},{"@type":"ImageObject","inLanguage":"de","@id":"https:\/\/www.alfred-scheerer.de\/shop\/product\/messer-25-cm-gekroepft-ambrogio-l50-l60-wiper-blitz-50_d0018_02-stiga-1126-9101-01\/#primaryimage","url":"https:\/\/www.alfred-scheerer.de\/shop\/wp-content\/uploads\/2020\/04\/Messer-Ambrogio-L60.jpg","contentUrl":"https:\/\/www.alfred-scheerer.de\/shop\/wp-content\/uploads\/2020\/04\/Messer-Ambrogio-L60.jpg","width":1063,"height":709,"caption":"Messer Quad Climber"},{"@type":"BreadcrumbList","@id":"https:\/\/www.alfred-scheerer.de\/shop\/product\/messer-25-cm-gekroepft-ambrogio-l50-l60-wiper-blitz-50_d0018_02-stiga-1126-9101-01\/#breadcrumb","itemListElement":[{"@type":"ListItem","position":1,"name":"Startseite","item":"https:\/\/www.alfred-scheerer.de\/shop\/"},{"@type":"ListItem","position":2,"name":"Gartentechnik Scheerer &#8211; Der Online Shop f\u00fcr M\u00e4hroboter und Zubeh\u00f6r","item":"https:\/\/www.alfred-scheerer.de\/shop\/"},{"@type":"ListItem","position":3,"name":"Messer 25 cm gekr\u00f6pft Ambrogio L50\/L60 Wiper Blitz 50_D0018_02 Stiga 1126-9101-01"}]},{"@type":"WebSite","@id":"https:\/\/www.alfred-scheerer.de\/shop\/#website","url":"https:\/\/www.alfred-scheerer.de\/shop\/","name":"Scheerer GmbH (ehem. Alfred Scheerer e.K.)","description":"Der Online Shop aus Wermelskirchen f\u00fcr M\u00e4hroboter, Akku Gartenger\u00e4te, Ersatzteile und Zubeh\u00f6r","publisher":{"@id":"https:\/\/www.alfred-scheerer.de\/shop\/#organization"},"potentialAction":[{"@type":"SearchAction","target":{"@type":"EntryPoint","urlTemplate":"https:\/\/www.alfred-scheerer.de\/shop\/?s={search_term_string}"},"query-input":{"@type":"PropertyValueSpecification","valueRequired":true,"valueName":"search_term_string"}}],"inLanguage":"de"},{"@type":"Organization","@id":"https:\/\/www.alfred-scheerer.de\/shop\/#organization","name":"Scheerer GmbH","url":"https:\/\/www.alfred-scheerer.de\/shop\/","logo":{"@type":"ImageObject","inLanguage":"de","@id":"https:\/\/www.alfred-scheerer.de\/shop\/#\/schema\/logo\/image\/","url":"https:\/\/alfred-scheerer.de\/shop\/wp-content\/uploads\/2024\/05\/baum.jpg","contentUrl":"https:\/\/alfred-scheerer.de\/shop\/wp-content\/uploads\/2024\/05\/baum.jpg","width":512,"height":512,"caption":"Scheerer GmbH"},"image":{"@id":"https:\/\/www.alfred-scheerer.de\/shop\/#\/schema\/logo\/image\/"},"sameAs":["https:\/\/www.instagram.com\/alfredscheerer\/"]}]}},"_links":{"self":[{"href":"https:\/\/www.alfred-scheerer.de\/shop\/wp-json\/wp\/v2\/product\/1434","targetHints":{"allow":["GET"]}}],"collection":[{"href":"https:\/\/www.alfred-scheerer.de\/shop\/wp-json\/wp\/v2\/product"}],"about":[{"href":"https:\/\/www.alfred-scheerer.de\/shop\/wp-json\/wp\/v2\/types\/product"}],"wp:featuredmedia":[{"embeddable":true,"href":"https:\/\/www.alfred-scheerer.de\/shop\/wp-json\/wp\/v2\/media\/3447"}],"wp:attachment":[{"href":"https:\/\/www.alfred-scheerer.de\/shop\/wp-json\/wp\/v2\/media?parent=1434"}],"wp:term":[{"taxonomy":"product_brand","embeddable":true,"href":"https:\/\/www.alfred-scheerer.de\/shop\/wp-json\/wp\/v2\/product_brand?post=1434"},{"taxonomy":"product_cat","embeddable":true,"href":"https:\/\/www.alfred-scheerer.de\/shop\/wp-json\/wp\/v2\/product_cat?post=1434"},{"taxonomy":"product_tag","embeddable":true,"href":"https:\/\/www.alfred-scheerer.de\/shop\/wp-json\/wp\/v2\/product_tag?post=1434"}],"curies":[{"name":"wp","href":"https:\/\/api.w.org\/{rel}","templated":true}]}}