{"id":14545,"date":"2026-03-24T08:45:41","date_gmt":"2026-03-24T07:45:41","guid":{"rendered":"https:\/\/www.alfred-scheerer.de\/shop\/?post_type=product&#038;p=14545"},"modified":"2026-03-24T08:49:54","modified_gmt":"2026-03-24T07:49:54","slug":"messerschutz-innentwenty-29-l29z01800a_r","status":"publish","type":"product","link":"https:\/\/www.alfred-scheerer.de\/shop\/product\/messerschutz-innentwenty-29-l29z01800a_r\/","title":{"rendered":"Messerschutz innenTwenty 29 L29Z01800A_R"},"content":{"rendered":"<p>Messerschutz Innen f\u00fcr Ambrogio twenty 29 L29Z01800A_R<\/p>\n<p>Bild Nr. 10<\/p>\n<p>Lieferumfang:<br \/>\n1 St\u00fcck Messerschutz<\/p>\n","protected":false},"excerpt":{"rendered":"<p>Messerschutz Innen f\u00fcr Ambrogio twenty 29 L29Z01800A_R<\/p>\n<p>Bild Nr. 10<\/p>\n<p>Lieferumfang:<br \/>\n1 St\u00fcck Messerschutz<\/p>\n","protected":false},"featured_media":14546,"template":"","meta":[],"product_brand":[1756],"product_cat":[106,1567],"product_tag":[2044,2042,2043],"class_list":{"0":"post-14545","1":"product","2":"type-product","3":"status-publish","4":"has-post-thumbnail","6":"product_brand-ambrogio","7":"product_cat-installation-ersatzteile-u-zubehoer","8":"product_cat-twenty-29","9":"product_tag-messerschutz-innen-twenty-29","10":"product_tag-l29z01800a_r","11":"product_tag-messerschutz-innen-wenty-29","12":"product_shipping_class-bis-10-kg-u-bezug","14":"first","15":"instock","16":"taxable","17":"shipping-taxable","18":"purchasable","19":"product-type-simple"},"yoast_head":"<!-- This site is optimized with the Yoast SEO plugin v27.4 - https:\/\/yoast.com\/product\/yoast-seo-wordpress\/ -->\n<title>Messerschutz innenTwenty 29 L29Z01800A_R - Gartentechnik Scheerer<\/title>\n<meta name=\"description\" content=\"Messerschutz innen f\u00fcr Twenty 29 L29Z01800A_R\" \/>\n<meta name=\"robots\" content=\"index, follow, max-snippet:-1, max-image-preview:large, max-video-preview:-1\" \/>\n<link rel=\"canonical\" href=\"https:\/\/www.alfred-scheerer.de\/shop\/product\/messerschutz-innentwenty-29-l29z01800a_r\/\" \/>\n<meta property=\"og:locale\" content=\"de_DE\" \/>\n<meta property=\"og:type\" content=\"article\" \/>\n<meta property=\"og:title\" content=\"Messerschutz innenTwenty 29 L29Z01800A_R - Gartentechnik Scheerer\" \/>\n<meta property=\"og:description\" content=\"Messerschutz innen f\u00fcr Twenty 29 L29Z01800A_R\" \/>\n<meta property=\"og:url\" content=\"https:\/\/www.alfred-scheerer.de\/shop\/product\/messerschutz-innentwenty-29-l29z01800a_r\/\" \/>\n<meta property=\"og:site_name\" content=\"Gartentechnik Scheerer\" \/>\n<meta property=\"article:modified_time\" content=\"2026-03-24T07:49:54+00:00\" \/>\n<meta property=\"og:image\" content=\"https:\/\/www.alfred-scheerer.de\/shop\/wp-content\/uploads\/2026\/03\/Messerschutz-innenTwenty-29-L29Z01800A_R.jpg\" \/>\n\t<meta property=\"og:image:width\" content=\"346\" \/>\n\t<meta property=\"og:image:height\" content=\"208\" \/>\n\t<meta property=\"og:image:type\" content=\"image\/jpeg\" \/>\n<meta name=\"twitter:card\" content=\"summary_large_image\" \/>\n<script type=\"application\/ld+json\" class=\"yoast-schema-graph\">{\"@context\":\"https:\\\/\\\/schema.org\",\"@graph\":[{\"@type\":\"WebPage\",\"@id\":\"https:\\\/\\\/www.alfred-scheerer.de\\\/shop\\\/product\\\/messerschutz-innentwenty-29-l29z01800a_r\\\/\",\"url\":\"https:\\\/\\\/www.alfred-scheerer.de\\\/shop\\\/product\\\/messerschutz-innentwenty-29-l29z01800a_r\\\/\",\"name\":\"Messerschutz innenTwenty 29 L29Z01800A_R - Gartentechnik Scheerer\",\"isPartOf\":{\"@id\":\"https:\\\/\\\/www.alfred-scheerer.de\\\/shop\\\/#website\"},\"primaryImageOfPage\":{\"@id\":\"https:\\\/\\\/www.alfred-scheerer.de\\\/shop\\\/product\\\/messerschutz-innentwenty-29-l29z01800a_r\\\/#primaryimage\"},\"image\":{\"@id\":\"https:\\\/\\\/www.alfred-scheerer.de\\\/shop\\\/product\\\/messerschutz-innentwenty-29-l29z01800a_r\\\/#primaryimage\"},\"thumbnailUrl\":\"https:\\\/\\\/www.alfred-scheerer.de\\\/shop\\\/wp-content\\\/uploads\\\/2026\\\/03\\\/Messerschutz-innenTwenty-29-L29Z01800A_R.jpg\",\"datePublished\":\"2026-03-24T07:45:41+00:00\",\"dateModified\":\"2026-03-24T07:49:54+00:00\",\"description\":\"Messerschutz innen f\u00fcr Twenty 29 L29Z01800A_R\",\"breadcrumb\":{\"@id\":\"https:\\\/\\\/www.alfred-scheerer.de\\\/shop\\\/product\\\/messerschutz-innentwenty-29-l29z01800a_r\\\/#breadcrumb\"},\"inLanguage\":\"de\",\"potentialAction\":[{\"@type\":\"ReadAction\",\"target\":[\"https:\\\/\\\/www.alfred-scheerer.de\\\/shop\\\/product\\\/messerschutz-innentwenty-29-l29z01800a_r\\\/\"]}]},{\"@type\":\"ImageObject\",\"inLanguage\":\"de\",\"@id\":\"https:\\\/\\\/www.alfred-scheerer.de\\\/shop\\\/product\\\/messerschutz-innentwenty-29-l29z01800a_r\\\/#primaryimage\",\"url\":\"https:\\\/\\\/www.alfred-scheerer.de\\\/shop\\\/wp-content\\\/uploads\\\/2026\\\/03\\\/Messerschutz-innenTwenty-29-L29Z01800A_R.jpg\",\"contentUrl\":\"https:\\\/\\\/www.alfred-scheerer.de\\\/shop\\\/wp-content\\\/uploads\\\/2026\\\/03\\\/Messerschutz-innenTwenty-29-L29Z01800A_R.jpg\",\"width\":346,\"height\":208},{\"@type\":\"BreadcrumbList\",\"@id\":\"https:\\\/\\\/www.alfred-scheerer.de\\\/shop\\\/product\\\/messerschutz-innentwenty-29-l29z01800a_r\\\/#breadcrumb\",\"itemListElement\":[{\"@type\":\"ListItem\",\"position\":1,\"name\":\"Startseite\",\"item\":\"https:\\\/\\\/www.alfred-scheerer.de\\\/shop\\\/\"},{\"@type\":\"ListItem\",\"position\":2,\"name\":\"Gartentechnik Scheerer &#8211; Der Online Shop f\u00fcr M\u00e4hroboter und Zubeh\u00f6r\",\"item\":\"https:\\\/\\\/www.alfred-scheerer.de\\\/shop\\\/\"},{\"@type\":\"ListItem\",\"position\":3,\"name\":\"Messerschutz innenTwenty 29 L29Z01800A_R\"}]},{\"@type\":\"WebSite\",\"@id\":\"https:\\\/\\\/www.alfred-scheerer.de\\\/shop\\\/#website\",\"url\":\"https:\\\/\\\/www.alfred-scheerer.de\\\/shop\\\/\",\"name\":\"Scheerer GmbH (ehem. Alfred Scheerer e.K.)\",\"description\":\"Der Online Shop aus Wermelskirchen f\u00fcr M\u00e4hroboter, Akku Gartenger\u00e4te, Ersatzteile und Zubeh\u00f6r\",\"publisher\":{\"@id\":\"https:\\\/\\\/www.alfred-scheerer.de\\\/shop\\\/#organization\"},\"potentialAction\":[{\"@type\":\"SearchAction\",\"target\":{\"@type\":\"EntryPoint\",\"urlTemplate\":\"https:\\\/\\\/www.alfred-scheerer.de\\\/shop\\\/?s={search_term_string}\"},\"query-input\":{\"@type\":\"PropertyValueSpecification\",\"valueRequired\":true,\"valueName\":\"search_term_string\"}}],\"inLanguage\":\"de\"},{\"@type\":\"Organization\",\"@id\":\"https:\\\/\\\/www.alfred-scheerer.de\\\/shop\\\/#organization\",\"name\":\"Scheerer GmbH\",\"url\":\"https:\\\/\\\/www.alfred-scheerer.de\\\/shop\\\/\",\"logo\":{\"@type\":\"ImageObject\",\"inLanguage\":\"de\",\"@id\":\"https:\\\/\\\/www.alfred-scheerer.de\\\/shop\\\/#\\\/schema\\\/logo\\\/image\\\/\",\"url\":\"https:\\\/\\\/alfred-scheerer.de\\\/shop\\\/wp-content\\\/uploads\\\/2024\\\/05\\\/baum.jpg\",\"contentUrl\":\"https:\\\/\\\/alfred-scheerer.de\\\/shop\\\/wp-content\\\/uploads\\\/2024\\\/05\\\/baum.jpg\",\"width\":512,\"height\":512,\"caption\":\"Scheerer GmbH\"},\"image\":{\"@id\":\"https:\\\/\\\/www.alfred-scheerer.de\\\/shop\\\/#\\\/schema\\\/logo\\\/image\\\/\"},\"sameAs\":[\"https:\\\/\\\/www.instagram.com\\\/alfredscheerer\\\/\"]}]}<\/script>\n<!-- \/ Yoast SEO plugin. -->","yoast_head_json":{"title":"Messerschutz innenTwenty 29 L29Z01800A_R - Gartentechnik Scheerer","description":"Messerschutz innen f\u00fcr Twenty 29 L29Z01800A_R","robots":{"index":"index","follow":"follow","max-snippet":"max-snippet:-1","max-image-preview":"max-image-preview:large","max-video-preview":"max-video-preview:-1"},"canonical":"https:\/\/www.alfred-scheerer.de\/shop\/product\/messerschutz-innentwenty-29-l29z01800a_r\/","og_locale":"de_DE","og_type":"article","og_title":"Messerschutz innenTwenty 29 L29Z01800A_R - Gartentechnik Scheerer","og_description":"Messerschutz innen f\u00fcr Twenty 29 L29Z01800A_R","og_url":"https:\/\/www.alfred-scheerer.de\/shop\/product\/messerschutz-innentwenty-29-l29z01800a_r\/","og_site_name":"Gartentechnik Scheerer","article_modified_time":"2026-03-24T07:49:54+00:00","og_image":[{"width":346,"height":208,"url":"https:\/\/www.alfred-scheerer.de\/shop\/wp-content\/uploads\/2026\/03\/Messerschutz-innenTwenty-29-L29Z01800A_R.jpg","type":"image\/jpeg"}],"twitter_card":"summary_large_image","schema":{"@context":"https:\/\/schema.org","@graph":[{"@type":"WebPage","@id":"https:\/\/www.alfred-scheerer.de\/shop\/product\/messerschutz-innentwenty-29-l29z01800a_r\/","url":"https:\/\/www.alfred-scheerer.de\/shop\/product\/messerschutz-innentwenty-29-l29z01800a_r\/","name":"Messerschutz innenTwenty 29 L29Z01800A_R - Gartentechnik Scheerer","isPartOf":{"@id":"https:\/\/www.alfred-scheerer.de\/shop\/#website"},"primaryImageOfPage":{"@id":"https:\/\/www.alfred-scheerer.de\/shop\/product\/messerschutz-innentwenty-29-l29z01800a_r\/#primaryimage"},"image":{"@id":"https:\/\/www.alfred-scheerer.de\/shop\/product\/messerschutz-innentwenty-29-l29z01800a_r\/#primaryimage"},"thumbnailUrl":"https:\/\/www.alfred-scheerer.de\/shop\/wp-content\/uploads\/2026\/03\/Messerschutz-innenTwenty-29-L29Z01800A_R.jpg","datePublished":"2026-03-24T07:45:41+00:00","dateModified":"2026-03-24T07:49:54+00:00","description":"Messerschutz innen f\u00fcr Twenty 29 L29Z01800A_R","breadcrumb":{"@id":"https:\/\/www.alfred-scheerer.de\/shop\/product\/messerschutz-innentwenty-29-l29z01800a_r\/#breadcrumb"},"inLanguage":"de","potentialAction":[{"@type":"ReadAction","target":["https:\/\/www.alfred-scheerer.de\/shop\/product\/messerschutz-innentwenty-29-l29z01800a_r\/"]}]},{"@type":"ImageObject","inLanguage":"de","@id":"https:\/\/www.alfred-scheerer.de\/shop\/product\/messerschutz-innentwenty-29-l29z01800a_r\/#primaryimage","url":"https:\/\/www.alfred-scheerer.de\/shop\/wp-content\/uploads\/2026\/03\/Messerschutz-innenTwenty-29-L29Z01800A_R.jpg","contentUrl":"https:\/\/www.alfred-scheerer.de\/shop\/wp-content\/uploads\/2026\/03\/Messerschutz-innenTwenty-29-L29Z01800A_R.jpg","width":346,"height":208},{"@type":"BreadcrumbList","@id":"https:\/\/www.alfred-scheerer.de\/shop\/product\/messerschutz-innentwenty-29-l29z01800a_r\/#breadcrumb","itemListElement":[{"@type":"ListItem","position":1,"name":"Startseite","item":"https:\/\/www.alfred-scheerer.de\/shop\/"},{"@type":"ListItem","position":2,"name":"Gartentechnik Scheerer &#8211; Der Online Shop f\u00fcr M\u00e4hroboter und Zubeh\u00f6r","item":"https:\/\/www.alfred-scheerer.de\/shop\/"},{"@type":"ListItem","position":3,"name":"Messerschutz innenTwenty 29 L29Z01800A_R"}]},{"@type":"WebSite","@id":"https:\/\/www.alfred-scheerer.de\/shop\/#website","url":"https:\/\/www.alfred-scheerer.de\/shop\/","name":"Scheerer GmbH (ehem. Alfred Scheerer e.K.)","description":"Der Online Shop aus Wermelskirchen f\u00fcr M\u00e4hroboter, Akku Gartenger\u00e4te, Ersatzteile und Zubeh\u00f6r","publisher":{"@id":"https:\/\/www.alfred-scheerer.de\/shop\/#organization"},"potentialAction":[{"@type":"SearchAction","target":{"@type":"EntryPoint","urlTemplate":"https:\/\/www.alfred-scheerer.de\/shop\/?s={search_term_string}"},"query-input":{"@type":"PropertyValueSpecification","valueRequired":true,"valueName":"search_term_string"}}],"inLanguage":"de"},{"@type":"Organization","@id":"https:\/\/www.alfred-scheerer.de\/shop\/#organization","name":"Scheerer GmbH","url":"https:\/\/www.alfred-scheerer.de\/shop\/","logo":{"@type":"ImageObject","inLanguage":"de","@id":"https:\/\/www.alfred-scheerer.de\/shop\/#\/schema\/logo\/image\/","url":"https:\/\/alfred-scheerer.de\/shop\/wp-content\/uploads\/2024\/05\/baum.jpg","contentUrl":"https:\/\/alfred-scheerer.de\/shop\/wp-content\/uploads\/2024\/05\/baum.jpg","width":512,"height":512,"caption":"Scheerer GmbH"},"image":{"@id":"https:\/\/www.alfred-scheerer.de\/shop\/#\/schema\/logo\/image\/"},"sameAs":["https:\/\/www.instagram.com\/alfredscheerer\/"]}]}},"_links":{"self":[{"href":"https:\/\/www.alfred-scheerer.de\/shop\/wp-json\/wp\/v2\/product\/14545","targetHints":{"allow":["GET"]}}],"collection":[{"href":"https:\/\/www.alfred-scheerer.de\/shop\/wp-json\/wp\/v2\/product"}],"about":[{"href":"https:\/\/www.alfred-scheerer.de\/shop\/wp-json\/wp\/v2\/types\/product"}],"wp:featuredmedia":[{"embeddable":true,"href":"https:\/\/www.alfred-scheerer.de\/shop\/wp-json\/wp\/v2\/media\/14546"}],"wp:attachment":[{"href":"https:\/\/www.alfred-scheerer.de\/shop\/wp-json\/wp\/v2\/media?parent=14545"}],"wp:term":[{"taxonomy":"product_brand","embeddable":true,"href":"https:\/\/www.alfred-scheerer.de\/shop\/wp-json\/wp\/v2\/product_brand?post=14545"},{"taxonomy":"product_cat","embeddable":true,"href":"https:\/\/www.alfred-scheerer.de\/shop\/wp-json\/wp\/v2\/product_cat?post=14545"},{"taxonomy":"product_tag","embeddable":true,"href":"https:\/\/www.alfred-scheerer.de\/shop\/wp-json\/wp\/v2\/product_tag?post=14545"}],"curies":[{"name":"wp","href":"https:\/\/api.w.org\/{rel}","templated":true}]}}