{"id":146,"date":"2018-03-06T17:11:06","date_gmt":"2018-03-06T16:11:06","guid":{"rendered":"http:\/\/alfred-scheerer.de\/shop\/?post_type=product&#038;p=146"},"modified":"2025-08-28T12:16:58","modified_gmt":"2025-08-28T10:16:58","slug":"messer-29-cm-ambrogio-wiper-cs_d0112_02-stiga-1126-9145-01","status":"publish","type":"product","link":"https:\/\/www.alfred-scheerer.de\/shop\/product\/messer-29-cm-ambrogio-wiper-cs_d0112_02-stiga-1126-9145-01\/","title":{"rendered":"Messer 29 cm Ambrogio Wiper CS_D0112_02 Stiga 1126-9145-01"},"content":{"rendered":"<p>Das originale Ambrogio ZCS Messer mit einem Durchmesser von 29 cm ist aus hochwertigem Federstahl gefertigt \u2013 ideal f\u00fcr kraftvolles und gleichm\u00e4\u00dfiges M\u00e4hen. Inklusive vier neuen Schrauben f\u00fcr eine schnelle und sichere Montage. Passend f\u00fcr diverse\u00a0 Ambrogio, Wiper und Stiga M\u00e4hroboter. Sorgt f\u00fcr eine lange Lebensdauer, hohe Schnittqualit\u00e4t und maximale Effizienz beim M\u00e4hen.<\/p>\n<p>Original Ambrogio ZCS Messer aus Federstahl inkl. vier neuen Schrauben<br \/>\nDurchmesser 29cm<\/p>\n<p>passend f\u00fcr:<br \/>\nAmbrogio: Twenty 29\/L85 Elite\/L200\/L210\/L250\/L400<br \/>\nWiper: Runner\/Joy\/Walker\/F28\/F35S\/F50S\/Yard<br \/>\nStiga Autoclip: 325\/328S\/520\/522\/523\/524S\/525\/525S\/527\/527S\/528S\/530 SG<\/p>\n<p>Referenznummer:<br \/>\nAmbrogio\/Wiper\/ZCS: CS_D0112_02\/CSD011202<br \/>\nStiga: 1126-9145-01<\/p>\n","protected":false},"excerpt":{"rendered":"<p>Original Ambrogio ZCS Messer aus Federstahl inkl. vier neuen Schrauben<br \/>\nDurchmesser 29cm<\/p>\n<p>passend f\u00fcr:<br \/>\nAmbrogio: Twenty 29\/L85 Elite\/L200\/L210\/L250\/L400\/ QUAD<br \/>\nWiper: Runner\/Joy\/Walker\/F28\/F35S\/F50S\/Yard<br \/>\nStiga Autoclip: 325\/328S\/520\/522\/523\/524S\/525\/525S\/527\/527S\/528S\/530 SG<\/p>\n<p>Referenznummer:<br \/>\nAmbrogio\/Wiper\/ZCS: CS_D0112_02\/CSD011202<br \/>\nStiga: 1126-9145-01<\/p>\n","protected":false},"featured_media":3453,"template":"","meta":[],"product_brand":[1756],"product_cat":[108,1425,94,312,1567,98,358,99,100,103,106],"product_tag":[460,617,584,618,528,585,1046,53,586,1047,587,1048,84,576,606,577,607,578,608,580,396,609,581,421,610,582,428,611,583],"class_list":{"0":"post-146","1":"product","2":"type-product","3":"status-publish","4":"has-post-thumbnail","6":"product_brand-ambrogio","7":"product_cat-stiga-ersatzteile-zubehoer","8":"product_cat-ambrogio-ersatzmesser","9":"product_cat-ambrogio-ersatzteile-zubehoer","10":"product_cat-wiper-ersatzteile-zubehoer","11":"product_cat-twenty-29","12":"product_cat-l85","13":"product_cat-l200r","14":"product_cat-l200-l210","15":"product_cat-l250-l250i","16":"product_cat-l400-l400i","17":"product_cat-installation-ersatzteile-u-zubehoer","18":"product_tag-ambrogio-ersatzteile","19":"product_tag-ersatzmesser-29-cm","20":"product_tag-maehroboter-messer","21":"product_tag-ersatzmesser-29cm","22":"product_tag-ambrogio-messer","23":"product_tag-techline-messer","24":"product_tag-4-stern-messer","25":"product_tag-ambrogio","26":"product_tag-maehroboter-ersatzmesser","27":"product_tag-1126-9145-01","28":"product_tag-maehroboter-klinge","29":"product_tag-cs_d0112_02","30":"product_tag-l250","31":"product_tag-ambrogio-ersatzmesser","32":"product_tag-stiga-messer","33":"product_tag-messer-l250","34":"product_tag-autoclip-messer","35":"product_tag-messer-l85","36":"product_tag-messer-29-cm","37":"product_tag-messer-l400","38":"product_tag-ersatzmesser","39":"product_tag-messer-29cm","40":"product_tag-wiper-messer","41":"product_tag-messer","42":"product_tag-stiga-ersatzmesser","43":"product_tag-wiper-ersatzmesser","44":"product_tag-ersatzteile","45":"product_tag-autoclip-ersatzmesser","46":"product_tag-techline-ersatzmesser","48":"first","49":"instock","50":"sale","51":"taxable","52":"shipping-taxable","53":"purchasable","54":"product-type-simple"},"yoast_head":"<!-- This site is optimized with the Yoast SEO plugin v27.4 - https:\/\/yoast.com\/product\/yoast-seo-wordpress\/ -->\n<title>Messer 29 cm Ambrogio Wiper CS_D0112_02 Stiga 1126-9145-01 - Gartentechnik Scheerer<\/title>\n<meta name=\"description\" content=\"Original Ambrogio ZCS Messer, \u00d8 29 cm aus Federstahl inkl. 4 Schrauben \u2013 langlebiger Ersatz f\u00fcr saubere und kraftvolle M\u00e4hleistung mit deinem Roboter.\" \/>\n<meta name=\"robots\" content=\"index, follow, max-snippet:-1, max-image-preview:large, max-video-preview:-1\" \/>\n<link rel=\"canonical\" href=\"https:\/\/www.alfred-scheerer.de\/shop\/product\/messer-29-cm-ambrogio-wiper-cs_d0112_02-stiga-1126-9145-01\/\" \/>\n<meta property=\"og:locale\" content=\"de_DE\" \/>\n<meta property=\"og:type\" content=\"article\" \/>\n<meta property=\"og:title\" content=\"Messer 29 cm Ambrogio Wiper CS_D0112_02 Stiga 1126-9145-01 - Gartentechnik Scheerer\" \/>\n<meta property=\"og:description\" content=\"Original Ambrogio ZCS Messer, \u00d8 29 cm aus Federstahl inkl. 4 Schrauben \u2013 langlebiger Ersatz f\u00fcr saubere und kraftvolle M\u00e4hleistung mit deinem Roboter.\" \/>\n<meta property=\"og:url\" content=\"https:\/\/www.alfred-scheerer.de\/shop\/product\/messer-29-cm-ambrogio-wiper-cs_d0112_02-stiga-1126-9145-01\/\" \/>\n<meta property=\"og:site_name\" content=\"Gartentechnik Scheerer\" \/>\n<meta property=\"article:modified_time\" content=\"2025-08-28T10:16:58+00:00\" \/>\n<meta property=\"og:image\" content=\"https:\/\/www.alfred-scheerer.de\/shop\/wp-content\/uploads\/2020\/04\/Messer-Ambrogio-29-cm.jpg\" \/>\n\t<meta property=\"og:image:width\" content=\"1063\" \/>\n\t<meta property=\"og:image:height\" content=\"709\" \/>\n\t<meta property=\"og:image:type\" content=\"image\/jpeg\" \/>\n<meta name=\"twitter:card\" content=\"summary_large_image\" \/>\n<meta name=\"twitter:label1\" content=\"Gesch\u00e4tzte Lesezeit\" \/>\n\t<meta name=\"twitter:data1\" content=\"1\u00a0Minute\" \/>\n<script type=\"application\/ld+json\" class=\"yoast-schema-graph\">{\"@context\":\"https:\\\/\\\/schema.org\",\"@graph\":[{\"@type\":\"WebPage\",\"@id\":\"https:\\\/\\\/www.alfred-scheerer.de\\\/shop\\\/product\\\/messer-29-cm-ambrogio-wiper-cs_d0112_02-stiga-1126-9145-01\\\/\",\"url\":\"https:\\\/\\\/www.alfred-scheerer.de\\\/shop\\\/product\\\/messer-29-cm-ambrogio-wiper-cs_d0112_02-stiga-1126-9145-01\\\/\",\"name\":\"Messer 29 cm Ambrogio Wiper CS_D0112_02 Stiga 1126-9145-01 - Gartentechnik Scheerer\",\"isPartOf\":{\"@id\":\"https:\\\/\\\/www.alfred-scheerer.de\\\/shop\\\/#website\"},\"primaryImageOfPage\":{\"@id\":\"https:\\\/\\\/www.alfred-scheerer.de\\\/shop\\\/product\\\/messer-29-cm-ambrogio-wiper-cs_d0112_02-stiga-1126-9145-01\\\/#primaryimage\"},\"image\":{\"@id\":\"https:\\\/\\\/www.alfred-scheerer.de\\\/shop\\\/product\\\/messer-29-cm-ambrogio-wiper-cs_d0112_02-stiga-1126-9145-01\\\/#primaryimage\"},\"thumbnailUrl\":\"https:\\\/\\\/www.alfred-scheerer.de\\\/shop\\\/wp-content\\\/uploads\\\/2020\\\/04\\\/Messer-Ambrogio-29-cm.jpg\",\"datePublished\":\"2018-03-06T16:11:06+00:00\",\"dateModified\":\"2025-08-28T10:16:58+00:00\",\"description\":\"Original Ambrogio ZCS Messer, \u00d8 29 cm aus Federstahl inkl. 4 Schrauben \u2013 langlebiger Ersatz f\u00fcr saubere und kraftvolle M\u00e4hleistung mit deinem Roboter.\",\"breadcrumb\":{\"@id\":\"https:\\\/\\\/www.alfred-scheerer.de\\\/shop\\\/product\\\/messer-29-cm-ambrogio-wiper-cs_d0112_02-stiga-1126-9145-01\\\/#breadcrumb\"},\"inLanguage\":\"de\",\"potentialAction\":[{\"@type\":\"ReadAction\",\"target\":[\"https:\\\/\\\/www.alfred-scheerer.de\\\/shop\\\/product\\\/messer-29-cm-ambrogio-wiper-cs_d0112_02-stiga-1126-9145-01\\\/\"]}]},{\"@type\":\"ImageObject\",\"inLanguage\":\"de\",\"@id\":\"https:\\\/\\\/www.alfred-scheerer.de\\\/shop\\\/product\\\/messer-29-cm-ambrogio-wiper-cs_d0112_02-stiga-1126-9145-01\\\/#primaryimage\",\"url\":\"https:\\\/\\\/www.alfred-scheerer.de\\\/shop\\\/wp-content\\\/uploads\\\/2020\\\/04\\\/Messer-Ambrogio-29-cm.jpg\",\"contentUrl\":\"https:\\\/\\\/www.alfred-scheerer.de\\\/shop\\\/wp-content\\\/uploads\\\/2020\\\/04\\\/Messer-Ambrogio-29-cm.jpg\",\"width\":1063,\"height\":709,\"caption\":\"Messer L 85, L200, L210, L400\"},{\"@type\":\"BreadcrumbList\",\"@id\":\"https:\\\/\\\/www.alfred-scheerer.de\\\/shop\\\/product\\\/messer-29-cm-ambrogio-wiper-cs_d0112_02-stiga-1126-9145-01\\\/#breadcrumb\",\"itemListElement\":[{\"@type\":\"ListItem\",\"position\":1,\"name\":\"Startseite\",\"item\":\"https:\\\/\\\/www.alfred-scheerer.de\\\/shop\\\/\"},{\"@type\":\"ListItem\",\"position\":2,\"name\":\"Gartentechnik Scheerer &#8211; Der Online Shop f\u00fcr M\u00e4hroboter und Zubeh\u00f6r\",\"item\":\"https:\\\/\\\/www.alfred-scheerer.de\\\/shop\\\/\"},{\"@type\":\"ListItem\",\"position\":3,\"name\":\"Messer 29 cm Ambrogio Wiper CS_D0112_02 Stiga 1126-9145-01\"}]},{\"@type\":\"WebSite\",\"@id\":\"https:\\\/\\\/www.alfred-scheerer.de\\\/shop\\\/#website\",\"url\":\"https:\\\/\\\/www.alfred-scheerer.de\\\/shop\\\/\",\"name\":\"Scheerer GmbH (ehem. Alfred Scheerer e.K.)\",\"description\":\"Der Online Shop aus Wermelskirchen f\u00fcr M\u00e4hroboter, Akku Gartenger\u00e4te, Ersatzteile und Zubeh\u00f6r\",\"publisher\":{\"@id\":\"https:\\\/\\\/www.alfred-scheerer.de\\\/shop\\\/#organization\"},\"potentialAction\":[{\"@type\":\"SearchAction\",\"target\":{\"@type\":\"EntryPoint\",\"urlTemplate\":\"https:\\\/\\\/www.alfred-scheerer.de\\\/shop\\\/?s={search_term_string}\"},\"query-input\":{\"@type\":\"PropertyValueSpecification\",\"valueRequired\":true,\"valueName\":\"search_term_string\"}}],\"inLanguage\":\"de\"},{\"@type\":\"Organization\",\"@id\":\"https:\\\/\\\/www.alfred-scheerer.de\\\/shop\\\/#organization\",\"name\":\"Scheerer GmbH\",\"url\":\"https:\\\/\\\/www.alfred-scheerer.de\\\/shop\\\/\",\"logo\":{\"@type\":\"ImageObject\",\"inLanguage\":\"de\",\"@id\":\"https:\\\/\\\/www.alfred-scheerer.de\\\/shop\\\/#\\\/schema\\\/logo\\\/image\\\/\",\"url\":\"https:\\\/\\\/alfred-scheerer.de\\\/shop\\\/wp-content\\\/uploads\\\/2024\\\/05\\\/baum.jpg\",\"contentUrl\":\"https:\\\/\\\/alfred-scheerer.de\\\/shop\\\/wp-content\\\/uploads\\\/2024\\\/05\\\/baum.jpg\",\"width\":512,\"height\":512,\"caption\":\"Scheerer GmbH\"},\"image\":{\"@id\":\"https:\\\/\\\/www.alfred-scheerer.de\\\/shop\\\/#\\\/schema\\\/logo\\\/image\\\/\"},\"sameAs\":[\"https:\\\/\\\/www.instagram.com\\\/alfredscheerer\\\/\"]}]}<\/script>\n<!-- \/ Yoast SEO plugin. -->","yoast_head_json":{"title":"Messer 29 cm Ambrogio Wiper CS_D0112_02 Stiga 1126-9145-01 - Gartentechnik Scheerer","description":"Original Ambrogio ZCS Messer, \u00d8 29 cm aus Federstahl inkl. 4 Schrauben \u2013 langlebiger Ersatz f\u00fcr saubere und kraftvolle M\u00e4hleistung mit deinem Roboter.","robots":{"index":"index","follow":"follow","max-snippet":"max-snippet:-1","max-image-preview":"max-image-preview:large","max-video-preview":"max-video-preview:-1"},"canonical":"https:\/\/www.alfred-scheerer.de\/shop\/product\/messer-29-cm-ambrogio-wiper-cs_d0112_02-stiga-1126-9145-01\/","og_locale":"de_DE","og_type":"article","og_title":"Messer 29 cm Ambrogio Wiper CS_D0112_02 Stiga 1126-9145-01 - Gartentechnik Scheerer","og_description":"Original Ambrogio ZCS Messer, \u00d8 29 cm aus Federstahl inkl. 4 Schrauben \u2013 langlebiger Ersatz f\u00fcr saubere und kraftvolle M\u00e4hleistung mit deinem Roboter.","og_url":"https:\/\/www.alfred-scheerer.de\/shop\/product\/messer-29-cm-ambrogio-wiper-cs_d0112_02-stiga-1126-9145-01\/","og_site_name":"Gartentechnik Scheerer","article_modified_time":"2025-08-28T10:16:58+00:00","og_image":[{"width":1063,"height":709,"url":"https:\/\/www.alfred-scheerer.de\/shop\/wp-content\/uploads\/2020\/04\/Messer-Ambrogio-29-cm.jpg","type":"image\/jpeg"}],"twitter_card":"summary_large_image","twitter_misc":{"Gesch\u00e4tzte Lesezeit":"1\u00a0Minute"},"schema":{"@context":"https:\/\/schema.org","@graph":[{"@type":"WebPage","@id":"https:\/\/www.alfred-scheerer.de\/shop\/product\/messer-29-cm-ambrogio-wiper-cs_d0112_02-stiga-1126-9145-01\/","url":"https:\/\/www.alfred-scheerer.de\/shop\/product\/messer-29-cm-ambrogio-wiper-cs_d0112_02-stiga-1126-9145-01\/","name":"Messer 29 cm Ambrogio Wiper CS_D0112_02 Stiga 1126-9145-01 - Gartentechnik Scheerer","isPartOf":{"@id":"https:\/\/www.alfred-scheerer.de\/shop\/#website"},"primaryImageOfPage":{"@id":"https:\/\/www.alfred-scheerer.de\/shop\/product\/messer-29-cm-ambrogio-wiper-cs_d0112_02-stiga-1126-9145-01\/#primaryimage"},"image":{"@id":"https:\/\/www.alfred-scheerer.de\/shop\/product\/messer-29-cm-ambrogio-wiper-cs_d0112_02-stiga-1126-9145-01\/#primaryimage"},"thumbnailUrl":"https:\/\/www.alfred-scheerer.de\/shop\/wp-content\/uploads\/2020\/04\/Messer-Ambrogio-29-cm.jpg","datePublished":"2018-03-06T16:11:06+00:00","dateModified":"2025-08-28T10:16:58+00:00","description":"Original Ambrogio ZCS Messer, \u00d8 29 cm aus Federstahl inkl. 4 Schrauben \u2013 langlebiger Ersatz f\u00fcr saubere und kraftvolle M\u00e4hleistung mit deinem Roboter.","breadcrumb":{"@id":"https:\/\/www.alfred-scheerer.de\/shop\/product\/messer-29-cm-ambrogio-wiper-cs_d0112_02-stiga-1126-9145-01\/#breadcrumb"},"inLanguage":"de","potentialAction":[{"@type":"ReadAction","target":["https:\/\/www.alfred-scheerer.de\/shop\/product\/messer-29-cm-ambrogio-wiper-cs_d0112_02-stiga-1126-9145-01\/"]}]},{"@type":"ImageObject","inLanguage":"de","@id":"https:\/\/www.alfred-scheerer.de\/shop\/product\/messer-29-cm-ambrogio-wiper-cs_d0112_02-stiga-1126-9145-01\/#primaryimage","url":"https:\/\/www.alfred-scheerer.de\/shop\/wp-content\/uploads\/2020\/04\/Messer-Ambrogio-29-cm.jpg","contentUrl":"https:\/\/www.alfred-scheerer.de\/shop\/wp-content\/uploads\/2020\/04\/Messer-Ambrogio-29-cm.jpg","width":1063,"height":709,"caption":"Messer L 85, L200, L210, L400"},{"@type":"BreadcrumbList","@id":"https:\/\/www.alfred-scheerer.de\/shop\/product\/messer-29-cm-ambrogio-wiper-cs_d0112_02-stiga-1126-9145-01\/#breadcrumb","itemListElement":[{"@type":"ListItem","position":1,"name":"Startseite","item":"https:\/\/www.alfred-scheerer.de\/shop\/"},{"@type":"ListItem","position":2,"name":"Gartentechnik Scheerer &#8211; Der Online Shop f\u00fcr M\u00e4hroboter und Zubeh\u00f6r","item":"https:\/\/www.alfred-scheerer.de\/shop\/"},{"@type":"ListItem","position":3,"name":"Messer 29 cm Ambrogio Wiper CS_D0112_02 Stiga 1126-9145-01"}]},{"@type":"WebSite","@id":"https:\/\/www.alfred-scheerer.de\/shop\/#website","url":"https:\/\/www.alfred-scheerer.de\/shop\/","name":"Scheerer GmbH (ehem. Alfred Scheerer e.K.)","description":"Der Online Shop aus Wermelskirchen f\u00fcr M\u00e4hroboter, Akku Gartenger\u00e4te, Ersatzteile und Zubeh\u00f6r","publisher":{"@id":"https:\/\/www.alfred-scheerer.de\/shop\/#organization"},"potentialAction":[{"@type":"SearchAction","target":{"@type":"EntryPoint","urlTemplate":"https:\/\/www.alfred-scheerer.de\/shop\/?s={search_term_string}"},"query-input":{"@type":"PropertyValueSpecification","valueRequired":true,"valueName":"search_term_string"}}],"inLanguage":"de"},{"@type":"Organization","@id":"https:\/\/www.alfred-scheerer.de\/shop\/#organization","name":"Scheerer GmbH","url":"https:\/\/www.alfred-scheerer.de\/shop\/","logo":{"@type":"ImageObject","inLanguage":"de","@id":"https:\/\/www.alfred-scheerer.de\/shop\/#\/schema\/logo\/image\/","url":"https:\/\/alfred-scheerer.de\/shop\/wp-content\/uploads\/2024\/05\/baum.jpg","contentUrl":"https:\/\/alfred-scheerer.de\/shop\/wp-content\/uploads\/2024\/05\/baum.jpg","width":512,"height":512,"caption":"Scheerer GmbH"},"image":{"@id":"https:\/\/www.alfred-scheerer.de\/shop\/#\/schema\/logo\/image\/"},"sameAs":["https:\/\/www.instagram.com\/alfredscheerer\/"]}]}},"_links":{"self":[{"href":"https:\/\/www.alfred-scheerer.de\/shop\/wp-json\/wp\/v2\/product\/146","targetHints":{"allow":["GET"]}}],"collection":[{"href":"https:\/\/www.alfred-scheerer.de\/shop\/wp-json\/wp\/v2\/product"}],"about":[{"href":"https:\/\/www.alfred-scheerer.de\/shop\/wp-json\/wp\/v2\/types\/product"}],"wp:featuredmedia":[{"embeddable":true,"href":"https:\/\/www.alfred-scheerer.de\/shop\/wp-json\/wp\/v2\/media\/3453"}],"wp:attachment":[{"href":"https:\/\/www.alfred-scheerer.de\/shop\/wp-json\/wp\/v2\/media?parent=146"}],"wp:term":[{"taxonomy":"product_brand","embeddable":true,"href":"https:\/\/www.alfred-scheerer.de\/shop\/wp-json\/wp\/v2\/product_brand?post=146"},{"taxonomy":"product_cat","embeddable":true,"href":"https:\/\/www.alfred-scheerer.de\/shop\/wp-json\/wp\/v2\/product_cat?post=146"},{"taxonomy":"product_tag","embeddable":true,"href":"https:\/\/www.alfred-scheerer.de\/shop\/wp-json\/wp\/v2\/product_tag?post=146"}],"curies":[{"name":"wp","href":"https:\/\/api.w.org\/{rel}","templated":true}]}}