{"id":14683,"date":"2026-04-09T08:36:51","date_gmt":"2026-04-09T06:36:51","guid":{"rendered":"https:\/\/www.alfred-scheerer.de\/shop\/?post_type=product&#038;p=14683"},"modified":"2026-04-09T14:50:26","modified_gmt":"2026-04-09T12:50:26","slug":"bodenplatte-ladestation-l25z05500a_r","status":"publish","type":"product","link":"https:\/\/www.alfred-scheerer.de\/shop\/product\/bodenplatte-ladestation-l25z05500a_r\/","title":{"rendered":"Bodenplatte Ladestation L25Z05500A_R"},"content":{"rendered":"<p>Bodenplatte Ladestation L25Z05500A_R<\/p>\n<p>passend f\u00fcr:<br \/>\nAmbrogio L25\/L29, Wiper \u00a0i250 XL\/ I350S XL<\/p>\n","protected":false},"excerpt":{"rendered":"<p>Bodenplatte Ladestation L25Z05500A_R<\/p>\n<p>passend f\u00fcr:<br \/>\nAmbrogio L25\/L29, Wiper \u00a0i250 XL\/ I350S XL<\/p>\n","protected":false},"featured_media":14684,"template":"","meta":[],"product_brand":[1756],"product_cat":[312,1566,1567],"product_tag":[2047,2048],"class_list":{"0":"post-14683","1":"product","2":"type-product","3":"status-publish","4":"has-post-thumbnail","6":"product_brand-ambrogio","7":"product_cat-wiper-ersatzteile-zubehoer","8":"product_cat-l25-twenty-25","9":"product_cat-twenty-29","10":"product_tag-bodenplatte-ladestation-l25z05500a_r","11":"product_tag-l25z05500a_r","12":"product_shipping_class-bis-10-kg-u-bezug","14":"first","15":"instock","16":"taxable","17":"shipping-taxable","18":"purchasable","19":"product-type-simple"},"yoast_head":"<!-- This site is optimized with the Yoast SEO plugin v27.4 - https:\/\/yoast.com\/product\/yoast-seo-wordpress\/ -->\n<title>Bodenplatte Ladestation L25Z05500A_<\/title>\n<meta name=\"description\" content=\"Passend f\u00fcr: Ambrogio L25\/L29, Wiper, Techline\" \/>\n<meta name=\"robots\" content=\"index, follow, max-snippet:-1, max-image-preview:large, max-video-preview:-1\" \/>\n<link rel=\"canonical\" href=\"https:\/\/www.alfred-scheerer.de\/shop\/product\/bodenplatte-ladestation-l25z05500a_r\/\" \/>\n<meta property=\"og:locale\" content=\"de_DE\" \/>\n<meta property=\"og:type\" content=\"article\" \/>\n<meta property=\"og:title\" content=\"Bodenplatte Ladestation L25Z05500A_\" \/>\n<meta property=\"og:description\" content=\"Passend f\u00fcr: Ambrogio L25\/L29, Wiper, Techline\" \/>\n<meta property=\"og:url\" content=\"https:\/\/www.alfred-scheerer.de\/shop\/product\/bodenplatte-ladestation-l25z05500a_r\/\" \/>\n<meta property=\"og:site_name\" content=\"Gartentechnik Scheerer\" \/>\n<meta property=\"article:modified_time\" content=\"2026-04-09T12:50:26+00:00\" \/>\n<meta property=\"og:image\" content=\"https:\/\/www.alfred-scheerer.de\/shop\/wp-content\/uploads\/2026\/04\/Bodenplatte-Ladestation-L25Z05500A_R.jpg\" \/>\n\t<meta property=\"og:image:width\" content=\"403\" \/>\n\t<meta property=\"og:image:height\" content=\"286\" \/>\n\t<meta property=\"og:image:type\" content=\"image\/jpeg\" \/>\n<meta name=\"twitter:card\" content=\"summary_large_image\" \/>\n<script type=\"application\/ld+json\" class=\"yoast-schema-graph\">{\"@context\":\"https:\\\/\\\/schema.org\",\"@graph\":[{\"@type\":\"WebPage\",\"@id\":\"https:\\\/\\\/www.alfred-scheerer.de\\\/shop\\\/product\\\/bodenplatte-ladestation-l25z05500a_r\\\/\",\"url\":\"https:\\\/\\\/www.alfred-scheerer.de\\\/shop\\\/product\\\/bodenplatte-ladestation-l25z05500a_r\\\/\",\"name\":\"Bodenplatte Ladestation L25Z05500A_\",\"isPartOf\":{\"@id\":\"https:\\\/\\\/www.alfred-scheerer.de\\\/shop\\\/#website\"},\"primaryImageOfPage\":{\"@id\":\"https:\\\/\\\/www.alfred-scheerer.de\\\/shop\\\/product\\\/bodenplatte-ladestation-l25z05500a_r\\\/#primaryimage\"},\"image\":{\"@id\":\"https:\\\/\\\/www.alfred-scheerer.de\\\/shop\\\/product\\\/bodenplatte-ladestation-l25z05500a_r\\\/#primaryimage\"},\"thumbnailUrl\":\"https:\\\/\\\/www.alfred-scheerer.de\\\/shop\\\/wp-content\\\/uploads\\\/2026\\\/04\\\/Bodenplatte-Ladestation-L25Z05500A_R.jpg\",\"datePublished\":\"2026-04-09T06:36:51+00:00\",\"dateModified\":\"2026-04-09T12:50:26+00:00\",\"description\":\"Passend f\u00fcr: Ambrogio L25\\\/L29, Wiper, Techline\",\"breadcrumb\":{\"@id\":\"https:\\\/\\\/www.alfred-scheerer.de\\\/shop\\\/product\\\/bodenplatte-ladestation-l25z05500a_r\\\/#breadcrumb\"},\"inLanguage\":\"de\",\"potentialAction\":[{\"@type\":\"ReadAction\",\"target\":[\"https:\\\/\\\/www.alfred-scheerer.de\\\/shop\\\/product\\\/bodenplatte-ladestation-l25z05500a_r\\\/\"]}]},{\"@type\":\"ImageObject\",\"inLanguage\":\"de\",\"@id\":\"https:\\\/\\\/www.alfred-scheerer.de\\\/shop\\\/product\\\/bodenplatte-ladestation-l25z05500a_r\\\/#primaryimage\",\"url\":\"https:\\\/\\\/www.alfred-scheerer.de\\\/shop\\\/wp-content\\\/uploads\\\/2026\\\/04\\\/Bodenplatte-Ladestation-L25Z05500A_R.jpg\",\"contentUrl\":\"https:\\\/\\\/www.alfred-scheerer.de\\\/shop\\\/wp-content\\\/uploads\\\/2026\\\/04\\\/Bodenplatte-Ladestation-L25Z05500A_R.jpg\",\"width\":403,\"height\":286,\"caption\":\"Ladestation F\u00fcr Ambrogio Twenty25 und Twenty29\"},{\"@type\":\"BreadcrumbList\",\"@id\":\"https:\\\/\\\/www.alfred-scheerer.de\\\/shop\\\/product\\\/bodenplatte-ladestation-l25z05500a_r\\\/#breadcrumb\",\"itemListElement\":[{\"@type\":\"ListItem\",\"position\":1,\"name\":\"Startseite\",\"item\":\"https:\\\/\\\/www.alfred-scheerer.de\\\/shop\\\/\"},{\"@type\":\"ListItem\",\"position\":2,\"name\":\"Gartentechnik Scheerer &#8211; Der Online Shop f\u00fcr M\u00e4hroboter und Zubeh\u00f6r\",\"item\":\"https:\\\/\\\/www.alfred-scheerer.de\\\/shop\\\/\"},{\"@type\":\"ListItem\",\"position\":3,\"name\":\"Bodenplatte Ladestation L25Z05500A_R\"}]},{\"@type\":\"WebSite\",\"@id\":\"https:\\\/\\\/www.alfred-scheerer.de\\\/shop\\\/#website\",\"url\":\"https:\\\/\\\/www.alfred-scheerer.de\\\/shop\\\/\",\"name\":\"Scheerer GmbH (ehem. Alfred Scheerer e.K.)\",\"description\":\"Der Online Shop aus Wermelskirchen f\u00fcr M\u00e4hroboter, Akku Gartenger\u00e4te, Ersatzteile und Zubeh\u00f6r\",\"publisher\":{\"@id\":\"https:\\\/\\\/www.alfred-scheerer.de\\\/shop\\\/#organization\"},\"potentialAction\":[{\"@type\":\"SearchAction\",\"target\":{\"@type\":\"EntryPoint\",\"urlTemplate\":\"https:\\\/\\\/www.alfred-scheerer.de\\\/shop\\\/?s={search_term_string}\"},\"query-input\":{\"@type\":\"PropertyValueSpecification\",\"valueRequired\":true,\"valueName\":\"search_term_string\"}}],\"inLanguage\":\"de\"},{\"@type\":\"Organization\",\"@id\":\"https:\\\/\\\/www.alfred-scheerer.de\\\/shop\\\/#organization\",\"name\":\"Scheerer GmbH\",\"url\":\"https:\\\/\\\/www.alfred-scheerer.de\\\/shop\\\/\",\"logo\":{\"@type\":\"ImageObject\",\"inLanguage\":\"de\",\"@id\":\"https:\\\/\\\/www.alfred-scheerer.de\\\/shop\\\/#\\\/schema\\\/logo\\\/image\\\/\",\"url\":\"https:\\\/\\\/alfred-scheerer.de\\\/shop\\\/wp-content\\\/uploads\\\/2024\\\/05\\\/baum.jpg\",\"contentUrl\":\"https:\\\/\\\/alfred-scheerer.de\\\/shop\\\/wp-content\\\/uploads\\\/2024\\\/05\\\/baum.jpg\",\"width\":512,\"height\":512,\"caption\":\"Scheerer GmbH\"},\"image\":{\"@id\":\"https:\\\/\\\/www.alfred-scheerer.de\\\/shop\\\/#\\\/schema\\\/logo\\\/image\\\/\"},\"sameAs\":[\"https:\\\/\\\/www.instagram.com\\\/alfredscheerer\\\/\"]}]}<\/script>\n<!-- \/ Yoast SEO plugin. -->","yoast_head_json":{"title":"Bodenplatte Ladestation L25Z05500A_","description":"Passend f\u00fcr: Ambrogio L25\/L29, Wiper, Techline","robots":{"index":"index","follow":"follow","max-snippet":"max-snippet:-1","max-image-preview":"max-image-preview:large","max-video-preview":"max-video-preview:-1"},"canonical":"https:\/\/www.alfred-scheerer.de\/shop\/product\/bodenplatte-ladestation-l25z05500a_r\/","og_locale":"de_DE","og_type":"article","og_title":"Bodenplatte Ladestation L25Z05500A_","og_description":"Passend f\u00fcr: Ambrogio L25\/L29, Wiper, Techline","og_url":"https:\/\/www.alfred-scheerer.de\/shop\/product\/bodenplatte-ladestation-l25z05500a_r\/","og_site_name":"Gartentechnik Scheerer","article_modified_time":"2026-04-09T12:50:26+00:00","og_image":[{"width":403,"height":286,"url":"https:\/\/www.alfred-scheerer.de\/shop\/wp-content\/uploads\/2026\/04\/Bodenplatte-Ladestation-L25Z05500A_R.jpg","type":"image\/jpeg"}],"twitter_card":"summary_large_image","schema":{"@context":"https:\/\/schema.org","@graph":[{"@type":"WebPage","@id":"https:\/\/www.alfred-scheerer.de\/shop\/product\/bodenplatte-ladestation-l25z05500a_r\/","url":"https:\/\/www.alfred-scheerer.de\/shop\/product\/bodenplatte-ladestation-l25z05500a_r\/","name":"Bodenplatte Ladestation L25Z05500A_","isPartOf":{"@id":"https:\/\/www.alfred-scheerer.de\/shop\/#website"},"primaryImageOfPage":{"@id":"https:\/\/www.alfred-scheerer.de\/shop\/product\/bodenplatte-ladestation-l25z05500a_r\/#primaryimage"},"image":{"@id":"https:\/\/www.alfred-scheerer.de\/shop\/product\/bodenplatte-ladestation-l25z05500a_r\/#primaryimage"},"thumbnailUrl":"https:\/\/www.alfred-scheerer.de\/shop\/wp-content\/uploads\/2026\/04\/Bodenplatte-Ladestation-L25Z05500A_R.jpg","datePublished":"2026-04-09T06:36:51+00:00","dateModified":"2026-04-09T12:50:26+00:00","description":"Passend f\u00fcr: Ambrogio L25\/L29, Wiper, Techline","breadcrumb":{"@id":"https:\/\/www.alfred-scheerer.de\/shop\/product\/bodenplatte-ladestation-l25z05500a_r\/#breadcrumb"},"inLanguage":"de","potentialAction":[{"@type":"ReadAction","target":["https:\/\/www.alfred-scheerer.de\/shop\/product\/bodenplatte-ladestation-l25z05500a_r\/"]}]},{"@type":"ImageObject","inLanguage":"de","@id":"https:\/\/www.alfred-scheerer.de\/shop\/product\/bodenplatte-ladestation-l25z05500a_r\/#primaryimage","url":"https:\/\/www.alfred-scheerer.de\/shop\/wp-content\/uploads\/2026\/04\/Bodenplatte-Ladestation-L25Z05500A_R.jpg","contentUrl":"https:\/\/www.alfred-scheerer.de\/shop\/wp-content\/uploads\/2026\/04\/Bodenplatte-Ladestation-L25Z05500A_R.jpg","width":403,"height":286,"caption":"Ladestation F\u00fcr Ambrogio Twenty25 und Twenty29"},{"@type":"BreadcrumbList","@id":"https:\/\/www.alfred-scheerer.de\/shop\/product\/bodenplatte-ladestation-l25z05500a_r\/#breadcrumb","itemListElement":[{"@type":"ListItem","position":1,"name":"Startseite","item":"https:\/\/www.alfred-scheerer.de\/shop\/"},{"@type":"ListItem","position":2,"name":"Gartentechnik Scheerer &#8211; Der Online Shop f\u00fcr M\u00e4hroboter und Zubeh\u00f6r","item":"https:\/\/www.alfred-scheerer.de\/shop\/"},{"@type":"ListItem","position":3,"name":"Bodenplatte Ladestation L25Z05500A_R"}]},{"@type":"WebSite","@id":"https:\/\/www.alfred-scheerer.de\/shop\/#website","url":"https:\/\/www.alfred-scheerer.de\/shop\/","name":"Scheerer GmbH (ehem. Alfred Scheerer e.K.)","description":"Der Online Shop aus Wermelskirchen f\u00fcr M\u00e4hroboter, Akku Gartenger\u00e4te, Ersatzteile und Zubeh\u00f6r","publisher":{"@id":"https:\/\/www.alfred-scheerer.de\/shop\/#organization"},"potentialAction":[{"@type":"SearchAction","target":{"@type":"EntryPoint","urlTemplate":"https:\/\/www.alfred-scheerer.de\/shop\/?s={search_term_string}"},"query-input":{"@type":"PropertyValueSpecification","valueRequired":true,"valueName":"search_term_string"}}],"inLanguage":"de"},{"@type":"Organization","@id":"https:\/\/www.alfred-scheerer.de\/shop\/#organization","name":"Scheerer GmbH","url":"https:\/\/www.alfred-scheerer.de\/shop\/","logo":{"@type":"ImageObject","inLanguage":"de","@id":"https:\/\/www.alfred-scheerer.de\/shop\/#\/schema\/logo\/image\/","url":"https:\/\/alfred-scheerer.de\/shop\/wp-content\/uploads\/2024\/05\/baum.jpg","contentUrl":"https:\/\/alfred-scheerer.de\/shop\/wp-content\/uploads\/2024\/05\/baum.jpg","width":512,"height":512,"caption":"Scheerer GmbH"},"image":{"@id":"https:\/\/www.alfred-scheerer.de\/shop\/#\/schema\/logo\/image\/"},"sameAs":["https:\/\/www.instagram.com\/alfredscheerer\/"]}]}},"_links":{"self":[{"href":"https:\/\/www.alfred-scheerer.de\/shop\/wp-json\/wp\/v2\/product\/14683","targetHints":{"allow":["GET"]}}],"collection":[{"href":"https:\/\/www.alfred-scheerer.de\/shop\/wp-json\/wp\/v2\/product"}],"about":[{"href":"https:\/\/www.alfred-scheerer.de\/shop\/wp-json\/wp\/v2\/types\/product"}],"wp:featuredmedia":[{"embeddable":true,"href":"https:\/\/www.alfred-scheerer.de\/shop\/wp-json\/wp\/v2\/media\/14684"}],"wp:attachment":[{"href":"https:\/\/www.alfred-scheerer.de\/shop\/wp-json\/wp\/v2\/media?parent=14683"}],"wp:term":[{"taxonomy":"product_brand","embeddable":true,"href":"https:\/\/www.alfred-scheerer.de\/shop\/wp-json\/wp\/v2\/product_brand?post=14683"},{"taxonomy":"product_cat","embeddable":true,"href":"https:\/\/www.alfred-scheerer.de\/shop\/wp-json\/wp\/v2\/product_cat?post=14683"},{"taxonomy":"product_tag","embeddable":true,"href":"https:\/\/www.alfred-scheerer.de\/shop\/wp-json\/wp\/v2\/product_tag?post=14683"}],"curies":[{"name":"wp","href":"https:\/\/api.w.org\/{rel}","templated":true}]}}