{"id":14817,"date":"2026-04-22T10:27:07","date_gmt":"2026-04-22T08:27:07","guid":{"rendered":"https:\/\/www.alfred-scheerer.de\/shop\/?post_type=product&#038;p=14817"},"modified":"2026-04-26T09:44:35","modified_gmt":"2026-04-26T07:44:35","slug":"messer-18-cm-gekroepft-ambrogio-l15-twenty-wiper-i-serie-l20z13600a_r-nachbauteil","status":"publish","type":"product","link":"https:\/\/www.alfred-scheerer.de\/shop\/product\/messer-18-cm-gekroepft-ambrogio-l15-twenty-wiper-i-serie-l20z13600a_r-nachbauteil\/","title":{"rendered":"Messer 18 cm gekr\u00f6pft Ambrogio L15\/Twenty Wiper i Serie L20Z13600A_R Nachbauteil"},"content":{"rendered":"<p data-start=\"0\" data-end=\"214\">Das gekr\u00f6pfte Messer Ambrogio 18 cm aus hochwertigem Federstahl \u00fcberzeugt durch seine hohe Langlebigkeit und pr\u00e4zise Schnittleistung. Mit einem Durchmesser von 18 cm und inklusive vier neuer Schrauben ist es sofort einsatzbereit.<br \/>\nEs eignet sich ideal als Ersatzteil f\u00fcr Ambrogio-, Wiper- und Techline-M\u00e4hroboter und kann zudem problemlos als Alternative zur 18 cm Messerscheibe sowie zu 15 cm Messern verwendet werden.<br \/>\nF\u00fcr einen sauberen, effizienten Rasenschnitt und eine optimale Leistungsf\u00e4higkeit deines M\u00e4hroboters.<\/p>\n<p>Nachbauteil in Erstausr\u00fcster Qualit\u00e4t<\/p>\n<p>passend f\u00fcr:<br \/>\nAmbrogio: L15, Twenty<br \/>\nTechline: L X2, D X2<br \/>\nWiper: i70, i100S, i130S<\/p>\n<p>ersetzt:<br \/>\nL20Z01000A, 015Z03700A<\/p>\n<p>Referenznummer:<br \/>\nAmbrogio\/Techline\/Wiper\/ZCS: L20Z13600A_R<br \/>\nRatioparts: NGP3600A<\/p>\n","protected":false},"excerpt":{"rendered":"<p>4-Stern Messer 18 cm Durchmesser,\u00a0 gekr\u00f6pft aus Federstahl inkl. vier neuen Schrauben.<\/p>\n<p>Nachbauteil in Erstausr\u00fcster Qualit\u00e4t<\/p>\n<p>Referenznummer:<br \/>\nAmbrogio\/Techline\/Wiper\/ZCS: L20Z13600A_R, L20Z01000A<br \/>\nRatioparts: NGP3600A<\/p>\n","protected":false},"featured_media":4165,"template":"","meta":[],"product_brand":[1756],"product_cat":[1425,1431,94,106,175,304,312],"product_tag":[607,631,460,855,610,632,528,1046,611,633,576,623,634,581,624,635,582,625,53,636,583,626,637,584,627,638,585,628,731,586,629,732,606,630,824],"class_list":{"0":"post-14817","1":"product","2":"type-product","3":"status-publish","4":"has-post-thumbnail","6":"product_brand-ambrogio","7":"product_cat-ambrogio-ersatzmesser","8":"product_cat-twenty-zr","9":"product_cat-ambrogio-ersatzteile-zubehoer","10":"product_cat-installation-ersatzteile-u-zubehoer","11":"product_cat-l15","12":"product_cat-l20-twenty","13":"product_cat-wiper-ersatzteile-zubehoer","14":"product_tag-autoclip-messer","15":"product_tag-l-x2-messer","16":"product_tag-ambrogio-ersatzteile","17":"product_tag-ersatzmesser-l15","18":"product_tag-stiga-ersatzmesser","19":"product_tag-lx2-messer","20":"product_tag-ambrogio-messer","21":"product_tag-4-stern-messer","22":"product_tag-autoclip-ersatzmesser","23":"product_tag-lx2-ersatzmesser","24":"product_tag-ambrogio-ersatzmesser","25":"product_tag-ersatzmesser-18-cm","26":"product_tag-l-x2-ersatzmesser","27":"product_tag-wiper-messer","28":"product_tag-ersatzmesser-18cm","29":"product_tag-dx2-ersatzmesser","30":"product_tag-wiper-ersatzmesser","31":"product_tag-messer-18-cm","32":"product_tag-ambrogio","33":"product_tag-d-x2-ersatzmesser","34":"product_tag-techline-ersatzmesser","35":"product_tag-messer-18cm","36":"product_tag-dx2-messer","37":"product_tag-maehroboter-messer","38":"product_tag-messer-twenty","39":"product_tag-d-x2-messer","40":"product_tag-techline-messer","41":"product_tag-ersatzmesser-twenty","42":"product_tag-l20z13600a_r","43":"product_tag-maehroboter-ersatzmesser","44":"product_tag-messer-i70","45":"product_tag-l20z01000a","46":"product_tag-stiga-messer","47":"product_tag-ersatzmesser-i100","48":"product_tag-messer-l15","50":"first","51":"instock","52":"taxable","53":"shipping-taxable","54":"purchasable","55":"product-type-simple"},"yoast_head":"<!-- This site is optimized with the Yoast SEO plugin v27.5 - https:\/\/yoast.com\/product\/yoast-seo-wordpress\/ -->\n<title>Messer Ambrogio 18 cm gekr\u00f6pft Ambrogio L15\/Twenty Wiper i Serie L20Z13600A_R<\/title>\n<meta name=\"description\" content=\"4 Stern Messer Ambrogio 18 cm gekr\u00f6pft, aus Federstahl, \u00d8 18 cm inkl. 4 Schrauben \u2013 passend als Ersatz f\u00fcr 18 cm Messerscheibe &amp; 15 cm Messer\" \/>\n<meta name=\"robots\" content=\"index, follow, max-snippet:-1, max-image-preview:large, max-video-preview:-1\" \/>\n<link rel=\"canonical\" href=\"https:\/\/www.alfred-scheerer.de\/shop\/product\/messer-18-cm-gekroepft-ambrogio-l15-twenty-wiper-i-serie-l20z13600a_r-nachbauteil\/\" \/>\n<meta property=\"og:locale\" content=\"de_DE\" \/>\n<meta property=\"og:type\" content=\"article\" \/>\n<meta property=\"og:title\" content=\"Messer Ambrogio 18 cm gekr\u00f6pft Ambrogio L15\/Twenty Wiper i Serie L20Z13600A_R\" \/>\n<meta property=\"og:description\" content=\"4 Stern Messer Ambrogio 18 cm gekr\u00f6pft, aus Federstahl, \u00d8 18 cm inkl. 4 Schrauben \u2013 passend als Ersatz f\u00fcr 18 cm Messerscheibe &amp; 15 cm Messer\" \/>\n<meta property=\"og:url\" content=\"https:\/\/www.alfred-scheerer.de\/shop\/product\/messer-18-cm-gekroepft-ambrogio-l15-twenty-wiper-i-serie-l20z13600a_r-nachbauteil\/\" \/>\n<meta property=\"og:site_name\" content=\"Gartentechnik Scheerer\" \/>\n<meta property=\"article:modified_time\" content=\"2026-04-26T07:44:35+00:00\" \/>\n<meta property=\"og:image\" content=\"https:\/\/www.alfred-scheerer.de\/shop\/wp-content\/uploads\/2021\/02\/Messer-18-cm-2021-L20Z13600A_R.jpg\" \/>\n\t<meta property=\"og:image:width\" content=\"800\" \/>\n\t<meta property=\"og:image:height\" content=\"800\" \/>\n\t<meta property=\"og:image:type\" content=\"image\/jpeg\" \/>\n<meta name=\"twitter:card\" content=\"summary_large_image\" \/>\n<meta name=\"twitter:label1\" content=\"Gesch\u00e4tzte Lesezeit\" \/>\n\t<meta name=\"twitter:data1\" content=\"1\u00a0Minute\" \/>\n<script type=\"application\/ld+json\" class=\"yoast-schema-graph\">{\"@context\":\"https:\\\/\\\/schema.org\",\"@graph\":[{\"@type\":\"WebPage\",\"@id\":\"https:\\\/\\\/www.alfred-scheerer.de\\\/shop\\\/product\\\/messer-18-cm-gekroepft-ambrogio-l15-twenty-wiper-i-serie-l20z13600a_r-nachbauteil\\\/\",\"url\":\"https:\\\/\\\/www.alfred-scheerer.de\\\/shop\\\/product\\\/messer-18-cm-gekroepft-ambrogio-l15-twenty-wiper-i-serie-l20z13600a_r-nachbauteil\\\/\",\"name\":\"Messer Ambrogio 18 cm gekr\u00f6pft Ambrogio L15\\\/Twenty Wiper i Serie L20Z13600A_R\",\"isPartOf\":{\"@id\":\"https:\\\/\\\/www.alfred-scheerer.de\\\/shop\\\/#website\"},\"primaryImageOfPage\":{\"@id\":\"https:\\\/\\\/www.alfred-scheerer.de\\\/shop\\\/product\\\/messer-18-cm-gekroepft-ambrogio-l15-twenty-wiper-i-serie-l20z13600a_r-nachbauteil\\\/#primaryimage\"},\"image\":{\"@id\":\"https:\\\/\\\/www.alfred-scheerer.de\\\/shop\\\/product\\\/messer-18-cm-gekroepft-ambrogio-l15-twenty-wiper-i-serie-l20z13600a_r-nachbauteil\\\/#primaryimage\"},\"thumbnailUrl\":\"https:\\\/\\\/www.alfred-scheerer.de\\\/shop\\\/wp-content\\\/uploads\\\/2021\\\/02\\\/Messer-18-cm-2021-L20Z13600A_R.jpg\",\"datePublished\":\"2026-04-22T08:27:07+00:00\",\"dateModified\":\"2026-04-26T07:44:35+00:00\",\"description\":\"4 Stern Messer Ambrogio 18 cm gekr\u00f6pft, aus Federstahl, \u00d8 18 cm inkl. 4 Schrauben \u2013 passend als Ersatz f\u00fcr 18 cm Messerscheibe & 15 cm Messer\",\"breadcrumb\":{\"@id\":\"https:\\\/\\\/www.alfred-scheerer.de\\\/shop\\\/product\\\/messer-18-cm-gekroepft-ambrogio-l15-twenty-wiper-i-serie-l20z13600a_r-nachbauteil\\\/#breadcrumb\"},\"inLanguage\":\"de\",\"potentialAction\":[{\"@type\":\"ReadAction\",\"target\":[\"https:\\\/\\\/www.alfred-scheerer.de\\\/shop\\\/product\\\/messer-18-cm-gekroepft-ambrogio-l15-twenty-wiper-i-serie-l20z13600a_r-nachbauteil\\\/\"]}]},{\"@type\":\"ImageObject\",\"inLanguage\":\"de\",\"@id\":\"https:\\\/\\\/www.alfred-scheerer.de\\\/shop\\\/product\\\/messer-18-cm-gekroepft-ambrogio-l15-twenty-wiper-i-serie-l20z13600a_r-nachbauteil\\\/#primaryimage\",\"url\":\"https:\\\/\\\/www.alfred-scheerer.de\\\/shop\\\/wp-content\\\/uploads\\\/2021\\\/02\\\/Messer-18-cm-2021-L20Z13600A_R.jpg\",\"contentUrl\":\"https:\\\/\\\/www.alfred-scheerer.de\\\/shop\\\/wp-content\\\/uploads\\\/2021\\\/02\\\/Messer-18-cm-2021-L20Z13600A_R.jpg\",\"width\":800,\"height\":800,\"caption\":\"Messer 18 cm gekr\u00f6pft\"},{\"@type\":\"BreadcrumbList\",\"@id\":\"https:\\\/\\\/www.alfred-scheerer.de\\\/shop\\\/product\\\/messer-18-cm-gekroepft-ambrogio-l15-twenty-wiper-i-serie-l20z13600a_r-nachbauteil\\\/#breadcrumb\",\"itemListElement\":[{\"@type\":\"ListItem\",\"position\":1,\"name\":\"Startseite\",\"item\":\"https:\\\/\\\/www.alfred-scheerer.de\\\/shop\\\/\"},{\"@type\":\"ListItem\",\"position\":2,\"name\":\"Gartentechnik Scheerer &#8211; Der Online Shop f\u00fcr M\u00e4hroboter und Zubeh\u00f6r\",\"item\":\"https:\\\/\\\/www.alfred-scheerer.de\\\/shop\\\/\"},{\"@type\":\"ListItem\",\"position\":3,\"name\":\"Messer 18 cm gekr\u00f6pft Ambrogio L15\\\/Twenty Wiper i Serie L20Z13600A_R Nachbauteil\"}]},{\"@type\":\"WebSite\",\"@id\":\"https:\\\/\\\/www.alfred-scheerer.de\\\/shop\\\/#website\",\"url\":\"https:\\\/\\\/www.alfred-scheerer.de\\\/shop\\\/\",\"name\":\"Scheerer GmbH (ehem. Alfred Scheerer e.K.)\",\"description\":\"Der Online Shop aus Wermelskirchen f\u00fcr M\u00e4hroboter, Akku Gartenger\u00e4te, Ersatzteile und Zubeh\u00f6r\",\"publisher\":{\"@id\":\"https:\\\/\\\/www.alfred-scheerer.de\\\/shop\\\/#organization\"},\"potentialAction\":[{\"@type\":\"SearchAction\",\"target\":{\"@type\":\"EntryPoint\",\"urlTemplate\":\"https:\\\/\\\/www.alfred-scheerer.de\\\/shop\\\/?s={search_term_string}\"},\"query-input\":{\"@type\":\"PropertyValueSpecification\",\"valueRequired\":true,\"valueName\":\"search_term_string\"}}],\"inLanguage\":\"de\"},{\"@type\":\"Organization\",\"@id\":\"https:\\\/\\\/www.alfred-scheerer.de\\\/shop\\\/#organization\",\"name\":\"Scheerer GmbH\",\"url\":\"https:\\\/\\\/www.alfred-scheerer.de\\\/shop\\\/\",\"logo\":{\"@type\":\"ImageObject\",\"inLanguage\":\"de\",\"@id\":\"https:\\\/\\\/www.alfred-scheerer.de\\\/shop\\\/#\\\/schema\\\/logo\\\/image\\\/\",\"url\":\"https:\\\/\\\/alfred-scheerer.de\\\/shop\\\/wp-content\\\/uploads\\\/2024\\\/05\\\/baum.jpg\",\"contentUrl\":\"https:\\\/\\\/alfred-scheerer.de\\\/shop\\\/wp-content\\\/uploads\\\/2024\\\/05\\\/baum.jpg\",\"width\":512,\"height\":512,\"caption\":\"Scheerer GmbH\"},\"image\":{\"@id\":\"https:\\\/\\\/www.alfred-scheerer.de\\\/shop\\\/#\\\/schema\\\/logo\\\/image\\\/\"},\"sameAs\":[\"https:\\\/\\\/www.instagram.com\\\/alfredscheerer\\\/\"]}]}<\/script>\n<!-- \/ Yoast SEO plugin. -->","yoast_head_json":{"title":"Messer Ambrogio 18 cm gekr\u00f6pft Ambrogio L15\/Twenty Wiper i Serie L20Z13600A_R","description":"4 Stern Messer Ambrogio 18 cm gekr\u00f6pft, aus Federstahl, \u00d8 18 cm inkl. 4 Schrauben \u2013 passend als Ersatz f\u00fcr 18 cm Messerscheibe & 15 cm Messer","robots":{"index":"index","follow":"follow","max-snippet":"max-snippet:-1","max-image-preview":"max-image-preview:large","max-video-preview":"max-video-preview:-1"},"canonical":"https:\/\/www.alfred-scheerer.de\/shop\/product\/messer-18-cm-gekroepft-ambrogio-l15-twenty-wiper-i-serie-l20z13600a_r-nachbauteil\/","og_locale":"de_DE","og_type":"article","og_title":"Messer Ambrogio 18 cm gekr\u00f6pft Ambrogio L15\/Twenty Wiper i Serie L20Z13600A_R","og_description":"4 Stern Messer Ambrogio 18 cm gekr\u00f6pft, aus Federstahl, \u00d8 18 cm inkl. 4 Schrauben \u2013 passend als Ersatz f\u00fcr 18 cm Messerscheibe & 15 cm Messer","og_url":"https:\/\/www.alfred-scheerer.de\/shop\/product\/messer-18-cm-gekroepft-ambrogio-l15-twenty-wiper-i-serie-l20z13600a_r-nachbauteil\/","og_site_name":"Gartentechnik Scheerer","article_modified_time":"2026-04-26T07:44:35+00:00","og_image":[{"width":800,"height":800,"url":"https:\/\/www.alfred-scheerer.de\/shop\/wp-content\/uploads\/2021\/02\/Messer-18-cm-2021-L20Z13600A_R.jpg","type":"image\/jpeg"}],"twitter_card":"summary_large_image","twitter_misc":{"Gesch\u00e4tzte Lesezeit":"1\u00a0Minute"},"schema":{"@context":"https:\/\/schema.org","@graph":[{"@type":"WebPage","@id":"https:\/\/www.alfred-scheerer.de\/shop\/product\/messer-18-cm-gekroepft-ambrogio-l15-twenty-wiper-i-serie-l20z13600a_r-nachbauteil\/","url":"https:\/\/www.alfred-scheerer.de\/shop\/product\/messer-18-cm-gekroepft-ambrogio-l15-twenty-wiper-i-serie-l20z13600a_r-nachbauteil\/","name":"Messer Ambrogio 18 cm gekr\u00f6pft Ambrogio L15\/Twenty Wiper i Serie L20Z13600A_R","isPartOf":{"@id":"https:\/\/www.alfred-scheerer.de\/shop\/#website"},"primaryImageOfPage":{"@id":"https:\/\/www.alfred-scheerer.de\/shop\/product\/messer-18-cm-gekroepft-ambrogio-l15-twenty-wiper-i-serie-l20z13600a_r-nachbauteil\/#primaryimage"},"image":{"@id":"https:\/\/www.alfred-scheerer.de\/shop\/product\/messer-18-cm-gekroepft-ambrogio-l15-twenty-wiper-i-serie-l20z13600a_r-nachbauteil\/#primaryimage"},"thumbnailUrl":"https:\/\/www.alfred-scheerer.de\/shop\/wp-content\/uploads\/2021\/02\/Messer-18-cm-2021-L20Z13600A_R.jpg","datePublished":"2026-04-22T08:27:07+00:00","dateModified":"2026-04-26T07:44:35+00:00","description":"4 Stern Messer Ambrogio 18 cm gekr\u00f6pft, aus Federstahl, \u00d8 18 cm inkl. 4 Schrauben \u2013 passend als Ersatz f\u00fcr 18 cm Messerscheibe & 15 cm Messer","breadcrumb":{"@id":"https:\/\/www.alfred-scheerer.de\/shop\/product\/messer-18-cm-gekroepft-ambrogio-l15-twenty-wiper-i-serie-l20z13600a_r-nachbauteil\/#breadcrumb"},"inLanguage":"de","potentialAction":[{"@type":"ReadAction","target":["https:\/\/www.alfred-scheerer.de\/shop\/product\/messer-18-cm-gekroepft-ambrogio-l15-twenty-wiper-i-serie-l20z13600a_r-nachbauteil\/"]}]},{"@type":"ImageObject","inLanguage":"de","@id":"https:\/\/www.alfred-scheerer.de\/shop\/product\/messer-18-cm-gekroepft-ambrogio-l15-twenty-wiper-i-serie-l20z13600a_r-nachbauteil\/#primaryimage","url":"https:\/\/www.alfred-scheerer.de\/shop\/wp-content\/uploads\/2021\/02\/Messer-18-cm-2021-L20Z13600A_R.jpg","contentUrl":"https:\/\/www.alfred-scheerer.de\/shop\/wp-content\/uploads\/2021\/02\/Messer-18-cm-2021-L20Z13600A_R.jpg","width":800,"height":800,"caption":"Messer 18 cm gekr\u00f6pft"},{"@type":"BreadcrumbList","@id":"https:\/\/www.alfred-scheerer.de\/shop\/product\/messer-18-cm-gekroepft-ambrogio-l15-twenty-wiper-i-serie-l20z13600a_r-nachbauteil\/#breadcrumb","itemListElement":[{"@type":"ListItem","position":1,"name":"Startseite","item":"https:\/\/www.alfred-scheerer.de\/shop\/"},{"@type":"ListItem","position":2,"name":"Gartentechnik Scheerer &#8211; Der Online Shop f\u00fcr M\u00e4hroboter und Zubeh\u00f6r","item":"https:\/\/www.alfred-scheerer.de\/shop\/"},{"@type":"ListItem","position":3,"name":"Messer 18 cm gekr\u00f6pft Ambrogio L15\/Twenty Wiper i Serie L20Z13600A_R Nachbauteil"}]},{"@type":"WebSite","@id":"https:\/\/www.alfred-scheerer.de\/shop\/#website","url":"https:\/\/www.alfred-scheerer.de\/shop\/","name":"Scheerer GmbH (ehem. Alfred Scheerer e.K.)","description":"Der Online Shop aus Wermelskirchen f\u00fcr M\u00e4hroboter, Akku Gartenger\u00e4te, Ersatzteile und Zubeh\u00f6r","publisher":{"@id":"https:\/\/www.alfred-scheerer.de\/shop\/#organization"},"potentialAction":[{"@type":"SearchAction","target":{"@type":"EntryPoint","urlTemplate":"https:\/\/www.alfred-scheerer.de\/shop\/?s={search_term_string}"},"query-input":{"@type":"PropertyValueSpecification","valueRequired":true,"valueName":"search_term_string"}}],"inLanguage":"de"},{"@type":"Organization","@id":"https:\/\/www.alfred-scheerer.de\/shop\/#organization","name":"Scheerer GmbH","url":"https:\/\/www.alfred-scheerer.de\/shop\/","logo":{"@type":"ImageObject","inLanguage":"de","@id":"https:\/\/www.alfred-scheerer.de\/shop\/#\/schema\/logo\/image\/","url":"https:\/\/alfred-scheerer.de\/shop\/wp-content\/uploads\/2024\/05\/baum.jpg","contentUrl":"https:\/\/alfred-scheerer.de\/shop\/wp-content\/uploads\/2024\/05\/baum.jpg","width":512,"height":512,"caption":"Scheerer GmbH"},"image":{"@id":"https:\/\/www.alfred-scheerer.de\/shop\/#\/schema\/logo\/image\/"},"sameAs":["https:\/\/www.instagram.com\/alfredscheerer\/"]}]}},"_links":{"self":[{"href":"https:\/\/www.alfred-scheerer.de\/shop\/wp-json\/wp\/v2\/product\/14817","targetHints":{"allow":["GET"]}}],"collection":[{"href":"https:\/\/www.alfred-scheerer.de\/shop\/wp-json\/wp\/v2\/product"}],"about":[{"href":"https:\/\/www.alfred-scheerer.de\/shop\/wp-json\/wp\/v2\/types\/product"}],"wp:featuredmedia":[{"embeddable":true,"href":"https:\/\/www.alfred-scheerer.de\/shop\/wp-json\/wp\/v2\/media\/4165"}],"wp:attachment":[{"href":"https:\/\/www.alfred-scheerer.de\/shop\/wp-json\/wp\/v2\/media?parent=14817"}],"wp:term":[{"taxonomy":"product_brand","embeddable":true,"href":"https:\/\/www.alfred-scheerer.de\/shop\/wp-json\/wp\/v2\/product_brand?post=14817"},{"taxonomy":"product_cat","embeddable":true,"href":"https:\/\/www.alfred-scheerer.de\/shop\/wp-json\/wp\/v2\/product_cat?post=14817"},{"taxonomy":"product_tag","embeddable":true,"href":"https:\/\/www.alfred-scheerer.de\/shop\/wp-json\/wp\/v2\/product_tag?post=14817"}],"curies":[{"name":"wp","href":"https:\/\/api.w.org\/{rel}","templated":true}]}}