{"id":3500,"date":"2020-04-24T16:42:03","date_gmt":"2020-04-24T14:42:03","guid":{"rendered":"http:\/\/alfred-scheerer.de\/shop\/?post_type=product&#038;p=3500"},"modified":"2023-06-07T16:18:48","modified_gmt":"2023-06-07T14:18:48","slug":"messer-18-cm-ambrogio-twenty-wiper-i70-i100-l20z01000a","status":"publish","type":"product","link":"https:\/\/www.alfred-scheerer.de\/shop\/product\/messer-18-cm-ambrogio-twenty-wiper-i70-i100-l20z01000a\/","title":{"rendered":"Messer 18 cm Ambrogio L15\/Twenty Wiper i70\/i100 L20Z01000A"},"content":{"rendered":"<p><strong>nicht mehr lieferbar wird ersetzt durch Messer 18 cm 4-Stern-Federstahlmesser L20Z13600A_R<\/strong><\/p>\n<blockquote class=\"wp-embedded-content\" data-secret=\"Cs91tDU2w0\"><p><a href=\"https:\/\/alfred-scheerer.de\/shop\/product\/messer-18-cm-ambrogio-twenty-wiper-i70-i100-l20z13600a_r\/\">Messer 18 cm gekr\u00f6pft Ambrogio L15\/Twenty Wiper i Serie L20Z13600A_R<\/a><\/p><\/blockquote>\n<p><iframe loading=\"lazy\" class=\"wp-embedded-content\" sandbox=\"allow-scripts\" security=\"restricted\" style=\"position: absolute; clip: rect(1px, 1px, 1px, 1px);\" title=\"&#8222;Messer 18 cm gekr\u00f6pft Ambrogio L15\/Twenty Wiper i Serie L20Z13600A_R&#8220; &#8212; Alfred Scheerer e.K.\" src=\"https:\/\/alfred-scheerer.de\/shop\/product\/messer-18-cm-ambrogio-twenty-wiper-i70-i100-l20z13600a_r\/embed\/#?secret=Beu81pojF0#?secret=Cs91tDU2w0\" data-secret=\"Cs91tDU2w0\" width=\"600\" height=\"338\" frameborder=\"0\" marginwidth=\"0\" marginheight=\"0\" scrolling=\"no\"><\/iframe><\/p>\n","protected":false},"excerpt":{"rendered":"<p><strong>nicht mehr lieferbar wird ersetzt durch Messer 18 cm 4-Stern-Federstahlmesser L20Z13600A_R<\/strong><\/p>\n<p>https:\/\/alfred-scheerer.de\/shop\/product\/messer-18-cm-ambrogio-twenty-wiper-i70-i100-l20z13600a_r\/<\/p>\n","protected":false},"featured_media":3499,"template":"","meta":[],"product_brand":[],"product_cat":[94,106,175,304,312,1425,1431],"product_tag":[623,53,634,581,624,635,582,625,636,583,626,637,584,627,638,585,628,752,586,629,606,630,607,631,460,610,632,528,611,633,576],"class_list":{"0":"post-3500","1":"product","2":"type-product","3":"status-publish","4":"has-post-thumbnail","6":"product_cat-ambrogio-ersatzteile-zubehoer","7":"product_cat-installation-ersatzteile-u-zubehoer","8":"product_cat-l15","9":"product_cat-l20-twenty","10":"product_cat-wiper-ersatzteile-zubehoer","11":"product_cat-ambrogio-ersatzmesser","12":"product_cat-twenty-zr","13":"product_tag-ersatzmesser-18-cm","14":"product_tag-ambrogio","15":"product_tag-l-x2-ersatzmesser","16":"product_tag-wiper-messer","17":"product_tag-ersatzmesser-18cm","18":"product_tag-dx2-ersatzmesser","19":"product_tag-wiper-ersatzmesser","20":"product_tag-messer-18-cm","21":"product_tag-d-x2-ersatzmesser","22":"product_tag-techline-ersatzmesser","23":"product_tag-messer-18cm","24":"product_tag-dx2-messer","25":"product_tag-maehroboter-messer","26":"product_tag-messer-twenty","27":"product_tag-d-x2-messer","28":"product_tag-techline-messer","29":"product_tag-ersatzmesser-twenty","30":"product_tag-messerscheibe-18-cm","31":"product_tag-maehroboter-ersatzmesser","32":"product_tag-messer-i70","33":"product_tag-stiga-messer","34":"product_tag-ersatzmesser-i100","35":"product_tag-autoclip-messer","36":"product_tag-l-x2-messer","37":"product_tag-ambrogio-ersatzteile","38":"product_tag-stiga-ersatzmesser","39":"product_tag-lx2-messer","40":"product_tag-ambrogio-messer","41":"product_tag-autoclip-ersatzmesser","42":"product_tag-lx2-ersatzmesser","43":"product_tag-ambrogio-ersatzmesser","45":"first","46":"outofstock","47":"taxable","48":"shipping-taxable","49":"purchasable","50":"product-type-simple"},"yoast_head":"<!-- This site is optimized with the Yoast SEO plugin v27.4 - https:\/\/yoast.com\/product\/yoast-seo-wordpress\/ -->\n<title>Messer 18 cm Ambrogio L15\/Twenty Wiper i70\/i100 L20Z01000A - Gartentechnik Scheerer<\/title>\n<meta name=\"robots\" content=\"index, follow, max-snippet:-1, max-image-preview:large, max-video-preview:-1\" \/>\n<link rel=\"canonical\" href=\"https:\/\/www.alfred-scheerer.de\/shop\/product\/messer-18-cm-ambrogio-twenty-wiper-i70-i100-l20z01000a\/\" \/>\n<meta property=\"og:locale\" content=\"de_DE\" \/>\n<meta property=\"og:type\" content=\"article\" \/>\n<meta property=\"og:title\" content=\"Messer 18 cm Ambrogio L15\/Twenty Wiper i70\/i100 L20Z01000A - Gartentechnik Scheerer\" \/>\n<meta property=\"og:description\" content=\"nicht mehr lieferbar wird ersetzt durch Messer 18 cm 4-Stern-Federstahlmesser L20Z13600A_R  https:\/\/alfred-scheerer.de\/shop\/product\/messer-18-cm-ambrogio-twenty-wiper-i70-i100-l20z13600a_r\/\" \/>\n<meta property=\"og:url\" content=\"https:\/\/www.alfred-scheerer.de\/shop\/product\/messer-18-cm-ambrogio-twenty-wiper-i70-i100-l20z01000a\/\" \/>\n<meta property=\"og:site_name\" content=\"Gartentechnik Scheerer\" \/>\n<meta property=\"article:modified_time\" content=\"2023-06-07T14:18:48+00:00\" \/>\n<meta property=\"og:image\" content=\"https:\/\/www.alfred-scheerer.de\/shop\/wp-content\/uploads\/2020\/04\/Messer-Twenty-18-cm.jpg\" \/>\n\t<meta property=\"og:image:width\" content=\"800\" \/>\n\t<meta property=\"og:image:height\" content=\"800\" \/>\n\t<meta property=\"og:image:type\" content=\"image\/jpeg\" \/>\n<meta name=\"twitter:card\" content=\"summary_large_image\" \/>\n<script type=\"application\/ld+json\" class=\"yoast-schema-graph\">{\"@context\":\"https:\\\/\\\/schema.org\",\"@graph\":[{\"@type\":\"WebPage\",\"@id\":\"https:\\\/\\\/www.alfred-scheerer.de\\\/shop\\\/product\\\/messer-18-cm-ambrogio-twenty-wiper-i70-i100-l20z01000a\\\/\",\"url\":\"https:\\\/\\\/www.alfred-scheerer.de\\\/shop\\\/product\\\/messer-18-cm-ambrogio-twenty-wiper-i70-i100-l20z01000a\\\/\",\"name\":\"Messer 18 cm Ambrogio L15\\\/Twenty Wiper i70\\\/i100 L20Z01000A - Gartentechnik Scheerer\",\"isPartOf\":{\"@id\":\"https:\\\/\\\/www.alfred-scheerer.de\\\/shop\\\/#website\"},\"primaryImageOfPage\":{\"@id\":\"https:\\\/\\\/www.alfred-scheerer.de\\\/shop\\\/product\\\/messer-18-cm-ambrogio-twenty-wiper-i70-i100-l20z01000a\\\/#primaryimage\"},\"image\":{\"@id\":\"https:\\\/\\\/www.alfred-scheerer.de\\\/shop\\\/product\\\/messer-18-cm-ambrogio-twenty-wiper-i70-i100-l20z01000a\\\/#primaryimage\"},\"thumbnailUrl\":\"https:\\\/\\\/www.alfred-scheerer.de\\\/shop\\\/wp-content\\\/uploads\\\/2020\\\/04\\\/Messer-Twenty-18-cm.jpg\",\"datePublished\":\"2020-04-24T14:42:03+00:00\",\"dateModified\":\"2023-06-07T14:18:48+00:00\",\"breadcrumb\":{\"@id\":\"https:\\\/\\\/www.alfred-scheerer.de\\\/shop\\\/product\\\/messer-18-cm-ambrogio-twenty-wiper-i70-i100-l20z01000a\\\/#breadcrumb\"},\"inLanguage\":\"de\",\"potentialAction\":[{\"@type\":\"ReadAction\",\"target\":[\"https:\\\/\\\/www.alfred-scheerer.de\\\/shop\\\/product\\\/messer-18-cm-ambrogio-twenty-wiper-i70-i100-l20z01000a\\\/\"]}]},{\"@type\":\"ImageObject\",\"inLanguage\":\"de\",\"@id\":\"https:\\\/\\\/www.alfred-scheerer.de\\\/shop\\\/product\\\/messer-18-cm-ambrogio-twenty-wiper-i70-i100-l20z01000a\\\/#primaryimage\",\"url\":\"https:\\\/\\\/www.alfred-scheerer.de\\\/shop\\\/wp-content\\\/uploads\\\/2020\\\/04\\\/Messer-Twenty-18-cm.jpg\",\"contentUrl\":\"https:\\\/\\\/www.alfred-scheerer.de\\\/shop\\\/wp-content\\\/uploads\\\/2020\\\/04\\\/Messer-Twenty-18-cm.jpg\",\"width\":800,\"height\":800,\"caption\":\"Ambrogio M\u00e4hroboter\"},{\"@type\":\"BreadcrumbList\",\"@id\":\"https:\\\/\\\/www.alfred-scheerer.de\\\/shop\\\/product\\\/messer-18-cm-ambrogio-twenty-wiper-i70-i100-l20z01000a\\\/#breadcrumb\",\"itemListElement\":[{\"@type\":\"ListItem\",\"position\":1,\"name\":\"Startseite\",\"item\":\"https:\\\/\\\/www.alfred-scheerer.de\\\/shop\\\/\"},{\"@type\":\"ListItem\",\"position\":2,\"name\":\"Gartentechnik Scheerer &#8211; Der Online Shop f\u00fcr M\u00e4hroboter und Zubeh\u00f6r\",\"item\":\"https:\\\/\\\/www.alfred-scheerer.de\\\/shop\\\/\"},{\"@type\":\"ListItem\",\"position\":3,\"name\":\"Messer 18 cm Ambrogio L15\\\/Twenty Wiper i70\\\/i100 L20Z01000A\"}]},{\"@type\":\"WebSite\",\"@id\":\"https:\\\/\\\/www.alfred-scheerer.de\\\/shop\\\/#website\",\"url\":\"https:\\\/\\\/www.alfred-scheerer.de\\\/shop\\\/\",\"name\":\"Scheerer GmbH (ehem. Alfred Scheerer e.K.)\",\"description\":\"Der Online Shop aus Wermelskirchen f\u00fcr M\u00e4hroboter, Akku Gartenger\u00e4te, Ersatzteile und Zubeh\u00f6r\",\"publisher\":{\"@id\":\"https:\\\/\\\/www.alfred-scheerer.de\\\/shop\\\/#organization\"},\"potentialAction\":[{\"@type\":\"SearchAction\",\"target\":{\"@type\":\"EntryPoint\",\"urlTemplate\":\"https:\\\/\\\/www.alfred-scheerer.de\\\/shop\\\/?s={search_term_string}\"},\"query-input\":{\"@type\":\"PropertyValueSpecification\",\"valueRequired\":true,\"valueName\":\"search_term_string\"}}],\"inLanguage\":\"de\"},{\"@type\":\"Organization\",\"@id\":\"https:\\\/\\\/www.alfred-scheerer.de\\\/shop\\\/#organization\",\"name\":\"Scheerer GmbH\",\"url\":\"https:\\\/\\\/www.alfred-scheerer.de\\\/shop\\\/\",\"logo\":{\"@type\":\"ImageObject\",\"inLanguage\":\"de\",\"@id\":\"https:\\\/\\\/www.alfred-scheerer.de\\\/shop\\\/#\\\/schema\\\/logo\\\/image\\\/\",\"url\":\"https:\\\/\\\/alfred-scheerer.de\\\/shop\\\/wp-content\\\/uploads\\\/2024\\\/05\\\/baum.jpg\",\"contentUrl\":\"https:\\\/\\\/alfred-scheerer.de\\\/shop\\\/wp-content\\\/uploads\\\/2024\\\/05\\\/baum.jpg\",\"width\":512,\"height\":512,\"caption\":\"Scheerer GmbH\"},\"image\":{\"@id\":\"https:\\\/\\\/www.alfred-scheerer.de\\\/shop\\\/#\\\/schema\\\/logo\\\/image\\\/\"},\"sameAs\":[\"https:\\\/\\\/www.instagram.com\\\/alfredscheerer\\\/\"]}]}<\/script>\n<!-- \/ Yoast SEO plugin. -->","yoast_head_json":{"title":"Messer 18 cm Ambrogio L15\/Twenty Wiper i70\/i100 L20Z01000A - Gartentechnik Scheerer","robots":{"index":"index","follow":"follow","max-snippet":"max-snippet:-1","max-image-preview":"max-image-preview:large","max-video-preview":"max-video-preview:-1"},"canonical":"https:\/\/www.alfred-scheerer.de\/shop\/product\/messer-18-cm-ambrogio-twenty-wiper-i70-i100-l20z01000a\/","og_locale":"de_DE","og_type":"article","og_title":"Messer 18 cm Ambrogio L15\/Twenty Wiper i70\/i100 L20Z01000A - Gartentechnik Scheerer","og_description":"nicht mehr lieferbar wird ersetzt durch Messer 18 cm 4-Stern-Federstahlmesser L20Z13600A_R  https:\/\/alfred-scheerer.de\/shop\/product\/messer-18-cm-ambrogio-twenty-wiper-i70-i100-l20z13600a_r\/","og_url":"https:\/\/www.alfred-scheerer.de\/shop\/product\/messer-18-cm-ambrogio-twenty-wiper-i70-i100-l20z01000a\/","og_site_name":"Gartentechnik Scheerer","article_modified_time":"2023-06-07T14:18:48+00:00","og_image":[{"width":800,"height":800,"url":"https:\/\/www.alfred-scheerer.de\/shop\/wp-content\/uploads\/2020\/04\/Messer-Twenty-18-cm.jpg","type":"image\/jpeg"}],"twitter_card":"summary_large_image","schema":{"@context":"https:\/\/schema.org","@graph":[{"@type":"WebPage","@id":"https:\/\/www.alfred-scheerer.de\/shop\/product\/messer-18-cm-ambrogio-twenty-wiper-i70-i100-l20z01000a\/","url":"https:\/\/www.alfred-scheerer.de\/shop\/product\/messer-18-cm-ambrogio-twenty-wiper-i70-i100-l20z01000a\/","name":"Messer 18 cm Ambrogio L15\/Twenty Wiper i70\/i100 L20Z01000A - Gartentechnik Scheerer","isPartOf":{"@id":"https:\/\/www.alfred-scheerer.de\/shop\/#website"},"primaryImageOfPage":{"@id":"https:\/\/www.alfred-scheerer.de\/shop\/product\/messer-18-cm-ambrogio-twenty-wiper-i70-i100-l20z01000a\/#primaryimage"},"image":{"@id":"https:\/\/www.alfred-scheerer.de\/shop\/product\/messer-18-cm-ambrogio-twenty-wiper-i70-i100-l20z01000a\/#primaryimage"},"thumbnailUrl":"https:\/\/www.alfred-scheerer.de\/shop\/wp-content\/uploads\/2020\/04\/Messer-Twenty-18-cm.jpg","datePublished":"2020-04-24T14:42:03+00:00","dateModified":"2023-06-07T14:18:48+00:00","breadcrumb":{"@id":"https:\/\/www.alfred-scheerer.de\/shop\/product\/messer-18-cm-ambrogio-twenty-wiper-i70-i100-l20z01000a\/#breadcrumb"},"inLanguage":"de","potentialAction":[{"@type":"ReadAction","target":["https:\/\/www.alfred-scheerer.de\/shop\/product\/messer-18-cm-ambrogio-twenty-wiper-i70-i100-l20z01000a\/"]}]},{"@type":"ImageObject","inLanguage":"de","@id":"https:\/\/www.alfred-scheerer.de\/shop\/product\/messer-18-cm-ambrogio-twenty-wiper-i70-i100-l20z01000a\/#primaryimage","url":"https:\/\/www.alfred-scheerer.de\/shop\/wp-content\/uploads\/2020\/04\/Messer-Twenty-18-cm.jpg","contentUrl":"https:\/\/www.alfred-scheerer.de\/shop\/wp-content\/uploads\/2020\/04\/Messer-Twenty-18-cm.jpg","width":800,"height":800,"caption":"Ambrogio M\u00e4hroboter"},{"@type":"BreadcrumbList","@id":"https:\/\/www.alfred-scheerer.de\/shop\/product\/messer-18-cm-ambrogio-twenty-wiper-i70-i100-l20z01000a\/#breadcrumb","itemListElement":[{"@type":"ListItem","position":1,"name":"Startseite","item":"https:\/\/www.alfred-scheerer.de\/shop\/"},{"@type":"ListItem","position":2,"name":"Gartentechnik Scheerer &#8211; Der Online Shop f\u00fcr M\u00e4hroboter und Zubeh\u00f6r","item":"https:\/\/www.alfred-scheerer.de\/shop\/"},{"@type":"ListItem","position":3,"name":"Messer 18 cm Ambrogio L15\/Twenty Wiper i70\/i100 L20Z01000A"}]},{"@type":"WebSite","@id":"https:\/\/www.alfred-scheerer.de\/shop\/#website","url":"https:\/\/www.alfred-scheerer.de\/shop\/","name":"Scheerer GmbH (ehem. Alfred Scheerer e.K.)","description":"Der Online Shop aus Wermelskirchen f\u00fcr M\u00e4hroboter, Akku Gartenger\u00e4te, Ersatzteile und Zubeh\u00f6r","publisher":{"@id":"https:\/\/www.alfred-scheerer.de\/shop\/#organization"},"potentialAction":[{"@type":"SearchAction","target":{"@type":"EntryPoint","urlTemplate":"https:\/\/www.alfred-scheerer.de\/shop\/?s={search_term_string}"},"query-input":{"@type":"PropertyValueSpecification","valueRequired":true,"valueName":"search_term_string"}}],"inLanguage":"de"},{"@type":"Organization","@id":"https:\/\/www.alfred-scheerer.de\/shop\/#organization","name":"Scheerer GmbH","url":"https:\/\/www.alfred-scheerer.de\/shop\/","logo":{"@type":"ImageObject","inLanguage":"de","@id":"https:\/\/www.alfred-scheerer.de\/shop\/#\/schema\/logo\/image\/","url":"https:\/\/alfred-scheerer.de\/shop\/wp-content\/uploads\/2024\/05\/baum.jpg","contentUrl":"https:\/\/alfred-scheerer.de\/shop\/wp-content\/uploads\/2024\/05\/baum.jpg","width":512,"height":512,"caption":"Scheerer GmbH"},"image":{"@id":"https:\/\/www.alfred-scheerer.de\/shop\/#\/schema\/logo\/image\/"},"sameAs":["https:\/\/www.instagram.com\/alfredscheerer\/"]}]}},"_links":{"self":[{"href":"https:\/\/www.alfred-scheerer.de\/shop\/wp-json\/wp\/v2\/product\/3500","targetHints":{"allow":["GET"]}}],"collection":[{"href":"https:\/\/www.alfred-scheerer.de\/shop\/wp-json\/wp\/v2\/product"}],"about":[{"href":"https:\/\/www.alfred-scheerer.de\/shop\/wp-json\/wp\/v2\/types\/product"}],"wp:featuredmedia":[{"embeddable":true,"href":"https:\/\/www.alfred-scheerer.de\/shop\/wp-json\/wp\/v2\/media\/3499"}],"wp:attachment":[{"href":"https:\/\/www.alfred-scheerer.de\/shop\/wp-json\/wp\/v2\/media?parent=3500"}],"wp:term":[{"taxonomy":"product_brand","embeddable":true,"href":"https:\/\/www.alfred-scheerer.de\/shop\/wp-json\/wp\/v2\/product_brand?post=3500"},{"taxonomy":"product_cat","embeddable":true,"href":"https:\/\/www.alfred-scheerer.de\/shop\/wp-json\/wp\/v2\/product_cat?post=3500"},{"taxonomy":"product_tag","embeddable":true,"href":"https:\/\/www.alfred-scheerer.de\/shop\/wp-json\/wp\/v2\/product_tag?post=3500"}],"curies":[{"name":"wp","href":"https:\/\/api.w.org\/{rel}","templated":true}]}}