{"id":3536,"date":"2020-04-27T14:08:33","date_gmt":"2020-04-27T12:08:33","guid":{"rendered":"http:\/\/alfred-scheerer.de\/shop\/?post_type=product&#038;p=3536"},"modified":"2025-05-27T16:22:39","modified_gmt":"2025-05-27T14:22:39","slug":"installations-kit-l","status":"publish","type":"product","link":"https:\/\/www.alfred-scheerer.de\/shop\/product\/installations-kit-l\/","title":{"rendered":"Installations-Kit L bis 2.000 m\u00b2, 250 m Kabel, 300 N\u00e4gel, 10 Verbinder"},"content":{"rendered":"<h2>Installations-Kit L M\u00e4hroboter \u2013 F\u00fcr gro\u00dfe und komplexe G\u00e4rten<\/h2>\n<h2><\/h2>\n<p data-start=\"511\" data-end=\"793\">Das <strong data-start=\"515\" data-end=\"549\">Installations-Kit L M\u00e4hroboter<\/strong> ist die perfekte L\u00f6sung f\u00fcr alle, die ihren M\u00e4hroboter auf gro\u00dfen Rasenfl\u00e4chen zuverl\u00e4ssig installieren m\u00f6chten. Es eignet sich ideal f\u00fcr einfache G\u00e4rten bis 2.000 m\u00b2 sowie f\u00fcr komplexe Rasenfl\u00e4chen mit vielen Ecken und Kanten bis zu 1.000 m\u00b2.<\/p>\n<p data-start=\"795\" data-end=\"860\"><strong data-start=\"795\" data-end=\"860\">Im Lieferumfang des Installations-Kit L M\u00e4hroboter enthalten:<\/strong><\/p>\n<ul>\n<li data-start=\"863\" data-end=\"887\">250 m Begrenzungskabel<\/li>\n<li data-start=\"890\" data-end=\"919\">300 St\u00fcck Befestigungsn\u00e4gel<\/li>\n<li data-start=\"922\" data-end=\"953\">10 St\u00fcck 3M 314 Gel-Verbinder<\/li>\n<\/ul>\n<p><strong>ausreichend f\u00fcr:<\/strong><br \/>\neinfache Rasenfl\u00e4chen bis 2.000 m\u00b2<br \/>\nkomplexe Rasenfl\u00e4chen bis 1.000 m\u00b2<\/p>\n","protected":false},"excerpt":{"rendered":"<p><strong>Installations-Kit L f\u00fcr M\u00e4hroboter <\/strong>\u2013 ideal f\u00fcr gro\u00dfe G\u00e4rten bis 2.000 m\u00b2. Inkl. 250 m Kabel, 300 N\u00e4gel und 10 Gel-Verbinder.<\/p>\n<p><strong>ausreichend f\u00fcr:<\/strong><br \/>\neinfache Rasenfl\u00e4chen bis 2.000 m\u00b2<br \/>\nkomplexe Rasenfl\u00e4chen bis 1.000 m\u00b2<\/p>\n","protected":false},"featured_media":11621,"template":"","meta":[],"product_brand":[],"product_cat":[308,876],"product_tag":[881,902,882,883,888,889,890,891,892,899,900,880,901],"class_list":{"0":"post-3536","1":"product","2":"type-product","3":"status-publish","4":"has-post-thumbnail","6":"product_cat-installation-kits","7":"product_cat-installations-kits","8":"product_tag-rasennagel","9":"product_tag-rasenroboter-installieren","10":"product_tag-kunststoffnagel","11":"product_tag-nagel-begrenzungskabel","12":"product_tag-begrenzungskabel","13":"product_tag-perimeterkabel","14":"product_tag-maehroboter-kabel","15":"product_tag-rasenroboter-kabel","16":"product_tag-randkabel","17":"product_tag-maehroboter-installation","18":"product_tag-rasenroboter-installation","19":"product_tag-kabel-nagel","20":"product_tag-maehroboter-installieren","22":"first","23":"instock","24":"sale","25":"taxable","26":"shipping-taxable","27":"purchasable","28":"product-type-woosb"},"yoast_head":"<!-- This site is optimized with the Yoast SEO plugin v27.4 - https:\/\/yoast.com\/product\/yoast-seo-wordpress\/ -->\n<title>Installations-Kit L M\u00e4hroboter - f\u00fcr bis zu 2.000 m\u00b2 Rasenfl\u00e4che<\/title>\n<meta name=\"description\" content=\"Installations-Kit L M\u00e4hroboter f\u00fcr Rasenfl\u00e4chen bis 2.000 m\u00b2. Mit 250 m Begrenzungskabel, 300 N\u00e4geln &amp; 3M-Verbindern \u2013 ideal f\u00fcr gro\u00dfe G\u00e4rten.\" \/>\n<meta name=\"robots\" content=\"index, follow, max-snippet:-1, max-image-preview:large, max-video-preview:-1\" \/>\n<link rel=\"canonical\" href=\"https:\/\/www.alfred-scheerer.de\/shop\/product\/installations-kit-l\/\" \/>\n<meta property=\"og:locale\" content=\"de_DE\" \/>\n<meta property=\"og:type\" content=\"article\" \/>\n<meta property=\"og:title\" content=\"Installations-Kit L M\u00e4hroboter - f\u00fcr bis zu 2.000 m\u00b2 Rasenfl\u00e4che\" \/>\n<meta property=\"og:description\" content=\"Installations-Kit L M\u00e4hroboter f\u00fcr Rasenfl\u00e4chen bis 2.000 m\u00b2. Mit 250 m Begrenzungskabel, 300 N\u00e4geln &amp; 3M-Verbindern \u2013 ideal f\u00fcr gro\u00dfe G\u00e4rten.\" \/>\n<meta property=\"og:url\" content=\"https:\/\/www.alfred-scheerer.de\/shop\/product\/installations-kit-l\/\" \/>\n<meta property=\"og:site_name\" content=\"Gartentechnik Scheerer\" \/>\n<meta property=\"article:modified_time\" content=\"2025-05-27T14:22:39+00:00\" \/>\n<meta property=\"og:image\" content=\"https:\/\/www.alfred-scheerer.de\/shop\/wp-content\/uploads\/2020\/04\/Installations_kit_kabel.jpg\" \/>\n\t<meta property=\"og:image:width\" content=\"800\" \/>\n\t<meta property=\"og:image:height\" content=\"800\" \/>\n\t<meta property=\"og:image:type\" content=\"image\/jpeg\" \/>\n<meta name=\"twitter:card\" content=\"summary_large_image\" \/>\n<script type=\"application\/ld+json\" class=\"yoast-schema-graph\">{\"@context\":\"https:\\\/\\\/schema.org\",\"@graph\":[{\"@type\":\"WebPage\",\"@id\":\"https:\\\/\\\/www.alfred-scheerer.de\\\/shop\\\/product\\\/installations-kit-l\\\/\",\"url\":\"https:\\\/\\\/www.alfred-scheerer.de\\\/shop\\\/product\\\/installations-kit-l\\\/\",\"name\":\"Installations-Kit L M\u00e4hroboter - f\u00fcr bis zu 2.000 m\u00b2 Rasenfl\u00e4che\",\"isPartOf\":{\"@id\":\"https:\\\/\\\/www.alfred-scheerer.de\\\/shop\\\/#website\"},\"primaryImageOfPage\":{\"@id\":\"https:\\\/\\\/www.alfred-scheerer.de\\\/shop\\\/product\\\/installations-kit-l\\\/#primaryimage\"},\"image\":{\"@id\":\"https:\\\/\\\/www.alfred-scheerer.de\\\/shop\\\/product\\\/installations-kit-l\\\/#primaryimage\"},\"thumbnailUrl\":\"https:\\\/\\\/www.alfred-scheerer.de\\\/shop\\\/wp-content\\\/uploads\\\/2020\\\/04\\\/Installations_kit_kabel.jpg\",\"datePublished\":\"2020-04-27T12:08:33+00:00\",\"dateModified\":\"2025-05-27T14:22:39+00:00\",\"description\":\"Installations-Kit L M\u00e4hroboter f\u00fcr Rasenfl\u00e4chen bis 2.000 m\u00b2. Mit 250 m Begrenzungskabel, 300 N\u00e4geln & 3M-Verbindern \u2013 ideal f\u00fcr gro\u00dfe G\u00e4rten.\",\"breadcrumb\":{\"@id\":\"https:\\\/\\\/www.alfred-scheerer.de\\\/shop\\\/product\\\/installations-kit-l\\\/#breadcrumb\"},\"inLanguage\":\"de\",\"potentialAction\":[{\"@type\":\"ReadAction\",\"target\":[\"https:\\\/\\\/www.alfred-scheerer.de\\\/shop\\\/product\\\/installations-kit-l\\\/\"]}]},{\"@type\":\"ImageObject\",\"inLanguage\":\"de\",\"@id\":\"https:\\\/\\\/www.alfred-scheerer.de\\\/shop\\\/product\\\/installations-kit-l\\\/#primaryimage\",\"url\":\"https:\\\/\\\/www.alfred-scheerer.de\\\/shop\\\/wp-content\\\/uploads\\\/2020\\\/04\\\/Installations_kit_kabel.jpg\",\"contentUrl\":\"https:\\\/\\\/www.alfred-scheerer.de\\\/shop\\\/wp-content\\\/uploads\\\/2020\\\/04\\\/Installations_kit_kabel.jpg\",\"width\":800,\"height\":800},{\"@type\":\"BreadcrumbList\",\"@id\":\"https:\\\/\\\/www.alfred-scheerer.de\\\/shop\\\/product\\\/installations-kit-l\\\/#breadcrumb\",\"itemListElement\":[{\"@type\":\"ListItem\",\"position\":1,\"name\":\"Startseite\",\"item\":\"https:\\\/\\\/www.alfred-scheerer.de\\\/shop\\\/\"},{\"@type\":\"ListItem\",\"position\":2,\"name\":\"Gartentechnik Scheerer &#8211; Der Online Shop f\u00fcr M\u00e4hroboter und Zubeh\u00f6r\",\"item\":\"https:\\\/\\\/www.alfred-scheerer.de\\\/shop\\\/\"},{\"@type\":\"ListItem\",\"position\":3,\"name\":\"Installations-Kit L bis 2.000 m\u00b2, 250 m Kabel, 300 N\u00e4gel, 10 Verbinder\"}]},{\"@type\":\"WebSite\",\"@id\":\"https:\\\/\\\/www.alfred-scheerer.de\\\/shop\\\/#website\",\"url\":\"https:\\\/\\\/www.alfred-scheerer.de\\\/shop\\\/\",\"name\":\"Scheerer GmbH (ehem. Alfred Scheerer e.K.)\",\"description\":\"Der Online Shop aus Wermelskirchen f\u00fcr M\u00e4hroboter, Akku Gartenger\u00e4te, Ersatzteile und Zubeh\u00f6r\",\"publisher\":{\"@id\":\"https:\\\/\\\/www.alfred-scheerer.de\\\/shop\\\/#organization\"},\"potentialAction\":[{\"@type\":\"SearchAction\",\"target\":{\"@type\":\"EntryPoint\",\"urlTemplate\":\"https:\\\/\\\/www.alfred-scheerer.de\\\/shop\\\/?s={search_term_string}\"},\"query-input\":{\"@type\":\"PropertyValueSpecification\",\"valueRequired\":true,\"valueName\":\"search_term_string\"}}],\"inLanguage\":\"de\"},{\"@type\":\"Organization\",\"@id\":\"https:\\\/\\\/www.alfred-scheerer.de\\\/shop\\\/#organization\",\"name\":\"Scheerer GmbH\",\"url\":\"https:\\\/\\\/www.alfred-scheerer.de\\\/shop\\\/\",\"logo\":{\"@type\":\"ImageObject\",\"inLanguage\":\"de\",\"@id\":\"https:\\\/\\\/www.alfred-scheerer.de\\\/shop\\\/#\\\/schema\\\/logo\\\/image\\\/\",\"url\":\"https:\\\/\\\/alfred-scheerer.de\\\/shop\\\/wp-content\\\/uploads\\\/2024\\\/05\\\/baum.jpg\",\"contentUrl\":\"https:\\\/\\\/alfred-scheerer.de\\\/shop\\\/wp-content\\\/uploads\\\/2024\\\/05\\\/baum.jpg\",\"width\":512,\"height\":512,\"caption\":\"Scheerer GmbH\"},\"image\":{\"@id\":\"https:\\\/\\\/www.alfred-scheerer.de\\\/shop\\\/#\\\/schema\\\/logo\\\/image\\\/\"},\"sameAs\":[\"https:\\\/\\\/www.instagram.com\\\/alfredscheerer\\\/\"]}]}<\/script>\n<!-- \/ Yoast SEO plugin. -->","yoast_head_json":{"title":"Installations-Kit L M\u00e4hroboter - f\u00fcr bis zu 2.000 m\u00b2 Rasenfl\u00e4che","description":"Installations-Kit L M\u00e4hroboter f\u00fcr Rasenfl\u00e4chen bis 2.000 m\u00b2. Mit 250 m Begrenzungskabel, 300 N\u00e4geln & 3M-Verbindern \u2013 ideal f\u00fcr gro\u00dfe G\u00e4rten.","robots":{"index":"index","follow":"follow","max-snippet":"max-snippet:-1","max-image-preview":"max-image-preview:large","max-video-preview":"max-video-preview:-1"},"canonical":"https:\/\/www.alfred-scheerer.de\/shop\/product\/installations-kit-l\/","og_locale":"de_DE","og_type":"article","og_title":"Installations-Kit L M\u00e4hroboter - f\u00fcr bis zu 2.000 m\u00b2 Rasenfl\u00e4che","og_description":"Installations-Kit L M\u00e4hroboter f\u00fcr Rasenfl\u00e4chen bis 2.000 m\u00b2. Mit 250 m Begrenzungskabel, 300 N\u00e4geln & 3M-Verbindern \u2013 ideal f\u00fcr gro\u00dfe G\u00e4rten.","og_url":"https:\/\/www.alfred-scheerer.de\/shop\/product\/installations-kit-l\/","og_site_name":"Gartentechnik Scheerer","article_modified_time":"2025-05-27T14:22:39+00:00","og_image":[{"width":800,"height":800,"url":"https:\/\/www.alfred-scheerer.de\/shop\/wp-content\/uploads\/2020\/04\/Installations_kit_kabel.jpg","type":"image\/jpeg"}],"twitter_card":"summary_large_image","schema":{"@context":"https:\/\/schema.org","@graph":[{"@type":"WebPage","@id":"https:\/\/www.alfred-scheerer.de\/shop\/product\/installations-kit-l\/","url":"https:\/\/www.alfred-scheerer.de\/shop\/product\/installations-kit-l\/","name":"Installations-Kit L M\u00e4hroboter - f\u00fcr bis zu 2.000 m\u00b2 Rasenfl\u00e4che","isPartOf":{"@id":"https:\/\/www.alfred-scheerer.de\/shop\/#website"},"primaryImageOfPage":{"@id":"https:\/\/www.alfred-scheerer.de\/shop\/product\/installations-kit-l\/#primaryimage"},"image":{"@id":"https:\/\/www.alfred-scheerer.de\/shop\/product\/installations-kit-l\/#primaryimage"},"thumbnailUrl":"https:\/\/www.alfred-scheerer.de\/shop\/wp-content\/uploads\/2020\/04\/Installations_kit_kabel.jpg","datePublished":"2020-04-27T12:08:33+00:00","dateModified":"2025-05-27T14:22:39+00:00","description":"Installations-Kit L M\u00e4hroboter f\u00fcr Rasenfl\u00e4chen bis 2.000 m\u00b2. Mit 250 m Begrenzungskabel, 300 N\u00e4geln & 3M-Verbindern \u2013 ideal f\u00fcr gro\u00dfe G\u00e4rten.","breadcrumb":{"@id":"https:\/\/www.alfred-scheerer.de\/shop\/product\/installations-kit-l\/#breadcrumb"},"inLanguage":"de","potentialAction":[{"@type":"ReadAction","target":["https:\/\/www.alfred-scheerer.de\/shop\/product\/installations-kit-l\/"]}]},{"@type":"ImageObject","inLanguage":"de","@id":"https:\/\/www.alfred-scheerer.de\/shop\/product\/installations-kit-l\/#primaryimage","url":"https:\/\/www.alfred-scheerer.de\/shop\/wp-content\/uploads\/2020\/04\/Installations_kit_kabel.jpg","contentUrl":"https:\/\/www.alfred-scheerer.de\/shop\/wp-content\/uploads\/2020\/04\/Installations_kit_kabel.jpg","width":800,"height":800},{"@type":"BreadcrumbList","@id":"https:\/\/www.alfred-scheerer.de\/shop\/product\/installations-kit-l\/#breadcrumb","itemListElement":[{"@type":"ListItem","position":1,"name":"Startseite","item":"https:\/\/www.alfred-scheerer.de\/shop\/"},{"@type":"ListItem","position":2,"name":"Gartentechnik Scheerer &#8211; Der Online Shop f\u00fcr M\u00e4hroboter und Zubeh\u00f6r","item":"https:\/\/www.alfred-scheerer.de\/shop\/"},{"@type":"ListItem","position":3,"name":"Installations-Kit L bis 2.000 m\u00b2, 250 m Kabel, 300 N\u00e4gel, 10 Verbinder"}]},{"@type":"WebSite","@id":"https:\/\/www.alfred-scheerer.de\/shop\/#website","url":"https:\/\/www.alfred-scheerer.de\/shop\/","name":"Scheerer GmbH (ehem. Alfred Scheerer e.K.)","description":"Der Online Shop aus Wermelskirchen f\u00fcr M\u00e4hroboter, Akku Gartenger\u00e4te, Ersatzteile und Zubeh\u00f6r","publisher":{"@id":"https:\/\/www.alfred-scheerer.de\/shop\/#organization"},"potentialAction":[{"@type":"SearchAction","target":{"@type":"EntryPoint","urlTemplate":"https:\/\/www.alfred-scheerer.de\/shop\/?s={search_term_string}"},"query-input":{"@type":"PropertyValueSpecification","valueRequired":true,"valueName":"search_term_string"}}],"inLanguage":"de"},{"@type":"Organization","@id":"https:\/\/www.alfred-scheerer.de\/shop\/#organization","name":"Scheerer GmbH","url":"https:\/\/www.alfred-scheerer.de\/shop\/","logo":{"@type":"ImageObject","inLanguage":"de","@id":"https:\/\/www.alfred-scheerer.de\/shop\/#\/schema\/logo\/image\/","url":"https:\/\/alfred-scheerer.de\/shop\/wp-content\/uploads\/2024\/05\/baum.jpg","contentUrl":"https:\/\/alfred-scheerer.de\/shop\/wp-content\/uploads\/2024\/05\/baum.jpg","width":512,"height":512,"caption":"Scheerer GmbH"},"image":{"@id":"https:\/\/www.alfred-scheerer.de\/shop\/#\/schema\/logo\/image\/"},"sameAs":["https:\/\/www.instagram.com\/alfredscheerer\/"]}]}},"_links":{"self":[{"href":"https:\/\/www.alfred-scheerer.de\/shop\/wp-json\/wp\/v2\/product\/3536","targetHints":{"allow":["GET"]}}],"collection":[{"href":"https:\/\/www.alfred-scheerer.de\/shop\/wp-json\/wp\/v2\/product"}],"about":[{"href":"https:\/\/www.alfred-scheerer.de\/shop\/wp-json\/wp\/v2\/types\/product"}],"wp:featuredmedia":[{"embeddable":true,"href":"https:\/\/www.alfred-scheerer.de\/shop\/wp-json\/wp\/v2\/media\/11621"}],"wp:attachment":[{"href":"https:\/\/www.alfred-scheerer.de\/shop\/wp-json\/wp\/v2\/media?parent=3536"}],"wp:term":[{"taxonomy":"product_brand","embeddable":true,"href":"https:\/\/www.alfred-scheerer.de\/shop\/wp-json\/wp\/v2\/product_brand?post=3536"},{"taxonomy":"product_cat","embeddable":true,"href":"https:\/\/www.alfred-scheerer.de\/shop\/wp-json\/wp\/v2\/product_cat?post=3536"},{"taxonomy":"product_tag","embeddable":true,"href":"https:\/\/www.alfred-scheerer.de\/shop\/wp-json\/wp\/v2\/product_tag?post=3536"}],"curies":[{"name":"wp","href":"https:\/\/api.w.org\/{rel}","templated":true}]}}