{"id":3629,"date":"2020-05-10T15:01:07","date_gmt":"2020-05-10T13:01:07","guid":{"rendered":"http:\/\/alfred-scheerer.de\/shop\/?post_type=product&#038;p=3629"},"modified":"2026-03-22T18:46:26","modified_gmt":"2026-03-22T17:46:26","slug":"gummirad-profilrad-reifen-kit-ambrogio-wiper-200z01200a-051z52700a-stiga-1126-9168-01","status":"publish","type":"product","link":"https:\/\/www.alfred-scheerer.de\/shop\/product\/gummirad-profilrad-reifen-kit-ambrogio-wiper-200z01200a-051z52700a-stiga-1126-9168-01\/","title":{"rendered":"Gummirad Profilrad Reifen 220 mm Satz 2 St\u00fcck Ambrogio Stiga Wiper 200Z01200A 051Z52700A 1126-9168-01"},"content":{"rendered":"<p>Die bew\u00e4hrten Ambrogio Flex-Gummir\u00e4der\/Reifen\/Profilrad vom L35 zur Verbesserung der Traktion bei schwierigem Gel\u00e4nde.<br \/>\nKein wegrutschen mehr auf M\u00e4hkanten in Steigungen. Leiseres Abrollger\u00e4usch, bessere Traktion.<\/p>\n<p>Die Gummir\u00e4der werden einfach gegen die vorhandenen Hartplastik-R\u00e4der (200Z01200A\/1126-9168-01) ausgetauscht.<br \/>\nFalls vorhanden muss der Radabstreifer etwas eingek\u00fcrzt werden.<br \/>\nBefestigungsschraube vom Rad mit fl\u00fcssiger Schraubensicherung &#8220;mittelfest&#8221; gegen l\u00f6sen sichern.<\/p>\n<p>Eine noch bessere Traktion erreichen die R\u00e4der mit unseren <strong><u><a href=\"https:\/\/alfred-scheerer.de\/shop\/product\/radkrallen-radstern-steighilfe-ambrogio-l32-l35-flexgummirad-stiga-tech-line-wiper-051z50900a\/\">Radkrallen<\/a><\/u><\/strong><\/p>\n<p>Lieferumfang:<br \/>\n2 St\u00fcck R\u00e4der 051Z52700A (Durchmesser 220 mm)<\/p>\n<p>Rad\/Reifen passend f\u00fcr:<br \/>\nAmbrogio: L30, L32, L35, L200, L210<br \/>\nStiga Autoclip: 221,223, 225S, 230, 522, 524S, M3, M5, M7<br \/>\nWiper: Ciiky, C6, C8, C12, C20, Runner<br \/>\nTechline: Tech D, B, Z2, Z3<\/p>\n<p>Nicht passend f\u00fcr:<br \/>\nAmbrogio: L200R<\/p>\n<p>Referenznummer:<br \/>\nAmbrogio, Tech Line, Wiper, ZCS: 200Z01200A, 051Z52700A<br \/>\nStiga: 1126-9168-01<\/p>\n","protected":false},"excerpt":{"rendered":"<p>Die bew\u00e4hrten Ambrogio Flex-Gummir\u00e4der\/Reifen\/Profilrad vom L35 zur Verbesserung der Traktion bei schwierigem Gel\u00e4nde.<br \/>\nKein wegrutschen mehr auf M\u00e4hkanten in Steigungen. Leiseres Abrollger\u00e4usch, bessere Traktion.<\/p>\n<p>Die Gummir\u00e4der werden einfach gegen die vorhandenen Hartplastik-R\u00e4der (200Z01200A\/1126-9168-01) ausgetauscht.<br \/>\nFalls vorhanden muss der Radabstreifer etwas eingek\u00fcrzt werden.<br \/>\nBefestigungsschraube vom Rad mit fl\u00fcssiger Schraubensicherung &#8220;mittelfest&#8221; gegen l\u00f6sen sichern.<\/p>\n<p>Eine noch bessere Traktion erreichen die R\u00e4der mit unseren <strong><u><a href=\"https:\/\/alfred-scheerer.de\/shop\/product\/radkrallen-radstern-steighilfe-ambrogio-l32-l35-flexgummirad-stiga-tech-line-wiper-051z50900a\/\">Radkrallen<\/a><\/u><\/strong><\/p>\n<p>Lieferumfang:<br \/>\n2 St\u00fcck R\u00e4der 051Z52700A (Durchmesser 220 mm)<\/p>\n<p>Rad\/Reifen passend f\u00fcr:<br \/>\nAmbrogio: L30, L32, L35, L200, L210<br \/>\nStiga Autoclip: 221,223, 225S, 230, 522, 524S, M3, M5, M7<br \/>\nWiper: Ciiky, C6, C8, C12, C20, Runner<br \/>\nTechline: Tech D, B, Z2, Z3<\/p>\n<p>Nicht passend f\u00fcr:<br \/>\nAmbrogio: L200R<\/p>\n<p>Referenznummer:<br \/>\nAmbrogio, Tech Line, Wiper, ZCS: 200Z01200A, 051Z52700A<br \/>\nStiga: 1126-9168-01<\/p>\n","protected":false},"featured_media":3630,"template":"","meta":[],"product_brand":[1756],"product_cat":[99,108,179,306,312,96],"product_tag":[535,546,536,547,537,911,538,912,539,913,540,417,541,422,542,423,543,53,424,544,425,545],"class_list":{"0":"post-3629","1":"product","2":"type-product","3":"status-publish","4":"has-post-thumbnail","6":"product_brand-ambrogio","7":"product_cat-l200-l210","8":"product_cat-stiga-ersatzteile-zubehoer","9":"product_cat-l35","10":"product_cat-l32","11":"product_cat-wiper-ersatzteile-zubehoer","12":"product_cat-ambrogio-l30-ersatzteile-zubehoer","13":"product_tag-stiga-reifen","14":"product_tag-gummiraeder","15":"product_tag-stiga-raeder","16":"product_tag-gummireifen","17":"product_tag-stiga-rad","18":"product_tag-rad-l30","19":"product_tag-wiper-rad","20":"product_tag-rad-l200","21":"product_tag-wiper-raeder","22":"product_tag-rad-l210","23":"product_tag-wiper-reifen","24":"product_tag-wiper","25":"product_tag-techline-reifen","26":"product_tag-stiga","27":"product_tag-techline-raeder","28":"product_tag-rad","29":"product_tag-ambrogio-raeder","30":"product_tag-ambrogio","31":"product_tag-raeder","32":"product_tag-ambrogio-rad","33":"product_tag-reifen","34":"product_tag-ambrogio-reifen","35":"product_shipping_class-bis-10-kg-u-bezug","37":"first","38":"instock","39":"taxable","40":"shipping-taxable","41":"purchasable","42":"product-type-simple"},"yoast_head":"<!-- This site is optimized with the Yoast SEO plugin v27.5 - https:\/\/yoast.com\/product\/yoast-seo-wordpress\/ -->\n<title>Gummirad Profilrad Reifen 220 mm Satz 2 St\u00fcck Ambrogio Stiga Wiper 200Z01200A 051Z52700A 1126-9168-01 - Gartentechnik Scheerer<\/title>\n<meta name=\"robots\" content=\"index, follow, max-snippet:-1, max-image-preview:large, max-video-preview:-1\" \/>\n<link rel=\"canonical\" href=\"https:\/\/www.alfred-scheerer.de\/shop\/product\/gummirad-profilrad-reifen-kit-ambrogio-wiper-200z01200a-051z52700a-stiga-1126-9168-01\/\" \/>\n<meta property=\"og:locale\" content=\"de_DE\" \/>\n<meta property=\"og:type\" content=\"article\" \/>\n<meta property=\"og:title\" content=\"Gummirad Profilrad Reifen 220 mm Satz 2 St\u00fcck Ambrogio Stiga Wiper 200Z01200A 051Z52700A 1126-9168-01 - Gartentechnik Scheerer\" \/>\n<meta property=\"og:description\" content=\"Die bew\u00e4hrten Ambrogio Flex-Gummir\u00e4der\/Reifen\/Profilrad vom L35 zur Verbesserung der Traktion bei schwierigem Gel\u00e4nde. Kein wegrutschen mehr auf M\u00e4hkanten in Steigungen. Leiseres Abrollger\u00e4usch, bessere Traktion.  Die Gummir\u00e4der werden einfach gegen die vorhandenen Hartplastik-R\u00e4der (200Z01200A\/1126-9168-01) ausgetauscht. Falls vorhanden muss der Radabstreifer etwas eingek\u00fcrzt werden. Befestigungsschraube vom Rad mit fl\u00fcssiger Schraubensicherung &quot;mittelfest&quot; gegen l\u00f6sen sichern.  Eine noch bessere Traktion erreichen die R\u00e4der mit unseren Radkrallen  Lieferumfang: 2 St\u00fcck R\u00e4der 051Z52700A (Durchmesser 220 mm)  Rad\/Reifen passend f\u00fcr: Ambrogio: L30, L32, L35, L200, L210 Stiga Autoclip: 221,223, 225S, 230, 522, 524S, M3, M5, M7 Wiper: Ciiky, C6, C8, C12, C20, Runner Techline: Tech D, B, Z2, Z3  Nicht passend f\u00fcr: Ambrogio: L200R  Referenznummer: Ambrogio, Tech Line, Wiper, ZCS: 200Z01200A, 051Z52700A Stiga: 1126-9168-01\" \/>\n<meta property=\"og:url\" content=\"https:\/\/www.alfred-scheerer.de\/shop\/product\/gummirad-profilrad-reifen-kit-ambrogio-wiper-200z01200a-051z52700a-stiga-1126-9168-01\/\" \/>\n<meta property=\"og:site_name\" content=\"Gartentechnik Scheerer\" \/>\n<meta property=\"article:modified_time\" content=\"2026-03-22T17:46:26+00:00\" \/>\n<meta property=\"og:image\" content=\"https:\/\/www.alfred-scheerer.de\/shop\/wp-content\/uploads\/2020\/05\/Reifen-L30-L210.jpg\" \/>\n\t<meta property=\"og:image:width\" content=\"800\" \/>\n\t<meta property=\"og:image:height\" content=\"800\" \/>\n\t<meta property=\"og:image:type\" content=\"image\/jpeg\" \/>\n<meta name=\"twitter:card\" content=\"summary_large_image\" \/>\n<meta name=\"twitter:label1\" content=\"Gesch\u00e4tzte Lesezeit\" \/>\n\t<meta name=\"twitter:data1\" content=\"1\u00a0Minute\" \/>\n<script type=\"application\/ld+json\" class=\"yoast-schema-graph\">{\"@context\":\"https:\\\/\\\/schema.org\",\"@graph\":[{\"@type\":\"WebPage\",\"@id\":\"https:\\\/\\\/www.alfred-scheerer.de\\\/shop\\\/product\\\/gummirad-profilrad-reifen-kit-ambrogio-wiper-200z01200a-051z52700a-stiga-1126-9168-01\\\/\",\"url\":\"https:\\\/\\\/www.alfred-scheerer.de\\\/shop\\\/product\\\/gummirad-profilrad-reifen-kit-ambrogio-wiper-200z01200a-051z52700a-stiga-1126-9168-01\\\/\",\"name\":\"Gummirad Profilrad Reifen 220 mm Satz 2 St\u00fcck Ambrogio Stiga Wiper 200Z01200A 051Z52700A 1126-9168-01 - Gartentechnik Scheerer\",\"isPartOf\":{\"@id\":\"https:\\\/\\\/www.alfred-scheerer.de\\\/shop\\\/#website\"},\"primaryImageOfPage\":{\"@id\":\"https:\\\/\\\/www.alfred-scheerer.de\\\/shop\\\/product\\\/gummirad-profilrad-reifen-kit-ambrogio-wiper-200z01200a-051z52700a-stiga-1126-9168-01\\\/#primaryimage\"},\"image\":{\"@id\":\"https:\\\/\\\/www.alfred-scheerer.de\\\/shop\\\/product\\\/gummirad-profilrad-reifen-kit-ambrogio-wiper-200z01200a-051z52700a-stiga-1126-9168-01\\\/#primaryimage\"},\"thumbnailUrl\":\"https:\\\/\\\/www.alfred-scheerer.de\\\/shop\\\/wp-content\\\/uploads\\\/2020\\\/05\\\/Reifen-L30-L210.jpg\",\"datePublished\":\"2020-05-10T13:01:07+00:00\",\"dateModified\":\"2026-03-22T17:46:26+00:00\",\"breadcrumb\":{\"@id\":\"https:\\\/\\\/www.alfred-scheerer.de\\\/shop\\\/product\\\/gummirad-profilrad-reifen-kit-ambrogio-wiper-200z01200a-051z52700a-stiga-1126-9168-01\\\/#breadcrumb\"},\"inLanguage\":\"de\",\"potentialAction\":[{\"@type\":\"ReadAction\",\"target\":[\"https:\\\/\\\/www.alfred-scheerer.de\\\/shop\\\/product\\\/gummirad-profilrad-reifen-kit-ambrogio-wiper-200z01200a-051z52700a-stiga-1126-9168-01\\\/\"]}]},{\"@type\":\"ImageObject\",\"inLanguage\":\"de\",\"@id\":\"https:\\\/\\\/www.alfred-scheerer.de\\\/shop\\\/product\\\/gummirad-profilrad-reifen-kit-ambrogio-wiper-200z01200a-051z52700a-stiga-1126-9168-01\\\/#primaryimage\",\"url\":\"https:\\\/\\\/www.alfred-scheerer.de\\\/shop\\\/wp-content\\\/uploads\\\/2020\\\/05\\\/Reifen-L30-L210.jpg\",\"contentUrl\":\"https:\\\/\\\/www.alfred-scheerer.de\\\/shop\\\/wp-content\\\/uploads\\\/2020\\\/05\\\/Reifen-L30-L210.jpg\",\"width\":800,\"height\":800,\"caption\":\"Ambrogio Flex-Gummirad Profilrad M\u00e4hroboter Rasenroboter\"},{\"@type\":\"BreadcrumbList\",\"@id\":\"https:\\\/\\\/www.alfred-scheerer.de\\\/shop\\\/product\\\/gummirad-profilrad-reifen-kit-ambrogio-wiper-200z01200a-051z52700a-stiga-1126-9168-01\\\/#breadcrumb\",\"itemListElement\":[{\"@type\":\"ListItem\",\"position\":1,\"name\":\"Startseite\",\"item\":\"https:\\\/\\\/www.alfred-scheerer.de\\\/shop\\\/\"},{\"@type\":\"ListItem\",\"position\":2,\"name\":\"Gartentechnik Scheerer &#8211; Der Online Shop f\u00fcr M\u00e4hroboter und Zubeh\u00f6r\",\"item\":\"https:\\\/\\\/www.alfred-scheerer.de\\\/shop\\\/\"},{\"@type\":\"ListItem\",\"position\":3,\"name\":\"Gummirad Profilrad Reifen 220 mm Satz 2 St\u00fcck Ambrogio Stiga Wiper 200Z01200A 051Z52700A 1126-9168-01\"}]},{\"@type\":\"WebSite\",\"@id\":\"https:\\\/\\\/www.alfred-scheerer.de\\\/shop\\\/#website\",\"url\":\"https:\\\/\\\/www.alfred-scheerer.de\\\/shop\\\/\",\"name\":\"Scheerer GmbH (ehem. Alfred Scheerer e.K.)\",\"description\":\"Der Online Shop aus Wermelskirchen f\u00fcr M\u00e4hroboter, Akku Gartenger\u00e4te, Ersatzteile und Zubeh\u00f6r\",\"publisher\":{\"@id\":\"https:\\\/\\\/www.alfred-scheerer.de\\\/shop\\\/#organization\"},\"potentialAction\":[{\"@type\":\"SearchAction\",\"target\":{\"@type\":\"EntryPoint\",\"urlTemplate\":\"https:\\\/\\\/www.alfred-scheerer.de\\\/shop\\\/?s={search_term_string}\"},\"query-input\":{\"@type\":\"PropertyValueSpecification\",\"valueRequired\":true,\"valueName\":\"search_term_string\"}}],\"inLanguage\":\"de\"},{\"@type\":\"Organization\",\"@id\":\"https:\\\/\\\/www.alfred-scheerer.de\\\/shop\\\/#organization\",\"name\":\"Scheerer GmbH\",\"url\":\"https:\\\/\\\/www.alfred-scheerer.de\\\/shop\\\/\",\"logo\":{\"@type\":\"ImageObject\",\"inLanguage\":\"de\",\"@id\":\"https:\\\/\\\/www.alfred-scheerer.de\\\/shop\\\/#\\\/schema\\\/logo\\\/image\\\/\",\"url\":\"https:\\\/\\\/alfred-scheerer.de\\\/shop\\\/wp-content\\\/uploads\\\/2024\\\/05\\\/baum.jpg\",\"contentUrl\":\"https:\\\/\\\/alfred-scheerer.de\\\/shop\\\/wp-content\\\/uploads\\\/2024\\\/05\\\/baum.jpg\",\"width\":512,\"height\":512,\"caption\":\"Scheerer GmbH\"},\"image\":{\"@id\":\"https:\\\/\\\/www.alfred-scheerer.de\\\/shop\\\/#\\\/schema\\\/logo\\\/image\\\/\"},\"sameAs\":[\"https:\\\/\\\/www.instagram.com\\\/alfredscheerer\\\/\"]}]}<\/script>\n<!-- \/ Yoast SEO plugin. -->","yoast_head_json":{"title":"Gummirad Profilrad Reifen 220 mm Satz 2 St\u00fcck Ambrogio Stiga Wiper 200Z01200A 051Z52700A 1126-9168-01 - Gartentechnik Scheerer","robots":{"index":"index","follow":"follow","max-snippet":"max-snippet:-1","max-image-preview":"max-image-preview:large","max-video-preview":"max-video-preview:-1"},"canonical":"https:\/\/www.alfred-scheerer.de\/shop\/product\/gummirad-profilrad-reifen-kit-ambrogio-wiper-200z01200a-051z52700a-stiga-1126-9168-01\/","og_locale":"de_DE","og_type":"article","og_title":"Gummirad Profilrad Reifen 220 mm Satz 2 St\u00fcck Ambrogio Stiga Wiper 200Z01200A 051Z52700A 1126-9168-01 - Gartentechnik Scheerer","og_description":"Die bew\u00e4hrten Ambrogio Flex-Gummir\u00e4der\/Reifen\/Profilrad vom L35 zur Verbesserung der Traktion bei schwierigem Gel\u00e4nde. Kein wegrutschen mehr auf M\u00e4hkanten in Steigungen. Leiseres Abrollger\u00e4usch, bessere Traktion.  Die Gummir\u00e4der werden einfach gegen die vorhandenen Hartplastik-R\u00e4der (200Z01200A\/1126-9168-01) ausgetauscht. Falls vorhanden muss der Radabstreifer etwas eingek\u00fcrzt werden. Befestigungsschraube vom Rad mit fl\u00fcssiger Schraubensicherung \"mittelfest\" gegen l\u00f6sen sichern.  Eine noch bessere Traktion erreichen die R\u00e4der mit unseren Radkrallen  Lieferumfang: 2 St\u00fcck R\u00e4der 051Z52700A (Durchmesser 220 mm)  Rad\/Reifen passend f\u00fcr: Ambrogio: L30, L32, L35, L200, L210 Stiga Autoclip: 221,223, 225S, 230, 522, 524S, M3, M5, M7 Wiper: Ciiky, C6, C8, C12, C20, Runner Techline: Tech D, B, Z2, Z3  Nicht passend f\u00fcr: Ambrogio: L200R  Referenznummer: Ambrogio, Tech Line, Wiper, ZCS: 200Z01200A, 051Z52700A Stiga: 1126-9168-01","og_url":"https:\/\/www.alfred-scheerer.de\/shop\/product\/gummirad-profilrad-reifen-kit-ambrogio-wiper-200z01200a-051z52700a-stiga-1126-9168-01\/","og_site_name":"Gartentechnik Scheerer","article_modified_time":"2026-03-22T17:46:26+00:00","og_image":[{"width":800,"height":800,"url":"https:\/\/www.alfred-scheerer.de\/shop\/wp-content\/uploads\/2020\/05\/Reifen-L30-L210.jpg","type":"image\/jpeg"}],"twitter_card":"summary_large_image","twitter_misc":{"Gesch\u00e4tzte Lesezeit":"1\u00a0Minute"},"schema":{"@context":"https:\/\/schema.org","@graph":[{"@type":"WebPage","@id":"https:\/\/www.alfred-scheerer.de\/shop\/product\/gummirad-profilrad-reifen-kit-ambrogio-wiper-200z01200a-051z52700a-stiga-1126-9168-01\/","url":"https:\/\/www.alfred-scheerer.de\/shop\/product\/gummirad-profilrad-reifen-kit-ambrogio-wiper-200z01200a-051z52700a-stiga-1126-9168-01\/","name":"Gummirad Profilrad Reifen 220 mm Satz 2 St\u00fcck Ambrogio Stiga Wiper 200Z01200A 051Z52700A 1126-9168-01 - Gartentechnik Scheerer","isPartOf":{"@id":"https:\/\/www.alfred-scheerer.de\/shop\/#website"},"primaryImageOfPage":{"@id":"https:\/\/www.alfred-scheerer.de\/shop\/product\/gummirad-profilrad-reifen-kit-ambrogio-wiper-200z01200a-051z52700a-stiga-1126-9168-01\/#primaryimage"},"image":{"@id":"https:\/\/www.alfred-scheerer.de\/shop\/product\/gummirad-profilrad-reifen-kit-ambrogio-wiper-200z01200a-051z52700a-stiga-1126-9168-01\/#primaryimage"},"thumbnailUrl":"https:\/\/www.alfred-scheerer.de\/shop\/wp-content\/uploads\/2020\/05\/Reifen-L30-L210.jpg","datePublished":"2020-05-10T13:01:07+00:00","dateModified":"2026-03-22T17:46:26+00:00","breadcrumb":{"@id":"https:\/\/www.alfred-scheerer.de\/shop\/product\/gummirad-profilrad-reifen-kit-ambrogio-wiper-200z01200a-051z52700a-stiga-1126-9168-01\/#breadcrumb"},"inLanguage":"de","potentialAction":[{"@type":"ReadAction","target":["https:\/\/www.alfred-scheerer.de\/shop\/product\/gummirad-profilrad-reifen-kit-ambrogio-wiper-200z01200a-051z52700a-stiga-1126-9168-01\/"]}]},{"@type":"ImageObject","inLanguage":"de","@id":"https:\/\/www.alfred-scheerer.de\/shop\/product\/gummirad-profilrad-reifen-kit-ambrogio-wiper-200z01200a-051z52700a-stiga-1126-9168-01\/#primaryimage","url":"https:\/\/www.alfred-scheerer.de\/shop\/wp-content\/uploads\/2020\/05\/Reifen-L30-L210.jpg","contentUrl":"https:\/\/www.alfred-scheerer.de\/shop\/wp-content\/uploads\/2020\/05\/Reifen-L30-L210.jpg","width":800,"height":800,"caption":"Ambrogio Flex-Gummirad Profilrad M\u00e4hroboter Rasenroboter"},{"@type":"BreadcrumbList","@id":"https:\/\/www.alfred-scheerer.de\/shop\/product\/gummirad-profilrad-reifen-kit-ambrogio-wiper-200z01200a-051z52700a-stiga-1126-9168-01\/#breadcrumb","itemListElement":[{"@type":"ListItem","position":1,"name":"Startseite","item":"https:\/\/www.alfred-scheerer.de\/shop\/"},{"@type":"ListItem","position":2,"name":"Gartentechnik Scheerer &#8211; Der Online Shop f\u00fcr M\u00e4hroboter und Zubeh\u00f6r","item":"https:\/\/www.alfred-scheerer.de\/shop\/"},{"@type":"ListItem","position":3,"name":"Gummirad Profilrad Reifen 220 mm Satz 2 St\u00fcck Ambrogio Stiga Wiper 200Z01200A 051Z52700A 1126-9168-01"}]},{"@type":"WebSite","@id":"https:\/\/www.alfred-scheerer.de\/shop\/#website","url":"https:\/\/www.alfred-scheerer.de\/shop\/","name":"Scheerer GmbH (ehem. Alfred Scheerer e.K.)","description":"Der Online Shop aus Wermelskirchen f\u00fcr M\u00e4hroboter, Akku Gartenger\u00e4te, Ersatzteile und Zubeh\u00f6r","publisher":{"@id":"https:\/\/www.alfred-scheerer.de\/shop\/#organization"},"potentialAction":[{"@type":"SearchAction","target":{"@type":"EntryPoint","urlTemplate":"https:\/\/www.alfred-scheerer.de\/shop\/?s={search_term_string}"},"query-input":{"@type":"PropertyValueSpecification","valueRequired":true,"valueName":"search_term_string"}}],"inLanguage":"de"},{"@type":"Organization","@id":"https:\/\/www.alfred-scheerer.de\/shop\/#organization","name":"Scheerer GmbH","url":"https:\/\/www.alfred-scheerer.de\/shop\/","logo":{"@type":"ImageObject","inLanguage":"de","@id":"https:\/\/www.alfred-scheerer.de\/shop\/#\/schema\/logo\/image\/","url":"https:\/\/alfred-scheerer.de\/shop\/wp-content\/uploads\/2024\/05\/baum.jpg","contentUrl":"https:\/\/alfred-scheerer.de\/shop\/wp-content\/uploads\/2024\/05\/baum.jpg","width":512,"height":512,"caption":"Scheerer GmbH"},"image":{"@id":"https:\/\/www.alfred-scheerer.de\/shop\/#\/schema\/logo\/image\/"},"sameAs":["https:\/\/www.instagram.com\/alfredscheerer\/"]}]}},"_links":{"self":[{"href":"https:\/\/www.alfred-scheerer.de\/shop\/wp-json\/wp\/v2\/product\/3629","targetHints":{"allow":["GET"]}}],"collection":[{"href":"https:\/\/www.alfred-scheerer.de\/shop\/wp-json\/wp\/v2\/product"}],"about":[{"href":"https:\/\/www.alfred-scheerer.de\/shop\/wp-json\/wp\/v2\/types\/product"}],"wp:featuredmedia":[{"embeddable":true,"href":"https:\/\/www.alfred-scheerer.de\/shop\/wp-json\/wp\/v2\/media\/3630"}],"wp:attachment":[{"href":"https:\/\/www.alfred-scheerer.de\/shop\/wp-json\/wp\/v2\/media?parent=3629"}],"wp:term":[{"taxonomy":"product_brand","embeddable":true,"href":"https:\/\/www.alfred-scheerer.de\/shop\/wp-json\/wp\/v2\/product_brand?post=3629"},{"taxonomy":"product_cat","embeddable":true,"href":"https:\/\/www.alfred-scheerer.de\/shop\/wp-json\/wp\/v2\/product_cat?post=3629"},{"taxonomy":"product_tag","embeddable":true,"href":"https:\/\/www.alfred-scheerer.de\/shop\/wp-json\/wp\/v2\/product_tag?post=3629"}],"curies":[{"name":"wp","href":"https:\/\/api.w.org\/{rel}","templated":true}]}}