{"id":3635,"date":"2020-05-10T20:38:31","date_gmt":"2020-05-10T18:38:31","guid":{"rendered":"http:\/\/alfred-scheerer.de\/shop\/?post_type=product&#038;p=3635"},"modified":"2026-03-15T17:50:23","modified_gmt":"2026-03-15T16:50:23","slug":"radmotor-antriebsmotor-015z13600a","status":"publish","type":"product","link":"https:\/\/www.alfred-scheerer.de\/shop\/product\/radmotor-antriebsmotor-015z13600a\/","title":{"rendered":"Radmotor Ambrogio L15 Twenty, Wiper i, Techline D1 X2 015Z13600A C02277"},"content":{"rendered":"<p>Original Ambrogio ZCS Antriebsmotor\/Radmotor 015Z13600A<\/p>\n<p>passend f\u00fcr:<br \/>\nAmbrogio: L15, Twenty<br \/>\nWiper: i70, i100S, i130S<br \/>\nTechline: D1, D X2, L X2, S X2<\/p>\n<p>Referenznummer:<br \/>\nAmbrogio\/ Wiper\/ ZCS: 015Z13600A, C02277<\/p>\n","protected":false},"excerpt":{"rendered":"<p>Original Ambrogio ZCS Antriebsmotor Radmotor 015Z13600A<\/p>\n<p>passend f\u00fcr:<br \/>\nAmbrogio: L15, Twenty<br \/>\nWiper: i70, i100S, i130S<br \/>\nTechline: D1, D X2, L X2, S X2<\/p>\n<p>Referenznummer:<br \/>\nAmbrogio\/ Wiper\/ ZCS: 015Z13600A<\/p>\n","protected":false},"featured_media":3636,"template":"","meta":[],"product_brand":[1756],"product_cat":[1431,175,304,312],"product_tag":[1076,1077,1078,1079,1080,1120,1121,1122,1123,1074,1352,1075],"class_list":{"0":"post-3635","1":"product","2":"type-product","3":"status-publish","4":"has-post-thumbnail","6":"product_brand-ambrogio","7":"product_cat-twenty-zr","8":"product_cat-l15","9":"product_cat-l20-twenty","10":"product_cat-wiper-ersatzteile-zubehoer","11":"product_tag-radmotor-twenty","12":"product_tag-antriebsmotor-twenty","13":"product_tag-radmotor-ambrogio","14":"product_tag-antriebsmotor-ambrogio","15":"product_tag-015z13600a","16":"product_tag-radmotor-wiper","17":"product_tag-radmotor-techline","18":"product_tag-antriebsmotor-wiper","19":"product_tag-antriebsmotor-techline","20":"product_tag-radmotor-l15","21":"product_tag-c02277","22":"product_tag-antriebsmotor-l15","24":"first","25":"instock","26":"taxable","27":"shipping-taxable","28":"purchasable","29":"product-type-simple"},"yoast_head":"<!-- This site is optimized with the Yoast SEO plugin v27.4 - https:\/\/yoast.com\/product\/yoast-seo-wordpress\/ -->\n<title>Radmotor Ambrogio L15 Twenty, Wiper i, Techline D1 X2 015Z13600A C02277 - Gartentechnik Scheerer<\/title>\n<meta name=\"robots\" content=\"index, follow, max-snippet:-1, max-image-preview:large, max-video-preview:-1\" \/>\n<link rel=\"canonical\" href=\"https:\/\/www.alfred-scheerer.de\/shop\/product\/radmotor-antriebsmotor-015z13600a\/\" \/>\n<meta property=\"og:locale\" content=\"de_DE\" \/>\n<meta property=\"og:type\" content=\"article\" \/>\n<meta property=\"og:title\" content=\"Radmotor Ambrogio L15 Twenty, Wiper i, Techline D1 X2 015Z13600A C02277 - Gartentechnik Scheerer\" \/>\n<meta property=\"og:description\" content=\"Original Ambrogio ZCS Antriebsmotor Radmotor 015Z13600A  passend f\u00fcr: Ambrogio: L15, Twenty Wiper: i70, i100S, i130S Techline: D1, D X2, L X2, S X2  Referenznummer: Ambrogio\/ Wiper\/ ZCS: 015Z13600A\" \/>\n<meta property=\"og:url\" content=\"https:\/\/www.alfred-scheerer.de\/shop\/product\/radmotor-antriebsmotor-015z13600a\/\" \/>\n<meta property=\"og:site_name\" content=\"Gartentechnik Scheerer\" \/>\n<meta property=\"article:modified_time\" content=\"2026-03-15T16:50:23+00:00\" \/>\n<meta property=\"og:image\" content=\"https:\/\/www.alfred-scheerer.de\/shop\/wp-content\/uploads\/2020\/05\/Radmotor-L15-Twenty-015Z13600A.jpg\" \/>\n\t<meta property=\"og:image:width\" content=\"800\" \/>\n\t<meta property=\"og:image:height\" content=\"800\" \/>\n\t<meta property=\"og:image:type\" content=\"image\/jpeg\" \/>\n<meta name=\"twitter:card\" content=\"summary_large_image\" \/>\n<script type=\"application\/ld+json\" class=\"yoast-schema-graph\">{\"@context\":\"https:\\\/\\\/schema.org\",\"@graph\":[{\"@type\":\"WebPage\",\"@id\":\"https:\\\/\\\/www.alfred-scheerer.de\\\/shop\\\/product\\\/radmotor-antriebsmotor-015z13600a\\\/\",\"url\":\"https:\\\/\\\/www.alfred-scheerer.de\\\/shop\\\/product\\\/radmotor-antriebsmotor-015z13600a\\\/\",\"name\":\"Radmotor Ambrogio L15 Twenty, Wiper i, Techline D1 X2 015Z13600A C02277 - Gartentechnik Scheerer\",\"isPartOf\":{\"@id\":\"https:\\\/\\\/www.alfred-scheerer.de\\\/shop\\\/#website\"},\"primaryImageOfPage\":{\"@id\":\"https:\\\/\\\/www.alfred-scheerer.de\\\/shop\\\/product\\\/radmotor-antriebsmotor-015z13600a\\\/#primaryimage\"},\"image\":{\"@id\":\"https:\\\/\\\/www.alfred-scheerer.de\\\/shop\\\/product\\\/radmotor-antriebsmotor-015z13600a\\\/#primaryimage\"},\"thumbnailUrl\":\"https:\\\/\\\/www.alfred-scheerer.de\\\/shop\\\/wp-content\\\/uploads\\\/2020\\\/05\\\/Radmotor-L15-Twenty-015Z13600A.jpg\",\"datePublished\":\"2020-05-10T18:38:31+00:00\",\"dateModified\":\"2026-03-15T16:50:23+00:00\",\"breadcrumb\":{\"@id\":\"https:\\\/\\\/www.alfred-scheerer.de\\\/shop\\\/product\\\/radmotor-antriebsmotor-015z13600a\\\/#breadcrumb\"},\"inLanguage\":\"de\",\"potentialAction\":[{\"@type\":\"ReadAction\",\"target\":[\"https:\\\/\\\/www.alfred-scheerer.de\\\/shop\\\/product\\\/radmotor-antriebsmotor-015z13600a\\\/\"]}]},{\"@type\":\"ImageObject\",\"inLanguage\":\"de\",\"@id\":\"https:\\\/\\\/www.alfred-scheerer.de\\\/shop\\\/product\\\/radmotor-antriebsmotor-015z13600a\\\/#primaryimage\",\"url\":\"https:\\\/\\\/www.alfred-scheerer.de\\\/shop\\\/wp-content\\\/uploads\\\/2020\\\/05\\\/Radmotor-L15-Twenty-015Z13600A.jpg\",\"contentUrl\":\"https:\\\/\\\/www.alfred-scheerer.de\\\/shop\\\/wp-content\\\/uploads\\\/2020\\\/05\\\/Radmotor-L15-Twenty-015Z13600A.jpg\",\"width\":800,\"height\":800,\"caption\":\"Ambrogio ZCS M\u00e4hroboter Rasenroboter\"},{\"@type\":\"BreadcrumbList\",\"@id\":\"https:\\\/\\\/www.alfred-scheerer.de\\\/shop\\\/product\\\/radmotor-antriebsmotor-015z13600a\\\/#breadcrumb\",\"itemListElement\":[{\"@type\":\"ListItem\",\"position\":1,\"name\":\"Startseite\",\"item\":\"https:\\\/\\\/www.alfred-scheerer.de\\\/shop\\\/\"},{\"@type\":\"ListItem\",\"position\":2,\"name\":\"Gartentechnik Scheerer &#8211; Der Online Shop f\u00fcr M\u00e4hroboter und Zubeh\u00f6r\",\"item\":\"https:\\\/\\\/www.alfred-scheerer.de\\\/shop\\\/\"},{\"@type\":\"ListItem\",\"position\":3,\"name\":\"Radmotor Ambrogio L15 Twenty, Wiper i, Techline D1 X2 015Z13600A C02277\"}]},{\"@type\":\"WebSite\",\"@id\":\"https:\\\/\\\/www.alfred-scheerer.de\\\/shop\\\/#website\",\"url\":\"https:\\\/\\\/www.alfred-scheerer.de\\\/shop\\\/\",\"name\":\"Scheerer GmbH (ehem. Alfred Scheerer e.K.)\",\"description\":\"Der Online Shop aus Wermelskirchen f\u00fcr M\u00e4hroboter, Akku Gartenger\u00e4te, Ersatzteile und Zubeh\u00f6r\",\"publisher\":{\"@id\":\"https:\\\/\\\/www.alfred-scheerer.de\\\/shop\\\/#organization\"},\"potentialAction\":[{\"@type\":\"SearchAction\",\"target\":{\"@type\":\"EntryPoint\",\"urlTemplate\":\"https:\\\/\\\/www.alfred-scheerer.de\\\/shop\\\/?s={search_term_string}\"},\"query-input\":{\"@type\":\"PropertyValueSpecification\",\"valueRequired\":true,\"valueName\":\"search_term_string\"}}],\"inLanguage\":\"de\"},{\"@type\":\"Organization\",\"@id\":\"https:\\\/\\\/www.alfred-scheerer.de\\\/shop\\\/#organization\",\"name\":\"Scheerer GmbH\",\"url\":\"https:\\\/\\\/www.alfred-scheerer.de\\\/shop\\\/\",\"logo\":{\"@type\":\"ImageObject\",\"inLanguage\":\"de\",\"@id\":\"https:\\\/\\\/www.alfred-scheerer.de\\\/shop\\\/#\\\/schema\\\/logo\\\/image\\\/\",\"url\":\"https:\\\/\\\/alfred-scheerer.de\\\/shop\\\/wp-content\\\/uploads\\\/2024\\\/05\\\/baum.jpg\",\"contentUrl\":\"https:\\\/\\\/alfred-scheerer.de\\\/shop\\\/wp-content\\\/uploads\\\/2024\\\/05\\\/baum.jpg\",\"width\":512,\"height\":512,\"caption\":\"Scheerer GmbH\"},\"image\":{\"@id\":\"https:\\\/\\\/www.alfred-scheerer.de\\\/shop\\\/#\\\/schema\\\/logo\\\/image\\\/\"},\"sameAs\":[\"https:\\\/\\\/www.instagram.com\\\/alfredscheerer\\\/\"]}]}<\/script>\n<!-- \/ Yoast SEO plugin. -->","yoast_head_json":{"title":"Radmotor Ambrogio L15 Twenty, Wiper i, Techline D1 X2 015Z13600A C02277 - Gartentechnik Scheerer","robots":{"index":"index","follow":"follow","max-snippet":"max-snippet:-1","max-image-preview":"max-image-preview:large","max-video-preview":"max-video-preview:-1"},"canonical":"https:\/\/www.alfred-scheerer.de\/shop\/product\/radmotor-antriebsmotor-015z13600a\/","og_locale":"de_DE","og_type":"article","og_title":"Radmotor Ambrogio L15 Twenty, Wiper i, Techline D1 X2 015Z13600A C02277 - Gartentechnik Scheerer","og_description":"Original Ambrogio ZCS Antriebsmotor Radmotor 015Z13600A  passend f\u00fcr: Ambrogio: L15, Twenty Wiper: i70, i100S, i130S Techline: D1, D X2, L X2, S X2  Referenznummer: Ambrogio\/ Wiper\/ ZCS: 015Z13600A","og_url":"https:\/\/www.alfred-scheerer.de\/shop\/product\/radmotor-antriebsmotor-015z13600a\/","og_site_name":"Gartentechnik Scheerer","article_modified_time":"2026-03-15T16:50:23+00:00","og_image":[{"width":800,"height":800,"url":"https:\/\/www.alfred-scheerer.de\/shop\/wp-content\/uploads\/2020\/05\/Radmotor-L15-Twenty-015Z13600A.jpg","type":"image\/jpeg"}],"twitter_card":"summary_large_image","schema":{"@context":"https:\/\/schema.org","@graph":[{"@type":"WebPage","@id":"https:\/\/www.alfred-scheerer.de\/shop\/product\/radmotor-antriebsmotor-015z13600a\/","url":"https:\/\/www.alfred-scheerer.de\/shop\/product\/radmotor-antriebsmotor-015z13600a\/","name":"Radmotor Ambrogio L15 Twenty, Wiper i, Techline D1 X2 015Z13600A C02277 - Gartentechnik Scheerer","isPartOf":{"@id":"https:\/\/www.alfred-scheerer.de\/shop\/#website"},"primaryImageOfPage":{"@id":"https:\/\/www.alfred-scheerer.de\/shop\/product\/radmotor-antriebsmotor-015z13600a\/#primaryimage"},"image":{"@id":"https:\/\/www.alfred-scheerer.de\/shop\/product\/radmotor-antriebsmotor-015z13600a\/#primaryimage"},"thumbnailUrl":"https:\/\/www.alfred-scheerer.de\/shop\/wp-content\/uploads\/2020\/05\/Radmotor-L15-Twenty-015Z13600A.jpg","datePublished":"2020-05-10T18:38:31+00:00","dateModified":"2026-03-15T16:50:23+00:00","breadcrumb":{"@id":"https:\/\/www.alfred-scheerer.de\/shop\/product\/radmotor-antriebsmotor-015z13600a\/#breadcrumb"},"inLanguage":"de","potentialAction":[{"@type":"ReadAction","target":["https:\/\/www.alfred-scheerer.de\/shop\/product\/radmotor-antriebsmotor-015z13600a\/"]}]},{"@type":"ImageObject","inLanguage":"de","@id":"https:\/\/www.alfred-scheerer.de\/shop\/product\/radmotor-antriebsmotor-015z13600a\/#primaryimage","url":"https:\/\/www.alfred-scheerer.de\/shop\/wp-content\/uploads\/2020\/05\/Radmotor-L15-Twenty-015Z13600A.jpg","contentUrl":"https:\/\/www.alfred-scheerer.de\/shop\/wp-content\/uploads\/2020\/05\/Radmotor-L15-Twenty-015Z13600A.jpg","width":800,"height":800,"caption":"Ambrogio ZCS M\u00e4hroboter Rasenroboter"},{"@type":"BreadcrumbList","@id":"https:\/\/www.alfred-scheerer.de\/shop\/product\/radmotor-antriebsmotor-015z13600a\/#breadcrumb","itemListElement":[{"@type":"ListItem","position":1,"name":"Startseite","item":"https:\/\/www.alfred-scheerer.de\/shop\/"},{"@type":"ListItem","position":2,"name":"Gartentechnik Scheerer &#8211; Der Online Shop f\u00fcr M\u00e4hroboter und Zubeh\u00f6r","item":"https:\/\/www.alfred-scheerer.de\/shop\/"},{"@type":"ListItem","position":3,"name":"Radmotor Ambrogio L15 Twenty, Wiper i, Techline D1 X2 015Z13600A C02277"}]},{"@type":"WebSite","@id":"https:\/\/www.alfred-scheerer.de\/shop\/#website","url":"https:\/\/www.alfred-scheerer.de\/shop\/","name":"Scheerer GmbH (ehem. Alfred Scheerer e.K.)","description":"Der Online Shop aus Wermelskirchen f\u00fcr M\u00e4hroboter, Akku Gartenger\u00e4te, Ersatzteile und Zubeh\u00f6r","publisher":{"@id":"https:\/\/www.alfred-scheerer.de\/shop\/#organization"},"potentialAction":[{"@type":"SearchAction","target":{"@type":"EntryPoint","urlTemplate":"https:\/\/www.alfred-scheerer.de\/shop\/?s={search_term_string}"},"query-input":{"@type":"PropertyValueSpecification","valueRequired":true,"valueName":"search_term_string"}}],"inLanguage":"de"},{"@type":"Organization","@id":"https:\/\/www.alfred-scheerer.de\/shop\/#organization","name":"Scheerer GmbH","url":"https:\/\/www.alfred-scheerer.de\/shop\/","logo":{"@type":"ImageObject","inLanguage":"de","@id":"https:\/\/www.alfred-scheerer.de\/shop\/#\/schema\/logo\/image\/","url":"https:\/\/alfred-scheerer.de\/shop\/wp-content\/uploads\/2024\/05\/baum.jpg","contentUrl":"https:\/\/alfred-scheerer.de\/shop\/wp-content\/uploads\/2024\/05\/baum.jpg","width":512,"height":512,"caption":"Scheerer GmbH"},"image":{"@id":"https:\/\/www.alfred-scheerer.de\/shop\/#\/schema\/logo\/image\/"},"sameAs":["https:\/\/www.instagram.com\/alfredscheerer\/"]}]}},"_links":{"self":[{"href":"https:\/\/www.alfred-scheerer.de\/shop\/wp-json\/wp\/v2\/product\/3635","targetHints":{"allow":["GET"]}}],"collection":[{"href":"https:\/\/www.alfred-scheerer.de\/shop\/wp-json\/wp\/v2\/product"}],"about":[{"href":"https:\/\/www.alfred-scheerer.de\/shop\/wp-json\/wp\/v2\/types\/product"}],"wp:featuredmedia":[{"embeddable":true,"href":"https:\/\/www.alfred-scheerer.de\/shop\/wp-json\/wp\/v2\/media\/3636"}],"wp:attachment":[{"href":"https:\/\/www.alfred-scheerer.de\/shop\/wp-json\/wp\/v2\/media?parent=3635"}],"wp:term":[{"taxonomy":"product_brand","embeddable":true,"href":"https:\/\/www.alfred-scheerer.de\/shop\/wp-json\/wp\/v2\/product_brand?post=3635"},{"taxonomy":"product_cat","embeddable":true,"href":"https:\/\/www.alfred-scheerer.de\/shop\/wp-json\/wp\/v2\/product_cat?post=3635"},{"taxonomy":"product_tag","embeddable":true,"href":"https:\/\/www.alfred-scheerer.de\/shop\/wp-json\/wp\/v2\/product_tag?post=3635"}],"curies":[{"name":"wp","href":"https:\/\/api.w.org\/{rel}","templated":true}]}}