{"id":3669,"date":"2020-05-25T12:27:43","date_gmt":"2020-05-25T10:27:43","guid":{"rendered":"http:\/\/alfred-scheerer.de\/shop\/?post_type=product&#038;p=3669"},"modified":"2025-04-15T16:31:22","modified_gmt":"2025-04-15T14:31:22","slug":"garage-ambrogio-4-0-4-36-4wd","status":"publish","type":"product","link":"https:\/\/www.alfred-scheerer.de\/shop\/product\/garage-ambrogio-4-0-4-36-4wd\/","title":{"rendered":"Garage Dach Abdeckung f\u00fcr Ladestation Ambrogio 4.0 4.36 Quad Wiper 4WD 042Z58600A"},"content":{"rendered":"<p>Abdeckung\/Dach\/Garage f\u00fcr die Ladestation aus Kunststoff schwarz.<\/p>\n<p>Lieferumfang:<br \/>\nAbdeckung zur Selbstmontage inkl. Befestigungsmaterial<\/p>\n<p>passend f\u00fcr:<br \/>\nAmbrogio: 4.0, 4.36, Quad, 4.0 WD, 4.36 4WD<br \/>\nWiper: K, KS, KXLS, Q350, 4WD<\/p>\n<p>Referenznummer:<br \/>\nAmbrogio\/Wiper\/ZCS: 075Z45800A, 042Z58600A<\/p>\n","protected":false},"excerpt":{"rendered":"<p>Abdeckung\/Dach\/Garage f\u00fcr die Ladestation aus Kunststoff schwarz.<\/p>\n<p>Lieferumfang:<br \/>\nAbdeckung zur Selbstmontage inkl. Befestigungsmaterial<\/p>\n<p>passend f\u00fcr:<br \/>\nAmbrogio: 4.0, 4.36, Quad, 4.0 4WD, 4.36 4WD<br \/>\nWiper: K, KS, KXLS, Q350, 4WD<\/p>\n<p>Referenznummer:<br \/>\nAmbrogio\/Wiper\/ZCS: 075Z45800A, 042Z58600A<\/p>\n","protected":false},"featured_media":3671,"template":"","meta":[],"product_brand":[1756],"product_cat":[94,305,1432,312,1433,523],"product_tag":[1036,749,1037,750,1038,1028,1039,1029,1040,1030,1031,473,1032,1580,475,1033,1590,1034,737,1035,739],"class_list":{"0":"post-3669","1":"product","2":"type-product","3":"status-publish","4":"has-post-thumbnail","6":"product_brand-ambrogio","7":"product_cat-ambrogio-ersatzteile-zubehoer","8":"product_cat-4-0-basic","9":"product_cat-4-36","10":"product_cat-wiper-ersatzteile-zubehoer","11":"product_cat-4-0-elite","12":"product_cat-quad","13":"product_tag-dach-ambrogio-ladestation","14":"product_tag-abdeckung-ambrogio","15":"product_tag-dach-wiper-ladestation","16":"product_tag-abdeckung-wiper","17":"product_tag-dach-techline-ladestation","18":"product_tag-dach-4-36","19":"product_tag-075z45800a","20":"product_tag-dach-4-0","21":"product_tag-garage-ladestation","22":"product_tag-dach-wiper-ks","23":"product_tag-dach-wiper-k","24":"product_tag-ambrogio-zubehoer","25":"product_tag-garage-wiper-k","26":"product_tag-garage-quad","27":"product_tag-wiper-zubehoer","28":"product_tag-garage-wiper-ks","29":"product_tag-042z58600a","30":"product_tag-abdeckung-ladestation","31":"product_tag-garage-ambrogio","32":"product_tag-dach-ladestation","33":"product_tag-garage-wiper","35":"first","36":"instock","37":"taxable","38":"shipping-taxable","39":"purchasable","40":"product-type-simple"},"yoast_head":"<!-- This site is optimized with the Yoast SEO plugin v27.4 - https:\/\/yoast.com\/product\/yoast-seo-wordpress\/ -->\n<title>Garage Dach Abdeckung f\u00fcr Ladestation Ambrogio 4.0 4.36 Quad Wiper 4WD 042Z58600A - Gartentechnik Scheerer<\/title>\n<meta name=\"robots\" content=\"index, follow, max-snippet:-1, max-image-preview:large, max-video-preview:-1\" \/>\n<link rel=\"canonical\" href=\"https:\/\/www.alfred-scheerer.de\/shop\/product\/garage-ambrogio-4-0-4-36-4wd\/\" \/>\n<meta property=\"og:locale\" content=\"de_DE\" \/>\n<meta property=\"og:type\" content=\"article\" \/>\n<meta property=\"og:title\" content=\"Garage Dach Abdeckung f\u00fcr Ladestation Ambrogio 4.0 4.36 Quad Wiper 4WD 042Z58600A - Gartentechnik Scheerer\" \/>\n<meta property=\"og:description\" content=\"Abdeckung\/Dach\/Garage f\u00fcr die Ladestation aus Kunststoff schwarz.  Lieferumfang: Abdeckung zur Selbstmontage inkl. Befestigungsmaterial  passend f\u00fcr: Ambrogio: 4.0, 4.36, Quad, 4.0 4WD, 4.36 4WD Wiper: K, KS, KXLS, Q350, 4WD  Referenznummer: Ambrogio\/Wiper\/ZCS: 075Z45800A, 042Z58600A\" \/>\n<meta property=\"og:url\" content=\"https:\/\/www.alfred-scheerer.de\/shop\/product\/garage-ambrogio-4-0-4-36-4wd\/\" \/>\n<meta property=\"og:site_name\" content=\"Gartentechnik Scheerer\" \/>\n<meta property=\"article:modified_time\" content=\"2025-04-15T14:31:22+00:00\" \/>\n<meta property=\"og:image\" content=\"https:\/\/www.alfred-scheerer.de\/shop\/wp-content\/uploads\/2020\/05\/Abdeckung-Garage-4.0-4.36-v2020-075Z45800A.jpg\" \/>\n\t<meta property=\"og:image:width\" content=\"500\" \/>\n\t<meta property=\"og:image:height\" content=\"308\" \/>\n\t<meta property=\"og:image:type\" content=\"image\/jpeg\" \/>\n<meta name=\"twitter:card\" content=\"summary_large_image\" \/>\n<script type=\"application\/ld+json\" class=\"yoast-schema-graph\">{\"@context\":\"https:\\\/\\\/schema.org\",\"@graph\":[{\"@type\":\"WebPage\",\"@id\":\"https:\\\/\\\/www.alfred-scheerer.de\\\/shop\\\/product\\\/garage-ambrogio-4-0-4-36-4wd\\\/\",\"url\":\"https:\\\/\\\/www.alfred-scheerer.de\\\/shop\\\/product\\\/garage-ambrogio-4-0-4-36-4wd\\\/\",\"name\":\"Garage Dach Abdeckung f\u00fcr Ladestation Ambrogio 4.0 4.36 Quad Wiper 4WD 042Z58600A - Gartentechnik Scheerer\",\"isPartOf\":{\"@id\":\"https:\\\/\\\/www.alfred-scheerer.de\\\/shop\\\/#website\"},\"primaryImageOfPage\":{\"@id\":\"https:\\\/\\\/www.alfred-scheerer.de\\\/shop\\\/product\\\/garage-ambrogio-4-0-4-36-4wd\\\/#primaryimage\"},\"image\":{\"@id\":\"https:\\\/\\\/www.alfred-scheerer.de\\\/shop\\\/product\\\/garage-ambrogio-4-0-4-36-4wd\\\/#primaryimage\"},\"thumbnailUrl\":\"https:\\\/\\\/www.alfred-scheerer.de\\\/shop\\\/wp-content\\\/uploads\\\/2020\\\/05\\\/Abdeckung-Garage-4.0-4.36-v2020-075Z45800A.jpg\",\"datePublished\":\"2020-05-25T10:27:43+00:00\",\"dateModified\":\"2025-04-15T14:31:22+00:00\",\"breadcrumb\":{\"@id\":\"https:\\\/\\\/www.alfred-scheerer.de\\\/shop\\\/product\\\/garage-ambrogio-4-0-4-36-4wd\\\/#breadcrumb\"},\"inLanguage\":\"de\",\"potentialAction\":[{\"@type\":\"ReadAction\",\"target\":[\"https:\\\/\\\/www.alfred-scheerer.de\\\/shop\\\/product\\\/garage-ambrogio-4-0-4-36-4wd\\\/\"]}]},{\"@type\":\"ImageObject\",\"inLanguage\":\"de\",\"@id\":\"https:\\\/\\\/www.alfred-scheerer.de\\\/shop\\\/product\\\/garage-ambrogio-4-0-4-36-4wd\\\/#primaryimage\",\"url\":\"https:\\\/\\\/www.alfred-scheerer.de\\\/shop\\\/wp-content\\\/uploads\\\/2020\\\/05\\\/Abdeckung-Garage-4.0-4.36-v2020-075Z45800A.jpg\",\"contentUrl\":\"https:\\\/\\\/www.alfred-scheerer.de\\\/shop\\\/wp-content\\\/uploads\\\/2020\\\/05\\\/Abdeckung-Garage-4.0-4.36-v2020-075Z45800A.jpg\",\"width\":500,\"height\":308,\"caption\":\"Wiper premium K KS\"},{\"@type\":\"BreadcrumbList\",\"@id\":\"https:\\\/\\\/www.alfred-scheerer.de\\\/shop\\\/product\\\/garage-ambrogio-4-0-4-36-4wd\\\/#breadcrumb\",\"itemListElement\":[{\"@type\":\"ListItem\",\"position\":1,\"name\":\"Startseite\",\"item\":\"https:\\\/\\\/www.alfred-scheerer.de\\\/shop\\\/\"},{\"@type\":\"ListItem\",\"position\":2,\"name\":\"Gartentechnik Scheerer &#8211; Der Online Shop f\u00fcr M\u00e4hroboter und Zubeh\u00f6r\",\"item\":\"https:\\\/\\\/www.alfred-scheerer.de\\\/shop\\\/\"},{\"@type\":\"ListItem\",\"position\":3,\"name\":\"Garage Dach Abdeckung f\u00fcr Ladestation Ambrogio 4.0 4.36 Quad Wiper 4WD 042Z58600A\"}]},{\"@type\":\"WebSite\",\"@id\":\"https:\\\/\\\/www.alfred-scheerer.de\\\/shop\\\/#website\",\"url\":\"https:\\\/\\\/www.alfred-scheerer.de\\\/shop\\\/\",\"name\":\"Scheerer GmbH (ehem. Alfred Scheerer e.K.)\",\"description\":\"Der Online Shop aus Wermelskirchen f\u00fcr M\u00e4hroboter, Akku Gartenger\u00e4te, Ersatzteile und Zubeh\u00f6r\",\"publisher\":{\"@id\":\"https:\\\/\\\/www.alfred-scheerer.de\\\/shop\\\/#organization\"},\"potentialAction\":[{\"@type\":\"SearchAction\",\"target\":{\"@type\":\"EntryPoint\",\"urlTemplate\":\"https:\\\/\\\/www.alfred-scheerer.de\\\/shop\\\/?s={search_term_string}\"},\"query-input\":{\"@type\":\"PropertyValueSpecification\",\"valueRequired\":true,\"valueName\":\"search_term_string\"}}],\"inLanguage\":\"de\"},{\"@type\":\"Organization\",\"@id\":\"https:\\\/\\\/www.alfred-scheerer.de\\\/shop\\\/#organization\",\"name\":\"Scheerer GmbH\",\"url\":\"https:\\\/\\\/www.alfred-scheerer.de\\\/shop\\\/\",\"logo\":{\"@type\":\"ImageObject\",\"inLanguage\":\"de\",\"@id\":\"https:\\\/\\\/www.alfred-scheerer.de\\\/shop\\\/#\\\/schema\\\/logo\\\/image\\\/\",\"url\":\"https:\\\/\\\/alfred-scheerer.de\\\/shop\\\/wp-content\\\/uploads\\\/2024\\\/05\\\/baum.jpg\",\"contentUrl\":\"https:\\\/\\\/alfred-scheerer.de\\\/shop\\\/wp-content\\\/uploads\\\/2024\\\/05\\\/baum.jpg\",\"width\":512,\"height\":512,\"caption\":\"Scheerer GmbH\"},\"image\":{\"@id\":\"https:\\\/\\\/www.alfred-scheerer.de\\\/shop\\\/#\\\/schema\\\/logo\\\/image\\\/\"},\"sameAs\":[\"https:\\\/\\\/www.instagram.com\\\/alfredscheerer\\\/\"]}]}<\/script>\n<!-- \/ Yoast SEO plugin. -->","yoast_head_json":{"title":"Garage Dach Abdeckung f\u00fcr Ladestation Ambrogio 4.0 4.36 Quad Wiper 4WD 042Z58600A - Gartentechnik Scheerer","robots":{"index":"index","follow":"follow","max-snippet":"max-snippet:-1","max-image-preview":"max-image-preview:large","max-video-preview":"max-video-preview:-1"},"canonical":"https:\/\/www.alfred-scheerer.de\/shop\/product\/garage-ambrogio-4-0-4-36-4wd\/","og_locale":"de_DE","og_type":"article","og_title":"Garage Dach Abdeckung f\u00fcr Ladestation Ambrogio 4.0 4.36 Quad Wiper 4WD 042Z58600A - Gartentechnik Scheerer","og_description":"Abdeckung\/Dach\/Garage f\u00fcr die Ladestation aus Kunststoff schwarz.  Lieferumfang: Abdeckung zur Selbstmontage inkl. Befestigungsmaterial  passend f\u00fcr: Ambrogio: 4.0, 4.36, Quad, 4.0 4WD, 4.36 4WD Wiper: K, KS, KXLS, Q350, 4WD  Referenznummer: Ambrogio\/Wiper\/ZCS: 075Z45800A, 042Z58600A","og_url":"https:\/\/www.alfred-scheerer.de\/shop\/product\/garage-ambrogio-4-0-4-36-4wd\/","og_site_name":"Gartentechnik Scheerer","article_modified_time":"2025-04-15T14:31:22+00:00","og_image":[{"width":500,"height":308,"url":"https:\/\/www.alfred-scheerer.de\/shop\/wp-content\/uploads\/2020\/05\/Abdeckung-Garage-4.0-4.36-v2020-075Z45800A.jpg","type":"image\/jpeg"}],"twitter_card":"summary_large_image","schema":{"@context":"https:\/\/schema.org","@graph":[{"@type":"WebPage","@id":"https:\/\/www.alfred-scheerer.de\/shop\/product\/garage-ambrogio-4-0-4-36-4wd\/","url":"https:\/\/www.alfred-scheerer.de\/shop\/product\/garage-ambrogio-4-0-4-36-4wd\/","name":"Garage Dach Abdeckung f\u00fcr Ladestation Ambrogio 4.0 4.36 Quad Wiper 4WD 042Z58600A - Gartentechnik Scheerer","isPartOf":{"@id":"https:\/\/www.alfred-scheerer.de\/shop\/#website"},"primaryImageOfPage":{"@id":"https:\/\/www.alfred-scheerer.de\/shop\/product\/garage-ambrogio-4-0-4-36-4wd\/#primaryimage"},"image":{"@id":"https:\/\/www.alfred-scheerer.de\/shop\/product\/garage-ambrogio-4-0-4-36-4wd\/#primaryimage"},"thumbnailUrl":"https:\/\/www.alfred-scheerer.de\/shop\/wp-content\/uploads\/2020\/05\/Abdeckung-Garage-4.0-4.36-v2020-075Z45800A.jpg","datePublished":"2020-05-25T10:27:43+00:00","dateModified":"2025-04-15T14:31:22+00:00","breadcrumb":{"@id":"https:\/\/www.alfred-scheerer.de\/shop\/product\/garage-ambrogio-4-0-4-36-4wd\/#breadcrumb"},"inLanguage":"de","potentialAction":[{"@type":"ReadAction","target":["https:\/\/www.alfred-scheerer.de\/shop\/product\/garage-ambrogio-4-0-4-36-4wd\/"]}]},{"@type":"ImageObject","inLanguage":"de","@id":"https:\/\/www.alfred-scheerer.de\/shop\/product\/garage-ambrogio-4-0-4-36-4wd\/#primaryimage","url":"https:\/\/www.alfred-scheerer.de\/shop\/wp-content\/uploads\/2020\/05\/Abdeckung-Garage-4.0-4.36-v2020-075Z45800A.jpg","contentUrl":"https:\/\/www.alfred-scheerer.de\/shop\/wp-content\/uploads\/2020\/05\/Abdeckung-Garage-4.0-4.36-v2020-075Z45800A.jpg","width":500,"height":308,"caption":"Wiper premium K KS"},{"@type":"BreadcrumbList","@id":"https:\/\/www.alfred-scheerer.de\/shop\/product\/garage-ambrogio-4-0-4-36-4wd\/#breadcrumb","itemListElement":[{"@type":"ListItem","position":1,"name":"Startseite","item":"https:\/\/www.alfred-scheerer.de\/shop\/"},{"@type":"ListItem","position":2,"name":"Gartentechnik Scheerer &#8211; Der Online Shop f\u00fcr M\u00e4hroboter und Zubeh\u00f6r","item":"https:\/\/www.alfred-scheerer.de\/shop\/"},{"@type":"ListItem","position":3,"name":"Garage Dach Abdeckung f\u00fcr Ladestation Ambrogio 4.0 4.36 Quad Wiper 4WD 042Z58600A"}]},{"@type":"WebSite","@id":"https:\/\/www.alfred-scheerer.de\/shop\/#website","url":"https:\/\/www.alfred-scheerer.de\/shop\/","name":"Scheerer GmbH (ehem. Alfred Scheerer e.K.)","description":"Der Online Shop aus Wermelskirchen f\u00fcr M\u00e4hroboter, Akku Gartenger\u00e4te, Ersatzteile und Zubeh\u00f6r","publisher":{"@id":"https:\/\/www.alfred-scheerer.de\/shop\/#organization"},"potentialAction":[{"@type":"SearchAction","target":{"@type":"EntryPoint","urlTemplate":"https:\/\/www.alfred-scheerer.de\/shop\/?s={search_term_string}"},"query-input":{"@type":"PropertyValueSpecification","valueRequired":true,"valueName":"search_term_string"}}],"inLanguage":"de"},{"@type":"Organization","@id":"https:\/\/www.alfred-scheerer.de\/shop\/#organization","name":"Scheerer GmbH","url":"https:\/\/www.alfred-scheerer.de\/shop\/","logo":{"@type":"ImageObject","inLanguage":"de","@id":"https:\/\/www.alfred-scheerer.de\/shop\/#\/schema\/logo\/image\/","url":"https:\/\/alfred-scheerer.de\/shop\/wp-content\/uploads\/2024\/05\/baum.jpg","contentUrl":"https:\/\/alfred-scheerer.de\/shop\/wp-content\/uploads\/2024\/05\/baum.jpg","width":512,"height":512,"caption":"Scheerer GmbH"},"image":{"@id":"https:\/\/www.alfred-scheerer.de\/shop\/#\/schema\/logo\/image\/"},"sameAs":["https:\/\/www.instagram.com\/alfredscheerer\/"]}]}},"_links":{"self":[{"href":"https:\/\/www.alfred-scheerer.de\/shop\/wp-json\/wp\/v2\/product\/3669","targetHints":{"allow":["GET"]}}],"collection":[{"href":"https:\/\/www.alfred-scheerer.de\/shop\/wp-json\/wp\/v2\/product"}],"about":[{"href":"https:\/\/www.alfred-scheerer.de\/shop\/wp-json\/wp\/v2\/types\/product"}],"wp:featuredmedia":[{"embeddable":true,"href":"https:\/\/www.alfred-scheerer.de\/shop\/wp-json\/wp\/v2\/media\/3671"}],"wp:attachment":[{"href":"https:\/\/www.alfred-scheerer.de\/shop\/wp-json\/wp\/v2\/media?parent=3669"}],"wp:term":[{"taxonomy":"product_brand","embeddable":true,"href":"https:\/\/www.alfred-scheerer.de\/shop\/wp-json\/wp\/v2\/product_brand?post=3669"},{"taxonomy":"product_cat","embeddable":true,"href":"https:\/\/www.alfred-scheerer.de\/shop\/wp-json\/wp\/v2\/product_cat?post=3669"},{"taxonomy":"product_tag","embeddable":true,"href":"https:\/\/www.alfred-scheerer.de\/shop\/wp-json\/wp\/v2\/product_tag?post=3669"}],"curies":[{"name":"wp","href":"https:\/\/api.w.org\/{rel}","templated":true}]}}