{"id":3684,"date":"2020-05-26T19:52:32","date_gmt":"2020-05-26T17:52:32","guid":{"rendered":"http:\/\/alfred-scheerer.de\/shop\/?post_type=product&#038;p=3684"},"modified":"2026-04-12T19:10:42","modified_gmt":"2026-04-12T17:10:42","slug":"kress-garage-ka0110-ka0112","status":"publish","type":"product","link":"https:\/\/www.alfred-scheerer.de\/shop\/product\/kress-garage-ka0110-ka0112\/","title":{"rendered":"Garage Dach Abdeckung f\u00fcr Ladestation Kress Home KA0110 KA0112"},"content":{"rendered":"<p>Originale Kress Abdeckung, Dach, Garage aus Kunststoff klappbar.<br \/>\nPassend zur Kress M\u00e4hroboter Ladestation.<\/p>\n<p>Lieferumfang:<br \/>\nAbdeckung zur Selbstmontage inkl. Befestigungsmaterial<\/p>\n<p>passend f\u00fcr:<br \/>\nKress:<br \/>\nNano KR100, KR101E,<br \/>\nMission KR110, KR111, KR112, KR113, KR120E, KR121E, KR122E, KR123<br \/>\nMission RTKn KR172E, KR172E.A, KR173E, KR174E<\/p>\n<p>Referenznummer:<br \/>\nKress: KA0110, KA0112 Kress_Home<\/p>\n","protected":false},"excerpt":{"rendered":"<p>Originale Kress Abdeckung, Dach, Garage aus Kunststoff klappbar.<br \/>\nPassend zur Kress M\u00e4hroboter Ladestation.<\/p>\n<p>Lieferumfang:<br \/>\nAbdeckung zur Selbstmontage inkl. Befestigungsmaterial<\/p>\n<p>passend f\u00fcr:<br \/>\nKress:<br \/>\nNano KR100, KR101E,<br \/>\nMission KR110, KR111, KR112, KR113, KR120E, KR121E, KR122E, KR123<br \/>\nMission RTKn KR172E, KR172E.A, KR173E, KR174E<\/p>\n<p>Referenznummer:<br \/>\nKress: KA0110, KA0112 Kress_Home<\/p>\n","protected":false},"featured_media":3839,"template":"","meta":[],"product_brand":[1754],"product_cat":[314],"product_tag":[406,596,407,597,408,924,588,925,589,590,591,397,592,402,593,403,594,404,595],"class_list":{"0":"post-3684","1":"product","2":"type-product","3":"status-publish","4":"has-post-thumbnail","6":"product_brand-kress","7":"product_cat-kress-ersatzteile-zubehoer","8":"product_tag-klappbar","9":"product_tag-kess-ka0110","10":"product_tag-home","11":"product_tag-ka0110","12":"product_tag-wa0810","13":"product_tag-maehroboter-dach","14":"product_tag-worx-garage","15":"product_tag-kress-home","16":"product_tag-worx-dach","17":"product_tag-kress-garage","18":"product_tag-kress-dach","19":"product_tag-kress","20":"product_tag-kress-abdeckung","21":"product_tag-garage","22":"product_tag-worx-abdeckung","23":"product_tag-dach","24":"product_tag-maehroboter-garage","25":"product_tag-abdeckung","26":"product_tag-rasenroboter-garage","27":"product_shipping_class-bis-10-kg-u-bezug","29":"first","30":"instock","31":"taxable","32":"shipping-taxable","33":"purchasable","34":"product-type-simple"},"yoast_head":"<!-- This site is optimized with the Yoast SEO plugin v27.4 - https:\/\/yoast.com\/product\/yoast-seo-wordpress\/ -->\n<title>KRESS Garage KA0112 M\u00e4hroboter | Online Kaufen | nur 199,-<\/title>\n<meta name=\"description\" content=\"Kress Garage M\u00e4hroboter Rasenroboter KA0110 KA0112 im Angebot 199,- original Kress Garage, passend zur Kress M\u00e4hroboter Ladestation.\" \/>\n<meta name=\"robots\" content=\"index, follow, max-snippet:-1, max-image-preview:large, max-video-preview:-1\" \/>\n<link rel=\"canonical\" href=\"https:\/\/www.alfred-scheerer.de\/shop\/product\/kress-garage-ka0110-ka0112\/\" \/>\n<meta property=\"og:locale\" content=\"de_DE\" \/>\n<meta property=\"og:type\" content=\"article\" \/>\n<meta property=\"og:title\" content=\"KRESS Garage KA0112 M\u00e4hroboter | Online Kaufen | nur 199,-\" \/>\n<meta property=\"og:description\" content=\"Kress Garage M\u00e4hroboter Rasenroboter KA0110 KA0112 im Angebot 199,- original Kress Garage, passend zur Kress M\u00e4hroboter Ladestation.\" \/>\n<meta property=\"og:url\" content=\"https:\/\/www.alfred-scheerer.de\/shop\/product\/kress-garage-ka0110-ka0112\/\" \/>\n<meta property=\"og:site_name\" content=\"Gartentechnik Scheerer\" \/>\n<meta property=\"article:modified_time\" content=\"2026-04-12T17:10:42+00:00\" \/>\n<meta property=\"og:image\" content=\"https:\/\/www.alfred-scheerer.de\/shop\/wp-content\/uploads\/2020\/05\/kress-home.jpg\" \/>\n\t<meta property=\"og:image:width\" content=\"2048\" \/>\n\t<meta property=\"og:image:height\" content=\"952\" \/>\n\t<meta property=\"og:image:type\" content=\"image\/jpeg\" \/>\n<meta name=\"twitter:card\" content=\"summary_large_image\" \/>\n<script type=\"application\/ld+json\" class=\"yoast-schema-graph\">{\"@context\":\"https:\\\/\\\/schema.org\",\"@graph\":[{\"@type\":\"WebPage\",\"@id\":\"https:\\\/\\\/www.alfred-scheerer.de\\\/shop\\\/product\\\/kress-garage-ka0110-ka0112\\\/\",\"url\":\"https:\\\/\\\/www.alfred-scheerer.de\\\/shop\\\/product\\\/kress-garage-ka0110-ka0112\\\/\",\"name\":\"KRESS Garage KA0112 M\u00e4hroboter | Online Kaufen | nur 199,-\",\"isPartOf\":{\"@id\":\"https:\\\/\\\/www.alfred-scheerer.de\\\/shop\\\/#website\"},\"primaryImageOfPage\":{\"@id\":\"https:\\\/\\\/www.alfred-scheerer.de\\\/shop\\\/product\\\/kress-garage-ka0110-ka0112\\\/#primaryimage\"},\"image\":{\"@id\":\"https:\\\/\\\/www.alfred-scheerer.de\\\/shop\\\/product\\\/kress-garage-ka0110-ka0112\\\/#primaryimage\"},\"thumbnailUrl\":\"https:\\\/\\\/www.alfred-scheerer.de\\\/shop\\\/wp-content\\\/uploads\\\/2020\\\/05\\\/kress-home.jpg\",\"datePublished\":\"2020-05-26T17:52:32+00:00\",\"dateModified\":\"2026-04-12T17:10:42+00:00\",\"description\":\"Kress Garage M\u00e4hroboter Rasenroboter KA0110 KA0112 im Angebot 199,- original Kress Garage, passend zur Kress M\u00e4hroboter Ladestation.\",\"breadcrumb\":{\"@id\":\"https:\\\/\\\/www.alfred-scheerer.de\\\/shop\\\/product\\\/kress-garage-ka0110-ka0112\\\/#breadcrumb\"},\"inLanguage\":\"de\",\"potentialAction\":[{\"@type\":\"ReadAction\",\"target\":[\"https:\\\/\\\/www.alfred-scheerer.de\\\/shop\\\/product\\\/kress-garage-ka0110-ka0112\\\/\"]}]},{\"@type\":\"ImageObject\",\"inLanguage\":\"de\",\"@id\":\"https:\\\/\\\/www.alfred-scheerer.de\\\/shop\\\/product\\\/kress-garage-ka0110-ka0112\\\/#primaryimage\",\"url\":\"https:\\\/\\\/www.alfred-scheerer.de\\\/shop\\\/wp-content\\\/uploads\\\/2020\\\/05\\\/kress-home.jpg\",\"contentUrl\":\"https:\\\/\\\/www.alfred-scheerer.de\\\/shop\\\/wp-content\\\/uploads\\\/2020\\\/05\\\/kress-home.jpg\",\"width\":2048,\"height\":952,\"caption\":\"Kress Garage\"},{\"@type\":\"BreadcrumbList\",\"@id\":\"https:\\\/\\\/www.alfred-scheerer.de\\\/shop\\\/product\\\/kress-garage-ka0110-ka0112\\\/#breadcrumb\",\"itemListElement\":[{\"@type\":\"ListItem\",\"position\":1,\"name\":\"Startseite\",\"item\":\"https:\\\/\\\/www.alfred-scheerer.de\\\/shop\\\/\"},{\"@type\":\"ListItem\",\"position\":2,\"name\":\"Gartentechnik Scheerer &#8211; Der Online Shop f\u00fcr M\u00e4hroboter und Zubeh\u00f6r\",\"item\":\"https:\\\/\\\/www.alfred-scheerer.de\\\/shop\\\/\"},{\"@type\":\"ListItem\",\"position\":3,\"name\":\"Garage Dach Abdeckung f\u00fcr Ladestation Kress Home KA0110 KA0112\"}]},{\"@type\":\"WebSite\",\"@id\":\"https:\\\/\\\/www.alfred-scheerer.de\\\/shop\\\/#website\",\"url\":\"https:\\\/\\\/www.alfred-scheerer.de\\\/shop\\\/\",\"name\":\"Scheerer GmbH (ehem. Alfred Scheerer e.K.)\",\"description\":\"Der Online Shop aus Wermelskirchen f\u00fcr M\u00e4hroboter, Akku Gartenger\u00e4te, Ersatzteile und Zubeh\u00f6r\",\"publisher\":{\"@id\":\"https:\\\/\\\/www.alfred-scheerer.de\\\/shop\\\/#organization\"},\"potentialAction\":[{\"@type\":\"SearchAction\",\"target\":{\"@type\":\"EntryPoint\",\"urlTemplate\":\"https:\\\/\\\/www.alfred-scheerer.de\\\/shop\\\/?s={search_term_string}\"},\"query-input\":{\"@type\":\"PropertyValueSpecification\",\"valueRequired\":true,\"valueName\":\"search_term_string\"}}],\"inLanguage\":\"de\"},{\"@type\":\"Organization\",\"@id\":\"https:\\\/\\\/www.alfred-scheerer.de\\\/shop\\\/#organization\",\"name\":\"Scheerer GmbH\",\"url\":\"https:\\\/\\\/www.alfred-scheerer.de\\\/shop\\\/\",\"logo\":{\"@type\":\"ImageObject\",\"inLanguage\":\"de\",\"@id\":\"https:\\\/\\\/www.alfred-scheerer.de\\\/shop\\\/#\\\/schema\\\/logo\\\/image\\\/\",\"url\":\"https:\\\/\\\/alfred-scheerer.de\\\/shop\\\/wp-content\\\/uploads\\\/2024\\\/05\\\/baum.jpg\",\"contentUrl\":\"https:\\\/\\\/alfred-scheerer.de\\\/shop\\\/wp-content\\\/uploads\\\/2024\\\/05\\\/baum.jpg\",\"width\":512,\"height\":512,\"caption\":\"Scheerer GmbH\"},\"image\":{\"@id\":\"https:\\\/\\\/www.alfred-scheerer.de\\\/shop\\\/#\\\/schema\\\/logo\\\/image\\\/\"},\"sameAs\":[\"https:\\\/\\\/www.instagram.com\\\/alfredscheerer\\\/\"]}]}<\/script>\n<!-- \/ Yoast SEO plugin. -->","yoast_head_json":{"title":"KRESS Garage KA0112 M\u00e4hroboter | Online Kaufen | nur 199,-","description":"Kress Garage M\u00e4hroboter Rasenroboter KA0110 KA0112 im Angebot 199,- original Kress Garage, passend zur Kress M\u00e4hroboter Ladestation.","robots":{"index":"index","follow":"follow","max-snippet":"max-snippet:-1","max-image-preview":"max-image-preview:large","max-video-preview":"max-video-preview:-1"},"canonical":"https:\/\/www.alfred-scheerer.de\/shop\/product\/kress-garage-ka0110-ka0112\/","og_locale":"de_DE","og_type":"article","og_title":"KRESS Garage KA0112 M\u00e4hroboter | Online Kaufen | nur 199,-","og_description":"Kress Garage M\u00e4hroboter Rasenroboter KA0110 KA0112 im Angebot 199,- original Kress Garage, passend zur Kress M\u00e4hroboter Ladestation.","og_url":"https:\/\/www.alfred-scheerer.de\/shop\/product\/kress-garage-ka0110-ka0112\/","og_site_name":"Gartentechnik Scheerer","article_modified_time":"2026-04-12T17:10:42+00:00","og_image":[{"width":2048,"height":952,"url":"https:\/\/www.alfred-scheerer.de\/shop\/wp-content\/uploads\/2020\/05\/kress-home.jpg","type":"image\/jpeg"}],"twitter_card":"summary_large_image","schema":{"@context":"https:\/\/schema.org","@graph":[{"@type":"WebPage","@id":"https:\/\/www.alfred-scheerer.de\/shop\/product\/kress-garage-ka0110-ka0112\/","url":"https:\/\/www.alfred-scheerer.de\/shop\/product\/kress-garage-ka0110-ka0112\/","name":"KRESS Garage KA0112 M\u00e4hroboter | Online Kaufen | nur 199,-","isPartOf":{"@id":"https:\/\/www.alfred-scheerer.de\/shop\/#website"},"primaryImageOfPage":{"@id":"https:\/\/www.alfred-scheerer.de\/shop\/product\/kress-garage-ka0110-ka0112\/#primaryimage"},"image":{"@id":"https:\/\/www.alfred-scheerer.de\/shop\/product\/kress-garage-ka0110-ka0112\/#primaryimage"},"thumbnailUrl":"https:\/\/www.alfred-scheerer.de\/shop\/wp-content\/uploads\/2020\/05\/kress-home.jpg","datePublished":"2020-05-26T17:52:32+00:00","dateModified":"2026-04-12T17:10:42+00:00","description":"Kress Garage M\u00e4hroboter Rasenroboter KA0110 KA0112 im Angebot 199,- original Kress Garage, passend zur Kress M\u00e4hroboter Ladestation.","breadcrumb":{"@id":"https:\/\/www.alfred-scheerer.de\/shop\/product\/kress-garage-ka0110-ka0112\/#breadcrumb"},"inLanguage":"de","potentialAction":[{"@type":"ReadAction","target":["https:\/\/www.alfred-scheerer.de\/shop\/product\/kress-garage-ka0110-ka0112\/"]}]},{"@type":"ImageObject","inLanguage":"de","@id":"https:\/\/www.alfred-scheerer.de\/shop\/product\/kress-garage-ka0110-ka0112\/#primaryimage","url":"https:\/\/www.alfred-scheerer.de\/shop\/wp-content\/uploads\/2020\/05\/kress-home.jpg","contentUrl":"https:\/\/www.alfred-scheerer.de\/shop\/wp-content\/uploads\/2020\/05\/kress-home.jpg","width":2048,"height":952,"caption":"Kress Garage"},{"@type":"BreadcrumbList","@id":"https:\/\/www.alfred-scheerer.de\/shop\/product\/kress-garage-ka0110-ka0112\/#breadcrumb","itemListElement":[{"@type":"ListItem","position":1,"name":"Startseite","item":"https:\/\/www.alfred-scheerer.de\/shop\/"},{"@type":"ListItem","position":2,"name":"Gartentechnik Scheerer &#8211; Der Online Shop f\u00fcr M\u00e4hroboter und Zubeh\u00f6r","item":"https:\/\/www.alfred-scheerer.de\/shop\/"},{"@type":"ListItem","position":3,"name":"Garage Dach Abdeckung f\u00fcr Ladestation Kress Home KA0110 KA0112"}]},{"@type":"WebSite","@id":"https:\/\/www.alfred-scheerer.de\/shop\/#website","url":"https:\/\/www.alfred-scheerer.de\/shop\/","name":"Scheerer GmbH (ehem. Alfred Scheerer e.K.)","description":"Der Online Shop aus Wermelskirchen f\u00fcr M\u00e4hroboter, Akku Gartenger\u00e4te, Ersatzteile und Zubeh\u00f6r","publisher":{"@id":"https:\/\/www.alfred-scheerer.de\/shop\/#organization"},"potentialAction":[{"@type":"SearchAction","target":{"@type":"EntryPoint","urlTemplate":"https:\/\/www.alfred-scheerer.de\/shop\/?s={search_term_string}"},"query-input":{"@type":"PropertyValueSpecification","valueRequired":true,"valueName":"search_term_string"}}],"inLanguage":"de"},{"@type":"Organization","@id":"https:\/\/www.alfred-scheerer.de\/shop\/#organization","name":"Scheerer GmbH","url":"https:\/\/www.alfred-scheerer.de\/shop\/","logo":{"@type":"ImageObject","inLanguage":"de","@id":"https:\/\/www.alfred-scheerer.de\/shop\/#\/schema\/logo\/image\/","url":"https:\/\/alfred-scheerer.de\/shop\/wp-content\/uploads\/2024\/05\/baum.jpg","contentUrl":"https:\/\/alfred-scheerer.de\/shop\/wp-content\/uploads\/2024\/05\/baum.jpg","width":512,"height":512,"caption":"Scheerer GmbH"},"image":{"@id":"https:\/\/www.alfred-scheerer.de\/shop\/#\/schema\/logo\/image\/"},"sameAs":["https:\/\/www.instagram.com\/alfredscheerer\/"]}]}},"_links":{"self":[{"href":"https:\/\/www.alfred-scheerer.de\/shop\/wp-json\/wp\/v2\/product\/3684","targetHints":{"allow":["GET"]}}],"collection":[{"href":"https:\/\/www.alfred-scheerer.de\/shop\/wp-json\/wp\/v2\/product"}],"about":[{"href":"https:\/\/www.alfred-scheerer.de\/shop\/wp-json\/wp\/v2\/types\/product"}],"wp:featuredmedia":[{"embeddable":true,"href":"https:\/\/www.alfred-scheerer.de\/shop\/wp-json\/wp\/v2\/media\/3839"}],"wp:attachment":[{"href":"https:\/\/www.alfred-scheerer.de\/shop\/wp-json\/wp\/v2\/media?parent=3684"}],"wp:term":[{"taxonomy":"product_brand","embeddable":true,"href":"https:\/\/www.alfred-scheerer.de\/shop\/wp-json\/wp\/v2\/product_brand?post=3684"},{"taxonomy":"product_cat","embeddable":true,"href":"https:\/\/www.alfred-scheerer.de\/shop\/wp-json\/wp\/v2\/product_cat?post=3684"},{"taxonomy":"product_tag","embeddable":true,"href":"https:\/\/www.alfred-scheerer.de\/shop\/wp-json\/wp\/v2\/product_tag?post=3684"}],"curies":[{"name":"wp","href":"https:\/\/api.w.org\/{rel}","templated":true}]}}