{"id":3757,"date":"2020-06-08T09:32:08","date_gmt":"2020-06-08T07:32:08","guid":{"rendered":"http:\/\/alfred-scheerer.de\/shop\/?post_type=product&#038;p=3757"},"modified":"2026-03-09T13:32:20","modified_gmt":"2026-03-09T12:32:20","slug":"10-stueck-gel-verbinder-314-3m-scotchlock-kabelverbinder","status":"publish","type":"product","link":"https:\/\/www.alfred-scheerer.de\/shop\/product\/10-stueck-gel-verbinder-314-3m-scotchlock-kabelverbinder\/","title":{"rendered":"10 St\u00fcck Gel Verbinder 314 3M Scotchlock  Kabelverbinder"},"content":{"rendered":"<p>Original 3M Scotchlock 314 Gel Verbinder zur Verbindung von Kabel mit einem Durchmesser von max. 3,94 mm.<\/p>\n<p>Anwendung:<br \/>\nBeide Kabelenden bis zum Anschlag in Verbinder einschieben, Verbinder mit Zange zusammen dr\u00fccken.<\/p>\n","protected":false},"excerpt":{"rendered":"<p>Original 3M Scotchlock 314 Gel Verbinder zur Verbindung von Kabel mit einem Durchmesser von max. 3,94 mm.<\/p>\n","protected":false},"featured_media":3759,"template":"","meta":[],"product_brand":[],"product_cat":[308,879],"product_tag":[884,885,886,887],"class_list":{"0":"post-3757","1":"product","2":"type-product","3":"status-publish","4":"has-post-thumbnail","6":"product_cat-installation-kits","7":"product_cat-kabelverbinder-kabelreparatur","8":"product_tag-3m-314","9":"product_tag-gel-verbinder","10":"product_tag-kabelverbinder","11":"product_tag-scotchlock","13":"first","14":"instock","15":"taxable","16":"shipping-taxable","17":"purchasable","18":"product-type-simple"},"yoast_head":"<!-- This site is optimized with the Yoast SEO plugin v27.3 - https:\/\/yoast.com\/product\/yoast-seo-wordpress\/ -->\n<title>10 St\u00fcck Gel Verbinder 314 3M Scotchlock Kabelverbinder - Gartentechnik Scheerer<\/title>\n<meta name=\"robots\" content=\"index, follow, max-snippet:-1, max-image-preview:large, max-video-preview:-1\" \/>\n<link rel=\"canonical\" href=\"https:\/\/www.alfred-scheerer.de\/shop\/product\/10-stueck-gel-verbinder-314-3m-scotchlock-kabelverbinder\/\" \/>\n<meta property=\"og:locale\" content=\"de_DE\" \/>\n<meta property=\"og:type\" content=\"article\" \/>\n<meta property=\"og:title\" content=\"10 St\u00fcck Gel Verbinder 314 3M Scotchlock Kabelverbinder - Gartentechnik Scheerer\" \/>\n<meta property=\"og:description\" content=\"Original 3M Scotchlock 314 Gel Verbinder zur Verbindung von Kabel mit einem Durchmesser von max. 3,94 mm.\" \/>\n<meta property=\"og:url\" content=\"https:\/\/www.alfred-scheerer.de\/shop\/product\/10-stueck-gel-verbinder-314-3m-scotchlock-kabelverbinder\/\" \/>\n<meta property=\"og:site_name\" content=\"Gartentechnik Scheerer\" \/>\n<meta property=\"article:modified_time\" content=\"2026-03-09T12:32:20+00:00\" \/>\n<meta property=\"og:image\" content=\"https:\/\/www.alfred-scheerer.de\/shop\/wp-content\/uploads\/2020\/06\/3M-Leitungsverbinder-314.jpg\" \/>\n\t<meta property=\"og:image:width\" content=\"800\" \/>\n\t<meta property=\"og:image:height\" content=\"800\" \/>\n\t<meta property=\"og:image:type\" content=\"image\/jpeg\" \/>\n<meta name=\"twitter:card\" content=\"summary_large_image\" \/>\n<script type=\"application\/ld+json\" class=\"yoast-schema-graph\">{\"@context\":\"https:\\\/\\\/schema.org\",\"@graph\":[{\"@type\":\"WebPage\",\"@id\":\"https:\\\/\\\/www.alfred-scheerer.de\\\/shop\\\/product\\\/10-stueck-gel-verbinder-314-3m-scotchlock-kabelverbinder\\\/\",\"url\":\"https:\\\/\\\/www.alfred-scheerer.de\\\/shop\\\/product\\\/10-stueck-gel-verbinder-314-3m-scotchlock-kabelverbinder\\\/\",\"name\":\"10 St\u00fcck Gel Verbinder 314 3M Scotchlock Kabelverbinder - Gartentechnik Scheerer\",\"isPartOf\":{\"@id\":\"https:\\\/\\\/www.alfred-scheerer.de\\\/shop\\\/#website\"},\"primaryImageOfPage\":{\"@id\":\"https:\\\/\\\/www.alfred-scheerer.de\\\/shop\\\/product\\\/10-stueck-gel-verbinder-314-3m-scotchlock-kabelverbinder\\\/#primaryimage\"},\"image\":{\"@id\":\"https:\\\/\\\/www.alfred-scheerer.de\\\/shop\\\/product\\\/10-stueck-gel-verbinder-314-3m-scotchlock-kabelverbinder\\\/#primaryimage\"},\"thumbnailUrl\":\"https:\\\/\\\/www.alfred-scheerer.de\\\/shop\\\/wp-content\\\/uploads\\\/2020\\\/06\\\/3M-Leitungsverbinder-314.jpg\",\"datePublished\":\"2020-06-08T07:32:08+00:00\",\"dateModified\":\"2026-03-09T12:32:20+00:00\",\"breadcrumb\":{\"@id\":\"https:\\\/\\\/www.alfred-scheerer.de\\\/shop\\\/product\\\/10-stueck-gel-verbinder-314-3m-scotchlock-kabelverbinder\\\/#breadcrumb\"},\"inLanguage\":\"de\",\"potentialAction\":[{\"@type\":\"ReadAction\",\"target\":[\"https:\\\/\\\/www.alfred-scheerer.de\\\/shop\\\/product\\\/10-stueck-gel-verbinder-314-3m-scotchlock-kabelverbinder\\\/\"]}]},{\"@type\":\"ImageObject\",\"inLanguage\":\"de\",\"@id\":\"https:\\\/\\\/www.alfred-scheerer.de\\\/shop\\\/product\\\/10-stueck-gel-verbinder-314-3m-scotchlock-kabelverbinder\\\/#primaryimage\",\"url\":\"https:\\\/\\\/www.alfred-scheerer.de\\\/shop\\\/wp-content\\\/uploads\\\/2020\\\/06\\\/3M-Leitungsverbinder-314.jpg\",\"contentUrl\":\"https:\\\/\\\/www.alfred-scheerer.de\\\/shop\\\/wp-content\\\/uploads\\\/2020\\\/06\\\/3M-Leitungsverbinder-314.jpg\",\"width\":800,\"height\":800},{\"@type\":\"BreadcrumbList\",\"@id\":\"https:\\\/\\\/www.alfred-scheerer.de\\\/shop\\\/product\\\/10-stueck-gel-verbinder-314-3m-scotchlock-kabelverbinder\\\/#breadcrumb\",\"itemListElement\":[{\"@type\":\"ListItem\",\"position\":1,\"name\":\"Startseite\",\"item\":\"https:\\\/\\\/www.alfred-scheerer.de\\\/shop\\\/\"},{\"@type\":\"ListItem\",\"position\":2,\"name\":\"Gartentechnik Scheerer &#8211; Der Online Shop f\u00fcr M\u00e4hroboter und Zubeh\u00f6r\",\"item\":\"https:\\\/\\\/www.alfred-scheerer.de\\\/shop\\\/\"},{\"@type\":\"ListItem\",\"position\":3,\"name\":\"10 St\u00fcck Gel Verbinder 314 3M Scotchlock Kabelverbinder\"}]},{\"@type\":\"WebSite\",\"@id\":\"https:\\\/\\\/www.alfred-scheerer.de\\\/shop\\\/#website\",\"url\":\"https:\\\/\\\/www.alfred-scheerer.de\\\/shop\\\/\",\"name\":\"Scheerer GmbH (ehem. Alfred Scheerer e.K.)\",\"description\":\"Der Online Shop aus Wermelskirchen f\u00fcr M\u00e4hroboter, Akku Gartenger\u00e4te, Ersatzteile und Zubeh\u00f6r\",\"publisher\":{\"@id\":\"https:\\\/\\\/www.alfred-scheerer.de\\\/shop\\\/#organization\"},\"potentialAction\":[{\"@type\":\"SearchAction\",\"target\":{\"@type\":\"EntryPoint\",\"urlTemplate\":\"https:\\\/\\\/www.alfred-scheerer.de\\\/shop\\\/?s={search_term_string}\"},\"query-input\":{\"@type\":\"PropertyValueSpecification\",\"valueRequired\":true,\"valueName\":\"search_term_string\"}}],\"inLanguage\":\"de\"},{\"@type\":\"Organization\",\"@id\":\"https:\\\/\\\/www.alfred-scheerer.de\\\/shop\\\/#organization\",\"name\":\"Scheerer GmbH\",\"url\":\"https:\\\/\\\/www.alfred-scheerer.de\\\/shop\\\/\",\"logo\":{\"@type\":\"ImageObject\",\"inLanguage\":\"de\",\"@id\":\"https:\\\/\\\/www.alfred-scheerer.de\\\/shop\\\/#\\\/schema\\\/logo\\\/image\\\/\",\"url\":\"https:\\\/\\\/alfred-scheerer.de\\\/shop\\\/wp-content\\\/uploads\\\/2024\\\/05\\\/baum.jpg\",\"contentUrl\":\"https:\\\/\\\/alfred-scheerer.de\\\/shop\\\/wp-content\\\/uploads\\\/2024\\\/05\\\/baum.jpg\",\"width\":512,\"height\":512,\"caption\":\"Scheerer GmbH\"},\"image\":{\"@id\":\"https:\\\/\\\/www.alfred-scheerer.de\\\/shop\\\/#\\\/schema\\\/logo\\\/image\\\/\"},\"sameAs\":[\"https:\\\/\\\/www.instagram.com\\\/alfredscheerer\\\/\"]}]}<\/script>\n<!-- \/ Yoast SEO plugin. -->","yoast_head_json":{"title":"10 St\u00fcck Gel Verbinder 314 3M Scotchlock Kabelverbinder - Gartentechnik Scheerer","robots":{"index":"index","follow":"follow","max-snippet":"max-snippet:-1","max-image-preview":"max-image-preview:large","max-video-preview":"max-video-preview:-1"},"canonical":"https:\/\/www.alfred-scheerer.de\/shop\/product\/10-stueck-gel-verbinder-314-3m-scotchlock-kabelverbinder\/","og_locale":"de_DE","og_type":"article","og_title":"10 St\u00fcck Gel Verbinder 314 3M Scotchlock Kabelverbinder - Gartentechnik Scheerer","og_description":"Original 3M Scotchlock 314 Gel Verbinder zur Verbindung von Kabel mit einem Durchmesser von max. 3,94 mm.","og_url":"https:\/\/www.alfred-scheerer.de\/shop\/product\/10-stueck-gel-verbinder-314-3m-scotchlock-kabelverbinder\/","og_site_name":"Gartentechnik Scheerer","article_modified_time":"2026-03-09T12:32:20+00:00","og_image":[{"width":800,"height":800,"url":"https:\/\/www.alfred-scheerer.de\/shop\/wp-content\/uploads\/2020\/06\/3M-Leitungsverbinder-314.jpg","type":"image\/jpeg"}],"twitter_card":"summary_large_image","schema":{"@context":"https:\/\/schema.org","@graph":[{"@type":"WebPage","@id":"https:\/\/www.alfred-scheerer.de\/shop\/product\/10-stueck-gel-verbinder-314-3m-scotchlock-kabelverbinder\/","url":"https:\/\/www.alfred-scheerer.de\/shop\/product\/10-stueck-gel-verbinder-314-3m-scotchlock-kabelverbinder\/","name":"10 St\u00fcck Gel Verbinder 314 3M Scotchlock Kabelverbinder - Gartentechnik Scheerer","isPartOf":{"@id":"https:\/\/www.alfred-scheerer.de\/shop\/#website"},"primaryImageOfPage":{"@id":"https:\/\/www.alfred-scheerer.de\/shop\/product\/10-stueck-gel-verbinder-314-3m-scotchlock-kabelverbinder\/#primaryimage"},"image":{"@id":"https:\/\/www.alfred-scheerer.de\/shop\/product\/10-stueck-gel-verbinder-314-3m-scotchlock-kabelverbinder\/#primaryimage"},"thumbnailUrl":"https:\/\/www.alfred-scheerer.de\/shop\/wp-content\/uploads\/2020\/06\/3M-Leitungsverbinder-314.jpg","datePublished":"2020-06-08T07:32:08+00:00","dateModified":"2026-03-09T12:32:20+00:00","breadcrumb":{"@id":"https:\/\/www.alfred-scheerer.de\/shop\/product\/10-stueck-gel-verbinder-314-3m-scotchlock-kabelverbinder\/#breadcrumb"},"inLanguage":"de","potentialAction":[{"@type":"ReadAction","target":["https:\/\/www.alfred-scheerer.de\/shop\/product\/10-stueck-gel-verbinder-314-3m-scotchlock-kabelverbinder\/"]}]},{"@type":"ImageObject","inLanguage":"de","@id":"https:\/\/www.alfred-scheerer.de\/shop\/product\/10-stueck-gel-verbinder-314-3m-scotchlock-kabelverbinder\/#primaryimage","url":"https:\/\/www.alfred-scheerer.de\/shop\/wp-content\/uploads\/2020\/06\/3M-Leitungsverbinder-314.jpg","contentUrl":"https:\/\/www.alfred-scheerer.de\/shop\/wp-content\/uploads\/2020\/06\/3M-Leitungsverbinder-314.jpg","width":800,"height":800},{"@type":"BreadcrumbList","@id":"https:\/\/www.alfred-scheerer.de\/shop\/product\/10-stueck-gel-verbinder-314-3m-scotchlock-kabelverbinder\/#breadcrumb","itemListElement":[{"@type":"ListItem","position":1,"name":"Startseite","item":"https:\/\/www.alfred-scheerer.de\/shop\/"},{"@type":"ListItem","position":2,"name":"Gartentechnik Scheerer &#8211; Der Online Shop f\u00fcr M\u00e4hroboter und Zubeh\u00f6r","item":"https:\/\/www.alfred-scheerer.de\/shop\/"},{"@type":"ListItem","position":3,"name":"10 St\u00fcck Gel Verbinder 314 3M Scotchlock Kabelverbinder"}]},{"@type":"WebSite","@id":"https:\/\/www.alfred-scheerer.de\/shop\/#website","url":"https:\/\/www.alfred-scheerer.de\/shop\/","name":"Scheerer GmbH (ehem. Alfred Scheerer e.K.)","description":"Der Online Shop aus Wermelskirchen f\u00fcr M\u00e4hroboter, Akku Gartenger\u00e4te, Ersatzteile und Zubeh\u00f6r","publisher":{"@id":"https:\/\/www.alfred-scheerer.de\/shop\/#organization"},"potentialAction":[{"@type":"SearchAction","target":{"@type":"EntryPoint","urlTemplate":"https:\/\/www.alfred-scheerer.de\/shop\/?s={search_term_string}"},"query-input":{"@type":"PropertyValueSpecification","valueRequired":true,"valueName":"search_term_string"}}],"inLanguage":"de"},{"@type":"Organization","@id":"https:\/\/www.alfred-scheerer.de\/shop\/#organization","name":"Scheerer GmbH","url":"https:\/\/www.alfred-scheerer.de\/shop\/","logo":{"@type":"ImageObject","inLanguage":"de","@id":"https:\/\/www.alfred-scheerer.de\/shop\/#\/schema\/logo\/image\/","url":"https:\/\/alfred-scheerer.de\/shop\/wp-content\/uploads\/2024\/05\/baum.jpg","contentUrl":"https:\/\/alfred-scheerer.de\/shop\/wp-content\/uploads\/2024\/05\/baum.jpg","width":512,"height":512,"caption":"Scheerer GmbH"},"image":{"@id":"https:\/\/www.alfred-scheerer.de\/shop\/#\/schema\/logo\/image\/"},"sameAs":["https:\/\/www.instagram.com\/alfredscheerer\/"]}]}},"_links":{"self":[{"href":"https:\/\/www.alfred-scheerer.de\/shop\/wp-json\/wp\/v2\/product\/3757","targetHints":{"allow":["GET"]}}],"collection":[{"href":"https:\/\/www.alfred-scheerer.de\/shop\/wp-json\/wp\/v2\/product"}],"about":[{"href":"https:\/\/www.alfred-scheerer.de\/shop\/wp-json\/wp\/v2\/types\/product"}],"wp:featuredmedia":[{"embeddable":true,"href":"https:\/\/www.alfred-scheerer.de\/shop\/wp-json\/wp\/v2\/media\/3759"}],"wp:attachment":[{"href":"https:\/\/www.alfred-scheerer.de\/shop\/wp-json\/wp\/v2\/media?parent=3757"}],"wp:term":[{"taxonomy":"product_brand","embeddable":true,"href":"https:\/\/www.alfred-scheerer.de\/shop\/wp-json\/wp\/v2\/product_brand?post=3757"},{"taxonomy":"product_cat","embeddable":true,"href":"https:\/\/www.alfred-scheerer.de\/shop\/wp-json\/wp\/v2\/product_cat?post=3757"},{"taxonomy":"product_tag","embeddable":true,"href":"https:\/\/www.alfred-scheerer.de\/shop\/wp-json\/wp\/v2\/product_tag?post=3757"}],"curies":[{"name":"wp","href":"https:\/\/api.w.org\/{rel}","templated":true}]}}