{"id":3783,"date":"2020-06-16T16:37:32","date_gmt":"2020-06-16T14:37:32","guid":{"rendered":"http:\/\/alfred-scheerer.de\/shop\/?post_type=product&#038;p=3783"},"modified":"2025-05-27T16:27:22","modified_gmt":"2025-05-27T14:27:22","slug":"installations-kit-xxl","status":"publish","type":"product","link":"https:\/\/www.alfred-scheerer.de\/shop\/product\/installations-kit-xxl\/","title":{"rendered":"Installations-Kit XXL bis 6.000 m\u00b2, 500 m Kabel, 600 N\u00e4gel, 10 St\u00fcck Verbinder"},"content":{"rendered":"<h2>Installations-Kit XXL M\u00e4hroboter \u2013 F\u00fcr sehr gro\u00dfe und komplexe Rasenfl\u00e4chen<\/h2>\n<h2><\/h2>\n<p data-start=\"457\" data-end=\"711\">Das <strong data-start=\"461\" data-end=\"496\">Installations-Kit XXL M\u00e4hroboter<\/strong> ist ideal f\u00fcr besonders gro\u00dfe Grundst\u00fccke oder G\u00e4rten mit vielen Hindernissen und unregelm\u00e4\u00dfigen Fl\u00e4chen. Es bietet eine zuverl\u00e4ssige L\u00f6sung f\u00fcr einfache Rasenfl\u00e4chen bis 6.000 m\u00b2 oder komplexe G\u00e4rten bis 4.000 m\u00b2.<\/p>\n<p data-start=\"713\" data-end=\"779\"><strong data-start=\"713\" data-end=\"779\">Im Lieferumfang des Installations-Kit XXL M\u00e4hroboter enthalten:<\/strong><\/p>\n<ul>\n<li data-start=\"782\" data-end=\"880\">500 m hochwertiges Begrenzungskabel (mind. 3 mm Durchmesser, Litze min. 1,5 mm\u00b2 Kupfer verzinnt)<\/li>\n<li data-start=\"883\" data-end=\"940\">Kabelfarbe je nach Verf\u00fcgbarkeit: braun, gr\u00fcn oder gelb<\/li>\n<li data-start=\"943\" data-end=\"972\">600 St\u00fcck Befestigungsn\u00e4gel<\/li>\n<li data-start=\"975\" data-end=\"1006\">10 St\u00fcck 3M 314 Gel-Verbinder<\/li>\n<\/ul>\n<p><strong>ausreichend f\u00fcr:<\/strong><br \/>\neinfache Rasenfl\u00e4chen bis 6.000 m\u00b2<br \/>\nkomplexe Rasenfl\u00e4chen bis 4.000 m\u00b2<\/p>\n","protected":false},"excerpt":{"rendered":"<p><strong>Installations-Kit XXL<\/strong><\/p>\n<p><strong>ausreichend f\u00fcr:<\/strong><br \/>\neinfache Rasenfl\u00e4chen bis 6.000 m\u00b2<br \/>\nkomplexe Rasenfl\u00e4chen bis 4.000 m\u00b2<\/p>\n","protected":false},"featured_media":11619,"template":"","meta":[],"product_brand":[],"product_cat":[876,308],"product_tag":[889,890,891,880,892,881,899,882,900,883,901,884,902,885,993,886,994,888,995],"class_list":{"0":"post-3783","1":"product","2":"type-product","3":"status-publish","4":"has-post-thumbnail","6":"product_cat-installations-kits","7":"product_cat-installation-kits","8":"product_tag-perimeterkabel","9":"product_tag-maehroboter-kabel","10":"product_tag-rasenroboter-kabel","11":"product_tag-kabel-nagel","12":"product_tag-randkabel","13":"product_tag-rasennagel","14":"product_tag-maehroboter-installation","15":"product_tag-kunststoffnagel","16":"product_tag-rasenroboter-installation","17":"product_tag-nagel-begrenzungskabel","18":"product_tag-maehroboter-installieren","19":"product_tag-3m-314","20":"product_tag-rasenroboter-installieren","21":"product_tag-gel-verbinder","22":"product_tag-befestigungsnagel","23":"product_tag-kabelverbinder","24":"product_tag-500-m","25":"product_tag-begrenzungskabel","26":"product_tag-500-m-kabel","28":"first","29":"instock","30":"sale","31":"sold-individually","32":"taxable","33":"purchasable","34":"product-type-woosb"},"yoast_head":"<!-- This site is optimized with the Yoast SEO plugin v27.4 - https:\/\/yoast.com\/product\/yoast-seo-wordpress\/ -->\n<title>Installations-Kit XXL M\u00e4hroboter f\u00fcr Rasenfl\u00e4chen bis 6.000 m\u00b2<\/title>\n<meta name=\"description\" content=\"Installations-Kit XXL M\u00e4hroboter f\u00fcr Fl\u00e4chen bis 6.000 m\u00b2 \u2013 mit 500 m Kabel, 600 N\u00e4geln &amp; 3M-Verbinder. Perfekt f\u00fcr gro\u00dfe &amp; komplexe G\u00e4rten.\" \/>\n<meta name=\"robots\" content=\"index, follow, max-snippet:-1, max-image-preview:large, max-video-preview:-1\" \/>\n<link rel=\"canonical\" href=\"https:\/\/www.alfred-scheerer.de\/shop\/product\/installations-kit-xxl\/\" \/>\n<meta property=\"og:locale\" content=\"de_DE\" \/>\n<meta property=\"og:type\" content=\"article\" \/>\n<meta property=\"og:title\" content=\"Installations-Kit XXL M\u00e4hroboter f\u00fcr Rasenfl\u00e4chen bis 6.000 m\u00b2\" \/>\n<meta property=\"og:description\" content=\"Installations-Kit XXL M\u00e4hroboter f\u00fcr Fl\u00e4chen bis 6.000 m\u00b2 \u2013 mit 500 m Kabel, 600 N\u00e4geln &amp; 3M-Verbinder. Perfekt f\u00fcr gro\u00dfe &amp; komplexe G\u00e4rten.\" \/>\n<meta property=\"og:url\" content=\"https:\/\/www.alfred-scheerer.de\/shop\/product\/installations-kit-xxl\/\" \/>\n<meta property=\"og:site_name\" content=\"Gartentechnik Scheerer\" \/>\n<meta property=\"article:modified_time\" content=\"2025-05-27T14:27:22+00:00\" \/>\n<meta property=\"og:image\" content=\"https:\/\/www.alfred-scheerer.de\/shop\/wp-content\/uploads\/2020\/08\/Installations_kit.jpg\" \/>\n\t<meta property=\"og:image:width\" content=\"800\" \/>\n\t<meta property=\"og:image:height\" content=\"800\" \/>\n\t<meta property=\"og:image:type\" content=\"image\/jpeg\" \/>\n<meta name=\"twitter:card\" content=\"summary_large_image\" \/>\n<meta name=\"twitter:label1\" content=\"Gesch\u00e4tzte Lesezeit\" \/>\n\t<meta name=\"twitter:data1\" content=\"1\u00a0Minute\" \/>\n<script type=\"application\/ld+json\" class=\"yoast-schema-graph\">{\"@context\":\"https:\\\/\\\/schema.org\",\"@graph\":[{\"@type\":\"WebPage\",\"@id\":\"https:\\\/\\\/www.alfred-scheerer.de\\\/shop\\\/product\\\/installations-kit-xxl\\\/\",\"url\":\"https:\\\/\\\/www.alfred-scheerer.de\\\/shop\\\/product\\\/installations-kit-xxl\\\/\",\"name\":\"Installations-Kit XXL M\u00e4hroboter f\u00fcr Rasenfl\u00e4chen bis 6.000 m\u00b2\",\"isPartOf\":{\"@id\":\"https:\\\/\\\/www.alfred-scheerer.de\\\/shop\\\/#website\"},\"primaryImageOfPage\":{\"@id\":\"https:\\\/\\\/www.alfred-scheerer.de\\\/shop\\\/product\\\/installations-kit-xxl\\\/#primaryimage\"},\"image\":{\"@id\":\"https:\\\/\\\/www.alfred-scheerer.de\\\/shop\\\/product\\\/installations-kit-xxl\\\/#primaryimage\"},\"thumbnailUrl\":\"https:\\\/\\\/www.alfred-scheerer.de\\\/shop\\\/wp-content\\\/uploads\\\/2020\\\/08\\\/Installations_kit.jpg\",\"datePublished\":\"2020-06-16T14:37:32+00:00\",\"dateModified\":\"2025-05-27T14:27:22+00:00\",\"description\":\"Installations-Kit XXL M\u00e4hroboter f\u00fcr Fl\u00e4chen bis 6.000 m\u00b2 \u2013 mit 500 m Kabel, 600 N\u00e4geln & 3M-Verbinder. Perfekt f\u00fcr gro\u00dfe & komplexe G\u00e4rten.\",\"breadcrumb\":{\"@id\":\"https:\\\/\\\/www.alfred-scheerer.de\\\/shop\\\/product\\\/installations-kit-xxl\\\/#breadcrumb\"},\"inLanguage\":\"de\",\"potentialAction\":[{\"@type\":\"ReadAction\",\"target\":[\"https:\\\/\\\/www.alfred-scheerer.de\\\/shop\\\/product\\\/installations-kit-xxl\\\/\"]}]},{\"@type\":\"ImageObject\",\"inLanguage\":\"de\",\"@id\":\"https:\\\/\\\/www.alfred-scheerer.de\\\/shop\\\/product\\\/installations-kit-xxl\\\/#primaryimage\",\"url\":\"https:\\\/\\\/www.alfred-scheerer.de\\\/shop\\\/wp-content\\\/uploads\\\/2020\\\/08\\\/Installations_kit.jpg\",\"contentUrl\":\"https:\\\/\\\/www.alfred-scheerer.de\\\/shop\\\/wp-content\\\/uploads\\\/2020\\\/08\\\/Installations_kit.jpg\",\"width\":800,\"height\":800},{\"@type\":\"BreadcrumbList\",\"@id\":\"https:\\\/\\\/www.alfred-scheerer.de\\\/shop\\\/product\\\/installations-kit-xxl\\\/#breadcrumb\",\"itemListElement\":[{\"@type\":\"ListItem\",\"position\":1,\"name\":\"Startseite\",\"item\":\"https:\\\/\\\/www.alfred-scheerer.de\\\/shop\\\/\"},{\"@type\":\"ListItem\",\"position\":2,\"name\":\"Gartentechnik Scheerer &#8211; Der Online Shop f\u00fcr M\u00e4hroboter und Zubeh\u00f6r\",\"item\":\"https:\\\/\\\/www.alfred-scheerer.de\\\/shop\\\/\"},{\"@type\":\"ListItem\",\"position\":3,\"name\":\"Installations-Kit XXL bis 6.000 m\u00b2, 500 m Kabel, 600 N\u00e4gel, 10 St\u00fcck Verbinder\"}]},{\"@type\":\"WebSite\",\"@id\":\"https:\\\/\\\/www.alfred-scheerer.de\\\/shop\\\/#website\",\"url\":\"https:\\\/\\\/www.alfred-scheerer.de\\\/shop\\\/\",\"name\":\"Scheerer GmbH (ehem. Alfred Scheerer e.K.)\",\"description\":\"Der Online Shop aus Wermelskirchen f\u00fcr M\u00e4hroboter, Akku Gartenger\u00e4te, Ersatzteile und Zubeh\u00f6r\",\"publisher\":{\"@id\":\"https:\\\/\\\/www.alfred-scheerer.de\\\/shop\\\/#organization\"},\"potentialAction\":[{\"@type\":\"SearchAction\",\"target\":{\"@type\":\"EntryPoint\",\"urlTemplate\":\"https:\\\/\\\/www.alfred-scheerer.de\\\/shop\\\/?s={search_term_string}\"},\"query-input\":{\"@type\":\"PropertyValueSpecification\",\"valueRequired\":true,\"valueName\":\"search_term_string\"}}],\"inLanguage\":\"de\"},{\"@type\":\"Organization\",\"@id\":\"https:\\\/\\\/www.alfred-scheerer.de\\\/shop\\\/#organization\",\"name\":\"Scheerer GmbH\",\"url\":\"https:\\\/\\\/www.alfred-scheerer.de\\\/shop\\\/\",\"logo\":{\"@type\":\"ImageObject\",\"inLanguage\":\"de\",\"@id\":\"https:\\\/\\\/www.alfred-scheerer.de\\\/shop\\\/#\\\/schema\\\/logo\\\/image\\\/\",\"url\":\"https:\\\/\\\/alfred-scheerer.de\\\/shop\\\/wp-content\\\/uploads\\\/2024\\\/05\\\/baum.jpg\",\"contentUrl\":\"https:\\\/\\\/alfred-scheerer.de\\\/shop\\\/wp-content\\\/uploads\\\/2024\\\/05\\\/baum.jpg\",\"width\":512,\"height\":512,\"caption\":\"Scheerer GmbH\"},\"image\":{\"@id\":\"https:\\\/\\\/www.alfred-scheerer.de\\\/shop\\\/#\\\/schema\\\/logo\\\/image\\\/\"},\"sameAs\":[\"https:\\\/\\\/www.instagram.com\\\/alfredscheerer\\\/\"]}]}<\/script>\n<!-- \/ Yoast SEO plugin. -->","yoast_head_json":{"title":"Installations-Kit XXL M\u00e4hroboter f\u00fcr Rasenfl\u00e4chen bis 6.000 m\u00b2","description":"Installations-Kit XXL M\u00e4hroboter f\u00fcr Fl\u00e4chen bis 6.000 m\u00b2 \u2013 mit 500 m Kabel, 600 N\u00e4geln & 3M-Verbinder. Perfekt f\u00fcr gro\u00dfe & komplexe G\u00e4rten.","robots":{"index":"index","follow":"follow","max-snippet":"max-snippet:-1","max-image-preview":"max-image-preview:large","max-video-preview":"max-video-preview:-1"},"canonical":"https:\/\/www.alfred-scheerer.de\/shop\/product\/installations-kit-xxl\/","og_locale":"de_DE","og_type":"article","og_title":"Installations-Kit XXL M\u00e4hroboter f\u00fcr Rasenfl\u00e4chen bis 6.000 m\u00b2","og_description":"Installations-Kit XXL M\u00e4hroboter f\u00fcr Fl\u00e4chen bis 6.000 m\u00b2 \u2013 mit 500 m Kabel, 600 N\u00e4geln & 3M-Verbinder. Perfekt f\u00fcr gro\u00dfe & komplexe G\u00e4rten.","og_url":"https:\/\/www.alfred-scheerer.de\/shop\/product\/installations-kit-xxl\/","og_site_name":"Gartentechnik Scheerer","article_modified_time":"2025-05-27T14:27:22+00:00","og_image":[{"width":800,"height":800,"url":"https:\/\/www.alfred-scheerer.de\/shop\/wp-content\/uploads\/2020\/08\/Installations_kit.jpg","type":"image\/jpeg"}],"twitter_card":"summary_large_image","twitter_misc":{"Gesch\u00e4tzte Lesezeit":"1\u00a0Minute"},"schema":{"@context":"https:\/\/schema.org","@graph":[{"@type":"WebPage","@id":"https:\/\/www.alfred-scheerer.de\/shop\/product\/installations-kit-xxl\/","url":"https:\/\/www.alfred-scheerer.de\/shop\/product\/installations-kit-xxl\/","name":"Installations-Kit XXL M\u00e4hroboter f\u00fcr Rasenfl\u00e4chen bis 6.000 m\u00b2","isPartOf":{"@id":"https:\/\/www.alfred-scheerer.de\/shop\/#website"},"primaryImageOfPage":{"@id":"https:\/\/www.alfred-scheerer.de\/shop\/product\/installations-kit-xxl\/#primaryimage"},"image":{"@id":"https:\/\/www.alfred-scheerer.de\/shop\/product\/installations-kit-xxl\/#primaryimage"},"thumbnailUrl":"https:\/\/www.alfred-scheerer.de\/shop\/wp-content\/uploads\/2020\/08\/Installations_kit.jpg","datePublished":"2020-06-16T14:37:32+00:00","dateModified":"2025-05-27T14:27:22+00:00","description":"Installations-Kit XXL M\u00e4hroboter f\u00fcr Fl\u00e4chen bis 6.000 m\u00b2 \u2013 mit 500 m Kabel, 600 N\u00e4geln & 3M-Verbinder. Perfekt f\u00fcr gro\u00dfe & komplexe G\u00e4rten.","breadcrumb":{"@id":"https:\/\/www.alfred-scheerer.de\/shop\/product\/installations-kit-xxl\/#breadcrumb"},"inLanguage":"de","potentialAction":[{"@type":"ReadAction","target":["https:\/\/www.alfred-scheerer.de\/shop\/product\/installations-kit-xxl\/"]}]},{"@type":"ImageObject","inLanguage":"de","@id":"https:\/\/www.alfred-scheerer.de\/shop\/product\/installations-kit-xxl\/#primaryimage","url":"https:\/\/www.alfred-scheerer.de\/shop\/wp-content\/uploads\/2020\/08\/Installations_kit.jpg","contentUrl":"https:\/\/www.alfred-scheerer.de\/shop\/wp-content\/uploads\/2020\/08\/Installations_kit.jpg","width":800,"height":800},{"@type":"BreadcrumbList","@id":"https:\/\/www.alfred-scheerer.de\/shop\/product\/installations-kit-xxl\/#breadcrumb","itemListElement":[{"@type":"ListItem","position":1,"name":"Startseite","item":"https:\/\/www.alfred-scheerer.de\/shop\/"},{"@type":"ListItem","position":2,"name":"Gartentechnik Scheerer &#8211; Der Online Shop f\u00fcr M\u00e4hroboter und Zubeh\u00f6r","item":"https:\/\/www.alfred-scheerer.de\/shop\/"},{"@type":"ListItem","position":3,"name":"Installations-Kit XXL bis 6.000 m\u00b2, 500 m Kabel, 600 N\u00e4gel, 10 St\u00fcck Verbinder"}]},{"@type":"WebSite","@id":"https:\/\/www.alfred-scheerer.de\/shop\/#website","url":"https:\/\/www.alfred-scheerer.de\/shop\/","name":"Scheerer GmbH (ehem. Alfred Scheerer e.K.)","description":"Der Online Shop aus Wermelskirchen f\u00fcr M\u00e4hroboter, Akku Gartenger\u00e4te, Ersatzteile und Zubeh\u00f6r","publisher":{"@id":"https:\/\/www.alfred-scheerer.de\/shop\/#organization"},"potentialAction":[{"@type":"SearchAction","target":{"@type":"EntryPoint","urlTemplate":"https:\/\/www.alfred-scheerer.de\/shop\/?s={search_term_string}"},"query-input":{"@type":"PropertyValueSpecification","valueRequired":true,"valueName":"search_term_string"}}],"inLanguage":"de"},{"@type":"Organization","@id":"https:\/\/www.alfred-scheerer.de\/shop\/#organization","name":"Scheerer GmbH","url":"https:\/\/www.alfred-scheerer.de\/shop\/","logo":{"@type":"ImageObject","inLanguage":"de","@id":"https:\/\/www.alfred-scheerer.de\/shop\/#\/schema\/logo\/image\/","url":"https:\/\/alfred-scheerer.de\/shop\/wp-content\/uploads\/2024\/05\/baum.jpg","contentUrl":"https:\/\/alfred-scheerer.de\/shop\/wp-content\/uploads\/2024\/05\/baum.jpg","width":512,"height":512,"caption":"Scheerer GmbH"},"image":{"@id":"https:\/\/www.alfred-scheerer.de\/shop\/#\/schema\/logo\/image\/"},"sameAs":["https:\/\/www.instagram.com\/alfredscheerer\/"]}]}},"_links":{"self":[{"href":"https:\/\/www.alfred-scheerer.de\/shop\/wp-json\/wp\/v2\/product\/3783","targetHints":{"allow":["GET"]}}],"collection":[{"href":"https:\/\/www.alfred-scheerer.de\/shop\/wp-json\/wp\/v2\/product"}],"about":[{"href":"https:\/\/www.alfred-scheerer.de\/shop\/wp-json\/wp\/v2\/types\/product"}],"wp:featuredmedia":[{"embeddable":true,"href":"https:\/\/www.alfred-scheerer.de\/shop\/wp-json\/wp\/v2\/media\/11619"}],"wp:attachment":[{"href":"https:\/\/www.alfred-scheerer.de\/shop\/wp-json\/wp\/v2\/media?parent=3783"}],"wp:term":[{"taxonomy":"product_brand","embeddable":true,"href":"https:\/\/www.alfred-scheerer.de\/shop\/wp-json\/wp\/v2\/product_brand?post=3783"},{"taxonomy":"product_cat","embeddable":true,"href":"https:\/\/www.alfred-scheerer.de\/shop\/wp-json\/wp\/v2\/product_cat?post=3783"},{"taxonomy":"product_tag","embeddable":true,"href":"https:\/\/www.alfred-scheerer.de\/shop\/wp-json\/wp\/v2\/product_tag?post=3783"}],"curies":[{"name":"wp","href":"https:\/\/api.w.org\/{rel}","templated":true}]}}