{"id":3786,"date":"2020-06-17T09:10:21","date_gmt":"2020-06-17T07:10:21","guid":{"rendered":"http:\/\/alfred-scheerer.de\/shop\/?post_type=product&#038;p=3786"},"modified":"2025-08-06T13:23:43","modified_gmt":"2025-08-06T11:23:43","slug":"gummirad-profilrad-reifen-ambrogio-wiper-300z10900a-200z06800a-075z02000a-110z54500a","status":"publish","type":"product","link":"https:\/\/www.alfred-scheerer.de\/shop\/product\/gummirad-profilrad-reifen-ambrogio-wiper-300z10900a-200z06800a-075z02000a-110z54500a\/","title":{"rendered":"Gummirad Profilrad Reifen 270 mm Ambrogio Stiga Wiper Techline 300Z10900A 200Z06800A 075Z02000A 110Z54500A 1126-9177-01"},"content":{"rendered":"<p>Die bew\u00e4hrten Ambrogio Flex-Gummir\u00e4der\/Reifen\/Profilrad vom L250\/L350 zur Verbesserung der Traktion bei schwierigem Gel\u00e4nde. Kein wegrutschen mehr auf M\u00e4hkanten in Steigungen. Leiseres Abrollger\u00e4usch, bessere Traktion.<br \/>\nEine noch bessere Traktion erreichen die R\u00e4der mit unseren <strong><u><a href=\"https:\/\/alfred-scheerer.de\/shop\/product\/radkrallen-radstern-steighilfe-ambrogio-wiper-tech-line-110z62600a\/\">Radkrallen<\/a><\/u><\/strong><\/p>\n<p>Die Gummir\u00e4der werden einfach gegen die vorhandenen Hartplastik-R\u00e4der (300Z10900A\/200Z06800A\/075Z02000A) ausgetauscht. Falls vorhanden muss der Radabstreifer etwas eingek\u00fcrzt werden.<br \/>\nBefestigungsschraube vom Rad mit fl\u00fcssiger Schraubensicherung &#8220;mittelfest&#8221; gegen l\u00f6sen sichern.<\/p>\n<p>Lieferumfang:<br \/>\n2 St\u00fcck R\u00e4der Durchmesser 270 mm 110Z54500A (Bild 45)<br \/>\n2 St\u00fcck Radkappen mit &#8220;A&#8221; Logo 110Z58200A (Bild 46)<\/p>\n<p>Rad\/Reifen passend f\u00fcr:<br \/>\nAmbrogio: L75, L85, L200R, L250, L300, L350<br \/>\nStiga Autoclip: 125, 127, 325, 528 S, 530 SG, 550 SG, 720 S<br \/>\nTechline: Tech L8, L20, Protech D25, L25i, S25i, L35i<br \/>\nWiper: Runner, R, SRH, Joy, J, Walker, F28, F35S, 48S, F50S<\/p>\n<p>Referenznummer:<br \/>\nAmbrogio, Tech Line, Wiper, ZCS: 300Z10900A, 200Z06800A, 075Z02000A, 110Z54500A<br \/>\nStiga: 1126-9177-01, 1129-9163-01, 1126-9129-01, 1126-9116-01, 1126-1294-01<\/p>\n","protected":false},"excerpt":{"rendered":"<p>Die bew\u00e4hrten Ambrogio Flex-Gummir\u00e4der\/Reifen\/Profilrad vom L250\/L350 zur Verbesserung der Traktion bei schwierigem Gel\u00e4nde. Kein wegrutschen mehr auf M\u00e4hkanten in Steigungen. Leiseres Abrollger\u00e4usch, bessere Traktion.<\/p>\n<p>Eine noch bessere Traktion erreichen die R\u00e4der mit unseren <strong><u><a href=\"https:\/\/alfred-scheerer.de\/shop\/product\/radkrallen-radstern-steighilfe-ambrogio-wiper-tech-line-110z62600a\/\">Radkrallen<\/a><\/u><\/strong><\/p>\n<p>Lieferumfang:<br \/>\n2 St\u00fcck R\u00e4der Durchmesser 270 mm 110Z54500A (Bild 45)<br \/>\n2 St\u00fcck Radkappen mit &#8220;A&#8221; Logo 110Z58200A (Bild 46)<\/p>\n","protected":false},"featured_media":3850,"template":"","meta":[],"product_brand":[1756],"product_cat":[312,358,98,100,101,102,108],"product_tag":[541,542,417,543,53,422,545,84,423,548,424,549,425,428,460,483,487],"class_list":{"0":"post-3786","1":"product","2":"type-product","3":"status-publish","4":"has-post-thumbnail","6":"product_brand-ambrogio","7":"product_cat-wiper-ersatzteile-zubehoer","8":"product_cat-l200r","9":"product_cat-l85","10":"product_cat-l250-l250i","11":"product_cat-l300r","12":"product_cat-l350i","13":"product_cat-stiga-ersatzteile-zubehoer","14":"product_tag-techline-reifen","15":"product_tag-techline-raeder","16":"product_tag-wiper","17":"product_tag-ambrogio-raeder","18":"product_tag-ambrogio","19":"product_tag-stiga","20":"product_tag-ambrogio-reifen","21":"product_tag-l250","22":"product_tag-rad","23":"product_tag-techline-ersatzteile","24":"product_tag-raeder","25":"product_tag-tech-line-ersatzteile","26":"product_tag-reifen","27":"product_tag-ersatzteile","28":"product_tag-ambrogio-ersatzteile","29":"product_tag-stiga-ersatzteile","30":"product_tag-wiper-ersatzteile","32":"first","33":"instock","34":"sale","35":"taxable","36":"shipping-taxable","37":"purchasable","38":"product-type-simple"},"yoast_head":"<!-- This site is optimized with the Yoast SEO plugin v27.4 - https:\/\/yoast.com\/product\/yoast-seo-wordpress\/ -->\n<title>Gummirad Profilrad Reifen 270 mm Ambrogio Stiga Wiper Techline 300Z10900A 200Z06800A 075Z02000A 110Z54500A 1126-9177-01 - Gartentechnik Scheerer<\/title>\n<meta name=\"robots\" content=\"index, follow, max-snippet:-1, max-image-preview:large, max-video-preview:-1\" \/>\n<link rel=\"canonical\" href=\"https:\/\/www.alfred-scheerer.de\/shop\/product\/gummirad-profilrad-reifen-ambrogio-wiper-300z10900a-200z06800a-075z02000a-110z54500a\/\" \/>\n<meta property=\"og:locale\" content=\"de_DE\" \/>\n<meta property=\"og:type\" content=\"article\" \/>\n<meta property=\"og:title\" content=\"Gummirad Profilrad Reifen 270 mm Ambrogio Stiga Wiper Techline 300Z10900A 200Z06800A 075Z02000A 110Z54500A 1126-9177-01 - Gartentechnik Scheerer\" \/>\n<meta property=\"og:description\" content=\"Die bew\u00e4hrten Ambrogio Flex-Gummir\u00e4der\/Reifen\/Profilrad vom L250\/L350 zur Verbesserung der Traktion bei schwierigem Gel\u00e4nde. Kein wegrutschen mehr auf M\u00e4hkanten in Steigungen. Leiseres Abrollger\u00e4usch, bessere Traktion.  Eine noch bessere Traktion erreichen die R\u00e4der mit unseren Radkrallen  Lieferumfang: 2 St\u00fcck R\u00e4der Durchmesser 270 mm 110Z54500A (Bild 45) 2 St\u00fcck Radkappen mit &quot;A&quot; Logo 110Z58200A (Bild 46)\" \/>\n<meta property=\"og:url\" content=\"https:\/\/www.alfred-scheerer.de\/shop\/product\/gummirad-profilrad-reifen-ambrogio-wiper-300z10900a-200z06800a-075z02000a-110z54500a\/\" \/>\n<meta property=\"og:site_name\" content=\"Gartentechnik Scheerer\" \/>\n<meta property=\"article:modified_time\" content=\"2025-08-06T11:23:43+00:00\" \/>\n<meta property=\"og:image\" content=\"https:\/\/www.alfred-scheerer.de\/shop\/wp-content\/uploads\/2020\/06\/Gummi-Rad-L250.jpg\" \/>\n\t<meta property=\"og:image:width\" content=\"800\" \/>\n\t<meta property=\"og:image:height\" content=\"800\" \/>\n\t<meta property=\"og:image:type\" content=\"image\/jpeg\" \/>\n<meta name=\"twitter:card\" content=\"summary_large_image\" \/>\n<meta name=\"twitter:label1\" content=\"Gesch\u00e4tzte Lesezeit\" \/>\n\t<meta name=\"twitter:data1\" content=\"1\u00a0Minute\" \/>\n<script type=\"application\/ld+json\" class=\"yoast-schema-graph\">{\"@context\":\"https:\\\/\\\/schema.org\",\"@graph\":[{\"@type\":\"WebPage\",\"@id\":\"https:\\\/\\\/www.alfred-scheerer.de\\\/shop\\\/product\\\/gummirad-profilrad-reifen-ambrogio-wiper-300z10900a-200z06800a-075z02000a-110z54500a\\\/\",\"url\":\"https:\\\/\\\/www.alfred-scheerer.de\\\/shop\\\/product\\\/gummirad-profilrad-reifen-ambrogio-wiper-300z10900a-200z06800a-075z02000a-110z54500a\\\/\",\"name\":\"Gummirad Profilrad Reifen 270 mm Ambrogio Stiga Wiper Techline 300Z10900A 200Z06800A 075Z02000A 110Z54500A 1126-9177-01 - Gartentechnik Scheerer\",\"isPartOf\":{\"@id\":\"https:\\\/\\\/www.alfred-scheerer.de\\\/shop\\\/#website\"},\"primaryImageOfPage\":{\"@id\":\"https:\\\/\\\/www.alfred-scheerer.de\\\/shop\\\/product\\\/gummirad-profilrad-reifen-ambrogio-wiper-300z10900a-200z06800a-075z02000a-110z54500a\\\/#primaryimage\"},\"image\":{\"@id\":\"https:\\\/\\\/www.alfred-scheerer.de\\\/shop\\\/product\\\/gummirad-profilrad-reifen-ambrogio-wiper-300z10900a-200z06800a-075z02000a-110z54500a\\\/#primaryimage\"},\"thumbnailUrl\":\"https:\\\/\\\/www.alfred-scheerer.de\\\/shop\\\/wp-content\\\/uploads\\\/2020\\\/06\\\/Gummi-Rad-L250.jpg\",\"datePublished\":\"2020-06-17T07:10:21+00:00\",\"dateModified\":\"2025-08-06T11:23:43+00:00\",\"breadcrumb\":{\"@id\":\"https:\\\/\\\/www.alfred-scheerer.de\\\/shop\\\/product\\\/gummirad-profilrad-reifen-ambrogio-wiper-300z10900a-200z06800a-075z02000a-110z54500a\\\/#breadcrumb\"},\"inLanguage\":\"de\",\"potentialAction\":[{\"@type\":\"ReadAction\",\"target\":[\"https:\\\/\\\/www.alfred-scheerer.de\\\/shop\\\/product\\\/gummirad-profilrad-reifen-ambrogio-wiper-300z10900a-200z06800a-075z02000a-110z54500a\\\/\"]}]},{\"@type\":\"ImageObject\",\"inLanguage\":\"de\",\"@id\":\"https:\\\/\\\/www.alfred-scheerer.de\\\/shop\\\/product\\\/gummirad-profilrad-reifen-ambrogio-wiper-300z10900a-200z06800a-075z02000a-110z54500a\\\/#primaryimage\",\"url\":\"https:\\\/\\\/www.alfred-scheerer.de\\\/shop\\\/wp-content\\\/uploads\\\/2020\\\/06\\\/Gummi-Rad-L250.jpg\",\"contentUrl\":\"https:\\\/\\\/www.alfred-scheerer.de\\\/shop\\\/wp-content\\\/uploads\\\/2020\\\/06\\\/Gummi-Rad-L250.jpg\",\"width\":800,\"height\":800,\"caption\":\"Reifen L250 L350\"},{\"@type\":\"BreadcrumbList\",\"@id\":\"https:\\\/\\\/www.alfred-scheerer.de\\\/shop\\\/product\\\/gummirad-profilrad-reifen-ambrogio-wiper-300z10900a-200z06800a-075z02000a-110z54500a\\\/#breadcrumb\",\"itemListElement\":[{\"@type\":\"ListItem\",\"position\":1,\"name\":\"Startseite\",\"item\":\"https:\\\/\\\/www.alfred-scheerer.de\\\/shop\\\/\"},{\"@type\":\"ListItem\",\"position\":2,\"name\":\"Gartentechnik Scheerer &#8211; Der Online Shop f\u00fcr M\u00e4hroboter und Zubeh\u00f6r\",\"item\":\"https:\\\/\\\/www.alfred-scheerer.de\\\/shop\\\/\"},{\"@type\":\"ListItem\",\"position\":3,\"name\":\"Gummirad Profilrad Reifen 270 mm Ambrogio Stiga Wiper Techline 300Z10900A 200Z06800A 075Z02000A 110Z54500A 1126-9177-01\"}]},{\"@type\":\"WebSite\",\"@id\":\"https:\\\/\\\/www.alfred-scheerer.de\\\/shop\\\/#website\",\"url\":\"https:\\\/\\\/www.alfred-scheerer.de\\\/shop\\\/\",\"name\":\"Scheerer GmbH (ehem. Alfred Scheerer e.K.)\",\"description\":\"Der Online Shop aus Wermelskirchen f\u00fcr M\u00e4hroboter, Akku Gartenger\u00e4te, Ersatzteile und Zubeh\u00f6r\",\"publisher\":{\"@id\":\"https:\\\/\\\/www.alfred-scheerer.de\\\/shop\\\/#organization\"},\"potentialAction\":[{\"@type\":\"SearchAction\",\"target\":{\"@type\":\"EntryPoint\",\"urlTemplate\":\"https:\\\/\\\/www.alfred-scheerer.de\\\/shop\\\/?s={search_term_string}\"},\"query-input\":{\"@type\":\"PropertyValueSpecification\",\"valueRequired\":true,\"valueName\":\"search_term_string\"}}],\"inLanguage\":\"de\"},{\"@type\":\"Organization\",\"@id\":\"https:\\\/\\\/www.alfred-scheerer.de\\\/shop\\\/#organization\",\"name\":\"Scheerer GmbH\",\"url\":\"https:\\\/\\\/www.alfred-scheerer.de\\\/shop\\\/\",\"logo\":{\"@type\":\"ImageObject\",\"inLanguage\":\"de\",\"@id\":\"https:\\\/\\\/www.alfred-scheerer.de\\\/shop\\\/#\\\/schema\\\/logo\\\/image\\\/\",\"url\":\"https:\\\/\\\/alfred-scheerer.de\\\/shop\\\/wp-content\\\/uploads\\\/2024\\\/05\\\/baum.jpg\",\"contentUrl\":\"https:\\\/\\\/alfred-scheerer.de\\\/shop\\\/wp-content\\\/uploads\\\/2024\\\/05\\\/baum.jpg\",\"width\":512,\"height\":512,\"caption\":\"Scheerer GmbH\"},\"image\":{\"@id\":\"https:\\\/\\\/www.alfred-scheerer.de\\\/shop\\\/#\\\/schema\\\/logo\\\/image\\\/\"},\"sameAs\":[\"https:\\\/\\\/www.instagram.com\\\/alfredscheerer\\\/\"]}]}<\/script>\n<!-- \/ Yoast SEO plugin. -->","yoast_head_json":{"title":"Gummirad Profilrad Reifen 270 mm Ambrogio Stiga Wiper Techline 300Z10900A 200Z06800A 075Z02000A 110Z54500A 1126-9177-01 - Gartentechnik Scheerer","robots":{"index":"index","follow":"follow","max-snippet":"max-snippet:-1","max-image-preview":"max-image-preview:large","max-video-preview":"max-video-preview:-1"},"canonical":"https:\/\/www.alfred-scheerer.de\/shop\/product\/gummirad-profilrad-reifen-ambrogio-wiper-300z10900a-200z06800a-075z02000a-110z54500a\/","og_locale":"de_DE","og_type":"article","og_title":"Gummirad Profilrad Reifen 270 mm Ambrogio Stiga Wiper Techline 300Z10900A 200Z06800A 075Z02000A 110Z54500A 1126-9177-01 - Gartentechnik Scheerer","og_description":"Die bew\u00e4hrten Ambrogio Flex-Gummir\u00e4der\/Reifen\/Profilrad vom L250\/L350 zur Verbesserung der Traktion bei schwierigem Gel\u00e4nde. Kein wegrutschen mehr auf M\u00e4hkanten in Steigungen. Leiseres Abrollger\u00e4usch, bessere Traktion.  Eine noch bessere Traktion erreichen die R\u00e4der mit unseren Radkrallen  Lieferumfang: 2 St\u00fcck R\u00e4der Durchmesser 270 mm 110Z54500A (Bild 45) 2 St\u00fcck Radkappen mit \"A\" Logo 110Z58200A (Bild 46)","og_url":"https:\/\/www.alfred-scheerer.de\/shop\/product\/gummirad-profilrad-reifen-ambrogio-wiper-300z10900a-200z06800a-075z02000a-110z54500a\/","og_site_name":"Gartentechnik Scheerer","article_modified_time":"2025-08-06T11:23:43+00:00","og_image":[{"width":800,"height":800,"url":"https:\/\/www.alfred-scheerer.de\/shop\/wp-content\/uploads\/2020\/06\/Gummi-Rad-L250.jpg","type":"image\/jpeg"}],"twitter_card":"summary_large_image","twitter_misc":{"Gesch\u00e4tzte Lesezeit":"1\u00a0Minute"},"schema":{"@context":"https:\/\/schema.org","@graph":[{"@type":"WebPage","@id":"https:\/\/www.alfred-scheerer.de\/shop\/product\/gummirad-profilrad-reifen-ambrogio-wiper-300z10900a-200z06800a-075z02000a-110z54500a\/","url":"https:\/\/www.alfred-scheerer.de\/shop\/product\/gummirad-profilrad-reifen-ambrogio-wiper-300z10900a-200z06800a-075z02000a-110z54500a\/","name":"Gummirad Profilrad Reifen 270 mm Ambrogio Stiga Wiper Techline 300Z10900A 200Z06800A 075Z02000A 110Z54500A 1126-9177-01 - Gartentechnik Scheerer","isPartOf":{"@id":"https:\/\/www.alfred-scheerer.de\/shop\/#website"},"primaryImageOfPage":{"@id":"https:\/\/www.alfred-scheerer.de\/shop\/product\/gummirad-profilrad-reifen-ambrogio-wiper-300z10900a-200z06800a-075z02000a-110z54500a\/#primaryimage"},"image":{"@id":"https:\/\/www.alfred-scheerer.de\/shop\/product\/gummirad-profilrad-reifen-ambrogio-wiper-300z10900a-200z06800a-075z02000a-110z54500a\/#primaryimage"},"thumbnailUrl":"https:\/\/www.alfred-scheerer.de\/shop\/wp-content\/uploads\/2020\/06\/Gummi-Rad-L250.jpg","datePublished":"2020-06-17T07:10:21+00:00","dateModified":"2025-08-06T11:23:43+00:00","breadcrumb":{"@id":"https:\/\/www.alfred-scheerer.de\/shop\/product\/gummirad-profilrad-reifen-ambrogio-wiper-300z10900a-200z06800a-075z02000a-110z54500a\/#breadcrumb"},"inLanguage":"de","potentialAction":[{"@type":"ReadAction","target":["https:\/\/www.alfred-scheerer.de\/shop\/product\/gummirad-profilrad-reifen-ambrogio-wiper-300z10900a-200z06800a-075z02000a-110z54500a\/"]}]},{"@type":"ImageObject","inLanguage":"de","@id":"https:\/\/www.alfred-scheerer.de\/shop\/product\/gummirad-profilrad-reifen-ambrogio-wiper-300z10900a-200z06800a-075z02000a-110z54500a\/#primaryimage","url":"https:\/\/www.alfred-scheerer.de\/shop\/wp-content\/uploads\/2020\/06\/Gummi-Rad-L250.jpg","contentUrl":"https:\/\/www.alfred-scheerer.de\/shop\/wp-content\/uploads\/2020\/06\/Gummi-Rad-L250.jpg","width":800,"height":800,"caption":"Reifen L250 L350"},{"@type":"BreadcrumbList","@id":"https:\/\/www.alfred-scheerer.de\/shop\/product\/gummirad-profilrad-reifen-ambrogio-wiper-300z10900a-200z06800a-075z02000a-110z54500a\/#breadcrumb","itemListElement":[{"@type":"ListItem","position":1,"name":"Startseite","item":"https:\/\/www.alfred-scheerer.de\/shop\/"},{"@type":"ListItem","position":2,"name":"Gartentechnik Scheerer &#8211; Der Online Shop f\u00fcr M\u00e4hroboter und Zubeh\u00f6r","item":"https:\/\/www.alfred-scheerer.de\/shop\/"},{"@type":"ListItem","position":3,"name":"Gummirad Profilrad Reifen 270 mm Ambrogio Stiga Wiper Techline 300Z10900A 200Z06800A 075Z02000A 110Z54500A 1126-9177-01"}]},{"@type":"WebSite","@id":"https:\/\/www.alfred-scheerer.de\/shop\/#website","url":"https:\/\/www.alfred-scheerer.de\/shop\/","name":"Scheerer GmbH (ehem. Alfred Scheerer e.K.)","description":"Der Online Shop aus Wermelskirchen f\u00fcr M\u00e4hroboter, Akku Gartenger\u00e4te, Ersatzteile und Zubeh\u00f6r","publisher":{"@id":"https:\/\/www.alfred-scheerer.de\/shop\/#organization"},"potentialAction":[{"@type":"SearchAction","target":{"@type":"EntryPoint","urlTemplate":"https:\/\/www.alfred-scheerer.de\/shop\/?s={search_term_string}"},"query-input":{"@type":"PropertyValueSpecification","valueRequired":true,"valueName":"search_term_string"}}],"inLanguage":"de"},{"@type":"Organization","@id":"https:\/\/www.alfred-scheerer.de\/shop\/#organization","name":"Scheerer GmbH","url":"https:\/\/www.alfred-scheerer.de\/shop\/","logo":{"@type":"ImageObject","inLanguage":"de","@id":"https:\/\/www.alfred-scheerer.de\/shop\/#\/schema\/logo\/image\/","url":"https:\/\/alfred-scheerer.de\/shop\/wp-content\/uploads\/2024\/05\/baum.jpg","contentUrl":"https:\/\/alfred-scheerer.de\/shop\/wp-content\/uploads\/2024\/05\/baum.jpg","width":512,"height":512,"caption":"Scheerer GmbH"},"image":{"@id":"https:\/\/www.alfred-scheerer.de\/shop\/#\/schema\/logo\/image\/"},"sameAs":["https:\/\/www.instagram.com\/alfredscheerer\/"]}]}},"_links":{"self":[{"href":"https:\/\/www.alfred-scheerer.de\/shop\/wp-json\/wp\/v2\/product\/3786","targetHints":{"allow":["GET"]}}],"collection":[{"href":"https:\/\/www.alfred-scheerer.de\/shop\/wp-json\/wp\/v2\/product"}],"about":[{"href":"https:\/\/www.alfred-scheerer.de\/shop\/wp-json\/wp\/v2\/types\/product"}],"wp:featuredmedia":[{"embeddable":true,"href":"https:\/\/www.alfred-scheerer.de\/shop\/wp-json\/wp\/v2\/media\/3850"}],"wp:attachment":[{"href":"https:\/\/www.alfred-scheerer.de\/shop\/wp-json\/wp\/v2\/media?parent=3786"}],"wp:term":[{"taxonomy":"product_brand","embeddable":true,"href":"https:\/\/www.alfred-scheerer.de\/shop\/wp-json\/wp\/v2\/product_brand?post=3786"},{"taxonomy":"product_cat","embeddable":true,"href":"https:\/\/www.alfred-scheerer.de\/shop\/wp-json\/wp\/v2\/product_cat?post=3786"},{"taxonomy":"product_tag","embeddable":true,"href":"https:\/\/www.alfred-scheerer.de\/shop\/wp-json\/wp\/v2\/product_tag?post=3786"}],"curies":[{"name":"wp","href":"https:\/\/api.w.org\/{rel}","templated":true}]}}