{"id":3844,"date":"2020-06-25T17:12:37","date_gmt":"2020-06-25T15:12:37","guid":{"rendered":"http:\/\/alfred-scheerer.de\/shop\/?post_type=product&#038;p=3844"},"modified":"2026-03-18T18:34:15","modified_gmt":"2026-03-18T17:34:15","slug":"radkrallen-kit-radstern-steighilfe-ambrogio-4-0-4-36-wiper-tech-line-042z21900a","status":"publish","type":"product","link":"https:\/\/www.alfred-scheerer.de\/shop\/product\/radkrallen-kit-radstern-steighilfe-ambrogio-4-0-4-36-wiper-tech-line-042z21900a\/","title":{"rendered":"Radkrallen Kit Spikes Ambrogio 4.0 4.36, Wiper, Tech Line"},"content":{"rendered":"<p>Sind Sie es leid, dass Ihr M\u00e4hroboter Ambrogio 4.0 oder 4.36 bei schwierigen Bedingungen auf Ihrem Rasen ins Rutschen ger\u00e4t oder sogar stecken bleibt? Dann haben wir die perfekte L\u00f6sung f\u00fcr Sie: Spikes!<\/p>\n<p>Unsere Radkrallen Spikes wurden speziell f\u00fcr den Ambrogio entwickelt und sorgen f\u00fcr eine optimale Traktion auf jedem Untergrund. Egal ob nasses Gras, h\u00fcgeliges Gel\u00e4nde oder rutschiger Boden &#8211; mit unseren Spikes ist Ihr M\u00e4hroboter immer sicher und zuverl\u00e4ssig unterwegs.<\/p>\n<p>Die Installation der Radkrallen Spikes ist denkbar einfach: Sie m\u00fcssen die Spikes einfach mit den vorh. R\u00e4dern verschrauben und schon ist Ihr Ambrogio bereit f\u00fcr jede Herausforderung. Und das Beste ist: Unsere Spikes sind aus hochwertigem Material gefertigt und halten selbst extremen Bedingungen stand.<\/p>\n<p>Investieren Sie jetzt in unsere Radkrallen Spikes und genie\u00dfen Sie jederzeit einen gepflegten und makellosen Rasen &#8211; ohne Rutsch- oder Blockierprobleme. Bestellen Sie noch heute und lassen Sie sich von der Qualit\u00e4t unserer Produkte \u00fcberzeugen!<\/p>\n<p><span style=\"color: #ff0000;\"><strong>Hinweis:<\/strong><\/span><br \/>\n<span style=\"color: #ff0000;\"><strong>Durch die Radkrallen k\u00f6nnen an Wegeoberfl\u00e4chen, M\u00e4hkanten u. Randeinfassungen Besch\u00e4digungen<\/strong><\/span><br \/>\n<span style=\"color: #ff0000;\"><strong>entstehen! Wir \u00fcbernehmen keine Haftung!<\/strong><\/span><\/p>\n","protected":false},"excerpt":{"rendered":"<p>Radkrallen Kit zur Selbstmontage f\u00fcr eine bessere Traktion im schwierigem Gel\u00e4nde und bei starken Steigungen.<br \/>\nNeue Version mit noch mehr Grip und besserer Selbstreinigung!<\/p>\n<p>passend f\u00fcr:<br \/>\nAmbrogio: NEXT LINE 4.0\/4.36<br \/>\nWiper: Premium K\/KS\/KXLS<br \/>\nTech Line: NEXT TECH X4\/X6<\/p>\n<p>Lieferumfang:<br \/>\n2 St\u00fcck Radkrallen aus 3 mm geh\u00e4rtetem Edelstahl, Durchmesser 265 mm<br \/>\nMontageanleitung<\/p>\n<p>Referenznummer:<br \/>\nAmbrogio\/Wiper\/ZCS: 042Z21900A<\/p>\n<p><span style=\"color: #ff0000;\"><strong>Hinweis:<\/strong><\/span><br \/>\n<span style=\"color: #ff0000;\"><strong>Durch die Radkrallen k\u00f6nnen an Wegeoberfl\u00e4chen, M\u00e4hkanten u. Randeinfassungen Besch\u00e4digungen<\/strong><\/span><br \/>\n<span style=\"color: #ff0000;\"><strong>entstehen! Wir \u00fcbernehmen keine Haftung!<\/strong><\/span><\/p>\n","protected":false},"featured_media":3845,"template":"","meta":[],"product_brand":[],"product_cat":[1432,1433,94,106,305,312],"product_tag":[1279,460,1280,473,1281,487,1282,548,53,549,550,551,552,569,1278,428],"class_list":{"0":"post-3844","1":"product","2":"type-product","3":"status-publish","4":"has-post-thumbnail","6":"product_cat-4-36","7":"product_cat-4-0-elite","8":"product_cat-ambrogio-ersatzteile-zubehoer","9":"product_cat-installation-ersatzteile-u-zubehoer","10":"product_cat-4-0-basic","11":"product_cat-wiper-ersatzteile-zubehoer","12":"product_tag-4-0-spikes","13":"product_tag-ambrogio-ersatzteile","14":"product_tag-4-36-spikes","15":"product_tag-ambrogio-zubehoer","16":"product_tag-wiper-ks-spikes","17":"product_tag-wiper-ersatzteile","18":"product_tag-wiper-k-spikes","19":"product_tag-techline-ersatzteile","20":"product_tag-ambrogio","21":"product_tag-tech-line-ersatzteile","22":"product_tag-ambrogio-radkralle","23":"product_tag-ambrogio-radstern","24":"product_tag-ambrogio-steighilfe","25":"product_tag-ambrogio-spikes","26":"product_tag-spikes-ambrogio","27":"product_tag-ersatzteile","29":"first","30":"outofstock","31":"downloadable","32":"taxable","33":"shipping-taxable","34":"purchasable","35":"product-type-simple"},"yoast_head":"<!-- This site is optimized with the Yoast SEO plugin v27.5 - https:\/\/yoast.com\/product\/yoast-seo-wordpress\/ -->\n<title>Radkrallen Kit Spikes Ambrogio 4.0 4.36, Wiper, Tech Line - Gartentechnik Scheerer<\/title>\n<meta name=\"description\" content=\"Optimieren Sie die Leistung Ihres Ambrogio M\u00e4hroboters mit Radkrallen Spikes! Unsere Spikes sorgen f\u00fcr eine optimale Traktion auf jedem Untergrund und halten selbst extremen Bedingungen stand. Bestellen Sie jetzt und genie\u00dfen Sie einen gepflegten Rasen ohne Rutsch- oder Blockierprobleme.\" \/>\n<meta name=\"robots\" content=\"index, follow, max-snippet:-1, max-image-preview:large, max-video-preview:-1\" \/>\n<link rel=\"canonical\" href=\"https:\/\/www.alfred-scheerer.de\/shop\/product\/radkrallen-kit-radstern-steighilfe-ambrogio-4-0-4-36-wiper-tech-line-042z21900a\/\" \/>\n<meta property=\"og:locale\" content=\"de_DE\" \/>\n<meta property=\"og:type\" content=\"article\" \/>\n<meta property=\"og:title\" content=\"Radkrallen Kit Spikes Ambrogio 4.0 4.36, Wiper, Tech Line - Gartentechnik Scheerer\" \/>\n<meta property=\"og:description\" content=\"Optimieren Sie die Leistung Ihres Ambrogio M\u00e4hroboters mit Radkrallen Spikes! Unsere Spikes sorgen f\u00fcr eine optimale Traktion auf jedem Untergrund und halten selbst extremen Bedingungen stand. Bestellen Sie jetzt und genie\u00dfen Sie einen gepflegten Rasen ohne Rutsch- oder Blockierprobleme.\" \/>\n<meta property=\"og:url\" content=\"https:\/\/www.alfred-scheerer.de\/shop\/product\/radkrallen-kit-radstern-steighilfe-ambrogio-4-0-4-36-wiper-tech-line-042z21900a\/\" \/>\n<meta property=\"og:site_name\" content=\"Gartentechnik Scheerer\" \/>\n<meta property=\"article:modified_time\" content=\"2026-03-18T17:34:15+00:00\" \/>\n<meta property=\"og:image\" content=\"https:\/\/www.alfred-scheerer.de\/shop\/wp-content\/uploads\/2020\/06\/Radstern-4.0-mont..jpg\" \/>\n\t<meta property=\"og:image:width\" content=\"800\" \/>\n\t<meta property=\"og:image:height\" content=\"800\" \/>\n\t<meta property=\"og:image:type\" content=\"image\/jpeg\" \/>\n<meta name=\"twitter:card\" content=\"summary_large_image\" \/>\n<meta name=\"twitter:label1\" content=\"Gesch\u00e4tzte Lesezeit\" \/>\n\t<meta name=\"twitter:data1\" content=\"1\u00a0Minute\" \/>\n<script type=\"application\/ld+json\" class=\"yoast-schema-graph\">{\"@context\":\"https:\\\/\\\/schema.org\",\"@graph\":[{\"@type\":\"WebPage\",\"@id\":\"https:\\\/\\\/www.alfred-scheerer.de\\\/shop\\\/product\\\/radkrallen-kit-radstern-steighilfe-ambrogio-4-0-4-36-wiper-tech-line-042z21900a\\\/\",\"url\":\"https:\\\/\\\/www.alfred-scheerer.de\\\/shop\\\/product\\\/radkrallen-kit-radstern-steighilfe-ambrogio-4-0-4-36-wiper-tech-line-042z21900a\\\/\",\"name\":\"Radkrallen Kit Spikes Ambrogio 4.0 4.36, Wiper, Tech Line - Gartentechnik Scheerer\",\"isPartOf\":{\"@id\":\"https:\\\/\\\/www.alfred-scheerer.de\\\/shop\\\/#website\"},\"primaryImageOfPage\":{\"@id\":\"https:\\\/\\\/www.alfred-scheerer.de\\\/shop\\\/product\\\/radkrallen-kit-radstern-steighilfe-ambrogio-4-0-4-36-wiper-tech-line-042z21900a\\\/#primaryimage\"},\"image\":{\"@id\":\"https:\\\/\\\/www.alfred-scheerer.de\\\/shop\\\/product\\\/radkrallen-kit-radstern-steighilfe-ambrogio-4-0-4-36-wiper-tech-line-042z21900a\\\/#primaryimage\"},\"thumbnailUrl\":\"https:\\\/\\\/www.alfred-scheerer.de\\\/shop\\\/wp-content\\\/uploads\\\/2020\\\/06\\\/Radstern-4.0-mont..jpg\",\"datePublished\":\"2020-06-25T15:12:37+00:00\",\"dateModified\":\"2026-03-18T17:34:15+00:00\",\"description\":\"Optimieren Sie die Leistung Ihres Ambrogio M\u00e4hroboters mit Radkrallen Spikes! Unsere Spikes sorgen f\u00fcr eine optimale Traktion auf jedem Untergrund und halten selbst extremen Bedingungen stand. Bestellen Sie jetzt und genie\u00dfen Sie einen gepflegten Rasen ohne Rutsch- oder Blockierprobleme.\",\"breadcrumb\":{\"@id\":\"https:\\\/\\\/www.alfred-scheerer.de\\\/shop\\\/product\\\/radkrallen-kit-radstern-steighilfe-ambrogio-4-0-4-36-wiper-tech-line-042z21900a\\\/#breadcrumb\"},\"inLanguage\":\"de\",\"potentialAction\":[{\"@type\":\"ReadAction\",\"target\":[\"https:\\\/\\\/www.alfred-scheerer.de\\\/shop\\\/product\\\/radkrallen-kit-radstern-steighilfe-ambrogio-4-0-4-36-wiper-tech-line-042z21900a\\\/\"]}]},{\"@type\":\"ImageObject\",\"inLanguage\":\"de\",\"@id\":\"https:\\\/\\\/www.alfred-scheerer.de\\\/shop\\\/product\\\/radkrallen-kit-radstern-steighilfe-ambrogio-4-0-4-36-wiper-tech-line-042z21900a\\\/#primaryimage\",\"url\":\"https:\\\/\\\/www.alfred-scheerer.de\\\/shop\\\/wp-content\\\/uploads\\\/2020\\\/06\\\/Radstern-4.0-mont..jpg\",\"contentUrl\":\"https:\\\/\\\/www.alfred-scheerer.de\\\/shop\\\/wp-content\\\/uploads\\\/2020\\\/06\\\/Radstern-4.0-mont..jpg\",\"width\":800,\"height\":800},{\"@type\":\"BreadcrumbList\",\"@id\":\"https:\\\/\\\/www.alfred-scheerer.de\\\/shop\\\/product\\\/radkrallen-kit-radstern-steighilfe-ambrogio-4-0-4-36-wiper-tech-line-042z21900a\\\/#breadcrumb\",\"itemListElement\":[{\"@type\":\"ListItem\",\"position\":1,\"name\":\"Startseite\",\"item\":\"https:\\\/\\\/www.alfred-scheerer.de\\\/shop\\\/\"},{\"@type\":\"ListItem\",\"position\":2,\"name\":\"Gartentechnik Scheerer &#8211; Der Online Shop f\u00fcr M\u00e4hroboter und Zubeh\u00f6r\",\"item\":\"https:\\\/\\\/www.alfred-scheerer.de\\\/shop\\\/\"},{\"@type\":\"ListItem\",\"position\":3,\"name\":\"Radkrallen Kit Spikes Ambrogio 4.0 4.36, Wiper, Tech Line\"}]},{\"@type\":\"WebSite\",\"@id\":\"https:\\\/\\\/www.alfred-scheerer.de\\\/shop\\\/#website\",\"url\":\"https:\\\/\\\/www.alfred-scheerer.de\\\/shop\\\/\",\"name\":\"Scheerer GmbH (ehem. Alfred Scheerer e.K.)\",\"description\":\"Der Online Shop aus Wermelskirchen f\u00fcr M\u00e4hroboter, Akku Gartenger\u00e4te, Ersatzteile und Zubeh\u00f6r\",\"publisher\":{\"@id\":\"https:\\\/\\\/www.alfred-scheerer.de\\\/shop\\\/#organization\"},\"potentialAction\":[{\"@type\":\"SearchAction\",\"target\":{\"@type\":\"EntryPoint\",\"urlTemplate\":\"https:\\\/\\\/www.alfred-scheerer.de\\\/shop\\\/?s={search_term_string}\"},\"query-input\":{\"@type\":\"PropertyValueSpecification\",\"valueRequired\":true,\"valueName\":\"search_term_string\"}}],\"inLanguage\":\"de\"},{\"@type\":\"Organization\",\"@id\":\"https:\\\/\\\/www.alfred-scheerer.de\\\/shop\\\/#organization\",\"name\":\"Scheerer GmbH\",\"url\":\"https:\\\/\\\/www.alfred-scheerer.de\\\/shop\\\/\",\"logo\":{\"@type\":\"ImageObject\",\"inLanguage\":\"de\",\"@id\":\"https:\\\/\\\/www.alfred-scheerer.de\\\/shop\\\/#\\\/schema\\\/logo\\\/image\\\/\",\"url\":\"https:\\\/\\\/alfred-scheerer.de\\\/shop\\\/wp-content\\\/uploads\\\/2024\\\/05\\\/baum.jpg\",\"contentUrl\":\"https:\\\/\\\/alfred-scheerer.de\\\/shop\\\/wp-content\\\/uploads\\\/2024\\\/05\\\/baum.jpg\",\"width\":512,\"height\":512,\"caption\":\"Scheerer GmbH\"},\"image\":{\"@id\":\"https:\\\/\\\/www.alfred-scheerer.de\\\/shop\\\/#\\\/schema\\\/logo\\\/image\\\/\"},\"sameAs\":[\"https:\\\/\\\/www.instagram.com\\\/alfredscheerer\\\/\"]}]}<\/script>\n<!-- \/ Yoast SEO plugin. -->","yoast_head_json":{"title":"Radkrallen Kit Spikes Ambrogio 4.0 4.36, Wiper, Tech Line - Gartentechnik Scheerer","description":"Optimieren Sie die Leistung Ihres Ambrogio M\u00e4hroboters mit Radkrallen Spikes! Unsere Spikes sorgen f\u00fcr eine optimale Traktion auf jedem Untergrund und halten selbst extremen Bedingungen stand. Bestellen Sie jetzt und genie\u00dfen Sie einen gepflegten Rasen ohne Rutsch- oder Blockierprobleme.","robots":{"index":"index","follow":"follow","max-snippet":"max-snippet:-1","max-image-preview":"max-image-preview:large","max-video-preview":"max-video-preview:-1"},"canonical":"https:\/\/www.alfred-scheerer.de\/shop\/product\/radkrallen-kit-radstern-steighilfe-ambrogio-4-0-4-36-wiper-tech-line-042z21900a\/","og_locale":"de_DE","og_type":"article","og_title":"Radkrallen Kit Spikes Ambrogio 4.0 4.36, Wiper, Tech Line - Gartentechnik Scheerer","og_description":"Optimieren Sie die Leistung Ihres Ambrogio M\u00e4hroboters mit Radkrallen Spikes! Unsere Spikes sorgen f\u00fcr eine optimale Traktion auf jedem Untergrund und halten selbst extremen Bedingungen stand. Bestellen Sie jetzt und genie\u00dfen Sie einen gepflegten Rasen ohne Rutsch- oder Blockierprobleme.","og_url":"https:\/\/www.alfred-scheerer.de\/shop\/product\/radkrallen-kit-radstern-steighilfe-ambrogio-4-0-4-36-wiper-tech-line-042z21900a\/","og_site_name":"Gartentechnik Scheerer","article_modified_time":"2026-03-18T17:34:15+00:00","og_image":[{"width":800,"height":800,"url":"https:\/\/www.alfred-scheerer.de\/shop\/wp-content\/uploads\/2020\/06\/Radstern-4.0-mont..jpg","type":"image\/jpeg"}],"twitter_card":"summary_large_image","twitter_misc":{"Gesch\u00e4tzte Lesezeit":"1\u00a0Minute"},"schema":{"@context":"https:\/\/schema.org","@graph":[{"@type":"WebPage","@id":"https:\/\/www.alfred-scheerer.de\/shop\/product\/radkrallen-kit-radstern-steighilfe-ambrogio-4-0-4-36-wiper-tech-line-042z21900a\/","url":"https:\/\/www.alfred-scheerer.de\/shop\/product\/radkrallen-kit-radstern-steighilfe-ambrogio-4-0-4-36-wiper-tech-line-042z21900a\/","name":"Radkrallen Kit Spikes Ambrogio 4.0 4.36, Wiper, Tech Line - Gartentechnik Scheerer","isPartOf":{"@id":"https:\/\/www.alfred-scheerer.de\/shop\/#website"},"primaryImageOfPage":{"@id":"https:\/\/www.alfred-scheerer.de\/shop\/product\/radkrallen-kit-radstern-steighilfe-ambrogio-4-0-4-36-wiper-tech-line-042z21900a\/#primaryimage"},"image":{"@id":"https:\/\/www.alfred-scheerer.de\/shop\/product\/radkrallen-kit-radstern-steighilfe-ambrogio-4-0-4-36-wiper-tech-line-042z21900a\/#primaryimage"},"thumbnailUrl":"https:\/\/www.alfred-scheerer.de\/shop\/wp-content\/uploads\/2020\/06\/Radstern-4.0-mont..jpg","datePublished":"2020-06-25T15:12:37+00:00","dateModified":"2026-03-18T17:34:15+00:00","description":"Optimieren Sie die Leistung Ihres Ambrogio M\u00e4hroboters mit Radkrallen Spikes! Unsere Spikes sorgen f\u00fcr eine optimale Traktion auf jedem Untergrund und halten selbst extremen Bedingungen stand. Bestellen Sie jetzt und genie\u00dfen Sie einen gepflegten Rasen ohne Rutsch- oder Blockierprobleme.","breadcrumb":{"@id":"https:\/\/www.alfred-scheerer.de\/shop\/product\/radkrallen-kit-radstern-steighilfe-ambrogio-4-0-4-36-wiper-tech-line-042z21900a\/#breadcrumb"},"inLanguage":"de","potentialAction":[{"@type":"ReadAction","target":["https:\/\/www.alfred-scheerer.de\/shop\/product\/radkrallen-kit-radstern-steighilfe-ambrogio-4-0-4-36-wiper-tech-line-042z21900a\/"]}]},{"@type":"ImageObject","inLanguage":"de","@id":"https:\/\/www.alfred-scheerer.de\/shop\/product\/radkrallen-kit-radstern-steighilfe-ambrogio-4-0-4-36-wiper-tech-line-042z21900a\/#primaryimage","url":"https:\/\/www.alfred-scheerer.de\/shop\/wp-content\/uploads\/2020\/06\/Radstern-4.0-mont..jpg","contentUrl":"https:\/\/www.alfred-scheerer.de\/shop\/wp-content\/uploads\/2020\/06\/Radstern-4.0-mont..jpg","width":800,"height":800},{"@type":"BreadcrumbList","@id":"https:\/\/www.alfred-scheerer.de\/shop\/product\/radkrallen-kit-radstern-steighilfe-ambrogio-4-0-4-36-wiper-tech-line-042z21900a\/#breadcrumb","itemListElement":[{"@type":"ListItem","position":1,"name":"Startseite","item":"https:\/\/www.alfred-scheerer.de\/shop\/"},{"@type":"ListItem","position":2,"name":"Gartentechnik Scheerer &#8211; Der Online Shop f\u00fcr M\u00e4hroboter und Zubeh\u00f6r","item":"https:\/\/www.alfred-scheerer.de\/shop\/"},{"@type":"ListItem","position":3,"name":"Radkrallen Kit Spikes Ambrogio 4.0 4.36, Wiper, Tech Line"}]},{"@type":"WebSite","@id":"https:\/\/www.alfred-scheerer.de\/shop\/#website","url":"https:\/\/www.alfred-scheerer.de\/shop\/","name":"Scheerer GmbH (ehem. Alfred Scheerer e.K.)","description":"Der Online Shop aus Wermelskirchen f\u00fcr M\u00e4hroboter, Akku Gartenger\u00e4te, Ersatzteile und Zubeh\u00f6r","publisher":{"@id":"https:\/\/www.alfred-scheerer.de\/shop\/#organization"},"potentialAction":[{"@type":"SearchAction","target":{"@type":"EntryPoint","urlTemplate":"https:\/\/www.alfred-scheerer.de\/shop\/?s={search_term_string}"},"query-input":{"@type":"PropertyValueSpecification","valueRequired":true,"valueName":"search_term_string"}}],"inLanguage":"de"},{"@type":"Organization","@id":"https:\/\/www.alfred-scheerer.de\/shop\/#organization","name":"Scheerer GmbH","url":"https:\/\/www.alfred-scheerer.de\/shop\/","logo":{"@type":"ImageObject","inLanguage":"de","@id":"https:\/\/www.alfred-scheerer.de\/shop\/#\/schema\/logo\/image\/","url":"https:\/\/alfred-scheerer.de\/shop\/wp-content\/uploads\/2024\/05\/baum.jpg","contentUrl":"https:\/\/alfred-scheerer.de\/shop\/wp-content\/uploads\/2024\/05\/baum.jpg","width":512,"height":512,"caption":"Scheerer GmbH"},"image":{"@id":"https:\/\/www.alfred-scheerer.de\/shop\/#\/schema\/logo\/image\/"},"sameAs":["https:\/\/www.instagram.com\/alfredscheerer\/"]}]}},"_links":{"self":[{"href":"https:\/\/www.alfred-scheerer.de\/shop\/wp-json\/wp\/v2\/product\/3844","targetHints":{"allow":["GET"]}}],"collection":[{"href":"https:\/\/www.alfred-scheerer.de\/shop\/wp-json\/wp\/v2\/product"}],"about":[{"href":"https:\/\/www.alfred-scheerer.de\/shop\/wp-json\/wp\/v2\/types\/product"}],"wp:featuredmedia":[{"embeddable":true,"href":"https:\/\/www.alfred-scheerer.de\/shop\/wp-json\/wp\/v2\/media\/3845"}],"wp:attachment":[{"href":"https:\/\/www.alfred-scheerer.de\/shop\/wp-json\/wp\/v2\/media?parent=3844"}],"wp:term":[{"taxonomy":"product_brand","embeddable":true,"href":"https:\/\/www.alfred-scheerer.de\/shop\/wp-json\/wp\/v2\/product_brand?post=3844"},{"taxonomy":"product_cat","embeddable":true,"href":"https:\/\/www.alfred-scheerer.de\/shop\/wp-json\/wp\/v2\/product_cat?post=3844"},{"taxonomy":"product_tag","embeddable":true,"href":"https:\/\/www.alfred-scheerer.de\/shop\/wp-json\/wp\/v2\/product_tag?post=3844"}],"curies":[{"name":"wp","href":"https:\/\/api.w.org\/{rel}","templated":true}]}}