{"id":3992,"date":"2020-11-02T09:07:33","date_gmt":"2020-11-02T08:07:33","guid":{"rendered":"http:\/\/alfred-scheerer.de\/shop\/?post_type=product&#038;p=3992"},"modified":"2025-10-27T14:06:10","modified_gmt":"2025-10-27T13:06:10","slug":"gehaeuse-unterteil-ambrogio-l250-wiper-f-techline-protech-110a30000a","status":"publish","type":"product","link":"https:\/\/www.alfred-scheerer.de\/shop\/product\/gehaeuse-unterteil-ambrogio-l250-wiper-f-techline-protech-110a30000a\/","title":{"rendered":"Geh\u00e4use Unterteil Ambrogio L250 Wiper F Techline Protech &#8211; 110A30000A"},"content":{"rendered":"<p>Lieferumfang:<br \/>\nGeh\u00e4use Unterteil Bild Nr.14 inkl. Gummimanschetten Bild Nr. 22<\/p>\n<p>passend f\u00fcr:<br \/>\nAmbrogio: L250<br \/>\nTechline: Protech D25, L25i, S25i<br \/>\nWiper: F28, F35S, F50S<\/p>\n<p>Referenznummer:<br \/>\nAmbrogio, Techline, Wiper, ZCS: 110A30000A<\/p>\n<p>&nbsp;<\/p>\n","protected":false},"excerpt":{"rendered":"<p>Lieferumfang:<br \/>\nGeh\u00e4use Unterteil Bild Nr.14 inkl. Gummimanschetten Bild Nr. 22<\/p>\n<p>passend f\u00fcr:<br \/>\nAmbrogio: L250<br \/>\nTechline: Protech D25, L25i, S25i<br \/>\nWiper: F28, F35S, F50S<\/p>\n<p>Referenznummer:<br \/>\nAmbrogio, Techline, Wiper, ZCS: 110A30000A<\/p>\n<p><strong>Dieser Artikel ist eine Sonderbestellung und kann daher nicht zur\u00fcckgegeben oder umgetauscht werden.<\/strong><\/p>\n<p>&nbsp;<\/p>\n","protected":false},"featured_media":3993,"template":"","meta":[],"product_brand":[1756],"product_cat":[100,312],"product_tag":[84,458,459,460,461,462,463,53],"class_list":{"0":"post-3992","1":"product","2":"type-product","3":"status-publish","4":"has-post-thumbnail","6":"product_brand-ambrogio","7":"product_cat-l250-l250i","8":"product_cat-wiper-ersatzteile-zubehoer","9":"product_tag-l250","10":"product_tag-gehaeuse-l250","11":"product_tag-110a30000a","12":"product_tag-ambrogio-ersatzteile","13":"product_tag-ersatzteile-l250","14":"product_tag-ersatzteile-wiper-protech","15":"product_tag-gehaeuse-wiper-protech","16":"product_tag-ambrogio","18":"first","19":"instock","20":"taxable","21":"shipping-taxable","22":"purchasable","23":"product-type-simple"},"yoast_head":"<!-- This site is optimized with the Yoast SEO plugin v27.5 - https:\/\/yoast.com\/product\/yoast-seo-wordpress\/ -->\n<title>Geh\u00e4use Unterteil Ambrogio L250 Wiper F Techline Protech - 110A30000A - Gartentechnik Scheerer<\/title>\n<meta name=\"robots\" content=\"index, follow, max-snippet:-1, max-image-preview:large, max-video-preview:-1\" \/>\n<link rel=\"canonical\" href=\"https:\/\/www.alfred-scheerer.de\/shop\/product\/gehaeuse-unterteil-ambrogio-l250-wiper-f-techline-protech-110a30000a\/\" \/>\n<meta property=\"og:locale\" content=\"de_DE\" \/>\n<meta property=\"og:type\" content=\"article\" \/>\n<meta property=\"og:title\" content=\"Geh\u00e4use Unterteil Ambrogio L250 Wiper F Techline Protech - 110A30000A - Gartentechnik Scheerer\" \/>\n<meta property=\"og:description\" content=\"Lieferumfang: Geh\u00e4use Unterteil Bild Nr.14 inkl. Gummimanschetten Bild Nr. 22  passend f\u00fcr: Ambrogio: L250 Techline: Protech D25, L25i, S25i Wiper: F28, F35S, F50S  Referenznummer: Ambrogio, Techline, Wiper, ZCS: 110A30000A  Dieser Artikel ist eine Sonderbestellung und kann daher nicht zur\u00fcckgegeben oder umgetauscht werden.  &nbsp;\" \/>\n<meta property=\"og:url\" content=\"https:\/\/www.alfred-scheerer.de\/shop\/product\/gehaeuse-unterteil-ambrogio-l250-wiper-f-techline-protech-110a30000a\/\" \/>\n<meta property=\"og:site_name\" content=\"Gartentechnik Scheerer\" \/>\n<meta property=\"article:modified_time\" content=\"2025-10-27T13:06:10+00:00\" \/>\n<meta property=\"og:image\" content=\"https:\/\/www.alfred-scheerer.de\/shop\/wp-content\/uploads\/2020\/11\/Gehaeuse-Unterteil-L250.jpg\" \/>\n\t<meta property=\"og:image:width\" content=\"831\" \/>\n\t<meta property=\"og:image:height\" content=\"727\" \/>\n\t<meta property=\"og:image:type\" content=\"image\/jpeg\" \/>\n<meta name=\"twitter:card\" content=\"summary_large_image\" \/>\n<script type=\"application\/ld+json\" class=\"yoast-schema-graph\">{\"@context\":\"https:\\\/\\\/schema.org\",\"@graph\":[{\"@type\":\"WebPage\",\"@id\":\"https:\\\/\\\/www.alfred-scheerer.de\\\/shop\\\/product\\\/gehaeuse-unterteil-ambrogio-l250-wiper-f-techline-protech-110a30000a\\\/\",\"url\":\"https:\\\/\\\/www.alfred-scheerer.de\\\/shop\\\/product\\\/gehaeuse-unterteil-ambrogio-l250-wiper-f-techline-protech-110a30000a\\\/\",\"name\":\"Geh\u00e4use Unterteil Ambrogio L250 Wiper F Techline Protech - 110A30000A - Gartentechnik Scheerer\",\"isPartOf\":{\"@id\":\"https:\\\/\\\/www.alfred-scheerer.de\\\/shop\\\/#website\"},\"primaryImageOfPage\":{\"@id\":\"https:\\\/\\\/www.alfred-scheerer.de\\\/shop\\\/product\\\/gehaeuse-unterteil-ambrogio-l250-wiper-f-techline-protech-110a30000a\\\/#primaryimage\"},\"image\":{\"@id\":\"https:\\\/\\\/www.alfred-scheerer.de\\\/shop\\\/product\\\/gehaeuse-unterteil-ambrogio-l250-wiper-f-techline-protech-110a30000a\\\/#primaryimage\"},\"thumbnailUrl\":\"https:\\\/\\\/www.alfred-scheerer.de\\\/shop\\\/wp-content\\\/uploads\\\/2020\\\/11\\\/Gehaeuse-Unterteil-L250.jpg\",\"datePublished\":\"2020-11-02T08:07:33+00:00\",\"dateModified\":\"2025-10-27T13:06:10+00:00\",\"breadcrumb\":{\"@id\":\"https:\\\/\\\/www.alfred-scheerer.de\\\/shop\\\/product\\\/gehaeuse-unterteil-ambrogio-l250-wiper-f-techline-protech-110a30000a\\\/#breadcrumb\"},\"inLanguage\":\"de\",\"potentialAction\":[{\"@type\":\"ReadAction\",\"target\":[\"https:\\\/\\\/www.alfred-scheerer.de\\\/shop\\\/product\\\/gehaeuse-unterteil-ambrogio-l250-wiper-f-techline-protech-110a30000a\\\/\"]}]},{\"@type\":\"ImageObject\",\"inLanguage\":\"de\",\"@id\":\"https:\\\/\\\/www.alfred-scheerer.de\\\/shop\\\/product\\\/gehaeuse-unterteil-ambrogio-l250-wiper-f-techline-protech-110a30000a\\\/#primaryimage\",\"url\":\"https:\\\/\\\/www.alfred-scheerer.de\\\/shop\\\/wp-content\\\/uploads\\\/2020\\\/11\\\/Gehaeuse-Unterteil-L250.jpg\",\"contentUrl\":\"https:\\\/\\\/www.alfred-scheerer.de\\\/shop\\\/wp-content\\\/uploads\\\/2020\\\/11\\\/Gehaeuse-Unterteil-L250.jpg\",\"width\":831,\"height\":727,\"caption\":\"Ambrogio Wiper Techline 110A30000A\"},{\"@type\":\"BreadcrumbList\",\"@id\":\"https:\\\/\\\/www.alfred-scheerer.de\\\/shop\\\/product\\\/gehaeuse-unterteil-ambrogio-l250-wiper-f-techline-protech-110a30000a\\\/#breadcrumb\",\"itemListElement\":[{\"@type\":\"ListItem\",\"position\":1,\"name\":\"Startseite\",\"item\":\"https:\\\/\\\/www.alfred-scheerer.de\\\/shop\\\/\"},{\"@type\":\"ListItem\",\"position\":2,\"name\":\"Gartentechnik Scheerer &#8211; Der Online Shop f\u00fcr M\u00e4hroboter und Zubeh\u00f6r\",\"item\":\"https:\\\/\\\/www.alfred-scheerer.de\\\/shop\\\/\"},{\"@type\":\"ListItem\",\"position\":3,\"name\":\"Geh\u00e4use Unterteil Ambrogio L250 Wiper F Techline Protech &#8211; 110A30000A\"}]},{\"@type\":\"WebSite\",\"@id\":\"https:\\\/\\\/www.alfred-scheerer.de\\\/shop\\\/#website\",\"url\":\"https:\\\/\\\/www.alfred-scheerer.de\\\/shop\\\/\",\"name\":\"Scheerer GmbH (ehem. Alfred Scheerer e.K.)\",\"description\":\"Der Online Shop aus Wermelskirchen f\u00fcr M\u00e4hroboter, Akku Gartenger\u00e4te, Ersatzteile und Zubeh\u00f6r\",\"publisher\":{\"@id\":\"https:\\\/\\\/www.alfred-scheerer.de\\\/shop\\\/#organization\"},\"potentialAction\":[{\"@type\":\"SearchAction\",\"target\":{\"@type\":\"EntryPoint\",\"urlTemplate\":\"https:\\\/\\\/www.alfred-scheerer.de\\\/shop\\\/?s={search_term_string}\"},\"query-input\":{\"@type\":\"PropertyValueSpecification\",\"valueRequired\":true,\"valueName\":\"search_term_string\"}}],\"inLanguage\":\"de\"},{\"@type\":\"Organization\",\"@id\":\"https:\\\/\\\/www.alfred-scheerer.de\\\/shop\\\/#organization\",\"name\":\"Scheerer GmbH\",\"url\":\"https:\\\/\\\/www.alfred-scheerer.de\\\/shop\\\/\",\"logo\":{\"@type\":\"ImageObject\",\"inLanguage\":\"de\",\"@id\":\"https:\\\/\\\/www.alfred-scheerer.de\\\/shop\\\/#\\\/schema\\\/logo\\\/image\\\/\",\"url\":\"https:\\\/\\\/alfred-scheerer.de\\\/shop\\\/wp-content\\\/uploads\\\/2024\\\/05\\\/baum.jpg\",\"contentUrl\":\"https:\\\/\\\/alfred-scheerer.de\\\/shop\\\/wp-content\\\/uploads\\\/2024\\\/05\\\/baum.jpg\",\"width\":512,\"height\":512,\"caption\":\"Scheerer GmbH\"},\"image\":{\"@id\":\"https:\\\/\\\/www.alfred-scheerer.de\\\/shop\\\/#\\\/schema\\\/logo\\\/image\\\/\"},\"sameAs\":[\"https:\\\/\\\/www.instagram.com\\\/alfredscheerer\\\/\"]}]}<\/script>\n<!-- \/ Yoast SEO plugin. -->","yoast_head_json":{"title":"Geh\u00e4use Unterteil Ambrogio L250 Wiper F Techline Protech - 110A30000A - Gartentechnik Scheerer","robots":{"index":"index","follow":"follow","max-snippet":"max-snippet:-1","max-image-preview":"max-image-preview:large","max-video-preview":"max-video-preview:-1"},"canonical":"https:\/\/www.alfred-scheerer.de\/shop\/product\/gehaeuse-unterteil-ambrogio-l250-wiper-f-techline-protech-110a30000a\/","og_locale":"de_DE","og_type":"article","og_title":"Geh\u00e4use Unterteil Ambrogio L250 Wiper F Techline Protech - 110A30000A - Gartentechnik Scheerer","og_description":"Lieferumfang: Geh\u00e4use Unterteil Bild Nr.14 inkl. Gummimanschetten Bild Nr. 22  passend f\u00fcr: Ambrogio: L250 Techline: Protech D25, L25i, S25i Wiper: F28, F35S, F50S  Referenznummer: Ambrogio, Techline, Wiper, ZCS: 110A30000A  Dieser Artikel ist eine Sonderbestellung und kann daher nicht zur\u00fcckgegeben oder umgetauscht werden.  &nbsp;","og_url":"https:\/\/www.alfred-scheerer.de\/shop\/product\/gehaeuse-unterteil-ambrogio-l250-wiper-f-techline-protech-110a30000a\/","og_site_name":"Gartentechnik Scheerer","article_modified_time":"2025-10-27T13:06:10+00:00","og_image":[{"width":831,"height":727,"url":"https:\/\/www.alfred-scheerer.de\/shop\/wp-content\/uploads\/2020\/11\/Gehaeuse-Unterteil-L250.jpg","type":"image\/jpeg"}],"twitter_card":"summary_large_image","schema":{"@context":"https:\/\/schema.org","@graph":[{"@type":"WebPage","@id":"https:\/\/www.alfred-scheerer.de\/shop\/product\/gehaeuse-unterteil-ambrogio-l250-wiper-f-techline-protech-110a30000a\/","url":"https:\/\/www.alfred-scheerer.de\/shop\/product\/gehaeuse-unterteil-ambrogio-l250-wiper-f-techline-protech-110a30000a\/","name":"Geh\u00e4use Unterteil Ambrogio L250 Wiper F Techline Protech - 110A30000A - Gartentechnik Scheerer","isPartOf":{"@id":"https:\/\/www.alfred-scheerer.de\/shop\/#website"},"primaryImageOfPage":{"@id":"https:\/\/www.alfred-scheerer.de\/shop\/product\/gehaeuse-unterteil-ambrogio-l250-wiper-f-techline-protech-110a30000a\/#primaryimage"},"image":{"@id":"https:\/\/www.alfred-scheerer.de\/shop\/product\/gehaeuse-unterteil-ambrogio-l250-wiper-f-techline-protech-110a30000a\/#primaryimage"},"thumbnailUrl":"https:\/\/www.alfred-scheerer.de\/shop\/wp-content\/uploads\/2020\/11\/Gehaeuse-Unterteil-L250.jpg","datePublished":"2020-11-02T08:07:33+00:00","dateModified":"2025-10-27T13:06:10+00:00","breadcrumb":{"@id":"https:\/\/www.alfred-scheerer.de\/shop\/product\/gehaeuse-unterteil-ambrogio-l250-wiper-f-techline-protech-110a30000a\/#breadcrumb"},"inLanguage":"de","potentialAction":[{"@type":"ReadAction","target":["https:\/\/www.alfred-scheerer.de\/shop\/product\/gehaeuse-unterteil-ambrogio-l250-wiper-f-techline-protech-110a30000a\/"]}]},{"@type":"ImageObject","inLanguage":"de","@id":"https:\/\/www.alfred-scheerer.de\/shop\/product\/gehaeuse-unterteil-ambrogio-l250-wiper-f-techline-protech-110a30000a\/#primaryimage","url":"https:\/\/www.alfred-scheerer.de\/shop\/wp-content\/uploads\/2020\/11\/Gehaeuse-Unterteil-L250.jpg","contentUrl":"https:\/\/www.alfred-scheerer.de\/shop\/wp-content\/uploads\/2020\/11\/Gehaeuse-Unterteil-L250.jpg","width":831,"height":727,"caption":"Ambrogio Wiper Techline 110A30000A"},{"@type":"BreadcrumbList","@id":"https:\/\/www.alfred-scheerer.de\/shop\/product\/gehaeuse-unterteil-ambrogio-l250-wiper-f-techline-protech-110a30000a\/#breadcrumb","itemListElement":[{"@type":"ListItem","position":1,"name":"Startseite","item":"https:\/\/www.alfred-scheerer.de\/shop\/"},{"@type":"ListItem","position":2,"name":"Gartentechnik Scheerer &#8211; Der Online Shop f\u00fcr M\u00e4hroboter und Zubeh\u00f6r","item":"https:\/\/www.alfred-scheerer.de\/shop\/"},{"@type":"ListItem","position":3,"name":"Geh\u00e4use Unterteil Ambrogio L250 Wiper F Techline Protech &#8211; 110A30000A"}]},{"@type":"WebSite","@id":"https:\/\/www.alfred-scheerer.de\/shop\/#website","url":"https:\/\/www.alfred-scheerer.de\/shop\/","name":"Scheerer GmbH (ehem. Alfred Scheerer e.K.)","description":"Der Online Shop aus Wermelskirchen f\u00fcr M\u00e4hroboter, Akku Gartenger\u00e4te, Ersatzteile und Zubeh\u00f6r","publisher":{"@id":"https:\/\/www.alfred-scheerer.de\/shop\/#organization"},"potentialAction":[{"@type":"SearchAction","target":{"@type":"EntryPoint","urlTemplate":"https:\/\/www.alfred-scheerer.de\/shop\/?s={search_term_string}"},"query-input":{"@type":"PropertyValueSpecification","valueRequired":true,"valueName":"search_term_string"}}],"inLanguage":"de"},{"@type":"Organization","@id":"https:\/\/www.alfred-scheerer.de\/shop\/#organization","name":"Scheerer GmbH","url":"https:\/\/www.alfred-scheerer.de\/shop\/","logo":{"@type":"ImageObject","inLanguage":"de","@id":"https:\/\/www.alfred-scheerer.de\/shop\/#\/schema\/logo\/image\/","url":"https:\/\/alfred-scheerer.de\/shop\/wp-content\/uploads\/2024\/05\/baum.jpg","contentUrl":"https:\/\/alfred-scheerer.de\/shop\/wp-content\/uploads\/2024\/05\/baum.jpg","width":512,"height":512,"caption":"Scheerer GmbH"},"image":{"@id":"https:\/\/www.alfred-scheerer.de\/shop\/#\/schema\/logo\/image\/"},"sameAs":["https:\/\/www.instagram.com\/alfredscheerer\/"]}]}},"_links":{"self":[{"href":"https:\/\/www.alfred-scheerer.de\/shop\/wp-json\/wp\/v2\/product\/3992","targetHints":{"allow":["GET"]}}],"collection":[{"href":"https:\/\/www.alfred-scheerer.de\/shop\/wp-json\/wp\/v2\/product"}],"about":[{"href":"https:\/\/www.alfred-scheerer.de\/shop\/wp-json\/wp\/v2\/types\/product"}],"wp:featuredmedia":[{"embeddable":true,"href":"https:\/\/www.alfred-scheerer.de\/shop\/wp-json\/wp\/v2\/media\/3993"}],"wp:attachment":[{"href":"https:\/\/www.alfred-scheerer.de\/shop\/wp-json\/wp\/v2\/media?parent=3992"}],"wp:term":[{"taxonomy":"product_brand","embeddable":true,"href":"https:\/\/www.alfred-scheerer.de\/shop\/wp-json\/wp\/v2\/product_brand?post=3992"},{"taxonomy":"product_cat","embeddable":true,"href":"https:\/\/www.alfred-scheerer.de\/shop\/wp-json\/wp\/v2\/product_cat?post=3992"},{"taxonomy":"product_tag","embeddable":true,"href":"https:\/\/www.alfred-scheerer.de\/shop\/wp-json\/wp\/v2\/product_tag?post=3992"}],"curies":[{"name":"wp","href":"https:\/\/api.w.org\/{rel}","templated":true}]}}