{"id":400,"date":"2019-07-12T10:04:48","date_gmt":"2019-07-12T08:04:48","guid":{"rendered":"http:\/\/alfred-scheerer.de\/shop\/?post_type=product&#038;p=400"},"modified":"2023-02-27T11:53:08","modified_gmt":"2023-02-27T10:53:08","slug":"messer-15-cm-ambrogio-l15-015z03700a","status":"publish","type":"product","link":"https:\/\/www.alfred-scheerer.de\/shop\/product\/messer-15-cm-ambrogio-l15-015z03700a\/","title":{"rendered":"Messer 15 cm Ambrogio L15 (2019) 015Z03700A"},"content":{"rendered":"<p><strong>Artikel wird ersetzt durch <a href=\"https:\/\/alfred-scheerer.de\/shop\/product\/messer-18-cm-ambrogio-twenty-wiper-i70-i100-l20z13600a_r\/\">18 cm Messer gekr\u00f6pft!<\/a><\/strong><\/p>\n<blockquote class=\"wp-embedded-content\" data-secret=\"22vlqc012L\"><p><a href=\"https:\/\/alfred-scheerer.de\/shop\/product\/messer-18-cm-ambrogio-twenty-wiper-i70-i100-l20z13600a_r\/\">Messer 18 cm gekr\u00f6pft Ambrogio L15\/Twenty Wiper i Serie L20Z13600A_R<\/a><\/p><\/blockquote>\n<p><iframe loading=\"lazy\" class=\"wp-embedded-content\" sandbox=\"allow-scripts\" security=\"restricted\" style=\"position: absolute; clip: rect(1px, 1px, 1px, 1px);\" title=\"&#8222;Messer 18 cm gekr\u00f6pft Ambrogio L15\/Twenty Wiper i Serie L20Z13600A_R&#8220; &#8212; Die M\u00e4hroboter Experten - Alfred Scheerer e.K.\" src=\"https:\/\/alfred-scheerer.de\/shop\/product\/messer-18-cm-ambrogio-twenty-wiper-i70-i100-l20z13600a_r\/embed\/#?secret=22vlqc012L\" data-secret=\"22vlqc012L\" width=\"600\" height=\"338\" frameborder=\"0\" marginwidth=\"0\" marginheight=\"0\" scrolling=\"no\"><\/iframe><\/p>\n<p>&nbsp;<\/p>\n","protected":false},"excerpt":{"rendered":"<p><strong>Artikel wird ersetzt durch <a href=\"https:\/\/alfred-scheerer.de\/shop\/product\/messer-18-cm-ambrogio-twenty-wiper-i70-i100-l20z13600a_r\/\">18 cm Messer gekr\u00f6pft!<\/a><\/strong><\/p>\n<p>https:\/\/alfred-scheerer.de\/shop\/product\/messer-18-cm-ambrogio-twenty-wiper-i70-i100-l20z13600a_r\/<\/p>\n","protected":false},"featured_media":3498,"template":"","meta":[],"product_brand":[],"product_cat":[94,1425,106,175],"product_tag":[824,825,853,854,855,1046,527],"class_list":{"0":"post-400","1":"product","2":"type-product","3":"status-publish","4":"has-post-thumbnail","6":"product_cat-ambrogio-ersatzteile-zubehoer","7":"product_cat-ambrogio-ersatzmesser","8":"product_cat-installation-ersatzteile-u-zubehoer","9":"product_cat-l15","10":"product_tag-messer-l15","11":"product_tag-015z03700a","12":"product_tag-ambrogio-l15","13":"product_tag-messer-15-cm","14":"product_tag-ersatzmesser-l15","15":"product_tag-4-stern-messer","16":"product_tag-ersatzmesser-ambrogio","18":"first","19":"outofstock","20":"taxable","21":"shipping-taxable","22":"purchasable","23":"product-type-simple"},"yoast_head":"<!-- This site is optimized with the Yoast SEO plugin v27.4 - https:\/\/yoast.com\/product\/yoast-seo-wordpress\/ -->\n<title>Messer 15 cm Ambrogio L15 (2019) 015Z03700A - Gartentechnik Scheerer<\/title>\n<meta name=\"robots\" content=\"index, follow, max-snippet:-1, max-image-preview:large, max-video-preview:-1\" \/>\n<link rel=\"canonical\" href=\"https:\/\/www.alfred-scheerer.de\/shop\/product\/messer-15-cm-ambrogio-l15-015z03700a\/\" \/>\n<meta property=\"og:locale\" content=\"de_DE\" \/>\n<meta property=\"og:type\" content=\"article\" \/>\n<meta property=\"og:title\" content=\"Messer 15 cm Ambrogio L15 (2019) 015Z03700A - Gartentechnik Scheerer\" \/>\n<meta property=\"og:description\" content=\"Artikel wird ersetzt durch 18 cm Messer gekr\u00f6pft!  https:\/\/alfred-scheerer.de\/shop\/product\/messer-18-cm-ambrogio-twenty-wiper-i70-i100-l20z13600a_r\/\" \/>\n<meta property=\"og:url\" content=\"https:\/\/www.alfred-scheerer.de\/shop\/product\/messer-15-cm-ambrogio-l15-015z03700a\/\" \/>\n<meta property=\"og:site_name\" content=\"Gartentechnik Scheerer\" \/>\n<meta property=\"article:modified_time\" content=\"2023-02-27T10:53:08+00:00\" \/>\n<meta property=\"og:image\" content=\"https:\/\/www.alfred-scheerer.de\/shop\/wp-content\/uploads\/2020\/04\/Messer-L15-15-cm.jpg\" \/>\n\t<meta property=\"og:image:width\" content=\"800\" \/>\n\t<meta property=\"og:image:height\" content=\"803\" \/>\n\t<meta property=\"og:image:type\" content=\"image\/jpeg\" \/>\n<meta name=\"twitter:card\" content=\"summary_large_image\" \/>\n<script type=\"application\/ld+json\" class=\"yoast-schema-graph\">{\"@context\":\"https:\\\/\\\/schema.org\",\"@graph\":[{\"@type\":\"WebPage\",\"@id\":\"https:\\\/\\\/www.alfred-scheerer.de\\\/shop\\\/product\\\/messer-15-cm-ambrogio-l15-015z03700a\\\/\",\"url\":\"https:\\\/\\\/www.alfred-scheerer.de\\\/shop\\\/product\\\/messer-15-cm-ambrogio-l15-015z03700a\\\/\",\"name\":\"Messer 15 cm Ambrogio L15 (2019) 015Z03700A - Gartentechnik Scheerer\",\"isPartOf\":{\"@id\":\"https:\\\/\\\/www.alfred-scheerer.de\\\/shop\\\/#website\"},\"primaryImageOfPage\":{\"@id\":\"https:\\\/\\\/www.alfred-scheerer.de\\\/shop\\\/product\\\/messer-15-cm-ambrogio-l15-015z03700a\\\/#primaryimage\"},\"image\":{\"@id\":\"https:\\\/\\\/www.alfred-scheerer.de\\\/shop\\\/product\\\/messer-15-cm-ambrogio-l15-015z03700a\\\/#primaryimage\"},\"thumbnailUrl\":\"https:\\\/\\\/www.alfred-scheerer.de\\\/shop\\\/wp-content\\\/uploads\\\/2020\\\/04\\\/Messer-L15-15-cm.jpg\",\"datePublished\":\"2019-07-12T08:04:48+00:00\",\"dateModified\":\"2023-02-27T10:53:08+00:00\",\"breadcrumb\":{\"@id\":\"https:\\\/\\\/www.alfred-scheerer.de\\\/shop\\\/product\\\/messer-15-cm-ambrogio-l15-015z03700a\\\/#breadcrumb\"},\"inLanguage\":\"de\",\"potentialAction\":[{\"@type\":\"ReadAction\",\"target\":[\"https:\\\/\\\/www.alfred-scheerer.de\\\/shop\\\/product\\\/messer-15-cm-ambrogio-l15-015z03700a\\\/\"]}]},{\"@type\":\"ImageObject\",\"inLanguage\":\"de\",\"@id\":\"https:\\\/\\\/www.alfred-scheerer.de\\\/shop\\\/product\\\/messer-15-cm-ambrogio-l15-015z03700a\\\/#primaryimage\",\"url\":\"https:\\\/\\\/www.alfred-scheerer.de\\\/shop\\\/wp-content\\\/uploads\\\/2020\\\/04\\\/Messer-L15-15-cm.jpg\",\"contentUrl\":\"https:\\\/\\\/www.alfred-scheerer.de\\\/shop\\\/wp-content\\\/uploads\\\/2020\\\/04\\\/Messer-L15-15-cm.jpg\",\"width\":800,\"height\":803,\"caption\":\"Ambrogio M\u00e4hroboter\"},{\"@type\":\"BreadcrumbList\",\"@id\":\"https:\\\/\\\/www.alfred-scheerer.de\\\/shop\\\/product\\\/messer-15-cm-ambrogio-l15-015z03700a\\\/#breadcrumb\",\"itemListElement\":[{\"@type\":\"ListItem\",\"position\":1,\"name\":\"Startseite\",\"item\":\"https:\\\/\\\/www.alfred-scheerer.de\\\/shop\\\/\"},{\"@type\":\"ListItem\",\"position\":2,\"name\":\"Gartentechnik Scheerer &#8211; Der Online Shop f\u00fcr M\u00e4hroboter und Zubeh\u00f6r\",\"item\":\"https:\\\/\\\/www.alfred-scheerer.de\\\/shop\\\/\"},{\"@type\":\"ListItem\",\"position\":3,\"name\":\"Messer 15 cm Ambrogio L15 (2019) 015Z03700A\"}]},{\"@type\":\"WebSite\",\"@id\":\"https:\\\/\\\/www.alfred-scheerer.de\\\/shop\\\/#website\",\"url\":\"https:\\\/\\\/www.alfred-scheerer.de\\\/shop\\\/\",\"name\":\"Scheerer GmbH (ehem. Alfred Scheerer e.K.)\",\"description\":\"Der Online Shop aus Wermelskirchen f\u00fcr M\u00e4hroboter, Akku Gartenger\u00e4te, Ersatzteile und Zubeh\u00f6r\",\"publisher\":{\"@id\":\"https:\\\/\\\/www.alfred-scheerer.de\\\/shop\\\/#organization\"},\"potentialAction\":[{\"@type\":\"SearchAction\",\"target\":{\"@type\":\"EntryPoint\",\"urlTemplate\":\"https:\\\/\\\/www.alfred-scheerer.de\\\/shop\\\/?s={search_term_string}\"},\"query-input\":{\"@type\":\"PropertyValueSpecification\",\"valueRequired\":true,\"valueName\":\"search_term_string\"}}],\"inLanguage\":\"de\"},{\"@type\":\"Organization\",\"@id\":\"https:\\\/\\\/www.alfred-scheerer.de\\\/shop\\\/#organization\",\"name\":\"Scheerer GmbH\",\"url\":\"https:\\\/\\\/www.alfred-scheerer.de\\\/shop\\\/\",\"logo\":{\"@type\":\"ImageObject\",\"inLanguage\":\"de\",\"@id\":\"https:\\\/\\\/www.alfred-scheerer.de\\\/shop\\\/#\\\/schema\\\/logo\\\/image\\\/\",\"url\":\"https:\\\/\\\/alfred-scheerer.de\\\/shop\\\/wp-content\\\/uploads\\\/2024\\\/05\\\/baum.jpg\",\"contentUrl\":\"https:\\\/\\\/alfred-scheerer.de\\\/shop\\\/wp-content\\\/uploads\\\/2024\\\/05\\\/baum.jpg\",\"width\":512,\"height\":512,\"caption\":\"Scheerer GmbH\"},\"image\":{\"@id\":\"https:\\\/\\\/www.alfred-scheerer.de\\\/shop\\\/#\\\/schema\\\/logo\\\/image\\\/\"},\"sameAs\":[\"https:\\\/\\\/www.instagram.com\\\/alfredscheerer\\\/\"]}]}<\/script>\n<!-- \/ Yoast SEO plugin. -->","yoast_head_json":{"title":"Messer 15 cm Ambrogio L15 (2019) 015Z03700A - Gartentechnik Scheerer","robots":{"index":"index","follow":"follow","max-snippet":"max-snippet:-1","max-image-preview":"max-image-preview:large","max-video-preview":"max-video-preview:-1"},"canonical":"https:\/\/www.alfred-scheerer.de\/shop\/product\/messer-15-cm-ambrogio-l15-015z03700a\/","og_locale":"de_DE","og_type":"article","og_title":"Messer 15 cm Ambrogio L15 (2019) 015Z03700A - Gartentechnik Scheerer","og_description":"Artikel wird ersetzt durch 18 cm Messer gekr\u00f6pft!  https:\/\/alfred-scheerer.de\/shop\/product\/messer-18-cm-ambrogio-twenty-wiper-i70-i100-l20z13600a_r\/","og_url":"https:\/\/www.alfred-scheerer.de\/shop\/product\/messer-15-cm-ambrogio-l15-015z03700a\/","og_site_name":"Gartentechnik Scheerer","article_modified_time":"2023-02-27T10:53:08+00:00","og_image":[{"width":800,"height":803,"url":"https:\/\/www.alfred-scheerer.de\/shop\/wp-content\/uploads\/2020\/04\/Messer-L15-15-cm.jpg","type":"image\/jpeg"}],"twitter_card":"summary_large_image","schema":{"@context":"https:\/\/schema.org","@graph":[{"@type":"WebPage","@id":"https:\/\/www.alfred-scheerer.de\/shop\/product\/messer-15-cm-ambrogio-l15-015z03700a\/","url":"https:\/\/www.alfred-scheerer.de\/shop\/product\/messer-15-cm-ambrogio-l15-015z03700a\/","name":"Messer 15 cm Ambrogio L15 (2019) 015Z03700A - Gartentechnik Scheerer","isPartOf":{"@id":"https:\/\/www.alfred-scheerer.de\/shop\/#website"},"primaryImageOfPage":{"@id":"https:\/\/www.alfred-scheerer.de\/shop\/product\/messer-15-cm-ambrogio-l15-015z03700a\/#primaryimage"},"image":{"@id":"https:\/\/www.alfred-scheerer.de\/shop\/product\/messer-15-cm-ambrogio-l15-015z03700a\/#primaryimage"},"thumbnailUrl":"https:\/\/www.alfred-scheerer.de\/shop\/wp-content\/uploads\/2020\/04\/Messer-L15-15-cm.jpg","datePublished":"2019-07-12T08:04:48+00:00","dateModified":"2023-02-27T10:53:08+00:00","breadcrumb":{"@id":"https:\/\/www.alfred-scheerer.de\/shop\/product\/messer-15-cm-ambrogio-l15-015z03700a\/#breadcrumb"},"inLanguage":"de","potentialAction":[{"@type":"ReadAction","target":["https:\/\/www.alfred-scheerer.de\/shop\/product\/messer-15-cm-ambrogio-l15-015z03700a\/"]}]},{"@type":"ImageObject","inLanguage":"de","@id":"https:\/\/www.alfred-scheerer.de\/shop\/product\/messer-15-cm-ambrogio-l15-015z03700a\/#primaryimage","url":"https:\/\/www.alfred-scheerer.de\/shop\/wp-content\/uploads\/2020\/04\/Messer-L15-15-cm.jpg","contentUrl":"https:\/\/www.alfred-scheerer.de\/shop\/wp-content\/uploads\/2020\/04\/Messer-L15-15-cm.jpg","width":800,"height":803,"caption":"Ambrogio M\u00e4hroboter"},{"@type":"BreadcrumbList","@id":"https:\/\/www.alfred-scheerer.de\/shop\/product\/messer-15-cm-ambrogio-l15-015z03700a\/#breadcrumb","itemListElement":[{"@type":"ListItem","position":1,"name":"Startseite","item":"https:\/\/www.alfred-scheerer.de\/shop\/"},{"@type":"ListItem","position":2,"name":"Gartentechnik Scheerer &#8211; Der Online Shop f\u00fcr M\u00e4hroboter und Zubeh\u00f6r","item":"https:\/\/www.alfred-scheerer.de\/shop\/"},{"@type":"ListItem","position":3,"name":"Messer 15 cm Ambrogio L15 (2019) 015Z03700A"}]},{"@type":"WebSite","@id":"https:\/\/www.alfred-scheerer.de\/shop\/#website","url":"https:\/\/www.alfred-scheerer.de\/shop\/","name":"Scheerer GmbH (ehem. Alfred Scheerer e.K.)","description":"Der Online Shop aus Wermelskirchen f\u00fcr M\u00e4hroboter, Akku Gartenger\u00e4te, Ersatzteile und Zubeh\u00f6r","publisher":{"@id":"https:\/\/www.alfred-scheerer.de\/shop\/#organization"},"potentialAction":[{"@type":"SearchAction","target":{"@type":"EntryPoint","urlTemplate":"https:\/\/www.alfred-scheerer.de\/shop\/?s={search_term_string}"},"query-input":{"@type":"PropertyValueSpecification","valueRequired":true,"valueName":"search_term_string"}}],"inLanguage":"de"},{"@type":"Organization","@id":"https:\/\/www.alfred-scheerer.de\/shop\/#organization","name":"Scheerer GmbH","url":"https:\/\/www.alfred-scheerer.de\/shop\/","logo":{"@type":"ImageObject","inLanguage":"de","@id":"https:\/\/www.alfred-scheerer.de\/shop\/#\/schema\/logo\/image\/","url":"https:\/\/alfred-scheerer.de\/shop\/wp-content\/uploads\/2024\/05\/baum.jpg","contentUrl":"https:\/\/alfred-scheerer.de\/shop\/wp-content\/uploads\/2024\/05\/baum.jpg","width":512,"height":512,"caption":"Scheerer GmbH"},"image":{"@id":"https:\/\/www.alfred-scheerer.de\/shop\/#\/schema\/logo\/image\/"},"sameAs":["https:\/\/www.instagram.com\/alfredscheerer\/"]}]}},"_links":{"self":[{"href":"https:\/\/www.alfred-scheerer.de\/shop\/wp-json\/wp\/v2\/product\/400","targetHints":{"allow":["GET"]}}],"collection":[{"href":"https:\/\/www.alfred-scheerer.de\/shop\/wp-json\/wp\/v2\/product"}],"about":[{"href":"https:\/\/www.alfred-scheerer.de\/shop\/wp-json\/wp\/v2\/types\/product"}],"wp:featuredmedia":[{"embeddable":true,"href":"https:\/\/www.alfred-scheerer.de\/shop\/wp-json\/wp\/v2\/media\/3498"}],"wp:attachment":[{"href":"https:\/\/www.alfred-scheerer.de\/shop\/wp-json\/wp\/v2\/media?parent=400"}],"wp:term":[{"taxonomy":"product_brand","embeddable":true,"href":"https:\/\/www.alfred-scheerer.de\/shop\/wp-json\/wp\/v2\/product_brand?post=400"},{"taxonomy":"product_cat","embeddable":true,"href":"https:\/\/www.alfred-scheerer.de\/shop\/wp-json\/wp\/v2\/product_cat?post=400"},{"taxonomy":"product_tag","embeddable":true,"href":"https:\/\/www.alfred-scheerer.de\/shop\/wp-json\/wp\/v2\/product_tag?post=400"}],"curies":[{"name":"wp","href":"https:\/\/api.w.org\/{rel}","templated":true}]}}