{"id":4098,"date":"2020-12-01T23:03:38","date_gmt":"2020-12-01T22:03:38","guid":{"rendered":"http:\/\/alfred-scheerer.de\/shop\/?post_type=product&#038;p=4098"},"modified":"2026-04-13T13:33:14","modified_gmt":"2026-04-13T11:33:14","slug":"kress-worx-klingen-ersatzmesser-ersatzklingen-12-stueck-grimsholm","status":"publish","type":"product","link":"https:\/\/www.alfred-scheerer.de\/shop\/product\/kress-worx-klingen-ersatzmesser-ersatzklingen-12-stueck-grimsholm\/","title":{"rendered":"Kress Worx Klingen Ersatzmesser Ersatzklingen (12 St\u00fcck) Nachbauteil KA0001"},"content":{"rendered":"<p>Hochwertige Ersatzklingen passend f\u00fcr alle Kress und Worx M\u00e4hroboter.<br \/>\nDurch die Doppellochung kann die Klinge einfach umgedreht werden und Sie haben wieder scharfe Messer auf Ihrem Roboter.<\/p>\n<p>L\u00e4nge: 36 mm<br \/>\nBreite: 18 mm<br \/>\nSt\u00e4rke 1mm<\/p>\n<p>Lieferumfang:<br \/>\n12 St\u00fcck Messerklingen<br \/>\n12 St\u00fcck Schrauben<\/p>\n<p>passend f\u00fcr:<br \/>\nKress: Mission alle Modelle<br \/>\nWorx: Landroid alle Modelle<\/p>\n<p>Referenznummer:<br \/>\nKress: KA0001, KA0002<br \/>\nWorx: WA0190, WA0176<br \/>\nGrimsholm: 120<\/p>\n","protected":false},"excerpt":{"rendered":"<p>Hochwertige Ersatzklingen passend f\u00fcr alle Kress und Worx M\u00e4hroboter.<br \/>\nDurch die Doppellochung kann die Klinge einfach umgedreht werden und Sie haben wieder scharfe Messer auf Ihrem Roboter.<\/p>\n<p>L\u00e4nge: 36 mm<br \/>\nBreite: 18 mm<br \/>\nSt\u00e4rke 1mm<\/p>\n<p>Lieferumfang:<br \/>\n12 St\u00fcck Messerklingen<br \/>\n12 St\u00fcck Schrauben<\/p>\n<p>passend f\u00fcr:<br \/>\nKress: Mission alle Modelle<br \/>\nWorx: Landroid alle Modelle<\/p>\n<p>Referenznummer:<br \/>\nKress: KA0001, KA0002<br \/>\nWorx: WA0190, WA0176<br \/>\nGrimsholm: 120<\/p>\n","protected":false},"featured_media":4099,"template":"","meta":[],"product_brand":[1755],"product_cat":[314],"product_tag":[656,396,645,658,397,646,659,398,647,660,399,648,914,400,649,401,650,405,651,421,653,584,654,394,586,655,395],"class_list":{"0":"post-4098","1":"product","2":"type-product","3":"status-publish","4":"has-post-thumbnail","6":"product_brand-grimsholm","7":"product_cat-kress-ersatzteile-zubehoer","8":"product_tag-landroid-ersatzmesser","9":"product_tag-ersatzmesser","10":"product_tag-worx-klingen","11":"product_tag-worx-wa0190","12":"product_tag-kress","13":"product_tag-worx-ersatzmesser","14":"product_tag-landroid-wa0190","15":"product_tag-langlebige","16":"product_tag-kress-klingen","17":"product_tag-wa0176","18":"product_tag-ersatzklingen","19":"product_tag-kress-ersatzmesser","20":"product_tag-worx-messer","21":"product_tag-ka0002","22":"product_tag-landroid-messer","23":"product_tag-ka0001","24":"product_tag-landroid-ersatzklingen","25":"product_tag-worx","26":"product_tag-landroid-klingen","27":"product_tag-messer","28":"product_tag-maehroboter-klingen","29":"product_tag-maehroboter-messer","30":"product_tag-kress-ka0001","31":"product_tag-kress-messer","32":"product_tag-maehroboter-ersatzmesser","33":"product_tag-kress-ka0002","34":"product_tag-klingen","36":"first","37":"instock","38":"taxable","39":"shipping-taxable","40":"purchasable","41":"product-type-simple"},"yoast_head":"<!-- This site is optimized with the Yoast SEO plugin v27.4 - https:\/\/yoast.com\/product\/yoast-seo-wordpress\/ -->\n<title>Kress Worx Klingen Ersatzmesser Ersatzklingen - 12 St\u00fcck<\/title>\n<meta name=\"robots\" content=\"index, follow, max-snippet:-1, max-image-preview:large, max-video-preview:-1\" \/>\n<link rel=\"canonical\" href=\"https:\/\/www.alfred-scheerer.de\/shop\/product\/kress-worx-klingen-ersatzmesser-ersatzklingen-12-stueck-grimsholm\/\" \/>\n<meta property=\"og:locale\" content=\"de_DE\" \/>\n<meta property=\"og:type\" content=\"article\" \/>\n<meta property=\"og:title\" content=\"Kress Worx Klingen Ersatzmesser Ersatzklingen - 12 St\u00fcck\" \/>\n<meta property=\"og:description\" content=\"Hochwertige Ersatzklingen passend f\u00fcr alle Kress und Worx M\u00e4hroboter. Durch die Doppellochung kann die Klinge einfach umgedreht werden und Sie haben wieder scharfe Messer auf Ihrem Roboter.  L\u00e4nge: 36 mm Breite: 18 mm St\u00e4rke 1mm  Lieferumfang: 12 St\u00fcck Messerklingen 12 St\u00fcck Schrauben  passend f\u00fcr: Kress: Mission alle Modelle Worx: Landroid alle Modelle  Referenznummer: Kress: KA0001, KA0002 Worx: WA0190, WA0176 Grimsholm: 120\" \/>\n<meta property=\"og:url\" content=\"https:\/\/www.alfred-scheerer.de\/shop\/product\/kress-worx-klingen-ersatzmesser-ersatzklingen-12-stueck-grimsholm\/\" \/>\n<meta property=\"og:site_name\" content=\"Gartentechnik Scheerer\" \/>\n<meta property=\"article:modified_time\" content=\"2026-04-13T11:33:14+00:00\" \/>\n<meta property=\"og:image\" content=\"https:\/\/www.alfred-scheerer.de\/shop\/wp-content\/uploads\/2020\/12\/Worx-Kress-Messer.png\" \/>\n\t<meta property=\"og:image:width\" content=\"401\" \/>\n\t<meta property=\"og:image:height\" content=\"700\" \/>\n\t<meta property=\"og:image:type\" content=\"image\/png\" \/>\n<meta name=\"twitter:card\" content=\"summary_large_image\" \/>\n<script type=\"application\/ld+json\" class=\"yoast-schema-graph\">{\"@context\":\"https:\\\/\\\/schema.org\",\"@graph\":[{\"@type\":\"WebPage\",\"@id\":\"https:\\\/\\\/www.alfred-scheerer.de\\\/shop\\\/product\\\/kress-worx-klingen-ersatzmesser-ersatzklingen-12-stueck-grimsholm\\\/\",\"url\":\"https:\\\/\\\/www.alfred-scheerer.de\\\/shop\\\/product\\\/kress-worx-klingen-ersatzmesser-ersatzklingen-12-stueck-grimsholm\\\/\",\"name\":\"Kress Worx Klingen Ersatzmesser Ersatzklingen - 12 St\u00fcck\",\"isPartOf\":{\"@id\":\"https:\\\/\\\/www.alfred-scheerer.de\\\/shop\\\/#website\"},\"primaryImageOfPage\":{\"@id\":\"https:\\\/\\\/www.alfred-scheerer.de\\\/shop\\\/product\\\/kress-worx-klingen-ersatzmesser-ersatzklingen-12-stueck-grimsholm\\\/#primaryimage\"},\"image\":{\"@id\":\"https:\\\/\\\/www.alfred-scheerer.de\\\/shop\\\/product\\\/kress-worx-klingen-ersatzmesser-ersatzklingen-12-stueck-grimsholm\\\/#primaryimage\"},\"thumbnailUrl\":\"https:\\\/\\\/www.alfred-scheerer.de\\\/shop\\\/wp-content\\\/uploads\\\/2020\\\/12\\\/Worx-Kress-Messer.png\",\"datePublished\":\"2020-12-01T22:03:38+00:00\",\"dateModified\":\"2026-04-13T11:33:14+00:00\",\"breadcrumb\":{\"@id\":\"https:\\\/\\\/www.alfred-scheerer.de\\\/shop\\\/product\\\/kress-worx-klingen-ersatzmesser-ersatzklingen-12-stueck-grimsholm\\\/#breadcrumb\"},\"inLanguage\":\"de\",\"potentialAction\":[{\"@type\":\"ReadAction\",\"target\":[\"https:\\\/\\\/www.alfred-scheerer.de\\\/shop\\\/product\\\/kress-worx-klingen-ersatzmesser-ersatzklingen-12-stueck-grimsholm\\\/\"]}]},{\"@type\":\"ImageObject\",\"inLanguage\":\"de\",\"@id\":\"https:\\\/\\\/www.alfred-scheerer.de\\\/shop\\\/product\\\/kress-worx-klingen-ersatzmesser-ersatzklingen-12-stueck-grimsholm\\\/#primaryimage\",\"url\":\"https:\\\/\\\/www.alfred-scheerer.de\\\/shop\\\/wp-content\\\/uploads\\\/2020\\\/12\\\/Worx-Kress-Messer.png\",\"contentUrl\":\"https:\\\/\\\/www.alfred-scheerer.de\\\/shop\\\/wp-content\\\/uploads\\\/2020\\\/12\\\/Worx-Kress-Messer.png\",\"width\":401,\"height\":700,\"caption\":\"Ersatzklingen, Klingen\"},{\"@type\":\"BreadcrumbList\",\"@id\":\"https:\\\/\\\/www.alfred-scheerer.de\\\/shop\\\/product\\\/kress-worx-klingen-ersatzmesser-ersatzklingen-12-stueck-grimsholm\\\/#breadcrumb\",\"itemListElement\":[{\"@type\":\"ListItem\",\"position\":1,\"name\":\"Startseite\",\"item\":\"https:\\\/\\\/www.alfred-scheerer.de\\\/shop\\\/\"},{\"@type\":\"ListItem\",\"position\":2,\"name\":\"Gartentechnik Scheerer &#8211; Der Online Shop f\u00fcr M\u00e4hroboter und Zubeh\u00f6r\",\"item\":\"https:\\\/\\\/www.alfred-scheerer.de\\\/shop\\\/\"},{\"@type\":\"ListItem\",\"position\":3,\"name\":\"Kress Worx Klingen Ersatzmesser Ersatzklingen (12 St\u00fcck) Nachbauteil KA0001\"}]},{\"@type\":\"WebSite\",\"@id\":\"https:\\\/\\\/www.alfred-scheerer.de\\\/shop\\\/#website\",\"url\":\"https:\\\/\\\/www.alfred-scheerer.de\\\/shop\\\/\",\"name\":\"Scheerer GmbH (ehem. Alfred Scheerer e.K.)\",\"description\":\"Der Online Shop aus Wermelskirchen f\u00fcr M\u00e4hroboter, Akku Gartenger\u00e4te, Ersatzteile und Zubeh\u00f6r\",\"publisher\":{\"@id\":\"https:\\\/\\\/www.alfred-scheerer.de\\\/shop\\\/#organization\"},\"potentialAction\":[{\"@type\":\"SearchAction\",\"target\":{\"@type\":\"EntryPoint\",\"urlTemplate\":\"https:\\\/\\\/www.alfred-scheerer.de\\\/shop\\\/?s={search_term_string}\"},\"query-input\":{\"@type\":\"PropertyValueSpecification\",\"valueRequired\":true,\"valueName\":\"search_term_string\"}}],\"inLanguage\":\"de\"},{\"@type\":\"Organization\",\"@id\":\"https:\\\/\\\/www.alfred-scheerer.de\\\/shop\\\/#organization\",\"name\":\"Scheerer GmbH\",\"url\":\"https:\\\/\\\/www.alfred-scheerer.de\\\/shop\\\/\",\"logo\":{\"@type\":\"ImageObject\",\"inLanguage\":\"de\",\"@id\":\"https:\\\/\\\/www.alfred-scheerer.de\\\/shop\\\/#\\\/schema\\\/logo\\\/image\\\/\",\"url\":\"https:\\\/\\\/alfred-scheerer.de\\\/shop\\\/wp-content\\\/uploads\\\/2024\\\/05\\\/baum.jpg\",\"contentUrl\":\"https:\\\/\\\/alfred-scheerer.de\\\/shop\\\/wp-content\\\/uploads\\\/2024\\\/05\\\/baum.jpg\",\"width\":512,\"height\":512,\"caption\":\"Scheerer GmbH\"},\"image\":{\"@id\":\"https:\\\/\\\/www.alfred-scheerer.de\\\/shop\\\/#\\\/schema\\\/logo\\\/image\\\/\"},\"sameAs\":[\"https:\\\/\\\/www.instagram.com\\\/alfredscheerer\\\/\"]}]}<\/script>\n<!-- \/ Yoast SEO plugin. -->","yoast_head_json":{"title":"Kress Worx Klingen Ersatzmesser Ersatzklingen - 12 St\u00fcck","robots":{"index":"index","follow":"follow","max-snippet":"max-snippet:-1","max-image-preview":"max-image-preview:large","max-video-preview":"max-video-preview:-1"},"canonical":"https:\/\/www.alfred-scheerer.de\/shop\/product\/kress-worx-klingen-ersatzmesser-ersatzklingen-12-stueck-grimsholm\/","og_locale":"de_DE","og_type":"article","og_title":"Kress Worx Klingen Ersatzmesser Ersatzklingen - 12 St\u00fcck","og_description":"Hochwertige Ersatzklingen passend f\u00fcr alle Kress und Worx M\u00e4hroboter. Durch die Doppellochung kann die Klinge einfach umgedreht werden und Sie haben wieder scharfe Messer auf Ihrem Roboter.  L\u00e4nge: 36 mm Breite: 18 mm St\u00e4rke 1mm  Lieferumfang: 12 St\u00fcck Messerklingen 12 St\u00fcck Schrauben  passend f\u00fcr: Kress: Mission alle Modelle Worx: Landroid alle Modelle  Referenznummer: Kress: KA0001, KA0002 Worx: WA0190, WA0176 Grimsholm: 120","og_url":"https:\/\/www.alfred-scheerer.de\/shop\/product\/kress-worx-klingen-ersatzmesser-ersatzklingen-12-stueck-grimsholm\/","og_site_name":"Gartentechnik Scheerer","article_modified_time":"2026-04-13T11:33:14+00:00","og_image":[{"width":401,"height":700,"url":"https:\/\/www.alfred-scheerer.de\/shop\/wp-content\/uploads\/2020\/12\/Worx-Kress-Messer.png","type":"image\/png"}],"twitter_card":"summary_large_image","schema":{"@context":"https:\/\/schema.org","@graph":[{"@type":"WebPage","@id":"https:\/\/www.alfred-scheerer.de\/shop\/product\/kress-worx-klingen-ersatzmesser-ersatzklingen-12-stueck-grimsholm\/","url":"https:\/\/www.alfred-scheerer.de\/shop\/product\/kress-worx-klingen-ersatzmesser-ersatzklingen-12-stueck-grimsholm\/","name":"Kress Worx Klingen Ersatzmesser Ersatzklingen - 12 St\u00fcck","isPartOf":{"@id":"https:\/\/www.alfred-scheerer.de\/shop\/#website"},"primaryImageOfPage":{"@id":"https:\/\/www.alfred-scheerer.de\/shop\/product\/kress-worx-klingen-ersatzmesser-ersatzklingen-12-stueck-grimsholm\/#primaryimage"},"image":{"@id":"https:\/\/www.alfred-scheerer.de\/shop\/product\/kress-worx-klingen-ersatzmesser-ersatzklingen-12-stueck-grimsholm\/#primaryimage"},"thumbnailUrl":"https:\/\/www.alfred-scheerer.de\/shop\/wp-content\/uploads\/2020\/12\/Worx-Kress-Messer.png","datePublished":"2020-12-01T22:03:38+00:00","dateModified":"2026-04-13T11:33:14+00:00","breadcrumb":{"@id":"https:\/\/www.alfred-scheerer.de\/shop\/product\/kress-worx-klingen-ersatzmesser-ersatzklingen-12-stueck-grimsholm\/#breadcrumb"},"inLanguage":"de","potentialAction":[{"@type":"ReadAction","target":["https:\/\/www.alfred-scheerer.de\/shop\/product\/kress-worx-klingen-ersatzmesser-ersatzklingen-12-stueck-grimsholm\/"]}]},{"@type":"ImageObject","inLanguage":"de","@id":"https:\/\/www.alfred-scheerer.de\/shop\/product\/kress-worx-klingen-ersatzmesser-ersatzklingen-12-stueck-grimsholm\/#primaryimage","url":"https:\/\/www.alfred-scheerer.de\/shop\/wp-content\/uploads\/2020\/12\/Worx-Kress-Messer.png","contentUrl":"https:\/\/www.alfred-scheerer.de\/shop\/wp-content\/uploads\/2020\/12\/Worx-Kress-Messer.png","width":401,"height":700,"caption":"Ersatzklingen, Klingen"},{"@type":"BreadcrumbList","@id":"https:\/\/www.alfred-scheerer.de\/shop\/product\/kress-worx-klingen-ersatzmesser-ersatzklingen-12-stueck-grimsholm\/#breadcrumb","itemListElement":[{"@type":"ListItem","position":1,"name":"Startseite","item":"https:\/\/www.alfred-scheerer.de\/shop\/"},{"@type":"ListItem","position":2,"name":"Gartentechnik Scheerer &#8211; Der Online Shop f\u00fcr M\u00e4hroboter und Zubeh\u00f6r","item":"https:\/\/www.alfred-scheerer.de\/shop\/"},{"@type":"ListItem","position":3,"name":"Kress Worx Klingen Ersatzmesser Ersatzklingen (12 St\u00fcck) Nachbauteil KA0001"}]},{"@type":"WebSite","@id":"https:\/\/www.alfred-scheerer.de\/shop\/#website","url":"https:\/\/www.alfred-scheerer.de\/shop\/","name":"Scheerer GmbH (ehem. Alfred Scheerer e.K.)","description":"Der Online Shop aus Wermelskirchen f\u00fcr M\u00e4hroboter, Akku Gartenger\u00e4te, Ersatzteile und Zubeh\u00f6r","publisher":{"@id":"https:\/\/www.alfred-scheerer.de\/shop\/#organization"},"potentialAction":[{"@type":"SearchAction","target":{"@type":"EntryPoint","urlTemplate":"https:\/\/www.alfred-scheerer.de\/shop\/?s={search_term_string}"},"query-input":{"@type":"PropertyValueSpecification","valueRequired":true,"valueName":"search_term_string"}}],"inLanguage":"de"},{"@type":"Organization","@id":"https:\/\/www.alfred-scheerer.de\/shop\/#organization","name":"Scheerer GmbH","url":"https:\/\/www.alfred-scheerer.de\/shop\/","logo":{"@type":"ImageObject","inLanguage":"de","@id":"https:\/\/www.alfred-scheerer.de\/shop\/#\/schema\/logo\/image\/","url":"https:\/\/alfred-scheerer.de\/shop\/wp-content\/uploads\/2024\/05\/baum.jpg","contentUrl":"https:\/\/alfred-scheerer.de\/shop\/wp-content\/uploads\/2024\/05\/baum.jpg","width":512,"height":512,"caption":"Scheerer GmbH"},"image":{"@id":"https:\/\/www.alfred-scheerer.de\/shop\/#\/schema\/logo\/image\/"},"sameAs":["https:\/\/www.instagram.com\/alfredscheerer\/"]}]}},"_links":{"self":[{"href":"https:\/\/www.alfred-scheerer.de\/shop\/wp-json\/wp\/v2\/product\/4098","targetHints":{"allow":["GET"]}}],"collection":[{"href":"https:\/\/www.alfred-scheerer.de\/shop\/wp-json\/wp\/v2\/product"}],"about":[{"href":"https:\/\/www.alfred-scheerer.de\/shop\/wp-json\/wp\/v2\/types\/product"}],"wp:featuredmedia":[{"embeddable":true,"href":"https:\/\/www.alfred-scheerer.de\/shop\/wp-json\/wp\/v2\/media\/4099"}],"wp:attachment":[{"href":"https:\/\/www.alfred-scheerer.de\/shop\/wp-json\/wp\/v2\/media?parent=4098"}],"wp:term":[{"taxonomy":"product_brand","embeddable":true,"href":"https:\/\/www.alfred-scheerer.de\/shop\/wp-json\/wp\/v2\/product_brand?post=4098"},{"taxonomy":"product_cat","embeddable":true,"href":"https:\/\/www.alfred-scheerer.de\/shop\/wp-json\/wp\/v2\/product_cat?post=4098"},{"taxonomy":"product_tag","embeddable":true,"href":"https:\/\/www.alfred-scheerer.de\/shop\/wp-json\/wp\/v2\/product_tag?post=4098"}],"curies":[{"name":"wp","href":"https:\/\/api.w.org\/{rel}","templated":true}]}}