{"id":4107,"date":"2020-12-04T17:10:06","date_gmt":"2020-12-04T16:10:06","guid":{"rendered":"http:\/\/alfred-scheerer.de\/shop\/?post_type=product&#038;p=4107"},"modified":"2026-01-13T09:52:21","modified_gmt":"2026-01-13T08:52:21","slug":"maehroboter-rasenroboter-kress-mission-mega-kr136e","status":"publish","type":"product","link":"https:\/\/www.alfred-scheerer.de\/shop\/product\/maehroboter-rasenroboter-kress-mission-mega-kr136e\/","title":{"rendered":"Kress Mission MEGA KR136E OAS inkl. Bluetooth u. WLAN bis zu 6.000 m\u00b2"},"content":{"rendered":"<p><strong>Innovation N\u00e4chste Generation.<br \/>\nNoch gr\u00f6\u00dfer. Noch besser. <\/strong><br \/>\n<strong>Der <span style=\"color: #ff0000;\">kabelgebundene<\/span> M\u00e4hroboter <span style=\"color: #ff0000;\">KRESS<\/span> Mission MEGA KR136E<\/strong><br \/>\nFl\u00e4chenleistung bis zu 6.000 m\u00b2<\/p>\n<p>Lieferumfang:<br \/>\nRoboter inkl. Ladestation<br \/>\n3 x 3 St\u00fcck Ersatzklingen<\/p>\n<p>F\u00fcr die Selbst-Installation wird noch ein zus\u00e4tzliches <a href=\"https:\/\/alfred-scheerer.de\/shop\/product-category\/installation-ersatzteile-u-zubehoer\/installation-kits\/\"><b>Installations-Kit<\/b><\/a> ben\u00f6tigt, der Roboter wird ohne Begrenzungskabel und ohne N\u00e4gel ausgeliefert!<\/p>\n","protected":false},"excerpt":{"rendered":"<p><strong>Innovation N\u00e4chste Generation.<br \/>\nNoch gr\u00f6\u00dfer. Noch besser. <\/strong><br \/>\n<strong>Der <span style=\"color: #ff0000;\">kabelgebundene<\/span> M\u00e4hroboter <span style=\"color: #ff0000;\">KRESS<\/span> Mission MEGA KR136E<\/strong><br \/>\nFl\u00e4chenleistung bis zu 6.500 m\u00b2<\/p>\n<p>Lieferumfang:<br \/>\nRoboter inkl. Ladestation<br \/>\n3 x 3 St\u00fcck Ersatzklingen<\/p>\n<p>F\u00fcr die Selbst-Installation wird noch ein zus\u00e4tzliches <a href=\"https:\/\/alfred-scheerer.de\/shop\/product-category\/installation-ersatzteile-u-zubehoer\/installation-kits\/\"><b>Installations-Kit<\/b><\/a> ben\u00f6tigt, der Roboter ist kabelgebunden, er wird ohne Begrenzungskabel und ohne N\u00e4gel ausgeliefert!<\/p>\n","protected":false},"featured_media":4109,"template":"","meta":[],"product_brand":[1754],"product_cat":[70,105,826,69,272],"product_tag":[448,438,82,449,439,450,284,440,451,441,452,674,442,453,675,443,454,676,444,455,432,445,456,433,56,446,457,434,996,447,435],"class_list":{"0":"post-4107","1":"product","2":"type-product","3":"status-publish","4":"has-post-thumbnail","6":"product_brand-kress","7":"product_cat-5-000-bis-10-000m","8":"product_cat-rasenroboter-maehroboter","9":"product_cat-hinderniserkennung","10":"product_cat-2-000-bis-5000-m","11":"product_cat-kress-robotik-maehroboter","12":"product_tag-rasenroboter-wermelskirchen","13":"product_tag-maehroboter-wermelskirchen","14":"product_tag-rasenroboter","15":"product_tag-rasenroboter-burscheid","16":"product_tag-maehroboter-burscheid","17":"product_tag-rasenroboter-remscheid","18":"product_tag-mission","19":"product_tag-maehroboter-remscheid","20":"product_tag-rasenroboter-odenthal","21":"product_tag-maehroboter-odenthal","22":"product_tag-rasenroboter-bergisch-gladbach","23":"product_tag-kr136e","24":"product_tag-maehroboter-bergisch-gladbach","25":"product_tag-rasenroboter-koeln","26":"product_tag-kress-kr136e","27":"product_tag-maehroboter-leverkusen","28":"product_tag-rasenroboter-leverkusen","29":"product_tag-mega-kr136e","30":"product_tag-maehroboter-koeln","31":"product_tag-rasenroboter-solingen","32":"product_tag-kress-maehroboter","33":"product_tag-maehroboter-leichlingen","34":"product_tag-rasenroboter-leichlingen","35":"product_tag-kress-rasenroboter","36":"product_tag-maehroboter","37":"product_tag-maehroboter-solingen","38":"product_tag-rasenroboter-witzhelden","39":"product_tag-kress-rasenmaeher","40":"product_tag-kress-misson-mega","41":"product_tag-maehroboter-witzhelden","42":"product_tag-rasenmaeher","43":"product_shipping_class-kostenlos","45":"first","46":"outofstock","47":"taxable","48":"shipping-taxable","49":"purchasable","50":"product-type-simple"},"yoast_head":"<!-- This site is optimized with the Yoast SEO plugin v27.4 - https:\/\/yoast.com\/product\/yoast-seo-wordpress\/ -->\n<title>Kress Mission MEGA KR136E OAS inkl. Bluetooth u. WLAN bis zu 6.000 m\u00b2<\/title>\n<meta name=\"description\" content=\"Erleben Sie die n\u00e4chste Generation der Innovation mit dem M\u00e4hroboter KRESS Mission MEGA KR136E. Noch gr\u00f6\u00dfer und besser, bew\u00e4ltigt er m\u00fchelos Fl\u00e4chen bis zu 6.000 m\u00b2. Perfektionieren Sie Ihre Rasenpflege mit modernster Technologie.\" \/>\n<meta name=\"robots\" content=\"index, follow, max-snippet:-1, max-image-preview:large, max-video-preview:-1\" \/>\n<link rel=\"canonical\" href=\"https:\/\/www.alfred-scheerer.de\/shop\/product\/maehroboter-rasenroboter-kress-mission-mega-kr136e\/\" \/>\n<meta property=\"og:locale\" content=\"de_DE\" \/>\n<meta property=\"og:type\" content=\"article\" \/>\n<meta property=\"og:title\" content=\"Kress Mission MEGA KR136E OAS inkl. Bluetooth u. WLAN bis zu 6.000 m\u00b2\" \/>\n<meta property=\"og:description\" content=\"Erleben Sie die n\u00e4chste Generation der Innovation mit dem M\u00e4hroboter KRESS Mission MEGA KR136E. Noch gr\u00f6\u00dfer und besser, bew\u00e4ltigt er m\u00fchelos Fl\u00e4chen bis zu 6.000 m\u00b2. Perfektionieren Sie Ihre Rasenpflege mit modernster Technologie.\" \/>\n<meta property=\"og:url\" content=\"https:\/\/www.alfred-scheerer.de\/shop\/product\/maehroboter-rasenroboter-kress-mission-mega-kr136e\/\" \/>\n<meta property=\"og:site_name\" content=\"Gartentechnik Scheerer\" \/>\n<meta property=\"article:modified_time\" content=\"2026-01-13T08:52:21+00:00\" \/>\n<meta property=\"og:image\" content=\"https:\/\/www.alfred-scheerer.de\/shop\/wp-content\/uploads\/2020\/12\/KR-133E-KR136E.jpg\" \/>\n\t<meta property=\"og:image:width\" content=\"1000\" \/>\n\t<meta property=\"og:image:height\" content=\"1000\" \/>\n\t<meta property=\"og:image:type\" content=\"image\/jpeg\" \/>\n<meta name=\"twitter:card\" content=\"summary_large_image\" \/>\n<script type=\"application\/ld+json\" class=\"yoast-schema-graph\">{\"@context\":\"https:\\\/\\\/schema.org\",\"@graph\":[{\"@type\":\"WebPage\",\"@id\":\"https:\\\/\\\/www.alfred-scheerer.de\\\/shop\\\/product\\\/maehroboter-rasenroboter-kress-mission-mega-kr136e\\\/\",\"url\":\"https:\\\/\\\/www.alfred-scheerer.de\\\/shop\\\/product\\\/maehroboter-rasenroboter-kress-mission-mega-kr136e\\\/\",\"name\":\"Kress Mission MEGA KR136E OAS inkl. Bluetooth u. WLAN bis zu 6.000 m\u00b2\",\"isPartOf\":{\"@id\":\"https:\\\/\\\/www.alfred-scheerer.de\\\/shop\\\/#website\"},\"primaryImageOfPage\":{\"@id\":\"https:\\\/\\\/www.alfred-scheerer.de\\\/shop\\\/product\\\/maehroboter-rasenroboter-kress-mission-mega-kr136e\\\/#primaryimage\"},\"image\":{\"@id\":\"https:\\\/\\\/www.alfred-scheerer.de\\\/shop\\\/product\\\/maehroboter-rasenroboter-kress-mission-mega-kr136e\\\/#primaryimage\"},\"thumbnailUrl\":\"https:\\\/\\\/www.alfred-scheerer.de\\\/shop\\\/wp-content\\\/uploads\\\/2020\\\/12\\\/KR-133E-KR136E.jpg\",\"datePublished\":\"2020-12-04T16:10:06+00:00\",\"dateModified\":\"2026-01-13T08:52:21+00:00\",\"description\":\"Erleben Sie die n\u00e4chste Generation der Innovation mit dem M\u00e4hroboter KRESS Mission MEGA KR136E. Noch gr\u00f6\u00dfer und besser, bew\u00e4ltigt er m\u00fchelos Fl\u00e4chen bis zu 6.000 m\u00b2. Perfektionieren Sie Ihre Rasenpflege mit modernster Technologie.\",\"breadcrumb\":{\"@id\":\"https:\\\/\\\/www.alfred-scheerer.de\\\/shop\\\/product\\\/maehroboter-rasenroboter-kress-mission-mega-kr136e\\\/#breadcrumb\"},\"inLanguage\":\"de\",\"potentialAction\":[{\"@type\":\"ReadAction\",\"target\":[\"https:\\\/\\\/www.alfred-scheerer.de\\\/shop\\\/product\\\/maehroboter-rasenroboter-kress-mission-mega-kr136e\\\/\"]}]},{\"@type\":\"ImageObject\",\"inLanguage\":\"de\",\"@id\":\"https:\\\/\\\/www.alfred-scheerer.de\\\/shop\\\/product\\\/maehroboter-rasenroboter-kress-mission-mega-kr136e\\\/#primaryimage\",\"url\":\"https:\\\/\\\/www.alfred-scheerer.de\\\/shop\\\/wp-content\\\/uploads\\\/2020\\\/12\\\/KR-133E-KR136E.jpg\",\"contentUrl\":\"https:\\\/\\\/www.alfred-scheerer.de\\\/shop\\\/wp-content\\\/uploads\\\/2020\\\/12\\\/KR-133E-KR136E.jpg\",\"width\":1000,\"height\":1000,\"caption\":\"M\u00e4hroboter Rasenroboter\"},{\"@type\":\"BreadcrumbList\",\"@id\":\"https:\\\/\\\/www.alfred-scheerer.de\\\/shop\\\/product\\\/maehroboter-rasenroboter-kress-mission-mega-kr136e\\\/#breadcrumb\",\"itemListElement\":[{\"@type\":\"ListItem\",\"position\":1,\"name\":\"Startseite\",\"item\":\"https:\\\/\\\/www.alfred-scheerer.de\\\/shop\\\/\"},{\"@type\":\"ListItem\",\"position\":2,\"name\":\"Gartentechnik Scheerer &#8211; Der Online Shop f\u00fcr M\u00e4hroboter und Zubeh\u00f6r\",\"item\":\"https:\\\/\\\/www.alfred-scheerer.de\\\/shop\\\/\"},{\"@type\":\"ListItem\",\"position\":3,\"name\":\"Kress Mission MEGA KR136E OAS inkl. Bluetooth u. WLAN bis zu 6.000 m\u00b2\"}]},{\"@type\":\"WebSite\",\"@id\":\"https:\\\/\\\/www.alfred-scheerer.de\\\/shop\\\/#website\",\"url\":\"https:\\\/\\\/www.alfred-scheerer.de\\\/shop\\\/\",\"name\":\"Scheerer GmbH (ehem. Alfred Scheerer e.K.)\",\"description\":\"Der Online Shop aus Wermelskirchen f\u00fcr M\u00e4hroboter, Akku Gartenger\u00e4te, Ersatzteile und Zubeh\u00f6r\",\"publisher\":{\"@id\":\"https:\\\/\\\/www.alfred-scheerer.de\\\/shop\\\/#organization\"},\"potentialAction\":[{\"@type\":\"SearchAction\",\"target\":{\"@type\":\"EntryPoint\",\"urlTemplate\":\"https:\\\/\\\/www.alfred-scheerer.de\\\/shop\\\/?s={search_term_string}\"},\"query-input\":{\"@type\":\"PropertyValueSpecification\",\"valueRequired\":true,\"valueName\":\"search_term_string\"}}],\"inLanguage\":\"de\"},{\"@type\":\"Organization\",\"@id\":\"https:\\\/\\\/www.alfred-scheerer.de\\\/shop\\\/#organization\",\"name\":\"Scheerer GmbH\",\"url\":\"https:\\\/\\\/www.alfred-scheerer.de\\\/shop\\\/\",\"logo\":{\"@type\":\"ImageObject\",\"inLanguage\":\"de\",\"@id\":\"https:\\\/\\\/www.alfred-scheerer.de\\\/shop\\\/#\\\/schema\\\/logo\\\/image\\\/\",\"url\":\"https:\\\/\\\/alfred-scheerer.de\\\/shop\\\/wp-content\\\/uploads\\\/2024\\\/05\\\/baum.jpg\",\"contentUrl\":\"https:\\\/\\\/alfred-scheerer.de\\\/shop\\\/wp-content\\\/uploads\\\/2024\\\/05\\\/baum.jpg\",\"width\":512,\"height\":512,\"caption\":\"Scheerer GmbH\"},\"image\":{\"@id\":\"https:\\\/\\\/www.alfred-scheerer.de\\\/shop\\\/#\\\/schema\\\/logo\\\/image\\\/\"},\"sameAs\":[\"https:\\\/\\\/www.instagram.com\\\/alfredscheerer\\\/\"]}]}<\/script>\n<!-- \/ Yoast SEO plugin. -->","yoast_head_json":{"title":"Kress Mission MEGA KR136E OAS inkl. Bluetooth u. WLAN bis zu 6.000 m\u00b2","description":"Erleben Sie die n\u00e4chste Generation der Innovation mit dem M\u00e4hroboter KRESS Mission MEGA KR136E. Noch gr\u00f6\u00dfer und besser, bew\u00e4ltigt er m\u00fchelos Fl\u00e4chen bis zu 6.000 m\u00b2. Perfektionieren Sie Ihre Rasenpflege mit modernster Technologie.","robots":{"index":"index","follow":"follow","max-snippet":"max-snippet:-1","max-image-preview":"max-image-preview:large","max-video-preview":"max-video-preview:-1"},"canonical":"https:\/\/www.alfred-scheerer.de\/shop\/product\/maehroboter-rasenroboter-kress-mission-mega-kr136e\/","og_locale":"de_DE","og_type":"article","og_title":"Kress Mission MEGA KR136E OAS inkl. Bluetooth u. WLAN bis zu 6.000 m\u00b2","og_description":"Erleben Sie die n\u00e4chste Generation der Innovation mit dem M\u00e4hroboter KRESS Mission MEGA KR136E. Noch gr\u00f6\u00dfer und besser, bew\u00e4ltigt er m\u00fchelos Fl\u00e4chen bis zu 6.000 m\u00b2. Perfektionieren Sie Ihre Rasenpflege mit modernster Technologie.","og_url":"https:\/\/www.alfred-scheerer.de\/shop\/product\/maehroboter-rasenroboter-kress-mission-mega-kr136e\/","og_site_name":"Gartentechnik Scheerer","article_modified_time":"2026-01-13T08:52:21+00:00","og_image":[{"width":1000,"height":1000,"url":"https:\/\/www.alfred-scheerer.de\/shop\/wp-content\/uploads\/2020\/12\/KR-133E-KR136E.jpg","type":"image\/jpeg"}],"twitter_card":"summary_large_image","schema":{"@context":"https:\/\/schema.org","@graph":[{"@type":"WebPage","@id":"https:\/\/www.alfred-scheerer.de\/shop\/product\/maehroboter-rasenroboter-kress-mission-mega-kr136e\/","url":"https:\/\/www.alfred-scheerer.de\/shop\/product\/maehroboter-rasenroboter-kress-mission-mega-kr136e\/","name":"Kress Mission MEGA KR136E OAS inkl. Bluetooth u. WLAN bis zu 6.000 m\u00b2","isPartOf":{"@id":"https:\/\/www.alfred-scheerer.de\/shop\/#website"},"primaryImageOfPage":{"@id":"https:\/\/www.alfred-scheerer.de\/shop\/product\/maehroboter-rasenroboter-kress-mission-mega-kr136e\/#primaryimage"},"image":{"@id":"https:\/\/www.alfred-scheerer.de\/shop\/product\/maehroboter-rasenroboter-kress-mission-mega-kr136e\/#primaryimage"},"thumbnailUrl":"https:\/\/www.alfred-scheerer.de\/shop\/wp-content\/uploads\/2020\/12\/KR-133E-KR136E.jpg","datePublished":"2020-12-04T16:10:06+00:00","dateModified":"2026-01-13T08:52:21+00:00","description":"Erleben Sie die n\u00e4chste Generation der Innovation mit dem M\u00e4hroboter KRESS Mission MEGA KR136E. Noch gr\u00f6\u00dfer und besser, bew\u00e4ltigt er m\u00fchelos Fl\u00e4chen bis zu 6.000 m\u00b2. Perfektionieren Sie Ihre Rasenpflege mit modernster Technologie.","breadcrumb":{"@id":"https:\/\/www.alfred-scheerer.de\/shop\/product\/maehroboter-rasenroboter-kress-mission-mega-kr136e\/#breadcrumb"},"inLanguage":"de","potentialAction":[{"@type":"ReadAction","target":["https:\/\/www.alfred-scheerer.de\/shop\/product\/maehroboter-rasenroboter-kress-mission-mega-kr136e\/"]}]},{"@type":"ImageObject","inLanguage":"de","@id":"https:\/\/www.alfred-scheerer.de\/shop\/product\/maehroboter-rasenroboter-kress-mission-mega-kr136e\/#primaryimage","url":"https:\/\/www.alfred-scheerer.de\/shop\/wp-content\/uploads\/2020\/12\/KR-133E-KR136E.jpg","contentUrl":"https:\/\/www.alfred-scheerer.de\/shop\/wp-content\/uploads\/2020\/12\/KR-133E-KR136E.jpg","width":1000,"height":1000,"caption":"M\u00e4hroboter Rasenroboter"},{"@type":"BreadcrumbList","@id":"https:\/\/www.alfred-scheerer.de\/shop\/product\/maehroboter-rasenroboter-kress-mission-mega-kr136e\/#breadcrumb","itemListElement":[{"@type":"ListItem","position":1,"name":"Startseite","item":"https:\/\/www.alfred-scheerer.de\/shop\/"},{"@type":"ListItem","position":2,"name":"Gartentechnik Scheerer &#8211; Der Online Shop f\u00fcr M\u00e4hroboter und Zubeh\u00f6r","item":"https:\/\/www.alfred-scheerer.de\/shop\/"},{"@type":"ListItem","position":3,"name":"Kress Mission MEGA KR136E OAS inkl. Bluetooth u. WLAN bis zu 6.000 m\u00b2"}]},{"@type":"WebSite","@id":"https:\/\/www.alfred-scheerer.de\/shop\/#website","url":"https:\/\/www.alfred-scheerer.de\/shop\/","name":"Scheerer GmbH (ehem. Alfred Scheerer e.K.)","description":"Der Online Shop aus Wermelskirchen f\u00fcr M\u00e4hroboter, Akku Gartenger\u00e4te, Ersatzteile und Zubeh\u00f6r","publisher":{"@id":"https:\/\/www.alfred-scheerer.de\/shop\/#organization"},"potentialAction":[{"@type":"SearchAction","target":{"@type":"EntryPoint","urlTemplate":"https:\/\/www.alfred-scheerer.de\/shop\/?s={search_term_string}"},"query-input":{"@type":"PropertyValueSpecification","valueRequired":true,"valueName":"search_term_string"}}],"inLanguage":"de"},{"@type":"Organization","@id":"https:\/\/www.alfred-scheerer.de\/shop\/#organization","name":"Scheerer GmbH","url":"https:\/\/www.alfred-scheerer.de\/shop\/","logo":{"@type":"ImageObject","inLanguage":"de","@id":"https:\/\/www.alfred-scheerer.de\/shop\/#\/schema\/logo\/image\/","url":"https:\/\/alfred-scheerer.de\/shop\/wp-content\/uploads\/2024\/05\/baum.jpg","contentUrl":"https:\/\/alfred-scheerer.de\/shop\/wp-content\/uploads\/2024\/05\/baum.jpg","width":512,"height":512,"caption":"Scheerer GmbH"},"image":{"@id":"https:\/\/www.alfred-scheerer.de\/shop\/#\/schema\/logo\/image\/"},"sameAs":["https:\/\/www.instagram.com\/alfredscheerer\/"]}]}},"_links":{"self":[{"href":"https:\/\/www.alfred-scheerer.de\/shop\/wp-json\/wp\/v2\/product\/4107","targetHints":{"allow":["GET"]}}],"collection":[{"href":"https:\/\/www.alfred-scheerer.de\/shop\/wp-json\/wp\/v2\/product"}],"about":[{"href":"https:\/\/www.alfred-scheerer.de\/shop\/wp-json\/wp\/v2\/types\/product"}],"wp:featuredmedia":[{"embeddable":true,"href":"https:\/\/www.alfred-scheerer.de\/shop\/wp-json\/wp\/v2\/media\/4109"}],"wp:attachment":[{"href":"https:\/\/www.alfred-scheerer.de\/shop\/wp-json\/wp\/v2\/media?parent=4107"}],"wp:term":[{"taxonomy":"product_brand","embeddable":true,"href":"https:\/\/www.alfred-scheerer.de\/shop\/wp-json\/wp\/v2\/product_brand?post=4107"},{"taxonomy":"product_cat","embeddable":true,"href":"https:\/\/www.alfred-scheerer.de\/shop\/wp-json\/wp\/v2\/product_cat?post=4107"},{"taxonomy":"product_tag","embeddable":true,"href":"https:\/\/www.alfred-scheerer.de\/shop\/wp-json\/wp\/v2\/product_tag?post=4107"}],"curies":[{"name":"wp","href":"https:\/\/api.w.org\/{rel}","templated":true}]}}