{"id":4146,"date":"2021-02-03T10:36:38","date_gmt":"2021-02-03T09:36:38","guid":{"rendered":"https:\/\/alfred-scheerer.de\/shop\/?post_type=product&#038;p=4146"},"modified":"2026-03-26T07:58:23","modified_gmt":"2026-03-26T06:58:23","slug":"ladegeraet-netzteil-294-v-2a-winterladung","status":"publish","type":"product","link":"https:\/\/www.alfred-scheerer.de\/shop\/product\/ladegeraet-netzteil-294-v-2a-winterladung\/","title":{"rendered":"Ladeger\u00e4t Netzteil 29,4 V 2A Winterladung Ambrogio Stiga Techline Wiper ZCS"},"content":{"rendered":"<p>Netzteil mit 2 poligen blauen Stecker zum direkt Anschluss an alle Ambrogio, Wiper und Techline M\u00e4hroboter ab Bj. 2017 mit blauer Steckbuchse am Ger\u00e4t (siehe Beispielfoto).<br \/>\nZur Winterladung\/Erhaltungsladung oder auch als Ladeger\u00e4t f\u00fcr bestimmte Modelle geeignet!<\/p>\n<p>Eingangs- Spannung: AC 100-240 V, 50\/60HZ<br \/>\nAusgangs- Spannung: DC 29,4 V &#8211; 2,0 A<\/p>\n<p><span style=\"color: #ff0000;\">Dieses Netzteil ist <strong>nicht<\/strong> spritzwassergesch\u00fctzt und sollte daher nur in einem geschlossenem Raum (Keller, Garage, Gartenhaus) betrieben werden!<\/span><\/p>\n<p><strong>passend als Ladeger\u00e4t f\u00fcr:<\/strong><br \/>\n<strong>Ambrogio:<\/strong> L60 ab Bj. 2020<br \/>\n<strong>Wiper:<\/strong> Blitz XH4 ab Bj. 2020<br \/>\n<strong>Techline:<\/strong> Tech L6, Tech S6 ab Bj. 2020<\/p>\n<p><strong>passend zur Erhaltungsladung im Winter f\u00fcr:<\/strong><br \/>\n<strong>Ambrogio:<\/strong> alle Modelle ab Bj. 2017 mit blauer Ladebuchse hinten am Ger\u00e4t<br \/>\n<strong>Techline:<\/strong> alle Modelle ab Bj. 2017 mit blauer Ladebuchse hinten am Ger\u00e4t<br \/>\n<strong>Wiper:<\/strong> alle Modelle ab Bj. 2017 mit blauer Ladebuchse hinten am Ger\u00e4t<\/p>\n<p>Abbildung zeigt Beispielfoto<\/p>\n","protected":false},"excerpt":{"rendered":"<p>Netzteil mit 2 poligen blauen Stecker zum direkt Anschluss an alle Ambrogio, Wiper und Techline M\u00e4hroboter ab Bj. 2017 mit blauer Steckbuchse(siehe Beispielfoto).<br \/>\nZur Winterladung\/Erhaltungsladung oder als Ladeger\u00e4t f\u00fcr bestimmte Modelle geeignet!<\/p>\n<p>Eingangs- Spannung: AC 100-240 V, 50\/60HZ<br \/>\nAusgangs- Spannung: DC 29,4 V, &#8211; 2,0 A<\/p>\n<p><span style=\"color: #ff0000;\">Dieses Netzteil ist <strong>nicht<\/strong> spritzwassergesch\u00fctzt und sollte daher nur in einem geschlossenem Raum (Keller, Garage, Gartenhaus) betrieben werden!<\/span><\/p>\n<p>Abbildung zeigt Beispielfoto<\/p>\n","protected":false},"featured_media":4148,"template":"","meta":[],"product_brand":[],"product_cat":[306,94,312,96,97,100,1432,102,1433,103,108,179,305],"product_tag":[730,1283,1284,706,1285,707,1286,724,725,726,727,728,729],"class_list":{"0":"post-4146","1":"product","2":"type-product","3":"status-publish","4":"has-post-thumbnail","6":"product_cat-l32","7":"product_cat-ambrogio-ersatzteile-zubehoer","8":"product_cat-wiper-ersatzteile-zubehoer","9":"product_cat-ambrogio-l30-ersatzteile-zubehoer","10":"product_cat-l50-l60","11":"product_cat-l250-l250i","12":"product_cat-4-36","13":"product_cat-l350i","14":"product_cat-4-0-elite","15":"product_cat-l400-l400i","16":"product_cat-stiga-ersatzteile-zubehoer","17":"product_cat-l35","18":"product_cat-4-0-basic","19":"product_tag-techline-winterladung","20":"product_tag-c02412","21":"product_tag-ladegeraet-winter","22":"product_tag-ambrogio-ladegeraet","23":"product_tag-winter-ladegeraet-ambrogio","24":"product_tag-ambrogio-netzteil","25":"product_tag-winter-ladegeraet-wiper","26":"product_tag-wiper-netzteil","27":"product_tag-wiper-ladegeraet","28":"product_tag-techline-ladegeraet","29":"product_tag-techline-netzteil","30":"product_tag-ambrogio-winterladung","31":"product_tag-wiper-winterladung","33":"first","34":"instock","35":"taxable","36":"shipping-taxable","37":"purchasable","38":"product-type-simple"},"yoast_head":"<!-- This site is optimized with the Yoast SEO plugin v27.5 - https:\/\/yoast.com\/product\/yoast-seo-wordpress\/ -->\n<title>Ladeger\u00e4t Netzteil 29,4 V 2A Winterladung Ambrogio Stiga Techline Wiper ZCS - Gartentechnik Scheerer<\/title>\n<meta name=\"robots\" content=\"index, follow, max-snippet:-1, max-image-preview:large, max-video-preview:-1\" \/>\n<link rel=\"canonical\" href=\"https:\/\/www.alfred-scheerer.de\/shop\/product\/ladegeraet-netzteil-294-v-2a-winterladung\/\" \/>\n<meta property=\"og:locale\" content=\"de_DE\" \/>\n<meta property=\"og:type\" content=\"article\" \/>\n<meta property=\"og:title\" content=\"Ladeger\u00e4t Netzteil 29,4 V 2A Winterladung Ambrogio Stiga Techline Wiper ZCS - Gartentechnik Scheerer\" \/>\n<meta property=\"og:description\" content=\"Netzteil mit 2 poligen blauen Stecker zum direkt Anschluss an alle Ambrogio, Wiper und Techline M\u00e4hroboter ab Bj. 2017 mit blauer Steckbuchse(siehe Beispielfoto). Zur Winterladung\/Erhaltungsladung oder als Ladeger\u00e4t f\u00fcr bestimmte Modelle geeignet!  Eingangs- Spannung: AC 100-240 V, 50\/60HZ Ausgangs- Spannung: DC 29,4 V, - 2,0 A  Dieses Netzteil ist nicht spritzwassergesch\u00fctzt und sollte daher nur in einem geschlossenem Raum (Keller, Garage, Gartenhaus) betrieben werden!  Abbildung zeigt Beispielfoto\" \/>\n<meta property=\"og:url\" content=\"https:\/\/www.alfred-scheerer.de\/shop\/product\/ladegeraet-netzteil-294-v-2a-winterladung\/\" \/>\n<meta property=\"og:site_name\" content=\"Gartentechnik Scheerer\" \/>\n<meta property=\"article:modified_time\" content=\"2026-03-26T06:58:23+00:00\" \/>\n<meta property=\"og:image\" content=\"https:\/\/www.alfred-scheerer.de\/shop\/wp-content\/uploads\/2021\/02\/Netzteil_2a_Winteraladung.jpg\" \/>\n\t<meta property=\"og:image:width\" content=\"800\" \/>\n\t<meta property=\"og:image:height\" content=\"800\" \/>\n\t<meta property=\"og:image:type\" content=\"image\/jpeg\" \/>\n<meta name=\"twitter:card\" content=\"summary_large_image\" \/>\n<meta name=\"twitter:label1\" content=\"Gesch\u00e4tzte Lesezeit\" \/>\n\t<meta name=\"twitter:data1\" content=\"1\u00a0Minute\" \/>\n<script type=\"application\/ld+json\" class=\"yoast-schema-graph\">{\"@context\":\"https:\\\/\\\/schema.org\",\"@graph\":[{\"@type\":\"WebPage\",\"@id\":\"https:\\\/\\\/www.alfred-scheerer.de\\\/shop\\\/product\\\/ladegeraet-netzteil-294-v-2a-winterladung\\\/\",\"url\":\"https:\\\/\\\/www.alfred-scheerer.de\\\/shop\\\/product\\\/ladegeraet-netzteil-294-v-2a-winterladung\\\/\",\"name\":\"Ladeger\u00e4t Netzteil 29,4 V 2A Winterladung Ambrogio Stiga Techline Wiper ZCS - Gartentechnik Scheerer\",\"isPartOf\":{\"@id\":\"https:\\\/\\\/www.alfred-scheerer.de\\\/shop\\\/#website\"},\"primaryImageOfPage\":{\"@id\":\"https:\\\/\\\/www.alfred-scheerer.de\\\/shop\\\/product\\\/ladegeraet-netzteil-294-v-2a-winterladung\\\/#primaryimage\"},\"image\":{\"@id\":\"https:\\\/\\\/www.alfred-scheerer.de\\\/shop\\\/product\\\/ladegeraet-netzteil-294-v-2a-winterladung\\\/#primaryimage\"},\"thumbnailUrl\":\"https:\\\/\\\/www.alfred-scheerer.de\\\/shop\\\/wp-content\\\/uploads\\\/2021\\\/02\\\/Netzteil_2a_Winteraladung.jpg\",\"datePublished\":\"2021-02-03T09:36:38+00:00\",\"dateModified\":\"2026-03-26T06:58:23+00:00\",\"breadcrumb\":{\"@id\":\"https:\\\/\\\/www.alfred-scheerer.de\\\/shop\\\/product\\\/ladegeraet-netzteil-294-v-2a-winterladung\\\/#breadcrumb\"},\"inLanguage\":\"de\",\"potentialAction\":[{\"@type\":\"ReadAction\",\"target\":[\"https:\\\/\\\/www.alfred-scheerer.de\\\/shop\\\/product\\\/ladegeraet-netzteil-294-v-2a-winterladung\\\/\"]}]},{\"@type\":\"ImageObject\",\"inLanguage\":\"de\",\"@id\":\"https:\\\/\\\/www.alfred-scheerer.de\\\/shop\\\/product\\\/ladegeraet-netzteil-294-v-2a-winterladung\\\/#primaryimage\",\"url\":\"https:\\\/\\\/www.alfred-scheerer.de\\\/shop\\\/wp-content\\\/uploads\\\/2021\\\/02\\\/Netzteil_2a_Winteraladung.jpg\",\"contentUrl\":\"https:\\\/\\\/www.alfred-scheerer.de\\\/shop\\\/wp-content\\\/uploads\\\/2021\\\/02\\\/Netzteil_2a_Winteraladung.jpg\",\"width\":800,\"height\":800},{\"@type\":\"BreadcrumbList\",\"@id\":\"https:\\\/\\\/www.alfred-scheerer.de\\\/shop\\\/product\\\/ladegeraet-netzteil-294-v-2a-winterladung\\\/#breadcrumb\",\"itemListElement\":[{\"@type\":\"ListItem\",\"position\":1,\"name\":\"Startseite\",\"item\":\"https:\\\/\\\/www.alfred-scheerer.de\\\/shop\\\/\"},{\"@type\":\"ListItem\",\"position\":2,\"name\":\"Gartentechnik Scheerer &#8211; Der Online Shop f\u00fcr M\u00e4hroboter und Zubeh\u00f6r\",\"item\":\"https:\\\/\\\/www.alfred-scheerer.de\\\/shop\\\/\"},{\"@type\":\"ListItem\",\"position\":3,\"name\":\"Ladeger\u00e4t Netzteil 29,4 V 2A Winterladung Ambrogio Stiga Techline Wiper ZCS\"}]},{\"@type\":\"WebSite\",\"@id\":\"https:\\\/\\\/www.alfred-scheerer.de\\\/shop\\\/#website\",\"url\":\"https:\\\/\\\/www.alfred-scheerer.de\\\/shop\\\/\",\"name\":\"Scheerer GmbH (ehem. Alfred Scheerer e.K.)\",\"description\":\"Der Online Shop aus Wermelskirchen f\u00fcr M\u00e4hroboter, Akku Gartenger\u00e4te, Ersatzteile und Zubeh\u00f6r\",\"publisher\":{\"@id\":\"https:\\\/\\\/www.alfred-scheerer.de\\\/shop\\\/#organization\"},\"potentialAction\":[{\"@type\":\"SearchAction\",\"target\":{\"@type\":\"EntryPoint\",\"urlTemplate\":\"https:\\\/\\\/www.alfred-scheerer.de\\\/shop\\\/?s={search_term_string}\"},\"query-input\":{\"@type\":\"PropertyValueSpecification\",\"valueRequired\":true,\"valueName\":\"search_term_string\"}}],\"inLanguage\":\"de\"},{\"@type\":\"Organization\",\"@id\":\"https:\\\/\\\/www.alfred-scheerer.de\\\/shop\\\/#organization\",\"name\":\"Scheerer GmbH\",\"url\":\"https:\\\/\\\/www.alfred-scheerer.de\\\/shop\\\/\",\"logo\":{\"@type\":\"ImageObject\",\"inLanguage\":\"de\",\"@id\":\"https:\\\/\\\/www.alfred-scheerer.de\\\/shop\\\/#\\\/schema\\\/logo\\\/image\\\/\",\"url\":\"https:\\\/\\\/alfred-scheerer.de\\\/shop\\\/wp-content\\\/uploads\\\/2024\\\/05\\\/baum.jpg\",\"contentUrl\":\"https:\\\/\\\/alfred-scheerer.de\\\/shop\\\/wp-content\\\/uploads\\\/2024\\\/05\\\/baum.jpg\",\"width\":512,\"height\":512,\"caption\":\"Scheerer GmbH\"},\"image\":{\"@id\":\"https:\\\/\\\/www.alfred-scheerer.de\\\/shop\\\/#\\\/schema\\\/logo\\\/image\\\/\"},\"sameAs\":[\"https:\\\/\\\/www.instagram.com\\\/alfredscheerer\\\/\"]}]}<\/script>\n<!-- \/ Yoast SEO plugin. -->","yoast_head_json":{"title":"Ladeger\u00e4t Netzteil 29,4 V 2A Winterladung Ambrogio Stiga Techline Wiper ZCS - Gartentechnik Scheerer","robots":{"index":"index","follow":"follow","max-snippet":"max-snippet:-1","max-image-preview":"max-image-preview:large","max-video-preview":"max-video-preview:-1"},"canonical":"https:\/\/www.alfred-scheerer.de\/shop\/product\/ladegeraet-netzteil-294-v-2a-winterladung\/","og_locale":"de_DE","og_type":"article","og_title":"Ladeger\u00e4t Netzteil 29,4 V 2A Winterladung Ambrogio Stiga Techline Wiper ZCS - Gartentechnik Scheerer","og_description":"Netzteil mit 2 poligen blauen Stecker zum direkt Anschluss an alle Ambrogio, Wiper und Techline M\u00e4hroboter ab Bj. 2017 mit blauer Steckbuchse(siehe Beispielfoto). Zur Winterladung\/Erhaltungsladung oder als Ladeger\u00e4t f\u00fcr bestimmte Modelle geeignet!  Eingangs- Spannung: AC 100-240 V, 50\/60HZ Ausgangs- Spannung: DC 29,4 V, - 2,0 A  Dieses Netzteil ist nicht spritzwassergesch\u00fctzt und sollte daher nur in einem geschlossenem Raum (Keller, Garage, Gartenhaus) betrieben werden!  Abbildung zeigt Beispielfoto","og_url":"https:\/\/www.alfred-scheerer.de\/shop\/product\/ladegeraet-netzteil-294-v-2a-winterladung\/","og_site_name":"Gartentechnik Scheerer","article_modified_time":"2026-03-26T06:58:23+00:00","og_image":[{"width":800,"height":800,"url":"https:\/\/www.alfred-scheerer.de\/shop\/wp-content\/uploads\/2021\/02\/Netzteil_2a_Winteraladung.jpg","type":"image\/jpeg"}],"twitter_card":"summary_large_image","twitter_misc":{"Gesch\u00e4tzte Lesezeit":"1\u00a0Minute"},"schema":{"@context":"https:\/\/schema.org","@graph":[{"@type":"WebPage","@id":"https:\/\/www.alfred-scheerer.de\/shop\/product\/ladegeraet-netzteil-294-v-2a-winterladung\/","url":"https:\/\/www.alfred-scheerer.de\/shop\/product\/ladegeraet-netzteil-294-v-2a-winterladung\/","name":"Ladeger\u00e4t Netzteil 29,4 V 2A Winterladung Ambrogio Stiga Techline Wiper ZCS - Gartentechnik Scheerer","isPartOf":{"@id":"https:\/\/www.alfred-scheerer.de\/shop\/#website"},"primaryImageOfPage":{"@id":"https:\/\/www.alfred-scheerer.de\/shop\/product\/ladegeraet-netzteil-294-v-2a-winterladung\/#primaryimage"},"image":{"@id":"https:\/\/www.alfred-scheerer.de\/shop\/product\/ladegeraet-netzteil-294-v-2a-winterladung\/#primaryimage"},"thumbnailUrl":"https:\/\/www.alfred-scheerer.de\/shop\/wp-content\/uploads\/2021\/02\/Netzteil_2a_Winteraladung.jpg","datePublished":"2021-02-03T09:36:38+00:00","dateModified":"2026-03-26T06:58:23+00:00","breadcrumb":{"@id":"https:\/\/www.alfred-scheerer.de\/shop\/product\/ladegeraet-netzteil-294-v-2a-winterladung\/#breadcrumb"},"inLanguage":"de","potentialAction":[{"@type":"ReadAction","target":["https:\/\/www.alfred-scheerer.de\/shop\/product\/ladegeraet-netzteil-294-v-2a-winterladung\/"]}]},{"@type":"ImageObject","inLanguage":"de","@id":"https:\/\/www.alfred-scheerer.de\/shop\/product\/ladegeraet-netzteil-294-v-2a-winterladung\/#primaryimage","url":"https:\/\/www.alfred-scheerer.de\/shop\/wp-content\/uploads\/2021\/02\/Netzteil_2a_Winteraladung.jpg","contentUrl":"https:\/\/www.alfred-scheerer.de\/shop\/wp-content\/uploads\/2021\/02\/Netzteil_2a_Winteraladung.jpg","width":800,"height":800},{"@type":"BreadcrumbList","@id":"https:\/\/www.alfred-scheerer.de\/shop\/product\/ladegeraet-netzteil-294-v-2a-winterladung\/#breadcrumb","itemListElement":[{"@type":"ListItem","position":1,"name":"Startseite","item":"https:\/\/www.alfred-scheerer.de\/shop\/"},{"@type":"ListItem","position":2,"name":"Gartentechnik Scheerer &#8211; Der Online Shop f\u00fcr M\u00e4hroboter und Zubeh\u00f6r","item":"https:\/\/www.alfred-scheerer.de\/shop\/"},{"@type":"ListItem","position":3,"name":"Ladeger\u00e4t Netzteil 29,4 V 2A Winterladung Ambrogio Stiga Techline Wiper ZCS"}]},{"@type":"WebSite","@id":"https:\/\/www.alfred-scheerer.de\/shop\/#website","url":"https:\/\/www.alfred-scheerer.de\/shop\/","name":"Scheerer GmbH (ehem. Alfred Scheerer e.K.)","description":"Der Online Shop aus Wermelskirchen f\u00fcr M\u00e4hroboter, Akku Gartenger\u00e4te, Ersatzteile und Zubeh\u00f6r","publisher":{"@id":"https:\/\/www.alfred-scheerer.de\/shop\/#organization"},"potentialAction":[{"@type":"SearchAction","target":{"@type":"EntryPoint","urlTemplate":"https:\/\/www.alfred-scheerer.de\/shop\/?s={search_term_string}"},"query-input":{"@type":"PropertyValueSpecification","valueRequired":true,"valueName":"search_term_string"}}],"inLanguage":"de"},{"@type":"Organization","@id":"https:\/\/www.alfred-scheerer.de\/shop\/#organization","name":"Scheerer GmbH","url":"https:\/\/www.alfred-scheerer.de\/shop\/","logo":{"@type":"ImageObject","inLanguage":"de","@id":"https:\/\/www.alfred-scheerer.de\/shop\/#\/schema\/logo\/image\/","url":"https:\/\/alfred-scheerer.de\/shop\/wp-content\/uploads\/2024\/05\/baum.jpg","contentUrl":"https:\/\/alfred-scheerer.de\/shop\/wp-content\/uploads\/2024\/05\/baum.jpg","width":512,"height":512,"caption":"Scheerer GmbH"},"image":{"@id":"https:\/\/www.alfred-scheerer.de\/shop\/#\/schema\/logo\/image\/"},"sameAs":["https:\/\/www.instagram.com\/alfredscheerer\/"]}]}},"_links":{"self":[{"href":"https:\/\/www.alfred-scheerer.de\/shop\/wp-json\/wp\/v2\/product\/4146","targetHints":{"allow":["GET"]}}],"collection":[{"href":"https:\/\/www.alfred-scheerer.de\/shop\/wp-json\/wp\/v2\/product"}],"about":[{"href":"https:\/\/www.alfred-scheerer.de\/shop\/wp-json\/wp\/v2\/types\/product"}],"wp:featuredmedia":[{"embeddable":true,"href":"https:\/\/www.alfred-scheerer.de\/shop\/wp-json\/wp\/v2\/media\/4148"}],"wp:attachment":[{"href":"https:\/\/www.alfred-scheerer.de\/shop\/wp-json\/wp\/v2\/media?parent=4146"}],"wp:term":[{"taxonomy":"product_brand","embeddable":true,"href":"https:\/\/www.alfred-scheerer.de\/shop\/wp-json\/wp\/v2\/product_brand?post=4146"},{"taxonomy":"product_cat","embeddable":true,"href":"https:\/\/www.alfred-scheerer.de\/shop\/wp-json\/wp\/v2\/product_cat?post=4146"},{"taxonomy":"product_tag","embeddable":true,"href":"https:\/\/www.alfred-scheerer.de\/shop\/wp-json\/wp\/v2\/product_tag?post=4146"}],"curies":[{"name":"wp","href":"https:\/\/api.w.org\/{rel}","templated":true}]}}