{"id":4272,"date":"2021-03-28T18:34:18","date_gmt":"2021-03-28T16:34:18","guid":{"rendered":"https:\/\/alfred-scheerer.de\/shop\/?post_type=product&#038;p=4272"},"modified":"2026-04-10T09:40:29","modified_gmt":"2026-04-10T07:40:29","slug":"messer-29-cm-gekroepft-ambrogio-quad-wiper-climber-075z56500a","status":"publish","type":"product","link":"https:\/\/www.alfred-scheerer.de\/shop\/product\/messer-29-cm-gekroepft-ambrogio-quad-wiper-climber-075z56500a\/","title":{"rendered":"Messer 29 cm gekr\u00f6pft Ambrogio Quad Wiper Climber 075Z56500A"},"content":{"rendered":"<p>Original Ambrogio ZCS Messer gekr\u00f6pft aus Federstahl inkl. vier neuen Schrauben<br \/>\nDurchmesser 29cm gekr\u00f6pft<\/p>\n<p>passend f\u00fcr:<br \/>\nAmbrogio: QUAD, CUBE<br \/>\nWiper: CLIMBER, Q 350<\/p>\n<p>Referenznummer:<br \/>\nAmbrogio\/Wiper\/ZCS: 075Z56500A, 075Z56500A_R<\/p>\n","protected":false},"excerpt":{"rendered":"<p>Original Ambrogio ZCS Messer gekr\u00f6pft aus Federstahl inkl. vier neuen Schrauben<br \/>\nDurchmesser 29cm gekr\u00f6pft<\/p>\n<p>passend f\u00fcr:<br \/>\nAmbrogio: QUAD, CUBE<br \/>\nWiper: CLIMBER, Q 350<\/p>\n<p>Referenznummer:<br \/>\nAmbrogio\/Wiper\/ZCS: 075Z56500A, 075Z56500A_R<\/p>\n","protected":false},"featured_media":3447,"template":"","meta":[],"product_brand":[1756],"product_cat":[312,523,1425,94,106],"product_tag":[608,1354,609,1355,528,616,617,576,618,579,581,904,582,905,584,906,586,1046,587,1353],"class_list":{"0":"post-4272","1":"product","2":"type-product","3":"status-publish","4":"has-post-thumbnail","6":"product_brand-ambrogio","7":"product_cat-wiper-ersatzteile-zubehoer","8":"product_cat-quad","9":"product_cat-ambrogio-ersatzmesser","10":"product_cat-ambrogio-ersatzteile-zubehoer","11":"product_cat-installation-ersatzteile-u-zubehoer","12":"product_tag-messer-29-cm","13":"product_tag-ersatzmesser-quad","14":"product_tag-messer-29cm","15":"product_tag-ersatzmesser-climber","16":"product_tag-ambrogio-messer","17":"product_tag-messer-ambrogio-quad","18":"product_tag-ersatzmesser-29-cm","19":"product_tag-ambrogio-ersatzmesser","20":"product_tag-ersatzmesser-29cm","21":"product_tag-messer-quad","22":"product_tag-wiper-messer","23":"product_tag-messer-29-cm-gekroepft","24":"product_tag-wiper-ersatzmesser","25":"product_tag-075z56500a","26":"product_tag-maehroboter-messer","27":"product_tag-messer-wiper-climber","28":"product_tag-maehroboter-ersatzmesser","29":"product_tag-4-stern-messer","30":"product_tag-maehroboter-klinge","31":"product_tag-075z56500a_r","33":"first","34":"instock","35":"sale","36":"taxable","37":"shipping-taxable","38":"purchasable","39":"product-type-simple"},"yoast_head":"<!-- This site is optimized with the Yoast SEO plugin v27.5 - https:\/\/yoast.com\/product\/yoast-seo-wordpress\/ -->\n<title>Messer 29 cm gekr\u00f6pft Ambrogio Quad Wiper Climber 075Z56500A - Gartentechnik Scheerer<\/title>\n<meta name=\"description\" content=\"Original Ambrogio ZCS Messer gekr\u00f6pft aus robustem Federstahl, \u00d8 29 cm, inkl. 4 Schrauben \u2013 idealer Ersatz f\u00fcr pr\u00e4zises und effizientes M\u00e4hen.\" \/>\n<meta name=\"robots\" content=\"index, follow, max-snippet:-1, max-image-preview:large, max-video-preview:-1\" \/>\n<link rel=\"canonical\" href=\"https:\/\/www.alfred-scheerer.de\/shop\/product\/messer-29-cm-gekroepft-ambrogio-quad-wiper-climber-075z56500a\/\" \/>\n<meta property=\"og:locale\" content=\"de_DE\" \/>\n<meta property=\"og:type\" content=\"article\" \/>\n<meta property=\"og:title\" content=\"Messer 29 cm gekr\u00f6pft Ambrogio Quad Wiper Climber 075Z56500A - Gartentechnik Scheerer\" \/>\n<meta property=\"og:description\" content=\"Original Ambrogio ZCS Messer gekr\u00f6pft aus robustem Federstahl, \u00d8 29 cm, inkl. 4 Schrauben \u2013 idealer Ersatz f\u00fcr pr\u00e4zises und effizientes M\u00e4hen.\" \/>\n<meta property=\"og:url\" content=\"https:\/\/www.alfred-scheerer.de\/shop\/product\/messer-29-cm-gekroepft-ambrogio-quad-wiper-climber-075z56500a\/\" \/>\n<meta property=\"og:site_name\" content=\"Gartentechnik Scheerer\" \/>\n<meta property=\"article:modified_time\" content=\"2026-04-10T07:40:29+00:00\" \/>\n<meta property=\"og:image\" content=\"https:\/\/www.alfred-scheerer.de\/shop\/wp-content\/uploads\/2020\/04\/Messer-Ambrogio-L60.jpg\" \/>\n\t<meta property=\"og:image:width\" content=\"1063\" \/>\n\t<meta property=\"og:image:height\" content=\"709\" \/>\n\t<meta property=\"og:image:type\" content=\"image\/jpeg\" \/>\n<meta name=\"twitter:card\" content=\"summary_large_image\" \/>\n<script type=\"application\/ld+json\" class=\"yoast-schema-graph\">{\"@context\":\"https:\\\/\\\/schema.org\",\"@graph\":[{\"@type\":\"WebPage\",\"@id\":\"https:\\\/\\\/www.alfred-scheerer.de\\\/shop\\\/product\\\/messer-29-cm-gekroepft-ambrogio-quad-wiper-climber-075z56500a\\\/\",\"url\":\"https:\\\/\\\/www.alfred-scheerer.de\\\/shop\\\/product\\\/messer-29-cm-gekroepft-ambrogio-quad-wiper-climber-075z56500a\\\/\",\"name\":\"Messer 29 cm gekr\u00f6pft Ambrogio Quad Wiper Climber 075Z56500A - Gartentechnik Scheerer\",\"isPartOf\":{\"@id\":\"https:\\\/\\\/www.alfred-scheerer.de\\\/shop\\\/#website\"},\"primaryImageOfPage\":{\"@id\":\"https:\\\/\\\/www.alfred-scheerer.de\\\/shop\\\/product\\\/messer-29-cm-gekroepft-ambrogio-quad-wiper-climber-075z56500a\\\/#primaryimage\"},\"image\":{\"@id\":\"https:\\\/\\\/www.alfred-scheerer.de\\\/shop\\\/product\\\/messer-29-cm-gekroepft-ambrogio-quad-wiper-climber-075z56500a\\\/#primaryimage\"},\"thumbnailUrl\":\"https:\\\/\\\/www.alfred-scheerer.de\\\/shop\\\/wp-content\\\/uploads\\\/2020\\\/04\\\/Messer-Ambrogio-L60.jpg\",\"datePublished\":\"2021-03-28T16:34:18+00:00\",\"dateModified\":\"2026-04-10T07:40:29+00:00\",\"description\":\"Original Ambrogio ZCS Messer gekr\u00f6pft aus robustem Federstahl, \u00d8 29 cm, inkl. 4 Schrauben \u2013 idealer Ersatz f\u00fcr pr\u00e4zises und effizientes M\u00e4hen.\",\"breadcrumb\":{\"@id\":\"https:\\\/\\\/www.alfred-scheerer.de\\\/shop\\\/product\\\/messer-29-cm-gekroepft-ambrogio-quad-wiper-climber-075z56500a\\\/#breadcrumb\"},\"inLanguage\":\"de\",\"potentialAction\":[{\"@type\":\"ReadAction\",\"target\":[\"https:\\\/\\\/www.alfred-scheerer.de\\\/shop\\\/product\\\/messer-29-cm-gekroepft-ambrogio-quad-wiper-climber-075z56500a\\\/\"]}]},{\"@type\":\"ImageObject\",\"inLanguage\":\"de\",\"@id\":\"https:\\\/\\\/www.alfred-scheerer.de\\\/shop\\\/product\\\/messer-29-cm-gekroepft-ambrogio-quad-wiper-climber-075z56500a\\\/#primaryimage\",\"url\":\"https:\\\/\\\/www.alfred-scheerer.de\\\/shop\\\/wp-content\\\/uploads\\\/2020\\\/04\\\/Messer-Ambrogio-L60.jpg\",\"contentUrl\":\"https:\\\/\\\/www.alfred-scheerer.de\\\/shop\\\/wp-content\\\/uploads\\\/2020\\\/04\\\/Messer-Ambrogio-L60.jpg\",\"width\":1063,\"height\":709,\"caption\":\"Messer Quad Climber\"},{\"@type\":\"BreadcrumbList\",\"@id\":\"https:\\\/\\\/www.alfred-scheerer.de\\\/shop\\\/product\\\/messer-29-cm-gekroepft-ambrogio-quad-wiper-climber-075z56500a\\\/#breadcrumb\",\"itemListElement\":[{\"@type\":\"ListItem\",\"position\":1,\"name\":\"Startseite\",\"item\":\"https:\\\/\\\/www.alfred-scheerer.de\\\/shop\\\/\"},{\"@type\":\"ListItem\",\"position\":2,\"name\":\"Gartentechnik Scheerer &#8211; Der Online Shop f\u00fcr M\u00e4hroboter und Zubeh\u00f6r\",\"item\":\"https:\\\/\\\/www.alfred-scheerer.de\\\/shop\\\/\"},{\"@type\":\"ListItem\",\"position\":3,\"name\":\"Messer 29 cm gekr\u00f6pft Ambrogio Quad Wiper Climber 075Z56500A\"}]},{\"@type\":\"WebSite\",\"@id\":\"https:\\\/\\\/www.alfred-scheerer.de\\\/shop\\\/#website\",\"url\":\"https:\\\/\\\/www.alfred-scheerer.de\\\/shop\\\/\",\"name\":\"Scheerer GmbH (ehem. Alfred Scheerer e.K.)\",\"description\":\"Der Online Shop aus Wermelskirchen f\u00fcr M\u00e4hroboter, Akku Gartenger\u00e4te, Ersatzteile und Zubeh\u00f6r\",\"publisher\":{\"@id\":\"https:\\\/\\\/www.alfred-scheerer.de\\\/shop\\\/#organization\"},\"potentialAction\":[{\"@type\":\"SearchAction\",\"target\":{\"@type\":\"EntryPoint\",\"urlTemplate\":\"https:\\\/\\\/www.alfred-scheerer.de\\\/shop\\\/?s={search_term_string}\"},\"query-input\":{\"@type\":\"PropertyValueSpecification\",\"valueRequired\":true,\"valueName\":\"search_term_string\"}}],\"inLanguage\":\"de\"},{\"@type\":\"Organization\",\"@id\":\"https:\\\/\\\/www.alfred-scheerer.de\\\/shop\\\/#organization\",\"name\":\"Scheerer GmbH\",\"url\":\"https:\\\/\\\/www.alfred-scheerer.de\\\/shop\\\/\",\"logo\":{\"@type\":\"ImageObject\",\"inLanguage\":\"de\",\"@id\":\"https:\\\/\\\/www.alfred-scheerer.de\\\/shop\\\/#\\\/schema\\\/logo\\\/image\\\/\",\"url\":\"https:\\\/\\\/alfred-scheerer.de\\\/shop\\\/wp-content\\\/uploads\\\/2024\\\/05\\\/baum.jpg\",\"contentUrl\":\"https:\\\/\\\/alfred-scheerer.de\\\/shop\\\/wp-content\\\/uploads\\\/2024\\\/05\\\/baum.jpg\",\"width\":512,\"height\":512,\"caption\":\"Scheerer GmbH\"},\"image\":{\"@id\":\"https:\\\/\\\/www.alfred-scheerer.de\\\/shop\\\/#\\\/schema\\\/logo\\\/image\\\/\"},\"sameAs\":[\"https:\\\/\\\/www.instagram.com\\\/alfredscheerer\\\/\"]}]}<\/script>\n<!-- \/ Yoast SEO plugin. -->","yoast_head_json":{"title":"Messer 29 cm gekr\u00f6pft Ambrogio Quad Wiper Climber 075Z56500A - Gartentechnik Scheerer","description":"Original Ambrogio ZCS Messer gekr\u00f6pft aus robustem Federstahl, \u00d8 29 cm, inkl. 4 Schrauben \u2013 idealer Ersatz f\u00fcr pr\u00e4zises und effizientes M\u00e4hen.","robots":{"index":"index","follow":"follow","max-snippet":"max-snippet:-1","max-image-preview":"max-image-preview:large","max-video-preview":"max-video-preview:-1"},"canonical":"https:\/\/www.alfred-scheerer.de\/shop\/product\/messer-29-cm-gekroepft-ambrogio-quad-wiper-climber-075z56500a\/","og_locale":"de_DE","og_type":"article","og_title":"Messer 29 cm gekr\u00f6pft Ambrogio Quad Wiper Climber 075Z56500A - Gartentechnik Scheerer","og_description":"Original Ambrogio ZCS Messer gekr\u00f6pft aus robustem Federstahl, \u00d8 29 cm, inkl. 4 Schrauben \u2013 idealer Ersatz f\u00fcr pr\u00e4zises und effizientes M\u00e4hen.","og_url":"https:\/\/www.alfred-scheerer.de\/shop\/product\/messer-29-cm-gekroepft-ambrogio-quad-wiper-climber-075z56500a\/","og_site_name":"Gartentechnik Scheerer","article_modified_time":"2026-04-10T07:40:29+00:00","og_image":[{"width":1063,"height":709,"url":"https:\/\/www.alfred-scheerer.de\/shop\/wp-content\/uploads\/2020\/04\/Messer-Ambrogio-L60.jpg","type":"image\/jpeg"}],"twitter_card":"summary_large_image","schema":{"@context":"https:\/\/schema.org","@graph":[{"@type":"WebPage","@id":"https:\/\/www.alfred-scheerer.de\/shop\/product\/messer-29-cm-gekroepft-ambrogio-quad-wiper-climber-075z56500a\/","url":"https:\/\/www.alfred-scheerer.de\/shop\/product\/messer-29-cm-gekroepft-ambrogio-quad-wiper-climber-075z56500a\/","name":"Messer 29 cm gekr\u00f6pft Ambrogio Quad Wiper Climber 075Z56500A - Gartentechnik Scheerer","isPartOf":{"@id":"https:\/\/www.alfred-scheerer.de\/shop\/#website"},"primaryImageOfPage":{"@id":"https:\/\/www.alfred-scheerer.de\/shop\/product\/messer-29-cm-gekroepft-ambrogio-quad-wiper-climber-075z56500a\/#primaryimage"},"image":{"@id":"https:\/\/www.alfred-scheerer.de\/shop\/product\/messer-29-cm-gekroepft-ambrogio-quad-wiper-climber-075z56500a\/#primaryimage"},"thumbnailUrl":"https:\/\/www.alfred-scheerer.de\/shop\/wp-content\/uploads\/2020\/04\/Messer-Ambrogio-L60.jpg","datePublished":"2021-03-28T16:34:18+00:00","dateModified":"2026-04-10T07:40:29+00:00","description":"Original Ambrogio ZCS Messer gekr\u00f6pft aus robustem Federstahl, \u00d8 29 cm, inkl. 4 Schrauben \u2013 idealer Ersatz f\u00fcr pr\u00e4zises und effizientes M\u00e4hen.","breadcrumb":{"@id":"https:\/\/www.alfred-scheerer.de\/shop\/product\/messer-29-cm-gekroepft-ambrogio-quad-wiper-climber-075z56500a\/#breadcrumb"},"inLanguage":"de","potentialAction":[{"@type":"ReadAction","target":["https:\/\/www.alfred-scheerer.de\/shop\/product\/messer-29-cm-gekroepft-ambrogio-quad-wiper-climber-075z56500a\/"]}]},{"@type":"ImageObject","inLanguage":"de","@id":"https:\/\/www.alfred-scheerer.de\/shop\/product\/messer-29-cm-gekroepft-ambrogio-quad-wiper-climber-075z56500a\/#primaryimage","url":"https:\/\/www.alfred-scheerer.de\/shop\/wp-content\/uploads\/2020\/04\/Messer-Ambrogio-L60.jpg","contentUrl":"https:\/\/www.alfred-scheerer.de\/shop\/wp-content\/uploads\/2020\/04\/Messer-Ambrogio-L60.jpg","width":1063,"height":709,"caption":"Messer Quad Climber"},{"@type":"BreadcrumbList","@id":"https:\/\/www.alfred-scheerer.de\/shop\/product\/messer-29-cm-gekroepft-ambrogio-quad-wiper-climber-075z56500a\/#breadcrumb","itemListElement":[{"@type":"ListItem","position":1,"name":"Startseite","item":"https:\/\/www.alfred-scheerer.de\/shop\/"},{"@type":"ListItem","position":2,"name":"Gartentechnik Scheerer &#8211; Der Online Shop f\u00fcr M\u00e4hroboter und Zubeh\u00f6r","item":"https:\/\/www.alfred-scheerer.de\/shop\/"},{"@type":"ListItem","position":3,"name":"Messer 29 cm gekr\u00f6pft Ambrogio Quad Wiper Climber 075Z56500A"}]},{"@type":"WebSite","@id":"https:\/\/www.alfred-scheerer.de\/shop\/#website","url":"https:\/\/www.alfred-scheerer.de\/shop\/","name":"Scheerer GmbH (ehem. Alfred Scheerer e.K.)","description":"Der Online Shop aus Wermelskirchen f\u00fcr M\u00e4hroboter, Akku Gartenger\u00e4te, Ersatzteile und Zubeh\u00f6r","publisher":{"@id":"https:\/\/www.alfred-scheerer.de\/shop\/#organization"},"potentialAction":[{"@type":"SearchAction","target":{"@type":"EntryPoint","urlTemplate":"https:\/\/www.alfred-scheerer.de\/shop\/?s={search_term_string}"},"query-input":{"@type":"PropertyValueSpecification","valueRequired":true,"valueName":"search_term_string"}}],"inLanguage":"de"},{"@type":"Organization","@id":"https:\/\/www.alfred-scheerer.de\/shop\/#organization","name":"Scheerer GmbH","url":"https:\/\/www.alfred-scheerer.de\/shop\/","logo":{"@type":"ImageObject","inLanguage":"de","@id":"https:\/\/www.alfred-scheerer.de\/shop\/#\/schema\/logo\/image\/","url":"https:\/\/alfred-scheerer.de\/shop\/wp-content\/uploads\/2024\/05\/baum.jpg","contentUrl":"https:\/\/alfred-scheerer.de\/shop\/wp-content\/uploads\/2024\/05\/baum.jpg","width":512,"height":512,"caption":"Scheerer GmbH"},"image":{"@id":"https:\/\/www.alfred-scheerer.de\/shop\/#\/schema\/logo\/image\/"},"sameAs":["https:\/\/www.instagram.com\/alfredscheerer\/"]}]}},"_links":{"self":[{"href":"https:\/\/www.alfred-scheerer.de\/shop\/wp-json\/wp\/v2\/product\/4272","targetHints":{"allow":["GET"]}}],"collection":[{"href":"https:\/\/www.alfred-scheerer.de\/shop\/wp-json\/wp\/v2\/product"}],"about":[{"href":"https:\/\/www.alfred-scheerer.de\/shop\/wp-json\/wp\/v2\/types\/product"}],"wp:featuredmedia":[{"embeddable":true,"href":"https:\/\/www.alfred-scheerer.de\/shop\/wp-json\/wp\/v2\/media\/3447"}],"wp:attachment":[{"href":"https:\/\/www.alfred-scheerer.de\/shop\/wp-json\/wp\/v2\/media?parent=4272"}],"wp:term":[{"taxonomy":"product_brand","embeddable":true,"href":"https:\/\/www.alfred-scheerer.de\/shop\/wp-json\/wp\/v2\/product_brand?post=4272"},{"taxonomy":"product_cat","embeddable":true,"href":"https:\/\/www.alfred-scheerer.de\/shop\/wp-json\/wp\/v2\/product_cat?post=4272"},{"taxonomy":"product_tag","embeddable":true,"href":"https:\/\/www.alfred-scheerer.de\/shop\/wp-json\/wp\/v2\/product_tag?post=4272"}],"curies":[{"name":"wp","href":"https:\/\/api.w.org\/{rel}","templated":true}]}}