{"id":430,"date":"2019-04-18T15:13:56","date_gmt":"2019-04-18T13:13:56","guid":{"rendered":"http:\/\/alfred-scheerer.de\/shop\/?post_type=product&#038;p=430"},"modified":"2026-03-16T07:28:11","modified_gmt":"2026-03-16T06:28:11","slug":"akku-259-v-25-ah-ambrogio-wiper-075z01300a-stiga-1126-9137-01","status":"publish","type":"product","link":"https:\/\/www.alfred-scheerer.de\/shop\/product\/akku-259-v-25-ah-ambrogio-wiper-075z01300a-stiga-1126-9137-01\/","title":{"rendered":"Akku 25,9 V 25,2 V &#8211; 2,5 Ah  Ambrogio Wiper ZCS 075Z01300A Stiga 1126-9137-01"},"content":{"rendered":"<p>Original Ambrogio ZCS Akku 25,9 V \/ 25,2 V \u2013 2,5 Ah<br \/>\nJe nach Modell k\u00f6nnen ein bis drei Akkus im Ger\u00e4t verbaut sein.<\/p>\n<p>Hinweis:<br \/>\nDer Akku 075Z01300A (25,9 V) ist nicht mehr lieferbar und wurde von ZCS durch die neuste Akku Ausf\u00fchrung 075Z61700A (25,2 V) ersetzt!<br \/>\nWir liefern die neueste Ausf\u00fchrung 075Z61700A (25,2 V), auch wenn 075Z01300A bestellt wurde!<\/p>\n<p>passend f\u00fcr:<br \/>\nAmbrogio: L30, L32, L35, L50, L60<br \/>\nWiper: Ciiky, C6, C8, C12, C20, C80, C120, C180<br \/>\nStiga: M3, M5, M7, 125, 127, 221, 221, 223, 225S, 228S, 230S<\/p>\n<p>Referenznummer:<br \/>\nAmbrogio Wiper ZCS: 075Z01300A, 075Z61700A_R<br \/>\nStiga: 1126-9137-01<\/p>\n","protected":false},"excerpt":{"rendered":"<p>Original Ambrogio ZCS Akku 25,9 V \/ 25,2 V \u2013 2,5 Ah<br \/>\nJe nach Modell k\u00f6nnen ein bis drei Akkus im Ger\u00e4t verbaut sein.<\/p>\n<p>Hinweis:<br \/>\nDer Akku 075Z01300A (25,9 V) ist nicht mehr lieferbar und wurde von ZCS durch die neuste Akku Ausf\u00fchrung 075Z61700A (25,2 V) ersetzt!<br \/>\nWir liefern die neueste Ausf\u00fchrung 075Z61700A (25,2 V), auch wenn 075Z01300A bestellt wurde!<\/p>\n<p>passend f\u00fcr:<br \/>\nAmbrogio: L30, L32, L35, L50, L60<br \/>\nWiper: Ciiky, C6, C8, C12, C20, C80, C120, C180<br \/>\nStiga: M3, M5, M7, 125, 127, 221, 221, 223, 225S, 228S, 230S<\/p>\n<p>Referenznummer:<br \/>\nAmbrogio Wiper ZCS: 075Z01300A, 075Z61700A_R<br \/>\nStiga: 1126-9137-01<\/p>\n","protected":false},"featured_media":3515,"template":"","meta":[],"product_brand":[],"product_cat":[94,96,97,108,179,306,312],"product_tag":[1071,1170,1072,1171,1073,1172,1140,1141,1410,1142,1143,1144,1065,1152,1068,1168,1070,1169],"class_list":{"0":"post-430","1":"product","2":"type-product","3":"status-publish","4":"has-post-thumbnail","6":"product_cat-ambrogio-ersatzteile-zubehoer","7":"product_cat-ambrogio-l30-ersatzteile-zubehoer","8":"product_cat-l50-l60","9":"product_cat-stiga-ersatzteile-zubehoer","10":"product_cat-l35","11":"product_cat-l32","12":"product_cat-wiper-ersatzteile-zubehoer","13":"product_tag-wiper-batterie","14":"product_tag-wiper-2-5-ah","15":"product_tag-techline-akku","16":"product_tag-wiper-2-5ah","17":"product_tag-techline-batterie","18":"product_tag-stiga-batterie","19":"product_tag-075z01300a","20":"product_tag-1126-9137-01","21":"product_tag-075z61700a_r","22":"product_tag-stiga-akku","23":"product_tag-l30-akku","24":"product_tag-l32-akku","25":"product_tag-ambrogio-akku","26":"product_tag-l35-akku","27":"product_tag-ambrogio-batterie","28":"product_tag-ambrogio-2-5-ah","29":"product_tag-wiper-akku","30":"product_tag-ambrogio-2-5ah","31":"product_shipping_class-bis-10-kg-u-bezug","33":"first","34":"instock","35":"taxable","36":"shipping-taxable","37":"purchasable","38":"product-type-simple"},"yoast_head":"<!-- This site is optimized with the Yoast SEO plugin v27.4 - https:\/\/yoast.com\/product\/yoast-seo-wordpress\/ -->\n<title>Akku 25,9 V 25,2 V - 2,5 Ah Ambrogio Wiper ZCS 075Z01300A Stiga 1126-9137-01 - Gartentechnik Scheerer<\/title>\n<meta name=\"description\" content=\"Akku Ersatzakku Batterie Ambrogio Wiper Stiga M\u00e4hroboter L30, L32, L35, L50, L60, C6, C8 ,C12, C20, C80, C120, C180, M3, M5, M7, 125, 127, 221, 221, 223, 225S, 228S, 230S 075Z61700A_R 075Z01300A\" \/>\n<meta name=\"robots\" content=\"index, follow, max-snippet:-1, max-image-preview:large, max-video-preview:-1\" \/>\n<link rel=\"canonical\" href=\"https:\/\/www.alfred-scheerer.de\/shop\/product\/akku-259-v-25-ah-ambrogio-wiper-075z01300a-stiga-1126-9137-01\/\" \/>\n<meta property=\"og:locale\" content=\"de_DE\" \/>\n<meta property=\"og:type\" content=\"article\" \/>\n<meta property=\"og:title\" content=\"Akku 25,9 V 25,2 V - 2,5 Ah Ambrogio Wiper ZCS 075Z01300A Stiga 1126-9137-01 - Gartentechnik Scheerer\" \/>\n<meta property=\"og:description\" content=\"Akku Ersatzakku Batterie Ambrogio Wiper Stiga M\u00e4hroboter L30, L32, L35, L50, L60, C6, C8 ,C12, C20, C80, C120, C180, M3, M5, M7, 125, 127, 221, 221, 223, 225S, 228S, 230S 075Z61700A_R 075Z01300A\" \/>\n<meta property=\"og:url\" content=\"https:\/\/www.alfred-scheerer.de\/shop\/product\/akku-259-v-25-ah-ambrogio-wiper-075z01300a-stiga-1126-9137-01\/\" \/>\n<meta property=\"og:site_name\" content=\"Gartentechnik Scheerer\" \/>\n<meta property=\"article:modified_time\" content=\"2026-03-16T06:28:11+00:00\" \/>\n<meta property=\"og:image\" content=\"https:\/\/www.alfred-scheerer.de\/shop\/wp-content\/uploads\/2020\/04\/Akku-25-Ah-075Z01300A.jpg\" \/>\n\t<meta property=\"og:image:width\" content=\"1500\" \/>\n\t<meta property=\"og:image:height\" content=\"1001\" \/>\n\t<meta property=\"og:image:type\" content=\"image\/jpeg\" \/>\n<meta name=\"twitter:card\" content=\"summary_large_image\" \/>\n<meta name=\"twitter:label1\" content=\"Gesch\u00e4tzte Lesezeit\" \/>\n\t<meta name=\"twitter:data1\" content=\"1\u00a0Minute\" \/>\n<script type=\"application\/ld+json\" class=\"yoast-schema-graph\">{\"@context\":\"https:\\\/\\\/schema.org\",\"@graph\":[{\"@type\":\"WebPage\",\"@id\":\"https:\\\/\\\/www.alfred-scheerer.de\\\/shop\\\/product\\\/akku-259-v-25-ah-ambrogio-wiper-075z01300a-stiga-1126-9137-01\\\/\",\"url\":\"https:\\\/\\\/www.alfred-scheerer.de\\\/shop\\\/product\\\/akku-259-v-25-ah-ambrogio-wiper-075z01300a-stiga-1126-9137-01\\\/\",\"name\":\"Akku 25,9 V 25,2 V - 2,5 Ah Ambrogio Wiper ZCS 075Z01300A Stiga 1126-9137-01 - Gartentechnik Scheerer\",\"isPartOf\":{\"@id\":\"https:\\\/\\\/www.alfred-scheerer.de\\\/shop\\\/#website\"},\"primaryImageOfPage\":{\"@id\":\"https:\\\/\\\/www.alfred-scheerer.de\\\/shop\\\/product\\\/akku-259-v-25-ah-ambrogio-wiper-075z01300a-stiga-1126-9137-01\\\/#primaryimage\"},\"image\":{\"@id\":\"https:\\\/\\\/www.alfred-scheerer.de\\\/shop\\\/product\\\/akku-259-v-25-ah-ambrogio-wiper-075z01300a-stiga-1126-9137-01\\\/#primaryimage\"},\"thumbnailUrl\":\"https:\\\/\\\/www.alfred-scheerer.de\\\/shop\\\/wp-content\\\/uploads\\\/2020\\\/04\\\/Akku-25-Ah-075Z01300A.jpg\",\"datePublished\":\"2019-04-18T13:13:56+00:00\",\"dateModified\":\"2026-03-16T06:28:11+00:00\",\"description\":\"Akku Ersatzakku Batterie Ambrogio Wiper Stiga M\u00e4hroboter L30, L32, L35, L50, L60, C6, C8 ,C12, C20, C80, C120, C180, M3, M5, M7, 125, 127, 221, 221, 223, 225S, 228S, 230S 075Z61700A_R 075Z01300A\",\"breadcrumb\":{\"@id\":\"https:\\\/\\\/www.alfred-scheerer.de\\\/shop\\\/product\\\/akku-259-v-25-ah-ambrogio-wiper-075z01300a-stiga-1126-9137-01\\\/#breadcrumb\"},\"inLanguage\":\"de\",\"potentialAction\":[{\"@type\":\"ReadAction\",\"target\":[\"https:\\\/\\\/www.alfred-scheerer.de\\\/shop\\\/product\\\/akku-259-v-25-ah-ambrogio-wiper-075z01300a-stiga-1126-9137-01\\\/\"]}]},{\"@type\":\"ImageObject\",\"inLanguage\":\"de\",\"@id\":\"https:\\\/\\\/www.alfred-scheerer.de\\\/shop\\\/product\\\/akku-259-v-25-ah-ambrogio-wiper-075z01300a-stiga-1126-9137-01\\\/#primaryimage\",\"url\":\"https:\\\/\\\/www.alfred-scheerer.de\\\/shop\\\/wp-content\\\/uploads\\\/2020\\\/04\\\/Akku-25-Ah-075Z01300A.jpg\",\"contentUrl\":\"https:\\\/\\\/www.alfred-scheerer.de\\\/shop\\\/wp-content\\\/uploads\\\/2020\\\/04\\\/Akku-25-Ah-075Z01300A.jpg\",\"width\":1500,\"height\":1001,\"caption\":\"Ambrogio M\u00e4hroboter\"},{\"@type\":\"BreadcrumbList\",\"@id\":\"https:\\\/\\\/www.alfred-scheerer.de\\\/shop\\\/product\\\/akku-259-v-25-ah-ambrogio-wiper-075z01300a-stiga-1126-9137-01\\\/#breadcrumb\",\"itemListElement\":[{\"@type\":\"ListItem\",\"position\":1,\"name\":\"Startseite\",\"item\":\"https:\\\/\\\/www.alfred-scheerer.de\\\/shop\\\/\"},{\"@type\":\"ListItem\",\"position\":2,\"name\":\"Gartentechnik Scheerer &#8211; Der Online Shop f\u00fcr M\u00e4hroboter und Zubeh\u00f6r\",\"item\":\"https:\\\/\\\/www.alfred-scheerer.de\\\/shop\\\/\"},{\"@type\":\"ListItem\",\"position\":3,\"name\":\"Akku 25,9 V 25,2 V &#8211; 2,5 Ah Ambrogio Wiper ZCS 075Z01300A Stiga 1126-9137-01\"}]},{\"@type\":\"WebSite\",\"@id\":\"https:\\\/\\\/www.alfred-scheerer.de\\\/shop\\\/#website\",\"url\":\"https:\\\/\\\/www.alfred-scheerer.de\\\/shop\\\/\",\"name\":\"Scheerer GmbH (ehem. Alfred Scheerer e.K.)\",\"description\":\"Der Online Shop aus Wermelskirchen f\u00fcr M\u00e4hroboter, Akku Gartenger\u00e4te, Ersatzteile und Zubeh\u00f6r\",\"publisher\":{\"@id\":\"https:\\\/\\\/www.alfred-scheerer.de\\\/shop\\\/#organization\"},\"potentialAction\":[{\"@type\":\"SearchAction\",\"target\":{\"@type\":\"EntryPoint\",\"urlTemplate\":\"https:\\\/\\\/www.alfred-scheerer.de\\\/shop\\\/?s={search_term_string}\"},\"query-input\":{\"@type\":\"PropertyValueSpecification\",\"valueRequired\":true,\"valueName\":\"search_term_string\"}}],\"inLanguage\":\"de\"},{\"@type\":\"Organization\",\"@id\":\"https:\\\/\\\/www.alfred-scheerer.de\\\/shop\\\/#organization\",\"name\":\"Scheerer GmbH\",\"url\":\"https:\\\/\\\/www.alfred-scheerer.de\\\/shop\\\/\",\"logo\":{\"@type\":\"ImageObject\",\"inLanguage\":\"de\",\"@id\":\"https:\\\/\\\/www.alfred-scheerer.de\\\/shop\\\/#\\\/schema\\\/logo\\\/image\\\/\",\"url\":\"https:\\\/\\\/alfred-scheerer.de\\\/shop\\\/wp-content\\\/uploads\\\/2024\\\/05\\\/baum.jpg\",\"contentUrl\":\"https:\\\/\\\/alfred-scheerer.de\\\/shop\\\/wp-content\\\/uploads\\\/2024\\\/05\\\/baum.jpg\",\"width\":512,\"height\":512,\"caption\":\"Scheerer GmbH\"},\"image\":{\"@id\":\"https:\\\/\\\/www.alfred-scheerer.de\\\/shop\\\/#\\\/schema\\\/logo\\\/image\\\/\"},\"sameAs\":[\"https:\\\/\\\/www.instagram.com\\\/alfredscheerer\\\/\"]}]}<\/script>\n<!-- \/ Yoast SEO plugin. -->","yoast_head_json":{"title":"Akku 25,9 V 25,2 V - 2,5 Ah Ambrogio Wiper ZCS 075Z01300A Stiga 1126-9137-01 - Gartentechnik Scheerer","description":"Akku Ersatzakku Batterie Ambrogio Wiper Stiga M\u00e4hroboter L30, L32, L35, L50, L60, C6, C8 ,C12, C20, C80, C120, C180, M3, M5, M7, 125, 127, 221, 221, 223, 225S, 228S, 230S 075Z61700A_R 075Z01300A","robots":{"index":"index","follow":"follow","max-snippet":"max-snippet:-1","max-image-preview":"max-image-preview:large","max-video-preview":"max-video-preview:-1"},"canonical":"https:\/\/www.alfred-scheerer.de\/shop\/product\/akku-259-v-25-ah-ambrogio-wiper-075z01300a-stiga-1126-9137-01\/","og_locale":"de_DE","og_type":"article","og_title":"Akku 25,9 V 25,2 V - 2,5 Ah Ambrogio Wiper ZCS 075Z01300A Stiga 1126-9137-01 - Gartentechnik Scheerer","og_description":"Akku Ersatzakku Batterie Ambrogio Wiper Stiga M\u00e4hroboter L30, L32, L35, L50, L60, C6, C8 ,C12, C20, C80, C120, C180, M3, M5, M7, 125, 127, 221, 221, 223, 225S, 228S, 230S 075Z61700A_R 075Z01300A","og_url":"https:\/\/www.alfred-scheerer.de\/shop\/product\/akku-259-v-25-ah-ambrogio-wiper-075z01300a-stiga-1126-9137-01\/","og_site_name":"Gartentechnik Scheerer","article_modified_time":"2026-03-16T06:28:11+00:00","og_image":[{"width":1500,"height":1001,"url":"https:\/\/www.alfred-scheerer.de\/shop\/wp-content\/uploads\/2020\/04\/Akku-25-Ah-075Z01300A.jpg","type":"image\/jpeg"}],"twitter_card":"summary_large_image","twitter_misc":{"Gesch\u00e4tzte Lesezeit":"1\u00a0Minute"},"schema":{"@context":"https:\/\/schema.org","@graph":[{"@type":"WebPage","@id":"https:\/\/www.alfred-scheerer.de\/shop\/product\/akku-259-v-25-ah-ambrogio-wiper-075z01300a-stiga-1126-9137-01\/","url":"https:\/\/www.alfred-scheerer.de\/shop\/product\/akku-259-v-25-ah-ambrogio-wiper-075z01300a-stiga-1126-9137-01\/","name":"Akku 25,9 V 25,2 V - 2,5 Ah Ambrogio Wiper ZCS 075Z01300A Stiga 1126-9137-01 - Gartentechnik Scheerer","isPartOf":{"@id":"https:\/\/www.alfred-scheerer.de\/shop\/#website"},"primaryImageOfPage":{"@id":"https:\/\/www.alfred-scheerer.de\/shop\/product\/akku-259-v-25-ah-ambrogio-wiper-075z01300a-stiga-1126-9137-01\/#primaryimage"},"image":{"@id":"https:\/\/www.alfred-scheerer.de\/shop\/product\/akku-259-v-25-ah-ambrogio-wiper-075z01300a-stiga-1126-9137-01\/#primaryimage"},"thumbnailUrl":"https:\/\/www.alfred-scheerer.de\/shop\/wp-content\/uploads\/2020\/04\/Akku-25-Ah-075Z01300A.jpg","datePublished":"2019-04-18T13:13:56+00:00","dateModified":"2026-03-16T06:28:11+00:00","description":"Akku Ersatzakku Batterie Ambrogio Wiper Stiga M\u00e4hroboter L30, L32, L35, L50, L60, C6, C8 ,C12, C20, C80, C120, C180, M3, M5, M7, 125, 127, 221, 221, 223, 225S, 228S, 230S 075Z61700A_R 075Z01300A","breadcrumb":{"@id":"https:\/\/www.alfred-scheerer.de\/shop\/product\/akku-259-v-25-ah-ambrogio-wiper-075z01300a-stiga-1126-9137-01\/#breadcrumb"},"inLanguage":"de","potentialAction":[{"@type":"ReadAction","target":["https:\/\/www.alfred-scheerer.de\/shop\/product\/akku-259-v-25-ah-ambrogio-wiper-075z01300a-stiga-1126-9137-01\/"]}]},{"@type":"ImageObject","inLanguage":"de","@id":"https:\/\/www.alfred-scheerer.de\/shop\/product\/akku-259-v-25-ah-ambrogio-wiper-075z01300a-stiga-1126-9137-01\/#primaryimage","url":"https:\/\/www.alfred-scheerer.de\/shop\/wp-content\/uploads\/2020\/04\/Akku-25-Ah-075Z01300A.jpg","contentUrl":"https:\/\/www.alfred-scheerer.de\/shop\/wp-content\/uploads\/2020\/04\/Akku-25-Ah-075Z01300A.jpg","width":1500,"height":1001,"caption":"Ambrogio M\u00e4hroboter"},{"@type":"BreadcrumbList","@id":"https:\/\/www.alfred-scheerer.de\/shop\/product\/akku-259-v-25-ah-ambrogio-wiper-075z01300a-stiga-1126-9137-01\/#breadcrumb","itemListElement":[{"@type":"ListItem","position":1,"name":"Startseite","item":"https:\/\/www.alfred-scheerer.de\/shop\/"},{"@type":"ListItem","position":2,"name":"Gartentechnik Scheerer &#8211; Der Online Shop f\u00fcr M\u00e4hroboter und Zubeh\u00f6r","item":"https:\/\/www.alfred-scheerer.de\/shop\/"},{"@type":"ListItem","position":3,"name":"Akku 25,9 V 25,2 V &#8211; 2,5 Ah Ambrogio Wiper ZCS 075Z01300A Stiga 1126-9137-01"}]},{"@type":"WebSite","@id":"https:\/\/www.alfred-scheerer.de\/shop\/#website","url":"https:\/\/www.alfred-scheerer.de\/shop\/","name":"Scheerer GmbH (ehem. Alfred Scheerer e.K.)","description":"Der Online Shop aus Wermelskirchen f\u00fcr M\u00e4hroboter, Akku Gartenger\u00e4te, Ersatzteile und Zubeh\u00f6r","publisher":{"@id":"https:\/\/www.alfred-scheerer.de\/shop\/#organization"},"potentialAction":[{"@type":"SearchAction","target":{"@type":"EntryPoint","urlTemplate":"https:\/\/www.alfred-scheerer.de\/shop\/?s={search_term_string}"},"query-input":{"@type":"PropertyValueSpecification","valueRequired":true,"valueName":"search_term_string"}}],"inLanguage":"de"},{"@type":"Organization","@id":"https:\/\/www.alfred-scheerer.de\/shop\/#organization","name":"Scheerer GmbH","url":"https:\/\/www.alfred-scheerer.de\/shop\/","logo":{"@type":"ImageObject","inLanguage":"de","@id":"https:\/\/www.alfred-scheerer.de\/shop\/#\/schema\/logo\/image\/","url":"https:\/\/alfred-scheerer.de\/shop\/wp-content\/uploads\/2024\/05\/baum.jpg","contentUrl":"https:\/\/alfred-scheerer.de\/shop\/wp-content\/uploads\/2024\/05\/baum.jpg","width":512,"height":512,"caption":"Scheerer GmbH"},"image":{"@id":"https:\/\/www.alfred-scheerer.de\/shop\/#\/schema\/logo\/image\/"},"sameAs":["https:\/\/www.instagram.com\/alfredscheerer\/"]}]}},"_links":{"self":[{"href":"https:\/\/www.alfred-scheerer.de\/shop\/wp-json\/wp\/v2\/product\/430","targetHints":{"allow":["GET"]}}],"collection":[{"href":"https:\/\/www.alfred-scheerer.de\/shop\/wp-json\/wp\/v2\/product"}],"about":[{"href":"https:\/\/www.alfred-scheerer.de\/shop\/wp-json\/wp\/v2\/types\/product"}],"wp:featuredmedia":[{"embeddable":true,"href":"https:\/\/www.alfred-scheerer.de\/shop\/wp-json\/wp\/v2\/media\/3515"}],"wp:attachment":[{"href":"https:\/\/www.alfred-scheerer.de\/shop\/wp-json\/wp\/v2\/media?parent=430"}],"wp:term":[{"taxonomy":"product_brand","embeddable":true,"href":"https:\/\/www.alfred-scheerer.de\/shop\/wp-json\/wp\/v2\/product_brand?post=430"},{"taxonomy":"product_cat","embeddable":true,"href":"https:\/\/www.alfred-scheerer.de\/shop\/wp-json\/wp\/v2\/product_cat?post=430"},{"taxonomy":"product_tag","embeddable":true,"href":"https:\/\/www.alfred-scheerer.de\/shop\/wp-json\/wp\/v2\/product_tag?post=430"}],"curies":[{"name":"wp","href":"https:\/\/api.w.org\/{rel}","templated":true}]}}