{"id":4305,"date":"2021-04-07T16:19:53","date_gmt":"2021-04-07T14:19:53","guid":{"rendered":"https:\/\/alfred-scheerer.de\/shop\/?post_type=product&#038;p=4305"},"modified":"2026-04-07T20:18:12","modified_gmt":"2026-04-07T18:18:12","slug":"gummi-stossstange-bumper-links-ambrogio-4-0-4-36-042z19800b","status":"publish","type":"product","link":"https:\/\/www.alfred-scheerer.de\/shop\/product\/gummi-stossstange-bumper-links-ambrogio-4-0-4-36-042z19800b\/","title":{"rendered":"Gummi Scharnier Sto\u00dfstange Bumper links Ambrogio 4.0 4.36 042Z19800B"},"content":{"rendered":"<p>Befestigungsgummi Scharnier der Sto\u00dfstange<br \/>\nlinke Seite<\/p>\n<p>passend f\u00fcr:<br \/>\nAmbrogio: 4.0, 4.36<\/p>\n<p>Lieferumfang:<br \/>\n1 St\u00fcck Gummi links (\u00e4hnlich Bild 39)<\/p>\n<p>Referenznummer:042Z19800B<\/p>\n","protected":false},"excerpt":{"rendered":"<p>Befestigungsgummi der Sto\u00dfstange<br \/>\nlinke Seite<\/p>\n<p>passend f\u00fcr:<br \/>\nAmbrogio: 4.0, 4.36<br \/>\nWiper: K-Serie<\/p>\n<p>Lieferumfang:<br \/>\n1 St\u00fcck Gummi (Bild 39)<\/p>\n","protected":false},"featured_media":4306,"template":"","meta":[],"product_brand":[1756],"product_cat":[1432,1433,305,312],"product_tag":[930,931,934,935,929],"class_list":{"0":"post-4305","1":"product","2":"type-product","3":"status-publish","4":"has-post-thumbnail","6":"product_brand-ambrogio","7":"product_cat-4-36","8":"product_cat-4-0-elite","9":"product_cat-4-0-basic","10":"product_cat-wiper-ersatzteile-zubehoer","11":"product_tag-ambrogio-gummi-stossstange","12":"product_tag-wiper-gummi-stossstange","13":"product_tag-ambrogio-bumper","14":"product_tag-wiper-bumper","15":"product_tag-042z19800b","17":"first","18":"instock","19":"taxable","20":"shipping-taxable","21":"purchasable","22":"product-type-simple"},"yoast_head":"<!-- This site is optimized with the Yoast SEO plugin v27.3 - https:\/\/yoast.com\/product\/yoast-seo-wordpress\/ -->\n<title>Gummi Scharnier Sto\u00dfstange Bumper links Ambrogio 4.0 4.36 042Z19800B - Gartentechnik Scheerer<\/title>\n<meta name=\"robots\" content=\"index, follow, max-snippet:-1, max-image-preview:large, max-video-preview:-1\" \/>\n<link rel=\"canonical\" href=\"https:\/\/www.alfred-scheerer.de\/shop\/product\/gummi-stossstange-bumper-links-ambrogio-4-0-4-36-042z19800b\/\" \/>\n<meta property=\"og:locale\" content=\"de_DE\" \/>\n<meta property=\"og:type\" content=\"article\" \/>\n<meta property=\"og:title\" content=\"Gummi Scharnier Sto\u00dfstange Bumper links Ambrogio 4.0 4.36 042Z19800B - Gartentechnik Scheerer\" \/>\n<meta property=\"og:description\" content=\"Befestigungsgummi der Sto\u00dfstange linke Seite  passend f\u00fcr: Ambrogio: 4.0, 4.36 Wiper: K-Serie  Lieferumfang: 1 St\u00fcck Gummi (Bild 39)\" \/>\n<meta property=\"og:url\" content=\"https:\/\/www.alfred-scheerer.de\/shop\/product\/gummi-stossstange-bumper-links-ambrogio-4-0-4-36-042z19800b\/\" \/>\n<meta property=\"og:site_name\" content=\"Gartentechnik Scheerer\" \/>\n<meta property=\"article:modified_time\" content=\"2026-04-07T18:18:12+00:00\" \/>\n<meta property=\"og:image\" content=\"https:\/\/www.alfred-scheerer.de\/shop\/wp-content\/uploads\/2021\/04\/Gummi-Stossstange-4.0-4.36.jpg\" \/>\n\t<meta property=\"og:image:width\" content=\"700\" \/>\n\t<meta property=\"og:image:height\" content=\"700\" \/>\n\t<meta property=\"og:image:type\" content=\"image\/jpeg\" \/>\n<meta name=\"twitter:card\" content=\"summary_large_image\" \/>\n<script type=\"application\/ld+json\" class=\"yoast-schema-graph\">{\"@context\":\"https:\\\/\\\/schema.org\",\"@graph\":[{\"@type\":\"WebPage\",\"@id\":\"https:\\\/\\\/www.alfred-scheerer.de\\\/shop\\\/product\\\/gummi-stossstange-bumper-links-ambrogio-4-0-4-36-042z19800b\\\/\",\"url\":\"https:\\\/\\\/www.alfred-scheerer.de\\\/shop\\\/product\\\/gummi-stossstange-bumper-links-ambrogio-4-0-4-36-042z19800b\\\/\",\"name\":\"Gummi Scharnier Sto\u00dfstange Bumper links Ambrogio 4.0 4.36 042Z19800B - Gartentechnik Scheerer\",\"isPartOf\":{\"@id\":\"https:\\\/\\\/www.alfred-scheerer.de\\\/shop\\\/#website\"},\"primaryImageOfPage\":{\"@id\":\"https:\\\/\\\/www.alfred-scheerer.de\\\/shop\\\/product\\\/gummi-stossstange-bumper-links-ambrogio-4-0-4-36-042z19800b\\\/#primaryimage\"},\"image\":{\"@id\":\"https:\\\/\\\/www.alfred-scheerer.de\\\/shop\\\/product\\\/gummi-stossstange-bumper-links-ambrogio-4-0-4-36-042z19800b\\\/#primaryimage\"},\"thumbnailUrl\":\"https:\\\/\\\/www.alfred-scheerer.de\\\/shop\\\/wp-content\\\/uploads\\\/2021\\\/04\\\/Gummi-Stossstange-4.0-4.36.jpg\",\"datePublished\":\"2021-04-07T14:19:53+00:00\",\"dateModified\":\"2026-04-07T18:18:12+00:00\",\"breadcrumb\":{\"@id\":\"https:\\\/\\\/www.alfred-scheerer.de\\\/shop\\\/product\\\/gummi-stossstange-bumper-links-ambrogio-4-0-4-36-042z19800b\\\/#breadcrumb\"},\"inLanguage\":\"de\",\"potentialAction\":[{\"@type\":\"ReadAction\",\"target\":[\"https:\\\/\\\/www.alfred-scheerer.de\\\/shop\\\/product\\\/gummi-stossstange-bumper-links-ambrogio-4-0-4-36-042z19800b\\\/\"]}]},{\"@type\":\"ImageObject\",\"inLanguage\":\"de\",\"@id\":\"https:\\\/\\\/www.alfred-scheerer.de\\\/shop\\\/product\\\/gummi-stossstange-bumper-links-ambrogio-4-0-4-36-042z19800b\\\/#primaryimage\",\"url\":\"https:\\\/\\\/www.alfred-scheerer.de\\\/shop\\\/wp-content\\\/uploads\\\/2021\\\/04\\\/Gummi-Stossstange-4.0-4.36.jpg\",\"contentUrl\":\"https:\\\/\\\/www.alfred-scheerer.de\\\/shop\\\/wp-content\\\/uploads\\\/2021\\\/04\\\/Gummi-Stossstange-4.0-4.36.jpg\",\"width\":700,\"height\":700},{\"@type\":\"BreadcrumbList\",\"@id\":\"https:\\\/\\\/www.alfred-scheerer.de\\\/shop\\\/product\\\/gummi-stossstange-bumper-links-ambrogio-4-0-4-36-042z19800b\\\/#breadcrumb\",\"itemListElement\":[{\"@type\":\"ListItem\",\"position\":1,\"name\":\"Startseite\",\"item\":\"https:\\\/\\\/www.alfred-scheerer.de\\\/shop\\\/\"},{\"@type\":\"ListItem\",\"position\":2,\"name\":\"Gartentechnik Scheerer &#8211; Der Online Shop f\u00fcr M\u00e4hroboter und Zubeh\u00f6r\",\"item\":\"https:\\\/\\\/www.alfred-scheerer.de\\\/shop\\\/\"},{\"@type\":\"ListItem\",\"position\":3,\"name\":\"Gummi Scharnier Sto\u00dfstange Bumper links Ambrogio 4.0 4.36 042Z19800B\"}]},{\"@type\":\"WebSite\",\"@id\":\"https:\\\/\\\/www.alfred-scheerer.de\\\/shop\\\/#website\",\"url\":\"https:\\\/\\\/www.alfred-scheerer.de\\\/shop\\\/\",\"name\":\"Scheerer GmbH (ehem. Alfred Scheerer e.K.)\",\"description\":\"Der Online Shop aus Wermelskirchen f\u00fcr M\u00e4hroboter, Akku Gartenger\u00e4te, Ersatzteile und Zubeh\u00f6r\",\"publisher\":{\"@id\":\"https:\\\/\\\/www.alfred-scheerer.de\\\/shop\\\/#organization\"},\"potentialAction\":[{\"@type\":\"SearchAction\",\"target\":{\"@type\":\"EntryPoint\",\"urlTemplate\":\"https:\\\/\\\/www.alfred-scheerer.de\\\/shop\\\/?s={search_term_string}\"},\"query-input\":{\"@type\":\"PropertyValueSpecification\",\"valueRequired\":true,\"valueName\":\"search_term_string\"}}],\"inLanguage\":\"de\"},{\"@type\":\"Organization\",\"@id\":\"https:\\\/\\\/www.alfred-scheerer.de\\\/shop\\\/#organization\",\"name\":\"Scheerer GmbH\",\"url\":\"https:\\\/\\\/www.alfred-scheerer.de\\\/shop\\\/\",\"logo\":{\"@type\":\"ImageObject\",\"inLanguage\":\"de\",\"@id\":\"https:\\\/\\\/www.alfred-scheerer.de\\\/shop\\\/#\\\/schema\\\/logo\\\/image\\\/\",\"url\":\"https:\\\/\\\/alfred-scheerer.de\\\/shop\\\/wp-content\\\/uploads\\\/2024\\\/05\\\/baum.jpg\",\"contentUrl\":\"https:\\\/\\\/alfred-scheerer.de\\\/shop\\\/wp-content\\\/uploads\\\/2024\\\/05\\\/baum.jpg\",\"width\":512,\"height\":512,\"caption\":\"Scheerer GmbH\"},\"image\":{\"@id\":\"https:\\\/\\\/www.alfred-scheerer.de\\\/shop\\\/#\\\/schema\\\/logo\\\/image\\\/\"},\"sameAs\":[\"https:\\\/\\\/www.instagram.com\\\/alfredscheerer\\\/\"]}]}<\/script>\n<!-- \/ Yoast SEO plugin. -->","yoast_head_json":{"title":"Gummi Scharnier Sto\u00dfstange Bumper links Ambrogio 4.0 4.36 042Z19800B - Gartentechnik Scheerer","robots":{"index":"index","follow":"follow","max-snippet":"max-snippet:-1","max-image-preview":"max-image-preview:large","max-video-preview":"max-video-preview:-1"},"canonical":"https:\/\/www.alfred-scheerer.de\/shop\/product\/gummi-stossstange-bumper-links-ambrogio-4-0-4-36-042z19800b\/","og_locale":"de_DE","og_type":"article","og_title":"Gummi Scharnier Sto\u00dfstange Bumper links Ambrogio 4.0 4.36 042Z19800B - Gartentechnik Scheerer","og_description":"Befestigungsgummi der Sto\u00dfstange linke Seite  passend f\u00fcr: Ambrogio: 4.0, 4.36 Wiper: K-Serie  Lieferumfang: 1 St\u00fcck Gummi (Bild 39)","og_url":"https:\/\/www.alfred-scheerer.de\/shop\/product\/gummi-stossstange-bumper-links-ambrogio-4-0-4-36-042z19800b\/","og_site_name":"Gartentechnik Scheerer","article_modified_time":"2026-04-07T18:18:12+00:00","og_image":[{"width":700,"height":700,"url":"https:\/\/www.alfred-scheerer.de\/shop\/wp-content\/uploads\/2021\/04\/Gummi-Stossstange-4.0-4.36.jpg","type":"image\/jpeg"}],"twitter_card":"summary_large_image","schema":{"@context":"https:\/\/schema.org","@graph":[{"@type":"WebPage","@id":"https:\/\/www.alfred-scheerer.de\/shop\/product\/gummi-stossstange-bumper-links-ambrogio-4-0-4-36-042z19800b\/","url":"https:\/\/www.alfred-scheerer.de\/shop\/product\/gummi-stossstange-bumper-links-ambrogio-4-0-4-36-042z19800b\/","name":"Gummi Scharnier Sto\u00dfstange Bumper links Ambrogio 4.0 4.36 042Z19800B - Gartentechnik Scheerer","isPartOf":{"@id":"https:\/\/www.alfred-scheerer.de\/shop\/#website"},"primaryImageOfPage":{"@id":"https:\/\/www.alfred-scheerer.de\/shop\/product\/gummi-stossstange-bumper-links-ambrogio-4-0-4-36-042z19800b\/#primaryimage"},"image":{"@id":"https:\/\/www.alfred-scheerer.de\/shop\/product\/gummi-stossstange-bumper-links-ambrogio-4-0-4-36-042z19800b\/#primaryimage"},"thumbnailUrl":"https:\/\/www.alfred-scheerer.de\/shop\/wp-content\/uploads\/2021\/04\/Gummi-Stossstange-4.0-4.36.jpg","datePublished":"2021-04-07T14:19:53+00:00","dateModified":"2026-04-07T18:18:12+00:00","breadcrumb":{"@id":"https:\/\/www.alfred-scheerer.de\/shop\/product\/gummi-stossstange-bumper-links-ambrogio-4-0-4-36-042z19800b\/#breadcrumb"},"inLanguage":"de","potentialAction":[{"@type":"ReadAction","target":["https:\/\/www.alfred-scheerer.de\/shop\/product\/gummi-stossstange-bumper-links-ambrogio-4-0-4-36-042z19800b\/"]}]},{"@type":"ImageObject","inLanguage":"de","@id":"https:\/\/www.alfred-scheerer.de\/shop\/product\/gummi-stossstange-bumper-links-ambrogio-4-0-4-36-042z19800b\/#primaryimage","url":"https:\/\/www.alfred-scheerer.de\/shop\/wp-content\/uploads\/2021\/04\/Gummi-Stossstange-4.0-4.36.jpg","contentUrl":"https:\/\/www.alfred-scheerer.de\/shop\/wp-content\/uploads\/2021\/04\/Gummi-Stossstange-4.0-4.36.jpg","width":700,"height":700},{"@type":"BreadcrumbList","@id":"https:\/\/www.alfred-scheerer.de\/shop\/product\/gummi-stossstange-bumper-links-ambrogio-4-0-4-36-042z19800b\/#breadcrumb","itemListElement":[{"@type":"ListItem","position":1,"name":"Startseite","item":"https:\/\/www.alfred-scheerer.de\/shop\/"},{"@type":"ListItem","position":2,"name":"Gartentechnik Scheerer &#8211; Der Online Shop f\u00fcr M\u00e4hroboter und Zubeh\u00f6r","item":"https:\/\/www.alfred-scheerer.de\/shop\/"},{"@type":"ListItem","position":3,"name":"Gummi Scharnier Sto\u00dfstange Bumper links Ambrogio 4.0 4.36 042Z19800B"}]},{"@type":"WebSite","@id":"https:\/\/www.alfred-scheerer.de\/shop\/#website","url":"https:\/\/www.alfred-scheerer.de\/shop\/","name":"Scheerer GmbH (ehem. Alfred Scheerer e.K.)","description":"Der Online Shop aus Wermelskirchen f\u00fcr M\u00e4hroboter, Akku Gartenger\u00e4te, Ersatzteile und Zubeh\u00f6r","publisher":{"@id":"https:\/\/www.alfred-scheerer.de\/shop\/#organization"},"potentialAction":[{"@type":"SearchAction","target":{"@type":"EntryPoint","urlTemplate":"https:\/\/www.alfred-scheerer.de\/shop\/?s={search_term_string}"},"query-input":{"@type":"PropertyValueSpecification","valueRequired":true,"valueName":"search_term_string"}}],"inLanguage":"de"},{"@type":"Organization","@id":"https:\/\/www.alfred-scheerer.de\/shop\/#organization","name":"Scheerer GmbH","url":"https:\/\/www.alfred-scheerer.de\/shop\/","logo":{"@type":"ImageObject","inLanguage":"de","@id":"https:\/\/www.alfred-scheerer.de\/shop\/#\/schema\/logo\/image\/","url":"https:\/\/alfred-scheerer.de\/shop\/wp-content\/uploads\/2024\/05\/baum.jpg","contentUrl":"https:\/\/alfred-scheerer.de\/shop\/wp-content\/uploads\/2024\/05\/baum.jpg","width":512,"height":512,"caption":"Scheerer GmbH"},"image":{"@id":"https:\/\/www.alfred-scheerer.de\/shop\/#\/schema\/logo\/image\/"},"sameAs":["https:\/\/www.instagram.com\/alfredscheerer\/"]}]}},"_links":{"self":[{"href":"https:\/\/www.alfred-scheerer.de\/shop\/wp-json\/wp\/v2\/product\/4305","targetHints":{"allow":["GET"]}}],"collection":[{"href":"https:\/\/www.alfred-scheerer.de\/shop\/wp-json\/wp\/v2\/product"}],"about":[{"href":"https:\/\/www.alfred-scheerer.de\/shop\/wp-json\/wp\/v2\/types\/product"}],"wp:featuredmedia":[{"embeddable":true,"href":"https:\/\/www.alfred-scheerer.de\/shop\/wp-json\/wp\/v2\/media\/4306"}],"wp:attachment":[{"href":"https:\/\/www.alfred-scheerer.de\/shop\/wp-json\/wp\/v2\/media?parent=4305"}],"wp:term":[{"taxonomy":"product_brand","embeddable":true,"href":"https:\/\/www.alfred-scheerer.de\/shop\/wp-json\/wp\/v2\/product_brand?post=4305"},{"taxonomy":"product_cat","embeddable":true,"href":"https:\/\/www.alfred-scheerer.de\/shop\/wp-json\/wp\/v2\/product_cat?post=4305"},{"taxonomy":"product_tag","embeddable":true,"href":"https:\/\/www.alfred-scheerer.de\/shop\/wp-json\/wp\/v2\/product_tag?post=4305"}],"curies":[{"name":"wp","href":"https:\/\/api.w.org\/{rel}","templated":true}]}}