{"id":4308,"date":"2021-04-07T17:14:18","date_gmt":"2021-04-07T15:14:18","guid":{"rendered":"https:\/\/alfred-scheerer.de\/shop\/?post_type=product&#038;p=4308"},"modified":"2026-04-17T16:03:29","modified_gmt":"2026-04-17T14:03:29","slug":"schraube-messer-ambrogio-m4x8-c00212-a850460","status":"publish","type":"product","link":"https:\/\/www.alfred-scheerer.de\/shop\/product\/schraube-messer-ambrogio-m4x8-c00212-a850460\/","title":{"rendered":"Schrauben Messer Ambrogio 4 St\u00fcck M4x8 C00212 A850460"},"content":{"rendered":"<p>Spezielle Schrauben zur Befestigung des Messers<br \/>\nL\u00e4nge: 8 mm<\/p>\n<p>Lieferumfang:<br \/>\n4 St\u00fcck Schrauben<\/p>\n<p>passend f\u00fcr:<br \/>\nAmbrogio, Wiper, Techline: alle Roboter mit Stern-Messer<\/p>\n<p>Referenznummer:<br \/>\nC00212, A850460<\/p>\n","protected":false},"excerpt":{"rendered":"<p>Spezielle Schrauben zur Befestigung des Messers<br \/>\nL\u00e4nge: 8 mm<\/p>\n<p>Lieferumfang:<br \/>\n4 St\u00fcck Schrauben<\/p>\n<p>passend f\u00fcr:<br \/>\nAmbrogio, Stiga, Wiper, Techline: alle Roboter mit Stern-Messer<\/p>\n","protected":false},"featured_media":4309,"template":"","meta":[],"product_brand":[1756],"product_cat":[98,306,1566,99,312,1567,100,358,101,523,102,103,108,175,179,96,304,1431,97,305,1432],"product_tag":[936,937,938,939,943],"class_list":{"0":"post-4308","1":"product","2":"type-product","3":"status-publish","4":"has-post-thumbnail","6":"product_brand-ambrogio","7":"product_cat-l85","8":"product_cat-l32","9":"product_cat-l25-twenty-25","10":"product_cat-l200-l210","11":"product_cat-wiper-ersatzteile-zubehoer","12":"product_cat-twenty-29","13":"product_cat-l250-l250i","14":"product_cat-l200r","15":"product_cat-l300r","16":"product_cat-quad","17":"product_cat-l350i","18":"product_cat-l400-l400i","19":"product_cat-stiga-ersatzteile-zubehoer","20":"product_cat-l15","21":"product_cat-l35","22":"product_cat-ambrogio-l30-ersatzteile-zubehoer","23":"product_cat-l20-twenty","24":"product_cat-twenty-zr","25":"product_cat-l50-l60","26":"product_cat-4-0-basic","27":"product_cat-4-36","28":"product_tag-schraube-messer-ambrogio","29":"product_tag-c00212","30":"product_tag-schraube-messer-wiper","31":"product_tag-schraube-messer-techline","32":"product_tag-a850460","34":"first","35":"instock","36":"taxable","37":"shipping-taxable","38":"purchasable","39":"product-type-simple"},"yoast_head":"<!-- This site is optimized with the Yoast SEO plugin v27.4 - https:\/\/yoast.com\/product\/yoast-seo-wordpress\/ -->\n<title>Schrauben Messer Ambrogio 4 St\u00fcck M4x8 C00212 A850460 - Gartentechnik Scheerer<\/title>\n<meta name=\"robots\" content=\"index, follow, max-snippet:-1, max-image-preview:large, max-video-preview:-1\" \/>\n<link rel=\"canonical\" href=\"https:\/\/www.alfred-scheerer.de\/shop\/product\/schraube-messer-ambrogio-m4x8-c00212-a850460\/\" \/>\n<meta property=\"og:locale\" content=\"de_DE\" \/>\n<meta property=\"og:type\" content=\"article\" \/>\n<meta property=\"og:title\" content=\"Schrauben Messer Ambrogio 4 St\u00fcck M4x8 C00212 A850460 - Gartentechnik Scheerer\" \/>\n<meta property=\"og:description\" content=\"Spezielle Schrauben zur Befestigung des Messers L\u00e4nge: 8 mm  Lieferumfang: 4 St\u00fcck Schrauben  passend f\u00fcr: Ambrogio, Stiga, Wiper, Techline: alle Roboter mit Stern-Messer\" \/>\n<meta property=\"og:url\" content=\"https:\/\/www.alfred-scheerer.de\/shop\/product\/schraube-messer-ambrogio-m4x8-c00212-a850460\/\" \/>\n<meta property=\"og:site_name\" content=\"Gartentechnik Scheerer\" \/>\n<meta property=\"article:modified_time\" content=\"2026-04-17T14:03:29+00:00\" \/>\n<meta property=\"og:image\" content=\"https:\/\/www.alfred-scheerer.de\/shop\/wp-content\/uploads\/2021\/04\/Schraube-Messer.jpg\" \/>\n\t<meta property=\"og:image:width\" content=\"775\" \/>\n\t<meta property=\"og:image:height\" content=\"775\" \/>\n\t<meta property=\"og:image:type\" content=\"image\/jpeg\" \/>\n<meta name=\"twitter:card\" content=\"summary_large_image\" \/>\n<script type=\"application\/ld+json\" class=\"yoast-schema-graph\">{\"@context\":\"https:\\\/\\\/schema.org\",\"@graph\":[{\"@type\":\"WebPage\",\"@id\":\"https:\\\/\\\/www.alfred-scheerer.de\\\/shop\\\/product\\\/schraube-messer-ambrogio-m4x8-c00212-a850460\\\/\",\"url\":\"https:\\\/\\\/www.alfred-scheerer.de\\\/shop\\\/product\\\/schraube-messer-ambrogio-m4x8-c00212-a850460\\\/\",\"name\":\"Schrauben Messer Ambrogio 4 St\u00fcck M4x8 C00212 A850460 - Gartentechnik Scheerer\",\"isPartOf\":{\"@id\":\"https:\\\/\\\/www.alfred-scheerer.de\\\/shop\\\/#website\"},\"primaryImageOfPage\":{\"@id\":\"https:\\\/\\\/www.alfred-scheerer.de\\\/shop\\\/product\\\/schraube-messer-ambrogio-m4x8-c00212-a850460\\\/#primaryimage\"},\"image\":{\"@id\":\"https:\\\/\\\/www.alfred-scheerer.de\\\/shop\\\/product\\\/schraube-messer-ambrogio-m4x8-c00212-a850460\\\/#primaryimage\"},\"thumbnailUrl\":\"https:\\\/\\\/www.alfred-scheerer.de\\\/shop\\\/wp-content\\\/uploads\\\/2021\\\/04\\\/Schraube-Messer.jpg\",\"datePublished\":\"2021-04-07T15:14:18+00:00\",\"dateModified\":\"2026-04-17T14:03:29+00:00\",\"breadcrumb\":{\"@id\":\"https:\\\/\\\/www.alfred-scheerer.de\\\/shop\\\/product\\\/schraube-messer-ambrogio-m4x8-c00212-a850460\\\/#breadcrumb\"},\"inLanguage\":\"de\",\"potentialAction\":[{\"@type\":\"ReadAction\",\"target\":[\"https:\\\/\\\/www.alfred-scheerer.de\\\/shop\\\/product\\\/schraube-messer-ambrogio-m4x8-c00212-a850460\\\/\"]}]},{\"@type\":\"ImageObject\",\"inLanguage\":\"de\",\"@id\":\"https:\\\/\\\/www.alfred-scheerer.de\\\/shop\\\/product\\\/schraube-messer-ambrogio-m4x8-c00212-a850460\\\/#primaryimage\",\"url\":\"https:\\\/\\\/www.alfred-scheerer.de\\\/shop\\\/wp-content\\\/uploads\\\/2021\\\/04\\\/Schraube-Messer.jpg\",\"contentUrl\":\"https:\\\/\\\/www.alfred-scheerer.de\\\/shop\\\/wp-content\\\/uploads\\\/2021\\\/04\\\/Schraube-Messer.jpg\",\"width\":775,\"height\":775,\"caption\":\"Schraube Ambrogio\"},{\"@type\":\"BreadcrumbList\",\"@id\":\"https:\\\/\\\/www.alfred-scheerer.de\\\/shop\\\/product\\\/schraube-messer-ambrogio-m4x8-c00212-a850460\\\/#breadcrumb\",\"itemListElement\":[{\"@type\":\"ListItem\",\"position\":1,\"name\":\"Startseite\",\"item\":\"https:\\\/\\\/www.alfred-scheerer.de\\\/shop\\\/\"},{\"@type\":\"ListItem\",\"position\":2,\"name\":\"Gartentechnik Scheerer &#8211; Der Online Shop f\u00fcr M\u00e4hroboter und Zubeh\u00f6r\",\"item\":\"https:\\\/\\\/www.alfred-scheerer.de\\\/shop\\\/\"},{\"@type\":\"ListItem\",\"position\":3,\"name\":\"Schrauben Messer Ambrogio 4 St\u00fcck M4x8 C00212 A850460\"}]},{\"@type\":\"WebSite\",\"@id\":\"https:\\\/\\\/www.alfred-scheerer.de\\\/shop\\\/#website\",\"url\":\"https:\\\/\\\/www.alfred-scheerer.de\\\/shop\\\/\",\"name\":\"Scheerer GmbH (ehem. Alfred Scheerer e.K.)\",\"description\":\"Der Online Shop aus Wermelskirchen f\u00fcr M\u00e4hroboter, Akku Gartenger\u00e4te, Ersatzteile und Zubeh\u00f6r\",\"publisher\":{\"@id\":\"https:\\\/\\\/www.alfred-scheerer.de\\\/shop\\\/#organization\"},\"potentialAction\":[{\"@type\":\"SearchAction\",\"target\":{\"@type\":\"EntryPoint\",\"urlTemplate\":\"https:\\\/\\\/www.alfred-scheerer.de\\\/shop\\\/?s={search_term_string}\"},\"query-input\":{\"@type\":\"PropertyValueSpecification\",\"valueRequired\":true,\"valueName\":\"search_term_string\"}}],\"inLanguage\":\"de\"},{\"@type\":\"Organization\",\"@id\":\"https:\\\/\\\/www.alfred-scheerer.de\\\/shop\\\/#organization\",\"name\":\"Scheerer GmbH\",\"url\":\"https:\\\/\\\/www.alfred-scheerer.de\\\/shop\\\/\",\"logo\":{\"@type\":\"ImageObject\",\"inLanguage\":\"de\",\"@id\":\"https:\\\/\\\/www.alfred-scheerer.de\\\/shop\\\/#\\\/schema\\\/logo\\\/image\\\/\",\"url\":\"https:\\\/\\\/alfred-scheerer.de\\\/shop\\\/wp-content\\\/uploads\\\/2024\\\/05\\\/baum.jpg\",\"contentUrl\":\"https:\\\/\\\/alfred-scheerer.de\\\/shop\\\/wp-content\\\/uploads\\\/2024\\\/05\\\/baum.jpg\",\"width\":512,\"height\":512,\"caption\":\"Scheerer GmbH\"},\"image\":{\"@id\":\"https:\\\/\\\/www.alfred-scheerer.de\\\/shop\\\/#\\\/schema\\\/logo\\\/image\\\/\"},\"sameAs\":[\"https:\\\/\\\/www.instagram.com\\\/alfredscheerer\\\/\"]}]}<\/script>\n<!-- \/ Yoast SEO plugin. -->","yoast_head_json":{"title":"Schrauben Messer Ambrogio 4 St\u00fcck M4x8 C00212 A850460 - Gartentechnik Scheerer","robots":{"index":"index","follow":"follow","max-snippet":"max-snippet:-1","max-image-preview":"max-image-preview:large","max-video-preview":"max-video-preview:-1"},"canonical":"https:\/\/www.alfred-scheerer.de\/shop\/product\/schraube-messer-ambrogio-m4x8-c00212-a850460\/","og_locale":"de_DE","og_type":"article","og_title":"Schrauben Messer Ambrogio 4 St\u00fcck M4x8 C00212 A850460 - Gartentechnik Scheerer","og_description":"Spezielle Schrauben zur Befestigung des Messers L\u00e4nge: 8 mm  Lieferumfang: 4 St\u00fcck Schrauben  passend f\u00fcr: Ambrogio, Stiga, Wiper, Techline: alle Roboter mit Stern-Messer","og_url":"https:\/\/www.alfred-scheerer.de\/shop\/product\/schraube-messer-ambrogio-m4x8-c00212-a850460\/","og_site_name":"Gartentechnik Scheerer","article_modified_time":"2026-04-17T14:03:29+00:00","og_image":[{"width":775,"height":775,"url":"https:\/\/www.alfred-scheerer.de\/shop\/wp-content\/uploads\/2021\/04\/Schraube-Messer.jpg","type":"image\/jpeg"}],"twitter_card":"summary_large_image","schema":{"@context":"https:\/\/schema.org","@graph":[{"@type":"WebPage","@id":"https:\/\/www.alfred-scheerer.de\/shop\/product\/schraube-messer-ambrogio-m4x8-c00212-a850460\/","url":"https:\/\/www.alfred-scheerer.de\/shop\/product\/schraube-messer-ambrogio-m4x8-c00212-a850460\/","name":"Schrauben Messer Ambrogio 4 St\u00fcck M4x8 C00212 A850460 - Gartentechnik Scheerer","isPartOf":{"@id":"https:\/\/www.alfred-scheerer.de\/shop\/#website"},"primaryImageOfPage":{"@id":"https:\/\/www.alfred-scheerer.de\/shop\/product\/schraube-messer-ambrogio-m4x8-c00212-a850460\/#primaryimage"},"image":{"@id":"https:\/\/www.alfred-scheerer.de\/shop\/product\/schraube-messer-ambrogio-m4x8-c00212-a850460\/#primaryimage"},"thumbnailUrl":"https:\/\/www.alfred-scheerer.de\/shop\/wp-content\/uploads\/2021\/04\/Schraube-Messer.jpg","datePublished":"2021-04-07T15:14:18+00:00","dateModified":"2026-04-17T14:03:29+00:00","breadcrumb":{"@id":"https:\/\/www.alfred-scheerer.de\/shop\/product\/schraube-messer-ambrogio-m4x8-c00212-a850460\/#breadcrumb"},"inLanguage":"de","potentialAction":[{"@type":"ReadAction","target":["https:\/\/www.alfred-scheerer.de\/shop\/product\/schraube-messer-ambrogio-m4x8-c00212-a850460\/"]}]},{"@type":"ImageObject","inLanguage":"de","@id":"https:\/\/www.alfred-scheerer.de\/shop\/product\/schraube-messer-ambrogio-m4x8-c00212-a850460\/#primaryimage","url":"https:\/\/www.alfred-scheerer.de\/shop\/wp-content\/uploads\/2021\/04\/Schraube-Messer.jpg","contentUrl":"https:\/\/www.alfred-scheerer.de\/shop\/wp-content\/uploads\/2021\/04\/Schraube-Messer.jpg","width":775,"height":775,"caption":"Schraube Ambrogio"},{"@type":"BreadcrumbList","@id":"https:\/\/www.alfred-scheerer.de\/shop\/product\/schraube-messer-ambrogio-m4x8-c00212-a850460\/#breadcrumb","itemListElement":[{"@type":"ListItem","position":1,"name":"Startseite","item":"https:\/\/www.alfred-scheerer.de\/shop\/"},{"@type":"ListItem","position":2,"name":"Gartentechnik Scheerer &#8211; Der Online Shop f\u00fcr M\u00e4hroboter und Zubeh\u00f6r","item":"https:\/\/www.alfred-scheerer.de\/shop\/"},{"@type":"ListItem","position":3,"name":"Schrauben Messer Ambrogio 4 St\u00fcck M4x8 C00212 A850460"}]},{"@type":"WebSite","@id":"https:\/\/www.alfred-scheerer.de\/shop\/#website","url":"https:\/\/www.alfred-scheerer.de\/shop\/","name":"Scheerer GmbH (ehem. Alfred Scheerer e.K.)","description":"Der Online Shop aus Wermelskirchen f\u00fcr M\u00e4hroboter, Akku Gartenger\u00e4te, Ersatzteile und Zubeh\u00f6r","publisher":{"@id":"https:\/\/www.alfred-scheerer.de\/shop\/#organization"},"potentialAction":[{"@type":"SearchAction","target":{"@type":"EntryPoint","urlTemplate":"https:\/\/www.alfred-scheerer.de\/shop\/?s={search_term_string}"},"query-input":{"@type":"PropertyValueSpecification","valueRequired":true,"valueName":"search_term_string"}}],"inLanguage":"de"},{"@type":"Organization","@id":"https:\/\/www.alfred-scheerer.de\/shop\/#organization","name":"Scheerer GmbH","url":"https:\/\/www.alfred-scheerer.de\/shop\/","logo":{"@type":"ImageObject","inLanguage":"de","@id":"https:\/\/www.alfred-scheerer.de\/shop\/#\/schema\/logo\/image\/","url":"https:\/\/alfred-scheerer.de\/shop\/wp-content\/uploads\/2024\/05\/baum.jpg","contentUrl":"https:\/\/alfred-scheerer.de\/shop\/wp-content\/uploads\/2024\/05\/baum.jpg","width":512,"height":512,"caption":"Scheerer GmbH"},"image":{"@id":"https:\/\/www.alfred-scheerer.de\/shop\/#\/schema\/logo\/image\/"},"sameAs":["https:\/\/www.instagram.com\/alfredscheerer\/"]}]}},"_links":{"self":[{"href":"https:\/\/www.alfred-scheerer.de\/shop\/wp-json\/wp\/v2\/product\/4308","targetHints":{"allow":["GET"]}}],"collection":[{"href":"https:\/\/www.alfred-scheerer.de\/shop\/wp-json\/wp\/v2\/product"}],"about":[{"href":"https:\/\/www.alfred-scheerer.de\/shop\/wp-json\/wp\/v2\/types\/product"}],"wp:featuredmedia":[{"embeddable":true,"href":"https:\/\/www.alfred-scheerer.de\/shop\/wp-json\/wp\/v2\/media\/4309"}],"wp:attachment":[{"href":"https:\/\/www.alfred-scheerer.de\/shop\/wp-json\/wp\/v2\/media?parent=4308"}],"wp:term":[{"taxonomy":"product_brand","embeddable":true,"href":"https:\/\/www.alfred-scheerer.de\/shop\/wp-json\/wp\/v2\/product_brand?post=4308"},{"taxonomy":"product_cat","embeddable":true,"href":"https:\/\/www.alfred-scheerer.de\/shop\/wp-json\/wp\/v2\/product_cat?post=4308"},{"taxonomy":"product_tag","embeddable":true,"href":"https:\/\/www.alfred-scheerer.de\/shop\/wp-json\/wp\/v2\/product_tag?post=4308"}],"curies":[{"name":"wp","href":"https:\/\/api.w.org\/{rel}","templated":true}]}}