{"id":435,"date":"2019-04-18T16:47:17","date_gmt":"2019-04-18T14:47:17","guid":{"rendered":"http:\/\/alfred-scheerer.de\/shop\/?post_type=product&#038;p=435"},"modified":"2026-03-27T18:47:50","modified_gmt":"2026-03-27T17:47:50","slug":"messer-25-cm-ambrogio-wiper-stiga-075z07800a-1126-9143-01","status":"publish","type":"product","link":"https:\/\/www.alfred-scheerer.de\/shop\/product\/messer-25-cm-ambrogio-wiper-stiga-075z07800a-1126-9143-01\/","title":{"rendered":"Messer 25 cm Ambrogio Wiper 075Z07800A Stiga 1126-9143-01"},"content":{"rendered":"<p>Das originale Ambrogio ZCS 4-Stern Messer mit einem Durchmesser von 25 cm ist aus hochwertigem Federstahl gefertigt und f\u00fcr maximale Schneidleistung konzipiert. Inklusive vier neuen Schrauben f\u00fcr einen schnellen und sicheren Austausch. Ideal f\u00fcr Ambrogio, Wiper und Stiga M\u00e4hroboter \u2013 sorgt f\u00fcr gleichm\u00e4\u00dfige, pr\u00e4zise Schnitte und zuverl\u00e4ssige M\u00e4hleistung \u00fcber lange Zeit.<\/p>\n<p>passend f\u00fcr:<br \/>\nAmbrogio: Twenty 25\/L30\/L32\/L35\/L85\/4.0 Basic\/4.0 Elite<br \/>\nWiper: Ciiky\/C6\/C8\/C12\/C20\/K-Serie\/KS-Serie<br \/>\nStiga: M3\/M5\/M7\/125\/127\/221\/221\/223\/225S\/228S\/230S<\/p>\n<p><strong>Hinweis:<\/strong> bei Umr\u00fcstung von Messerscheibe auf 4-Stern Messer bei 4.0 Elite\/Wiper KS muss zur elektronisch eingestellten Messerh\u00f6he ca. 1,5 cm dazu gerechnet werden. Beispiel: Display zeigt 30 mm -&gt; tats\u00e4chliche Schnitth\u00f6he am Roboter ca. 45 mm<\/p>\n<p>Referenznummer:<br \/>\nAmbrogio\/Wiper\/ZCS: 075Z07800A<br \/>\nStiga: 1126-9143-01<\/p>\n","protected":false},"excerpt":{"rendered":"<p>Original Ambrogio ZCS Messer aus Federstahl inkl. vier neuen Schrauben.<br \/>\nDurchmesser 25 cm<\/p>\n<p>passend f\u00fcr:<br \/>\nAmbrogio: Twenty 25\/L30\/L32\/L35\/L85\/4.0 Basic\/4.0 Elite (Hinweis beachten!)<br \/>\nWiper: Ciiky\/C6\/C8\/C12\/C20\/K-Serie\/KS-Serie<br \/>\nStiga: M3\/M5\/M7\/125\/127\/221\/221\/223\/225S\/228S\/230S<\/p>\n<p>Referenznummer:<br \/>\nAmbrogio\/Wiper\/ZCS: 075Z07800A<br \/>\nStiga: 1126-9143-01<\/p>\n","protected":false},"featured_media":4096,"template":"","meta":[],"product_brand":[1756],"product_cat":[312,1425,1433,94,1566,96,98,106,108,179,305,306],"product_tag":[606,1046,607,460,610,53,528,611,576,612,581,613,582,614,583,615,584,839,585,840,586,845],"class_list":{"0":"post-435","1":"product","2":"type-product","3":"status-publish","4":"has-post-thumbnail","6":"product_brand-ambrogio","7":"product_cat-wiper-ersatzteile-zubehoer","8":"product_cat-ambrogio-ersatzmesser","9":"product_cat-4-0-elite","10":"product_cat-ambrogio-ersatzteile-zubehoer","11":"product_cat-l25-twenty-25","12":"product_cat-ambrogio-l30-ersatzteile-zubehoer","13":"product_cat-l85","14":"product_cat-installation-ersatzteile-u-zubehoer","15":"product_cat-stiga-ersatzteile-zubehoer","16":"product_cat-l35","17":"product_cat-4-0-basic","18":"product_cat-l32","19":"product_tag-stiga-messer","20":"product_tag-4-stern-messer","21":"product_tag-autoclip-messer","22":"product_tag-ambrogio-ersatzteile","23":"product_tag-stiga-ersatzmesser","24":"product_tag-ambrogio","25":"product_tag-ambrogio-messer","26":"product_tag-autoclip-ersatzmesser","27":"product_tag-ambrogio-ersatzmesser","28":"product_tag-ersatzmesser-25-cm","29":"product_tag-wiper-messer","30":"product_tag-ersatzmesser-25cm","31":"product_tag-wiper-ersatzmesser","32":"product_tag-messer-25-cm","33":"product_tag-techline-ersatzmesser","34":"product_tag-messer-25cm","35":"product_tag-maehroboter-messer","36":"product_tag-075z07800a","37":"product_tag-techline-messer","38":"product_tag-1126-9143-01","39":"product_tag-maehroboter-ersatzmesser","40":"product_tag-845","42":"first","43":"instock","44":"sale","45":"taxable","46":"shipping-taxable","47":"purchasable","48":"product-type-simple"},"yoast_head":"<!-- This site is optimized with the Yoast SEO plugin v27.4 - https:\/\/yoast.com\/product\/yoast-seo-wordpress\/ -->\n<title>Messer 25 cm Ambrogio Wiper 075Z07800A Stiga 1126-9143-01 - Gartentechnik Scheerer<\/title>\n<meta name=\"description\" content=\"Original Ambrogio ZCS 4-Stern Messer, \u00d8 25 cm aus Federstahl inkl. 4 Schrauben \u2013 perfekter Ersatz f\u00fcr gleichm\u00e4\u00dfigen Rasenschnitt mit deinem M\u00e4hroboter.\" \/>\n<meta name=\"robots\" content=\"index, follow, max-snippet:-1, max-image-preview:large, max-video-preview:-1\" \/>\n<link rel=\"canonical\" href=\"https:\/\/www.alfred-scheerer.de\/shop\/product\/messer-25-cm-ambrogio-wiper-stiga-075z07800a-1126-9143-01\/\" \/>\n<meta property=\"og:locale\" content=\"de_DE\" \/>\n<meta property=\"og:type\" content=\"article\" \/>\n<meta property=\"og:title\" content=\"Messer 25 cm Ambrogio Wiper 075Z07800A Stiga 1126-9143-01 - Gartentechnik Scheerer\" \/>\n<meta property=\"og:description\" content=\"Original Ambrogio ZCS 4-Stern Messer, \u00d8 25 cm aus Federstahl inkl. 4 Schrauben \u2013 perfekter Ersatz f\u00fcr gleichm\u00e4\u00dfigen Rasenschnitt mit deinem M\u00e4hroboter.\" \/>\n<meta property=\"og:url\" content=\"https:\/\/www.alfred-scheerer.de\/shop\/product\/messer-25-cm-ambrogio-wiper-stiga-075z07800a-1126-9143-01\/\" \/>\n<meta property=\"og:site_name\" content=\"Gartentechnik Scheerer\" \/>\n<meta property=\"article:modified_time\" content=\"2026-03-27T17:47:50+00:00\" \/>\n<meta property=\"og:image\" content=\"https:\/\/www.alfred-scheerer.de\/shop\/wp-content\/uploads\/2020\/04\/Messer-25-cm-e1606857843596.jpg\" \/>\n\t<meta property=\"og:image:width\" content=\"659\" \/>\n\t<meta property=\"og:image:height\" content=\"511\" \/>\n\t<meta property=\"og:image:type\" content=\"image\/jpeg\" \/>\n<meta name=\"twitter:card\" content=\"summary_large_image\" \/>\n<meta name=\"twitter:label1\" content=\"Gesch\u00e4tzte Lesezeit\" \/>\n\t<meta name=\"twitter:data1\" content=\"1\u00a0Minute\" \/>\n<script type=\"application\/ld+json\" class=\"yoast-schema-graph\">{\"@context\":\"https:\\\/\\\/schema.org\",\"@graph\":[{\"@type\":\"WebPage\",\"@id\":\"https:\\\/\\\/www.alfred-scheerer.de\\\/shop\\\/product\\\/messer-25-cm-ambrogio-wiper-stiga-075z07800a-1126-9143-01\\\/\",\"url\":\"https:\\\/\\\/www.alfred-scheerer.de\\\/shop\\\/product\\\/messer-25-cm-ambrogio-wiper-stiga-075z07800a-1126-9143-01\\\/\",\"name\":\"Messer 25 cm Ambrogio Wiper 075Z07800A Stiga 1126-9143-01 - Gartentechnik Scheerer\",\"isPartOf\":{\"@id\":\"https:\\\/\\\/www.alfred-scheerer.de\\\/shop\\\/#website\"},\"primaryImageOfPage\":{\"@id\":\"https:\\\/\\\/www.alfred-scheerer.de\\\/shop\\\/product\\\/messer-25-cm-ambrogio-wiper-stiga-075z07800a-1126-9143-01\\\/#primaryimage\"},\"image\":{\"@id\":\"https:\\\/\\\/www.alfred-scheerer.de\\\/shop\\\/product\\\/messer-25-cm-ambrogio-wiper-stiga-075z07800a-1126-9143-01\\\/#primaryimage\"},\"thumbnailUrl\":\"https:\\\/\\\/www.alfred-scheerer.de\\\/shop\\\/wp-content\\\/uploads\\\/2020\\\/04\\\/Messer-25-cm-e1606857843596.jpg\",\"datePublished\":\"2019-04-18T14:47:17+00:00\",\"dateModified\":\"2026-03-27T17:47:50+00:00\",\"description\":\"Original Ambrogio ZCS 4-Stern Messer, \u00d8 25 cm aus Federstahl inkl. 4 Schrauben \u2013 perfekter Ersatz f\u00fcr gleichm\u00e4\u00dfigen Rasenschnitt mit deinem M\u00e4hroboter.\",\"breadcrumb\":{\"@id\":\"https:\\\/\\\/www.alfred-scheerer.de\\\/shop\\\/product\\\/messer-25-cm-ambrogio-wiper-stiga-075z07800a-1126-9143-01\\\/#breadcrumb\"},\"inLanguage\":\"de\",\"potentialAction\":[{\"@type\":\"ReadAction\",\"target\":[\"https:\\\/\\\/www.alfred-scheerer.de\\\/shop\\\/product\\\/messer-25-cm-ambrogio-wiper-stiga-075z07800a-1126-9143-01\\\/\"]}]},{\"@type\":\"ImageObject\",\"inLanguage\":\"de\",\"@id\":\"https:\\\/\\\/www.alfred-scheerer.de\\\/shop\\\/product\\\/messer-25-cm-ambrogio-wiper-stiga-075z07800a-1126-9143-01\\\/#primaryimage\",\"url\":\"https:\\\/\\\/www.alfred-scheerer.de\\\/shop\\\/wp-content\\\/uploads\\\/2020\\\/04\\\/Messer-25-cm-e1606857843596.jpg\",\"contentUrl\":\"https:\\\/\\\/www.alfred-scheerer.de\\\/shop\\\/wp-content\\\/uploads\\\/2020\\\/04\\\/Messer-25-cm-e1606857843596.jpg\",\"width\":659,\"height\":511,\"caption\":\"Ersatzmesser Ambrogio Wiper Techline\"},{\"@type\":\"BreadcrumbList\",\"@id\":\"https:\\\/\\\/www.alfred-scheerer.de\\\/shop\\\/product\\\/messer-25-cm-ambrogio-wiper-stiga-075z07800a-1126-9143-01\\\/#breadcrumb\",\"itemListElement\":[{\"@type\":\"ListItem\",\"position\":1,\"name\":\"Startseite\",\"item\":\"https:\\\/\\\/www.alfred-scheerer.de\\\/shop\\\/\"},{\"@type\":\"ListItem\",\"position\":2,\"name\":\"Gartentechnik Scheerer &#8211; Der Online Shop f\u00fcr M\u00e4hroboter und Zubeh\u00f6r\",\"item\":\"https:\\\/\\\/www.alfred-scheerer.de\\\/shop\\\/\"},{\"@type\":\"ListItem\",\"position\":3,\"name\":\"Messer 25 cm Ambrogio Wiper 075Z07800A Stiga 1126-9143-01\"}]},{\"@type\":\"WebSite\",\"@id\":\"https:\\\/\\\/www.alfred-scheerer.de\\\/shop\\\/#website\",\"url\":\"https:\\\/\\\/www.alfred-scheerer.de\\\/shop\\\/\",\"name\":\"Scheerer GmbH (ehem. Alfred Scheerer e.K.)\",\"description\":\"Der Online Shop aus Wermelskirchen f\u00fcr M\u00e4hroboter, Akku Gartenger\u00e4te, Ersatzteile und Zubeh\u00f6r\",\"publisher\":{\"@id\":\"https:\\\/\\\/www.alfred-scheerer.de\\\/shop\\\/#organization\"},\"potentialAction\":[{\"@type\":\"SearchAction\",\"target\":{\"@type\":\"EntryPoint\",\"urlTemplate\":\"https:\\\/\\\/www.alfred-scheerer.de\\\/shop\\\/?s={search_term_string}\"},\"query-input\":{\"@type\":\"PropertyValueSpecification\",\"valueRequired\":true,\"valueName\":\"search_term_string\"}}],\"inLanguage\":\"de\"},{\"@type\":\"Organization\",\"@id\":\"https:\\\/\\\/www.alfred-scheerer.de\\\/shop\\\/#organization\",\"name\":\"Scheerer GmbH\",\"url\":\"https:\\\/\\\/www.alfred-scheerer.de\\\/shop\\\/\",\"logo\":{\"@type\":\"ImageObject\",\"inLanguage\":\"de\",\"@id\":\"https:\\\/\\\/www.alfred-scheerer.de\\\/shop\\\/#\\\/schema\\\/logo\\\/image\\\/\",\"url\":\"https:\\\/\\\/alfred-scheerer.de\\\/shop\\\/wp-content\\\/uploads\\\/2024\\\/05\\\/baum.jpg\",\"contentUrl\":\"https:\\\/\\\/alfred-scheerer.de\\\/shop\\\/wp-content\\\/uploads\\\/2024\\\/05\\\/baum.jpg\",\"width\":512,\"height\":512,\"caption\":\"Scheerer GmbH\"},\"image\":{\"@id\":\"https:\\\/\\\/www.alfred-scheerer.de\\\/shop\\\/#\\\/schema\\\/logo\\\/image\\\/\"},\"sameAs\":[\"https:\\\/\\\/www.instagram.com\\\/alfredscheerer\\\/\"]}]}<\/script>\n<!-- \/ Yoast SEO plugin. -->","yoast_head_json":{"title":"Messer 25 cm Ambrogio Wiper 075Z07800A Stiga 1126-9143-01 - Gartentechnik Scheerer","description":"Original Ambrogio ZCS 4-Stern Messer, \u00d8 25 cm aus Federstahl inkl. 4 Schrauben \u2013 perfekter Ersatz f\u00fcr gleichm\u00e4\u00dfigen Rasenschnitt mit deinem M\u00e4hroboter.","robots":{"index":"index","follow":"follow","max-snippet":"max-snippet:-1","max-image-preview":"max-image-preview:large","max-video-preview":"max-video-preview:-1"},"canonical":"https:\/\/www.alfred-scheerer.de\/shop\/product\/messer-25-cm-ambrogio-wiper-stiga-075z07800a-1126-9143-01\/","og_locale":"de_DE","og_type":"article","og_title":"Messer 25 cm Ambrogio Wiper 075Z07800A Stiga 1126-9143-01 - Gartentechnik Scheerer","og_description":"Original Ambrogio ZCS 4-Stern Messer, \u00d8 25 cm aus Federstahl inkl. 4 Schrauben \u2013 perfekter Ersatz f\u00fcr gleichm\u00e4\u00dfigen Rasenschnitt mit deinem M\u00e4hroboter.","og_url":"https:\/\/www.alfred-scheerer.de\/shop\/product\/messer-25-cm-ambrogio-wiper-stiga-075z07800a-1126-9143-01\/","og_site_name":"Gartentechnik Scheerer","article_modified_time":"2026-03-27T17:47:50+00:00","og_image":[{"width":659,"height":511,"url":"https:\/\/www.alfred-scheerer.de\/shop\/wp-content\/uploads\/2020\/04\/Messer-25-cm-e1606857843596.jpg","type":"image\/jpeg"}],"twitter_card":"summary_large_image","twitter_misc":{"Gesch\u00e4tzte Lesezeit":"1\u00a0Minute"},"schema":{"@context":"https:\/\/schema.org","@graph":[{"@type":"WebPage","@id":"https:\/\/www.alfred-scheerer.de\/shop\/product\/messer-25-cm-ambrogio-wiper-stiga-075z07800a-1126-9143-01\/","url":"https:\/\/www.alfred-scheerer.de\/shop\/product\/messer-25-cm-ambrogio-wiper-stiga-075z07800a-1126-9143-01\/","name":"Messer 25 cm Ambrogio Wiper 075Z07800A Stiga 1126-9143-01 - Gartentechnik Scheerer","isPartOf":{"@id":"https:\/\/www.alfred-scheerer.de\/shop\/#website"},"primaryImageOfPage":{"@id":"https:\/\/www.alfred-scheerer.de\/shop\/product\/messer-25-cm-ambrogio-wiper-stiga-075z07800a-1126-9143-01\/#primaryimage"},"image":{"@id":"https:\/\/www.alfred-scheerer.de\/shop\/product\/messer-25-cm-ambrogio-wiper-stiga-075z07800a-1126-9143-01\/#primaryimage"},"thumbnailUrl":"https:\/\/www.alfred-scheerer.de\/shop\/wp-content\/uploads\/2020\/04\/Messer-25-cm-e1606857843596.jpg","datePublished":"2019-04-18T14:47:17+00:00","dateModified":"2026-03-27T17:47:50+00:00","description":"Original Ambrogio ZCS 4-Stern Messer, \u00d8 25 cm aus Federstahl inkl. 4 Schrauben \u2013 perfekter Ersatz f\u00fcr gleichm\u00e4\u00dfigen Rasenschnitt mit deinem M\u00e4hroboter.","breadcrumb":{"@id":"https:\/\/www.alfred-scheerer.de\/shop\/product\/messer-25-cm-ambrogio-wiper-stiga-075z07800a-1126-9143-01\/#breadcrumb"},"inLanguage":"de","potentialAction":[{"@type":"ReadAction","target":["https:\/\/www.alfred-scheerer.de\/shop\/product\/messer-25-cm-ambrogio-wiper-stiga-075z07800a-1126-9143-01\/"]}]},{"@type":"ImageObject","inLanguage":"de","@id":"https:\/\/www.alfred-scheerer.de\/shop\/product\/messer-25-cm-ambrogio-wiper-stiga-075z07800a-1126-9143-01\/#primaryimage","url":"https:\/\/www.alfred-scheerer.de\/shop\/wp-content\/uploads\/2020\/04\/Messer-25-cm-e1606857843596.jpg","contentUrl":"https:\/\/www.alfred-scheerer.de\/shop\/wp-content\/uploads\/2020\/04\/Messer-25-cm-e1606857843596.jpg","width":659,"height":511,"caption":"Ersatzmesser Ambrogio Wiper Techline"},{"@type":"BreadcrumbList","@id":"https:\/\/www.alfred-scheerer.de\/shop\/product\/messer-25-cm-ambrogio-wiper-stiga-075z07800a-1126-9143-01\/#breadcrumb","itemListElement":[{"@type":"ListItem","position":1,"name":"Startseite","item":"https:\/\/www.alfred-scheerer.de\/shop\/"},{"@type":"ListItem","position":2,"name":"Gartentechnik Scheerer &#8211; Der Online Shop f\u00fcr M\u00e4hroboter und Zubeh\u00f6r","item":"https:\/\/www.alfred-scheerer.de\/shop\/"},{"@type":"ListItem","position":3,"name":"Messer 25 cm Ambrogio Wiper 075Z07800A Stiga 1126-9143-01"}]},{"@type":"WebSite","@id":"https:\/\/www.alfred-scheerer.de\/shop\/#website","url":"https:\/\/www.alfred-scheerer.de\/shop\/","name":"Scheerer GmbH (ehem. Alfred Scheerer e.K.)","description":"Der Online Shop aus Wermelskirchen f\u00fcr M\u00e4hroboter, Akku Gartenger\u00e4te, Ersatzteile und Zubeh\u00f6r","publisher":{"@id":"https:\/\/www.alfred-scheerer.de\/shop\/#organization"},"potentialAction":[{"@type":"SearchAction","target":{"@type":"EntryPoint","urlTemplate":"https:\/\/www.alfred-scheerer.de\/shop\/?s={search_term_string}"},"query-input":{"@type":"PropertyValueSpecification","valueRequired":true,"valueName":"search_term_string"}}],"inLanguage":"de"},{"@type":"Organization","@id":"https:\/\/www.alfred-scheerer.de\/shop\/#organization","name":"Scheerer GmbH","url":"https:\/\/www.alfred-scheerer.de\/shop\/","logo":{"@type":"ImageObject","inLanguage":"de","@id":"https:\/\/www.alfred-scheerer.de\/shop\/#\/schema\/logo\/image\/","url":"https:\/\/alfred-scheerer.de\/shop\/wp-content\/uploads\/2024\/05\/baum.jpg","contentUrl":"https:\/\/alfred-scheerer.de\/shop\/wp-content\/uploads\/2024\/05\/baum.jpg","width":512,"height":512,"caption":"Scheerer GmbH"},"image":{"@id":"https:\/\/www.alfred-scheerer.de\/shop\/#\/schema\/logo\/image\/"},"sameAs":["https:\/\/www.instagram.com\/alfredscheerer\/"]}]}},"_links":{"self":[{"href":"https:\/\/www.alfred-scheerer.de\/shop\/wp-json\/wp\/v2\/product\/435","targetHints":{"allow":["GET"]}}],"collection":[{"href":"https:\/\/www.alfred-scheerer.de\/shop\/wp-json\/wp\/v2\/product"}],"about":[{"href":"https:\/\/www.alfred-scheerer.de\/shop\/wp-json\/wp\/v2\/types\/product"}],"wp:featuredmedia":[{"embeddable":true,"href":"https:\/\/www.alfred-scheerer.de\/shop\/wp-json\/wp\/v2\/media\/4096"}],"wp:attachment":[{"href":"https:\/\/www.alfred-scheerer.de\/shop\/wp-json\/wp\/v2\/media?parent=435"}],"wp:term":[{"taxonomy":"product_brand","embeddable":true,"href":"https:\/\/www.alfred-scheerer.de\/shop\/wp-json\/wp\/v2\/product_brand?post=435"},{"taxonomy":"product_cat","embeddable":true,"href":"https:\/\/www.alfred-scheerer.de\/shop\/wp-json\/wp\/v2\/product_cat?post=435"},{"taxonomy":"product_tag","embeddable":true,"href":"https:\/\/www.alfred-scheerer.de\/shop\/wp-json\/wp\/v2\/product_tag?post=435"}],"curies":[{"name":"wp","href":"https:\/\/api.w.org\/{rel}","templated":true}]}}