{"id":4658,"date":"2021-06-14T20:38:10","date_gmt":"2021-06-14T18:38:10","guid":{"rendered":"https:\/\/alfred-scheerer.de\/shop\/?post_type=product&#038;p=4658"},"modified":"2025-05-19T15:15:00","modified_gmt":"2025-05-19T13:15:00","slug":"radmotor-buersten-ambrogio-l30-l75-l85-075z08500a","status":"publish","type":"product","link":"https:\/\/www.alfred-scheerer.de\/shop\/product\/radmotor-buersten-ambrogio-l30-l75-l85-075z08500a\/","title":{"rendered":"Radmotor B\u00fcrsten Ambrogio L30 L75 L85 075Z08500A 051Z40000A"},"content":{"rendered":"<p>Ambrogio Radmotor\/Antriebsmotor komplett mit Anschlusskabel (B\u00fcrsten-Ausf\u00fchrung)<\/p>\n<p><strong><strong><span style=\"color: #ff0000;\">Neuste Ausf\u00fchrung: Je nach Baujahr werden zwei Radmotoren ben\u00f6tigt.<br \/>\n<\/span><\/strong><\/strong><strong><strong><span style=\"color: #ff0000;\">Bitte setzen Sie sich per E-Mail mit uns in Verbindung \u2013 wir erstellen Ihnen gerne ein entsprechendes Angebot.<\/span><\/strong><\/strong><\/p>\n<p>passend f\u00fcr:<br \/>\nAmbrogio: L30 B, L30 Deluxe, L75 B, L75 Deluxe, L85 Deluxe<\/p>\n<p>Ersetzt Motor: 075Z08500A<\/p>\n<p><strong>Dieser Artikel ist eine Sonderbestellung und kann daher nicht zur\u00fcckgegeben oder umgetauscht werden.<\/strong><\/p>\n","protected":false},"excerpt":{"rendered":"<p>Ambrogio Radmotor\/Antriebsmotor komplett mit Anschlusskabel (B\u00fcrsten-Ausf\u00fchrung)<\/p>\n<p><strong><span style=\"color: #ff0000;\">Neuste Ausf\u00fchrung: Je nach Baujahr werden zwei Radmotoren ben\u00f6tigt.<br \/>\n<\/span><\/strong><strong><span style=\"color: #ff0000;\">Bitte setzen Sie sich per E-Mail mit uns in Verbindung \u2013 wir erstellen Ihnen gerne ein entsprechendes Angebot.<\/span><\/strong><\/p>\n<p>passend f\u00fcr:<br \/>\nAmbrogio: L30 B, L30 Deluxe, L75 B, L75 Deluxe, L85 Deluxe<\/p>\n<p>Ersetzt Motor: 075Z08500A<\/p>\n<p><strong>Dieser Artikel ist eine Sonderbestellung und kann daher nicht zur\u00fcckgegeben oder umgetauscht werden.<\/strong><\/p>\n","protected":false},"featured_media":12931,"template":"","meta":[],"product_brand":[1756],"product_cat":[96,98],"product_tag":[1078,1079,1215,1773],"class_list":{"0":"post-4658","1":"product","2":"type-product","3":"status-publish","4":"has-post-thumbnail","6":"product_brand-ambrogio","7":"product_cat-ambrogio-l30-ersatzteile-zubehoer","8":"product_cat-l85","9":"product_tag-radmotor-ambrogio","10":"product_tag-antriebsmotor-ambrogio","11":"product_tag-075z08500a","12":"product_tag-051z40000a","14":"first","15":"outofstock","16":"taxable","17":"shipping-taxable","18":"purchasable","19":"product-type-simple"},"yoast_head":"<!-- This site is optimized with the Yoast SEO plugin v27.4 - https:\/\/yoast.com\/product\/yoast-seo-wordpress\/ -->\n<title>Radmotor B\u00fcrsten Ambrogio L30 L75 L85 075Z08500A 051Z40000A - Gartentechnik Scheerer<\/title>\n<meta name=\"robots\" content=\"index, follow, max-snippet:-1, max-image-preview:large, max-video-preview:-1\" \/>\n<link rel=\"canonical\" href=\"https:\/\/www.alfred-scheerer.de\/shop\/product\/radmotor-buersten-ambrogio-l30-l75-l85-075z08500a\/\" \/>\n<meta property=\"og:locale\" content=\"de_DE\" \/>\n<meta property=\"og:type\" content=\"article\" \/>\n<meta property=\"og:title\" content=\"Radmotor B\u00fcrsten Ambrogio L30 L75 L85 075Z08500A 051Z40000A - Gartentechnik Scheerer\" \/>\n<meta property=\"og:description\" content=\"Ambrogio Radmotor\/Antriebsmotor komplett mit Anschlusskabel (B\u00fcrsten-Ausf\u00fchrung)  Neuste Ausf\u00fchrung: Je nach Baujahr werden zwei Radmotoren ben\u00f6tigt. Bitte setzen Sie sich per E-Mail mit uns in Verbindung \u2013 wir erstellen Ihnen gerne ein entsprechendes Angebot.  passend f\u00fcr: Ambrogio: L30 B, L30 Deluxe, L75 B, L75 Deluxe, L85 Deluxe  Ersetzt Motor: 075Z08500A  Dieser Artikel ist eine Sonderbestellung und kann daher nicht zur\u00fcckgegeben oder umgetauscht werden.\" \/>\n<meta property=\"og:url\" content=\"https:\/\/www.alfred-scheerer.de\/shop\/product\/radmotor-buersten-ambrogio-l30-l75-l85-075z08500a\/\" \/>\n<meta property=\"og:site_name\" content=\"Gartentechnik Scheerer\" \/>\n<meta property=\"article:modified_time\" content=\"2025-05-19T13:15:00+00:00\" \/>\n<meta property=\"og:image\" content=\"https:\/\/www.alfred-scheerer.de\/shop\/wp-content\/uploads\/2021\/06\/Radmotor-IMS-FISE-Buerste-051Z4000A.jpg\" \/>\n\t<meta property=\"og:image:width\" content=\"1500\" \/>\n\t<meta property=\"og:image:height\" content=\"1000\" \/>\n\t<meta property=\"og:image:type\" content=\"image\/jpeg\" \/>\n<meta name=\"twitter:card\" content=\"summary_large_image\" \/>\n<script type=\"application\/ld+json\" class=\"yoast-schema-graph\">{\"@context\":\"https:\\\/\\\/schema.org\",\"@graph\":[{\"@type\":\"WebPage\",\"@id\":\"https:\\\/\\\/www.alfred-scheerer.de\\\/shop\\\/product\\\/radmotor-buersten-ambrogio-l30-l75-l85-075z08500a\\\/\",\"url\":\"https:\\\/\\\/www.alfred-scheerer.de\\\/shop\\\/product\\\/radmotor-buersten-ambrogio-l30-l75-l85-075z08500a\\\/\",\"name\":\"Radmotor B\u00fcrsten Ambrogio L30 L75 L85 075Z08500A 051Z40000A - Gartentechnik Scheerer\",\"isPartOf\":{\"@id\":\"https:\\\/\\\/www.alfred-scheerer.de\\\/shop\\\/#website\"},\"primaryImageOfPage\":{\"@id\":\"https:\\\/\\\/www.alfred-scheerer.de\\\/shop\\\/product\\\/radmotor-buersten-ambrogio-l30-l75-l85-075z08500a\\\/#primaryimage\"},\"image\":{\"@id\":\"https:\\\/\\\/www.alfred-scheerer.de\\\/shop\\\/product\\\/radmotor-buersten-ambrogio-l30-l75-l85-075z08500a\\\/#primaryimage\"},\"thumbnailUrl\":\"https:\\\/\\\/www.alfred-scheerer.de\\\/shop\\\/wp-content\\\/uploads\\\/2021\\\/06\\\/Radmotor-IMS-FISE-Buerste-051Z4000A.jpg\",\"datePublished\":\"2021-06-14T18:38:10+00:00\",\"dateModified\":\"2025-05-19T13:15:00+00:00\",\"breadcrumb\":{\"@id\":\"https:\\\/\\\/www.alfred-scheerer.de\\\/shop\\\/product\\\/radmotor-buersten-ambrogio-l30-l75-l85-075z08500a\\\/#breadcrumb\"},\"inLanguage\":\"de\",\"potentialAction\":[{\"@type\":\"ReadAction\",\"target\":[\"https:\\\/\\\/www.alfred-scheerer.de\\\/shop\\\/product\\\/radmotor-buersten-ambrogio-l30-l75-l85-075z08500a\\\/\"]}]},{\"@type\":\"ImageObject\",\"inLanguage\":\"de\",\"@id\":\"https:\\\/\\\/www.alfred-scheerer.de\\\/shop\\\/product\\\/radmotor-buersten-ambrogio-l30-l75-l85-075z08500a\\\/#primaryimage\",\"url\":\"https:\\\/\\\/www.alfred-scheerer.de\\\/shop\\\/wp-content\\\/uploads\\\/2021\\\/06\\\/Radmotor-IMS-FISE-Buerste-051Z4000A.jpg\",\"contentUrl\":\"https:\\\/\\\/www.alfred-scheerer.de\\\/shop\\\/wp-content\\\/uploads\\\/2021\\\/06\\\/Radmotor-IMS-FISE-Buerste-051Z4000A.jpg\",\"width\":1500,\"height\":1000,\"caption\":\"Radmotor IMS\\\/FISE B\u00fcrste 051Z40000A 075Z08500A\"},{\"@type\":\"BreadcrumbList\",\"@id\":\"https:\\\/\\\/www.alfred-scheerer.de\\\/shop\\\/product\\\/radmotor-buersten-ambrogio-l30-l75-l85-075z08500a\\\/#breadcrumb\",\"itemListElement\":[{\"@type\":\"ListItem\",\"position\":1,\"name\":\"Startseite\",\"item\":\"https:\\\/\\\/www.alfred-scheerer.de\\\/shop\\\/\"},{\"@type\":\"ListItem\",\"position\":2,\"name\":\"Gartentechnik Scheerer &#8211; Der Online Shop f\u00fcr M\u00e4hroboter und Zubeh\u00f6r\",\"item\":\"https:\\\/\\\/www.alfred-scheerer.de\\\/shop\\\/\"},{\"@type\":\"ListItem\",\"position\":3,\"name\":\"Radmotor B\u00fcrsten Ambrogio L30 L75 L85 075Z08500A 051Z40000A\"}]},{\"@type\":\"WebSite\",\"@id\":\"https:\\\/\\\/www.alfred-scheerer.de\\\/shop\\\/#website\",\"url\":\"https:\\\/\\\/www.alfred-scheerer.de\\\/shop\\\/\",\"name\":\"Scheerer GmbH (ehem. Alfred Scheerer e.K.)\",\"description\":\"Der Online Shop aus Wermelskirchen f\u00fcr M\u00e4hroboter, Akku Gartenger\u00e4te, Ersatzteile und Zubeh\u00f6r\",\"publisher\":{\"@id\":\"https:\\\/\\\/www.alfred-scheerer.de\\\/shop\\\/#organization\"},\"potentialAction\":[{\"@type\":\"SearchAction\",\"target\":{\"@type\":\"EntryPoint\",\"urlTemplate\":\"https:\\\/\\\/www.alfred-scheerer.de\\\/shop\\\/?s={search_term_string}\"},\"query-input\":{\"@type\":\"PropertyValueSpecification\",\"valueRequired\":true,\"valueName\":\"search_term_string\"}}],\"inLanguage\":\"de\"},{\"@type\":\"Organization\",\"@id\":\"https:\\\/\\\/www.alfred-scheerer.de\\\/shop\\\/#organization\",\"name\":\"Scheerer GmbH\",\"url\":\"https:\\\/\\\/www.alfred-scheerer.de\\\/shop\\\/\",\"logo\":{\"@type\":\"ImageObject\",\"inLanguage\":\"de\",\"@id\":\"https:\\\/\\\/www.alfred-scheerer.de\\\/shop\\\/#\\\/schema\\\/logo\\\/image\\\/\",\"url\":\"https:\\\/\\\/alfred-scheerer.de\\\/shop\\\/wp-content\\\/uploads\\\/2024\\\/05\\\/baum.jpg\",\"contentUrl\":\"https:\\\/\\\/alfred-scheerer.de\\\/shop\\\/wp-content\\\/uploads\\\/2024\\\/05\\\/baum.jpg\",\"width\":512,\"height\":512,\"caption\":\"Scheerer GmbH\"},\"image\":{\"@id\":\"https:\\\/\\\/www.alfred-scheerer.de\\\/shop\\\/#\\\/schema\\\/logo\\\/image\\\/\"},\"sameAs\":[\"https:\\\/\\\/www.instagram.com\\\/alfredscheerer\\\/\"]}]}<\/script>\n<!-- \/ Yoast SEO plugin. -->","yoast_head_json":{"title":"Radmotor B\u00fcrsten Ambrogio L30 L75 L85 075Z08500A 051Z40000A - Gartentechnik Scheerer","robots":{"index":"index","follow":"follow","max-snippet":"max-snippet:-1","max-image-preview":"max-image-preview:large","max-video-preview":"max-video-preview:-1"},"canonical":"https:\/\/www.alfred-scheerer.de\/shop\/product\/radmotor-buersten-ambrogio-l30-l75-l85-075z08500a\/","og_locale":"de_DE","og_type":"article","og_title":"Radmotor B\u00fcrsten Ambrogio L30 L75 L85 075Z08500A 051Z40000A - Gartentechnik Scheerer","og_description":"Ambrogio Radmotor\/Antriebsmotor komplett mit Anschlusskabel (B\u00fcrsten-Ausf\u00fchrung)  Neuste Ausf\u00fchrung: Je nach Baujahr werden zwei Radmotoren ben\u00f6tigt. Bitte setzen Sie sich per E-Mail mit uns in Verbindung \u2013 wir erstellen Ihnen gerne ein entsprechendes Angebot.  passend f\u00fcr: Ambrogio: L30 B, L30 Deluxe, L75 B, L75 Deluxe, L85 Deluxe  Ersetzt Motor: 075Z08500A  Dieser Artikel ist eine Sonderbestellung und kann daher nicht zur\u00fcckgegeben oder umgetauscht werden.","og_url":"https:\/\/www.alfred-scheerer.de\/shop\/product\/radmotor-buersten-ambrogio-l30-l75-l85-075z08500a\/","og_site_name":"Gartentechnik Scheerer","article_modified_time":"2025-05-19T13:15:00+00:00","og_image":[{"width":1500,"height":1000,"url":"https:\/\/www.alfred-scheerer.de\/shop\/wp-content\/uploads\/2021\/06\/Radmotor-IMS-FISE-Buerste-051Z4000A.jpg","type":"image\/jpeg"}],"twitter_card":"summary_large_image","schema":{"@context":"https:\/\/schema.org","@graph":[{"@type":"WebPage","@id":"https:\/\/www.alfred-scheerer.de\/shop\/product\/radmotor-buersten-ambrogio-l30-l75-l85-075z08500a\/","url":"https:\/\/www.alfred-scheerer.de\/shop\/product\/radmotor-buersten-ambrogio-l30-l75-l85-075z08500a\/","name":"Radmotor B\u00fcrsten Ambrogio L30 L75 L85 075Z08500A 051Z40000A - Gartentechnik Scheerer","isPartOf":{"@id":"https:\/\/www.alfred-scheerer.de\/shop\/#website"},"primaryImageOfPage":{"@id":"https:\/\/www.alfred-scheerer.de\/shop\/product\/radmotor-buersten-ambrogio-l30-l75-l85-075z08500a\/#primaryimage"},"image":{"@id":"https:\/\/www.alfred-scheerer.de\/shop\/product\/radmotor-buersten-ambrogio-l30-l75-l85-075z08500a\/#primaryimage"},"thumbnailUrl":"https:\/\/www.alfred-scheerer.de\/shop\/wp-content\/uploads\/2021\/06\/Radmotor-IMS-FISE-Buerste-051Z4000A.jpg","datePublished":"2021-06-14T18:38:10+00:00","dateModified":"2025-05-19T13:15:00+00:00","breadcrumb":{"@id":"https:\/\/www.alfred-scheerer.de\/shop\/product\/radmotor-buersten-ambrogio-l30-l75-l85-075z08500a\/#breadcrumb"},"inLanguage":"de","potentialAction":[{"@type":"ReadAction","target":["https:\/\/www.alfred-scheerer.de\/shop\/product\/radmotor-buersten-ambrogio-l30-l75-l85-075z08500a\/"]}]},{"@type":"ImageObject","inLanguage":"de","@id":"https:\/\/www.alfred-scheerer.de\/shop\/product\/radmotor-buersten-ambrogio-l30-l75-l85-075z08500a\/#primaryimage","url":"https:\/\/www.alfred-scheerer.de\/shop\/wp-content\/uploads\/2021\/06\/Radmotor-IMS-FISE-Buerste-051Z4000A.jpg","contentUrl":"https:\/\/www.alfred-scheerer.de\/shop\/wp-content\/uploads\/2021\/06\/Radmotor-IMS-FISE-Buerste-051Z4000A.jpg","width":1500,"height":1000,"caption":"Radmotor IMS\/FISE B\u00fcrste 051Z40000A 075Z08500A"},{"@type":"BreadcrumbList","@id":"https:\/\/www.alfred-scheerer.de\/shop\/product\/radmotor-buersten-ambrogio-l30-l75-l85-075z08500a\/#breadcrumb","itemListElement":[{"@type":"ListItem","position":1,"name":"Startseite","item":"https:\/\/www.alfred-scheerer.de\/shop\/"},{"@type":"ListItem","position":2,"name":"Gartentechnik Scheerer &#8211; Der Online Shop f\u00fcr M\u00e4hroboter und Zubeh\u00f6r","item":"https:\/\/www.alfred-scheerer.de\/shop\/"},{"@type":"ListItem","position":3,"name":"Radmotor B\u00fcrsten Ambrogio L30 L75 L85 075Z08500A 051Z40000A"}]},{"@type":"WebSite","@id":"https:\/\/www.alfred-scheerer.de\/shop\/#website","url":"https:\/\/www.alfred-scheerer.de\/shop\/","name":"Scheerer GmbH (ehem. Alfred Scheerer e.K.)","description":"Der Online Shop aus Wermelskirchen f\u00fcr M\u00e4hroboter, Akku Gartenger\u00e4te, Ersatzteile und Zubeh\u00f6r","publisher":{"@id":"https:\/\/www.alfred-scheerer.de\/shop\/#organization"},"potentialAction":[{"@type":"SearchAction","target":{"@type":"EntryPoint","urlTemplate":"https:\/\/www.alfred-scheerer.de\/shop\/?s={search_term_string}"},"query-input":{"@type":"PropertyValueSpecification","valueRequired":true,"valueName":"search_term_string"}}],"inLanguage":"de"},{"@type":"Organization","@id":"https:\/\/www.alfred-scheerer.de\/shop\/#organization","name":"Scheerer GmbH","url":"https:\/\/www.alfred-scheerer.de\/shop\/","logo":{"@type":"ImageObject","inLanguage":"de","@id":"https:\/\/www.alfred-scheerer.de\/shop\/#\/schema\/logo\/image\/","url":"https:\/\/alfred-scheerer.de\/shop\/wp-content\/uploads\/2024\/05\/baum.jpg","contentUrl":"https:\/\/alfred-scheerer.de\/shop\/wp-content\/uploads\/2024\/05\/baum.jpg","width":512,"height":512,"caption":"Scheerer GmbH"},"image":{"@id":"https:\/\/www.alfred-scheerer.de\/shop\/#\/schema\/logo\/image\/"},"sameAs":["https:\/\/www.instagram.com\/alfredscheerer\/"]}]}},"_links":{"self":[{"href":"https:\/\/www.alfred-scheerer.de\/shop\/wp-json\/wp\/v2\/product\/4658","targetHints":{"allow":["GET"]}}],"collection":[{"href":"https:\/\/www.alfred-scheerer.de\/shop\/wp-json\/wp\/v2\/product"}],"about":[{"href":"https:\/\/www.alfred-scheerer.de\/shop\/wp-json\/wp\/v2\/types\/product"}],"wp:featuredmedia":[{"embeddable":true,"href":"https:\/\/www.alfred-scheerer.de\/shop\/wp-json\/wp\/v2\/media\/12931"}],"wp:attachment":[{"href":"https:\/\/www.alfred-scheerer.de\/shop\/wp-json\/wp\/v2\/media?parent=4658"}],"wp:term":[{"taxonomy":"product_brand","embeddable":true,"href":"https:\/\/www.alfred-scheerer.de\/shop\/wp-json\/wp\/v2\/product_brand?post=4658"},{"taxonomy":"product_cat","embeddable":true,"href":"https:\/\/www.alfred-scheerer.de\/shop\/wp-json\/wp\/v2\/product_cat?post=4658"},{"taxonomy":"product_tag","embeddable":true,"href":"https:\/\/www.alfred-scheerer.de\/shop\/wp-json\/wp\/v2\/product_tag?post=4658"}],"curies":[{"name":"wp","href":"https:\/\/api.w.org\/{rel}","templated":true}]}}