{"id":4921,"date":"2021-08-17T17:52:32","date_gmt":"2021-08-17T15:52:32","guid":{"rendered":"https:\/\/alfred-scheerer.de\/shop\/?post_type=product&#038;p=4921"},"modified":"2026-03-09T10:06:15","modified_gmt":"2026-03-09T09:06:15","slug":"kugellager-edelstahl-vorderrad-ambrogio-stiga-techline-wiper-c00119","status":"publish","type":"product","link":"https:\/\/www.alfred-scheerer.de\/shop\/product\/kugellager-edelstahl-vorderrad-ambrogio-stiga-techline-wiper-c00119\/","title":{"rendered":"Kugellager Edelstahl Vorderrad Ambrogio Stiga Techline Wiper C00119"},"content":{"rendered":"<p>Kugellager aus rostfreiem Edelstahl mit beidseitiger Abdichtung passend f\u00fcr Vorderrad. (Bild 38)<br \/>\nDieses Lager ist unanf\u00e4lliger gegen Rost als das normale Lager aus Stahl.<br \/>\nVerbaut sind zwei St\u00fcck Kugellager je Vorderrad.<\/p>\n<p>passend f\u00fcr:<br \/>\nAmbrogio, Stiga, Techline, Wiper: alle Roboter mit breitem Vorderrad<\/p>\n<p>nicht passend f\u00fcr:<br \/>\nAmbrogio: L15, Twenty<br \/>\nWiper: i-Serie<\/p>\n","protected":false},"excerpt":{"rendered":"<p>Kugellager aus rostfreiem Edelstahl mit beidseitiger Abdichtung passend f\u00fcr Vorderrad. (Bild 38)<br \/>\nDieses Lager ist unanf\u00e4lliger gegen Rost als das normale Lager aus Stahl.<br \/>\nVerbaut sind zwei St\u00fcck Kugellager je Vorderrad.<\/p>\n<p>passend f\u00fcr:<br \/>\nAmbrogio, Stiga, Techline, Wiper: alle Roboter mit breitem Vorderrad<\/p>\n<p>nicht passend f\u00fcr:<br \/>\nAmbrogio: L15, Twenty<br \/>\nWiper: i-Serie<\/p>\n","protected":false},"featured_media":4922,"template":"","meta":[],"product_brand":[],"product_cat":[100,1433,101,102,103,108,179,305,306,96,98,312,99,358,1432],"product_tag":[1244,1245,1246,1247,1248,1249,1250,1251,1252,1253],"class_list":{"0":"post-4921","1":"product","2":"type-product","3":"status-publish","4":"has-post-thumbnail","6":"product_cat-l250-l250i","7":"product_cat-4-0-elite","8":"product_cat-l300r","9":"product_cat-l350i","10":"product_cat-l400-l400i","11":"product_cat-stiga-ersatzteile-zubehoer","12":"product_cat-l35","13":"product_cat-4-0-basic","14":"product_cat-l32","15":"product_cat-ambrogio-l30-ersatzteile-zubehoer","16":"product_cat-l85","17":"product_cat-wiper-ersatzteile-zubehoer","18":"product_cat-l200-l210","19":"product_cat-l200r","20":"product_cat-4-36","21":"product_tag-kugellager-vorderrad-ambrogio","22":"product_tag-kugellager-vorderrad-wiper","23":"product_tag-kugellager-vorderrad-techline","24":"product_tag-kugellager-vorderrad-stiga","25":"product_tag-kugellager-6001-2rs","26":"product_tag-6001-2rs","27":"product_tag-s6001-2rs","28":"product_tag-ss6001-2rs","29":"product_tag-kugellager-6001","30":"product_tag-c00119","32":"first","33":"instock","34":"sale","35":"taxable","36":"shipping-taxable","37":"purchasable","38":"product-type-simple"},"yoast_head":"<!-- This site is optimized with the Yoast SEO plugin v27.4 - https:\/\/yoast.com\/product\/yoast-seo-wordpress\/ -->\n<title>Kugellager Edelstahl Vorderrad Ambrogio Stiga Techline Wiper C00119 - Gartentechnik Scheerer<\/title>\n<meta name=\"description\" content=\"Kugellager aus rostfreiem Edelstahl mit beidseitiger Abdichtung f\u00fcr Ambrogio Wiper Techline Vorderrad Rad. Dieses Lager ist unanf\u00e4lliger gegen Rost als das normale Lager aus Stahl. Verbaut sind zwei St\u00fcck Kugellager je Vorderrad.\" \/>\n<meta name=\"robots\" content=\"index, follow, max-snippet:-1, max-image-preview:large, max-video-preview:-1\" \/>\n<link rel=\"canonical\" href=\"https:\/\/www.alfred-scheerer.de\/shop\/product\/kugellager-edelstahl-vorderrad-ambrogio-stiga-techline-wiper-c00119\/\" \/>\n<meta property=\"og:locale\" content=\"de_DE\" \/>\n<meta property=\"og:type\" content=\"article\" \/>\n<meta property=\"og:title\" content=\"Kugellager Edelstahl Vorderrad Ambrogio Stiga Techline Wiper C00119 - Gartentechnik Scheerer\" \/>\n<meta property=\"og:description\" content=\"Kugellager aus rostfreiem Edelstahl mit beidseitiger Abdichtung f\u00fcr Ambrogio Wiper Techline Vorderrad Rad. Dieses Lager ist unanf\u00e4lliger gegen Rost als das normale Lager aus Stahl. Verbaut sind zwei St\u00fcck Kugellager je Vorderrad.\" \/>\n<meta property=\"og:url\" content=\"https:\/\/www.alfred-scheerer.de\/shop\/product\/kugellager-edelstahl-vorderrad-ambrogio-stiga-techline-wiper-c00119\/\" \/>\n<meta property=\"og:site_name\" content=\"Gartentechnik Scheerer\" \/>\n<meta property=\"article:modified_time\" content=\"2026-03-09T09:06:15+00:00\" \/>\n<meta property=\"og:image\" content=\"https:\/\/www.alfred-scheerer.de\/shop\/wp-content\/uploads\/2021\/08\/Kugellager-C00119.jpg\" \/>\n\t<meta property=\"og:image:width\" content=\"1045\" \/>\n\t<meta property=\"og:image:height\" content=\"1044\" \/>\n\t<meta property=\"og:image:type\" content=\"image\/jpeg\" \/>\n<meta name=\"twitter:card\" content=\"summary_large_image\" \/>\n<script type=\"application\/ld+json\" class=\"yoast-schema-graph\">{\"@context\":\"https:\\\/\\\/schema.org\",\"@graph\":[{\"@type\":\"WebPage\",\"@id\":\"https:\\\/\\\/www.alfred-scheerer.de\\\/shop\\\/product\\\/kugellager-edelstahl-vorderrad-ambrogio-stiga-techline-wiper-c00119\\\/\",\"url\":\"https:\\\/\\\/www.alfred-scheerer.de\\\/shop\\\/product\\\/kugellager-edelstahl-vorderrad-ambrogio-stiga-techline-wiper-c00119\\\/\",\"name\":\"Kugellager Edelstahl Vorderrad Ambrogio Stiga Techline Wiper C00119 - Gartentechnik Scheerer\",\"isPartOf\":{\"@id\":\"https:\\\/\\\/www.alfred-scheerer.de\\\/shop\\\/#website\"},\"primaryImageOfPage\":{\"@id\":\"https:\\\/\\\/www.alfred-scheerer.de\\\/shop\\\/product\\\/kugellager-edelstahl-vorderrad-ambrogio-stiga-techline-wiper-c00119\\\/#primaryimage\"},\"image\":{\"@id\":\"https:\\\/\\\/www.alfred-scheerer.de\\\/shop\\\/product\\\/kugellager-edelstahl-vorderrad-ambrogio-stiga-techline-wiper-c00119\\\/#primaryimage\"},\"thumbnailUrl\":\"https:\\\/\\\/www.alfred-scheerer.de\\\/shop\\\/wp-content\\\/uploads\\\/2021\\\/08\\\/Kugellager-C00119.jpg\",\"datePublished\":\"2021-08-17T15:52:32+00:00\",\"dateModified\":\"2026-03-09T09:06:15+00:00\",\"description\":\"Kugellager aus rostfreiem Edelstahl mit beidseitiger Abdichtung f\u00fcr Ambrogio Wiper Techline Vorderrad Rad. Dieses Lager ist unanf\u00e4lliger gegen Rost als das normale Lager aus Stahl. Verbaut sind zwei St\u00fcck Kugellager je Vorderrad.\",\"breadcrumb\":{\"@id\":\"https:\\\/\\\/www.alfred-scheerer.de\\\/shop\\\/product\\\/kugellager-edelstahl-vorderrad-ambrogio-stiga-techline-wiper-c00119\\\/#breadcrumb\"},\"inLanguage\":\"de\",\"potentialAction\":[{\"@type\":\"ReadAction\",\"target\":[\"https:\\\/\\\/www.alfred-scheerer.de\\\/shop\\\/product\\\/kugellager-edelstahl-vorderrad-ambrogio-stiga-techline-wiper-c00119\\\/\"]}]},{\"@type\":\"ImageObject\",\"inLanguage\":\"de\",\"@id\":\"https:\\\/\\\/www.alfred-scheerer.de\\\/shop\\\/product\\\/kugellager-edelstahl-vorderrad-ambrogio-stiga-techline-wiper-c00119\\\/#primaryimage\",\"url\":\"https:\\\/\\\/www.alfred-scheerer.de\\\/shop\\\/wp-content\\\/uploads\\\/2021\\\/08\\\/Kugellager-C00119.jpg\",\"contentUrl\":\"https:\\\/\\\/www.alfred-scheerer.de\\\/shop\\\/wp-content\\\/uploads\\\/2021\\\/08\\\/Kugellager-C00119.jpg\",\"width\":1045,\"height\":1044,\"caption\":\"Kugellager Vorderrad Ambrogio Wiper Techline\"},{\"@type\":\"BreadcrumbList\",\"@id\":\"https:\\\/\\\/www.alfred-scheerer.de\\\/shop\\\/product\\\/kugellager-edelstahl-vorderrad-ambrogio-stiga-techline-wiper-c00119\\\/#breadcrumb\",\"itemListElement\":[{\"@type\":\"ListItem\",\"position\":1,\"name\":\"Startseite\",\"item\":\"https:\\\/\\\/www.alfred-scheerer.de\\\/shop\\\/\"},{\"@type\":\"ListItem\",\"position\":2,\"name\":\"Gartentechnik Scheerer &#8211; Der Online Shop f\u00fcr M\u00e4hroboter und Zubeh\u00f6r\",\"item\":\"https:\\\/\\\/www.alfred-scheerer.de\\\/shop\\\/\"},{\"@type\":\"ListItem\",\"position\":3,\"name\":\"Kugellager Edelstahl Vorderrad Ambrogio Stiga Techline Wiper C00119\"}]},{\"@type\":\"WebSite\",\"@id\":\"https:\\\/\\\/www.alfred-scheerer.de\\\/shop\\\/#website\",\"url\":\"https:\\\/\\\/www.alfred-scheerer.de\\\/shop\\\/\",\"name\":\"Scheerer GmbH (ehem. Alfred Scheerer e.K.)\",\"description\":\"Der Online Shop aus Wermelskirchen f\u00fcr M\u00e4hroboter, Akku Gartenger\u00e4te, Ersatzteile und Zubeh\u00f6r\",\"publisher\":{\"@id\":\"https:\\\/\\\/www.alfred-scheerer.de\\\/shop\\\/#organization\"},\"potentialAction\":[{\"@type\":\"SearchAction\",\"target\":{\"@type\":\"EntryPoint\",\"urlTemplate\":\"https:\\\/\\\/www.alfred-scheerer.de\\\/shop\\\/?s={search_term_string}\"},\"query-input\":{\"@type\":\"PropertyValueSpecification\",\"valueRequired\":true,\"valueName\":\"search_term_string\"}}],\"inLanguage\":\"de\"},{\"@type\":\"Organization\",\"@id\":\"https:\\\/\\\/www.alfred-scheerer.de\\\/shop\\\/#organization\",\"name\":\"Scheerer GmbH\",\"url\":\"https:\\\/\\\/www.alfred-scheerer.de\\\/shop\\\/\",\"logo\":{\"@type\":\"ImageObject\",\"inLanguage\":\"de\",\"@id\":\"https:\\\/\\\/www.alfred-scheerer.de\\\/shop\\\/#\\\/schema\\\/logo\\\/image\\\/\",\"url\":\"https:\\\/\\\/alfred-scheerer.de\\\/shop\\\/wp-content\\\/uploads\\\/2024\\\/05\\\/baum.jpg\",\"contentUrl\":\"https:\\\/\\\/alfred-scheerer.de\\\/shop\\\/wp-content\\\/uploads\\\/2024\\\/05\\\/baum.jpg\",\"width\":512,\"height\":512,\"caption\":\"Scheerer GmbH\"},\"image\":{\"@id\":\"https:\\\/\\\/www.alfred-scheerer.de\\\/shop\\\/#\\\/schema\\\/logo\\\/image\\\/\"},\"sameAs\":[\"https:\\\/\\\/www.instagram.com\\\/alfredscheerer\\\/\"]}]}<\/script>\n<!-- \/ Yoast SEO plugin. -->","yoast_head_json":{"title":"Kugellager Edelstahl Vorderrad Ambrogio Stiga Techline Wiper C00119 - Gartentechnik Scheerer","description":"Kugellager aus rostfreiem Edelstahl mit beidseitiger Abdichtung f\u00fcr Ambrogio Wiper Techline Vorderrad Rad. Dieses Lager ist unanf\u00e4lliger gegen Rost als das normale Lager aus Stahl. Verbaut sind zwei St\u00fcck Kugellager je Vorderrad.","robots":{"index":"index","follow":"follow","max-snippet":"max-snippet:-1","max-image-preview":"max-image-preview:large","max-video-preview":"max-video-preview:-1"},"canonical":"https:\/\/www.alfred-scheerer.de\/shop\/product\/kugellager-edelstahl-vorderrad-ambrogio-stiga-techline-wiper-c00119\/","og_locale":"de_DE","og_type":"article","og_title":"Kugellager Edelstahl Vorderrad Ambrogio Stiga Techline Wiper C00119 - Gartentechnik Scheerer","og_description":"Kugellager aus rostfreiem Edelstahl mit beidseitiger Abdichtung f\u00fcr Ambrogio Wiper Techline Vorderrad Rad. Dieses Lager ist unanf\u00e4lliger gegen Rost als das normale Lager aus Stahl. Verbaut sind zwei St\u00fcck Kugellager je Vorderrad.","og_url":"https:\/\/www.alfred-scheerer.de\/shop\/product\/kugellager-edelstahl-vorderrad-ambrogio-stiga-techline-wiper-c00119\/","og_site_name":"Gartentechnik Scheerer","article_modified_time":"2026-03-09T09:06:15+00:00","og_image":[{"width":1045,"height":1044,"url":"https:\/\/www.alfred-scheerer.de\/shop\/wp-content\/uploads\/2021\/08\/Kugellager-C00119.jpg","type":"image\/jpeg"}],"twitter_card":"summary_large_image","schema":{"@context":"https:\/\/schema.org","@graph":[{"@type":"WebPage","@id":"https:\/\/www.alfred-scheerer.de\/shop\/product\/kugellager-edelstahl-vorderrad-ambrogio-stiga-techline-wiper-c00119\/","url":"https:\/\/www.alfred-scheerer.de\/shop\/product\/kugellager-edelstahl-vorderrad-ambrogio-stiga-techline-wiper-c00119\/","name":"Kugellager Edelstahl Vorderrad Ambrogio Stiga Techline Wiper C00119 - Gartentechnik Scheerer","isPartOf":{"@id":"https:\/\/www.alfred-scheerer.de\/shop\/#website"},"primaryImageOfPage":{"@id":"https:\/\/www.alfred-scheerer.de\/shop\/product\/kugellager-edelstahl-vorderrad-ambrogio-stiga-techline-wiper-c00119\/#primaryimage"},"image":{"@id":"https:\/\/www.alfred-scheerer.de\/shop\/product\/kugellager-edelstahl-vorderrad-ambrogio-stiga-techline-wiper-c00119\/#primaryimage"},"thumbnailUrl":"https:\/\/www.alfred-scheerer.de\/shop\/wp-content\/uploads\/2021\/08\/Kugellager-C00119.jpg","datePublished":"2021-08-17T15:52:32+00:00","dateModified":"2026-03-09T09:06:15+00:00","description":"Kugellager aus rostfreiem Edelstahl mit beidseitiger Abdichtung f\u00fcr Ambrogio Wiper Techline Vorderrad Rad. Dieses Lager ist unanf\u00e4lliger gegen Rost als das normale Lager aus Stahl. Verbaut sind zwei St\u00fcck Kugellager je Vorderrad.","breadcrumb":{"@id":"https:\/\/www.alfred-scheerer.de\/shop\/product\/kugellager-edelstahl-vorderrad-ambrogio-stiga-techline-wiper-c00119\/#breadcrumb"},"inLanguage":"de","potentialAction":[{"@type":"ReadAction","target":["https:\/\/www.alfred-scheerer.de\/shop\/product\/kugellager-edelstahl-vorderrad-ambrogio-stiga-techline-wiper-c00119\/"]}]},{"@type":"ImageObject","inLanguage":"de","@id":"https:\/\/www.alfred-scheerer.de\/shop\/product\/kugellager-edelstahl-vorderrad-ambrogio-stiga-techline-wiper-c00119\/#primaryimage","url":"https:\/\/www.alfred-scheerer.de\/shop\/wp-content\/uploads\/2021\/08\/Kugellager-C00119.jpg","contentUrl":"https:\/\/www.alfred-scheerer.de\/shop\/wp-content\/uploads\/2021\/08\/Kugellager-C00119.jpg","width":1045,"height":1044,"caption":"Kugellager Vorderrad Ambrogio Wiper Techline"},{"@type":"BreadcrumbList","@id":"https:\/\/www.alfred-scheerer.de\/shop\/product\/kugellager-edelstahl-vorderrad-ambrogio-stiga-techline-wiper-c00119\/#breadcrumb","itemListElement":[{"@type":"ListItem","position":1,"name":"Startseite","item":"https:\/\/www.alfred-scheerer.de\/shop\/"},{"@type":"ListItem","position":2,"name":"Gartentechnik Scheerer &#8211; Der Online Shop f\u00fcr M\u00e4hroboter und Zubeh\u00f6r","item":"https:\/\/www.alfred-scheerer.de\/shop\/"},{"@type":"ListItem","position":3,"name":"Kugellager Edelstahl Vorderrad Ambrogio Stiga Techline Wiper C00119"}]},{"@type":"WebSite","@id":"https:\/\/www.alfred-scheerer.de\/shop\/#website","url":"https:\/\/www.alfred-scheerer.de\/shop\/","name":"Scheerer GmbH (ehem. Alfred Scheerer e.K.)","description":"Der Online Shop aus Wermelskirchen f\u00fcr M\u00e4hroboter, Akku Gartenger\u00e4te, Ersatzteile und Zubeh\u00f6r","publisher":{"@id":"https:\/\/www.alfred-scheerer.de\/shop\/#organization"},"potentialAction":[{"@type":"SearchAction","target":{"@type":"EntryPoint","urlTemplate":"https:\/\/www.alfred-scheerer.de\/shop\/?s={search_term_string}"},"query-input":{"@type":"PropertyValueSpecification","valueRequired":true,"valueName":"search_term_string"}}],"inLanguage":"de"},{"@type":"Organization","@id":"https:\/\/www.alfred-scheerer.de\/shop\/#organization","name":"Scheerer GmbH","url":"https:\/\/www.alfred-scheerer.de\/shop\/","logo":{"@type":"ImageObject","inLanguage":"de","@id":"https:\/\/www.alfred-scheerer.de\/shop\/#\/schema\/logo\/image\/","url":"https:\/\/alfred-scheerer.de\/shop\/wp-content\/uploads\/2024\/05\/baum.jpg","contentUrl":"https:\/\/alfred-scheerer.de\/shop\/wp-content\/uploads\/2024\/05\/baum.jpg","width":512,"height":512,"caption":"Scheerer GmbH"},"image":{"@id":"https:\/\/www.alfred-scheerer.de\/shop\/#\/schema\/logo\/image\/"},"sameAs":["https:\/\/www.instagram.com\/alfredscheerer\/"]}]}},"_links":{"self":[{"href":"https:\/\/www.alfred-scheerer.de\/shop\/wp-json\/wp\/v2\/product\/4921","targetHints":{"allow":["GET"]}}],"collection":[{"href":"https:\/\/www.alfred-scheerer.de\/shop\/wp-json\/wp\/v2\/product"}],"about":[{"href":"https:\/\/www.alfred-scheerer.de\/shop\/wp-json\/wp\/v2\/types\/product"}],"wp:featuredmedia":[{"embeddable":true,"href":"https:\/\/www.alfred-scheerer.de\/shop\/wp-json\/wp\/v2\/media\/4922"}],"wp:attachment":[{"href":"https:\/\/www.alfred-scheerer.de\/shop\/wp-json\/wp\/v2\/media?parent=4921"}],"wp:term":[{"taxonomy":"product_brand","embeddable":true,"href":"https:\/\/www.alfred-scheerer.de\/shop\/wp-json\/wp\/v2\/product_brand?post=4921"},{"taxonomy":"product_cat","embeddable":true,"href":"https:\/\/www.alfred-scheerer.de\/shop\/wp-json\/wp\/v2\/product_cat?post=4921"},{"taxonomy":"product_tag","embeddable":true,"href":"https:\/\/www.alfred-scheerer.de\/shop\/wp-json\/wp\/v2\/product_tag?post=4921"}],"curies":[{"name":"wp","href":"https:\/\/api.w.org\/{rel}","templated":true}]}}