{"id":5001,"date":"2021-09-15T13:36:49","date_gmt":"2021-09-15T11:36:49","guid":{"rendered":"https:\/\/alfred-scheerer.de\/shop\/?post_type=product&#038;p=5001"},"modified":"2025-04-15T15:46:00","modified_gmt":"2025-04-15T13:46:00","slug":"l60-drop-off-kit-komplett-050z33000a","status":"publish","type":"product","link":"https:\/\/www.alfred-scheerer.de\/shop\/product\/l60-drop-off-kit-komplett-050z33000a\/","title":{"rendered":"L60 Drop-Off Kit komplett 050Z33000A"},"content":{"rendered":"<p>L60 Drop-Off Kit komplett Nr. 20<\/p>\n<p>Das Kit beinhaltet folgende Teile:<\/p>\n<ul>\n<li>Halterung inkl. der beiden Arme<\/li>\n<li>2 St\u00fcck R\u00e4der Nr. 9<\/li>\n<li>2 St\u00fcck Schrauben Nr. 17<\/li>\n<li>2 St\u00fcck Scheiben Nr. 18<\/li>\n<li>4 St\u00fcck Gleitlager Nr. 22<\/li>\n<\/ul>\n<p><strong>Dieser Artikel ist eine Sonderbestellung und kann daher nicht zur\u00fcckgegeben oder umgetauscht werden.<\/strong><\/p>\n","protected":false},"excerpt":{"rendered":"<p>L60 Drop-Off Kit komplett Nr. 20<\/p>\n<p>Das Kit beinhaltet folgende Teile:<\/p>\n<ul>\n<li>Halterung inkl. der beiden Arme<\/li>\n<li>2 St\u00fcck R\u00e4der Nr. 9<\/li>\n<li>2 St\u00fcck Schrauben Nr. 17<\/li>\n<li>2 St\u00fcck Scheiben Nr. 18<\/li>\n<li>4 St\u00fcck Gleitlager Nr. 22<\/li>\n<\/ul>\n<p><strong>Dieser Artikel ist eine Sonderbestellung und kann daher nicht zur\u00fcckgegeben oder umgetauscht werden.<\/strong><\/p>\n","protected":false},"featured_media":5003,"template":"","meta":[],"product_brand":[1756],"product_cat":[97],"product_tag":[1287,1288],"class_list":{"0":"post-5001","1":"product","2":"type-product","3":"status-publish","4":"has-post-thumbnail","6":"product_brand-ambrogio","7":"product_cat-l50-l60","8":"product_tag-050z33000a","9":"product_tag-l60-drop-off","11":"first","12":"instock","13":"taxable","14":"shipping-taxable","15":"purchasable","16":"product-type-simple"},"yoast_head":"<!-- This site is optimized with the Yoast SEO plugin v27.4 - https:\/\/yoast.com\/product\/yoast-seo-wordpress\/ -->\n<title>L60 Drop-Off Kit komplett 050Z33000A - Gartentechnik Scheerer<\/title>\n<meta name=\"robots\" content=\"index, follow, max-snippet:-1, max-image-preview:large, max-video-preview:-1\" \/>\n<link rel=\"canonical\" href=\"https:\/\/www.alfred-scheerer.de\/shop\/product\/l60-drop-off-kit-komplett-050z33000a\/\" \/>\n<meta property=\"og:locale\" content=\"de_DE\" \/>\n<meta property=\"og:type\" content=\"article\" \/>\n<meta property=\"og:title\" content=\"L60 Drop-Off Kit komplett 050Z33000A - Gartentechnik Scheerer\" \/>\n<meta property=\"og:description\" content=\"L60 Drop-Off Kit komplett Nr. 20  Das Kit beinhaltet folgende Teile:   Halterung inkl. der beiden Arme  2 St\u00fcck R\u00e4der Nr. 9  2 St\u00fcck Schrauben Nr. 17  2 St\u00fcck Scheiben Nr. 18  4 St\u00fcck Gleitlager Nr. 22  Dieser Artikel ist eine Sonderbestellung und kann daher nicht zur\u00fcckgegeben oder umgetauscht werden.\" \/>\n<meta property=\"og:url\" content=\"https:\/\/www.alfred-scheerer.de\/shop\/product\/l60-drop-off-kit-komplett-050z33000a\/\" \/>\n<meta property=\"og:site_name\" content=\"Gartentechnik Scheerer\" \/>\n<meta property=\"article:modified_time\" content=\"2025-04-15T13:46:00+00:00\" \/>\n<meta property=\"og:image\" content=\"https:\/\/www.alfred-scheerer.de\/shop\/wp-content\/uploads\/2021\/09\/Drop-Off-L60.jpg\" \/>\n\t<meta property=\"og:image:width\" content=\"630\" \/>\n\t<meta property=\"og:image:height\" content=\"631\" \/>\n\t<meta property=\"og:image:type\" content=\"image\/jpeg\" \/>\n<meta name=\"twitter:card\" content=\"summary_large_image\" \/>\n<script type=\"application\/ld+json\" class=\"yoast-schema-graph\">{\"@context\":\"https:\\\/\\\/schema.org\",\"@graph\":[{\"@type\":\"WebPage\",\"@id\":\"https:\\\/\\\/www.alfred-scheerer.de\\\/shop\\\/product\\\/l60-drop-off-kit-komplett-050z33000a\\\/\",\"url\":\"https:\\\/\\\/www.alfred-scheerer.de\\\/shop\\\/product\\\/l60-drop-off-kit-komplett-050z33000a\\\/\",\"name\":\"L60 Drop-Off Kit komplett 050Z33000A - Gartentechnik Scheerer\",\"isPartOf\":{\"@id\":\"https:\\\/\\\/www.alfred-scheerer.de\\\/shop\\\/#website\"},\"primaryImageOfPage\":{\"@id\":\"https:\\\/\\\/www.alfred-scheerer.de\\\/shop\\\/product\\\/l60-drop-off-kit-komplett-050z33000a\\\/#primaryimage\"},\"image\":{\"@id\":\"https:\\\/\\\/www.alfred-scheerer.de\\\/shop\\\/product\\\/l60-drop-off-kit-komplett-050z33000a\\\/#primaryimage\"},\"thumbnailUrl\":\"https:\\\/\\\/www.alfred-scheerer.de\\\/shop\\\/wp-content\\\/uploads\\\/2021\\\/09\\\/Drop-Off-L60.jpg\",\"datePublished\":\"2021-09-15T11:36:49+00:00\",\"dateModified\":\"2025-04-15T13:46:00+00:00\",\"breadcrumb\":{\"@id\":\"https:\\\/\\\/www.alfred-scheerer.de\\\/shop\\\/product\\\/l60-drop-off-kit-komplett-050z33000a\\\/#breadcrumb\"},\"inLanguage\":\"de\",\"potentialAction\":[{\"@type\":\"ReadAction\",\"target\":[\"https:\\\/\\\/www.alfred-scheerer.de\\\/shop\\\/product\\\/l60-drop-off-kit-komplett-050z33000a\\\/\"]}]},{\"@type\":\"ImageObject\",\"inLanguage\":\"de\",\"@id\":\"https:\\\/\\\/www.alfred-scheerer.de\\\/shop\\\/product\\\/l60-drop-off-kit-komplett-050z33000a\\\/#primaryimage\",\"url\":\"https:\\\/\\\/www.alfred-scheerer.de\\\/shop\\\/wp-content\\\/uploads\\\/2021\\\/09\\\/Drop-Off-L60.jpg\",\"contentUrl\":\"https:\\\/\\\/www.alfred-scheerer.de\\\/shop\\\/wp-content\\\/uploads\\\/2021\\\/09\\\/Drop-Off-L60.jpg\",\"width\":630,\"height\":631},{\"@type\":\"BreadcrumbList\",\"@id\":\"https:\\\/\\\/www.alfred-scheerer.de\\\/shop\\\/product\\\/l60-drop-off-kit-komplett-050z33000a\\\/#breadcrumb\",\"itemListElement\":[{\"@type\":\"ListItem\",\"position\":1,\"name\":\"Startseite\",\"item\":\"https:\\\/\\\/www.alfred-scheerer.de\\\/shop\\\/\"},{\"@type\":\"ListItem\",\"position\":2,\"name\":\"Gartentechnik Scheerer &#8211; Der Online Shop f\u00fcr M\u00e4hroboter und Zubeh\u00f6r\",\"item\":\"https:\\\/\\\/www.alfred-scheerer.de\\\/shop\\\/\"},{\"@type\":\"ListItem\",\"position\":3,\"name\":\"L60 Drop-Off Kit komplett 050Z33000A\"}]},{\"@type\":\"WebSite\",\"@id\":\"https:\\\/\\\/www.alfred-scheerer.de\\\/shop\\\/#website\",\"url\":\"https:\\\/\\\/www.alfred-scheerer.de\\\/shop\\\/\",\"name\":\"Scheerer GmbH (ehem. Alfred Scheerer e.K.)\",\"description\":\"Der Online Shop aus Wermelskirchen f\u00fcr M\u00e4hroboter, Akku Gartenger\u00e4te, Ersatzteile und Zubeh\u00f6r\",\"publisher\":{\"@id\":\"https:\\\/\\\/www.alfred-scheerer.de\\\/shop\\\/#organization\"},\"potentialAction\":[{\"@type\":\"SearchAction\",\"target\":{\"@type\":\"EntryPoint\",\"urlTemplate\":\"https:\\\/\\\/www.alfred-scheerer.de\\\/shop\\\/?s={search_term_string}\"},\"query-input\":{\"@type\":\"PropertyValueSpecification\",\"valueRequired\":true,\"valueName\":\"search_term_string\"}}],\"inLanguage\":\"de\"},{\"@type\":\"Organization\",\"@id\":\"https:\\\/\\\/www.alfred-scheerer.de\\\/shop\\\/#organization\",\"name\":\"Scheerer GmbH\",\"url\":\"https:\\\/\\\/www.alfred-scheerer.de\\\/shop\\\/\",\"logo\":{\"@type\":\"ImageObject\",\"inLanguage\":\"de\",\"@id\":\"https:\\\/\\\/www.alfred-scheerer.de\\\/shop\\\/#\\\/schema\\\/logo\\\/image\\\/\",\"url\":\"https:\\\/\\\/alfred-scheerer.de\\\/shop\\\/wp-content\\\/uploads\\\/2024\\\/05\\\/baum.jpg\",\"contentUrl\":\"https:\\\/\\\/alfred-scheerer.de\\\/shop\\\/wp-content\\\/uploads\\\/2024\\\/05\\\/baum.jpg\",\"width\":512,\"height\":512,\"caption\":\"Scheerer GmbH\"},\"image\":{\"@id\":\"https:\\\/\\\/www.alfred-scheerer.de\\\/shop\\\/#\\\/schema\\\/logo\\\/image\\\/\"},\"sameAs\":[\"https:\\\/\\\/www.instagram.com\\\/alfredscheerer\\\/\"]}]}<\/script>\n<!-- \/ Yoast SEO plugin. -->","yoast_head_json":{"title":"L60 Drop-Off Kit komplett 050Z33000A - Gartentechnik Scheerer","robots":{"index":"index","follow":"follow","max-snippet":"max-snippet:-1","max-image-preview":"max-image-preview:large","max-video-preview":"max-video-preview:-1"},"canonical":"https:\/\/www.alfred-scheerer.de\/shop\/product\/l60-drop-off-kit-komplett-050z33000a\/","og_locale":"de_DE","og_type":"article","og_title":"L60 Drop-Off Kit komplett 050Z33000A - Gartentechnik Scheerer","og_description":"L60 Drop-Off Kit komplett Nr. 20  Das Kit beinhaltet folgende Teile:   Halterung inkl. der beiden Arme  2 St\u00fcck R\u00e4der Nr. 9  2 St\u00fcck Schrauben Nr. 17  2 St\u00fcck Scheiben Nr. 18  4 St\u00fcck Gleitlager Nr. 22  Dieser Artikel ist eine Sonderbestellung und kann daher nicht zur\u00fcckgegeben oder umgetauscht werden.","og_url":"https:\/\/www.alfred-scheerer.de\/shop\/product\/l60-drop-off-kit-komplett-050z33000a\/","og_site_name":"Gartentechnik Scheerer","article_modified_time":"2025-04-15T13:46:00+00:00","og_image":[{"width":630,"height":631,"url":"https:\/\/www.alfred-scheerer.de\/shop\/wp-content\/uploads\/2021\/09\/Drop-Off-L60.jpg","type":"image\/jpeg"}],"twitter_card":"summary_large_image","schema":{"@context":"https:\/\/schema.org","@graph":[{"@type":"WebPage","@id":"https:\/\/www.alfred-scheerer.de\/shop\/product\/l60-drop-off-kit-komplett-050z33000a\/","url":"https:\/\/www.alfred-scheerer.de\/shop\/product\/l60-drop-off-kit-komplett-050z33000a\/","name":"L60 Drop-Off Kit komplett 050Z33000A - Gartentechnik Scheerer","isPartOf":{"@id":"https:\/\/www.alfred-scheerer.de\/shop\/#website"},"primaryImageOfPage":{"@id":"https:\/\/www.alfred-scheerer.de\/shop\/product\/l60-drop-off-kit-komplett-050z33000a\/#primaryimage"},"image":{"@id":"https:\/\/www.alfred-scheerer.de\/shop\/product\/l60-drop-off-kit-komplett-050z33000a\/#primaryimage"},"thumbnailUrl":"https:\/\/www.alfred-scheerer.de\/shop\/wp-content\/uploads\/2021\/09\/Drop-Off-L60.jpg","datePublished":"2021-09-15T11:36:49+00:00","dateModified":"2025-04-15T13:46:00+00:00","breadcrumb":{"@id":"https:\/\/www.alfred-scheerer.de\/shop\/product\/l60-drop-off-kit-komplett-050z33000a\/#breadcrumb"},"inLanguage":"de","potentialAction":[{"@type":"ReadAction","target":["https:\/\/www.alfred-scheerer.de\/shop\/product\/l60-drop-off-kit-komplett-050z33000a\/"]}]},{"@type":"ImageObject","inLanguage":"de","@id":"https:\/\/www.alfred-scheerer.de\/shop\/product\/l60-drop-off-kit-komplett-050z33000a\/#primaryimage","url":"https:\/\/www.alfred-scheerer.de\/shop\/wp-content\/uploads\/2021\/09\/Drop-Off-L60.jpg","contentUrl":"https:\/\/www.alfred-scheerer.de\/shop\/wp-content\/uploads\/2021\/09\/Drop-Off-L60.jpg","width":630,"height":631},{"@type":"BreadcrumbList","@id":"https:\/\/www.alfred-scheerer.de\/shop\/product\/l60-drop-off-kit-komplett-050z33000a\/#breadcrumb","itemListElement":[{"@type":"ListItem","position":1,"name":"Startseite","item":"https:\/\/www.alfred-scheerer.de\/shop\/"},{"@type":"ListItem","position":2,"name":"Gartentechnik Scheerer &#8211; Der Online Shop f\u00fcr M\u00e4hroboter und Zubeh\u00f6r","item":"https:\/\/www.alfred-scheerer.de\/shop\/"},{"@type":"ListItem","position":3,"name":"L60 Drop-Off Kit komplett 050Z33000A"}]},{"@type":"WebSite","@id":"https:\/\/www.alfred-scheerer.de\/shop\/#website","url":"https:\/\/www.alfred-scheerer.de\/shop\/","name":"Scheerer GmbH (ehem. Alfred Scheerer e.K.)","description":"Der Online Shop aus Wermelskirchen f\u00fcr M\u00e4hroboter, Akku Gartenger\u00e4te, Ersatzteile und Zubeh\u00f6r","publisher":{"@id":"https:\/\/www.alfred-scheerer.de\/shop\/#organization"},"potentialAction":[{"@type":"SearchAction","target":{"@type":"EntryPoint","urlTemplate":"https:\/\/www.alfred-scheerer.de\/shop\/?s={search_term_string}"},"query-input":{"@type":"PropertyValueSpecification","valueRequired":true,"valueName":"search_term_string"}}],"inLanguage":"de"},{"@type":"Organization","@id":"https:\/\/www.alfred-scheerer.de\/shop\/#organization","name":"Scheerer GmbH","url":"https:\/\/www.alfred-scheerer.de\/shop\/","logo":{"@type":"ImageObject","inLanguage":"de","@id":"https:\/\/www.alfred-scheerer.de\/shop\/#\/schema\/logo\/image\/","url":"https:\/\/alfred-scheerer.de\/shop\/wp-content\/uploads\/2024\/05\/baum.jpg","contentUrl":"https:\/\/alfred-scheerer.de\/shop\/wp-content\/uploads\/2024\/05\/baum.jpg","width":512,"height":512,"caption":"Scheerer GmbH"},"image":{"@id":"https:\/\/www.alfred-scheerer.de\/shop\/#\/schema\/logo\/image\/"},"sameAs":["https:\/\/www.instagram.com\/alfredscheerer\/"]}]}},"_links":{"self":[{"href":"https:\/\/www.alfred-scheerer.de\/shop\/wp-json\/wp\/v2\/product\/5001","targetHints":{"allow":["GET"]}}],"collection":[{"href":"https:\/\/www.alfred-scheerer.de\/shop\/wp-json\/wp\/v2\/product"}],"about":[{"href":"https:\/\/www.alfred-scheerer.de\/shop\/wp-json\/wp\/v2\/types\/product"}],"wp:featuredmedia":[{"embeddable":true,"href":"https:\/\/www.alfred-scheerer.de\/shop\/wp-json\/wp\/v2\/media\/5003"}],"wp:attachment":[{"href":"https:\/\/www.alfred-scheerer.de\/shop\/wp-json\/wp\/v2\/media?parent=5001"}],"wp:term":[{"taxonomy":"product_brand","embeddable":true,"href":"https:\/\/www.alfred-scheerer.de\/shop\/wp-json\/wp\/v2\/product_brand?post=5001"},{"taxonomy":"product_cat","embeddable":true,"href":"https:\/\/www.alfred-scheerer.de\/shop\/wp-json\/wp\/v2\/product_cat?post=5001"},{"taxonomy":"product_tag","embeddable":true,"href":"https:\/\/www.alfred-scheerer.de\/shop\/wp-json\/wp\/v2\/product_tag?post=5001"}],"curies":[{"name":"wp","href":"https:\/\/api.w.org\/{rel}","templated":true}]}}