{"id":5073,"date":"2021-10-22T11:41:11","date_gmt":"2021-10-22T09:41:11","guid":{"rendered":"https:\/\/alfred-scheerer.de\/shop\/?post_type=product&#038;p=5073"},"modified":"2025-05-19T14:30:39","modified_gmt":"2025-05-19T12:30:39","slug":"maehroboter-rasenroboter-ohne-begrenzungskabel-ambrogio-twenty-zr","status":"publish","type":"product","link":"https:\/\/www.alfred-scheerer.de\/shop\/product\/maehroboter-rasenroboter-ohne-begrenzungskabel-ambrogio-twenty-zr\/","title":{"rendered":"Ambrogio Twenty  ZR Evo ohne Begrenzungskabel 1.000 m\u00b2 Ultraschall Bluetooth"},"content":{"rendered":"<div class=\"heading-block bottommargin-sm nobottomborder\"><\/div>\n<div id=\"model_info\">\n<p>Der <strong>Ambrogio Twenty ZR Evo<\/strong> ist der ideale M\u00e4hroboter f\u00fcr jeden, der eine unkomplizierte Art der Rasenpflege sucht. Er ist der erste M\u00e4hroboter ohne Begrenzungskabel. Dank seiner Ultraschall-, Graserkennungs- u. Abgrund- Sensoren kann er selbstst\u00e4ndig die Rasenfl\u00e4che erkennen und kabellos m\u00e4hen. Mit einer Fl\u00e4chenleistung von bis zu 1.000 m\u00b2 und einer M\u00e4hzeit von 4 Stunden pro Akkuladung bew\u00e4ltigt der Ambrogio Twenty ZR auch mittelgro\u00dfe G\u00e4rten m\u00fchelos.<\/p>\n<p>Der M\u00e4hroboter verf\u00fcgt \u00fcber eine 18 cm Schnittbreite und ein 4-Stern Federstahl Messer, das f\u00fcr einen pr\u00e4zisen und sauberen Schnitt sorgt. Die breiten Gummir\u00e4der schonen den Untergrund und bieten eine bessere Traktion auf unebenen Fl\u00e4chen. Selbst Steigungen bis zu 45% sind f\u00fcr den Ambrogio Twenty ZR kein Problem.<\/p>\n<p>Das optionale Connect Modul erm\u00f6glicht eine einfache Steuerung des M\u00e4hroboters \u00fcber die App aus der Ferne.<\/p>\n<p>Der Ambrogio Twenty ZR Evo ist der perfekte M\u00e4hroboter f\u00fcr jeden, der eine schnelle, zuverl\u00e4ssige und effiziente Art der Rasenpflege sucht, ohne dabei Begrenzungskabel verlegen zu m\u00fcssen. Mit seiner hochwertigen Technologie und seinem benutzerfreundlichen Design wird er Ihr Leben erleichtern und Ihnen helfen, mehr Zeit im Garten zu genie\u00dfen.<\/p>\n<\/div>\n<p><strong>ZR Ultraschallsensor<\/strong><br \/>\nDer <strong>Twenty ZR<\/strong>\u00a0ist mit einem speziellen <strong>Ultraschall-Sensor<\/strong> zur Hindernis-, Abgrund- und Randerkennung ausgestattet. <strong>Ist die Rasenfl\u00e4che durch eine dichte Hecke oder einen min. 9 cm hohen Randstein\/Mauer oder \u00e4hnlichem eingefasst<\/strong>, erkennt dies der Roboter ohne die Randeinfassung zu ber\u00fchren und \u00e4ndert v\u00f6llig autonom seine Fahrtrichtung und kommt daher ohne ein Begrenzungskabel aus! Zus\u00e4tzlich werden B\u00e4ume, Blumenbeete, Gartenm\u00f6bel und andere Gegenst\u00e4nde vom Radar des Twenty ZR erkannt, um Kollisionen verschiedenster Art zu vermeiden. Das bedeutet weniger mechanische Beanspruchung, mehr Sicherheit und ein l\u00e4ngeres Roboterleben!<\/p>\n<p><strong>ZR Graserkennungsensor<\/strong><br \/>\nDurch den speziellen Gras-Sensor kann der <strong>Twenty ZR<\/strong> zwischen Rasen und anderen ebenen Oberfl\u00e4chen unterscheiden.<br \/>\nEr <strong>erkennt den Rand der Rasenfl\u00e4che<\/strong> oder eine Pflanzinsel ohne eine Begrenzungskabel, <strong>wenn die Rasenkante zum Beet hin z.B. mit einer min. 25 cm breiten M\u00e4hkante abgetrennt ist.<\/strong><\/p>\n<p><strong>ZCS Connect (optional)<\/strong><br \/>\nDieses neue ZCS-Modul mit GPS und GSM erm\u00f6glicht es, jederzeit und \u00fcberall eine Verbindung mit dem Roboter herzustellen (mit Ihrem eigenen Smartphone oder Tablet). Mit der \u201cAmbrogio Remote App\u201d k\u00f6nnen Sie die individuellen M\u00e4hzeiten und Profile des Roboters einrichten, den Standort (Geo-Lokalisierung) \u00fcberpr\u00fcfen, den Status des Roboters \u00fcberwachen und Alarmmeldungen empfangen (Geofence Alarm, ein hochentwickeltes Anti-Diebstahl-System). Dank der Funktionen \u201cGo Home\u201d und \u201cWork Now\u201d ist es m\u00f6glich, die R\u00fcckkehr zur Ladestation und auch die Ausfahrt des Roboters per App zu steuern.<\/p>\n<p><strong>Smart Assistant (optional)<\/strong><br \/>\nAlle Modelle, die mit ZCS Connect ausgestattet sind, k\u00f6nnen mit der neuen SMART ASSISTANT Funktion mit Siri, Google Home und Alexa interagieren. Mit SMART ASSISTANT k\u00f6nnen Sie mit Ihrem Ambrogio sprechen, Informationen oder Statistiken abfragen und Befehle senden.<\/p>\n","protected":false},"excerpt":{"rendered":"<ul>\n<li>ohne Begrenzungskabel<\/li>\n<li>Fl\u00e4chenleistung bis 1.000 m\u00b2<\/li>\n<li>Ultraschall-Sensoren<\/li>\n<li>4:00 h M\u00e4hzeit pro Akkuladung<\/li>\n<li>optionales Connect Modul \u2013 Fernsteuerung und \u00dcberwachung per App<\/li>\n<\/ul>\n<p>Der Twenty ZR erkennt die Rasenkante, Pflanzinsel u. andere Hindernisse unter bestimmten Voraussetzungen ohne ein Begrenzungskabel!<br \/>\nDer Roboter brauch nur noch eine kleine Suchschleife, in der Mitte der Rasenfl\u00e4che, wenn er seine Ladestation automatisch erreichen soll.<br \/>\n<strong>Bitte die <a href=\"https:\/\/alfred-scheerer.de\/shop\/wp-content\/uploads\/2021\/10\/Bedienungsanleitung-Twenty-ZR-compressed.pdf\" target=\"_blank\" rel=\"noopener\"><u>Bedienungsanleitung<\/u><\/a> vor dem Kauf lesen, wie der Roboter installiert wird und welche Anforderungen die Umrandung der Rasenfl\u00e4che haben muss!<\/strong><\/p>\n<p>Lieferumfang:<br \/>\nRoboter inkl. Ladestation<br \/>\n40 St\u00fcck Fixierungsn\u00e4gel<br \/>\n50 m Kabel f\u00fcr Suchschleife<\/p>\n<p>Zus\u00e4tzliches Kabel f\u00fcr die Suchschleife gibt es hier: <a href=\"https:\/\/alfred-scheerer.de\/shop\/product-category\/installation-ersatzteile-u-zubehoer\/installation-kits\/\"><b>Installation Zubeh\u00f6r<\/b><\/a><\/p>\n","protected":false},"featured_media":9873,"template":"","meta":[],"product_brand":[],"product_cat":[827,67,104,105,826],"product_tag":[1003,1005,1296,1297,1298,1390,1411,684],"class_list":{"0":"post-5073","1":"product","2":"type-product","3":"status-publish","4":"has-post-thumbnail","6":"product_cat-maehroboter-rasenroboter-ohne-begrenzungskabel-perimterkabel-kabel","7":"product_cat-bis-800-m","8":"product_cat-ambrogio-maehroboter-rasenroboter","9":"product_cat-rasenroboter-maehroboter","10":"product_cat-hinderniserkennung","11":"product_tag-ambrogio-l20","12":"product_tag-maehroboter-gps","13":"product_tag-ambrogio-twenty-zr","14":"product_tag-ambrogio-zr","15":"product_tag-twenty-zr","16":"product_tag-maehroboter-ohne-begrenzungskabel","17":"product_tag-maehroboter-ohne-perimeterkabel","18":"product_tag-maehroboter-ohne-kabel","19":"product_shipping_class-roboter-20kg","21":"first","22":"instock","23":"sale","24":"taxable","25":"shipping-taxable","26":"purchasable","27":"product-type-simple"},"yoast_head":"<!-- This site is optimized with the Yoast SEO plugin v27.3 - https:\/\/yoast.com\/product\/yoast-seo-wordpress\/ -->\n<title>Ambrogio Twenty ZR EVO | Online kaufen | 1549 Euro |<\/title>\n<meta name=\"description\" content=\"Der Ambrogio Twenty ZR Evo ist ein innovativer M\u00e4hroboter ohne Begrenzungskabel mit Radar- und Graserkennungs-Sensoren. Er bietet eine Fl\u00e4chenleistung von bis zu 1.000 m\u00b2, eine M\u00e4hzeit von 4 Stunden pro Akkuladung und eine pr\u00e4zise Schnittleistung mit einem 4-Stern Federstahl Messer. Steigungen bis 45% sind f\u00fcr ihn kein Problem. Mit optionalen Connect Modul kann der M\u00e4hroboter einfach per App gesteuert und \u00fcberwacht werden. Entdecken Sie jetzt die Zukunft der Rasenpflege!\" \/>\n<meta name=\"robots\" content=\"index, follow, max-snippet:-1, max-image-preview:large, max-video-preview:-1\" \/>\n<link rel=\"canonical\" href=\"https:\/\/www.alfred-scheerer.de\/shop\/product\/maehroboter-rasenroboter-ohne-begrenzungskabel-ambrogio-twenty-zr\/\" \/>\n<meta property=\"og:locale\" content=\"de_DE\" \/>\n<meta property=\"og:type\" content=\"article\" \/>\n<meta property=\"og:title\" content=\"Ambrogio Twenty ZR EVO | Online kaufen | 1549 Euro |\" \/>\n<meta property=\"og:description\" content=\"Der Ambrogio Twenty ZR Evo ist ein innovativer M\u00e4hroboter ohne Begrenzungskabel mit Radar- und Graserkennungs-Sensoren. Er bietet eine Fl\u00e4chenleistung von bis zu 1.000 m\u00b2, eine M\u00e4hzeit von 4 Stunden pro Akkuladung und eine pr\u00e4zise Schnittleistung mit einem 4-Stern Federstahl Messer. Steigungen bis 45% sind f\u00fcr ihn kein Problem. Mit optionalen Connect Modul kann der M\u00e4hroboter einfach per App gesteuert und \u00fcberwacht werden. Entdecken Sie jetzt die Zukunft der Rasenpflege!\" \/>\n<meta property=\"og:url\" content=\"https:\/\/www.alfred-scheerer.de\/shop\/product\/maehroboter-rasenroboter-ohne-begrenzungskabel-ambrogio-twenty-zr\/\" \/>\n<meta property=\"og:site_name\" content=\"Gartentechnik Scheerer\" \/>\n<meta property=\"article:modified_time\" content=\"2025-05-19T12:30:39+00:00\" \/>\n<meta property=\"og:image\" content=\"https:\/\/www.alfred-scheerer.de\/shop\/wp-content\/uploads\/2021\/10\/TWENTY-ZR-EVO-frei-1024x737.png\" \/>\n\t<meta property=\"og:image:width\" content=\"1024\" \/>\n\t<meta property=\"og:image:height\" content=\"737\" \/>\n\t<meta property=\"og:image:type\" content=\"image\/png\" \/>\n<meta name=\"twitter:card\" content=\"summary_large_image\" \/>\n<meta name=\"twitter:label1\" content=\"Gesch\u00e4tzte Lesezeit\" \/>\n\t<meta name=\"twitter:data1\" content=\"2\u00a0Minuten\" \/>\n<script type=\"application\/ld+json\" class=\"yoast-schema-graph\">{\"@context\":\"https:\\\/\\\/schema.org\",\"@graph\":[{\"@type\":\"WebPage\",\"@id\":\"https:\\\/\\\/www.alfred-scheerer.de\\\/shop\\\/product\\\/maehroboter-rasenroboter-ohne-begrenzungskabel-ambrogio-twenty-zr\\\/\",\"url\":\"https:\\\/\\\/www.alfred-scheerer.de\\\/shop\\\/product\\\/maehroboter-rasenroboter-ohne-begrenzungskabel-ambrogio-twenty-zr\\\/\",\"name\":\"Ambrogio Twenty ZR EVO | Online kaufen | 1549 Euro |\",\"isPartOf\":{\"@id\":\"https:\\\/\\\/www.alfred-scheerer.de\\\/shop\\\/#website\"},\"primaryImageOfPage\":{\"@id\":\"https:\\\/\\\/www.alfred-scheerer.de\\\/shop\\\/product\\\/maehroboter-rasenroboter-ohne-begrenzungskabel-ambrogio-twenty-zr\\\/#primaryimage\"},\"image\":{\"@id\":\"https:\\\/\\\/www.alfred-scheerer.de\\\/shop\\\/product\\\/maehroboter-rasenroboter-ohne-begrenzungskabel-ambrogio-twenty-zr\\\/#primaryimage\"},\"thumbnailUrl\":\"https:\\\/\\\/www.alfred-scheerer.de\\\/shop\\\/wp-content\\\/uploads\\\/2021\\\/10\\\/TWENTY-ZR-EVO-frei.png\",\"datePublished\":\"2021-10-22T09:41:11+00:00\",\"dateModified\":\"2025-05-19T12:30:39+00:00\",\"description\":\"Der Ambrogio Twenty ZR Evo ist ein innovativer M\u00e4hroboter ohne Begrenzungskabel mit Radar- und Graserkennungs-Sensoren. Er bietet eine Fl\u00e4chenleistung von bis zu 1.000 m\u00b2, eine M\u00e4hzeit von 4 Stunden pro Akkuladung und eine pr\u00e4zise Schnittleistung mit einem 4-Stern Federstahl Messer. Steigungen bis 45% sind f\u00fcr ihn kein Problem. Mit optionalen Connect Modul kann der M\u00e4hroboter einfach per App gesteuert und \u00fcberwacht werden. Entdecken Sie jetzt die Zukunft der Rasenpflege!\",\"breadcrumb\":{\"@id\":\"https:\\\/\\\/www.alfred-scheerer.de\\\/shop\\\/product\\\/maehroboter-rasenroboter-ohne-begrenzungskabel-ambrogio-twenty-zr\\\/#breadcrumb\"},\"inLanguage\":\"de\",\"potentialAction\":[{\"@type\":\"ReadAction\",\"target\":[\"https:\\\/\\\/www.alfred-scheerer.de\\\/shop\\\/product\\\/maehroboter-rasenroboter-ohne-begrenzungskabel-ambrogio-twenty-zr\\\/\"]}]},{\"@type\":\"ImageObject\",\"inLanguage\":\"de\",\"@id\":\"https:\\\/\\\/www.alfred-scheerer.de\\\/shop\\\/product\\\/maehroboter-rasenroboter-ohne-begrenzungskabel-ambrogio-twenty-zr\\\/#primaryimage\",\"url\":\"https:\\\/\\\/www.alfred-scheerer.de\\\/shop\\\/wp-content\\\/uploads\\\/2021\\\/10\\\/TWENTY-ZR-EVO-frei.png\",\"contentUrl\":\"https:\\\/\\\/www.alfred-scheerer.de\\\/shop\\\/wp-content\\\/uploads\\\/2021\\\/10\\\/TWENTY-ZR-EVO-frei.png\",\"width\":2953,\"height\":2125,\"caption\":\"Ambrogio ZR M\u00e4hroboter kabellos ohne Begrenzungskabel\"},{\"@type\":\"BreadcrumbList\",\"@id\":\"https:\\\/\\\/www.alfred-scheerer.de\\\/shop\\\/product\\\/maehroboter-rasenroboter-ohne-begrenzungskabel-ambrogio-twenty-zr\\\/#breadcrumb\",\"itemListElement\":[{\"@type\":\"ListItem\",\"position\":1,\"name\":\"Startseite\",\"item\":\"https:\\\/\\\/www.alfred-scheerer.de\\\/shop\\\/\"},{\"@type\":\"ListItem\",\"position\":2,\"name\":\"Gartentechnik Scheerer &#8211; Der Online Shop f\u00fcr M\u00e4hroboter und Zubeh\u00f6r\",\"item\":\"https:\\\/\\\/www.alfred-scheerer.de\\\/shop\\\/\"},{\"@type\":\"ListItem\",\"position\":3,\"name\":\"Ambrogio Twenty ZR Evo ohne Begrenzungskabel 1.000 m\u00b2 Ultraschall Bluetooth\"}]},{\"@type\":\"WebSite\",\"@id\":\"https:\\\/\\\/www.alfred-scheerer.de\\\/shop\\\/#website\",\"url\":\"https:\\\/\\\/www.alfred-scheerer.de\\\/shop\\\/\",\"name\":\"Scheerer GmbH (ehem. Alfred Scheerer e.K.)\",\"description\":\"Der Online Shop aus Wermelskirchen f\u00fcr M\u00e4hroboter, Akku Gartenger\u00e4te, Ersatzteile und Zubeh\u00f6r\",\"publisher\":{\"@id\":\"https:\\\/\\\/www.alfred-scheerer.de\\\/shop\\\/#organization\"},\"potentialAction\":[{\"@type\":\"SearchAction\",\"target\":{\"@type\":\"EntryPoint\",\"urlTemplate\":\"https:\\\/\\\/www.alfred-scheerer.de\\\/shop\\\/?s={search_term_string}\"},\"query-input\":{\"@type\":\"PropertyValueSpecification\",\"valueRequired\":true,\"valueName\":\"search_term_string\"}}],\"inLanguage\":\"de\"},{\"@type\":\"Organization\",\"@id\":\"https:\\\/\\\/www.alfred-scheerer.de\\\/shop\\\/#organization\",\"name\":\"Scheerer GmbH\",\"url\":\"https:\\\/\\\/www.alfred-scheerer.de\\\/shop\\\/\",\"logo\":{\"@type\":\"ImageObject\",\"inLanguage\":\"de\",\"@id\":\"https:\\\/\\\/www.alfred-scheerer.de\\\/shop\\\/#\\\/schema\\\/logo\\\/image\\\/\",\"url\":\"https:\\\/\\\/alfred-scheerer.de\\\/shop\\\/wp-content\\\/uploads\\\/2024\\\/05\\\/baum.jpg\",\"contentUrl\":\"https:\\\/\\\/alfred-scheerer.de\\\/shop\\\/wp-content\\\/uploads\\\/2024\\\/05\\\/baum.jpg\",\"width\":512,\"height\":512,\"caption\":\"Scheerer GmbH\"},\"image\":{\"@id\":\"https:\\\/\\\/www.alfred-scheerer.de\\\/shop\\\/#\\\/schema\\\/logo\\\/image\\\/\"},\"sameAs\":[\"https:\\\/\\\/www.instagram.com\\\/alfredscheerer\\\/\"]}]}<\/script>\n<!-- \/ Yoast SEO plugin. -->","yoast_head_json":{"title":"Ambrogio Twenty ZR EVO | Online kaufen | 1549 Euro |","description":"Der Ambrogio Twenty ZR Evo ist ein innovativer M\u00e4hroboter ohne Begrenzungskabel mit Radar- und Graserkennungs-Sensoren. Er bietet eine Fl\u00e4chenleistung von bis zu 1.000 m\u00b2, eine M\u00e4hzeit von 4 Stunden pro Akkuladung und eine pr\u00e4zise Schnittleistung mit einem 4-Stern Federstahl Messer. Steigungen bis 45% sind f\u00fcr ihn kein Problem. Mit optionalen Connect Modul kann der M\u00e4hroboter einfach per App gesteuert und \u00fcberwacht werden. Entdecken Sie jetzt die Zukunft der Rasenpflege!","robots":{"index":"index","follow":"follow","max-snippet":"max-snippet:-1","max-image-preview":"max-image-preview:large","max-video-preview":"max-video-preview:-1"},"canonical":"https:\/\/www.alfred-scheerer.de\/shop\/product\/maehroboter-rasenroboter-ohne-begrenzungskabel-ambrogio-twenty-zr\/","og_locale":"de_DE","og_type":"article","og_title":"Ambrogio Twenty ZR EVO | Online kaufen | 1549 Euro |","og_description":"Der Ambrogio Twenty ZR Evo ist ein innovativer M\u00e4hroboter ohne Begrenzungskabel mit Radar- und Graserkennungs-Sensoren. Er bietet eine Fl\u00e4chenleistung von bis zu 1.000 m\u00b2, eine M\u00e4hzeit von 4 Stunden pro Akkuladung und eine pr\u00e4zise Schnittleistung mit einem 4-Stern Federstahl Messer. Steigungen bis 45% sind f\u00fcr ihn kein Problem. Mit optionalen Connect Modul kann der M\u00e4hroboter einfach per App gesteuert und \u00fcberwacht werden. Entdecken Sie jetzt die Zukunft der Rasenpflege!","og_url":"https:\/\/www.alfred-scheerer.de\/shop\/product\/maehroboter-rasenroboter-ohne-begrenzungskabel-ambrogio-twenty-zr\/","og_site_name":"Gartentechnik Scheerer","article_modified_time":"2025-05-19T12:30:39+00:00","og_image":[{"width":1024,"height":737,"url":"https:\/\/www.alfred-scheerer.de\/shop\/wp-content\/uploads\/2021\/10\/TWENTY-ZR-EVO-frei-1024x737.png","type":"image\/png"}],"twitter_card":"summary_large_image","twitter_misc":{"Gesch\u00e4tzte Lesezeit":"2\u00a0Minuten"},"schema":{"@context":"https:\/\/schema.org","@graph":[{"@type":"WebPage","@id":"https:\/\/www.alfred-scheerer.de\/shop\/product\/maehroboter-rasenroboter-ohne-begrenzungskabel-ambrogio-twenty-zr\/","url":"https:\/\/www.alfred-scheerer.de\/shop\/product\/maehroboter-rasenroboter-ohne-begrenzungskabel-ambrogio-twenty-zr\/","name":"Ambrogio Twenty ZR EVO | Online kaufen | 1549 Euro |","isPartOf":{"@id":"https:\/\/www.alfred-scheerer.de\/shop\/#website"},"primaryImageOfPage":{"@id":"https:\/\/www.alfred-scheerer.de\/shop\/product\/maehroboter-rasenroboter-ohne-begrenzungskabel-ambrogio-twenty-zr\/#primaryimage"},"image":{"@id":"https:\/\/www.alfred-scheerer.de\/shop\/product\/maehroboter-rasenroboter-ohne-begrenzungskabel-ambrogio-twenty-zr\/#primaryimage"},"thumbnailUrl":"https:\/\/www.alfred-scheerer.de\/shop\/wp-content\/uploads\/2021\/10\/TWENTY-ZR-EVO-frei.png","datePublished":"2021-10-22T09:41:11+00:00","dateModified":"2025-05-19T12:30:39+00:00","description":"Der Ambrogio Twenty ZR Evo ist ein innovativer M\u00e4hroboter ohne Begrenzungskabel mit Radar- und Graserkennungs-Sensoren. Er bietet eine Fl\u00e4chenleistung von bis zu 1.000 m\u00b2, eine M\u00e4hzeit von 4 Stunden pro Akkuladung und eine pr\u00e4zise Schnittleistung mit einem 4-Stern Federstahl Messer. Steigungen bis 45% sind f\u00fcr ihn kein Problem. Mit optionalen Connect Modul kann der M\u00e4hroboter einfach per App gesteuert und \u00fcberwacht werden. Entdecken Sie jetzt die Zukunft der Rasenpflege!","breadcrumb":{"@id":"https:\/\/www.alfred-scheerer.de\/shop\/product\/maehroboter-rasenroboter-ohne-begrenzungskabel-ambrogio-twenty-zr\/#breadcrumb"},"inLanguage":"de","potentialAction":[{"@type":"ReadAction","target":["https:\/\/www.alfred-scheerer.de\/shop\/product\/maehroboter-rasenroboter-ohne-begrenzungskabel-ambrogio-twenty-zr\/"]}]},{"@type":"ImageObject","inLanguage":"de","@id":"https:\/\/www.alfred-scheerer.de\/shop\/product\/maehroboter-rasenroboter-ohne-begrenzungskabel-ambrogio-twenty-zr\/#primaryimage","url":"https:\/\/www.alfred-scheerer.de\/shop\/wp-content\/uploads\/2021\/10\/TWENTY-ZR-EVO-frei.png","contentUrl":"https:\/\/www.alfred-scheerer.de\/shop\/wp-content\/uploads\/2021\/10\/TWENTY-ZR-EVO-frei.png","width":2953,"height":2125,"caption":"Ambrogio ZR M\u00e4hroboter kabellos ohne Begrenzungskabel"},{"@type":"BreadcrumbList","@id":"https:\/\/www.alfred-scheerer.de\/shop\/product\/maehroboter-rasenroboter-ohne-begrenzungskabel-ambrogio-twenty-zr\/#breadcrumb","itemListElement":[{"@type":"ListItem","position":1,"name":"Startseite","item":"https:\/\/www.alfred-scheerer.de\/shop\/"},{"@type":"ListItem","position":2,"name":"Gartentechnik Scheerer &#8211; Der Online Shop f\u00fcr M\u00e4hroboter und Zubeh\u00f6r","item":"https:\/\/www.alfred-scheerer.de\/shop\/"},{"@type":"ListItem","position":3,"name":"Ambrogio Twenty ZR Evo ohne Begrenzungskabel 1.000 m\u00b2 Ultraschall Bluetooth"}]},{"@type":"WebSite","@id":"https:\/\/www.alfred-scheerer.de\/shop\/#website","url":"https:\/\/www.alfred-scheerer.de\/shop\/","name":"Scheerer GmbH (ehem. Alfred Scheerer e.K.)","description":"Der Online Shop aus Wermelskirchen f\u00fcr M\u00e4hroboter, Akku Gartenger\u00e4te, Ersatzteile und Zubeh\u00f6r","publisher":{"@id":"https:\/\/www.alfred-scheerer.de\/shop\/#organization"},"potentialAction":[{"@type":"SearchAction","target":{"@type":"EntryPoint","urlTemplate":"https:\/\/www.alfred-scheerer.de\/shop\/?s={search_term_string}"},"query-input":{"@type":"PropertyValueSpecification","valueRequired":true,"valueName":"search_term_string"}}],"inLanguage":"de"},{"@type":"Organization","@id":"https:\/\/www.alfred-scheerer.de\/shop\/#organization","name":"Scheerer GmbH","url":"https:\/\/www.alfred-scheerer.de\/shop\/","logo":{"@type":"ImageObject","inLanguage":"de","@id":"https:\/\/www.alfred-scheerer.de\/shop\/#\/schema\/logo\/image\/","url":"https:\/\/alfred-scheerer.de\/shop\/wp-content\/uploads\/2024\/05\/baum.jpg","contentUrl":"https:\/\/alfred-scheerer.de\/shop\/wp-content\/uploads\/2024\/05\/baum.jpg","width":512,"height":512,"caption":"Scheerer GmbH"},"image":{"@id":"https:\/\/www.alfred-scheerer.de\/shop\/#\/schema\/logo\/image\/"},"sameAs":["https:\/\/www.instagram.com\/alfredscheerer\/"]}]}},"_links":{"self":[{"href":"https:\/\/www.alfred-scheerer.de\/shop\/wp-json\/wp\/v2\/product\/5073","targetHints":{"allow":["GET"]}}],"collection":[{"href":"https:\/\/www.alfred-scheerer.de\/shop\/wp-json\/wp\/v2\/product"}],"about":[{"href":"https:\/\/www.alfred-scheerer.de\/shop\/wp-json\/wp\/v2\/types\/product"}],"wp:featuredmedia":[{"embeddable":true,"href":"https:\/\/www.alfred-scheerer.de\/shop\/wp-json\/wp\/v2\/media\/9873"}],"wp:attachment":[{"href":"https:\/\/www.alfred-scheerer.de\/shop\/wp-json\/wp\/v2\/media?parent=5073"}],"wp:term":[{"taxonomy":"product_brand","embeddable":true,"href":"https:\/\/www.alfred-scheerer.de\/shop\/wp-json\/wp\/v2\/product_brand?post=5073"},{"taxonomy":"product_cat","embeddable":true,"href":"https:\/\/www.alfred-scheerer.de\/shop\/wp-json\/wp\/v2\/product_cat?post=5073"},{"taxonomy":"product_tag","embeddable":true,"href":"https:\/\/www.alfred-scheerer.de\/shop\/wp-json\/wp\/v2\/product_tag?post=5073"}],"curies":[{"name":"wp","href":"https:\/\/api.w.org\/{rel}","templated":true}]}}