{"id":5140,"date":"2021-11-15T17:58:39","date_gmt":"2021-11-15T16:58:39","guid":{"rendered":"https:\/\/alfred-scheerer.de\/shop\/?post_type=product&#038;p=5140"},"modified":"2026-01-13T09:49:19","modified_gmt":"2026-01-13T08:49:19","slug":"maehroboter-rasenroboter-kress-mission-kr123e","status":"publish","type":"product","link":"https:\/\/www.alfred-scheerer.de\/shop\/product\/maehroboter-rasenroboter-kress-mission-kr123e\/","title":{"rendered":"Kress Mission KR123E OAS inkl. Bluetooth u. WLAN bis zu 2.000 m\u00b2"},"content":{"rendered":"<p>Das Kress Top Modell KR123E ist perfekt f\u00fcr gro\u00dfe, anspruchsvolle Rasenfl\u00e4chen bis 2.000 m\u00b2. Der <strong><span style=\"color: #ff0000;\">kabelgebundene<\/span><\/strong> Mission KR123E meistert komplexe Hindernisse mit Leichtigkeit \u2013 dank patentierter Kress Ultraschall OAS Technologie.<\/p>\n<p><a href=\"http:\/\/alfred-scheerer.de\/shop\/wp-content\/uploads\/2020\/03\/Oas.jpg\"><img loading=\"lazy\" decoding=\"async\" class=\"alignleft wp-image-3431 size-full\" src=\"http:\/\/alfred-scheerer.de\/shop\/wp-content\/uploads\/2020\/03\/Oas.jpg\" alt=\"\" width=\"1638\" height=\"828\" srcset=\"https:\/\/www.alfred-scheerer.de\/shop\/wp-content\/uploads\/2020\/03\/Oas.jpg 1638w, https:\/\/www.alfred-scheerer.de\/shop\/wp-content\/uploads\/2020\/03\/Oas-300x152.jpg 300w, https:\/\/www.alfred-scheerer.de\/shop\/wp-content\/uploads\/2020\/03\/Oas-1024x518.jpg 1024w, https:\/\/www.alfred-scheerer.de\/shop\/wp-content\/uploads\/2020\/03\/Oas-768x388.jpg 768w, https:\/\/www.alfred-scheerer.de\/shop\/wp-content\/uploads\/2020\/03\/Oas-1536x776.jpg 1536w, https:\/\/www.alfred-scheerer.de\/shop\/wp-content\/uploads\/2020\/03\/Oas-416x210.jpg 416w\" sizes=\"auto, (max-width: 1638px) 100vw, 1638px\" \/><\/a><\/p>\n<p><a href=\"http:\/\/alfred-scheerer.de\/shop\/wp-content\/uploads\/2020\/03\/Gesundheit.jpg\"><img loading=\"lazy\" decoding=\"async\" class=\"alignleft wp-image-3434 size-full\" src=\"http:\/\/alfred-scheerer.de\/shop\/wp-content\/uploads\/2020\/03\/Gesundheit.jpg\" alt=\"\" width=\"1568\" height=\"482\" srcset=\"https:\/\/www.alfred-scheerer.de\/shop\/wp-content\/uploads\/2020\/03\/Gesundheit.jpg 1568w, https:\/\/www.alfred-scheerer.de\/shop\/wp-content\/uploads\/2020\/03\/Gesundheit-300x92.jpg 300w, https:\/\/www.alfred-scheerer.de\/shop\/wp-content\/uploads\/2020\/03\/Gesundheit-1024x315.jpg 1024w, https:\/\/www.alfred-scheerer.de\/shop\/wp-content\/uploads\/2020\/03\/Gesundheit-768x236.jpg 768w, https:\/\/www.alfred-scheerer.de\/shop\/wp-content\/uploads\/2020\/03\/Gesundheit-1536x472.jpg 1536w, https:\/\/www.alfred-scheerer.de\/shop\/wp-content\/uploads\/2020\/03\/Gesundheit-416x128.jpg 416w\" sizes=\"auto, (max-width: 1568px) 100vw, 1568px\" \/><\/a> <a href=\"http:\/\/alfred-scheerer.de\/shop\/wp-content\/uploads\/2020\/03\/Intiva.jpg\"><img loading=\"lazy\" decoding=\"async\" class=\"alignleft wp-image-3435 size-full\" src=\"http:\/\/alfred-scheerer.de\/shop\/wp-content\/uploads\/2020\/03\/Intiva.jpg\" alt=\"\" width=\"1640\" height=\"908\" srcset=\"https:\/\/www.alfred-scheerer.de\/shop\/wp-content\/uploads\/2020\/03\/Intiva.jpg 1640w, https:\/\/www.alfred-scheerer.de\/shop\/wp-content\/uploads\/2020\/03\/Intiva-300x166.jpg 300w, https:\/\/www.alfred-scheerer.de\/shop\/wp-content\/uploads\/2020\/03\/Intiva-1024x567.jpg 1024w, https:\/\/www.alfred-scheerer.de\/shop\/wp-content\/uploads\/2020\/03\/Intiva-768x425.jpg 768w, https:\/\/www.alfred-scheerer.de\/shop\/wp-content\/uploads\/2020\/03\/Intiva-1536x850.jpg 1536w, https:\/\/www.alfred-scheerer.de\/shop\/wp-content\/uploads\/2020\/03\/Intiva-416x230.jpg 416w\" sizes=\"auto, (max-width: 1640px) 100vw, 1640px\" \/><\/a> <a href=\"http:\/\/alfred-scheerer.de\/shop\/wp-content\/uploads\/2020\/03\/Engstelle.jpg\"><img loading=\"lazy\" decoding=\"async\" class=\"alignleft wp-image-3429 size-full\" src=\"http:\/\/alfred-scheerer.de\/shop\/wp-content\/uploads\/2020\/03\/Engstelle.jpg\" alt=\"\" width=\"1625\" height=\"816\" srcset=\"https:\/\/www.alfred-scheerer.de\/shop\/wp-content\/uploads\/2020\/03\/Engstelle.jpg 1625w, https:\/\/www.alfred-scheerer.de\/shop\/wp-content\/uploads\/2020\/03\/Engstelle-300x151.jpg 300w, https:\/\/www.alfred-scheerer.de\/shop\/wp-content\/uploads\/2020\/03\/Engstelle-1024x514.jpg 1024w, https:\/\/www.alfred-scheerer.de\/shop\/wp-content\/uploads\/2020\/03\/Engstelle-768x386.jpg 768w, https:\/\/www.alfred-scheerer.de\/shop\/wp-content\/uploads\/2020\/03\/Engstelle-1536x771.jpg 1536w, https:\/\/www.alfred-scheerer.de\/shop\/wp-content\/uploads\/2020\/03\/Engstelle-416x209.jpg 416w\" sizes=\"auto, (max-width: 1625px) 100vw, 1625px\" \/><\/a> <a href=\"http:\/\/alfred-scheerer.de\/shop\/wp-content\/uploads\/2020\/03\/Rasenkante.jpg\"><img loading=\"lazy\" decoding=\"async\" class=\"alignleft wp-image-3432 size-full\" src=\"http:\/\/alfred-scheerer.de\/shop\/wp-content\/uploads\/2020\/03\/Rasenkante.jpg\" alt=\"\" width=\"1640\" height=\"717\" srcset=\"https:\/\/www.alfred-scheerer.de\/shop\/wp-content\/uploads\/2020\/03\/Rasenkante.jpg 1640w, https:\/\/www.alfred-scheerer.de\/shop\/wp-content\/uploads\/2020\/03\/Rasenkante-300x131.jpg 300w, https:\/\/www.alfred-scheerer.de\/shop\/wp-content\/uploads\/2020\/03\/Rasenkante-1024x448.jpg 1024w, https:\/\/www.alfred-scheerer.de\/shop\/wp-content\/uploads\/2020\/03\/Rasenkante-768x336.jpg 768w, https:\/\/www.alfred-scheerer.de\/shop\/wp-content\/uploads\/2020\/03\/Rasenkante-1536x672.jpg 1536w, https:\/\/www.alfred-scheerer.de\/shop\/wp-content\/uploads\/2020\/03\/Rasenkante-416x182.jpg 416w\" sizes=\"auto, (max-width: 1640px) 100vw, 1640px\" \/><\/a> <a href=\"http:\/\/alfred-scheerer.de\/shop\/wp-content\/uploads\/2020\/03\/regen-Bremse.jpg\"><img loading=\"lazy\" decoding=\"async\" class=\"alignleft wp-image-3433 size-full\" src=\"http:\/\/alfred-scheerer.de\/shop\/wp-content\/uploads\/2020\/03\/regen-Bremse.jpg\" alt=\"\" width=\"1582\" height=\"844\" srcset=\"https:\/\/www.alfred-scheerer.de\/shop\/wp-content\/uploads\/2020\/03\/regen-Bremse.jpg 1582w, https:\/\/www.alfred-scheerer.de\/shop\/wp-content\/uploads\/2020\/03\/regen-Bremse-300x160.jpg 300w, https:\/\/www.alfred-scheerer.de\/shop\/wp-content\/uploads\/2020\/03\/regen-Bremse-1024x546.jpg 1024w, https:\/\/www.alfred-scheerer.de\/shop\/wp-content\/uploads\/2020\/03\/regen-Bremse-768x410.jpg 768w, https:\/\/www.alfred-scheerer.de\/shop\/wp-content\/uploads\/2020\/03\/regen-Bremse-1536x819.jpg 1536w, https:\/\/www.alfred-scheerer.de\/shop\/wp-content\/uploads\/2020\/03\/regen-Bremse-416x222.jpg 416w\" sizes=\"auto, (max-width: 1582px) 100vw, 1582px\" \/><\/a> <a href=\"http:\/\/alfred-scheerer.de\/shop\/wp-content\/uploads\/2020\/03\/Ladestation.jpg\"><img loading=\"lazy\" decoding=\"async\" class=\"alignleft wp-image-3430 size-full\" src=\"http:\/\/alfred-scheerer.de\/shop\/wp-content\/uploads\/2020\/03\/Ladestation.jpg\" alt=\"\" width=\"1575\" height=\"839\" srcset=\"https:\/\/www.alfred-scheerer.de\/shop\/wp-content\/uploads\/2020\/03\/Ladestation.jpg 1575w, https:\/\/www.alfred-scheerer.de\/shop\/wp-content\/uploads\/2020\/03\/Ladestation-300x160.jpg 300w, https:\/\/www.alfred-scheerer.de\/shop\/wp-content\/uploads\/2020\/03\/Ladestation-1024x545.jpg 1024w, https:\/\/www.alfred-scheerer.de\/shop\/wp-content\/uploads\/2020\/03\/Ladestation-768x409.jpg 768w, https:\/\/www.alfred-scheerer.de\/shop\/wp-content\/uploads\/2020\/03\/Ladestation-1536x818.jpg 1536w, https:\/\/www.alfred-scheerer.de\/shop\/wp-content\/uploads\/2020\/03\/Ladestation-416x222.jpg 416w\" sizes=\"auto, (max-width: 1575px) 100vw, 1575px\" \/><\/a><\/p>\n","protected":false},"excerpt":{"rendered":"<p>Das Kress Top Modell KR123E ist perfekt f\u00fcr gro\u00dfe, anspruchsvolle Rasenfl\u00e4chen bis 2.700 m\u00b2. Der<strong> <span style=\"color: #ff0000;\">kabelgebundene<\/span> <\/strong>Mission KR123E meistert komplexe Hindernisse mit Leichtigkeit \u2013 dank patentierter Kress Ultraschall OAS Technologie.<\/p>\n<p>Lieferumfang:<br \/>\nRoboter inkl. Ladestation<br \/>\n3 x 3 St\u00fcck Ersatzklingen<\/p>\n<p>F\u00fcr die Selbst-Installation wird ein zus\u00e4tzliches <a href=\"https:\/\/alfred-scheerer.de\/shop\/product-category\/installation-ersatzteile-u-zubehoer\/installation-kits\/\"><b>Installations-Kit<\/b><\/a> ben\u00f6tigt, der Roboter wird ohne Begrenzungskabel und ohne N\u00e4gel ausgeliefert.<\/p>\n","protected":false},"featured_media":3461,"template":"","meta":[],"product_brand":[1754],"product_cat":[272,68,69,105,826],"product_tag":[451,1014,56,441,1025,452,1015,442,1026,453,1016,443,1027,454,1017,82,444,1317,455,432,1018,445,1318,284,456,433,1019,446,457,434,1020,447,435,1021,448,438,1022,449,1012,439,1023,450,1013,440,1024],"class_list":{"0":"post-5140","1":"product","2":"type-product","3":"status-publish","4":"has-post-thumbnail","6":"product_brand-kress","7":"product_cat-kress-robotik-maehroboter","8":"product_cat-800-bis-2-000-m","9":"product_cat-2-000-bis-5000-m","10":"product_cat-rasenroboter-maehroboter","11":"product_cat-hinderniserkennung","12":"product_tag-rasenroboter-odenthal","13":"product_tag-landroid-m500-plus","14":"product_tag-maehroboter","15":"product_tag-maehroboter-odenthal","16":"product_tag-m700","17":"product_tag-rasenroboter-bergisch-gladbach","18":"product_tag-landroid-m700-plus","19":"product_tag-maehroboter-bergisch-gladbach","20":"product_tag-l1000","21":"product_tag-rasenroboter-koeln","22":"product_tag-landroid-l1000","23":"product_tag-maehroboter-leverkusen","24":"product_tag-l2000","25":"product_tag-rasenroboter-leverkusen","26":"product_tag-landroid-l2000","27":"product_tag-rasenroboter","28":"product_tag-maehroboter-koeln","29":"product_tag-kress-kr123e","30":"product_tag-rasenroboter-solingen","31":"product_tag-kress-maehroboter","32":"product_tag-wr130e","33":"product_tag-maehroboter-leichlingen","34":"product_tag-kress-kr123","35":"product_tag-mission","36":"product_tag-rasenroboter-leichlingen","37":"product_tag-kress-rasenroboter","38":"product_tag-wr165e","39":"product_tag-maehroboter-solingen","40":"product_tag-rasenroboter-witzhelden","41":"product_tag-kress-rasenmaeher","42":"product_tag-wr167e","43":"product_tag-maehroboter-witzhelden","44":"product_tag-rasenmaeher","45":"product_tag-wr147e-1","46":"product_tag-rasenroboter-wermelskirchen","47":"product_tag-maehroboter-wermelskirchen","48":"product_tag-wr155-e","49":"product_tag-rasenroboter-burscheid","50":"product_tag-worx-landroid","51":"product_tag-maehroboter-burscheid","52":"product_tag-s300","53":"product_tag-rasenroboter-remscheid","54":"product_tag-landroid-s300","55":"product_tag-maehroboter-remscheid","56":"product_tag-m500","57":"product_shipping_class-kostenlos","59":"first","60":"outofstock","61":"taxable","62":"shipping-taxable","63":"purchasable","64":"product-type-simple"},"yoast_head":"<!-- This site is optimized with the Yoast SEO plugin v27.3 - https:\/\/yoast.com\/product\/yoast-seo-wordpress\/ -->\n<title>Kress Mission KR123E OAS inkl. Bluetooth u. WLAN bis zu 2.000 m\u00b2<\/title>\n<meta name=\"robots\" content=\"index, follow, max-snippet:-1, max-image-preview:large, max-video-preview:-1\" \/>\n<link rel=\"canonical\" href=\"https:\/\/www.alfred-scheerer.de\/shop\/product\/maehroboter-rasenroboter-kress-mission-kr123e\/\" \/>\n<meta property=\"og:locale\" content=\"de_DE\" \/>\n<meta property=\"og:type\" content=\"article\" \/>\n<meta property=\"og:title\" content=\"Kress Mission KR123E OAS inkl. Bluetooth u. WLAN bis zu 2.000 m\u00b2\" \/>\n<meta property=\"og:description\" content=\"Das Kress Top Modell KR123E ist perfekt f\u00fcr gro\u00dfe, anspruchsvolle Rasenfl\u00e4chen bis 2.700 m\u00b2. Der kabelgebundene Mission KR123E meistert komplexe Hindernisse mit Leichtigkeit \u2013 dank patentierter Kress Ultraschall OAS Technologie.  Lieferumfang: Roboter inkl. Ladestation 3 x 3 St\u00fcck Ersatzklingen  F\u00fcr die Selbst-Installation wird ein zus\u00e4tzliches Installations-Kit ben\u00f6tigt, der Roboter wird ohne Begrenzungskabel und ohne N\u00e4gel ausgeliefert.\" \/>\n<meta property=\"og:url\" content=\"https:\/\/www.alfred-scheerer.de\/shop\/product\/maehroboter-rasenroboter-kress-mission-kr123e\/\" \/>\n<meta property=\"og:site_name\" content=\"Gartentechnik Scheerer\" \/>\n<meta property=\"article:modified_time\" content=\"2026-01-13T08:49:19+00:00\" \/>\n<meta property=\"og:image\" content=\"https:\/\/www.alfred-scheerer.de\/shop\/wp-content\/uploads\/2020\/04\/112-113.gif\" \/>\n\t<meta property=\"og:image:width\" content=\"480\" \/>\n\t<meta property=\"og:image:height\" content=\"270\" \/>\n\t<meta property=\"og:image:type\" content=\"image\/gif\" \/>\n<meta name=\"twitter:card\" content=\"summary_large_image\" \/>\n<script type=\"application\/ld+json\" class=\"yoast-schema-graph\">{\"@context\":\"https:\\\/\\\/schema.org\",\"@graph\":[{\"@type\":\"WebPage\",\"@id\":\"https:\\\/\\\/www.alfred-scheerer.de\\\/shop\\\/product\\\/maehroboter-rasenroboter-kress-mission-kr123e\\\/\",\"url\":\"https:\\\/\\\/www.alfred-scheerer.de\\\/shop\\\/product\\\/maehroboter-rasenroboter-kress-mission-kr123e\\\/\",\"name\":\"Kress Mission KR123E OAS inkl. Bluetooth u. WLAN bis zu 2.000 m\u00b2\",\"isPartOf\":{\"@id\":\"https:\\\/\\\/www.alfred-scheerer.de\\\/shop\\\/#website\"},\"primaryImageOfPage\":{\"@id\":\"https:\\\/\\\/www.alfred-scheerer.de\\\/shop\\\/product\\\/maehroboter-rasenroboter-kress-mission-kr123e\\\/#primaryimage\"},\"image\":{\"@id\":\"https:\\\/\\\/www.alfred-scheerer.de\\\/shop\\\/product\\\/maehroboter-rasenroboter-kress-mission-kr123e\\\/#primaryimage\"},\"thumbnailUrl\":\"https:\\\/\\\/www.alfred-scheerer.de\\\/shop\\\/wp-content\\\/uploads\\\/2020\\\/04\\\/112-113.gif\",\"datePublished\":\"2021-11-15T16:58:39+00:00\",\"dateModified\":\"2026-01-13T08:49:19+00:00\",\"breadcrumb\":{\"@id\":\"https:\\\/\\\/www.alfred-scheerer.de\\\/shop\\\/product\\\/maehroboter-rasenroboter-kress-mission-kr123e\\\/#breadcrumb\"},\"inLanguage\":\"de\",\"potentialAction\":[{\"@type\":\"ReadAction\",\"target\":[\"https:\\\/\\\/www.alfred-scheerer.de\\\/shop\\\/product\\\/maehroboter-rasenroboter-kress-mission-kr123e\\\/\"]}]},{\"@type\":\"ImageObject\",\"inLanguage\":\"de\",\"@id\":\"https:\\\/\\\/www.alfred-scheerer.de\\\/shop\\\/product\\\/maehroboter-rasenroboter-kress-mission-kr123e\\\/#primaryimage\",\"url\":\"https:\\\/\\\/www.alfred-scheerer.de\\\/shop\\\/wp-content\\\/uploads\\\/2020\\\/04\\\/112-113.gif\",\"contentUrl\":\"https:\\\/\\\/www.alfred-scheerer.de\\\/shop\\\/wp-content\\\/uploads\\\/2020\\\/04\\\/112-113.gif\",\"width\":480,\"height\":270,\"caption\":\"Kress Mission M\u00e4hroboter\"},{\"@type\":\"BreadcrumbList\",\"@id\":\"https:\\\/\\\/www.alfred-scheerer.de\\\/shop\\\/product\\\/maehroboter-rasenroboter-kress-mission-kr123e\\\/#breadcrumb\",\"itemListElement\":[{\"@type\":\"ListItem\",\"position\":1,\"name\":\"Startseite\",\"item\":\"https:\\\/\\\/www.alfred-scheerer.de\\\/shop\\\/\"},{\"@type\":\"ListItem\",\"position\":2,\"name\":\"Gartentechnik Scheerer &#8211; Der Online Shop f\u00fcr M\u00e4hroboter und Zubeh\u00f6r\",\"item\":\"https:\\\/\\\/www.alfred-scheerer.de\\\/shop\\\/\"},{\"@type\":\"ListItem\",\"position\":3,\"name\":\"Kress Mission KR123E OAS inkl. Bluetooth u. WLAN bis zu 2.000 m\u00b2\"}]},{\"@type\":\"WebSite\",\"@id\":\"https:\\\/\\\/www.alfred-scheerer.de\\\/shop\\\/#website\",\"url\":\"https:\\\/\\\/www.alfred-scheerer.de\\\/shop\\\/\",\"name\":\"Scheerer GmbH (ehem. Alfred Scheerer e.K.)\",\"description\":\"Der Online Shop aus Wermelskirchen f\u00fcr M\u00e4hroboter, Akku Gartenger\u00e4te, Ersatzteile und Zubeh\u00f6r\",\"publisher\":{\"@id\":\"https:\\\/\\\/www.alfred-scheerer.de\\\/shop\\\/#organization\"},\"potentialAction\":[{\"@type\":\"SearchAction\",\"target\":{\"@type\":\"EntryPoint\",\"urlTemplate\":\"https:\\\/\\\/www.alfred-scheerer.de\\\/shop\\\/?s={search_term_string}\"},\"query-input\":{\"@type\":\"PropertyValueSpecification\",\"valueRequired\":true,\"valueName\":\"search_term_string\"}}],\"inLanguage\":\"de\"},{\"@type\":\"Organization\",\"@id\":\"https:\\\/\\\/www.alfred-scheerer.de\\\/shop\\\/#organization\",\"name\":\"Scheerer GmbH\",\"url\":\"https:\\\/\\\/www.alfred-scheerer.de\\\/shop\\\/\",\"logo\":{\"@type\":\"ImageObject\",\"inLanguage\":\"de\",\"@id\":\"https:\\\/\\\/www.alfred-scheerer.de\\\/shop\\\/#\\\/schema\\\/logo\\\/image\\\/\",\"url\":\"https:\\\/\\\/alfred-scheerer.de\\\/shop\\\/wp-content\\\/uploads\\\/2024\\\/05\\\/baum.jpg\",\"contentUrl\":\"https:\\\/\\\/alfred-scheerer.de\\\/shop\\\/wp-content\\\/uploads\\\/2024\\\/05\\\/baum.jpg\",\"width\":512,\"height\":512,\"caption\":\"Scheerer GmbH\"},\"image\":{\"@id\":\"https:\\\/\\\/www.alfred-scheerer.de\\\/shop\\\/#\\\/schema\\\/logo\\\/image\\\/\"},\"sameAs\":[\"https:\\\/\\\/www.instagram.com\\\/alfredscheerer\\\/\"]}]}<\/script>\n<!-- \/ Yoast SEO plugin. -->","yoast_head_json":{"title":"Kress Mission KR123E OAS inkl. Bluetooth u. WLAN bis zu 2.000 m\u00b2","robots":{"index":"index","follow":"follow","max-snippet":"max-snippet:-1","max-image-preview":"max-image-preview:large","max-video-preview":"max-video-preview:-1"},"canonical":"https:\/\/www.alfred-scheerer.de\/shop\/product\/maehroboter-rasenroboter-kress-mission-kr123e\/","og_locale":"de_DE","og_type":"article","og_title":"Kress Mission KR123E OAS inkl. Bluetooth u. WLAN bis zu 2.000 m\u00b2","og_description":"Das Kress Top Modell KR123E ist perfekt f\u00fcr gro\u00dfe, anspruchsvolle Rasenfl\u00e4chen bis 2.700 m\u00b2. Der kabelgebundene Mission KR123E meistert komplexe Hindernisse mit Leichtigkeit \u2013 dank patentierter Kress Ultraschall OAS Technologie.  Lieferumfang: Roboter inkl. Ladestation 3 x 3 St\u00fcck Ersatzklingen  F\u00fcr die Selbst-Installation wird ein zus\u00e4tzliches Installations-Kit ben\u00f6tigt, der Roboter wird ohne Begrenzungskabel und ohne N\u00e4gel ausgeliefert.","og_url":"https:\/\/www.alfred-scheerer.de\/shop\/product\/maehroboter-rasenroboter-kress-mission-kr123e\/","og_site_name":"Gartentechnik Scheerer","article_modified_time":"2026-01-13T08:49:19+00:00","og_image":[{"url":"https:\/\/www.alfred-scheerer.de\/shop\/wp-content\/uploads\/2020\/04\/112-113.gif","width":480,"height":270,"type":"image\/gif"}],"twitter_card":"summary_large_image","schema":{"@context":"https:\/\/schema.org","@graph":[{"@type":"WebPage","@id":"https:\/\/www.alfred-scheerer.de\/shop\/product\/maehroboter-rasenroboter-kress-mission-kr123e\/","url":"https:\/\/www.alfred-scheerer.de\/shop\/product\/maehroboter-rasenroboter-kress-mission-kr123e\/","name":"Kress Mission KR123E OAS inkl. Bluetooth u. WLAN bis zu 2.000 m\u00b2","isPartOf":{"@id":"https:\/\/www.alfred-scheerer.de\/shop\/#website"},"primaryImageOfPage":{"@id":"https:\/\/www.alfred-scheerer.de\/shop\/product\/maehroboter-rasenroboter-kress-mission-kr123e\/#primaryimage"},"image":{"@id":"https:\/\/www.alfred-scheerer.de\/shop\/product\/maehroboter-rasenroboter-kress-mission-kr123e\/#primaryimage"},"thumbnailUrl":"https:\/\/www.alfred-scheerer.de\/shop\/wp-content\/uploads\/2020\/04\/112-113.gif","datePublished":"2021-11-15T16:58:39+00:00","dateModified":"2026-01-13T08:49:19+00:00","breadcrumb":{"@id":"https:\/\/www.alfred-scheerer.de\/shop\/product\/maehroboter-rasenroboter-kress-mission-kr123e\/#breadcrumb"},"inLanguage":"de","potentialAction":[{"@type":"ReadAction","target":["https:\/\/www.alfred-scheerer.de\/shop\/product\/maehroboter-rasenroboter-kress-mission-kr123e\/"]}]},{"@type":"ImageObject","inLanguage":"de","@id":"https:\/\/www.alfred-scheerer.de\/shop\/product\/maehroboter-rasenroboter-kress-mission-kr123e\/#primaryimage","url":"https:\/\/www.alfred-scheerer.de\/shop\/wp-content\/uploads\/2020\/04\/112-113.gif","contentUrl":"https:\/\/www.alfred-scheerer.de\/shop\/wp-content\/uploads\/2020\/04\/112-113.gif","width":480,"height":270,"caption":"Kress Mission M\u00e4hroboter"},{"@type":"BreadcrumbList","@id":"https:\/\/www.alfred-scheerer.de\/shop\/product\/maehroboter-rasenroboter-kress-mission-kr123e\/#breadcrumb","itemListElement":[{"@type":"ListItem","position":1,"name":"Startseite","item":"https:\/\/www.alfred-scheerer.de\/shop\/"},{"@type":"ListItem","position":2,"name":"Gartentechnik Scheerer &#8211; Der Online Shop f\u00fcr M\u00e4hroboter und Zubeh\u00f6r","item":"https:\/\/www.alfred-scheerer.de\/shop\/"},{"@type":"ListItem","position":3,"name":"Kress Mission KR123E OAS inkl. Bluetooth u. WLAN bis zu 2.000 m\u00b2"}]},{"@type":"WebSite","@id":"https:\/\/www.alfred-scheerer.de\/shop\/#website","url":"https:\/\/www.alfred-scheerer.de\/shop\/","name":"Scheerer GmbH (ehem. Alfred Scheerer e.K.)","description":"Der Online Shop aus Wermelskirchen f\u00fcr M\u00e4hroboter, Akku Gartenger\u00e4te, Ersatzteile und Zubeh\u00f6r","publisher":{"@id":"https:\/\/www.alfred-scheerer.de\/shop\/#organization"},"potentialAction":[{"@type":"SearchAction","target":{"@type":"EntryPoint","urlTemplate":"https:\/\/www.alfred-scheerer.de\/shop\/?s={search_term_string}"},"query-input":{"@type":"PropertyValueSpecification","valueRequired":true,"valueName":"search_term_string"}}],"inLanguage":"de"},{"@type":"Organization","@id":"https:\/\/www.alfred-scheerer.de\/shop\/#organization","name":"Scheerer GmbH","url":"https:\/\/www.alfred-scheerer.de\/shop\/","logo":{"@type":"ImageObject","inLanguage":"de","@id":"https:\/\/www.alfred-scheerer.de\/shop\/#\/schema\/logo\/image\/","url":"https:\/\/alfred-scheerer.de\/shop\/wp-content\/uploads\/2024\/05\/baum.jpg","contentUrl":"https:\/\/alfred-scheerer.de\/shop\/wp-content\/uploads\/2024\/05\/baum.jpg","width":512,"height":512,"caption":"Scheerer GmbH"},"image":{"@id":"https:\/\/www.alfred-scheerer.de\/shop\/#\/schema\/logo\/image\/"},"sameAs":["https:\/\/www.instagram.com\/alfredscheerer\/"]}]}},"_links":{"self":[{"href":"https:\/\/www.alfred-scheerer.de\/shop\/wp-json\/wp\/v2\/product\/5140","targetHints":{"allow":["GET"]}}],"collection":[{"href":"https:\/\/www.alfred-scheerer.de\/shop\/wp-json\/wp\/v2\/product"}],"about":[{"href":"https:\/\/www.alfred-scheerer.de\/shop\/wp-json\/wp\/v2\/types\/product"}],"wp:featuredmedia":[{"embeddable":true,"href":"https:\/\/www.alfred-scheerer.de\/shop\/wp-json\/wp\/v2\/media\/3461"}],"wp:attachment":[{"href":"https:\/\/www.alfred-scheerer.de\/shop\/wp-json\/wp\/v2\/media?parent=5140"}],"wp:term":[{"taxonomy":"product_brand","embeddable":true,"href":"https:\/\/www.alfred-scheerer.de\/shop\/wp-json\/wp\/v2\/product_brand?post=5140"},{"taxonomy":"product_cat","embeddable":true,"href":"https:\/\/www.alfred-scheerer.de\/shop\/wp-json\/wp\/v2\/product_cat?post=5140"},{"taxonomy":"product_tag","embeddable":true,"href":"https:\/\/www.alfred-scheerer.de\/shop\/wp-json\/wp\/v2\/product_tag?post=5140"}],"curies":[{"name":"wp","href":"https:\/\/api.w.org\/{rel}","templated":true}]}}