{"id":5148,"date":"2021-11-26T17:50:06","date_gmt":"2021-11-26T16:50:06","guid":{"rendered":"https:\/\/alfred-scheerer.de\/shop\/?post_type=product&#038;p=5148"},"modified":"2026-04-16T06:54:58","modified_gmt":"2026-04-16T04:54:58","slug":"stecker-kupplung-weiblich-ladestation-winterladekabel-ambrogio-wiper-techline","status":"publish","type":"product","link":"https:\/\/www.alfred-scheerer.de\/shop\/product\/stecker-kupplung-weiblich-ladestation-winterladekabel-ambrogio-wiper-techline\/","title":{"rendered":"Stecker Kupplung weiblich Ladestation Winterladekabel Ambrogio Wiper Techline"},"content":{"rendered":"<p>Stecker (Kupplung weiblich) passend f\u00fcr Anschlusskabel der Ladestation oder Winterladekabel f\u00fcr Ambrogio, Wiper u. Techline M\u00e4hroboter.<br \/>\nProfi-Qualit\u00e4t mit vernickelten Kontakten.<\/p>\n<p>F\u00fcr die Montage sind L\u00f6tkenntnisse und ein L\u00f6tkolben erforderlich!<br \/>\nPin 1 = plus (Kabelfarbe rot oder blau)<br \/>\nPin 2 u. 3 = minus (Kabelfarbe braun oder schwarz)<\/p>\n","protected":false},"excerpt":{"rendered":"<p>Stecker (Kupplung weiblich) passend f\u00fcr Anschlusskabel der Ladestation oder Winterladekabel f\u00fcr Ambrogio, Wiper u. Techline M\u00e4hroboter.<br \/>\nProfi-Qualit\u00e4t mit vernickelten Kontakten.<\/p>\n<p>F\u00fcr die Montage sind L\u00f6tkenntnisse und ein L\u00f6tkolben erforderlich!<br \/>\nPin 1 = plus (Kabelfarbe rot oder blau)<br \/>\nPin 2 u. 3 = minus (Kabelfarbe braun oder schwarz)<\/p>\n","protected":false},"featured_media":5150,"template":"","meta":[],"product_brand":[],"product_cat":[306,99,312,1431,100,358,1432,101,523,1433,102,1566,103,1567,108,175,94,179,96,304,97,305,98],"product_tag":[1332,1322,1323,1324,1325,1329,1330,1331],"class_list":{"0":"post-5148","1":"product","2":"type-product","3":"status-publish","4":"has-post-thumbnail","6":"product_cat-l32","7":"product_cat-l200-l210","8":"product_cat-wiper-ersatzteile-zubehoer","9":"product_cat-twenty-zr","10":"product_cat-l250-l250i","11":"product_cat-l200r","12":"product_cat-4-36","13":"product_cat-l300r","14":"product_cat-quad","15":"product_cat-4-0-elite","16":"product_cat-l350i","17":"product_cat-l25-twenty-25","18":"product_cat-l400-l400i","19":"product_cat-twenty-29","20":"product_cat-stiga-ersatzteile-zubehoer","21":"product_cat-l15","22":"product_cat-ambrogio-ersatzteile-zubehoer","23":"product_cat-l35","24":"product_cat-ambrogio-l30-ersatzteile-zubehoer","25":"product_cat-l20-twenty","26":"product_cat-l50-l60","27":"product_cat-4-0-basic","28":"product_cat-l85","29":"product_tag-stecker-winterladekabel","30":"product_tag-xlr-stecker","31":"product_tag-ambrogio-stecker","32":"product_tag-wiper-stecker","33":"product_tag-techline-stecker","34":"product_tag-ambrogio-stecker-ladestation","35":"product_tag-wiper-stecker-ladestation","36":"product_tag-techline-stecker-ladestation","38":"first","39":"instock","40":"taxable","41":"shipping-taxable","42":"purchasable","43":"product-type-simple"},"yoast_head":"<!-- This site is optimized with the Yoast SEO plugin v27.4 - https:\/\/yoast.com\/product\/yoast-seo-wordpress\/ -->\n<title>Stecker Kupplung weiblich Ladestation Winterladekabel Ambrogio Wiper Techline - Gartentechnik Scheerer<\/title>\n<meta name=\"robots\" content=\"index, follow, max-snippet:-1, max-image-preview:large, max-video-preview:-1\" \/>\n<link rel=\"canonical\" href=\"https:\/\/www.alfred-scheerer.de\/shop\/product\/stecker-kupplung-weiblich-ladestation-winterladekabel-ambrogio-wiper-techline\/\" \/>\n<meta property=\"og:locale\" content=\"de_DE\" \/>\n<meta property=\"og:type\" content=\"article\" \/>\n<meta property=\"og:title\" content=\"Stecker Kupplung weiblich Ladestation Winterladekabel Ambrogio Wiper Techline - Gartentechnik Scheerer\" \/>\n<meta property=\"og:description\" content=\"Stecker (Kupplung weiblich) passend f\u00fcr Anschlusskabel der Ladestation oder Winterladekabel f\u00fcr Ambrogio, Wiper u. Techline M\u00e4hroboter. Profi-Qualit\u00e4t mit vernickelten Kontakten.  F\u00fcr die Montage sind L\u00f6tkenntnisse und ein L\u00f6tkolben erforderlich! Pin 1 = plus (Kabelfarbe rot oder blau) Pin 2 u. 3 = minus (Kabelfarbe braun oder schwarz)\" \/>\n<meta property=\"og:url\" content=\"https:\/\/www.alfred-scheerer.de\/shop\/product\/stecker-kupplung-weiblich-ladestation-winterladekabel-ambrogio-wiper-techline\/\" \/>\n<meta property=\"og:site_name\" content=\"Gartentechnik Scheerer\" \/>\n<meta property=\"article:modified_time\" content=\"2026-04-16T04:54:58+00:00\" \/>\n<meta property=\"og:image\" content=\"https:\/\/www.alfred-scheerer.de\/shop\/wp-content\/uploads\/2021\/11\/XLR-weiblich-Kupplung.jpg\" \/>\n\t<meta property=\"og:image:width\" content=\"300\" \/>\n\t<meta property=\"og:image:height\" content=\"300\" \/>\n\t<meta property=\"og:image:type\" content=\"image\/jpeg\" \/>\n<meta name=\"twitter:card\" content=\"summary_large_image\" \/>\n<script type=\"application\/ld+json\" class=\"yoast-schema-graph\">{\"@context\":\"https:\\\/\\\/schema.org\",\"@graph\":[{\"@type\":\"WebPage\",\"@id\":\"https:\\\/\\\/www.alfred-scheerer.de\\\/shop\\\/product\\\/stecker-kupplung-weiblich-ladestation-winterladekabel-ambrogio-wiper-techline\\\/\",\"url\":\"https:\\\/\\\/www.alfred-scheerer.de\\\/shop\\\/product\\\/stecker-kupplung-weiblich-ladestation-winterladekabel-ambrogio-wiper-techline\\\/\",\"name\":\"Stecker Kupplung weiblich Ladestation Winterladekabel Ambrogio Wiper Techline - Gartentechnik Scheerer\",\"isPartOf\":{\"@id\":\"https:\\\/\\\/www.alfred-scheerer.de\\\/shop\\\/#website\"},\"primaryImageOfPage\":{\"@id\":\"https:\\\/\\\/www.alfred-scheerer.de\\\/shop\\\/product\\\/stecker-kupplung-weiblich-ladestation-winterladekabel-ambrogio-wiper-techline\\\/#primaryimage\"},\"image\":{\"@id\":\"https:\\\/\\\/www.alfred-scheerer.de\\\/shop\\\/product\\\/stecker-kupplung-weiblich-ladestation-winterladekabel-ambrogio-wiper-techline\\\/#primaryimage\"},\"thumbnailUrl\":\"https:\\\/\\\/www.alfred-scheerer.de\\\/shop\\\/wp-content\\\/uploads\\\/2021\\\/11\\\/XLR-weiblich-Kupplung.jpg\",\"datePublished\":\"2021-11-26T16:50:06+00:00\",\"dateModified\":\"2026-04-16T04:54:58+00:00\",\"breadcrumb\":{\"@id\":\"https:\\\/\\\/www.alfred-scheerer.de\\\/shop\\\/product\\\/stecker-kupplung-weiblich-ladestation-winterladekabel-ambrogio-wiper-techline\\\/#breadcrumb\"},\"inLanguage\":\"de\",\"potentialAction\":[{\"@type\":\"ReadAction\",\"target\":[\"https:\\\/\\\/www.alfred-scheerer.de\\\/shop\\\/product\\\/stecker-kupplung-weiblich-ladestation-winterladekabel-ambrogio-wiper-techline\\\/\"]}]},{\"@type\":\"ImageObject\",\"inLanguage\":\"de\",\"@id\":\"https:\\\/\\\/www.alfred-scheerer.de\\\/shop\\\/product\\\/stecker-kupplung-weiblich-ladestation-winterladekabel-ambrogio-wiper-techline\\\/#primaryimage\",\"url\":\"https:\\\/\\\/www.alfred-scheerer.de\\\/shop\\\/wp-content\\\/uploads\\\/2021\\\/11\\\/XLR-weiblich-Kupplung.jpg\",\"contentUrl\":\"https:\\\/\\\/www.alfred-scheerer.de\\\/shop\\\/wp-content\\\/uploads\\\/2021\\\/11\\\/XLR-weiblich-Kupplung.jpg\",\"width\":300,\"height\":300,\"caption\":\"Stecker Ladestation Ambrogio\"},{\"@type\":\"BreadcrumbList\",\"@id\":\"https:\\\/\\\/www.alfred-scheerer.de\\\/shop\\\/product\\\/stecker-kupplung-weiblich-ladestation-winterladekabel-ambrogio-wiper-techline\\\/#breadcrumb\",\"itemListElement\":[{\"@type\":\"ListItem\",\"position\":1,\"name\":\"Startseite\",\"item\":\"https:\\\/\\\/www.alfred-scheerer.de\\\/shop\\\/\"},{\"@type\":\"ListItem\",\"position\":2,\"name\":\"Gartentechnik Scheerer &#8211; Der Online Shop f\u00fcr M\u00e4hroboter und Zubeh\u00f6r\",\"item\":\"https:\\\/\\\/www.alfred-scheerer.de\\\/shop\\\/\"},{\"@type\":\"ListItem\",\"position\":3,\"name\":\"Stecker Kupplung weiblich Ladestation Winterladekabel Ambrogio Wiper Techline\"}]},{\"@type\":\"WebSite\",\"@id\":\"https:\\\/\\\/www.alfred-scheerer.de\\\/shop\\\/#website\",\"url\":\"https:\\\/\\\/www.alfred-scheerer.de\\\/shop\\\/\",\"name\":\"Scheerer GmbH (ehem. Alfred Scheerer e.K.)\",\"description\":\"Der Online Shop aus Wermelskirchen f\u00fcr M\u00e4hroboter, Akku Gartenger\u00e4te, Ersatzteile und Zubeh\u00f6r\",\"publisher\":{\"@id\":\"https:\\\/\\\/www.alfred-scheerer.de\\\/shop\\\/#organization\"},\"potentialAction\":[{\"@type\":\"SearchAction\",\"target\":{\"@type\":\"EntryPoint\",\"urlTemplate\":\"https:\\\/\\\/www.alfred-scheerer.de\\\/shop\\\/?s={search_term_string}\"},\"query-input\":{\"@type\":\"PropertyValueSpecification\",\"valueRequired\":true,\"valueName\":\"search_term_string\"}}],\"inLanguage\":\"de\"},{\"@type\":\"Organization\",\"@id\":\"https:\\\/\\\/www.alfred-scheerer.de\\\/shop\\\/#organization\",\"name\":\"Scheerer GmbH\",\"url\":\"https:\\\/\\\/www.alfred-scheerer.de\\\/shop\\\/\",\"logo\":{\"@type\":\"ImageObject\",\"inLanguage\":\"de\",\"@id\":\"https:\\\/\\\/www.alfred-scheerer.de\\\/shop\\\/#\\\/schema\\\/logo\\\/image\\\/\",\"url\":\"https:\\\/\\\/alfred-scheerer.de\\\/shop\\\/wp-content\\\/uploads\\\/2024\\\/05\\\/baum.jpg\",\"contentUrl\":\"https:\\\/\\\/alfred-scheerer.de\\\/shop\\\/wp-content\\\/uploads\\\/2024\\\/05\\\/baum.jpg\",\"width\":512,\"height\":512,\"caption\":\"Scheerer GmbH\"},\"image\":{\"@id\":\"https:\\\/\\\/www.alfred-scheerer.de\\\/shop\\\/#\\\/schema\\\/logo\\\/image\\\/\"},\"sameAs\":[\"https:\\\/\\\/www.instagram.com\\\/alfredscheerer\\\/\"]}]}<\/script>\n<!-- \/ Yoast SEO plugin. -->","yoast_head_json":{"title":"Stecker Kupplung weiblich Ladestation Winterladekabel Ambrogio Wiper Techline - Gartentechnik Scheerer","robots":{"index":"index","follow":"follow","max-snippet":"max-snippet:-1","max-image-preview":"max-image-preview:large","max-video-preview":"max-video-preview:-1"},"canonical":"https:\/\/www.alfred-scheerer.de\/shop\/product\/stecker-kupplung-weiblich-ladestation-winterladekabel-ambrogio-wiper-techline\/","og_locale":"de_DE","og_type":"article","og_title":"Stecker Kupplung weiblich Ladestation Winterladekabel Ambrogio Wiper Techline - Gartentechnik Scheerer","og_description":"Stecker (Kupplung weiblich) passend f\u00fcr Anschlusskabel der Ladestation oder Winterladekabel f\u00fcr Ambrogio, Wiper u. Techline M\u00e4hroboter. Profi-Qualit\u00e4t mit vernickelten Kontakten.  F\u00fcr die Montage sind L\u00f6tkenntnisse und ein L\u00f6tkolben erforderlich! Pin 1 = plus (Kabelfarbe rot oder blau) Pin 2 u. 3 = minus (Kabelfarbe braun oder schwarz)","og_url":"https:\/\/www.alfred-scheerer.de\/shop\/product\/stecker-kupplung-weiblich-ladestation-winterladekabel-ambrogio-wiper-techline\/","og_site_name":"Gartentechnik Scheerer","article_modified_time":"2026-04-16T04:54:58+00:00","og_image":[{"width":300,"height":300,"url":"https:\/\/www.alfred-scheerer.de\/shop\/wp-content\/uploads\/2021\/11\/XLR-weiblich-Kupplung.jpg","type":"image\/jpeg"}],"twitter_card":"summary_large_image","schema":{"@context":"https:\/\/schema.org","@graph":[{"@type":"WebPage","@id":"https:\/\/www.alfred-scheerer.de\/shop\/product\/stecker-kupplung-weiblich-ladestation-winterladekabel-ambrogio-wiper-techline\/","url":"https:\/\/www.alfred-scheerer.de\/shop\/product\/stecker-kupplung-weiblich-ladestation-winterladekabel-ambrogio-wiper-techline\/","name":"Stecker Kupplung weiblich Ladestation Winterladekabel Ambrogio Wiper Techline - Gartentechnik Scheerer","isPartOf":{"@id":"https:\/\/www.alfred-scheerer.de\/shop\/#website"},"primaryImageOfPage":{"@id":"https:\/\/www.alfred-scheerer.de\/shop\/product\/stecker-kupplung-weiblich-ladestation-winterladekabel-ambrogio-wiper-techline\/#primaryimage"},"image":{"@id":"https:\/\/www.alfred-scheerer.de\/shop\/product\/stecker-kupplung-weiblich-ladestation-winterladekabel-ambrogio-wiper-techline\/#primaryimage"},"thumbnailUrl":"https:\/\/www.alfred-scheerer.de\/shop\/wp-content\/uploads\/2021\/11\/XLR-weiblich-Kupplung.jpg","datePublished":"2021-11-26T16:50:06+00:00","dateModified":"2026-04-16T04:54:58+00:00","breadcrumb":{"@id":"https:\/\/www.alfred-scheerer.de\/shop\/product\/stecker-kupplung-weiblich-ladestation-winterladekabel-ambrogio-wiper-techline\/#breadcrumb"},"inLanguage":"de","potentialAction":[{"@type":"ReadAction","target":["https:\/\/www.alfred-scheerer.de\/shop\/product\/stecker-kupplung-weiblich-ladestation-winterladekabel-ambrogio-wiper-techline\/"]}]},{"@type":"ImageObject","inLanguage":"de","@id":"https:\/\/www.alfred-scheerer.de\/shop\/product\/stecker-kupplung-weiblich-ladestation-winterladekabel-ambrogio-wiper-techline\/#primaryimage","url":"https:\/\/www.alfred-scheerer.de\/shop\/wp-content\/uploads\/2021\/11\/XLR-weiblich-Kupplung.jpg","contentUrl":"https:\/\/www.alfred-scheerer.de\/shop\/wp-content\/uploads\/2021\/11\/XLR-weiblich-Kupplung.jpg","width":300,"height":300,"caption":"Stecker Ladestation Ambrogio"},{"@type":"BreadcrumbList","@id":"https:\/\/www.alfred-scheerer.de\/shop\/product\/stecker-kupplung-weiblich-ladestation-winterladekabel-ambrogio-wiper-techline\/#breadcrumb","itemListElement":[{"@type":"ListItem","position":1,"name":"Startseite","item":"https:\/\/www.alfred-scheerer.de\/shop\/"},{"@type":"ListItem","position":2,"name":"Gartentechnik Scheerer &#8211; Der Online Shop f\u00fcr M\u00e4hroboter und Zubeh\u00f6r","item":"https:\/\/www.alfred-scheerer.de\/shop\/"},{"@type":"ListItem","position":3,"name":"Stecker Kupplung weiblich Ladestation Winterladekabel Ambrogio Wiper Techline"}]},{"@type":"WebSite","@id":"https:\/\/www.alfred-scheerer.de\/shop\/#website","url":"https:\/\/www.alfred-scheerer.de\/shop\/","name":"Scheerer GmbH (ehem. Alfred Scheerer e.K.)","description":"Der Online Shop aus Wermelskirchen f\u00fcr M\u00e4hroboter, Akku Gartenger\u00e4te, Ersatzteile und Zubeh\u00f6r","publisher":{"@id":"https:\/\/www.alfred-scheerer.de\/shop\/#organization"},"potentialAction":[{"@type":"SearchAction","target":{"@type":"EntryPoint","urlTemplate":"https:\/\/www.alfred-scheerer.de\/shop\/?s={search_term_string}"},"query-input":{"@type":"PropertyValueSpecification","valueRequired":true,"valueName":"search_term_string"}}],"inLanguage":"de"},{"@type":"Organization","@id":"https:\/\/www.alfred-scheerer.de\/shop\/#organization","name":"Scheerer GmbH","url":"https:\/\/www.alfred-scheerer.de\/shop\/","logo":{"@type":"ImageObject","inLanguage":"de","@id":"https:\/\/www.alfred-scheerer.de\/shop\/#\/schema\/logo\/image\/","url":"https:\/\/alfred-scheerer.de\/shop\/wp-content\/uploads\/2024\/05\/baum.jpg","contentUrl":"https:\/\/alfred-scheerer.de\/shop\/wp-content\/uploads\/2024\/05\/baum.jpg","width":512,"height":512,"caption":"Scheerer GmbH"},"image":{"@id":"https:\/\/www.alfred-scheerer.de\/shop\/#\/schema\/logo\/image\/"},"sameAs":["https:\/\/www.instagram.com\/alfredscheerer\/"]}]}},"_links":{"self":[{"href":"https:\/\/www.alfred-scheerer.de\/shop\/wp-json\/wp\/v2\/product\/5148","targetHints":{"allow":["GET"]}}],"collection":[{"href":"https:\/\/www.alfred-scheerer.de\/shop\/wp-json\/wp\/v2\/product"}],"about":[{"href":"https:\/\/www.alfred-scheerer.de\/shop\/wp-json\/wp\/v2\/types\/product"}],"wp:featuredmedia":[{"embeddable":true,"href":"https:\/\/www.alfred-scheerer.de\/shop\/wp-json\/wp\/v2\/media\/5150"}],"wp:attachment":[{"href":"https:\/\/www.alfred-scheerer.de\/shop\/wp-json\/wp\/v2\/media?parent=5148"}],"wp:term":[{"taxonomy":"product_brand","embeddable":true,"href":"https:\/\/www.alfred-scheerer.de\/shop\/wp-json\/wp\/v2\/product_brand?post=5148"},{"taxonomy":"product_cat","embeddable":true,"href":"https:\/\/www.alfred-scheerer.de\/shop\/wp-json\/wp\/v2\/product_cat?post=5148"},{"taxonomy":"product_tag","embeddable":true,"href":"https:\/\/www.alfred-scheerer.de\/shop\/wp-json\/wp\/v2\/product_tag?post=5148"}],"curies":[{"name":"wp","href":"https:\/\/api.w.org\/{rel}","templated":true}]}}