{"id":5442,"date":"2022-01-10T16:35:43","date_gmt":"2022-01-10T15:35:43","guid":{"rendered":"https:\/\/alfred-scheerer.de\/shop\/?post_type=product&#038;p=5442"},"modified":"2024-07-16T20:37:39","modified_gmt":"2024-07-16T18:37:39","slug":"begrenzungskabel-safety-250-m","status":"publish","type":"product","link":"https:\/\/www.alfred-scheerer.de\/shop\/product\/begrenzungskabel-safety-250-m\/","title":{"rendered":"Begrenzungskabel Safety Bissschutz 250 m 3,6 mm"},"content":{"rendered":"<p>Sehr Robustes Profi Sicherheits-Begrenzungskabel mit Bissschutz.<br \/>\nAluminiumlitze, PE ummantelt, Farbe gelb oder gr\u00fcn je nach Verf\u00fcgbarkeit<br \/>\nL\u00e4nge 250 m<\/p>\n<ul>\n<li>UV- und Mikroben best\u00e4ndige Isolation<\/li>\n<li>korrosionsbest\u00e4ndig<\/li>\n<li>hochwertiger dreilagigier Schutz<\/li>\n<li>besonders widerstandsf\u00e4hig dank Netzgeflecht in Au\u00dfenh\u00fclle<\/li>\n<li>Sch\u00fctzt in den meisten F\u00e4llen gegen Besch\u00e4digung durch Tierbisse und Gartenger\u00e4te<\/li>\n<li>einwandfreie Signal\u00fcbertragung<\/li>\n<\/ul>\n<p>F\u00fcr alle M\u00e4hroboter geeignet.<\/p>\n","protected":false},"excerpt":{"rendered":"<p>Sehr Robustes Profi Sicherheits-Begrenzungskabel mit Bissschutz.<br \/>\nAluminiumlitze, PE ummantelt, Farbe gelb oder gr\u00fcn je nach Verf\u00fcgbarkeit<br \/>\nL\u00e4nge 250 m<\/p>\n<ul>\n<li>UV- und Mikroben best\u00e4ndige Isolation<\/li>\n<li>korrosionsbest\u00e4ndig<\/li>\n<li>hochwertiger dreilagigier Schutz<\/li>\n<li>besonders widerstandsf\u00e4hig dank Netzgeflecht in Au\u00dfenh\u00fclle<\/li>\n<li>Sch\u00fctzt in den meisten F\u00e4llen gegen Besch\u00e4digung durch Tierbisse und Gartenger\u00e4te<\/li>\n<li>einwandfreie Signal\u00fcbertragung<\/li>\n<\/ul>\n<p>F\u00fcr alle M\u00e4hroboter geeignet.<\/p>\n","protected":false},"featured_media":3754,"template":"","meta":[],"product_brand":[],"product_cat":[308,877],"product_tag":[813,814,815,805,816,806,817,807,808,926,809,927,810,928,811,812],"class_list":{"0":"post-5442","1":"product","2":"type-product","3":"status-publish","4":"has-post-thumbnail","6":"product_cat-installation-kits","7":"product_cat-begrenzungskabel-perimeter-kabel","8":"product_tag-begrenzungskabel-rasenroboter","9":"product_tag-begrenzungskabel-bosscom","10":"product_tag-begrenzungskabel-bossmow","11":"product_tag-safety-begrenzungskabel","12":"product_tag-schleifenkabel-bosscom","13":"product_tag-sicherheits-begrenzungskabel","14":"product_tag-schleifenkabel-bossmow","15":"product_tag-begrenzungskabel-robust","16":"product_tag-begrenzungskabel-extrem","17":"product_tag-begrenzungskabel-stabil","18":"product_tag-bosscom","19":"product_tag-schleifenkabel-stabil","20":"product_tag-bossmow","21":"product_tag-schleifenkabel-robust","22":"product_tag-schleifenkabel","23":"product_tag-begrenzungskabel-maehroboter","25":"first","26":"instock","27":"sale","28":"taxable","29":"shipping-taxable","30":"purchasable","31":"product-type-simple"},"yoast_head":"<!-- This site is optimized with the Yoast SEO plugin v27.4 - https:\/\/yoast.com\/product\/yoast-seo-wordpress\/ -->\n<title>Begrenzungskabel Safety Bissschutz 250 m 3,6 mm - Gartentechnik Scheerer<\/title>\n<meta name=\"robots\" content=\"index, follow, max-snippet:-1, max-image-preview:large, max-video-preview:-1\" \/>\n<link rel=\"canonical\" href=\"https:\/\/www.alfred-scheerer.de\/shop\/product\/begrenzungskabel-safety-250-m\/\" \/>\n<meta property=\"og:locale\" content=\"de_DE\" \/>\n<meta property=\"og:type\" content=\"article\" \/>\n<meta property=\"og:title\" content=\"Begrenzungskabel Safety Bissschutz 250 m 3,6 mm - Gartentechnik Scheerer\" \/>\n<meta property=\"og:description\" content=\"Sehr Robustes Profi Sicherheits-Begrenzungskabel mit Bissschutz. Aluminiumlitze, PE ummantelt, Farbe gelb oder gr\u00fcn je nach Verf\u00fcgbarkeit L\u00e4nge 250 m   UV- und Mikroben best\u00e4ndige Isolation  korrosionsbest\u00e4ndig  hochwertiger dreilagigier Schutz  besonders widerstandsf\u00e4hig dank Netzgeflecht in Au\u00dfenh\u00fclle  Sch\u00fctzt in den meisten F\u00e4llen gegen Besch\u00e4digung durch Tierbisse und Gartenger\u00e4te  einwandfreie Signal\u00fcbertragung  F\u00fcr alle M\u00e4hroboter geeignet.\" \/>\n<meta property=\"og:url\" content=\"https:\/\/www.alfred-scheerer.de\/shop\/product\/begrenzungskabel-safety-250-m\/\" \/>\n<meta property=\"og:site_name\" content=\"Gartentechnik Scheerer\" \/>\n<meta property=\"article:modified_time\" content=\"2024-07-16T18:37:39+00:00\" \/>\n<meta property=\"og:image\" content=\"https:\/\/www.alfred-scheerer.de\/shop\/wp-content\/uploads\/2020\/06\/Safety-Begrenzungskabel-Extreme-Slim.jpg\" \/>\n\t<meta property=\"og:image:width\" content=\"800\" \/>\n\t<meta property=\"og:image:height\" content=\"800\" \/>\n\t<meta property=\"og:image:type\" content=\"image\/jpeg\" \/>\n<meta name=\"twitter:card\" content=\"summary_large_image\" \/>\n<script type=\"application\/ld+json\" class=\"yoast-schema-graph\">{\"@context\":\"https:\\\/\\\/schema.org\",\"@graph\":[{\"@type\":\"WebPage\",\"@id\":\"https:\\\/\\\/www.alfred-scheerer.de\\\/shop\\\/product\\\/begrenzungskabel-safety-250-m\\\/\",\"url\":\"https:\\\/\\\/www.alfred-scheerer.de\\\/shop\\\/product\\\/begrenzungskabel-safety-250-m\\\/\",\"name\":\"Begrenzungskabel Safety Bissschutz 250 m 3,6 mm - Gartentechnik Scheerer\",\"isPartOf\":{\"@id\":\"https:\\\/\\\/www.alfred-scheerer.de\\\/shop\\\/#website\"},\"primaryImageOfPage\":{\"@id\":\"https:\\\/\\\/www.alfred-scheerer.de\\\/shop\\\/product\\\/begrenzungskabel-safety-250-m\\\/#primaryimage\"},\"image\":{\"@id\":\"https:\\\/\\\/www.alfred-scheerer.de\\\/shop\\\/product\\\/begrenzungskabel-safety-250-m\\\/#primaryimage\"},\"thumbnailUrl\":\"https:\\\/\\\/www.alfred-scheerer.de\\\/shop\\\/wp-content\\\/uploads\\\/2020\\\/06\\\/Safety-Begrenzungskabel-Extreme-Slim.jpg\",\"datePublished\":\"2022-01-10T15:35:43+00:00\",\"dateModified\":\"2024-07-16T18:37:39+00:00\",\"breadcrumb\":{\"@id\":\"https:\\\/\\\/www.alfred-scheerer.de\\\/shop\\\/product\\\/begrenzungskabel-safety-250-m\\\/#breadcrumb\"},\"inLanguage\":\"de\",\"potentialAction\":[{\"@type\":\"ReadAction\",\"target\":[\"https:\\\/\\\/www.alfred-scheerer.de\\\/shop\\\/product\\\/begrenzungskabel-safety-250-m\\\/\"]}]},{\"@type\":\"ImageObject\",\"inLanguage\":\"de\",\"@id\":\"https:\\\/\\\/www.alfred-scheerer.de\\\/shop\\\/product\\\/begrenzungskabel-safety-250-m\\\/#primaryimage\",\"url\":\"https:\\\/\\\/www.alfred-scheerer.de\\\/shop\\\/wp-content\\\/uploads\\\/2020\\\/06\\\/Safety-Begrenzungskabel-Extreme-Slim.jpg\",\"contentUrl\":\"https:\\\/\\\/www.alfred-scheerer.de\\\/shop\\\/wp-content\\\/uploads\\\/2020\\\/06\\\/Safety-Begrenzungskabel-Extreme-Slim.jpg\",\"width\":800,\"height\":800,\"caption\":\"Bosscom extreme slim safety cable\"},{\"@type\":\"BreadcrumbList\",\"@id\":\"https:\\\/\\\/www.alfred-scheerer.de\\\/shop\\\/product\\\/begrenzungskabel-safety-250-m\\\/#breadcrumb\",\"itemListElement\":[{\"@type\":\"ListItem\",\"position\":1,\"name\":\"Startseite\",\"item\":\"https:\\\/\\\/www.alfred-scheerer.de\\\/shop\\\/\"},{\"@type\":\"ListItem\",\"position\":2,\"name\":\"Gartentechnik Scheerer &#8211; Der Online Shop f\u00fcr M\u00e4hroboter und Zubeh\u00f6r\",\"item\":\"https:\\\/\\\/www.alfred-scheerer.de\\\/shop\\\/\"},{\"@type\":\"ListItem\",\"position\":3,\"name\":\"Begrenzungskabel Safety Bissschutz 250 m 3,6 mm\"}]},{\"@type\":\"WebSite\",\"@id\":\"https:\\\/\\\/www.alfred-scheerer.de\\\/shop\\\/#website\",\"url\":\"https:\\\/\\\/www.alfred-scheerer.de\\\/shop\\\/\",\"name\":\"Scheerer GmbH (ehem. Alfred Scheerer e.K.)\",\"description\":\"Der Online Shop aus Wermelskirchen f\u00fcr M\u00e4hroboter, Akku Gartenger\u00e4te, Ersatzteile und Zubeh\u00f6r\",\"publisher\":{\"@id\":\"https:\\\/\\\/www.alfred-scheerer.de\\\/shop\\\/#organization\"},\"potentialAction\":[{\"@type\":\"SearchAction\",\"target\":{\"@type\":\"EntryPoint\",\"urlTemplate\":\"https:\\\/\\\/www.alfred-scheerer.de\\\/shop\\\/?s={search_term_string}\"},\"query-input\":{\"@type\":\"PropertyValueSpecification\",\"valueRequired\":true,\"valueName\":\"search_term_string\"}}],\"inLanguage\":\"de\"},{\"@type\":\"Organization\",\"@id\":\"https:\\\/\\\/www.alfred-scheerer.de\\\/shop\\\/#organization\",\"name\":\"Scheerer GmbH\",\"url\":\"https:\\\/\\\/www.alfred-scheerer.de\\\/shop\\\/\",\"logo\":{\"@type\":\"ImageObject\",\"inLanguage\":\"de\",\"@id\":\"https:\\\/\\\/www.alfred-scheerer.de\\\/shop\\\/#\\\/schema\\\/logo\\\/image\\\/\",\"url\":\"https:\\\/\\\/alfred-scheerer.de\\\/shop\\\/wp-content\\\/uploads\\\/2024\\\/05\\\/baum.jpg\",\"contentUrl\":\"https:\\\/\\\/alfred-scheerer.de\\\/shop\\\/wp-content\\\/uploads\\\/2024\\\/05\\\/baum.jpg\",\"width\":512,\"height\":512,\"caption\":\"Scheerer GmbH\"},\"image\":{\"@id\":\"https:\\\/\\\/www.alfred-scheerer.de\\\/shop\\\/#\\\/schema\\\/logo\\\/image\\\/\"},\"sameAs\":[\"https:\\\/\\\/www.instagram.com\\\/alfredscheerer\\\/\"]}]}<\/script>\n<!-- \/ Yoast SEO plugin. -->","yoast_head_json":{"title":"Begrenzungskabel Safety Bissschutz 250 m 3,6 mm - Gartentechnik Scheerer","robots":{"index":"index","follow":"follow","max-snippet":"max-snippet:-1","max-image-preview":"max-image-preview:large","max-video-preview":"max-video-preview:-1"},"canonical":"https:\/\/www.alfred-scheerer.de\/shop\/product\/begrenzungskabel-safety-250-m\/","og_locale":"de_DE","og_type":"article","og_title":"Begrenzungskabel Safety Bissschutz 250 m 3,6 mm - Gartentechnik Scheerer","og_description":"Sehr Robustes Profi Sicherheits-Begrenzungskabel mit Bissschutz. Aluminiumlitze, PE ummantelt, Farbe gelb oder gr\u00fcn je nach Verf\u00fcgbarkeit L\u00e4nge 250 m   UV- und Mikroben best\u00e4ndige Isolation  korrosionsbest\u00e4ndig  hochwertiger dreilagigier Schutz  besonders widerstandsf\u00e4hig dank Netzgeflecht in Au\u00dfenh\u00fclle  Sch\u00fctzt in den meisten F\u00e4llen gegen Besch\u00e4digung durch Tierbisse und Gartenger\u00e4te  einwandfreie Signal\u00fcbertragung  F\u00fcr alle M\u00e4hroboter geeignet.","og_url":"https:\/\/www.alfred-scheerer.de\/shop\/product\/begrenzungskabel-safety-250-m\/","og_site_name":"Gartentechnik Scheerer","article_modified_time":"2024-07-16T18:37:39+00:00","og_image":[{"width":800,"height":800,"url":"https:\/\/www.alfred-scheerer.de\/shop\/wp-content\/uploads\/2020\/06\/Safety-Begrenzungskabel-Extreme-Slim.jpg","type":"image\/jpeg"}],"twitter_card":"summary_large_image","schema":{"@context":"https:\/\/schema.org","@graph":[{"@type":"WebPage","@id":"https:\/\/www.alfred-scheerer.de\/shop\/product\/begrenzungskabel-safety-250-m\/","url":"https:\/\/www.alfred-scheerer.de\/shop\/product\/begrenzungskabel-safety-250-m\/","name":"Begrenzungskabel Safety Bissschutz 250 m 3,6 mm - Gartentechnik Scheerer","isPartOf":{"@id":"https:\/\/www.alfred-scheerer.de\/shop\/#website"},"primaryImageOfPage":{"@id":"https:\/\/www.alfred-scheerer.de\/shop\/product\/begrenzungskabel-safety-250-m\/#primaryimage"},"image":{"@id":"https:\/\/www.alfred-scheerer.de\/shop\/product\/begrenzungskabel-safety-250-m\/#primaryimage"},"thumbnailUrl":"https:\/\/www.alfred-scheerer.de\/shop\/wp-content\/uploads\/2020\/06\/Safety-Begrenzungskabel-Extreme-Slim.jpg","datePublished":"2022-01-10T15:35:43+00:00","dateModified":"2024-07-16T18:37:39+00:00","breadcrumb":{"@id":"https:\/\/www.alfred-scheerer.de\/shop\/product\/begrenzungskabel-safety-250-m\/#breadcrumb"},"inLanguage":"de","potentialAction":[{"@type":"ReadAction","target":["https:\/\/www.alfred-scheerer.de\/shop\/product\/begrenzungskabel-safety-250-m\/"]}]},{"@type":"ImageObject","inLanguage":"de","@id":"https:\/\/www.alfred-scheerer.de\/shop\/product\/begrenzungskabel-safety-250-m\/#primaryimage","url":"https:\/\/www.alfred-scheerer.de\/shop\/wp-content\/uploads\/2020\/06\/Safety-Begrenzungskabel-Extreme-Slim.jpg","contentUrl":"https:\/\/www.alfred-scheerer.de\/shop\/wp-content\/uploads\/2020\/06\/Safety-Begrenzungskabel-Extreme-Slim.jpg","width":800,"height":800,"caption":"Bosscom extreme slim safety cable"},{"@type":"BreadcrumbList","@id":"https:\/\/www.alfred-scheerer.de\/shop\/product\/begrenzungskabel-safety-250-m\/#breadcrumb","itemListElement":[{"@type":"ListItem","position":1,"name":"Startseite","item":"https:\/\/www.alfred-scheerer.de\/shop\/"},{"@type":"ListItem","position":2,"name":"Gartentechnik Scheerer &#8211; Der Online Shop f\u00fcr M\u00e4hroboter und Zubeh\u00f6r","item":"https:\/\/www.alfred-scheerer.de\/shop\/"},{"@type":"ListItem","position":3,"name":"Begrenzungskabel Safety Bissschutz 250 m 3,6 mm"}]},{"@type":"WebSite","@id":"https:\/\/www.alfred-scheerer.de\/shop\/#website","url":"https:\/\/www.alfred-scheerer.de\/shop\/","name":"Scheerer GmbH (ehem. Alfred Scheerer e.K.)","description":"Der Online Shop aus Wermelskirchen f\u00fcr M\u00e4hroboter, Akku Gartenger\u00e4te, Ersatzteile und Zubeh\u00f6r","publisher":{"@id":"https:\/\/www.alfred-scheerer.de\/shop\/#organization"},"potentialAction":[{"@type":"SearchAction","target":{"@type":"EntryPoint","urlTemplate":"https:\/\/www.alfred-scheerer.de\/shop\/?s={search_term_string}"},"query-input":{"@type":"PropertyValueSpecification","valueRequired":true,"valueName":"search_term_string"}}],"inLanguage":"de"},{"@type":"Organization","@id":"https:\/\/www.alfred-scheerer.de\/shop\/#organization","name":"Scheerer GmbH","url":"https:\/\/www.alfred-scheerer.de\/shop\/","logo":{"@type":"ImageObject","inLanguage":"de","@id":"https:\/\/www.alfred-scheerer.de\/shop\/#\/schema\/logo\/image\/","url":"https:\/\/alfred-scheerer.de\/shop\/wp-content\/uploads\/2024\/05\/baum.jpg","contentUrl":"https:\/\/alfred-scheerer.de\/shop\/wp-content\/uploads\/2024\/05\/baum.jpg","width":512,"height":512,"caption":"Scheerer GmbH"},"image":{"@id":"https:\/\/www.alfred-scheerer.de\/shop\/#\/schema\/logo\/image\/"},"sameAs":["https:\/\/www.instagram.com\/alfredscheerer\/"]}]}},"_links":{"self":[{"href":"https:\/\/www.alfred-scheerer.de\/shop\/wp-json\/wp\/v2\/product\/5442","targetHints":{"allow":["GET"]}}],"collection":[{"href":"https:\/\/www.alfred-scheerer.de\/shop\/wp-json\/wp\/v2\/product"}],"about":[{"href":"https:\/\/www.alfred-scheerer.de\/shop\/wp-json\/wp\/v2\/types\/product"}],"wp:featuredmedia":[{"embeddable":true,"href":"https:\/\/www.alfred-scheerer.de\/shop\/wp-json\/wp\/v2\/media\/3754"}],"wp:attachment":[{"href":"https:\/\/www.alfred-scheerer.de\/shop\/wp-json\/wp\/v2\/media?parent=5442"}],"wp:term":[{"taxonomy":"product_brand","embeddable":true,"href":"https:\/\/www.alfred-scheerer.de\/shop\/wp-json\/wp\/v2\/product_brand?post=5442"},{"taxonomy":"product_cat","embeddable":true,"href":"https:\/\/www.alfred-scheerer.de\/shop\/wp-json\/wp\/v2\/product_cat?post=5442"},{"taxonomy":"product_tag","embeddable":true,"href":"https:\/\/www.alfred-scheerer.de\/shop\/wp-json\/wp\/v2\/product_tag?post=5442"}],"curies":[{"name":"wp","href":"https:\/\/api.w.org\/{rel}","templated":true}]}}