{"id":5446,"date":"2022-01-10T17:04:15","date_gmt":"2022-01-10T16:04:15","guid":{"rendered":"https:\/\/alfred-scheerer.de\/shop\/?post_type=product&#038;p=5446"},"modified":"2025-05-27T16:11:47","modified_gmt":"2025-05-27T14:11:47","slug":"installations-kit-safety-l-bis-2-000-m%c2%b2-250-m-kabel-300-naegel-10-verbinder","status":"publish","type":"product","link":"https:\/\/www.alfred-scheerer.de\/shop\/product\/installations-kit-safety-l-bis-2-000-m%c2%b2-250-m-kabel-300-naegel-10-verbinder\/","title":{"rendered":"Installations-Kit Safety L bis 2.000 m\u00b2, 250 m Kabel, 300 N\u00e4gel, 10 Verbinder"},"content":{"rendered":"<h2>Installations-Kit Safety L M\u00e4hroboter \u2013 F\u00fcr sichere Installation auf gro\u00dfen Fl\u00e4chen<\/h2>\n<p data-start=\"354\" data-end=\"623\">Das <strong data-start=\"358\" data-end=\"403\">Installations-Kit Safety L M\u00e4hroboter<\/strong> ist die perfekte Wahl f\u00fcr alle, die bei der Verlegung ihres Begrenzungskabels auf erh\u00f6hte Sicherheit und Qualit\u00e4t setzen. Ideal geeignet f\u00fcr einfache Rasenfl\u00e4chen bis 2.000 m\u00b2 und komplexe Gartenstrukturen bis 1.000 m\u00b2.<\/p>\n<p data-start=\"625\" data-end=\"701\"><strong data-start=\"625\" data-end=\"701\">Im Lieferumfang des Installations-Kit Safety L M\u00e4hroboter enthalten:<\/strong><\/p>\n<ul>\n<li data-start=\"704\" data-end=\"747\">250 m Safety Sicherheits-Begrenzungskabel<\/li>\n<li data-start=\"750\" data-end=\"779\">300 St\u00fcck Befestigungsn\u00e4gel<\/li>\n<li data-start=\"782\" data-end=\"813\">10 St\u00fcck 3M 314 Gel-Verbinder<\/li>\n<\/ul>\n<p><strong>ausreichend f\u00fcr:<\/strong><br \/>\neinfache Rasenfl\u00e4chen bis 2.000 m\u00b2<br \/>\nkomplexe Rasenfl\u00e4chen bis 1.000 m\u00b2<\/p>\n","protected":false},"excerpt":{"rendered":"<p><strong>Installations-Kit Safety L M\u00e4hroboter<\/strong> \u2013 sicheres Verlege-Set f\u00fcr G\u00e4rten bis 2.000 m\u00b2. Mit Safety-Kabel, 300 N\u00e4geln &amp; 3M-Verbindern.<\/p>\n<p><strong>ausreichend f\u00fcr:<\/strong><br \/>\neinfache Rasenfl\u00e4chen bis 2.000 m\u00b2<br \/>\nkomplexe Rasenfl\u00e4chen bis 1.000 m\u00b2<\/p>\n","protected":false},"featured_media":11622,"template":"","meta":[],"product_brand":[],"product_cat":[308,876],"product_tag":[882,883,888,889,890,891,892,899,900,880,901,881,902],"class_list":{"0":"post-5446","1":"product","2":"type-product","3":"status-publish","4":"has-post-thumbnail","6":"product_cat-installation-kits","7":"product_cat-installations-kits","8":"product_tag-kunststoffnagel","9":"product_tag-nagel-begrenzungskabel","10":"product_tag-begrenzungskabel","11":"product_tag-perimeterkabel","12":"product_tag-maehroboter-kabel","13":"product_tag-rasenroboter-kabel","14":"product_tag-randkabel","15":"product_tag-maehroboter-installation","16":"product_tag-rasenroboter-installation","17":"product_tag-kabel-nagel","18":"product_tag-maehroboter-installieren","19":"product_tag-rasennagel","20":"product_tag-rasenroboter-installieren","22":"first","23":"instock","24":"sale","25":"taxable","26":"shipping-taxable","27":"purchasable","28":"product-type-woosb"},"yoast_head":"<!-- This site is optimized with the Yoast SEO plugin v27.5 - https:\/\/yoast.com\/product\/yoast-seo-wordpress\/ -->\n<title>Installations-Kit Safety L M\u00e4hroboter f\u00fcr Rasenfl\u00e4chen bis 2.000 m\u00b2<\/title>\n<meta name=\"description\" content=\"Installations-Kit Safety L M\u00e4hroboter f\u00fcr Rasenfl\u00e4chen bis 2.000 m\u00b2 \u2013 mit Safety-Kabel, N\u00e4geln &amp; 3M-Verbinder. F\u00fcr extra sichere Installation.\" \/>\n<meta name=\"robots\" content=\"index, follow, max-snippet:-1, max-image-preview:large, max-video-preview:-1\" \/>\n<link rel=\"canonical\" href=\"https:\/\/www.alfred-scheerer.de\/shop\/product\/installations-kit-safety-l-bis-2-000-m\u00b2-250-m-kabel-300-naegel-10-verbinder\/\" \/>\n<meta property=\"og:locale\" content=\"de_DE\" \/>\n<meta property=\"og:type\" content=\"article\" \/>\n<meta property=\"og:title\" content=\"Installations-Kit Safety L M\u00e4hroboter f\u00fcr Rasenfl\u00e4chen bis 2.000 m\u00b2\" \/>\n<meta property=\"og:description\" content=\"Installations-Kit Safety L M\u00e4hroboter f\u00fcr Rasenfl\u00e4chen bis 2.000 m\u00b2 \u2013 mit Safety-Kabel, N\u00e4geln &amp; 3M-Verbinder. F\u00fcr extra sichere Installation.\" \/>\n<meta property=\"og:url\" content=\"https:\/\/www.alfred-scheerer.de\/shop\/product\/installations-kit-safety-l-bis-2-000-m\u00b2-250-m-kabel-300-naegel-10-verbinder\/\" \/>\n<meta property=\"og:site_name\" content=\"Gartentechnik Scheerer\" \/>\n<meta property=\"article:modified_time\" content=\"2025-05-27T14:11:47+00:00\" \/>\n<meta property=\"og:image\" content=\"https:\/\/www.alfred-scheerer.de\/shop\/wp-content\/uploads\/2020\/04\/Installations_kit_Safety.jpg\" \/>\n\t<meta property=\"og:image:width\" content=\"800\" \/>\n\t<meta property=\"og:image:height\" content=\"800\" \/>\n\t<meta property=\"og:image:type\" content=\"image\/jpeg\" \/>\n<meta name=\"twitter:card\" content=\"summary_large_image\" \/>\n<script type=\"application\/ld+json\" class=\"yoast-schema-graph\">{\"@context\":\"https:\\\/\\\/schema.org\",\"@graph\":[{\"@type\":\"WebPage\",\"@id\":\"https:\\\/\\\/www.alfred-scheerer.de\\\/shop\\\/product\\\/installations-kit-safety-l-bis-2-000-m%c2%b2-250-m-kabel-300-naegel-10-verbinder\\\/\",\"url\":\"https:\\\/\\\/www.alfred-scheerer.de\\\/shop\\\/product\\\/installations-kit-safety-l-bis-2-000-m%c2%b2-250-m-kabel-300-naegel-10-verbinder\\\/\",\"name\":\"Installations-Kit Safety L M\u00e4hroboter f\u00fcr Rasenfl\u00e4chen bis 2.000 m\u00b2\",\"isPartOf\":{\"@id\":\"https:\\\/\\\/www.alfred-scheerer.de\\\/shop\\\/#website\"},\"primaryImageOfPage\":{\"@id\":\"https:\\\/\\\/www.alfred-scheerer.de\\\/shop\\\/product\\\/installations-kit-safety-l-bis-2-000-m%c2%b2-250-m-kabel-300-naegel-10-verbinder\\\/#primaryimage\"},\"image\":{\"@id\":\"https:\\\/\\\/www.alfred-scheerer.de\\\/shop\\\/product\\\/installations-kit-safety-l-bis-2-000-m%c2%b2-250-m-kabel-300-naegel-10-verbinder\\\/#primaryimage\"},\"thumbnailUrl\":\"https:\\\/\\\/www.alfred-scheerer.de\\\/shop\\\/wp-content\\\/uploads\\\/2020\\\/04\\\/Installations_kit_Safety.jpg\",\"datePublished\":\"2022-01-10T16:04:15+00:00\",\"dateModified\":\"2025-05-27T14:11:47+00:00\",\"description\":\"Installations-Kit Safety L M\u00e4hroboter f\u00fcr Rasenfl\u00e4chen bis 2.000 m\u00b2 \u2013 mit Safety-Kabel, N\u00e4geln & 3M-Verbinder. F\u00fcr extra sichere Installation.\",\"breadcrumb\":{\"@id\":\"https:\\\/\\\/www.alfred-scheerer.de\\\/shop\\\/product\\\/installations-kit-safety-l-bis-2-000-m%c2%b2-250-m-kabel-300-naegel-10-verbinder\\\/#breadcrumb\"},\"inLanguage\":\"de\",\"potentialAction\":[{\"@type\":\"ReadAction\",\"target\":[\"https:\\\/\\\/www.alfred-scheerer.de\\\/shop\\\/product\\\/installations-kit-safety-l-bis-2-000-m%c2%b2-250-m-kabel-300-naegel-10-verbinder\\\/\"]}]},{\"@type\":\"ImageObject\",\"inLanguage\":\"de\",\"@id\":\"https:\\\/\\\/www.alfred-scheerer.de\\\/shop\\\/product\\\/installations-kit-safety-l-bis-2-000-m%c2%b2-250-m-kabel-300-naegel-10-verbinder\\\/#primaryimage\",\"url\":\"https:\\\/\\\/www.alfred-scheerer.de\\\/shop\\\/wp-content\\\/uploads\\\/2020\\\/04\\\/Installations_kit_Safety.jpg\",\"contentUrl\":\"https:\\\/\\\/www.alfred-scheerer.de\\\/shop\\\/wp-content\\\/uploads\\\/2020\\\/04\\\/Installations_kit_Safety.jpg\",\"width\":800,\"height\":800},{\"@type\":\"BreadcrumbList\",\"@id\":\"https:\\\/\\\/www.alfred-scheerer.de\\\/shop\\\/product\\\/installations-kit-safety-l-bis-2-000-m%c2%b2-250-m-kabel-300-naegel-10-verbinder\\\/#breadcrumb\",\"itemListElement\":[{\"@type\":\"ListItem\",\"position\":1,\"name\":\"Startseite\",\"item\":\"https:\\\/\\\/www.alfred-scheerer.de\\\/shop\\\/\"},{\"@type\":\"ListItem\",\"position\":2,\"name\":\"Gartentechnik Scheerer &#8211; Der Online Shop f\u00fcr M\u00e4hroboter und Zubeh\u00f6r\",\"item\":\"https:\\\/\\\/www.alfred-scheerer.de\\\/shop\\\/\"},{\"@type\":\"ListItem\",\"position\":3,\"name\":\"Installations-Kit Safety L bis 2.000 m\u00b2, 250 m Kabel, 300 N\u00e4gel, 10 Verbinder\"}]},{\"@type\":\"WebSite\",\"@id\":\"https:\\\/\\\/www.alfred-scheerer.de\\\/shop\\\/#website\",\"url\":\"https:\\\/\\\/www.alfred-scheerer.de\\\/shop\\\/\",\"name\":\"Scheerer GmbH (ehem. Alfred Scheerer e.K.)\",\"description\":\"Der Online Shop aus Wermelskirchen f\u00fcr M\u00e4hroboter, Akku Gartenger\u00e4te, Ersatzteile und Zubeh\u00f6r\",\"publisher\":{\"@id\":\"https:\\\/\\\/www.alfred-scheerer.de\\\/shop\\\/#organization\"},\"potentialAction\":[{\"@type\":\"SearchAction\",\"target\":{\"@type\":\"EntryPoint\",\"urlTemplate\":\"https:\\\/\\\/www.alfred-scheerer.de\\\/shop\\\/?s={search_term_string}\"},\"query-input\":{\"@type\":\"PropertyValueSpecification\",\"valueRequired\":true,\"valueName\":\"search_term_string\"}}],\"inLanguage\":\"de\"},{\"@type\":\"Organization\",\"@id\":\"https:\\\/\\\/www.alfred-scheerer.de\\\/shop\\\/#organization\",\"name\":\"Scheerer GmbH\",\"url\":\"https:\\\/\\\/www.alfred-scheerer.de\\\/shop\\\/\",\"logo\":{\"@type\":\"ImageObject\",\"inLanguage\":\"de\",\"@id\":\"https:\\\/\\\/www.alfred-scheerer.de\\\/shop\\\/#\\\/schema\\\/logo\\\/image\\\/\",\"url\":\"https:\\\/\\\/alfred-scheerer.de\\\/shop\\\/wp-content\\\/uploads\\\/2024\\\/05\\\/baum.jpg\",\"contentUrl\":\"https:\\\/\\\/alfred-scheerer.de\\\/shop\\\/wp-content\\\/uploads\\\/2024\\\/05\\\/baum.jpg\",\"width\":512,\"height\":512,\"caption\":\"Scheerer GmbH\"},\"image\":{\"@id\":\"https:\\\/\\\/www.alfred-scheerer.de\\\/shop\\\/#\\\/schema\\\/logo\\\/image\\\/\"},\"sameAs\":[\"https:\\\/\\\/www.instagram.com\\\/alfredscheerer\\\/\"]}]}<\/script>\n<!-- \/ Yoast SEO plugin. -->","yoast_head_json":{"title":"Installations-Kit Safety L M\u00e4hroboter f\u00fcr Rasenfl\u00e4chen bis 2.000 m\u00b2","description":"Installations-Kit Safety L M\u00e4hroboter f\u00fcr Rasenfl\u00e4chen bis 2.000 m\u00b2 \u2013 mit Safety-Kabel, N\u00e4geln & 3M-Verbinder. F\u00fcr extra sichere Installation.","robots":{"index":"index","follow":"follow","max-snippet":"max-snippet:-1","max-image-preview":"max-image-preview:large","max-video-preview":"max-video-preview:-1"},"canonical":"https:\/\/www.alfred-scheerer.de\/shop\/product\/installations-kit-safety-l-bis-2-000-m\u00b2-250-m-kabel-300-naegel-10-verbinder\/","og_locale":"de_DE","og_type":"article","og_title":"Installations-Kit Safety L M\u00e4hroboter f\u00fcr Rasenfl\u00e4chen bis 2.000 m\u00b2","og_description":"Installations-Kit Safety L M\u00e4hroboter f\u00fcr Rasenfl\u00e4chen bis 2.000 m\u00b2 \u2013 mit Safety-Kabel, N\u00e4geln & 3M-Verbinder. F\u00fcr extra sichere Installation.","og_url":"https:\/\/www.alfred-scheerer.de\/shop\/product\/installations-kit-safety-l-bis-2-000-m\u00b2-250-m-kabel-300-naegel-10-verbinder\/","og_site_name":"Gartentechnik Scheerer","article_modified_time":"2025-05-27T14:11:47+00:00","og_image":[{"width":800,"height":800,"url":"https:\/\/www.alfred-scheerer.de\/shop\/wp-content\/uploads\/2020\/04\/Installations_kit_Safety.jpg","type":"image\/jpeg"}],"twitter_card":"summary_large_image","schema":{"@context":"https:\/\/schema.org","@graph":[{"@type":"WebPage","@id":"https:\/\/www.alfred-scheerer.de\/shop\/product\/installations-kit-safety-l-bis-2-000-m%c2%b2-250-m-kabel-300-naegel-10-verbinder\/","url":"https:\/\/www.alfred-scheerer.de\/shop\/product\/installations-kit-safety-l-bis-2-000-m%c2%b2-250-m-kabel-300-naegel-10-verbinder\/","name":"Installations-Kit Safety L M\u00e4hroboter f\u00fcr Rasenfl\u00e4chen bis 2.000 m\u00b2","isPartOf":{"@id":"https:\/\/www.alfred-scheerer.de\/shop\/#website"},"primaryImageOfPage":{"@id":"https:\/\/www.alfred-scheerer.de\/shop\/product\/installations-kit-safety-l-bis-2-000-m%c2%b2-250-m-kabel-300-naegel-10-verbinder\/#primaryimage"},"image":{"@id":"https:\/\/www.alfred-scheerer.de\/shop\/product\/installations-kit-safety-l-bis-2-000-m%c2%b2-250-m-kabel-300-naegel-10-verbinder\/#primaryimage"},"thumbnailUrl":"https:\/\/www.alfred-scheerer.de\/shop\/wp-content\/uploads\/2020\/04\/Installations_kit_Safety.jpg","datePublished":"2022-01-10T16:04:15+00:00","dateModified":"2025-05-27T14:11:47+00:00","description":"Installations-Kit Safety L M\u00e4hroboter f\u00fcr Rasenfl\u00e4chen bis 2.000 m\u00b2 \u2013 mit Safety-Kabel, N\u00e4geln & 3M-Verbinder. F\u00fcr extra sichere Installation.","breadcrumb":{"@id":"https:\/\/www.alfred-scheerer.de\/shop\/product\/installations-kit-safety-l-bis-2-000-m%c2%b2-250-m-kabel-300-naegel-10-verbinder\/#breadcrumb"},"inLanguage":"de","potentialAction":[{"@type":"ReadAction","target":["https:\/\/www.alfred-scheerer.de\/shop\/product\/installations-kit-safety-l-bis-2-000-m%c2%b2-250-m-kabel-300-naegel-10-verbinder\/"]}]},{"@type":"ImageObject","inLanguage":"de","@id":"https:\/\/www.alfred-scheerer.de\/shop\/product\/installations-kit-safety-l-bis-2-000-m%c2%b2-250-m-kabel-300-naegel-10-verbinder\/#primaryimage","url":"https:\/\/www.alfred-scheerer.de\/shop\/wp-content\/uploads\/2020\/04\/Installations_kit_Safety.jpg","contentUrl":"https:\/\/www.alfred-scheerer.de\/shop\/wp-content\/uploads\/2020\/04\/Installations_kit_Safety.jpg","width":800,"height":800},{"@type":"BreadcrumbList","@id":"https:\/\/www.alfred-scheerer.de\/shop\/product\/installations-kit-safety-l-bis-2-000-m%c2%b2-250-m-kabel-300-naegel-10-verbinder\/#breadcrumb","itemListElement":[{"@type":"ListItem","position":1,"name":"Startseite","item":"https:\/\/www.alfred-scheerer.de\/shop\/"},{"@type":"ListItem","position":2,"name":"Gartentechnik Scheerer &#8211; Der Online Shop f\u00fcr M\u00e4hroboter und Zubeh\u00f6r","item":"https:\/\/www.alfred-scheerer.de\/shop\/"},{"@type":"ListItem","position":3,"name":"Installations-Kit Safety L bis 2.000 m\u00b2, 250 m Kabel, 300 N\u00e4gel, 10 Verbinder"}]},{"@type":"WebSite","@id":"https:\/\/www.alfred-scheerer.de\/shop\/#website","url":"https:\/\/www.alfred-scheerer.de\/shop\/","name":"Scheerer GmbH (ehem. Alfred Scheerer e.K.)","description":"Der Online Shop aus Wermelskirchen f\u00fcr M\u00e4hroboter, Akku Gartenger\u00e4te, Ersatzteile und Zubeh\u00f6r","publisher":{"@id":"https:\/\/www.alfred-scheerer.de\/shop\/#organization"},"potentialAction":[{"@type":"SearchAction","target":{"@type":"EntryPoint","urlTemplate":"https:\/\/www.alfred-scheerer.de\/shop\/?s={search_term_string}"},"query-input":{"@type":"PropertyValueSpecification","valueRequired":true,"valueName":"search_term_string"}}],"inLanguage":"de"},{"@type":"Organization","@id":"https:\/\/www.alfred-scheerer.de\/shop\/#organization","name":"Scheerer GmbH","url":"https:\/\/www.alfred-scheerer.de\/shop\/","logo":{"@type":"ImageObject","inLanguage":"de","@id":"https:\/\/www.alfred-scheerer.de\/shop\/#\/schema\/logo\/image\/","url":"https:\/\/alfred-scheerer.de\/shop\/wp-content\/uploads\/2024\/05\/baum.jpg","contentUrl":"https:\/\/alfred-scheerer.de\/shop\/wp-content\/uploads\/2024\/05\/baum.jpg","width":512,"height":512,"caption":"Scheerer GmbH"},"image":{"@id":"https:\/\/www.alfred-scheerer.de\/shop\/#\/schema\/logo\/image\/"},"sameAs":["https:\/\/www.instagram.com\/alfredscheerer\/"]}]}},"_links":{"self":[{"href":"https:\/\/www.alfred-scheerer.de\/shop\/wp-json\/wp\/v2\/product\/5446","targetHints":{"allow":["GET"]}}],"collection":[{"href":"https:\/\/www.alfred-scheerer.de\/shop\/wp-json\/wp\/v2\/product"}],"about":[{"href":"https:\/\/www.alfred-scheerer.de\/shop\/wp-json\/wp\/v2\/types\/product"}],"wp:featuredmedia":[{"embeddable":true,"href":"https:\/\/www.alfred-scheerer.de\/shop\/wp-json\/wp\/v2\/media\/11622"}],"wp:attachment":[{"href":"https:\/\/www.alfred-scheerer.de\/shop\/wp-json\/wp\/v2\/media?parent=5446"}],"wp:term":[{"taxonomy":"product_brand","embeddable":true,"href":"https:\/\/www.alfred-scheerer.de\/shop\/wp-json\/wp\/v2\/product_brand?post=5446"},{"taxonomy":"product_cat","embeddable":true,"href":"https:\/\/www.alfred-scheerer.de\/shop\/wp-json\/wp\/v2\/product_cat?post=5446"},{"taxonomy":"product_tag","embeddable":true,"href":"https:\/\/www.alfred-scheerer.de\/shop\/wp-json\/wp\/v2\/product_tag?post=5446"}],"curies":[{"name":"wp","href":"https:\/\/api.w.org\/{rel}","templated":true}]}}